{"id":1134,"date":"2021-07-20T17:39:34","date_gmt":"2021-07-20T15:39:34","guid":{"rendered":"https:\/\/stiftadmont.at\/?page_id=1134"},"modified":"2023-03-24T12:26:40","modified_gmt":"2023-03-24T10:26:40","slug":"art-history-museum","status":"publish","type":"page","link":"https:\/\/stiftadmont.at\/en\/museum\/kunsthistorisches-museum\/","title":{"rendered":"Museum of Art History"},"content":{"rendered":"<section id='lightpress__section--block_2356ff736ec2601f3d3fc0a6b0faee4d' class='lightpress__section--default-section-space lightpress__section lightpress__section--content'><div class=\"content__inner\"\n         x-init=\"initContentBlockAnim($el)\">\n        \n    <div class=\"content__grid content__grid--fifty-fifty\">\n                                            <div class=\"content__box content__box\"\n                 style=\"\">\n                                \n                \n                                            <div class=\"prose\"><h2 class=\"heading-xxl line line--gold\">Bedeutende Exponate<\/h2>\n<p class=\"paragraph-m\">Das Kunsthistorische Museum beinhaltet bedeutende Exponate von der Romanik bis zum Rokoko, Gem\u00e4lde, Skulpturen, Textilien und viele andere Objekte aus der Paramenten \u2013 bzw. Kunstkammer der Abtei Admont. Im Eingangsbereich wird der Besucher von einer erst j\u00fcngst erworbenen Rarit\u00e4t \u201ebegr\u00fc\u00dft\u201c: Von einer gotischen Madonna mit Kind aus dem 15. Jahrhundert, geschaffen von Jakob Kaschauer.<\/p>\n<p><a class=\"admont-button admont-button--secondary\" href=\"https:\/\/discover-culture.com\/de\/partner\/benediktinerstift-admont\/touren\/kunsthistorisches-museum\/\" target=\"_blank\" rel=\"noopener\">MUSEUM DIGITAL ERLEBEN<\/a><\/p>\n<\/div>\n                    \n                            <\/div>\n        \n                                                    <div class=\"content__box content__box--2\"\n                     >\n                                        \n                    \n                                                <div class=\"content__media stickyTo\" x-init=\"imageSticky($el)\">\n\n                                                                                    <picture\n                                    class=\"content__image sticky\">\n                                <source srcset=\"https:\/\/stiftadmont.at\/wp-content\/uploads\/036_Stift-Admont_\u00a9StefanLeitner_LEI7325-e1634723850613-1024x768.webp\" type=\"image\/webp\">\n                                <source srcset=\"https:\/\/stiftadmont.at\/wp-content\/uploads\/036_Stift-Admont_\u00a9StefanLeitner_LEI7325-e1634723850613-1024x768.jpg\" type=\"image\/jpeg\">\n                                <img decoding=\"async\" class=\"sticky\" loading=\"lazy\" src=\"https:\/\/stiftadmont.at\/wp-content\/uploads\/036_Stift-Admont_\u00a9StefanLeitner_LEI7325-e1634723850613-1024x768.jpg\" alt=\"036 Stift Admont \u00a9StefanLeitner LEI7325 e1634723850613\" \/>\n\n                                                                                                                            <\/picture>\n\n                        <\/div>\n\n                                    <\/div>\n            \n            <\/div>\n<\/div>\n\n<\/section>\n\n<section id='lightpress__section--block_b9e55ad553657361680863a1c70e0d85' class='lightpress__section--default-section-space lightpress__section lightpress__section--content'><div class=\"content__inner\"\n         x-init=\"initContentBlockAnim($el)\">\n        \n    <div class=\"content__grid content__grid--fifty-fifty\">\n                                            <div class=\"content__box content__box\"\n                 style=\"\">\n                                \n                \n                                            <div class=\"prose\"><h3 class=\"heading-xl line line--gold\">Paramentenkammer<\/h3>\n<p class=\"paragraph-m\">Eindrucksvoll in Gro\u00dfvitrinen pr\u00e4sentiert sich eine j\u00e4hrlich wechselnde Auswahl an Objekten aus der Paramentenkammer des Stiftes. Unter diesen gottesdienstlichen Gew\u00e4ndern aus verschiedensten Epochen befindet sich die sogenannte Gebhardsmitra (Ende 14. Jh.) und eine Totenkasel (16. Jh.). H\u00f6hepunkt der Textilien-Sammlung ist das umfangreiche Werk des Admonter Benediktiners Benno Haan (1631-1720). Er hat f\u00fcr das Stift Admont eine F\u00fclle an liturgischen Kleidern und Ornaten geschaffen, jedes St\u00fcck von unsch\u00e4tzbarem Wert und h\u00f6chster Qualit\u00e4t. Siehe einen Beitrag zu \u201ePrachtornate von Frater Benno Haan&#8220;.<\/p>\n<\/div>\n                    \n                            <\/div>\n        \n                                                    <div class=\"content__box content__box--2\"\n                     >\n                                        \n                    \n                                                    <div class=\"prose\"><h3 class=\"heading-xl line line--red\">Objekte<\/h3>\n<p class=\"paragraph-m\">Neben den Paramentenstickereien finden sich im Kunsthistorischen Museum Glasmalereien und Tafelbilder des 15. Jahrhunderts, ein Tragaltar (1375), der Gebhardsstab mit Elfenbeinschnecke (12.\/13. Jh.), ein Abtsstab gearbeitet aus einem Narwalzahn (um 1680), die prachtvolle barocke Festmonstranz, Kelche, Brustkreuze der \u00c4bte, sowie Gem\u00e4lde bedeutender \u00f6sterreichischer Barockmaler wie Martin Johann Schmidt (\u201eKremser Schmidt\u201c), Martino und Bartolomeo Altomonte, Johann Lederwasch, u.v.m. Dem Stiftsbildhauer Josef Stammel (1695\u20131765) ist ein eigener Raum gewidmet.<\/p>\n<\/div>\n                        \n                                    <\/div>\n            \n            <\/div>\n<\/div>\n\n<\/section>\n\n<section id='lightpress__section--block_aa4e5cc819d8f47b382c170a5adeab37' class='lightpress__section--default-section-space lightpress__section lightpress__section--image-slider'>\n<div class=\"image-slider\"\n     x-data=\"{ gallery: null, shown: false }\"\n     x-init=\"gallery = initSliderGallery([{&quot;href&quot;:&quot;https:\\\/\\\/stiftadmont.at\\\/wp-content\\\/uploads\\\/Kunsthist.-Museum-c-Stefan-Leitner-e1648800884927-1920x1440.jpg&quot;,&quot;type&quot;:&quot;image&quot;},{&quot;href&quot;:&quot;https:\\\/\\\/stiftadmont.at\\\/wp-content\\\/uploads\\\/Kunsthist.-Museum-2-c-Stefan-Leitner-e1648800868985-1920x1440.jpg&quot;,&quot;type&quot;:&quot;image&quot;},{&quot;href&quot;:&quot;https:\\\/\\\/stiftadmont.at\\\/wp-content\\\/uploads\\\/Kunsthistorisches-M.-Leitner-Stefan-e1648800849213-1920x1440.jpg&quot;,&quot;type&quot;:&quot;image&quot;},{&quot;href&quot;:&quot;https:\\\/\\\/stiftadmont.at\\\/wp-content\\\/uploads\\\/Kunsthistorisches-Museum-1-c-Stefan-Leitner-e1648800759802-1920x1440.jpg&quot;,&quot;type&quot;:&quot;image&quot;}]); initImageSliderBlockAnim($el);\">\n    <div class=\"image-slider__inner\">\n\n        <div class=\"swiper-container\" x-init=\"initImageSliderBlock($el, $refs.btnPrev, $refs.btnNext)\">\n            <div class=\"swiper-wrapper\">\n                                    <div class=\"swiper-slide\">\n                        <div class=\"image-slider__media\">\n                            <img decoding=\"async\" class=\"image-slider__image\"\n                                 src=\"https:\/\/stiftadmont.at\/wp-content\/uploads\/Kunsthist.-Museum-c-Stefan-Leitner-e1648800884927-768x576.jpg\"\n                                 alt=\"Stift Admont - Kunsthistorisches Museum (c) Stefan Leitner\">\n                        <\/div>\n                    <\/div>\n                                    <div class=\"swiper-slide\">\n                        <div class=\"image-slider__media\">\n                            <img decoding=\"async\" class=\"image-slider__image\"\n                                 src=\"https:\/\/stiftadmont.at\/wp-content\/uploads\/Kunsthist.-Museum-2-c-Stefan-Leitner-e1648800868985-768x576.jpg\"\n                                 alt=\"Stift Admont - Kunsthistorisches Museum \u00a9 Stefan Leitner\">\n                        <\/div>\n                    <\/div>\n                                    <div class=\"swiper-slide\">\n                        <div class=\"image-slider__media\">\n                            <img decoding=\"async\" class=\"image-slider__image\"\n                                 src=\"https:\/\/stiftadmont.at\/wp-content\/uploads\/Kunsthistorisches-M.-Leitner-Stefan-e1648800849213-768x576.jpg\"\n                                 alt=\"Stift Admont - Kunsthistorisches Museum \u00a9 Stefan Leitner\">\n                        <\/div>\n                    <\/div>\n                                    <div class=\"swiper-slide\">\n                        <div class=\"image-slider__media\">\n                            <img decoding=\"async\" class=\"image-slider__image\"\n                                 src=\"https:\/\/stiftadmont.at\/wp-content\/uploads\/Kunsthistorisches-Museum-1-c-Stefan-Leitner-e1648800759802-768x576.jpg\"\n                                 alt=\"Stift Admont - Kunsthistorisches Museum \u00a9 Stefan Leitner\">\n                        <\/div>\n                    <\/div>\n                            <\/div>\n\n            <div class=\"swiper-nav-wrapper\">\n                <button class=\"swiper-button-prev slider-button--prev\" x-ref=\"btnPrev\"\n                        aria-label=\"Vorige Bilder anzeigen\">\n                    <img decoding=\"async\" src=\"\/wp-content\/themes\/stift-admont\/src\/assets\/img\/arrow-left-big-new.svg\" alt=\"Pfeil nach Links\">\n                <\/button>\n\n\n                <a class=\"image-slider__gallery\" @click=\"openGallery(gallery)\"><i class=\"fa-thin fa-plus\"><\/i><\/a>\n                <button class=\"swiper-button-next slider-button--next\"\n                        x-ref=\"btnNext\"\n                        aria-label=\"N\u00e4chste Bilder anzeigen\">\n                    <img decoding=\"async\" src=\"\/wp-content\/themes\/stift-admont\/src\/assets\/img\/arrow-right-big-new.svg\" alt=\"Pfeil nach Rechts\">\n                <\/button>\n            <\/div>\n        <\/div>\n    <\/div>\n\n\n<\/div><\/section>","protected":false},"excerpt":{"rendered":"","protected":false},"author":7,"featured_media":0,"parent":457,"menu_order":3,"comment_status":"closed","ping_status":"closed","template":"","meta":{"_acf_changed":false,"footnotes":""},"categories":[],"class_list":["post-1134","page","type-page","status-publish","hentry"],"acf":[],"yoast_head":"<!-- This site is optimized with the Yoast SEO Premium plugin v26.0 (Yoast SEO v26.8) - https:\/\/yoast.com\/product\/yoast-seo-premium-wordpress\/ -->\n<title>Kunsthistorisches Museum - Stift Admont<\/title>\n<meta name=\"robots\" content=\"index, follow, max-snippet:-1, max-image-preview:large, max-video-preview:-1\" \/>\n<link rel=\"canonical\" href=\"https:\/\/stiftadmont.at\/en\/museum\/art-history-museum\/\" \/>\n<meta property=\"og:locale\" content=\"en_GB\" \/>\n<meta property=\"og:type\" content=\"article\" \/>\n<meta property=\"og:title\" content=\"Kunsthistorisches Museum\" \/>\n<meta property=\"og:url\" content=\"https:\/\/stiftadmont.at\/en\/museum\/art-history-museum\/\" \/>\n<meta property=\"og:site_name\" content=\"Stift Admont\" \/>\n<meta property=\"article:modified_time\" content=\"2023-03-24T10:26:40+00:00\" \/>\n<meta property=\"og:image\" content=\"https:\/\/stiftadmont.at\/wp-content\/uploads\/Klosteranlage-innen.jpg\" \/>\n\t<meta property=\"og:image:width\" content=\"1912\" \/>\n\t<meta property=\"og:image:height\" content=\"1188\" \/>\n\t<meta property=\"og:image:type\" content=\"image\/jpeg\" \/>\n<meta name=\"twitter:card\" content=\"summary_large_image\" \/>\n<script type=\"application\/ld+json\" class=\"yoast-schema-graph\">{\"@context\":\"https:\/\/schema.org\",\"@graph\":[{\"@type\":\"WebPage\",\"@id\":\"https:\/\/stiftadmont.at\/museum\/kunsthistorisches-museum\/\",\"url\":\"https:\/\/stiftadmont.at\/museum\/kunsthistorisches-museum\/\",\"name\":\"Kunsthistorisches Museum - Stift Admont\",\"isPartOf\":{\"@id\":\"https:\/\/stiftadmont.at\/#website\"},\"datePublished\":\"2021-07-20T15:39:34+00:00\",\"dateModified\":\"2023-03-24T10:26:40+00:00\",\"breadcrumb\":{\"@id\":\"https:\/\/stiftadmont.at\/museum\/kunsthistorisches-museum\/#breadcrumb\"},\"inLanguage\":\"en-GB\",\"potentialAction\":[{\"@type\":\"ReadAction\",\"target\":[\"https:\/\/stiftadmont.at\/museum\/kunsthistorisches-museum\/\"]}]},{\"@type\":\"BreadcrumbList\",\"@id\":\"https:\/\/stiftadmont.at\/museum\/kunsthistorisches-museum\/#breadcrumb\",\"itemListElement\":[{\"@type\":\"ListItem\",\"position\":1,\"name\":\"Start\",\"item\":\"https:\/\/stiftadmont.at\/\"},{\"@type\":\"ListItem\",\"position\":2,\"name\":\"Museum Stift Admont\",\"item\":\"https:\/\/stiftadmont.at\/museum\/\"},{\"@type\":\"ListItem\",\"position\":3,\"name\":\"Kunsthistorisches Museum\"}]},{\"@type\":\"WebSite\",\"@id\":\"https:\/\/stiftadmont.at\/#website\",\"url\":\"https:\/\/stiftadmont.at\/\",\"name\":\"Stift Admont\",\"description\":\"Benediktinerkloster und Sehensw\u00fcrdigkeit im Ges\u00e4use\",\"potentialAction\":[{\"@type\":\"SearchAction\",\"target\":{\"@type\":\"EntryPoint\",\"urlTemplate\":\"https:\/\/stiftadmont.at\/?s={search_term_string}\"},\"query-input\":{\"@type\":\"PropertyValueSpecification\",\"valueRequired\":true,\"valueName\":\"search_term_string\"}}],\"inLanguage\":\"en-GB\"}]}<\/script>\n<!-- \/ Yoast SEO Premium plugin. -->","yoast_head_json":{"title":"Museum of Art History - Admont Abbey","robots":{"index":"index","follow":"follow","max-snippet":"max-snippet:-1","max-image-preview":"max-image-preview:large","max-video-preview":"max-video-preview:-1"},"canonical":"https:\/\/stiftadmont.at\/en\/museum\/art-history-museum\/","og_locale":"en_GB","og_type":"article","og_title":"Kunsthistorisches Museum","og_url":"https:\/\/stiftadmont.at\/en\/museum\/art-history-museum\/","og_site_name":"Stift Admont","article_modified_time":"2023-03-24T10:26:40+00:00","og_image":[{"width":1912,"height":1188,"url":"https:\/\/stiftadmont.at\/wp-content\/uploads\/Klosteranlage-innen.jpg","type":"image\/jpeg"}],"twitter_card":"summary_large_image","schema":{"@context":"https:\/\/schema.org","@graph":[{"@type":"WebPage","@id":"https:\/\/stiftadmont.at\/museum\/kunsthistorisches-museum\/","url":"https:\/\/stiftadmont.at\/museum\/kunsthistorisches-museum\/","name":"Museum of Art History - Admont Abbey","isPartOf":{"@id":"https:\/\/stiftadmont.at\/#website"},"datePublished":"2021-07-20T15:39:34+00:00","dateModified":"2023-03-24T10:26:40+00:00","breadcrumb":{"@id":"https:\/\/stiftadmont.at\/museum\/kunsthistorisches-museum\/#breadcrumb"},"inLanguage":"en-GB","potentialAction":[{"@type":"ReadAction","target":["https:\/\/stiftadmont.at\/museum\/kunsthistorisches-museum\/"]}]},{"@type":"BreadcrumbList","@id":"https:\/\/stiftadmont.at\/museum\/kunsthistorisches-museum\/#breadcrumb","itemListElement":[{"@type":"ListItem","position":1,"name":"Start","item":"https:\/\/stiftadmont.at\/"},{"@type":"ListItem","position":2,"name":"Museum Stift Admont","item":"https:\/\/stiftadmont.at\/museum\/"},{"@type":"ListItem","position":3,"name":"Kunsthistorisches Museum"}]},{"@type":"WebSite","@id":"https:\/\/stiftadmont.at\/#website","url":"https:\/\/stiftadmont.at\/","name":"Admont Abbey","description":"Benedictine monastery and tourist attraction in the Ges\u00e4use","potentialAction":[{"@type":"SearchAction","target":{"@type":"EntryPoint","urlTemplate":"https:\/\/stiftadmont.at\/?s={search_term_string}"},"query-input":{"@type":"PropertyValueSpecification","valueRequired":true,"valueName":"search_term_string"}}],"inLanguage":"en-GB"}]}},"_links":{"self":[{"href":"https:\/\/stiftadmont.at\/en\/wp-json\/wp\/v2\/pages\/1134","targetHints":{"allow":["GET"]}}],"collection":[{"href":"https:\/\/stiftadmont.at\/en\/wp-json\/wp\/v2\/pages"}],"about":[{"href":"https:\/\/stiftadmont.at\/en\/wp-json\/wp\/v2\/types\/page"}],"author":[{"embeddable":true,"href":"https:\/\/stiftadmont.at\/en\/wp-json\/wp\/v2\/users\/7"}],"replies":[{"embeddable":true,"href":"https:\/\/stiftadmont.at\/en\/wp-json\/wp\/v2\/comments?post=1134"}],"version-history":[{"count":42,"href":"https:\/\/stiftadmont.at\/en\/wp-json\/wp\/v2\/pages\/1134\/revisions"}],"predecessor-version":[{"id":17492,"href":"https:\/\/stiftadmont.at\/en\/wp-json\/wp\/v2\/pages\/1134\/revisions\/17492"}],"up":[{"embeddable":true,"href":"https:\/\/stiftadmont.at\/en\/wp-json\/wp\/v2\/pages\/457"}],"wp:attachment":[{"href":"https:\/\/stiftadmont.at\/en\/wp-json\/wp\/v2\/media?parent=1134"}],"wp:term":[{"taxonomy":"category","embeddable":true,"href":"https:\/\/stiftadmont.at\/en\/wp-json\/wp\/v2\/categories?post=1134"}],"curies":[{"name":"wp","href":"https:\/\/api.w.org\/{rel}","templated":true}]}}