{"id":13092,"date":"2022-06-14T09:43:40","date_gmt":"2022-06-14T07:43:40","guid":{"rendered":"https:\/\/stiftadmont.at\/?page_id=13092"},"modified":"2026-03-10T15:36:02","modified_gmt":"2026-03-10T13:36:02","slug":"current-exhibitions","status":"publish","type":"page","link":"https:\/\/stiftadmont.at\/en\/aktuelle-ausstellungen\/","title":{"rendered":"Current Exhibitions"},"content":{"rendered":"<section id='lightpress__section--block_ded0401a1dd5160cb65eae310be31688' class='align-center lightpress__section--default-section-space lightpress__section lightpress__section--headline'><div class=\"headline__container\">\n            <p class=\"headline text--40 text-medium line line--gold line-above line-middle\">The variety of exhibitions at Admont Abbey Museum<\/p>\n        <p class=\"text-center text-gold text--20 text-medium text--uppercase\">Below you will find an overview of the current (special) exhibitions<\/p>\n        <div class=\"spacer--40\"><\/div>\n<\/div>\n\n<\/section>\n\n<section id='lightpress__section--block_8e1bac86ee9a34c70ba97f204c7bc7a8' class='lightpress__section--more-links--950 lightpress__section--full-width lightpress__section--default-section-space lightpress__section lightpress__section--more-links'><div class=\"more\" x-init=\"initMoreLinksBlockAnim($el)\">\n            <style>\n            #lightpress__section--block_8e1bac86ee9a34c70ba97f204c7bc7a8 .more {\n                --entry-width: calc(100% \/ 4 - var(--grid-gap) * 4);\n                grid-template-columns: repeat(auto-fit, minmax(max(var(--entry-width),50rem), 1fr));\n            }\n        <\/style>\n    \n                    <a class=\"more__link\" href=\"https:\/\/stiftadmont.at\/en\/current-exhibitions\/admont-art-treasures-newly-presented\/\">\n            <div class=\"more__media\">\n                                    <picture class=\"more__image\">\n                        <source srcset=\"https:\/\/stiftadmont.at\/wp-content\/uploads\/Stift-Admont-KHM-Gotik-GWK-\u00a9-Michael-Braunsteiner-5-1024x683.webp\" type=\"image\/webp\">\n                        <source srcset=\"https:\/\/stiftadmont.at\/wp-content\/uploads\/Stift-Admont-KHM-Gotik-GWK-\u00a9-Michael-Braunsteiner-5-1024x683.jpg\" type=\"image\/jpeg\">\n                        <img decoding=\"async\" loading=\"lazy\" src=\"https:\/\/stiftadmont.at\/wp-content\/uploads\/Stift-Admont-KHM-Gotik-GWK-\u00a9-Michael-Braunsteiner-5-1024x683.jpg\" alt=\"Admont Abbey KHM Gothic GWK \u00a9 Michael Braunsteiner 5\" \/>\n                    <\/picture>\n                            <\/div>\n            <div class=\"more__content\">\n                <div class=\"more__title--container\">\n                                                                        <p class=\"text-white\">from 19 March to 01 November 2026<\/p>\n                        \n                                                                            \n                        <p class=\"text-bold text-white text--serif text--26\">ADMONT ART TREASURES NEWLY PRESENTED<\/p>\n                                                    <p class=\"text-white text--26\">Kunsthistorisches Museum (ground floor)<\/p>\n                                                            <\/div>\n                                    <div class=\"more__cta\">\n                        <i class=\"fa-thin fa-chevron-right\"><\/i>\n                    <\/div>\n                            <\/div>\n        <\/a>\n                    <a class=\"more__link\" href=\"https:\/\/stiftadmont.at\/en\/950-years-of-admont-abbey\/jubilee-exhibition-2024\/\">\n            <div class=\"more__media\">\n                                    <picture class=\"more__image\">\n                        <source srcset=\"https:\/\/stiftadmont.at\/wp-content\/uploads\/Jubilaeumsausstellung-2024-1024x763.webp\" type=\"image\/webp\">\n                        <source srcset=\"https:\/\/stiftadmont.at\/wp-content\/uploads\/Jubilaeumsausstellung-2024-1024x763.jpg\" type=\"image\/jpeg\">\n                        <img decoding=\"async\" loading=\"lazy\" src=\"https:\/\/stiftadmont.at\/wp-content\/uploads\/Jubilaeumsausstellung-2024-1024x763.jpg\" alt=\"Anniversary exhibition 2024\" \/>\n                    <\/picture>\n                            <\/div>\n            <div class=\"more__content\">\n                <div class=\"more__title--container\">\n                                                                        <p class=\"text-white\">from 19 March to 01 November 2026<\/p>\n                        \n                                                                            \n                        <p class=\"text-bold text-white text--serif text--26\">Admont 1074 - A Journey Through the History of the Monastery<\/p>\n                                                    <p class=\"text-white text--26\">Special exhibition (1st floor)<\/p>\n                                                            <\/div>\n                                    <div class=\"more__cta\">\n                        <i class=\"fa-thin fa-chevron-right\"><\/i>\n                    <\/div>\n                            <\/div>\n        <\/a>\n                    <a class=\"more__link\" href=\"https:\/\/stiftadmont.at\/en\/contemporary-art-in-old-walls-2026\/\">\n            <div class=\"more__media\">\n                                    <picture class=\"more__image\">\n                        <source srcset=\"https:\/\/stiftadmont.at\/wp-content\/uploads\/Schwarz_verletzt-1024x687.webp\" type=\"image\/webp\">\n                        <source srcset=\"https:\/\/stiftadmont.at\/wp-content\/uploads\/Schwarz_verletzt-1024x687.jpg\" type=\"image\/jpeg\">\n                        <img decoding=\"async\" loading=\"lazy\" src=\"https:\/\/stiftadmont.at\/wp-content\/uploads\/Schwarz_verletzt-1024x687.png\" alt=\"Black injured\" \/>\n                    <\/picture>\n                            <\/div>\n            <div class=\"more__content\">\n                <div class=\"more__title--container\">\n                                                                        <p class=\"text-white\">from 19 March to 01 November 2026<\/p>\n                        \n                                                                            \n                        <p class=\"text-bold text-white text--serif text--26\">Injured. Hannes Schwarz in the collection of Admont Abbey<\/p>\n                                                    <p class=\"text-white text--26\">Museum of Contemporary Art (2nd floor)<\/p>\n                                                            <\/div>\n                                    <div class=\"more__cta\">\n                        <i class=\"fa-thin fa-chevron-right\"><\/i>\n                    <\/div>\n                            <\/div>\n        <\/a>\n                    <a class=\"more__link\" href=\"https:\/\/stiftadmont.at\/en\/contemporary-art-in-old-walls-2026\/\">\n            <div class=\"more__media\">\n                                    <picture class=\"more__image\">\n                        <source srcset=\"https:\/\/stiftadmont.at\/wp-content\/uploads\/Pillhofer_liegender-Mann-1024x810.webp\" type=\"image\/webp\">\n                        <source srcset=\"https:\/\/stiftadmont.at\/wp-content\/uploads\/Pillhofer_liegender-Mann-1024x810.jpg\" type=\"image\/jpeg\">\n                        <img decoding=\"async\" loading=\"lazy\" src=\"https:\/\/stiftadmont.at\/wp-content\/uploads\/Pillhofer_liegender-Mann-1024x810.png\" alt=\"Pillhofer lying man\" \/>\n                    <\/picture>\n                            <\/div>\n            <div class=\"more__content\">\n                <div class=\"more__title--container\">\n                                                                        <p class=\"text-white\">from 19 March to 01 November 2026<\/p>\n                        \n                                                                            \n                        <p class=\"text-bold text-white text--serif text--26\">Josef Pillhofer. Between abstraction and figuration<\/p>\n                                                    <p class=\"text-white text--26\">Museum of Contemporary Art (2nd floor)<\/p>\n                                                            <\/div>\n                                    <div class=\"more__cta\">\n                        <i class=\"fa-thin fa-chevron-right\"><\/i>\n                    <\/div>\n                            <\/div>\n        <\/a>\n                    <a class=\"more__link\" href=\"https:\/\/stiftadmont.at\/en\/annual-programme-2026\/\">\n            <div class=\"more__media\">\n                                    <picture class=\"more__image\">\n                        <source srcset=\"https:\/\/stiftadmont.at\/wp-content\/uploads\/Bibliothek-klein-1024x726.webp\" type=\"image\/webp\">\n                        <source srcset=\"https:\/\/stiftadmont.at\/wp-content\/uploads\/Bibliothek-klein-1024x726.jpg\" type=\"image\/jpeg\">\n                        <img decoding=\"async\" loading=\"lazy\" src=\"https:\/\/stiftadmont.at\/wp-content\/uploads\/Bibliothek-klein-1024x726.jpg\" alt=\"Admont Abbey - the world&#039;s largest monastery library \u00a9 Stefan Leitner\" \/>\n                    <\/picture>\n                            <\/div>\n            <div class=\"more__content\">\n                <div class=\"more__title--container\">\n                                            \n                                                                            \n                        <p class=\"text-bold text-white text--serif text--26\">Annual programme 2026<\/p>\n                                                            <\/div>\n                                    <div class=\"more__cta\">\n                        <i class=\"fa-thin fa-chevron-right\"><\/i>\n                    <\/div>\n                            <\/div>\n        <\/a>\n    \n<\/div>\n\n<\/section>\n\n<section id='lightpress__section--block_4a640f783b4773dba6804228c23c342a' class='align-center lightpress__section--default-section-space lightpress__section lightpress__section--headline'><div class=\"headline__container\">\n            <p class=\"headline text--40 text-medium line line--gold line-above line-middle\">A look back at 23 years of Admont Abbey Museum<\/p>\n        <p class=\"text-center text-gold text--20 text-medium text--uppercase\">The museum was opened in 2003. Below you will find an exhibition review of the last 23 years<\/p>\n        <div class=\"spacer--40\"><\/div>\n<\/div>\n\n<\/section>\n\n<section id='lightpress__section--block_44cf135252f824596f51d1d5dd0da769' class='lightpress__section--default-section-space lightpress__section lightpress__section--content'><div class=\"content__inner\"\n         x-init=\"initContentBlockAnim($el)\">\n        \n    <div class=\"content__grid content__grid\">\n                                            <div class=\"content__box content__box--one-hundred\"\n                 style=\"\">\n                                \n                \n                                            <div class=\"prose\"><p class=\"text-center\"><a class=\"admont-button admont-button--secondary\" title=\"23 years museum\" href=\"https:\/\/stiftadmont.at\/en\/21-years-of-the-admont-abbey-museum\/\">23 years museum<\/a> <a class=\"admont-button admont-button--secondary\" href=\"https:\/\/stiftadmont.at\/en\/museum\/exhibition-review\/\">Exhibition review<\/a><\/p>\n<\/div>\n                    \n                            <\/div>\n        \n            <\/div>\n<\/div>\n\n<\/section>","protected":false},"excerpt":{"rendered":"","protected":false},"author":7,"featured_media":39253,"parent":0,"menu_order":72,"comment_status":"closed","ping_status":"closed","template":"","meta":{"_acf_changed":false,"footnotes":""},"categories":[],"class_list":["post-13092","page","type-page","status-publish","has-post-thumbnail","hentry"],"acf":[],"yoast_head":"<!-- This site is optimized with the Yoast SEO Premium plugin v26.0 (Yoast SEO v26.8) - https:\/\/yoast.com\/product\/yoast-seo-premium-wordpress\/ -->\n<title>Aktuelle Ausstellungen - Stift Admont<\/title>\n<meta name=\"description\" content=\"Das Museum des 1074 gegr\u00fcndeten Stiftes Admont kann in seiner heutigen Form auf eine 20-j\u00e4hrige Erfolgsgeschichte zur\u00fcckblicken.\" \/>\n<meta name=\"robots\" content=\"index, follow, max-snippet:-1, max-image-preview:large, max-video-preview:-1\" \/>\n<link rel=\"canonical\" href=\"https:\/\/stiftadmont.at\/en\/current-exhibitions\/\" \/>\n<meta property=\"og:locale\" content=\"en_GB\" \/>\n<meta property=\"og:type\" content=\"article\" \/>\n<meta property=\"og:title\" content=\"Aktuelle Ausstellungen\" \/>\n<meta property=\"og:description\" content=\"Das Museum des 1074 gegr\u00fcndeten Stiftes Admont kann in seiner heutigen Form auf eine 20-j\u00e4hrige Erfolgsgeschichte zur\u00fcckblicken.\" \/>\n<meta property=\"og:url\" content=\"https:\/\/stiftadmont.at\/en\/current-exhibitions\/\" \/>\n<meta property=\"og:site_name\" content=\"Stift Admont\" \/>\n<meta property=\"article:modified_time\" content=\"2026-03-10T13:36:02+00:00\" \/>\n<meta property=\"og:image\" content=\"https:\/\/stiftadmont.at\/wp-content\/uploads\/Schwarz_verletzt-1024x687.png\" \/>\n\t<meta property=\"og:image:width\" content=\"1024\" \/>\n\t<meta property=\"og:image:height\" content=\"687\" \/>\n\t<meta property=\"og:image:type\" content=\"image\/png\" \/>\n<meta name=\"twitter:card\" content=\"summary_large_image\" \/>\n<meta name=\"twitter:label1\" content=\"Estimated reading time\" \/>\n\t<meta name=\"twitter:data1\" content=\"1 minute\" \/>\n<script type=\"application\/ld+json\" class=\"yoast-schema-graph\">{\"@context\":\"https:\/\/schema.org\",\"@graph\":[{\"@type\":\"WebPage\",\"@id\":\"https:\/\/stiftadmont.at\/aktuelle-ausstellungen\/\",\"url\":\"https:\/\/stiftadmont.at\/aktuelle-ausstellungen\/\",\"name\":\"Aktuelle Ausstellungen - Stift Admont\",\"isPartOf\":{\"@id\":\"https:\/\/stiftadmont.at\/#website\"},\"primaryImageOfPage\":{\"@id\":\"https:\/\/stiftadmont.at\/aktuelle-ausstellungen\/#primaryimage\"},\"image\":{\"@id\":\"https:\/\/stiftadmont.at\/aktuelle-ausstellungen\/#primaryimage\"},\"thumbnailUrl\":\"https:\/\/stiftadmont.at\/wp-content\/uploads\/Schwarz_verletzt.png\",\"datePublished\":\"2022-06-14T07:43:40+00:00\",\"dateModified\":\"2026-03-10T13:36:02+00:00\",\"description\":\"Das Museum des 1074 gegr\u00fcndeten Stiftes Admont kann in seiner heutigen Form auf eine 20-j\u00e4hrige Erfolgsgeschichte zur\u00fcckblicken.\",\"breadcrumb\":{\"@id\":\"https:\/\/stiftadmont.at\/aktuelle-ausstellungen\/#breadcrumb\"},\"inLanguage\":\"en-GB\",\"potentialAction\":[{\"@type\":\"ReadAction\",\"target\":[\"https:\/\/stiftadmont.at\/aktuelle-ausstellungen\/\"]}]},{\"@type\":\"ImageObject\",\"inLanguage\":\"en-GB\",\"@id\":\"https:\/\/stiftadmont.at\/aktuelle-ausstellungen\/#primaryimage\",\"url\":\"https:\/\/stiftadmont.at\/wp-content\/uploads\/Schwarz_verletzt.png\",\"contentUrl\":\"https:\/\/stiftadmont.at\/wp-content\/uploads\/Schwarz_verletzt.png\",\"width\":1894,\"height\":1271,\"caption\":\"Schwarz verletzt\"},{\"@type\":\"BreadcrumbList\",\"@id\":\"https:\/\/stiftadmont.at\/aktuelle-ausstellungen\/#breadcrumb\",\"itemListElement\":[{\"@type\":\"ListItem\",\"position\":1,\"name\":\"Start\",\"item\":\"https:\/\/stiftadmont.at\/\"},{\"@type\":\"ListItem\",\"position\":2,\"name\":\"Aktuelle Ausstellungen\"}]},{\"@type\":\"WebSite\",\"@id\":\"https:\/\/stiftadmont.at\/#website\",\"url\":\"https:\/\/stiftadmont.at\/\",\"name\":\"Stift Admont\",\"description\":\"Benediktinerkloster und Sehensw\u00fcrdigkeit im Ges\u00e4use\",\"potentialAction\":[{\"@type\":\"SearchAction\",\"target\":{\"@type\":\"EntryPoint\",\"urlTemplate\":\"https:\/\/stiftadmont.at\/?s={search_term_string}\"},\"query-input\":{\"@type\":\"PropertyValueSpecification\",\"valueRequired\":true,\"valueName\":\"search_term_string\"}}],\"inLanguage\":\"en-GB\"}]}<\/script>\n<!-- \/ Yoast SEO Premium plugin. -->","yoast_head_json":{"title":"Current exhibitions - Admont Abbey","description":"The museum of Admont Abbey, founded in 1074, can look back on a 20-year success story in its current form.","robots":{"index":"index","follow":"follow","max-snippet":"max-snippet:-1","max-image-preview":"max-image-preview:large","max-video-preview":"max-video-preview:-1"},"canonical":"https:\/\/stiftadmont.at\/en\/current-exhibitions\/","og_locale":"en_GB","og_type":"article","og_title":"Aktuelle Ausstellungen","og_description":"Das Museum des 1074 gegr\u00fcndeten Stiftes Admont kann in seiner heutigen Form auf eine 20-j\u00e4hrige Erfolgsgeschichte zur\u00fcckblicken.","og_url":"https:\/\/stiftadmont.at\/en\/current-exhibitions\/","og_site_name":"Stift Admont","article_modified_time":"2026-03-10T13:36:02+00:00","og_image":[{"width":1024,"height":687,"url":"https:\/\/stiftadmont.at\/wp-content\/uploads\/Schwarz_verletzt-1024x687.png","type":"image\/png"}],"twitter_card":"summary_large_image","twitter_misc":{"Estimated reading time":"1 minute"},"schema":{"@context":"https:\/\/schema.org","@graph":[{"@type":"WebPage","@id":"https:\/\/stiftadmont.at\/aktuelle-ausstellungen\/","url":"https:\/\/stiftadmont.at\/aktuelle-ausstellungen\/","name":"Current exhibitions - Admont Abbey","isPartOf":{"@id":"https:\/\/stiftadmont.at\/#website"},"primaryImageOfPage":{"@id":"https:\/\/stiftadmont.at\/aktuelle-ausstellungen\/#primaryimage"},"image":{"@id":"https:\/\/stiftadmont.at\/aktuelle-ausstellungen\/#primaryimage"},"thumbnailUrl":"https:\/\/stiftadmont.at\/wp-content\/uploads\/Schwarz_verletzt.png","datePublished":"2022-06-14T07:43:40+00:00","dateModified":"2026-03-10T13:36:02+00:00","description":"The museum of Admont Abbey, founded in 1074, can look back on a 20-year success story in its current form.","breadcrumb":{"@id":"https:\/\/stiftadmont.at\/aktuelle-ausstellungen\/#breadcrumb"},"inLanguage":"en-GB","potentialAction":[{"@type":"ReadAction","target":["https:\/\/stiftadmont.at\/aktuelle-ausstellungen\/"]}]},{"@type":"ImageObject","inLanguage":"en-GB","@id":"https:\/\/stiftadmont.at\/aktuelle-ausstellungen\/#primaryimage","url":"https:\/\/stiftadmont.at\/wp-content\/uploads\/Schwarz_verletzt.png","contentUrl":"https:\/\/stiftadmont.at\/wp-content\/uploads\/Schwarz_verletzt.png","width":1894,"height":1271,"caption":"Schwarz verletzt"},{"@type":"BreadcrumbList","@id":"https:\/\/stiftadmont.at\/aktuelle-ausstellungen\/#breadcrumb","itemListElement":[{"@type":"ListItem","position":1,"name":"Start","item":"https:\/\/stiftadmont.at\/"},{"@type":"ListItem","position":2,"name":"Aktuelle Ausstellungen"}]},{"@type":"WebSite","@id":"https:\/\/stiftadmont.at\/#website","url":"https:\/\/stiftadmont.at\/","name":"Admont Abbey","description":"Benedictine monastery and tourist attraction in the Ges\u00e4use","potentialAction":[{"@type":"SearchAction","target":{"@type":"EntryPoint","urlTemplate":"https:\/\/stiftadmont.at\/?s={search_term_string}"},"query-input":{"@type":"PropertyValueSpecification","valueRequired":true,"valueName":"search_term_string"}}],"inLanguage":"en-GB"}]}},"_links":{"self":[{"href":"https:\/\/stiftadmont.at\/en\/wp-json\/wp\/v2\/pages\/13092","targetHints":{"allow":["GET"]}}],"collection":[{"href":"https:\/\/stiftadmont.at\/en\/wp-json\/wp\/v2\/pages"}],"about":[{"href":"https:\/\/stiftadmont.at\/en\/wp-json\/wp\/v2\/types\/page"}],"author":[{"embeddable":true,"href":"https:\/\/stiftadmont.at\/en\/wp-json\/wp\/v2\/users\/7"}],"replies":[{"embeddable":true,"href":"https:\/\/stiftadmont.at\/en\/wp-json\/wp\/v2\/comments?post=13092"}],"version-history":[{"count":172,"href":"https:\/\/stiftadmont.at\/en\/wp-json\/wp\/v2\/pages\/13092\/revisions"}],"predecessor-version":[{"id":39754,"href":"https:\/\/stiftadmont.at\/en\/wp-json\/wp\/v2\/pages\/13092\/revisions\/39754"}],"wp:featuredmedia":[{"embeddable":true,"href":"https:\/\/stiftadmont.at\/en\/wp-json\/wp\/v2\/media\/39253"}],"wp:attachment":[{"href":"https:\/\/stiftadmont.at\/en\/wp-json\/wp\/v2\/media?parent=13092"}],"wp:term":[{"taxonomy":"category","embeddable":true,"href":"https:\/\/stiftadmont.at\/en\/wp-json\/wp\/v2\/categories?post=13092"}],"curies":[{"name":"wp","href":"https:\/\/api.w.org\/{rel}","templated":true}]}}