{"id":16955,"date":"2023-03-06T12:19:54","date_gmt":"2023-03-06T10:19:54","guid":{"rendered":"https:\/\/stiftadmont.at\/?page_id=16955"},"modified":"2023-12-08T18:37:52","modified_gmt":"2023-12-08T16:37:52","slug":"special-exhibition-manuscript-room-the-library-of-the-admont-nunnery","status":"publish","type":"page","link":"https:\/\/stiftadmont.at\/en\/museum\/ausstellungsrueckblick\/sonderausstellung-handschriftenraum-die-bibliothek-des-admonter-nonnenklosters\/","title":{"rendered":"Special exhibition Manuscript Room - The Library of the Admont Nunnery"},"content":{"rendered":"<section id='lightpress__section--block_9b92c766b1bbe9e859fa76ee949aae21' class='lightpress__section--default-section-space lightpress__section lightpress__section--content'><div class=\"content__inner\"\n         x-init=\"initContentBlockAnim($el)\">\n        \n    <div class=\"content__grid content__grid\">\n                                            <div class=\"content__box content__box--one-hundred\"\n                 style=\"\">\n                                \n                \n                                            <div class=\"prose\"><h2 class=\"heading-xxl line line--gold text-center\">Die Bibliothek des Admonter Nonnenklosters<\/h2>\n<h6 class=\"heading-s text-center\">Sonderausstellung<br \/>im Handschriftenraum<\/h6>\n<p class=\"text-center\">von 01. April bis 30. Sept. 2023 ge\u00f6ffnet<\/p>\n<\/div>\n                    \n                            <\/div>\n        \n            <\/div>\n<\/div>\n\n<\/section>\n\n<section id='lightpress__section--block_b85792de928fdd9535bbd8fb6e4e520b' class='lightpress__section--default-section-space lightpress__section lightpress__section--content'><div class=\"content__inner\"\n         x-init=\"initContentBlockAnim($el)\">\n        \n    <div class=\"content__grid content__grid\">\n                                            <div class=\"content__box content__box--one-hundred\"\n                 style=\"\">\n                                \n                \n                                            <div class=\"prose\"><p class=\"paragraph-m\">Um 1116\/1120 gr\u00fcndete Abt Wolfhold von Admont ein Frauenkloster nach der Benediktsregel, das dem M\u00e4nnerkloster angeschlossen und von dessen Abt mitverwaltet wurde. Die ersten Nonnen d\u00fcrften vom Nonnberg in Salzburg gekommen sein. Sie lebten in strenger Klausur am linken Ufer des Admontbaches, bis Abt Gottfried 1144 s\u00fcdlich des M\u00e4nnerklosters gr\u00f6\u00dfere Geb\u00e4ude mit einer Kirche erbauen lie\u00df. Die innere Leitung des Nonnenklosters oblag einer magistra. Nicht nur sie, sondern alle Nonnen zeichneten sich durch hohe Bildung, vorbildliche Fr\u00f6mmigkeit und literarische T\u00e4tigkeit aus, wie die zahlreichen Quellen belegen.<\/p>\n<p class=\"paragraph-m\">Sie verfassten nicht nur zahlreiche Handschriften in ihrer Bibliothek selbst, sondern f\u00fchrten auch einen regen Briefwechsel wie mit Propst Gerhoh von Reichersberg. Viele solcher Texte sind in Admonter Codices \u00fcberliefert. Eine Reihe dieser Handschriften, die heute im Stiftsarchiv aufbewahrt sind, k\u00f6nnen eindeutig der Bibliothek des Frauenklosters zugeordnet werden.<\/p>\n<p class=\"paragraph-m\">Unter dem Admonter Kommendatarabt Christoph Rauber (1508-1536) begann schlie\u00dflich der v\u00f6llige Niedergang der Frauengemeinschaft, wobei auch reformatorisches Gedankengut seine Wirkung entfaltete. Nonnen verlie\u00dfen das Kloster und heirateten; 1550 gab es vier Frauen im Kloster, 1562 nur noch zwei. 1570 wurde das Frauenkloster als unbewohnbar bezeichnet, 1582 starb mit Benigna Zwickl die letzte Nonne in einem Haus im Markt Admont.<\/p>\n<p class=\"paragraph-m\">In der Ausstellung 2023 wird nicht nur die Geschichte des Nonnenklosters bis zu seiner Aufl\u00f6sung um 1580 beleuchtet, sondern es werden auch prachtvoll gestaltete Handschriften aus der Buchproduktion des Admonter Skriptoriums gezeigt.<\/p>\n<\/div>\n                    \n                            <\/div>\n        \n            <\/div>\n<\/div>\n\n<\/section>\n\n<section id='lightpress__section--block_4155f8ba10e1cea9e293c4c4e9525635' class='lightpress__section--default-section-space lightpress__section lightpress__section--image-slider'>\n<div class=\"image-slider\"\n     x-data=\"{ gallery: null, shown: false }\"\n     x-init=\"gallery = initSliderGallery([{&quot;href&quot;:&quot;https:\\\/\\\/stiftadmont.at\\\/wp-content\\\/uploads\\\/Stift-Admont-Sonderausstellung-Handschriften-c-Thomas-Sattler_www-1920x1280.jpg&quot;,&quot;type&quot;:&quot;image&quot;},{&quot;href&quot;:&quot;https:\\\/\\\/stiftadmont.at\\\/wp-content\\\/uploads\\\/Stift-Admont-Sonderausstellung-Handschriften-2023_Cod.-18_www..jpg&quot;,&quot;type&quot;:&quot;image&quot;},{&quot;href&quot;:&quot;https:\\\/\\\/stiftadmont.at\\\/wp-content\\\/uploads\\\/Stift-Admont-Sonderausstellung-Handschriften-c-Thomas-Sattler-7_www.jpg&quot;,&quot;type&quot;:&quot;image&quot;},{&quot;href&quot;:&quot;https:\\\/\\\/stiftadmont.at\\\/wp-content\\\/uploads\\\/Stift-Admont-Sonderausstellung-Handschriften-c-Thomas-Sattler-4_www-1920x1280.jpg&quot;,&quot;type&quot;:&quot;image&quot;},{&quot;href&quot;:&quot;https:\\\/\\\/stiftadmont.at\\\/wp-content\\\/uploads\\\/Stift-Admont-Sonderausstellung-Handschriften-2023_Cod.-58_www.jpg&quot;,&quot;type&quot;:&quot;image&quot;},{&quot;href&quot;:&quot;https:\\\/\\\/stiftadmont.at\\\/wp-content\\\/uploads\\\/Stift-Admont-Sonderausstellung-Handschriften-c-Thomas-Sattler-12_www-1920x1280.jpg&quot;,&quot;type&quot;:&quot;image&quot;},{&quot;href&quot;:&quot;https:\\\/\\\/stiftadmont.at\\\/wp-content\\\/uploads\\\/Stift-Admont-Sonderausstellung-Handschriften-c-Thomas-Sattler-14_www-1920x1280.jpg&quot;,&quot;type&quot;:&quot;image&quot;},{&quot;href&quot;:&quot;https:\\\/\\\/stiftadmont.at\\\/wp-content\\\/uploads\\\/Stift-Admont-Sonderausstellung-Handschriften-2023_Cod.-501_www.jpg&quot;,&quot;type&quot;:&quot;image&quot;},{&quot;href&quot;:&quot;https:\\\/\\\/stiftadmont.at\\\/wp-content\\\/uploads\\\/Stift-Admont-Sonderausstellung-Handschriften-c-Thomas-Sattler-17_www-1920x1280.jpg&quot;,&quot;type&quot;:&quot;image&quot;},{&quot;href&quot;:&quot;https:\\\/\\\/stiftadmont.at\\\/wp-content\\\/uploads\\\/Stift-Admont-Sonderausstellung-Handschriften-2023_Cod.-17_393_www.jpg&quot;,&quot;type&quot;:&quot;image&quot;}]); initImageSliderBlockAnim($el);\">\n    <div class=\"image-slider__inner\">\n\n        <div class=\"swiper-container\" x-init=\"initImageSliderBlock($el, $refs.btnPrev, $refs.btnNext)\">\n            <div class=\"swiper-wrapper\">\n                                    <div class=\"swiper-slide\">\n                        <div class=\"image-slider__media\">\n                            <img decoding=\"async\" class=\"image-slider__image\"\n                                 src=\"https:\/\/stiftadmont.at\/wp-content\/uploads\/Stift-Admont-Sonderausstellung-Handschriften-c-Thomas-Sattler_www-768x512.jpg\"\n                                 alt=\"Stift Admont   Sonderausstellung Handschriften (c) Thomas Sattler www\">\n                        <\/div>\n                    <\/div>\n                                    <div class=\"swiper-slide\">\n                        <div class=\"image-slider__media\">\n                            <img decoding=\"async\" class=\"image-slider__image\"\n                                 src=\"https:\/\/stiftadmont.at\/wp-content\/uploads\/Stift-Admont-Sonderausstellung-Handschriften-2023_Cod.-18_www.-768x794.jpg\"\n                                 alt=\"Stift Admont Sonderausstellung Handschriften 2023 Cod. 18 www.\">\n                        <\/div>\n                    <\/div>\n                                    <div class=\"swiper-slide\">\n                        <div class=\"image-slider__media\">\n                            <img decoding=\"async\" class=\"image-slider__image\"\n                                 src=\"https:\/\/stiftadmont.at\/wp-content\/uploads\/Stift-Admont-Sonderausstellung-Handschriften-c-Thomas-Sattler-7_www-768x1152.jpg\"\n                                 alt=\"Stift Admont   Sonderausstellung Handschriften (c) Thomas Sattler 7 www\">\n                        <\/div>\n                    <\/div>\n                                    <div class=\"swiper-slide\">\n                        <div class=\"image-slider__media\">\n                            <img decoding=\"async\" class=\"image-slider__image\"\n                                 src=\"https:\/\/stiftadmont.at\/wp-content\/uploads\/Stift-Admont-Sonderausstellung-Handschriften-c-Thomas-Sattler-4_www-768x512.jpg\"\n                                 alt=\"Stift Admont   Sonderausstellung Handschriften (c) Thomas Sattler 4 www\">\n                        <\/div>\n                    <\/div>\n                                    <div class=\"swiper-slide\">\n                        <div class=\"image-slider__media\">\n                            <img decoding=\"async\" class=\"image-slider__image\"\n                                 src=\"https:\/\/stiftadmont.at\/wp-content\/uploads\/Stift-Admont-Sonderausstellung-Handschriften-2023_Cod.-58_www-768x882.jpg\"\n                                 alt=\"Stift Admont Sonderausstellung Handschriften 2023 Cod. 58 www\">\n                        <\/div>\n                    <\/div>\n                                    <div class=\"swiper-slide\">\n                        <div class=\"image-slider__media\">\n                            <img decoding=\"async\" class=\"image-slider__image\"\n                                 src=\"https:\/\/stiftadmont.at\/wp-content\/uploads\/Stift-Admont-Sonderausstellung-Handschriften-c-Thomas-Sattler-12_www-768x512.jpg\"\n                                 alt=\"Stift Admont   Sonderausstellung Handschriften (c) Thomas Sattler 12 www\">\n                        <\/div>\n                    <\/div>\n                                    <div class=\"swiper-slide\">\n                        <div class=\"image-slider__media\">\n                            <img decoding=\"async\" class=\"image-slider__image\"\n                                 src=\"https:\/\/stiftadmont.at\/wp-content\/uploads\/Stift-Admont-Sonderausstellung-Handschriften-c-Thomas-Sattler-14_www-768x512.jpg\"\n                                 alt=\"Stift Admont   Sonderausstellung Handschriften (c) Thomas Sattler 14 www\">\n                        <\/div>\n                    <\/div>\n                                    <div class=\"swiper-slide\">\n                        <div class=\"image-slider__media\">\n                            <img decoding=\"async\" class=\"image-slider__image\"\n                                 src=\"https:\/\/stiftadmont.at\/wp-content\/uploads\/Stift-Admont-Sonderausstellung-Handschriften-2023_Cod.-501_www-768x881.jpg\"\n                                 alt=\"Stift Admont Sonderausstellung Handschriften 2023 Cod. 501 www\">\n                        <\/div>\n                    <\/div>\n                                    <div class=\"swiper-slide\">\n                        <div class=\"image-slider__media\">\n                            <img decoding=\"async\" class=\"image-slider__image\"\n                                 src=\"https:\/\/stiftadmont.at\/wp-content\/uploads\/Stift-Admont-Sonderausstellung-Handschriften-c-Thomas-Sattler-17_www-768x512.jpg\"\n                                 alt=\"Stift Admont   Sonderausstellung Handschriften (c) Thomas Sattler 17 www\">\n                        <\/div>\n                    <\/div>\n                                    <div class=\"swiper-slide\">\n                        <div class=\"image-slider__media\">\n                            <img decoding=\"async\" class=\"image-slider__image\"\n                                 src=\"https:\/\/stiftadmont.at\/wp-content\/uploads\/Stift-Admont-Sonderausstellung-Handschriften-2023_Cod.-17_393_www-768x655.jpg\"\n                                 alt=\"Stift Admont Sonderausstellung Handschriften 2023 Cod. 17 393 www\">\n                        <\/div>\n                    <\/div>\n                            <\/div>\n\n            <div class=\"swiper-nav-wrapper\">\n                <button class=\"swiper-button-prev slider-button--prev\" x-ref=\"btnPrev\"\n                        aria-label=\"Vorige Bilder anzeigen\">\n                    <img decoding=\"async\" src=\"\/wp-content\/themes\/stift-admont\/src\/assets\/img\/arrow-left-big-new.svg\" alt=\"Pfeil nach Links\">\n                <\/button>\n\n\n                <a class=\"image-slider__gallery\" @click=\"openGallery(gallery)\"><i class=\"fa-thin fa-plus\"><\/i><\/a>\n                <button class=\"swiper-button-next slider-button--next\"\n                        x-ref=\"btnNext\"\n                        aria-label=\"N\u00e4chste Bilder anzeigen\">\n                    <img decoding=\"async\" src=\"\/wp-content\/themes\/stift-admont\/src\/assets\/img\/arrow-right-big-new.svg\" alt=\"Pfeil nach Rechts\">\n                <\/button>\n            <\/div>\n        <\/div>\n    <\/div>\n\n\n<\/div><\/section>","protected":false},"excerpt":{"rendered":"","protected":false},"author":7,"featured_media":16958,"parent":5864,"menu_order":67,"comment_status":"closed","ping_status":"closed","template":"","meta":{"_acf_changed":false,"footnotes":""},"categories":[73],"class_list":["post-16955","page","type-page","status-publish","has-post-thumbnail","hentry","category-ausstellungsrueckblick"],"acf":[],"yoast_head":"<!-- This site is optimized with the Yoast SEO Premium plugin v26.0 (Yoast SEO v26.8) - https:\/\/yoast.com\/product\/yoast-seo-premium-wordpress\/ -->\n<title>Sonderausstellung Handschriftenraum - Die Bibliothek des Admonter Nonnenklosters - Stift Admont<\/title>\n<meta name=\"robots\" content=\"index, follow, max-snippet:-1, max-image-preview:large, max-video-preview:-1\" \/>\n<link rel=\"canonical\" href=\"https:\/\/stiftadmont.at\/en\/museum\/exhibition-review\/special-exhibition-manuscript-room-the-library-of-the-admont-nunnery\/\" \/>\n<meta property=\"og:locale\" content=\"en_GB\" \/>\n<meta property=\"og:type\" content=\"article\" \/>\n<meta property=\"og:title\" content=\"Sonderausstellung Handschriftenraum - Die Bibliothek des Admonter Nonnenklosters\" \/>\n<meta property=\"og:url\" content=\"https:\/\/stiftadmont.at\/en\/museum\/exhibition-review\/special-exhibition-manuscript-room-the-library-of-the-admont-nunnery\/\" \/>\n<meta property=\"og:site_name\" content=\"Stift Admont\" \/>\n<meta property=\"article:modified_time\" content=\"2023-12-08T16:37:52+00:00\" \/>\n<meta property=\"og:image\" content=\"https:\/\/stiftadmont.at\/wp-content\/uploads\/Stift-Admont-Sonderausstellung-Handschriften-2023_Cod.-18_www.-990x1024.jpg\" \/>\n\t<meta property=\"og:image:width\" content=\"990\" \/>\n\t<meta property=\"og:image:height\" content=\"1024\" \/>\n\t<meta property=\"og:image:type\" content=\"image\/jpeg\" \/>\n<meta name=\"twitter:card\" content=\"summary_large_image\" \/>\n<script type=\"application\/ld+json\" class=\"yoast-schema-graph\">{\"@context\":\"https:\/\/schema.org\",\"@graph\":[{\"@type\":\"WebPage\",\"@id\":\"https:\/\/stiftadmont.at\/museum\/ausstellungsrueckblick\/sonderausstellung-handschriftenraum-die-bibliothek-des-admonter-nonnenklosters\/\",\"url\":\"https:\/\/stiftadmont.at\/museum\/ausstellungsrueckblick\/sonderausstellung-handschriftenraum-die-bibliothek-des-admonter-nonnenklosters\/\",\"name\":\"Sonderausstellung Handschriftenraum - Die Bibliothek des Admonter Nonnenklosters - Stift Admont\",\"isPartOf\":{\"@id\":\"https:\/\/stiftadmont.at\/#website\"},\"primaryImageOfPage\":{\"@id\":\"https:\/\/stiftadmont.at\/museum\/ausstellungsrueckblick\/sonderausstellung-handschriftenraum-die-bibliothek-des-admonter-nonnenklosters\/#primaryimage\"},\"image\":{\"@id\":\"https:\/\/stiftadmont.at\/museum\/ausstellungsrueckblick\/sonderausstellung-handschriftenraum-die-bibliothek-des-admonter-nonnenklosters\/#primaryimage\"},\"thumbnailUrl\":\"https:\/\/stiftadmont.at\/wp-content\/uploads\/Stift-Admont-Sonderausstellung-Handschriften-2023_Cod.-18_www..jpg\",\"datePublished\":\"2023-03-06T10:19:54+00:00\",\"dateModified\":\"2023-12-08T16:37:52+00:00\",\"breadcrumb\":{\"@id\":\"https:\/\/stiftadmont.at\/museum\/ausstellungsrueckblick\/sonderausstellung-handschriftenraum-die-bibliothek-des-admonter-nonnenklosters\/#breadcrumb\"},\"inLanguage\":\"en-GB\",\"potentialAction\":[{\"@type\":\"ReadAction\",\"target\":[\"https:\/\/stiftadmont.at\/museum\/ausstellungsrueckblick\/sonderausstellung-handschriftenraum-die-bibliothek-des-admonter-nonnenklosters\/\"]}]},{\"@type\":\"ImageObject\",\"inLanguage\":\"en-GB\",\"@id\":\"https:\/\/stiftadmont.at\/museum\/ausstellungsrueckblick\/sonderausstellung-handschriftenraum-die-bibliothek-des-admonter-nonnenklosters\/#primaryimage\",\"url\":\"https:\/\/stiftadmont.at\/wp-content\/uploads\/Stift-Admont-Sonderausstellung-Handschriften-2023_Cod.-18_www..jpg\",\"contentUrl\":\"https:\/\/stiftadmont.at\/wp-content\/uploads\/Stift-Admont-Sonderausstellung-Handschriften-2023_Cod.-18_www..jpg\",\"width\":1450,\"height\":1500,\"caption\":\"Stift Admont Sonderausstellung Handschriften 2023 Cod. 18 www.\"},{\"@type\":\"BreadcrumbList\",\"@id\":\"https:\/\/stiftadmont.at\/museum\/ausstellungsrueckblick\/sonderausstellung-handschriftenraum-die-bibliothek-des-admonter-nonnenklosters\/#breadcrumb\",\"itemListElement\":[{\"@type\":\"ListItem\",\"position\":1,\"name\":\"Start\",\"item\":\"https:\/\/stiftadmont.at\/\"},{\"@type\":\"ListItem\",\"position\":2,\"name\":\"Museum Stift Admont\",\"item\":\"https:\/\/stiftadmont.at\/museum\/\"},{\"@type\":\"ListItem\",\"position\":3,\"name\":\"Ausstellungsr\u00fcckblick\",\"item\":\"https:\/\/stiftadmont.at\/museum\/ausstellungsrueckblick\/\"},{\"@type\":\"ListItem\",\"position\":4,\"name\":\"Sonderausstellung Handschriftenraum &#8211; Die Bibliothek des Admonter Nonnenklosters\"}]},{\"@type\":\"WebSite\",\"@id\":\"https:\/\/stiftadmont.at\/#website\",\"url\":\"https:\/\/stiftadmont.at\/\",\"name\":\"Stift Admont\",\"description\":\"Benediktinerkloster und Sehensw\u00fcrdigkeit im Ges\u00e4use\",\"potentialAction\":[{\"@type\":\"SearchAction\",\"target\":{\"@type\":\"EntryPoint\",\"urlTemplate\":\"https:\/\/stiftadmont.at\/?s={search_term_string}\"},\"query-input\":{\"@type\":\"PropertyValueSpecification\",\"valueRequired\":true,\"valueName\":\"search_term_string\"}}],\"inLanguage\":\"en-GB\"}]}<\/script>\n<!-- \/ Yoast SEO Premium plugin. -->","yoast_head_json":{"title":"Special exhibition Manuscript Room - The Library of the Admont Nunnery - Admont Abbey","robots":{"index":"index","follow":"follow","max-snippet":"max-snippet:-1","max-image-preview":"max-image-preview:large","max-video-preview":"max-video-preview:-1"},"canonical":"https:\/\/stiftadmont.at\/en\/museum\/exhibition-review\/special-exhibition-manuscript-room-the-library-of-the-admont-nunnery\/","og_locale":"en_GB","og_type":"article","og_title":"Sonderausstellung Handschriftenraum - Die Bibliothek des Admonter Nonnenklosters","og_url":"https:\/\/stiftadmont.at\/en\/museum\/exhibition-review\/special-exhibition-manuscript-room-the-library-of-the-admont-nunnery\/","og_site_name":"Stift Admont","article_modified_time":"2023-12-08T16:37:52+00:00","og_image":[{"width":990,"height":1024,"url":"https:\/\/stiftadmont.at\/wp-content\/uploads\/Stift-Admont-Sonderausstellung-Handschriften-2023_Cod.-18_www.-990x1024.jpg","type":"image\/jpeg"}],"twitter_card":"summary_large_image","schema":{"@context":"https:\/\/schema.org","@graph":[{"@type":"WebPage","@id":"https:\/\/stiftadmont.at\/museum\/ausstellungsrueckblick\/sonderausstellung-handschriftenraum-die-bibliothek-des-admonter-nonnenklosters\/","url":"https:\/\/stiftadmont.at\/museum\/ausstellungsrueckblick\/sonderausstellung-handschriftenraum-die-bibliothek-des-admonter-nonnenklosters\/","name":"Special exhibition Manuscript Room - The Library of the Admont Nunnery - Admont Abbey","isPartOf":{"@id":"https:\/\/stiftadmont.at\/#website"},"primaryImageOfPage":{"@id":"https:\/\/stiftadmont.at\/museum\/ausstellungsrueckblick\/sonderausstellung-handschriftenraum-die-bibliothek-des-admonter-nonnenklosters\/#primaryimage"},"image":{"@id":"https:\/\/stiftadmont.at\/museum\/ausstellungsrueckblick\/sonderausstellung-handschriftenraum-die-bibliothek-des-admonter-nonnenklosters\/#primaryimage"},"thumbnailUrl":"https:\/\/stiftadmont.at\/wp-content\/uploads\/Stift-Admont-Sonderausstellung-Handschriften-2023_Cod.-18_www..jpg","datePublished":"2023-03-06T10:19:54+00:00","dateModified":"2023-12-08T16:37:52+00:00","breadcrumb":{"@id":"https:\/\/stiftadmont.at\/museum\/ausstellungsrueckblick\/sonderausstellung-handschriftenraum-die-bibliothek-des-admonter-nonnenklosters\/#breadcrumb"},"inLanguage":"en-GB","potentialAction":[{"@type":"ReadAction","target":["https:\/\/stiftadmont.at\/museum\/ausstellungsrueckblick\/sonderausstellung-handschriftenraum-die-bibliothek-des-admonter-nonnenklosters\/"]}]},{"@type":"ImageObject","inLanguage":"en-GB","@id":"https:\/\/stiftadmont.at\/museum\/ausstellungsrueckblick\/sonderausstellung-handschriftenraum-die-bibliothek-des-admonter-nonnenklosters\/#primaryimage","url":"https:\/\/stiftadmont.at\/wp-content\/uploads\/Stift-Admont-Sonderausstellung-Handschriften-2023_Cod.-18_www..jpg","contentUrl":"https:\/\/stiftadmont.at\/wp-content\/uploads\/Stift-Admont-Sonderausstellung-Handschriften-2023_Cod.-18_www..jpg","width":1450,"height":1500,"caption":"Stift Admont Sonderausstellung Handschriften 2023 Cod. 18 www."},{"@type":"BreadcrumbList","@id":"https:\/\/stiftadmont.at\/museum\/ausstellungsrueckblick\/sonderausstellung-handschriftenraum-die-bibliothek-des-admonter-nonnenklosters\/#breadcrumb","itemListElement":[{"@type":"ListItem","position":1,"name":"Start","item":"https:\/\/stiftadmont.at\/"},{"@type":"ListItem","position":2,"name":"Museum Stift Admont","item":"https:\/\/stiftadmont.at\/museum\/"},{"@type":"ListItem","position":3,"name":"Ausstellungsr\u00fcckblick","item":"https:\/\/stiftadmont.at\/museum\/ausstellungsrueckblick\/"},{"@type":"ListItem","position":4,"name":"Sonderausstellung Handschriftenraum &#8211; Die Bibliothek des Admonter Nonnenklosters"}]},{"@type":"WebSite","@id":"https:\/\/stiftadmont.at\/#website","url":"https:\/\/stiftadmont.at\/","name":"Admont Abbey","description":"Benedictine monastery and tourist attraction in the Ges\u00e4use","potentialAction":[{"@type":"SearchAction","target":{"@type":"EntryPoint","urlTemplate":"https:\/\/stiftadmont.at\/?s={search_term_string}"},"query-input":{"@type":"PropertyValueSpecification","valueRequired":true,"valueName":"search_term_string"}}],"inLanguage":"en-GB"}]}},"_links":{"self":[{"href":"https:\/\/stiftadmont.at\/en\/wp-json\/wp\/v2\/pages\/16955","targetHints":{"allow":["GET"]}}],"collection":[{"href":"https:\/\/stiftadmont.at\/en\/wp-json\/wp\/v2\/pages"}],"about":[{"href":"https:\/\/stiftadmont.at\/en\/wp-json\/wp\/v2\/types\/page"}],"author":[{"embeddable":true,"href":"https:\/\/stiftadmont.at\/en\/wp-json\/wp\/v2\/users\/7"}],"replies":[{"embeddable":true,"href":"https:\/\/stiftadmont.at\/en\/wp-json\/wp\/v2\/comments?post=16955"}],"version-history":[{"count":18,"href":"https:\/\/stiftadmont.at\/en\/wp-json\/wp\/v2\/pages\/16955\/revisions"}],"predecessor-version":[{"id":18028,"href":"https:\/\/stiftadmont.at\/en\/wp-json\/wp\/v2\/pages\/16955\/revisions\/18028"}],"up":[{"embeddable":true,"href":"https:\/\/stiftadmont.at\/en\/wp-json\/wp\/v2\/pages\/5864"}],"wp:featuredmedia":[{"embeddable":true,"href":"https:\/\/stiftadmont.at\/en\/wp-json\/wp\/v2\/media\/16958"}],"wp:attachment":[{"href":"https:\/\/stiftadmont.at\/en\/wp-json\/wp\/v2\/media?parent=16955"}],"wp:term":[{"taxonomy":"category","embeddable":true,"href":"https:\/\/stiftadmont.at\/en\/wp-json\/wp\/v2\/categories?post=16955"}],"curies":[{"name":"wp","href":"https:\/\/api.w.org\/{rel}","templated":true}]}}