{"id":19312,"date":"2023-08-03T14:03:24","date_gmt":"2023-08-03T12:03:24","guid":{"rendered":"https:\/\/stiftadmont.at\/?page_id=19312"},"modified":"2025-06-05T13:36:44","modified_gmt":"2025-06-05T11:36:44","slug":"webcam-kaiserau","status":"publish","type":"page","link":"https:\/\/stiftadmont.at\/en\/familienparadies-kaiserau\/webcam-kaiserau\/","title":{"rendered":"Webcam &amp; arrival information"},"content":{"rendered":"<section id='lightpress__section--block_c80cb00b87af713417db4ba6e09b076a' class='align-center lightpress__section--default-section-space lightpress__section lightpress__section--headline'><div class=\"headline__container\">\n            <p class=\"headline text--40 text-medium line line--gold line-above line-middle\">WEBCAM Kaiserau<\/p>\n        <p class=\"text-center text-gold text--20 text-medium text--uppercase\">Hier finden Sie den Link zur Webcam der Kaiserau&#8230;<\/p>\n        <div class=\"spacer--40\"><\/div>\n<\/div>\n\n<\/section>\n\n<section id='lightpress__section--block_d9dfea574f096947801cdb6e90978f5e' class='lightpress__section--default-section-space lightpress__section lightpress__section--content'><div class=\"content__inner\"\n         x-init=\"initContentBlockAnim($el)\">\n        \n    <div class=\"content__grid content__grid\">\n                                            <div class=\"content__box content__box--one-hundred\"\n                 style=\"\">\n                                \n                \n                                            <div class=\"prose\"><h1 class=\"paragraph-m text-center\"><a class=\"modal nocache admont-button admont-button--big admont-button--primary admont-button--header\" href=\"https:\/\/stiftadmont.at\/wp-content\/uploads\/webcams\/kaiserau\/webcam.jpg\" rel=\"{'handler':'image', size:{x:900,y:600}}\">Webcam<\/a><\/h1>\n<p class=\"paragraph-m\">\u00a0<\/p>\n<\/div>\n                    \n                            <\/div>\n        \n            <\/div>\n<\/div>\n\n<\/section>\n\n<section id='lightpress__section--block_68b6a00a0f09dbbf9b696a42b62bef09' class='align-center lightpress__section--default-section-space lightpress__section lightpress__section--headline'><div class=\"headline__container\">\n            <p class=\"headline text--40 text-medium line line--gold line-above line-middle\">Anreise-Informationen<\/p>\n        <p class=\"text-center text-gold text--20 text-medium text--uppercase\">Die Kaiserau liegt zwischen Admont und Trieben und ist von jeder der beiden Ortschaften etwa 10 km entfernt.<\/p>\n        <div class=\"spacer--40\"><\/div>\n<\/div>\n\n<\/section>\n\n<section id='lightpress__section--block_64b75e48e387f81e1a7fee2e46769d12' class='bg--beige lightpress__section--colored-bg lightpress__section--default-section-space lightpress__section lightpress__section--content'><div class=\"content__inner\"\n         x-init=\"initContentBlockAnim($el)\">\n        \n    <div class=\"content__grid content__grid\">\n                                            <div class=\"content__box content__box--one-hundred\"\n                 style=\"\">\n                                \n                \n                                            <div class=\"prose\"><ul>\n<li class=\"paragraph-m\">Sie ist\u00a0<span style=\"color: var(--color-black);\">von S\u00fcden<\/span> kommend \u00fcber die Autobahnabfahrt Trieben (A9 Pyhrnautobahn) \u00fcber die Kaiserauer Landesstra\u00dfe L 713 in 10 min erreichbar.<\/li>\n<li class=\"paragraph-m\"><span style=\"color: var(--color-black);\">Von Norden<\/span> kommend erreicht man die Kaiserau ebenfalls \u00fcber die A9 Pyhrnautobahn. Von der Ausfahrt Ardning der Ges\u00e4use-Bundesstra\u00dfe B146 folgend f\u00e4hrt man rund 10 km bis Admont. Von dort aus ist die Kaiserau \u00fcber die Kaiserauer Landesstra\u00dfe L 713 in 10 min\u00a0 erreichbar.<\/li>\n<li class=\"paragraph-m\"><span style=\"color: var(--color-black);\">Von Nord-Osten<\/span> kommt man \u00fcber Amstetten, Weyer und St. Gallen nach Admont, von Osten \u00fcber Eisenerz und das Ges\u00e4use. Ab Admont folgt man der Kaiserauer Landesstra\u00dfe L 713, auf der man nach 10 min das Ziel erreicht.<\/li>\n<li class=\"paragraph-m\"><span style=\"color: var(--color-black);\">Bahn- bzw. Busreisende<\/span>\u00a0fahren bis Selzthal oder Trieben und nehmen anschlie\u00dfend den \u00f6ffentlichen Busverkehr bzw. der gratis Skibus auf die Kaiserau.<\/li>\n<\/ul>\n<p>\u00a0<\/p>\n<p>\u00a0<\/p>\n<p class=\"paragraph-m\" style=\"font-size: medium;\"><strong>Ab Anfang Mai k\u00f6nnen PKWs und Busse \u00fcber die mautpflichtige Stra\u00dfe bis zur Oberst-Klinke H\u00fctte fahren. Im Winter ist eine Zufahrt zur Oberst-Klinke H\u00fctte nicht m\u00f6glich.<\/strong><\/p>\n<\/div>\n                    \n                            <\/div>\n        \n            <\/div>\n<\/div>\n\n    <div class=\"background__container background__container--beige\">\n    <\/div>\n\n<\/section>\n\n<section id='lightpress__section--block_476148ebf275d2c3475ebcc616fccd50' class='lightpress__section--default-section-space lightpress__section lightpress__section--image-slider'>\n<div class=\"image-slider\"\n     x-data=\"{ gallery: null, shown: false }\"\n     x-init=\"gallery = initSliderGallery([{&quot;href&quot;:&quot;https:\\\/\\\/stiftadmont.at\\\/wp-content\\\/uploads\\\/Sportalm-Kaiserau_Essen_-\\u00a9-Veronika-Husarova-4.jpg&quot;,&quot;type&quot;:&quot;image&quot;},{&quot;href&quot;:&quot;https:\\\/\\\/stiftadmont.at\\\/wp-content\\\/uploads\\\/Kaiserau-\\u2013-Winterkinderfest-2020-c-Johann-Schroecker-4.jpg&quot;,&quot;type&quot;:&quot;image&quot;},{&quot;href&quot;:&quot;https:\\\/\\\/stiftadmont.at\\\/wp-content\\\/uploads\\\/Kaiserau-\\u2013-Winterkinderfest-2020-c-Johann-Schroecker-6.jpg&quot;,&quot;type&quot;:&quot;image&quot;},{&quot;href&quot;:&quot;https:\\\/\\\/stiftadmont.at\\\/wp-content\\\/uploads\\\/Kaiserau-\\u2013-Winterkinderfest-2020-c-Johann-Schroecker-10.jpg&quot;,&quot;type&quot;:&quot;image&quot;},{&quot;href&quot;:&quot;https:\\\/\\\/stiftadmont.at\\\/wp-content\\\/uploads\\\/Kaiserau\\u00a9StefanLeitner_012-1920x1280.jpg&quot;,&quot;type&quot;:&quot;image&quot;},{&quot;href&quot;:&quot;https:\\\/\\\/stiftadmont.at\\\/wp-content\\\/uploads\\\/Kaiserau\\u00a9StefanLeitner_053-e1634723502810-1920x1280.jpg&quot;,&quot;type&quot;:&quot;image&quot;},{&quot;href&quot;:&quot;https:\\\/\\\/stiftadmont.at\\\/wp-content\\\/uploads\\\/Kaiserau\\u00a9StefanLeitner_025-e1634723791413-1920x1280.jpg&quot;,&quot;type&quot;:&quot;image&quot;},{&quot;href&quot;:&quot;https:\\\/\\\/stiftadmont.at\\\/wp-content\\\/uploads\\\/Kaiserau\\u00a9StefanLeitner_008-e1634723774237-1920x1280.jpg&quot;,&quot;type&quot;:&quot;image&quot;},{&quot;href&quot;:&quot;https:\\\/\\\/stiftadmont.at\\\/wp-content\\\/uploads\\\/A_LP_S__Ski_Nationalpark_Gesaeuse_\\u00a9StefanLeitner-e1648798444959-1920x1440.jpg&quot;,&quot;type&quot;:&quot;image&quot;},{&quot;href&quot;:&quot;https:\\\/\\\/stiftadmont.at\\\/wp-content\\\/uploads\\\/Kaiserau\\u00a9StefanLeitner_011-1920x1280.jpg&quot;,&quot;type&quot;:&quot;image&quot;},{&quot;href&quot;:&quot;https:\\\/\\\/stiftadmont.at\\\/wp-content\\\/uploads\\\/Kaiserau\\u00a9StefanLeitner_040-e1634723552144-1920x1280.jpg&quot;,&quot;type&quot;:&quot;image&quot;},{&quot;href&quot;:&quot;https:\\\/\\\/stiftadmont.at\\\/wp-content\\\/uploads\\\/Kaiserau\\u00a9StefanLeitner_037-e1634723571816-1920x1280.jpg&quot;,&quot;type&quot;:&quot;image&quot;},{&quot;href&quot;:&quot;https:\\\/\\\/stiftadmont.at\\\/wp-content\\\/uploads\\\/Kaiserau\\u00a9StefanLeitner_006-e1634723811808-1920x1280.jpg&quot;,&quot;type&quot;:&quot;image&quot;},{&quot;href&quot;:&quot;https:\\\/\\\/stiftadmont.at\\\/wp-content\\\/uploads\\\/Kaiserau\\u00a9StefanLeitner_049-e1634723535425-1920x1280.jpg&quot;,&quot;type&quot;:&quot;image&quot;}]); initImageSliderBlockAnim($el);\">\n    <div class=\"image-slider__inner\">\n\n        <div class=\"swiper-container\" x-init=\"initImageSliderBlock($el, $refs.btnPrev, $refs.btnNext)\">\n            <div class=\"swiper-wrapper\">\n                                    <div class=\"swiper-slide\">\n                        <div class=\"image-slider__media\">\n                            <img decoding=\"async\" class=\"image-slider__image\"\n                                 src=\"https:\/\/stiftadmont.at\/wp-content\/uploads\/Sportalm-Kaiserau_Essen_-\u00a9-Veronika-Husarova-4-768x902.jpg\"\n                                 alt=\"Sportalm Kaiserau Essen  \u00a9 Veronika Husarova (4)\">\n                        <\/div>\n                    <\/div>\n                                    <div class=\"swiper-slide\">\n                        <div class=\"image-slider__media\">\n                            <img decoding=\"async\" class=\"image-slider__image\"\n                                 src=\"https:\/\/stiftadmont.at\/wp-content\/uploads\/Kaiserau-\u2013-Winterkinderfest-2020-c-Johann-Schroecker-4-768x486.jpg\"\n                                 alt=\"Kaiserau \u2013 Winterkinderfest 2020 (c) Johann Schr\u00f6cker 4\">\n                        <\/div>\n                    <\/div>\n                                    <div class=\"swiper-slide\">\n                        <div class=\"image-slider__media\">\n                            <img decoding=\"async\" class=\"image-slider__image\"\n                                 src=\"https:\/\/stiftadmont.at\/wp-content\/uploads\/Kaiserau-\u2013-Winterkinderfest-2020-c-Johann-Schroecker-6-768x512.jpg\"\n                                 alt=\"Kaiserau \u2013 Winterkinderfest 2020 (c) Johann Schr\u00f6cker 6\">\n                        <\/div>\n                    <\/div>\n                                    <div class=\"swiper-slide\">\n                        <div class=\"image-slider__media\">\n                            <img decoding=\"async\" class=\"image-slider__image\"\n                                 src=\"https:\/\/stiftadmont.at\/wp-content\/uploads\/Kaiserau-\u2013-Winterkinderfest-2020-c-Johann-Schroecker-10-768x518.jpg\"\n                                 alt=\"Kaiserau \u2013 Winterkinderfest 2020 (c) Johann Schr\u00f6cker 10\">\n                        <\/div>\n                    <\/div>\n                                    <div class=\"swiper-slide\">\n                        <div class=\"image-slider__media\">\n                            <img decoding=\"async\" class=\"image-slider__image\"\n                                 src=\"https:\/\/stiftadmont.at\/wp-content\/uploads\/Kaiserau\u00a9StefanLeitner_012-768x512.jpg\"\n                                 alt=\"Kaiserau\u00a9StefanLeitner 012 scaled\">\n                        <\/div>\n                    <\/div>\n                                    <div class=\"swiper-slide\">\n                        <div class=\"image-slider__media\">\n                            <img decoding=\"async\" class=\"image-slider__image\"\n                                 src=\"https:\/\/stiftadmont.at\/wp-content\/uploads\/Kaiserau\u00a9StefanLeitner_053-e1634723502810-768x512.jpg\"\n                                 alt=\"Kaiserau\u00a9StefanLeitner 053 e1634723502810\">\n                        <\/div>\n                    <\/div>\n                                    <div class=\"swiper-slide\">\n                        <div class=\"image-slider__media\">\n                            <img decoding=\"async\" class=\"image-slider__image\"\n                                 src=\"https:\/\/stiftadmont.at\/wp-content\/uploads\/Kaiserau\u00a9StefanLeitner_025-e1634723791413-768x512.jpg\"\n                                 alt=\"Kaiserau\u00a9StefanLeitner 025 e1634723791413\">\n                        <\/div>\n                    <\/div>\n                                    <div class=\"swiper-slide\">\n                        <div class=\"image-slider__media\">\n                            <img decoding=\"async\" class=\"image-slider__image\"\n                                 src=\"https:\/\/stiftadmont.at\/wp-content\/uploads\/Kaiserau\u00a9StefanLeitner_008-e1634723774237-768x512.jpg\"\n                                 alt=\"Kaiserau\u00a9StefanLeitner 008 e1634723774237\">\n                        <\/div>\n                    <\/div>\n                                    <div class=\"swiper-slide\">\n                        <div class=\"image-slider__media\">\n                            <img decoding=\"async\" class=\"image-slider__image\"\n                                 src=\"https:\/\/stiftadmont.at\/wp-content\/uploads\/A_LP_S__Ski_Nationalpark_Gesaeuse_\u00a9StefanLeitner-e1648798444959-768x576.jpg\"\n                                 alt=\"Kaiserau - Winter Kinder \u00a9 Stefan Leitner\">\n                        <\/div>\n                    <\/div>\n                                    <div class=\"swiper-slide\">\n                        <div class=\"image-slider__media\">\n                            <img decoding=\"async\" class=\"image-slider__image\"\n                                 src=\"https:\/\/stiftadmont.at\/wp-content\/uploads\/Kaiserau\u00a9StefanLeitner_011-768x512.jpg\"\n                                 alt=\"Skigebiet Kaiserau \u00a9 Stefan Leitner\">\n                        <\/div>\n                    <\/div>\n                                    <div class=\"swiper-slide\">\n                        <div class=\"image-slider__media\">\n                            <img decoding=\"async\" class=\"image-slider__image\"\n                                 src=\"https:\/\/stiftadmont.at\/wp-content\/uploads\/Kaiserau\u00a9StefanLeitner_040-e1634723552144-768x512.jpg\"\n                                 alt=\"Kaiserau\u00a9StefanLeitner 040 e1634723552144\">\n                        <\/div>\n                    <\/div>\n                                    <div class=\"swiper-slide\">\n                        <div class=\"image-slider__media\">\n                            <img decoding=\"async\" class=\"image-slider__image\"\n                                 src=\"https:\/\/stiftadmont.at\/wp-content\/uploads\/Kaiserau\u00a9StefanLeitner_037-e1634723571816-768x512.jpg\"\n                                 alt=\"Kaiserau\u00a9StefanLeitner 037 e1634723571816\">\n                        <\/div>\n                    <\/div>\n                                    <div class=\"swiper-slide\">\n                        <div class=\"image-slider__media\">\n                            <img decoding=\"async\" class=\"image-slider__image\"\n                                 src=\"https:\/\/stiftadmont.at\/wp-content\/uploads\/Kaiserau\u00a9StefanLeitner_006-e1634723811808-768x512.jpg\"\n                                 alt=\"Kaiserau\u00a9StefanLeitner 006 e1634723811808\">\n                        <\/div>\n                    <\/div>\n                                    <div class=\"swiper-slide\">\n                        <div class=\"image-slider__media\">\n                            <img decoding=\"async\" class=\"image-slider__image\"\n                                 src=\"https:\/\/stiftadmont.at\/wp-content\/uploads\/Kaiserau\u00a9StefanLeitner_049-e1634723535425-768x512.jpg\"\n                                 alt=\"Kaiserau\u00a9StefanLeitner 049 e1634723535425\">\n                        <\/div>\n                    <\/div>\n                            <\/div>\n\n            <div class=\"swiper-nav-wrapper\">\n                <button class=\"swiper-button-prev slider-button--prev\" x-ref=\"btnPrev\"\n                        aria-label=\"Vorige Bilder anzeigen\">\n                    <img decoding=\"async\" src=\"\/wp-content\/themes\/stift-admont\/src\/assets\/img\/arrow-left-big-new.svg\" alt=\"Pfeil nach Links\">\n                <\/button>\n\n\n                <a class=\"image-slider__gallery\" @click=\"openGallery(gallery)\"><i class=\"fa-thin fa-plus\"><\/i><\/a>\n                <button class=\"swiper-button-next slider-button--next\"\n                        x-ref=\"btnNext\"\n                        aria-label=\"N\u00e4chste Bilder anzeigen\">\n                    <img decoding=\"async\" src=\"\/wp-content\/themes\/stift-admont\/src\/assets\/img\/arrow-right-big-new.svg\" alt=\"Pfeil nach Rechts\">\n                <\/button>\n            <\/div>\n        <\/div>\n    <\/div>\n\n\n<\/div><\/section>","protected":false},"excerpt":{"rendered":"","protected":false},"author":19,"featured_media":0,"parent":478,"menu_order":21,"comment_status":"closed","ping_status":"closed","template":"","meta":{"_acf_changed":false,"footnotes":""},"categories":[],"class_list":["post-19312","page","type-page","status-publish","hentry"],"acf":[],"yoast_head":"<!-- This site is optimized with the Yoast SEO Premium plugin v26.0 (Yoast SEO v26.8) - https:\/\/yoast.com\/product\/yoast-seo-premium-wordpress\/ -->\n<title>Webcam &amp; Anreiseinformation - Stift Admont<\/title>\n<meta name=\"robots\" content=\"index, follow, max-snippet:-1, max-image-preview:large, max-video-preview:-1\" \/>\n<link rel=\"canonical\" href=\"https:\/\/stiftadmont.at\/en\/family-paradise-kaiserau\/webcam-kaiserau\/\" \/>\n<meta property=\"og:locale\" content=\"en_GB\" \/>\n<meta property=\"og:type\" content=\"article\" \/>\n<meta property=\"og:title\" content=\"Webcam &amp; Anreiseinformation\" \/>\n<meta property=\"og:url\" content=\"https:\/\/stiftadmont.at\/en\/family-paradise-kaiserau\/webcam-kaiserau\/\" \/>\n<meta property=\"og:site_name\" content=\"Stift Admont\" \/>\n<meta property=\"article:modified_time\" content=\"2025-06-05T11:36:44+00:00\" \/>\n<meta property=\"og:image\" content=\"https:\/\/stiftadmont.at\/wp-content\/uploads\/Klosteranlage-innen.jpg\" \/>\n\t<meta property=\"og:image:width\" content=\"1912\" \/>\n\t<meta property=\"og:image:height\" content=\"1188\" \/>\n\t<meta property=\"og:image:type\" content=\"image\/jpeg\" \/>\n<meta name=\"twitter:card\" content=\"summary_large_image\" \/>\n<script type=\"application\/ld+json\" class=\"yoast-schema-graph\">{\"@context\":\"https:\/\/schema.org\",\"@graph\":[{\"@type\":\"WebPage\",\"@id\":\"https:\/\/stiftadmont.at\/familienparadies-kaiserau\/webcam-kaiserau\/\",\"url\":\"https:\/\/stiftadmont.at\/familienparadies-kaiserau\/webcam-kaiserau\/\",\"name\":\"Webcam &amp; Anreiseinformation - Stift Admont\",\"isPartOf\":{\"@id\":\"https:\/\/stiftadmont.at\/#website\"},\"datePublished\":\"2023-08-03T12:03:24+00:00\",\"dateModified\":\"2025-06-05T11:36:44+00:00\",\"breadcrumb\":{\"@id\":\"https:\/\/stiftadmont.at\/familienparadies-kaiserau\/webcam-kaiserau\/#breadcrumb\"},\"inLanguage\":\"en-GB\",\"potentialAction\":[{\"@type\":\"ReadAction\",\"target\":[\"https:\/\/stiftadmont.at\/familienparadies-kaiserau\/webcam-kaiserau\/\"]}]},{\"@type\":\"BreadcrumbList\",\"@id\":\"https:\/\/stiftadmont.at\/familienparadies-kaiserau\/webcam-kaiserau\/#breadcrumb\",\"itemListElement\":[{\"@type\":\"ListItem\",\"position\":1,\"name\":\"Start\",\"item\":\"https:\/\/stiftadmont.at\/\"},{\"@type\":\"ListItem\",\"position\":2,\"name\":\"Familienparadies Kaiserau\",\"item\":\"https:\/\/stiftadmont.at\/familienparadies-kaiserau\/\"},{\"@type\":\"ListItem\",\"position\":3,\"name\":\"Webcam &amp; Anreiseinformation\"}]},{\"@type\":\"WebSite\",\"@id\":\"https:\/\/stiftadmont.at\/#website\",\"url\":\"https:\/\/stiftadmont.at\/\",\"name\":\"Stift Admont\",\"description\":\"Benediktinerkloster und Sehensw\u00fcrdigkeit im Ges\u00e4use\",\"potentialAction\":[{\"@type\":\"SearchAction\",\"target\":{\"@type\":\"EntryPoint\",\"urlTemplate\":\"https:\/\/stiftadmont.at\/?s={search_term_string}\"},\"query-input\":{\"@type\":\"PropertyValueSpecification\",\"valueRequired\":true,\"valueName\":\"search_term_string\"}}],\"inLanguage\":\"en-GB\"}]}<\/script>\n<!-- \/ Yoast SEO Premium plugin. -->","yoast_head_json":{"title":"Webcam &amp; arrival information - Admont Abbey","robots":{"index":"index","follow":"follow","max-snippet":"max-snippet:-1","max-image-preview":"max-image-preview:large","max-video-preview":"max-video-preview:-1"},"canonical":"https:\/\/stiftadmont.at\/en\/family-paradise-kaiserau\/webcam-kaiserau\/","og_locale":"en_GB","og_type":"article","og_title":"Webcam &amp; Anreiseinformation","og_url":"https:\/\/stiftadmont.at\/en\/family-paradise-kaiserau\/webcam-kaiserau\/","og_site_name":"Stift Admont","article_modified_time":"2025-06-05T11:36:44+00:00","og_image":[{"width":1912,"height":1188,"url":"https:\/\/stiftadmont.at\/wp-content\/uploads\/Klosteranlage-innen.jpg","type":"image\/jpeg"}],"twitter_card":"summary_large_image","schema":{"@context":"https:\/\/schema.org","@graph":[{"@type":"WebPage","@id":"https:\/\/stiftadmont.at\/familienparadies-kaiserau\/webcam-kaiserau\/","url":"https:\/\/stiftadmont.at\/familienparadies-kaiserau\/webcam-kaiserau\/","name":"Webcam &amp; arrival information - Admont Abbey","isPartOf":{"@id":"https:\/\/stiftadmont.at\/#website"},"datePublished":"2023-08-03T12:03:24+00:00","dateModified":"2025-06-05T11:36:44+00:00","breadcrumb":{"@id":"https:\/\/stiftadmont.at\/familienparadies-kaiserau\/webcam-kaiserau\/#breadcrumb"},"inLanguage":"en-GB","potentialAction":[{"@type":"ReadAction","target":["https:\/\/stiftadmont.at\/familienparadies-kaiserau\/webcam-kaiserau\/"]}]},{"@type":"BreadcrumbList","@id":"https:\/\/stiftadmont.at\/familienparadies-kaiserau\/webcam-kaiserau\/#breadcrumb","itemListElement":[{"@type":"ListItem","position":1,"name":"Start","item":"https:\/\/stiftadmont.at\/"},{"@type":"ListItem","position":2,"name":"Familienparadies Kaiserau","item":"https:\/\/stiftadmont.at\/familienparadies-kaiserau\/"},{"@type":"ListItem","position":3,"name":"Webcam &amp; Anreiseinformation"}]},{"@type":"WebSite","@id":"https:\/\/stiftadmont.at\/#website","url":"https:\/\/stiftadmont.at\/","name":"Admont Abbey","description":"Benedictine monastery and tourist attraction in the Ges\u00e4use","potentialAction":[{"@type":"SearchAction","target":{"@type":"EntryPoint","urlTemplate":"https:\/\/stiftadmont.at\/?s={search_term_string}"},"query-input":{"@type":"PropertyValueSpecification","valueRequired":true,"valueName":"search_term_string"}}],"inLanguage":"en-GB"}]}},"_links":{"self":[{"href":"https:\/\/stiftadmont.at\/en\/wp-json\/wp\/v2\/pages\/19312","targetHints":{"allow":["GET"]}}],"collection":[{"href":"https:\/\/stiftadmont.at\/en\/wp-json\/wp\/v2\/pages"}],"about":[{"href":"https:\/\/stiftadmont.at\/en\/wp-json\/wp\/v2\/types\/page"}],"author":[{"embeddable":true,"href":"https:\/\/stiftadmont.at\/en\/wp-json\/wp\/v2\/users\/19"}],"replies":[{"embeddable":true,"href":"https:\/\/stiftadmont.at\/en\/wp-json\/wp\/v2\/comments?post=19312"}],"version-history":[{"count":24,"href":"https:\/\/stiftadmont.at\/en\/wp-json\/wp\/v2\/pages\/19312\/revisions"}],"predecessor-version":[{"id":35357,"href":"https:\/\/stiftadmont.at\/en\/wp-json\/wp\/v2\/pages\/19312\/revisions\/35357"}],"up":[{"embeddable":true,"href":"https:\/\/stiftadmont.at\/en\/wp-json\/wp\/v2\/pages\/478"}],"wp:attachment":[{"href":"https:\/\/stiftadmont.at\/en\/wp-json\/wp\/v2\/media?parent=19312"}],"wp:term":[{"taxonomy":"category","embeddable":true,"href":"https:\/\/stiftadmont.at\/en\/wp-json\/wp\/v2\/categories?post=19312"}],"curies":[{"name":"wp","href":"https:\/\/api.w.org\/{rel}","templated":true}]}}