{"id":24589,"date":"2023-12-20T11:21:47","date_gmt":"2023-12-20T09:21:47","guid":{"rendered":"https:\/\/stiftadmont.at\/?page_id=24589"},"modified":"2025-04-08T08:07:56","modified_gmt":"2025-04-08T06:07:56","slug":"between-wonderland-and-science","status":"publish","type":"page","link":"https:\/\/stiftadmont.at\/en\/aktuelle-ausstellungen\/zwischen-wunderwelt-und-wissenschaft\/","title":{"rendered":"Between wonderland and science"},"content":{"rendered":"<section id='lightpress__section--block_0fbe65ebe2b6562e51c8fb1b80bb5195' class='lightpress__section--default-section-space lightpress__section lightpress__section--content'><div class=\"content__inner\"\n         x-init=\"initContentBlockAnim($el)\">\n        \n    <div class=\"content__grid content__grid\">\n                                            <div class=\"content__box content__box--one-hundred\"\n                 style=\"\">\n                                \n                \n                                            <div class=\"prose\"><h1 class=\"line line--gold text-center\">ZWISCHEN WUNDERWELT UND WISSENSCHAFT\u00a0<\/h1>\n<p class=\"MsoNormal paragraph-m\" style=\"margin-bottom: 0cm;\">\u00a0<\/p>\n<p class=\"paragraph-m\"><em>Seit dem Barock gab es im Stift Admont ein \u201eMusaeum\u201c mit Naturobjekten und allerlei Rarit\u00e4ten. Abt Gotthard Kuglmayr hat 1809 ein \u201eNaturalien-Cabinet\u201c gegr\u00fcndet. Dieser Vorg\u00e4nger des Naturhistorischen Museums wurde w\u00e4hrend des Brandes 1865 vernichtet. Von 1866\u20131906 widmete sich Pater Gabriel Strobl seinem Auftrag zur Wiedererrichtung des zerst\u00f6rten Museums. Zun\u00e4chst wandte er sich prim\u00e4r der Botanik zu, danach der Insektenforschung. Als einer der wichtigsten Forscher seiner Zeit hat er eine Insektensammlung mit rund 252.000 Exemplaren aufgebaut. Der Bestand der Zweifl\u00fcgler\/Diptera (M\u00fccken und Fliegen) z\u00e4hlt mit mehr als 50.000 Exemplaren zu den bedeutendsten Kollektionen Europas.\u00a0<\/em><\/p>\n<\/div>\n                    \n                            <\/div>\n        \n            <\/div>\n<\/div>\n\n<\/section>\n\n<section id='lightpress__section--block_a048690f0532f06b246fa195209c18db' class='bg--beige lightpress__section--colored-bg lightpress__section--default-section-space lightpress__section lightpress__section--content'><div class=\"content__inner\"\n         x-init=\"initContentBlockAnim($el)\">\n        \n    <div class=\"content__grid content__grid--fifty-fifty\">\n                                            <div class=\"content__box content__box\"\n                 style=\"\">\n                                \n                \n                                            <div class=\"prose\"><p class=\"paragraph-m\">Im Zuge der Neugestaltung und -er\u00f6ffnung des Museums 2003 wurde ein Teil im originalen historischen Zustand belassen. Im sog. \u201eL\u00f6wenzimmer\u201c und \u201eS\u00fcdost-Pavillon\u201c sind Exponate der heimischen und exotischen Tierwelt sowie eine Sammlung von Gesteinen und Mineralien zu sehen. Ein anderer Teil der Sammlungen ist im modernen Ambiente und in teils neuen Vitrinen pr\u00e4sentiert. Neben Informationen zu P. Gabriel Strobl sind hier die Insekten, Reptilien und Amphibien vertreten. Dem \u201eNationalpark Ges\u00e4use\u201c und den naturgetreuen Wachsobst-Fr\u00fcchten von P. Constantin Keller (1778\u20131864) sind eigene R\u00e4ume gewidmet.<\/p>\n<p class=\"paragraph-m\">Die Sammlungsfotografen Volker Weinhold und Sebastian K\u00f6pcke haben alle Wachsfr\u00fcchte fotografiert. Eine Installation mit einer Auswahl dieser Fotoarbeiten l\u00e4dt zum Betreten des Raumes mit den Originalen ein. Die detailreichen Aufnahmen machen bewusst, wie vielf\u00e4ltig und weitsichtig der Obstbau in der Mitte des 19. Jahrhunderts betrieben wurde, als von \u00bbBiodiversit\u00e4t\u00ab und \u00bbNachhaltigkeit\u00ab noch keine Rede war. Die ber\u00fchmte Wachs\u00e4pfel-Sammlung im steirischen Stift Admont entstand zwischen 1815 und 1840 unter der Leitung von Pater Constantin Keller. Dieser stammte aus Graz und setzte sich in der gesamten Steiermark sehr f\u00fcr den Apfelanbau und die damit verbundenen landwirtschaftlichen Neuerungen ein. Heute sind noch 243 dieser Wachsmodelle erhalten. Sie wurden teils von Keller selbst nach Gipsabg\u00fcssen realer Fr\u00fcchte modelliert, mit echten Stielen, Bl\u00fctenresten und Details wie Sch\u00e4den durch Insektenfra\u00df oder fauligen Flecken versehen. Die gro\u00dfe Sortenvielfalt, die sie dokumentieren, ist aus der Region so gut wie verschwunden.<\/p>\n<p class=\"paragraph-m\">Ein i-T\u00fcpfelchen setzt zus\u00e4tzlich die in den Wachsfr\u00fcchte-Raum integrierte Arbeit von Hannelore Demel-Lerchster. Sie zeigt einen angebissenen und wieder \u201egesund\u201c-vern\u00e4hten Apfel und tr\u00e4gt den Titel \u201eWieder gut machen\u201c.<\/p>\n<p class=\"paragraph-m\">Eine 1986 entstandene 9-teilige Serie \u00fcberarbeiteter Druckgrafikbl\u00e4tter aus &#8222;Die bl\u00fchende Steyermark&#8220; von Arnulf Rainer tritt in den Dialog mit den Herbarien der Museumsbest\u00e4nde.<\/p>\n<p class=\"paragraph-m\">Von der K\u00fcnstlerin Lisa Huber finden sich in Anspielung auf die Insektensammlung von P. Gabriel Strobl Insektenmotive in \u00fcberdimensionale Papierschnitte transformiert.<\/p>\n<\/div>\n                    \n                            <\/div>\n        \n                                                    <div class=\"content__box content__box--2\"\n                     >\n                                        \n                    \n                                                <div class=\"content__media stickyTo\" x-init=\"imageSticky($el)\">\n\n                                                                                    <picture\n                                    class=\"content__image sticky\">\n                                <source srcset=\"https:\/\/stiftadmont.at\/wp-content\/uploads\/Naturhistorisches-Museum-Wachsfruechtesammlung_www-1024x768.webp\" type=\"image\/webp\">\n                                <source srcset=\"https:\/\/stiftadmont.at\/wp-content\/uploads\/Naturhistorisches-Museum-Wachsfruechtesammlung_www-1024x768.jpg\" type=\"image\/jpeg\">\n                                <img decoding=\"async\" class=\"sticky\" loading=\"lazy\" src=\"https:\/\/stiftadmont.at\/wp-content\/uploads\/Naturhistorisches-Museum-Wachsfruechtesammlung_www-1024x768.jpg\" alt=\"Naturhistorisches Museum Wachsfruechtesammlung www\" \/>\n\n                                                                                                                            <\/picture>\n\n                        <\/div>\n\n                                    <\/div>\n            \n            <\/div>\n<\/div>\n\n    <div class=\"background__container background__container--beige\">\n    <\/div>\n\n<\/section>\n\n<section id='lightpress__section--block_eb6e3d74900e4a1f798defced3ced34e' class='lightpress__section--default-section-space lightpress__section lightpress__section--image-slider'>\n<div class=\"image-slider\"\n     x-data=\"{ gallery: null, shown: false }\"\n     x-init=\"gallery = initSliderGallery([{&quot;href&quot;:&quot;https:\\\/\\\/stiftadmont.at\\\/wp-content\\\/uploads\\\/Kinder_Museum_c-Thomas-Sattler-36_www-1920x1280.jpg&quot;,&quot;type&quot;:&quot;image&quot;},{&quot;href&quot;:&quot;https:\\\/\\\/stiftadmont.at\\\/wp-content\\\/uploads\\\/011_Stift-Admont_\\u00a9StefanLeitner_LEI7270-1-e1648801330466-1920x1440.jpg&quot;,&quot;type&quot;:&quot;image&quot;},{&quot;href&quot;:&quot;https:\\\/\\\/stiftadmont.at\\\/wp-content\\\/uploads\\\/\\u00a9Thomas-Sattler_Stift-Admont-2-von-16_www-1920x1279.jpg&quot;,&quot;type&quot;:&quot;image&quot;},{&quot;href&quot;:&quot;https:\\\/\\\/stiftadmont.at\\\/wp-content\\\/uploads\\\/Naturhistorisches-Museum-c-Stefan-Leitner-e1648800681898-1920x1440.jpg&quot;,&quot;type&quot;:&quot;image&quot;},{&quot;href&quot;:&quot;https:\\\/\\\/stiftadmont.at\\\/wp-content\\\/uploads\\\/Kinder_Museum_c-Thomas-Sattler-43_www-1920x1280.jpg&quot;,&quot;type&quot;:&quot;image&quot;},{&quot;href&quot;:&quot;https:\\\/\\\/stiftadmont.at\\\/wp-content\\\/uploads\\\/naturhistorisches_museum-853.jpg&quot;,&quot;type&quot;:&quot;image&quot;},{&quot;href&quot;:&quot;https:\\\/\\\/stiftadmont.at\\\/wp-content\\\/uploads\\\/Kinder_Museum_c-Thomas-Sattler-48_www-1920x1280.jpg&quot;,&quot;type&quot;:&quot;image&quot;},{&quot;href&quot;:&quot;https:\\\/\\\/stiftadmont.at\\\/wp-content\\\/uploads\\\/\\u00a9Thomas-Sattler_Stift-Admont-6-von-16_www-1920x1280.jpg&quot;,&quot;type&quot;:&quot;image&quot;},{&quot;href&quot;:&quot;https:\\\/\\\/stiftadmont.at\\\/wp-content\\\/uploads\\\/028_Stift-Admont_\\u00a9StefanLeitner_LEI7290-Pano-1920x927.jpg&quot;,&quot;type&quot;:&quot;image&quot;}]); initImageSliderBlockAnim($el);\">\n    <div class=\"image-slider__inner\">\n\n        <div class=\"swiper-container\" x-init=\"initImageSliderBlock($el, $refs.btnPrev, $refs.btnNext)\">\n            <div class=\"swiper-wrapper\">\n                                    <div class=\"swiper-slide\">\n                        <div class=\"image-slider__media\">\n                            <img decoding=\"async\" class=\"image-slider__image\"\n                                 src=\"https:\/\/stiftadmont.at\/wp-content\/uploads\/Kinder_Museum_c-Thomas-Sattler-36_www-768x512.jpg\"\n                                 alt=\"Kinder Museum c Thomas Sattler 36 www\">\n                        <\/div>\n                    <\/div>\n                                    <div class=\"swiper-slide\">\n                        <div class=\"image-slider__media\">\n                            <img decoding=\"async\" class=\"image-slider__image\"\n                                 src=\"https:\/\/stiftadmont.at\/wp-content\/uploads\/011_Stift-Admont_\u00a9StefanLeitner_LEI7270-1-e1648801330466-768x576.jpg\"\n                                 alt=\"011 Stift Admont \u00a9StefanLeitner LEI7270 1 e1648801330466\">\n                        <\/div>\n                    <\/div>\n                                    <div class=\"swiper-slide\">\n                        <div class=\"image-slider__media\">\n                            <img decoding=\"async\" class=\"image-slider__image\"\n                                 src=\"https:\/\/stiftadmont.at\/wp-content\/uploads\/\u00a9Thomas-Sattler_Stift-Admont-2-von-16_www-768x512.jpg\"\n                                 alt=\"\u00a9Thomas Sattler Stift Admont (2 von 16) www\">\n                        <\/div>\n                    <\/div>\n                                    <div class=\"swiper-slide\">\n                        <div class=\"image-slider__media\">\n                            <img decoding=\"async\" class=\"image-slider__image\"\n                                 src=\"https:\/\/stiftadmont.at\/wp-content\/uploads\/Naturhistorisches-Museum-c-Stefan-Leitner-e1648800681898-768x576.jpg\"\n                                 alt=\"Stift Admont - Naturhistorisches Museum \u00a9 Stefan Leitner\">\n                        <\/div>\n                    <\/div>\n                                    <div class=\"swiper-slide\">\n                        <div class=\"image-slider__media\">\n                            <img decoding=\"async\" class=\"image-slider__image\"\n                                 src=\"https:\/\/stiftadmont.at\/wp-content\/uploads\/Kinder_Museum_c-Thomas-Sattler-43_www-768x512.jpg\"\n                                 alt=\"Kinder Museum c Thomas Sattler 43 www\">\n                        <\/div>\n                    <\/div>\n                                    <div class=\"swiper-slide\">\n                        <div class=\"image-slider__media\">\n                            <img decoding=\"async\" class=\"image-slider__image\"\n                                 src=\"https:\/\/stiftadmont.at\/wp-content\/uploads\/naturhistorisches_museum-853-768x576.jpg\"\n                                 alt=\"naturhistorisches museum 853\">\n                        <\/div>\n                    <\/div>\n                                    <div class=\"swiper-slide\">\n                        <div class=\"image-slider__media\">\n                            <img decoding=\"async\" class=\"image-slider__image\"\n                                 src=\"https:\/\/stiftadmont.at\/wp-content\/uploads\/Kinder_Museum_c-Thomas-Sattler-48_www-768x512.jpg\"\n                                 alt=\"Kinder Museum c Thomas Sattler 48 www\">\n                        <\/div>\n                    <\/div>\n                                    <div class=\"swiper-slide\">\n                        <div class=\"image-slider__media\">\n                            <img decoding=\"async\" class=\"image-slider__image\"\n                                 src=\"https:\/\/stiftadmont.at\/wp-content\/uploads\/\u00a9Thomas-Sattler_Stift-Admont-6-von-16_www-768x512.jpg\"\n                                 alt=\"\u00a9Thomas Sattler Stift Admont 6 von 16 www\">\n                        <\/div>\n                    <\/div>\n                                    <div class=\"swiper-slide\">\n                        <div class=\"image-slider__media\">\n                            <img decoding=\"async\" class=\"image-slider__image\"\n                                 src=\"https:\/\/stiftadmont.at\/wp-content\/uploads\/028_Stift-Admont_\u00a9StefanLeitner_LEI7290-Pano-768x371.jpg\"\n                                 alt=\"028 Stift Admont \u00a9StefanLeitner LEI7290 Pano scaled\">\n                        <\/div>\n                    <\/div>\n                            <\/div>\n\n            <div class=\"swiper-nav-wrapper\">\n                <button class=\"swiper-button-prev slider-button--prev\" x-ref=\"btnPrev\"\n                        aria-label=\"Vorige Bilder anzeigen\">\n                    <img decoding=\"async\" src=\"\/wp-content\/themes\/stift-admont\/src\/assets\/img\/arrow-left-big-new.svg\" alt=\"Pfeil nach Links\">\n                <\/button>\n\n\n                <a class=\"image-slider__gallery\" @click=\"openGallery(gallery)\"><i class=\"fa-thin fa-plus\"><\/i><\/a>\n                <button class=\"swiper-button-next slider-button--next\"\n                        x-ref=\"btnNext\"\n                        aria-label=\"N\u00e4chste Bilder anzeigen\">\n                    <img decoding=\"async\" src=\"\/wp-content\/themes\/stift-admont\/src\/assets\/img\/arrow-right-big-new.svg\" alt=\"Pfeil nach Rechts\">\n                <\/button>\n            <\/div>\n        <\/div>\n    <\/div>\n\n\n<\/div><\/section>","protected":false},"excerpt":{"rendered":"","protected":false},"author":7,"featured_media":24389,"parent":13092,"menu_order":0,"comment_status":"closed","ping_status":"closed","template":"","meta":{"_acf_changed":false,"footnotes":""},"categories":[74],"class_list":["post-24589","page","type-page","status-publish","has-post-thumbnail","hentry","category-aktuelle-ausstellungen"],"acf":[],"yoast_head":"<!-- This site is optimized with the Yoast SEO Premium plugin v26.0 (Yoast SEO v26.8) - https:\/\/yoast.com\/product\/yoast-seo-premium-wordpress\/ -->\n<title>Zwischen Wunderwelt und Wissenschaft - Stift Admont<\/title>\n<meta name=\"robots\" content=\"index, follow, max-snippet:-1, max-image-preview:large, max-video-preview:-1\" \/>\n<link rel=\"canonical\" href=\"https:\/\/stiftadmont.at\/en\/current-exhibitions\/between-wonderland-and-science\/\" \/>\n<meta property=\"og:locale\" content=\"en_GB\" \/>\n<meta property=\"og:type\" content=\"article\" \/>\n<meta property=\"og:title\" content=\"Zwischen Wunderwelt und Wissenschaft\" \/>\n<meta property=\"og:url\" content=\"https:\/\/stiftadmont.at\/en\/current-exhibitions\/between-wonderland-and-science\/\" \/>\n<meta property=\"og:site_name\" content=\"Stift Admont\" \/>\n<meta property=\"article:modified_time\" content=\"2025-04-08T06:07:56+00:00\" \/>\n<meta property=\"og:image\" content=\"https:\/\/stiftadmont.at\/wp-content\/uploads\/Kinder_Museum_c-Thomas-Sattler-43_www-1024x683.jpg\" \/>\n\t<meta property=\"og:image:width\" content=\"1024\" \/>\n\t<meta property=\"og:image:height\" content=\"683\" \/>\n\t<meta property=\"og:image:type\" content=\"image\/jpeg\" \/>\n<meta name=\"twitter:card\" content=\"summary_large_image\" \/>\n<meta name=\"twitter:label1\" content=\"Estimated reading time\" \/>\n\t<meta name=\"twitter:data1\" content=\"1 minute\" \/>\n<script type=\"application\/ld+json\" class=\"yoast-schema-graph\">{\"@context\":\"https:\/\/schema.org\",\"@graph\":[{\"@type\":\"WebPage\",\"@id\":\"https:\/\/stiftadmont.at\/aktuelle-ausstellungen\/zwischen-wunderwelt-und-wissenschaft\/\",\"url\":\"https:\/\/stiftadmont.at\/aktuelle-ausstellungen\/zwischen-wunderwelt-und-wissenschaft\/\",\"name\":\"Zwischen Wunderwelt und Wissenschaft - Stift Admont\",\"isPartOf\":{\"@id\":\"https:\/\/stiftadmont.at\/#website\"},\"primaryImageOfPage\":{\"@id\":\"https:\/\/stiftadmont.at\/aktuelle-ausstellungen\/zwischen-wunderwelt-und-wissenschaft\/#primaryimage\"},\"image\":{\"@id\":\"https:\/\/stiftadmont.at\/aktuelle-ausstellungen\/zwischen-wunderwelt-und-wissenschaft\/#primaryimage\"},\"thumbnailUrl\":\"https:\/\/stiftadmont.at\/wp-content\/uploads\/Kinder_Museum_c-Thomas-Sattler-43_www.jpg\",\"datePublished\":\"2023-12-20T09:21:47+00:00\",\"dateModified\":\"2025-04-08T06:07:56+00:00\",\"breadcrumb\":{\"@id\":\"https:\/\/stiftadmont.at\/aktuelle-ausstellungen\/zwischen-wunderwelt-und-wissenschaft\/#breadcrumb\"},\"inLanguage\":\"en-GB\",\"potentialAction\":[{\"@type\":\"ReadAction\",\"target\":[\"https:\/\/stiftadmont.at\/aktuelle-ausstellungen\/zwischen-wunderwelt-und-wissenschaft\/\"]}]},{\"@type\":\"ImageObject\",\"inLanguage\":\"en-GB\",\"@id\":\"https:\/\/stiftadmont.at\/aktuelle-ausstellungen\/zwischen-wunderwelt-und-wissenschaft\/#primaryimage\",\"url\":\"https:\/\/stiftadmont.at\/wp-content\/uploads\/Kinder_Museum_c-Thomas-Sattler-43_www.jpg\",\"contentUrl\":\"https:\/\/stiftadmont.at\/wp-content\/uploads\/Kinder_Museum_c-Thomas-Sattler-43_www.jpg\",\"width\":2500,\"height\":1667,\"caption\":\"Kinder Museum c Thomas Sattler 43 www\"},{\"@type\":\"BreadcrumbList\",\"@id\":\"https:\/\/stiftadmont.at\/aktuelle-ausstellungen\/zwischen-wunderwelt-und-wissenschaft\/#breadcrumb\",\"itemListElement\":[{\"@type\":\"ListItem\",\"position\":1,\"name\":\"Start\",\"item\":\"https:\/\/stiftadmont.at\/\"},{\"@type\":\"ListItem\",\"position\":2,\"name\":\"Aktuelle Ausstellungen\",\"item\":\"https:\/\/stiftadmont.at\/aktuelle-ausstellungen\/\"},{\"@type\":\"ListItem\",\"position\":3,\"name\":\"Zwischen Wunderwelt und Wissenschaft\"}]},{\"@type\":\"WebSite\",\"@id\":\"https:\/\/stiftadmont.at\/#website\",\"url\":\"https:\/\/stiftadmont.at\/\",\"name\":\"Stift Admont\",\"description\":\"Benediktinerkloster und Sehensw\u00fcrdigkeit im Ges\u00e4use\",\"potentialAction\":[{\"@type\":\"SearchAction\",\"target\":{\"@type\":\"EntryPoint\",\"urlTemplate\":\"https:\/\/stiftadmont.at\/?s={search_term_string}\"},\"query-input\":{\"@type\":\"PropertyValueSpecification\",\"valueRequired\":true,\"valueName\":\"search_term_string\"}}],\"inLanguage\":\"en-GB\"}]}<\/script>\n<!-- \/ Yoast SEO Premium plugin. -->","yoast_head_json":{"title":"Between wonderland and science - Admont Abbey","robots":{"index":"index","follow":"follow","max-snippet":"max-snippet:-1","max-image-preview":"max-image-preview:large","max-video-preview":"max-video-preview:-1"},"canonical":"https:\/\/stiftadmont.at\/en\/current-exhibitions\/between-wonderland-and-science\/","og_locale":"en_GB","og_type":"article","og_title":"Zwischen Wunderwelt und Wissenschaft","og_url":"https:\/\/stiftadmont.at\/en\/current-exhibitions\/between-wonderland-and-science\/","og_site_name":"Stift Admont","article_modified_time":"2025-04-08T06:07:56+00:00","og_image":[{"width":1024,"height":683,"url":"https:\/\/stiftadmont.at\/wp-content\/uploads\/Kinder_Museum_c-Thomas-Sattler-43_www-1024x683.jpg","type":"image\/jpeg"}],"twitter_card":"summary_large_image","twitter_misc":{"Estimated reading time":"1 minute"},"schema":{"@context":"https:\/\/schema.org","@graph":[{"@type":"WebPage","@id":"https:\/\/stiftadmont.at\/aktuelle-ausstellungen\/zwischen-wunderwelt-und-wissenschaft\/","url":"https:\/\/stiftadmont.at\/aktuelle-ausstellungen\/zwischen-wunderwelt-und-wissenschaft\/","name":"Between wonderland and science - Admont Abbey","isPartOf":{"@id":"https:\/\/stiftadmont.at\/#website"},"primaryImageOfPage":{"@id":"https:\/\/stiftadmont.at\/aktuelle-ausstellungen\/zwischen-wunderwelt-und-wissenschaft\/#primaryimage"},"image":{"@id":"https:\/\/stiftadmont.at\/aktuelle-ausstellungen\/zwischen-wunderwelt-und-wissenschaft\/#primaryimage"},"thumbnailUrl":"https:\/\/stiftadmont.at\/wp-content\/uploads\/Kinder_Museum_c-Thomas-Sattler-43_www.jpg","datePublished":"2023-12-20T09:21:47+00:00","dateModified":"2025-04-08T06:07:56+00:00","breadcrumb":{"@id":"https:\/\/stiftadmont.at\/aktuelle-ausstellungen\/zwischen-wunderwelt-und-wissenschaft\/#breadcrumb"},"inLanguage":"en-GB","potentialAction":[{"@type":"ReadAction","target":["https:\/\/stiftadmont.at\/aktuelle-ausstellungen\/zwischen-wunderwelt-und-wissenschaft\/"]}]},{"@type":"ImageObject","inLanguage":"en-GB","@id":"https:\/\/stiftadmont.at\/aktuelle-ausstellungen\/zwischen-wunderwelt-und-wissenschaft\/#primaryimage","url":"https:\/\/stiftadmont.at\/wp-content\/uploads\/Kinder_Museum_c-Thomas-Sattler-43_www.jpg","contentUrl":"https:\/\/stiftadmont.at\/wp-content\/uploads\/Kinder_Museum_c-Thomas-Sattler-43_www.jpg","width":2500,"height":1667,"caption":"Kinder Museum c Thomas Sattler 43 www"},{"@type":"BreadcrumbList","@id":"https:\/\/stiftadmont.at\/aktuelle-ausstellungen\/zwischen-wunderwelt-und-wissenschaft\/#breadcrumb","itemListElement":[{"@type":"ListItem","position":1,"name":"Start","item":"https:\/\/stiftadmont.at\/"},{"@type":"ListItem","position":2,"name":"Aktuelle Ausstellungen","item":"https:\/\/stiftadmont.at\/aktuelle-ausstellungen\/"},{"@type":"ListItem","position":3,"name":"Zwischen Wunderwelt und Wissenschaft"}]},{"@type":"WebSite","@id":"https:\/\/stiftadmont.at\/#website","url":"https:\/\/stiftadmont.at\/","name":"Admont Abbey","description":"Benedictine monastery and tourist attraction in the Ges\u00e4use","potentialAction":[{"@type":"SearchAction","target":{"@type":"EntryPoint","urlTemplate":"https:\/\/stiftadmont.at\/?s={search_term_string}"},"query-input":{"@type":"PropertyValueSpecification","valueRequired":true,"valueName":"search_term_string"}}],"inLanguage":"en-GB"}]}},"_links":{"self":[{"href":"https:\/\/stiftadmont.at\/en\/wp-json\/wp\/v2\/pages\/24589","targetHints":{"allow":["GET"]}}],"collection":[{"href":"https:\/\/stiftadmont.at\/en\/wp-json\/wp\/v2\/pages"}],"about":[{"href":"https:\/\/stiftadmont.at\/en\/wp-json\/wp\/v2\/types\/page"}],"author":[{"embeddable":true,"href":"https:\/\/stiftadmont.at\/en\/wp-json\/wp\/v2\/users\/7"}],"replies":[{"embeddable":true,"href":"https:\/\/stiftadmont.at\/en\/wp-json\/wp\/v2\/comments?post=24589"}],"version-history":[{"count":11,"href":"https:\/\/stiftadmont.at\/en\/wp-json\/wp\/v2\/pages\/24589\/revisions"}],"predecessor-version":[{"id":34247,"href":"https:\/\/stiftadmont.at\/en\/wp-json\/wp\/v2\/pages\/24589\/revisions\/34247"}],"up":[{"embeddable":true,"href":"https:\/\/stiftadmont.at\/en\/wp-json\/wp\/v2\/pages\/13092"}],"wp:featuredmedia":[{"embeddable":true,"href":"https:\/\/stiftadmont.at\/en\/wp-json\/wp\/v2\/media\/24389"}],"wp:attachment":[{"href":"https:\/\/stiftadmont.at\/en\/wp-json\/wp\/v2\/media?parent=24589"}],"wp:term":[{"taxonomy":"category","embeddable":true,"href":"https:\/\/stiftadmont.at\/en\/wp-json\/wp\/v2\/categories?post=24589"}],"curies":[{"name":"wp","href":"https:\/\/api.w.org\/{rel}","templated":true}]}}