{"id":24594,"date":"2023-12-20T11:21:42","date_gmt":"2023-12-20T09:21:42","guid":{"rendered":"https:\/\/stiftadmont.at\/?page_id=24594"},"modified":"2025-06-11T08:40:20","modified_gmt":"2025-06-11T06:40:20","slug":"splendour-and-erudition-the-largest-monastery-library-in-the-world","status":"publish","type":"page","link":"https:\/\/stiftadmont.at\/en\/aktuelle-ausstellungen\/glanz-und-gelehrsamkeit-die-groesste-klosterbibliothek-der-welt\/","title":{"rendered":"Splendour &amp; Scholarship - The largest monastery library in the world"},"content":{"rendered":"<section id='lightpress__section--block_f1c3d1f5069367b80fce7e5421692f76' class='align-center lightpress__section--default-section-space lightpress__section lightpress__section--headline'><div class=\"headline__container\">\n            <h2 class=\"headline text--40 text-medium line line--gold line-above line-middle\">GLANZ &#038; GELEHRSAMKEIT &#8211; Die gr\u00f6\u00dfte Klosterbibliothek der Welt&#8230; Ein barockes Gesamtkunstwerk<\/h2>\n        <p class=\"text-center text-gold text--20 text-medium text--uppercase\">In einer Zeit der Superlative reiht sich die Stiftsbibliothek der Benediktinerabtei Admont gerne ein \u2013 in fr\u00fcheren Zeiten als \u201eAchtes Weltwunder\u201c bezeichnet \u2013 als gr\u00f6\u00dfter kl\u00f6sterlicher Bibliothekssaal der Welt. <\/p>\n        <div class=\"spacer--40\"><\/div>\n<\/div>\n\n<\/section>\n\n<section id='lightpress__section--block_9e75c612e2e507cf752a53041e5a8256' class='lightpress__section--default-section-space lightpress__section lightpress__section--content'><div class=\"content__inner\"\n         x-init=\"initContentBlockAnim($el)\">\n        \n    <div class=\"content__grid content__grid--fifty-fifty\">\n                                            <div class=\"content__box content__box\"\n                 style=\"\">\n                                \n                \n                                            <div class=\"prose\"><p>Diesen Anspruch erhebt sie durch die r\u00e4umlichen Dimensionen und nicht durch den dort aufbewahrten <strong>Buchbestand von etwa 60.000 B\u00fcchern. Der Saal ist 70 Meter lang, 14 Meter breit und bis in den Gew\u00f6lbescheitel \u00fcber elf (im Mittelraum sogar \u00fcber zw\u00f6lf) Meter hoch. <\/strong>48 Fenster geben das n\u00f6tige Licht, zw\u00f6lf weitere Fenster sind hinter den B\u00fccherk\u00e4sten versteckt. Es ist das Licht, das diesen majest\u00e4tischen Raum mit seiner beeindruckenden Gr\u00f6\u00dfe zu einem Saal der Offenheit, der Aufkl\u00e4rung und eines liberalistischen Geistes macht. Neben dem Licht sind es die Farben, die dem Raum sein unvergleichliches Aussehen verleihen: das Wei\u00df der Regale, das Gold in Verzierungen und Ornamenten sowie die bronzefarbenen Skulpturen und Schnitzwerke \u2013 ein Meisterwerk des Sp\u00e4tbarocks, geplant durch den Architekten Joseph Hueber.<\/p>\n<p>\u00a0<\/p>\n<p>Die Vollendung der Raumschale geschah um 1776, die wichtigsten beteiligten K\u00fcnstler waren Bartolomeo Altomonte (Deckenfresken) und Joseph Stammel (Holzskulpturen). Die Aufstellung der B\u00fccher im gro\u00dfen Bibliothekssaal entspricht heute noch jenem gut durchdachten Gliederungskonzept, das schon bei der Fertigstellung des Raumes entwickelt worden war. Der Bestand wurde in Sachgruppen aufgegliedert, die auch heute noch an den lateinischen Aufschriften auf den Kartuschen an den gro\u00dfen B\u00fccherschr\u00e4nken ablesbar sind.<\/p>\n<\/div>\n                    \n                            <\/div>\n        \n                                                    <div class=\"content__box content__box--2\"\n                     >\n                                        \n                    \n                                                <div class=\"content__media stickyTo\" x-init=\"imageSticky($el)\">\n\n                                                                                    <picture\n                                    class=\"content__image sticky\">\n                                <source srcset=\"https:\/\/stiftadmont.at\/wp-content\/uploads\/Kinder_Museum_c-Thomas-Sattler-52_www-1024x683.webp\" type=\"image\/webp\">\n                                <source srcset=\"https:\/\/stiftadmont.at\/wp-content\/uploads\/Kinder_Museum_c-Thomas-Sattler-52_www-1024x683.jpg\" type=\"image\/jpeg\">\n                                <img decoding=\"async\" class=\"sticky\" loading=\"lazy\" src=\"https:\/\/stiftadmont.at\/wp-content\/uploads\/Kinder_Museum_c-Thomas-Sattler-52_www-1024x683.jpg\" alt=\"Kinder Museum c Thomas Sattler 52 www\" \/>\n\n                                                                                                                            <\/picture>\n\n                        <\/div>\n\n                                    <\/div>\n            \n            <\/div>\n<\/div>\n\n<\/section>\n\n<section id='lightpress__section--block_7f40de528f06b4d41f965933ab80d849' class='lightpress__section--default-section-space lightpress__section lightpress__section--image-slider'>\n<div class=\"image-slider\"\n     x-data=\"{ gallery: null, shown: false }\"\n     x-init=\"gallery = initSliderGallery([{&quot;href&quot;:&quot;https:\\\/\\\/stiftadmont.at\\\/wp-content\\\/uploads\\\/Kinder_Museum_c-Thomas-Sattler-55_www-1920x1280.jpg&quot;,&quot;type&quot;:&quot;image&quot;},{&quot;href&quot;:&quot;https:\\\/\\\/stiftadmont.at\\\/wp-content\\\/uploads\\\/Bibliothek_hohe-Quali.jpg&quot;,&quot;type&quot;:&quot;image&quot;},{&quot;href&quot;:&quot;https:\\\/\\\/stiftadmont.at\\\/wp-content\\\/uploads\\\/Die-Stiftsbibliothek-b-3.jpg&quot;,&quot;type&quot;:&quot;image&quot;},{&quot;href&quot;:&quot;https:\\\/\\\/stiftadmont.at\\\/wp-content\\\/uploads\\\/Kinder_Museum_c-Thomas-Sattler-61_www-1920x1280.jpg&quot;,&quot;type&quot;:&quot;image&quot;},{&quot;href&quot;:&quot;https:\\\/\\\/stiftadmont.at\\\/wp-content\\\/uploads\\\/Kinder_Museum_c-Thomas-Sattler-57_www-1920x1280.jpg&quot;,&quot;type&quot;:&quot;image&quot;},{&quot;href&quot;:&quot;https:\\\/\\\/stiftadmont.at\\\/wp-content\\\/uploads\\\/\\u00a9Thomas-Sattler_Kinder-Bibliothek.jpg&quot;,&quot;type&quot;:&quot;image&quot;},{&quot;href&quot;:&quot;https:\\\/\\\/stiftadmont.at\\\/wp-content\\\/uploads\\\/Stift_Admont_\\u00a9StefanLeitner_014.jpg&quot;,&quot;type&quot;:&quot;image&quot;},{&quot;href&quot;:&quot;https:\\\/\\\/stiftadmont.at\\\/wp-content\\\/uploads\\\/Bibliothek-4LETZTE3-R.jpg&quot;,&quot;type&quot;:&quot;image&quot;},{&quot;href&quot;:&quot;https:\\\/\\\/stiftadmont.at\\\/wp-content\\\/uploads\\\/Stift_Admont_\\u00a9StefanLeitner_015.jpg&quot;,&quot;type&quot;:&quot;image&quot;},{&quot;href&quot;:&quot;https:\\\/\\\/stiftadmont.at\\\/wp-content\\\/uploads\\\/Bibliothek4LETZTE2.jpg&quot;,&quot;type&quot;:&quot;image&quot;},{&quot;href&quot;:&quot;https:\\\/\\\/stiftadmont.at\\\/wp-content\\\/uploads\\\/Stift_Admont_\\u00a9StefanLeitner_013.jpg&quot;,&quot;type&quot;:&quot;image&quot;}]); initImageSliderBlockAnim($el);\">\n    <div class=\"image-slider__inner\">\n\n        <div class=\"swiper-container\" x-init=\"initImageSliderBlock($el, $refs.btnPrev, $refs.btnNext)\">\n            <div class=\"swiper-wrapper\">\n                                    <div class=\"swiper-slide\">\n                        <div class=\"image-slider__media\">\n                            <img decoding=\"async\" class=\"image-slider__image\"\n                                 src=\"https:\/\/stiftadmont.at\/wp-content\/uploads\/Kinder_Museum_c-Thomas-Sattler-55_www-768x512.jpg\"\n                                 alt=\"Kinder Museum c Thomas Sattler 55 www\">\n                        <\/div>\n                    <\/div>\n                                    <div class=\"swiper-slide\">\n                        <div class=\"image-slider__media\">\n                            <img decoding=\"async\" class=\"image-slider__image\"\n                                 src=\"https:\/\/stiftadmont.at\/wp-content\/uploads\/Bibliothek_hohe-Quali-768x545.jpg\"\n                                 alt=\"Stift Admont - Weltgr\u00f6\u00dfte Klosterbibliothek \u00a9 Stefan Leitner\">\n                        <\/div>\n                    <\/div>\n                                    <div class=\"swiper-slide\">\n                        <div class=\"image-slider__media\">\n                            <img decoding=\"async\" class=\"image-slider__image\"\n                                 src=\"https:\/\/stiftadmont.at\/wp-content\/uploads\/Die-Stiftsbibliothek-b-3-768x961.jpg\"\n                                 alt=\"Stift Admont - Die vier letzten Dinge von Josef Stammel\">\n                        <\/div>\n                    <\/div>\n                                    <div class=\"swiper-slide\">\n                        <div class=\"image-slider__media\">\n                            <img decoding=\"async\" class=\"image-slider__image\"\n                                 src=\"https:\/\/stiftadmont.at\/wp-content\/uploads\/Kinder_Museum_c-Thomas-Sattler-61_www-768x512.jpg\"\n                                 alt=\"Kinder Museum c Thomas Sattler 61 www\">\n                        <\/div>\n                    <\/div>\n                                    <div class=\"swiper-slide\">\n                        <div class=\"image-slider__media\">\n                            <img decoding=\"async\" class=\"image-slider__image\"\n                                 src=\"https:\/\/stiftadmont.at\/wp-content\/uploads\/Kinder_Museum_c-Thomas-Sattler-57_www-768x512.jpg\"\n                                 alt=\"Kinder Museum c Thomas Sattler 57 www\">\n                        <\/div>\n                    <\/div>\n                                    <div class=\"swiper-slide\">\n                        <div class=\"image-slider__media\">\n                            <img decoding=\"async\" class=\"image-slider__image\"\n                                 src=\"https:\/\/stiftadmont.at\/wp-content\/uploads\/\u00a9Thomas-Sattler_Kinder-Bibliothek-768x512.jpg\"\n                                 alt=\"\u00a9Thomas Sattler Kinder Bibliothek\">\n                        <\/div>\n                    <\/div>\n                                    <div class=\"swiper-slide\">\n                        <div class=\"image-slider__media\">\n                            <img decoding=\"async\" class=\"image-slider__image\"\n                                 src=\"https:\/\/stiftadmont.at\/wp-content\/uploads\/Stift_Admont_\u00a9StefanLeitner_014-768x576.jpg\"\n                                 alt=\"Stift Admont - M\u00f6nche in der Klosterbibliothek \u00a9 Stefan Leitner\">\n                        <\/div>\n                    <\/div>\n                                    <div class=\"swiper-slide\">\n                        <div class=\"image-slider__media\">\n                            <img decoding=\"async\" class=\"image-slider__image\"\n                                 src=\"https:\/\/stiftadmont.at\/wp-content\/uploads\/Bibliothek-4LETZTE3-R-768x973.jpg\"\n                                 alt=\"Stift Admont - Die vier letzten Dinge von Josef Stammel\">\n                        <\/div>\n                    <\/div>\n                                    <div class=\"swiper-slide\">\n                        <div class=\"image-slider__media\">\n                            <img decoding=\"async\" class=\"image-slider__image\"\n                                 src=\"https:\/\/stiftadmont.at\/wp-content\/uploads\/Stift_Admont_\u00a9StefanLeitner_015-768x576.jpg\"\n                                 alt=\"Stift Admont - M\u00f6nche in der Klosterbibliothek \u00a9 Stefan Leitner\">\n                        <\/div>\n                    <\/div>\n                                    <div class=\"swiper-slide\">\n                        <div class=\"image-slider__media\">\n                            <img decoding=\"async\" class=\"image-slider__image\"\n                                 src=\"https:\/\/stiftadmont.at\/wp-content\/uploads\/Bibliothek4LETZTE2-768x963.jpg\"\n                                 alt=\"Stift Admont - Die vier letzten Dinge von Josef Stammel\">\n                        <\/div>\n                    <\/div>\n                                    <div class=\"swiper-slide\">\n                        <div class=\"image-slider__media\">\n                            <img decoding=\"async\" class=\"image-slider__image\"\n                                 src=\"https:\/\/stiftadmont.at\/wp-content\/uploads\/Stift_Admont_\u00a9StefanLeitner_013-768x576.jpg\"\n                                 alt=\"Stift Admont - M\u00f6nche in der Klosterbibliothek \u00a9 Stefan Leitner\">\n                        <\/div>\n                    <\/div>\n                            <\/div>\n\n            <div class=\"swiper-nav-wrapper\">\n                <button class=\"swiper-button-prev slider-button--prev\" x-ref=\"btnPrev\"\n                        aria-label=\"Vorige Bilder anzeigen\">\n                    <img decoding=\"async\" src=\"\/wp-content\/themes\/stift-admont\/src\/assets\/img\/arrow-left-big-new.svg\" alt=\"Pfeil nach Links\">\n                <\/button>\n\n\n                <a class=\"image-slider__gallery\" @click=\"openGallery(gallery)\"><i class=\"fa-thin fa-plus\"><\/i><\/a>\n                <button class=\"swiper-button-next slider-button--next\"\n                        x-ref=\"btnNext\"\n                        aria-label=\"N\u00e4chste Bilder anzeigen\">\n                    <img decoding=\"async\" src=\"\/wp-content\/themes\/stift-admont\/src\/assets\/img\/arrow-right-big-new.svg\" alt=\"Pfeil nach Rechts\">\n                <\/button>\n            <\/div>\n        <\/div>\n    <\/div>\n\n\n<\/div><\/section>","protected":false},"excerpt":{"rendered":"","protected":false},"author":7,"featured_media":13109,"parent":13092,"menu_order":0,"comment_status":"closed","ping_status":"closed","template":"","meta":{"_acf_changed":false,"footnotes":""},"categories":[74],"class_list":["post-24594","page","type-page","status-publish","has-post-thumbnail","hentry","category-aktuelle-ausstellungen"],"acf":[],"yoast_head":"<!-- This site is optimized with the Yoast SEO Premium plugin v26.0 (Yoast SEO v26.8) - https:\/\/yoast.com\/product\/yoast-seo-premium-wordpress\/ -->\n<title>Glanz &amp; Gelehrsamkeit \u2013 Die gr\u00f6\u00dfte Klosterbibliothek der Welt - Stift Admont<\/title>\n<meta name=\"robots\" content=\"index, follow, max-snippet:-1, max-image-preview:large, max-video-preview:-1\" \/>\n<link rel=\"canonical\" href=\"https:\/\/stiftadmont.at\/en\/current-exhibitions\/splendour-and-erudition-the-largest-monastery-library-in-the-world\/\" \/>\n<meta property=\"og:locale\" content=\"en_GB\" \/>\n<meta property=\"og:type\" content=\"article\" \/>\n<meta property=\"og:title\" content=\"Glanz &amp; Gelehrsamkeit \u2013 Die gr\u00f6\u00dfte Klosterbibliothek der Welt\" \/>\n<meta property=\"og:url\" content=\"https:\/\/stiftadmont.at\/en\/current-exhibitions\/splendour-and-erudition-the-largest-monastery-library-in-the-world\/\" \/>\n<meta property=\"og:site_name\" content=\"Stift Admont\" \/>\n<meta property=\"article:modified_time\" content=\"2025-06-11T06:40:20+00:00\" \/>\n<meta property=\"og:image\" content=\"https:\/\/stiftadmont.at\/wp-content\/uploads\/Bibliothek_hohe-Quali.jpg\" \/>\n\t<meta property=\"og:image:width\" content=\"1791\" \/>\n\t<meta property=\"og:image:height\" content=\"1272\" \/>\n\t<meta property=\"og:image:type\" content=\"image\/jpeg\" \/>\n<meta name=\"twitter:card\" content=\"summary_large_image\" \/>\n<meta name=\"twitter:label1\" content=\"Estimated reading time\" \/>\n\t<meta name=\"twitter:data1\" content=\"1 minute\" \/>\n<script type=\"application\/ld+json\" class=\"yoast-schema-graph\">{\"@context\":\"https:\/\/schema.org\",\"@graph\":[{\"@type\":\"WebPage\",\"@id\":\"https:\/\/stiftadmont.at\/aktuelle-ausstellungen\/glanz-und-gelehrsamkeit-die-groesste-klosterbibliothek-der-welt\/\",\"url\":\"https:\/\/stiftadmont.at\/aktuelle-ausstellungen\/glanz-und-gelehrsamkeit-die-groesste-klosterbibliothek-der-welt\/\",\"name\":\"Glanz &amp; Gelehrsamkeit \u2013 Die gr\u00f6\u00dfte Klosterbibliothek der Welt - Stift Admont\",\"isPartOf\":{\"@id\":\"https:\/\/stiftadmont.at\/#website\"},\"primaryImageOfPage\":{\"@id\":\"https:\/\/stiftadmont.at\/aktuelle-ausstellungen\/glanz-und-gelehrsamkeit-die-groesste-klosterbibliothek-der-welt\/#primaryimage\"},\"image\":{\"@id\":\"https:\/\/stiftadmont.at\/aktuelle-ausstellungen\/glanz-und-gelehrsamkeit-die-groesste-klosterbibliothek-der-welt\/#primaryimage\"},\"thumbnailUrl\":\"https:\/\/stiftadmont.at\/wp-content\/uploads\/Bibliothek_hohe-Quali.jpg\",\"datePublished\":\"2023-12-20T09:21:42+00:00\",\"dateModified\":\"2025-06-11T06:40:20+00:00\",\"breadcrumb\":{\"@id\":\"https:\/\/stiftadmont.at\/aktuelle-ausstellungen\/glanz-und-gelehrsamkeit-die-groesste-klosterbibliothek-der-welt\/#breadcrumb\"},\"inLanguage\":\"en-GB\",\"potentialAction\":[{\"@type\":\"ReadAction\",\"target\":[\"https:\/\/stiftadmont.at\/aktuelle-ausstellungen\/glanz-und-gelehrsamkeit-die-groesste-klosterbibliothek-der-welt\/\"]}]},{\"@type\":\"ImageObject\",\"inLanguage\":\"en-GB\",\"@id\":\"https:\/\/stiftadmont.at\/aktuelle-ausstellungen\/glanz-und-gelehrsamkeit-die-groesste-klosterbibliothek-der-welt\/#primaryimage\",\"url\":\"https:\/\/stiftadmont.at\/wp-content\/uploads\/Bibliothek_hohe-Quali.jpg\",\"contentUrl\":\"https:\/\/stiftadmont.at\/wp-content\/uploads\/Bibliothek_hohe-Quali.jpg\",\"width\":1791,\"height\":1272,\"caption\":\"Stift Admont - Weltgr\u00f6\u00dfte Klosterbibliothek \u00a9 Stefan Leitner\"},{\"@type\":\"BreadcrumbList\",\"@id\":\"https:\/\/stiftadmont.at\/aktuelle-ausstellungen\/glanz-und-gelehrsamkeit-die-groesste-klosterbibliothek-der-welt\/#breadcrumb\",\"itemListElement\":[{\"@type\":\"ListItem\",\"position\":1,\"name\":\"Start\",\"item\":\"https:\/\/stiftadmont.at\/\"},{\"@type\":\"ListItem\",\"position\":2,\"name\":\"Aktuelle Ausstellungen\",\"item\":\"https:\/\/stiftadmont.at\/aktuelle-ausstellungen\/\"},{\"@type\":\"ListItem\",\"position\":3,\"name\":\"Glanz &amp; Gelehrsamkeit \u2013 Die gr\u00f6\u00dfte Klosterbibliothek der Welt\"}]},{\"@type\":\"WebSite\",\"@id\":\"https:\/\/stiftadmont.at\/#website\",\"url\":\"https:\/\/stiftadmont.at\/\",\"name\":\"Stift Admont\",\"description\":\"Benediktinerkloster und Sehensw\u00fcrdigkeit im Ges\u00e4use\",\"potentialAction\":[{\"@type\":\"SearchAction\",\"target\":{\"@type\":\"EntryPoint\",\"urlTemplate\":\"https:\/\/stiftadmont.at\/?s={search_term_string}\"},\"query-input\":{\"@type\":\"PropertyValueSpecification\",\"valueRequired\":true,\"valueName\":\"search_term_string\"}}],\"inLanguage\":\"en-GB\"}]}<\/script>\n<!-- \/ Yoast SEO Premium plugin. -->","yoast_head_json":{"title":"Splendour &amp; Scholarship - The largest monastery library in the world - Admont Abbey","robots":{"index":"index","follow":"follow","max-snippet":"max-snippet:-1","max-image-preview":"max-image-preview:large","max-video-preview":"max-video-preview:-1"},"canonical":"https:\/\/stiftadmont.at\/en\/current-exhibitions\/splendour-and-erudition-the-largest-monastery-library-in-the-world\/","og_locale":"en_GB","og_type":"article","og_title":"Glanz &amp; Gelehrsamkeit \u2013 Die gr\u00f6\u00dfte Klosterbibliothek der Welt","og_url":"https:\/\/stiftadmont.at\/en\/current-exhibitions\/splendour-and-erudition-the-largest-monastery-library-in-the-world\/","og_site_name":"Stift Admont","article_modified_time":"2025-06-11T06:40:20+00:00","og_image":[{"width":1791,"height":1272,"url":"https:\/\/stiftadmont.at\/wp-content\/uploads\/Bibliothek_hohe-Quali.jpg","type":"image\/jpeg"}],"twitter_card":"summary_large_image","twitter_misc":{"Estimated reading time":"1 minute"},"schema":{"@context":"https:\/\/schema.org","@graph":[{"@type":"WebPage","@id":"https:\/\/stiftadmont.at\/aktuelle-ausstellungen\/glanz-und-gelehrsamkeit-die-groesste-klosterbibliothek-der-welt\/","url":"https:\/\/stiftadmont.at\/aktuelle-ausstellungen\/glanz-und-gelehrsamkeit-die-groesste-klosterbibliothek-der-welt\/","name":"Splendour &amp; Scholarship - The largest monastery library in the world - Admont Abbey","isPartOf":{"@id":"https:\/\/stiftadmont.at\/#website"},"primaryImageOfPage":{"@id":"https:\/\/stiftadmont.at\/aktuelle-ausstellungen\/glanz-und-gelehrsamkeit-die-groesste-klosterbibliothek-der-welt\/#primaryimage"},"image":{"@id":"https:\/\/stiftadmont.at\/aktuelle-ausstellungen\/glanz-und-gelehrsamkeit-die-groesste-klosterbibliothek-der-welt\/#primaryimage"},"thumbnailUrl":"https:\/\/stiftadmont.at\/wp-content\/uploads\/Bibliothek_hohe-Quali.jpg","datePublished":"2023-12-20T09:21:42+00:00","dateModified":"2025-06-11T06:40:20+00:00","breadcrumb":{"@id":"https:\/\/stiftadmont.at\/aktuelle-ausstellungen\/glanz-und-gelehrsamkeit-die-groesste-klosterbibliothek-der-welt\/#breadcrumb"},"inLanguage":"en-GB","potentialAction":[{"@type":"ReadAction","target":["https:\/\/stiftadmont.at\/aktuelle-ausstellungen\/glanz-und-gelehrsamkeit-die-groesste-klosterbibliothek-der-welt\/"]}]},{"@type":"ImageObject","inLanguage":"en-GB","@id":"https:\/\/stiftadmont.at\/aktuelle-ausstellungen\/glanz-und-gelehrsamkeit-die-groesste-klosterbibliothek-der-welt\/#primaryimage","url":"https:\/\/stiftadmont.at\/wp-content\/uploads\/Bibliothek_hohe-Quali.jpg","contentUrl":"https:\/\/stiftadmont.at\/wp-content\/uploads\/Bibliothek_hohe-Quali.jpg","width":1791,"height":1272,"caption":"Stift Admont - Weltgr\u00f6\u00dfte Klosterbibliothek \u00a9 Stefan Leitner"},{"@type":"BreadcrumbList","@id":"https:\/\/stiftadmont.at\/aktuelle-ausstellungen\/glanz-und-gelehrsamkeit-die-groesste-klosterbibliothek-der-welt\/#breadcrumb","itemListElement":[{"@type":"ListItem","position":1,"name":"Start","item":"https:\/\/stiftadmont.at\/"},{"@type":"ListItem","position":2,"name":"Aktuelle Ausstellungen","item":"https:\/\/stiftadmont.at\/aktuelle-ausstellungen\/"},{"@type":"ListItem","position":3,"name":"Glanz &amp; Gelehrsamkeit \u2013 Die gr\u00f6\u00dfte Klosterbibliothek der Welt"}]},{"@type":"WebSite","@id":"https:\/\/stiftadmont.at\/#website","url":"https:\/\/stiftadmont.at\/","name":"Admont Abbey","description":"Benedictine monastery and tourist attraction in the Ges\u00e4use","potentialAction":[{"@type":"SearchAction","target":{"@type":"EntryPoint","urlTemplate":"https:\/\/stiftadmont.at\/?s={search_term_string}"},"query-input":{"@type":"PropertyValueSpecification","valueRequired":true,"valueName":"search_term_string"}}],"inLanguage":"en-GB"}]}},"_links":{"self":[{"href":"https:\/\/stiftadmont.at\/en\/wp-json\/wp\/v2\/pages\/24594","targetHints":{"allow":["GET"]}}],"collection":[{"href":"https:\/\/stiftadmont.at\/en\/wp-json\/wp\/v2\/pages"}],"about":[{"href":"https:\/\/stiftadmont.at\/en\/wp-json\/wp\/v2\/types\/page"}],"author":[{"embeddable":true,"href":"https:\/\/stiftadmont.at\/en\/wp-json\/wp\/v2\/users\/7"}],"replies":[{"embeddable":true,"href":"https:\/\/stiftadmont.at\/en\/wp-json\/wp\/v2\/comments?post=24594"}],"version-history":[{"count":26,"href":"https:\/\/stiftadmont.at\/en\/wp-json\/wp\/v2\/pages\/24594\/revisions"}],"predecessor-version":[{"id":35480,"href":"https:\/\/stiftadmont.at\/en\/wp-json\/wp\/v2\/pages\/24594\/revisions\/35480"}],"up":[{"embeddable":true,"href":"https:\/\/stiftadmont.at\/en\/wp-json\/wp\/v2\/pages\/13092"}],"wp:featuredmedia":[{"embeddable":true,"href":"https:\/\/stiftadmont.at\/en\/wp-json\/wp\/v2\/media\/13109"}],"wp:attachment":[{"href":"https:\/\/stiftadmont.at\/en\/wp-json\/wp\/v2\/media?parent=24594"}],"wp:term":[{"taxonomy":"category","embeddable":true,"href":"https:\/\/stiftadmont.at\/en\/wp-json\/wp\/v2\/categories?post=24594"}],"curies":[{"name":"wp","href":"https:\/\/api.w.org\/{rel}","templated":true}]}}