{"id":33942,"date":"2025-03-25T13:26:08","date_gmt":"2025-03-25T11:26:08","guid":{"rendered":"https:\/\/stiftadmont.at\/?page_id=33942"},"modified":"2025-03-25T13:28:29","modified_gmt":"2025-03-25T11:28:29","slug":"johnsbach","status":"publish","type":"page","link":"https:\/\/stiftadmont.at\/en\/pfarren\/johnsbach\/","title":{"rendered":"The parish of Johnsbach"},"content":{"rendered":"<section id='lightpress__section--block_4b894581a9c928820668aba9266144f6' class='align-center lightpress__section--default-section-space lightpress__section lightpress__section--headline'><div class=\"headline__container\">\n            <h2 class=\"headline text--40 text-medium line line--gold line-above line-middle\">Die Pfarre Johnsbach<\/h2>\n        <p class=\"text-center text-gold text--20 text-medium text--uppercase\">Hier finden Sie alle Informationen zu unserer Pfarre <\/p>\n        <div class=\"spacer--40\"><\/div>\n<\/div>\n\n<\/section>\n\n<section id='lightpress__section--block_3e3a946e373bbab892e2edabea670119' class='lightpress__section--default-section-space lightpress__section lightpress__section--content'><div class=\"content__inner\"\n         x-init=\"initContentBlockAnim($el)\">\n        \n    <div class=\"content__grid content__grid--fifty-fifty\">\n                                            <div class=\"content__box content__box\"\n                 style=\"\">\n                                \n                \n                                        <div class=\"content__media stickyTo\" x-init=\"imageSticky($el)\">\n\n                                                                                                <picture\n                                class=\"content__image sticky\">\n                            <source srcset=\"https:\/\/stiftadmont.at\/wp-content\/uploads\/Bergsteigerfriedhof_c-Thomas-Sattler_TVGesaeuse_1.jpg\"\n                                    type=\"image\/webp\">\n                            <source srcset=\"https:\/\/stiftadmont.at\/wp-content\/uploads\/Bergsteigerfriedhof_c-Thomas-Sattler_TVGesaeuse_1.jpg\"\n                                    type=\"image\/jpeg\">\n                            <img decoding=\"async\" loading=\"lazy\" src=\"https:\/\/stiftadmont.at\/wp-content\/uploads\/Bergsteigerfriedhof_c-Thomas-Sattler_TVGesaeuse_1.jpg\" alt=\"Bergsteigerfriedhof c Thomas Sattler TVGesaeuse 1\" width=\"600\" height=\"450\" \/>\n                                                                                                            <\/picture>\n\n                    <\/div>\n\n                            <\/div>\n        \n                                                    <div class=\"content__box content__box--2\"\n                     >\n                                        \n                    \n                                                    <div class=\"prose\"><h5 class=\"heading-m line line-above line--gold\"><strong>\u00dcber die Pfarre Johnsbach<\/strong><\/h5>\n<p>\u00a0<\/p>\n<p><strong>Patrozinium: <\/strong>Hl. \u00c4gidius, 1. September<\/p>\n<p><strong>Pfarre err.:<\/strong> 1673<\/p>\n<p><strong>Pfarrkirche erb.:<\/strong> 1310 (1663\u20131666)<\/p>\n<p>\u00a0<\/p>\n<p><strong>Kirche: <\/strong>Hll. Clemens und Hubert in Gstatterboden, erb. 1962<\/p>\n<p><strong>Matriken:<\/strong> 1634<\/p>\n<p><strong>Pfarrkirche:<\/strong> Pfarrkirche Hl. Agydius<\/p>\n<p>\u00a0<\/p>\n<p>\u00a0<\/p>\n<h5 class=\"heading-m line line-above line--gold\">Geschichte und Kunst<\/h5>\n<p>\u00a0<\/p>\n<p>Heute ist die Kirche in ihrem \u00e4u\u00dferen Erscheinungsbild ein schlichtes, fr\u00fchbarockes Gotteshaus der Zeit um 1665. Der erste Kirchenbau ist f\u00fcr das Jahr 1310 \u00fcberliefert.<\/p>\n<p>\u00a0<\/p>\n<p>Der Hochaltar dieser Zeit wurde abgebrochen, die Altarbilder sind erhalten geblieben. Das \u00e4lteste Einrichtungsst\u00fcck ist eine im Holzturm h\u00e4ngende Glocke aus dem 14. Jh. mit gotischem Dekor.<\/p>\n<p>\u00a0<\/p>\n<p><a class=\"admont-button admont-button--secondary\" href=\"https:\/\/discover.matterport.com\/space\/mh7kueCsnH6\" target=\"_blank\" rel=\"noopener\">VIRTUELLE TOUR DURCH DIE PFARRKIRCHE<\/a><\/p>\n<p><span data-mce-type=\"bookmark\" style=\"display: inline-block; width: 0px; overflow: hidden; line-height: 0;\" class=\"mce_SELRES_start\">\ufeff<\/span><\/p>\n<\/div>\n                        \n                                    <\/div>\n            \n            <\/div>\n<\/div>\n\n<\/section>\n\n<section id='lightpress__section--block_69e13f4fe5d5e6dc9fa4de186e2786ee' class='align-center lightpress__section--default-section-space lightpress__section lightpress__section--headline'><div class=\"headline__container\">\n            <h2 class=\"headline text--40 text-medium line line--gold line-above line-middle\">Gottesdienste in unserer Pfarre<\/h2>\n        <p class=\"text-center text-gold text--20 text-medium text--uppercase\">Feiern Sie mit uns die Gottesdienste&#8230;<\/p>\n        <div class=\"spacer--40\"><\/div>\n<\/div>\n\n<\/section>\n\n<section id='lightpress__section--block_ef76a438ca0d5368dbb4c19c8795c6ca' class='bg--black lightpress__section--colored-bg lightpress__section--default-section-space lightpress__section lightpress__section--additional-content'><div class=\"additional-content__container additional-content__container--horizontal\">\n\n    \n    <div class=\"additional-content__entries\">\n                    <div class=\"additional-content__item text-gold\">\n\n                                    <p class=\"additional-content__title text--26 auto-hyphen\">SONNTAG<\/p>\n                \n                                                            <div class=\"spacer--30\"><\/div>\n                                    \n                                    <p class=\"additional-content__subtitle text--uppercase text--26\">10:00 Uhr<\/p>\n\n                                \n                    <p class=\"additional-content__text text--20\">Gottesdienst <\/p>\n\n                            <\/div>\n            <\/div>\n<\/div>\n\n    <div class=\"background__container background__container--black\">\n    <\/div>\n\n<\/section>\n\n<section id='lightpress__section--block_d831d3031b2d7ef0cd558133fabc886d' class='align-center lightpress__section--default-section-space lightpress__section lightpress__section--headline'><div class=\"headline__container\">\n            <h2 class=\"headline text--40 text-medium line line--gold line-above line-middle\">Kontakt und Kanzleizeiten<\/h2>\n        <p class=\"text-center text-gold text--20 text-medium text--uppercase\">Hier finden Sie alle Informationen wann und wie Sie uns erreichen k\u00f6nnen<\/p>\n        <div class=\"spacer--40\"><\/div>\n<\/div>\n\n<\/section>\n\n<section id='lightpress__section--block_e0f768f9d09e9cc35fbb1d44ed81507f' class='lightpress__section--default-section-space lightpress__section lightpress__section--content'><div class=\"content__inner\"\n         x-init=\"initContentBlockAnim($el)\">\n        \n    <div class=\"content__grid content__grid--fifty-fifty\">\n                                            <div class=\"content__box content__box\"\n                 style=\"\">\n                                \n                \n                                        <div class=\"content__media stickyTo\" x-init=\"imageSticky($el)\">\n\n                                                                                                <picture\n                                class=\"content__image sticky\">\n                            <source srcset=\"https:\/\/stiftadmont.at\/wp-content\/uploads\/Pater-Johannes.png\"\n                                    type=\"image\/webp\">\n                            <source srcset=\"https:\/\/stiftadmont.at\/wp-content\/uploads\/Pater-Johannes.png\"\n                                    type=\"image\/jpeg\">\n                            <img decoding=\"async\" loading=\"lazy\" src=\"https:\/\/stiftadmont.at\/wp-content\/uploads\/Pater-Johannes.png\" alt=\"Pater Johannes\" width=\"600\" height=\"450\" \/>\n                                                                                                            <\/picture>\n\n                    <\/div>\n\n                            <\/div>\n        \n                                                    <div class=\"content__box content__box--2\"\n                     >\n                                        \n                    \n                                                    <div class=\"prose\"><h5 class=\"heading-m line line-above line--gold\"><strong>R\u00f6m.-kath. Pfarramt Johnsbach<\/strong><\/h5>\n<p>Johnsbach 1<\/p>\n<p>8912 Admont<\/p>\n<p>\u00a0<\/p>\n<p><strong>Postadresse:\u00a0<\/strong><\/p>\n<p>\u00a0<\/p>\n<p class=\"paragraph-m\"><strong>R\u00f6m.-kath. Pfarramt Johnsbach<\/strong><\/p>\n<p>zH Pater Dr. Johannes Aichinger OSB<\/p>\n<p>8911 Admont 1<\/p>\n<p>\u00a0<\/p>\n<p><strong>Kanzleizeit: <\/strong>Nach den Sonntagsgottesdiensten bzw. nach telefonischer Vereinbarung<\/p>\n<p>\u00a0<\/p>\n<p><a class=\"email\" href=\"mailto:altenmarkt-enns@graz-seckau.at\"><span class=\"icon-outer\"><i class=\"fa-light fa-envelope\"><\/i><\/span>johnsbach@graz-seckau.at<\/a><\/p>\n<p>\u00a0<\/p>\n<p>\u00a0<\/p>\n<p><strong>Pfarrer: <\/strong>MMag. Dr. Pater Johannes Aichinger OSB<\/p>\n<p>Pfarrer von Johnsbach und Weng<\/p>\n<\/div>\n                        \n                                    <\/div>\n            \n            <\/div>\n<\/div>\n\n<\/section>\n\n<section id='lightpress__section--block_c27538c6261bfd49bcf7f1d717c2eb04' class='lightpress__section--default-section-space lightpress__section lightpress__section--image-slider'>\n<div class=\"image-slider\"\n     x-data=\"{ gallery: null, shown: false }\"\n     x-init=\"gallery = initSliderGallery([{&quot;href&quot;:&quot;https:\\\/\\\/stiftadmont.at\\\/wp-content\\\/uploads\\\/Bibelweg_Johnsbach-c-Christian-Scheucher_TVGesaeuse_1.jpg&quot;,&quot;type&quot;:&quot;image&quot;},{&quot;href&quot;:&quot;https:\\\/\\\/stiftadmont.at\\\/wp-content\\\/uploads\\\/Bibelweg_Johnsbach-c-Christian-Scheucher_TVGesaeuse_6.jpg&quot;,&quot;type&quot;:&quot;image&quot;},{&quot;href&quot;:&quot;https:\\\/\\\/stiftadmont.at\\\/wp-content\\\/uploads\\\/Bibelweg_Johnsbach-c-Christian-Scheucher_TVGesaeuse_9.jpg&quot;,&quot;type&quot;:&quot;image&quot;},{&quot;href&quot;:&quot;https:\\\/\\\/stiftadmont.at\\\/wp-content\\\/uploads\\\/Bibelweg_Johnsbach-c-Christian-Scheucher_TVGesaeuse_10.jpg&quot;,&quot;type&quot;:&quot;image&quot;},{&quot;href&quot;:&quot;https:\\\/\\\/stiftadmont.at\\\/wp-content\\\/uploads\\\/johnsbach.kirche1.jpg&quot;,&quot;type&quot;:&quot;image&quot;},{&quot;href&quot;:&quot;https:\\\/\\\/stiftadmont.at\\\/wp-content\\\/uploads\\\/Johnsbach_Dioezese-Graz-Seckau_Harry-Schiffer1.jpg&quot;,&quot;type&quot;:&quot;image&quot;},{&quot;href&quot;:&quot;https:\\\/\\\/stiftadmont.at\\\/wp-content\\\/uploads\\\/Bergsteigerfriedhof_c-Thomas-Sattler_TVGesaeuse_1.jpg&quot;,&quot;type&quot;:&quot;image&quot;},{&quot;href&quot;:&quot;https:\\\/\\\/stiftadmont.at\\\/wp-content\\\/uploads\\\/Bergsteigerfriedhof_c-Thomas-Sattler_TVGesaeuse_7.jpg&quot;,&quot;type&quot;:&quot;image&quot;}]); initImageSliderBlockAnim($el);\">\n    <div class=\"image-slider__inner\">\n\n        <div class=\"swiper-container\" x-init=\"initImageSliderBlock($el, $refs.btnPrev, $refs.btnNext)\">\n            <div class=\"swiper-wrapper\">\n                                    <div class=\"swiper-slide\">\n                        <div class=\"image-slider__media\">\n                            <img decoding=\"async\" class=\"image-slider__image\"\n                                 src=\"https:\/\/stiftadmont.at\/wp-content\/uploads\/Bibelweg_Johnsbach-c-Christian-Scheucher_TVGesaeuse_1-768x453.jpg\"\n                                 alt=\"Bibelweg Johnsbach c Christian Scheucher TVGesaeuse 1\">\n                        <\/div>\n                    <\/div>\n                                    <div class=\"swiper-slide\">\n                        <div class=\"image-slider__media\">\n                            <img decoding=\"async\" class=\"image-slider__image\"\n                                 src=\"https:\/\/stiftadmont.at\/wp-content\/uploads\/Bibelweg_Johnsbach-c-Christian-Scheucher_TVGesaeuse_6-768x542.jpg\"\n                                 alt=\"Bibelweg Johnsbach c Christian Scheucher TVGesaeuse 6\">\n                        <\/div>\n                    <\/div>\n                                    <div class=\"swiper-slide\">\n                        <div class=\"image-slider__media\">\n                            <img decoding=\"async\" class=\"image-slider__image\"\n                                 src=\"https:\/\/stiftadmont.at\/wp-content\/uploads\/Bibelweg_Johnsbach-c-Christian-Scheucher_TVGesaeuse_9-768x489.jpg\"\n                                 alt=\"Bibelweg Johnsbach c Christian Scheucher TVGesaeuse 9\">\n                        <\/div>\n                    <\/div>\n                                    <div class=\"swiper-slide\">\n                        <div class=\"image-slider__media\">\n                            <img decoding=\"async\" class=\"image-slider__image\"\n                                 src=\"https:\/\/stiftadmont.at\/wp-content\/uploads\/Bibelweg_Johnsbach-c-Christian-Scheucher_TVGesaeuse_10-768x512.jpg\"\n                                 alt=\"Bibelweg Johnsbach c Christian Scheucher TVGesaeuse 10\">\n                        <\/div>\n                    <\/div>\n                                    <div class=\"swiper-slide\">\n                        <div class=\"image-slider__media\">\n                            <img decoding=\"async\" class=\"image-slider__image\"\n                                 src=\"https:\/\/stiftadmont.at\/wp-content\/uploads\/johnsbach.kirche1-768x673.jpg\"\n                                 alt=\"johnsbach.kirche1\">\n                        <\/div>\n                    <\/div>\n                                    <div class=\"swiper-slide\">\n                        <div class=\"image-slider__media\">\n                            <img decoding=\"async\" class=\"image-slider__image\"\n                                 src=\"https:\/\/stiftadmont.at\/wp-content\/uploads\/Johnsbach_Dioezese-Graz-Seckau_Harry-Schiffer1-768x512.jpg\"\n                                 alt=\"Johnsbach Dioezese Graz Seckau Harry Schiffer1\">\n                        <\/div>\n                    <\/div>\n                                    <div class=\"swiper-slide\">\n                        <div class=\"image-slider__media\">\n                            <img decoding=\"async\" class=\"image-slider__image\"\n                                 src=\"https:\/\/stiftadmont.at\/wp-content\/uploads\/Bergsteigerfriedhof_c-Thomas-Sattler_TVGesaeuse_1-768x512.jpg\"\n                                 alt=\"Bergsteigerfriedhof c Thomas Sattler TVGesaeuse 1\">\n                        <\/div>\n                    <\/div>\n                                    <div class=\"swiper-slide\">\n                        <div class=\"image-slider__media\">\n                            <img decoding=\"async\" class=\"image-slider__image\"\n                                 src=\"https:\/\/stiftadmont.at\/wp-content\/uploads\/Bergsteigerfriedhof_c-Thomas-Sattler_TVGesaeuse_7-768x512.jpg\"\n                                 alt=\"Bergsteigerfriedhof c Thomas Sattler TVGesaeuse 7\">\n                        <\/div>\n                    <\/div>\n                            <\/div>\n\n            <div class=\"swiper-nav-wrapper\">\n                <button class=\"swiper-button-prev slider-button--prev\" x-ref=\"btnPrev\"\n                        aria-label=\"Vorige Bilder anzeigen\">\n                    <img decoding=\"async\" src=\"\/wp-content\/themes\/stift-admont\/src\/assets\/img\/arrow-left-big-new.svg\" alt=\"Pfeil nach Links\">\n                <\/button>\n\n\n                <a class=\"image-slider__gallery\" @click=\"openGallery(gallery)\"><i class=\"fa-thin fa-plus\"><\/i><\/a>\n                <button class=\"swiper-button-next slider-button--next\"\n                        x-ref=\"btnNext\"\n                        aria-label=\"N\u00e4chste Bilder anzeigen\">\n                    <img decoding=\"async\" src=\"\/wp-content\/themes\/stift-admont\/src\/assets\/img\/arrow-right-big-new.svg\" alt=\"Pfeil nach Rechts\">\n                <\/button>\n            <\/div>\n        <\/div>\n    <\/div>\n\n\n<\/div><\/section>","protected":false},"excerpt":{"rendered":"","protected":false},"author":7,"featured_media":0,"parent":13905,"menu_order":0,"comment_status":"closed","ping_status":"closed","template":"","meta":{"_acf_changed":false,"footnotes":""},"categories":[],"class_list":["post-33942","page","type-page","status-publish","hentry"],"acf":[],"yoast_head":"<!-- This site is optimized with the Yoast SEO Premium plugin v26.0 (Yoast SEO v26.8) - https:\/\/yoast.com\/product\/yoast-seo-premium-wordpress\/ -->\n<title>Die Pfarre Johnsbach - Stift Admont<\/title>\n<meta name=\"robots\" content=\"index, follow, max-snippet:-1, max-image-preview:large, max-video-preview:-1\" \/>\n<link rel=\"canonical\" href=\"https:\/\/stiftadmont.at\/en\/parishes\/johnsbach\/\" \/>\n<meta property=\"og:locale\" content=\"en_GB\" \/>\n<meta property=\"og:type\" content=\"article\" \/>\n<meta property=\"og:title\" content=\"Die Pfarre Johnsbach\" \/>\n<meta property=\"og:url\" content=\"https:\/\/stiftadmont.at\/en\/parishes\/johnsbach\/\" \/>\n<meta property=\"og:site_name\" content=\"Stift Admont\" \/>\n<meta property=\"article:modified_time\" content=\"2025-03-25T11:28:29+00:00\" \/>\n<meta property=\"og:image\" content=\"https:\/\/stiftadmont.at\/wp-content\/uploads\/Klosteranlage-innen.jpg\" \/>\n\t<meta property=\"og:image:width\" content=\"1912\" \/>\n\t<meta property=\"og:image:height\" content=\"1188\" \/>\n\t<meta property=\"og:image:type\" content=\"image\/jpeg\" \/>\n<meta name=\"twitter:card\" content=\"summary_large_image\" \/>\n<script type=\"application\/ld+json\" class=\"yoast-schema-graph\">{\"@context\":\"https:\/\/schema.org\",\"@graph\":[{\"@type\":\"WebPage\",\"@id\":\"https:\/\/stiftadmont.at\/pfarren\/johnsbach\/\",\"url\":\"https:\/\/stiftadmont.at\/pfarren\/johnsbach\/\",\"name\":\"Die Pfarre Johnsbach - Stift Admont\",\"isPartOf\":{\"@id\":\"https:\/\/stiftadmont.at\/#website\"},\"datePublished\":\"2025-03-25T11:26:08+00:00\",\"dateModified\":\"2025-03-25T11:28:29+00:00\",\"breadcrumb\":{\"@id\":\"https:\/\/stiftadmont.at\/pfarren\/johnsbach\/#breadcrumb\"},\"inLanguage\":\"en-GB\",\"potentialAction\":[{\"@type\":\"ReadAction\",\"target\":[\"https:\/\/stiftadmont.at\/pfarren\/johnsbach\/\"]}]},{\"@type\":\"BreadcrumbList\",\"@id\":\"https:\/\/stiftadmont.at\/pfarren\/johnsbach\/#breadcrumb\",\"itemListElement\":[{\"@type\":\"ListItem\",\"position\":1,\"name\":\"Start\",\"item\":\"https:\/\/stiftadmont.at\/\"},{\"@type\":\"ListItem\",\"position\":2,\"name\":\"Pfarren\",\"item\":\"https:\/\/stiftadmont.at\/pfarren\/\"},{\"@type\":\"ListItem\",\"position\":3,\"name\":\"Die Pfarre Johnsbach\"}]},{\"@type\":\"WebSite\",\"@id\":\"https:\/\/stiftadmont.at\/#website\",\"url\":\"https:\/\/stiftadmont.at\/\",\"name\":\"Stift Admont\",\"description\":\"Benediktinerkloster und Sehensw\u00fcrdigkeit im Ges\u00e4use\",\"potentialAction\":[{\"@type\":\"SearchAction\",\"target\":{\"@type\":\"EntryPoint\",\"urlTemplate\":\"https:\/\/stiftadmont.at\/?s={search_term_string}\"},\"query-input\":{\"@type\":\"PropertyValueSpecification\",\"valueRequired\":true,\"valueName\":\"search_term_string\"}}],\"inLanguage\":\"en-GB\"}]}<\/script>\n<!-- \/ Yoast SEO Premium plugin. -->","yoast_head_json":{"title":"The parish of Johnsbach - Admont Abbey","robots":{"index":"index","follow":"follow","max-snippet":"max-snippet:-1","max-image-preview":"max-image-preview:large","max-video-preview":"max-video-preview:-1"},"canonical":"https:\/\/stiftadmont.at\/en\/parishes\/johnsbach\/","og_locale":"en_GB","og_type":"article","og_title":"Die Pfarre Johnsbach","og_url":"https:\/\/stiftadmont.at\/en\/parishes\/johnsbach\/","og_site_name":"Stift Admont","article_modified_time":"2025-03-25T11:28:29+00:00","og_image":[{"width":1912,"height":1188,"url":"https:\/\/stiftadmont.at\/wp-content\/uploads\/Klosteranlage-innen.jpg","type":"image\/jpeg"}],"twitter_card":"summary_large_image","schema":{"@context":"https:\/\/schema.org","@graph":[{"@type":"WebPage","@id":"https:\/\/stiftadmont.at\/pfarren\/johnsbach\/","url":"https:\/\/stiftadmont.at\/pfarren\/johnsbach\/","name":"The parish of Johnsbach - Admont Abbey","isPartOf":{"@id":"https:\/\/stiftadmont.at\/#website"},"datePublished":"2025-03-25T11:26:08+00:00","dateModified":"2025-03-25T11:28:29+00:00","breadcrumb":{"@id":"https:\/\/stiftadmont.at\/pfarren\/johnsbach\/#breadcrumb"},"inLanguage":"en-GB","potentialAction":[{"@type":"ReadAction","target":["https:\/\/stiftadmont.at\/pfarren\/johnsbach\/"]}]},{"@type":"BreadcrumbList","@id":"https:\/\/stiftadmont.at\/pfarren\/johnsbach\/#breadcrumb","itemListElement":[{"@type":"ListItem","position":1,"name":"Start","item":"https:\/\/stiftadmont.at\/"},{"@type":"ListItem","position":2,"name":"Pfarren","item":"https:\/\/stiftadmont.at\/pfarren\/"},{"@type":"ListItem","position":3,"name":"Die Pfarre Johnsbach"}]},{"@type":"WebSite","@id":"https:\/\/stiftadmont.at\/#website","url":"https:\/\/stiftadmont.at\/","name":"Admont Abbey","description":"Benedictine monastery and tourist attraction in the Ges\u00e4use","potentialAction":[{"@type":"SearchAction","target":{"@type":"EntryPoint","urlTemplate":"https:\/\/stiftadmont.at\/?s={search_term_string}"},"query-input":{"@type":"PropertyValueSpecification","valueRequired":true,"valueName":"search_term_string"}}],"inLanguage":"en-GB"}]}},"_links":{"self":[{"href":"https:\/\/stiftadmont.at\/en\/wp-json\/wp\/v2\/pages\/33942","targetHints":{"allow":["GET"]}}],"collection":[{"href":"https:\/\/stiftadmont.at\/en\/wp-json\/wp\/v2\/pages"}],"about":[{"href":"https:\/\/stiftadmont.at\/en\/wp-json\/wp\/v2\/types\/page"}],"author":[{"embeddable":true,"href":"https:\/\/stiftadmont.at\/en\/wp-json\/wp\/v2\/users\/7"}],"replies":[{"embeddable":true,"href":"https:\/\/stiftadmont.at\/en\/wp-json\/wp\/v2\/comments?post=33942"}],"version-history":[{"count":6,"href":"https:\/\/stiftadmont.at\/en\/wp-json\/wp\/v2\/pages\/33942\/revisions"}],"predecessor-version":[{"id":33957,"href":"https:\/\/stiftadmont.at\/en\/wp-json\/wp\/v2\/pages\/33942\/revisions\/33957"}],"up":[{"embeddable":true,"href":"https:\/\/stiftadmont.at\/en\/wp-json\/wp\/v2\/pages\/13905"}],"wp:attachment":[{"href":"https:\/\/stiftadmont.at\/en\/wp-json\/wp\/v2\/media?parent=33942"}],"wp:term":[{"taxonomy":"category","embeddable":true,"href":"https:\/\/stiftadmont.at\/en\/wp-json\/wp\/v2\/categories?post=33942"}],"curies":[{"name":"wp","href":"https:\/\/api.w.org\/{rel}","templated":true}]}}