{"id":515,"date":"2021-07-15T14:28:06","date_gmt":"2021-07-15T12:28:06","guid":{"rendered":"https:\/\/stiftadmont.at\/?page_id=515"},"modified":"2026-04-07T08:06:17","modified_gmt":"2026-04-07T06:06:17","slug":"monastery-nursery-flowers-and-wine","status":"publish","type":"page","link":"https:\/\/stiftadmont.at\/en\/stiftsgaertnerei-blumen-und-wein\/","title":{"rendered":"Abbey nursery flowers and wine"},"content":{"rendered":"<section id='lightpress__section--block_5c1d8061b32f84f290f93c85e36e6619' class='align-center lightpress__section--default-section-space lightpress__section lightpress__section--headline'><div class=\"headline__container\">\n            <h2 class=\"headline text--40 text-medium line line--gold line-above line-middle\">The monastery nursery of the Benedictine Abbey of Admont<\/h2>\n        <p class=\"text-center text-gold text--20 text-medium text--uppercase\">Flowers and wine of the highest quality<\/p>\n        <div class=\"spacer--40\"><\/div>\n<\/div>\n\n<\/section>\n\n<section id='lightpress__section--block_2b1d73e6ad27c683d9da4dacb91bfb92' class='lightpress__section--default-section-space lightpress__section lightpress__section--content'><div class=\"content__inner\"\n         x-init=\"initContentBlockAnim($el)\">\n        \n    <div class=\"content__grid content__grid--fifty-fifty\">\n                                            <div class=\"content__box content__box\"\n                 style=\"\">\n                                \n                \n                                        <div class=\"content__media stickyTo\" x-init=\"imageSticky($el)\">\n\n                                                                                                <picture\n                                class=\"content__image sticky\">\n                            <source srcset=\"https:\/\/stiftadmont.at\/wp-content\/uploads\/Blumen_min_Thomas-Sattler1-1024x676.png\"\n                                    type=\"image\/webp\">\n                            <source srcset=\"https:\/\/stiftadmont.at\/wp-content\/uploads\/Blumen_min_Thomas-Sattler1-1024x676.png\"\n                                    type=\"image\/jpeg\">\n                            <img decoding=\"async\" loading=\"lazy\" src=\"https:\/\/stiftadmont.at\/wp-content\/uploads\/Blumen_min_Thomas-Sattler1-1024x676.png\" alt=\"Flowers min Thomas Sattler\" width=\"600\" height=\"450\" \/>\n                                                                                                            <\/picture>\n\n                    <\/div>\n\n                            <\/div>\n        \n                                                    <div class=\"content__box content__box--2\"\n                     >\n                                        \n                    \n                                                    <div class=\"prose\"><h5 class=\"heading-m line line-above line--gold\" data-start=\"0\" data-end=\"65\"><strong data-start=\"0\" data-end=\"65\">Because we love what we do - Flowers &amp; more from Admont Abbey<\/strong><\/h5>\n<p data-start=\"0\" data-end=\"65\">\u00a0<\/p>\n<p data-start=\"67\" data-end=\"316\">Whether for a birthday, as a token of love, a small thank you or simply \"just because\" - flowers say more than a thousand words. And because we have turned our passion into our profession, we design every bouquet with special care and attention to detail.<\/p>\n<p data-start=\"67\" data-end=\"316\">\u00a0<\/p>\n<p data-start=\"318\" data-end=\"479\">Thanks to our own nursery and daily fresh deliveries, we guarantee blooming quality for every occasion - fresh, seasonal and stylish.<\/p>\n<p data-start=\"318\" data-end=\"479\">\u00a0<\/p>\n<p data-start=\"481\" data-end=\"756\"><strong>More than just flowers<\/strong><br data-start=\"506\" data-end=\"509\" \/>In our flower shop you will not only find floral beauties, but also special companions:<\/p>\n<p data-start=\"481\" data-end=\"756\"><br data-start=\"610\" data-end=\"613\" \/><strong>- Award-winning DVERI PAX wine<\/strong><br data-start=\"644\" data-end=\"647\" \/><strong> - Fine regional products from the monastery shop<\/strong><br data-start=\"698\" data-end=\"701\" \/><strong> - Atmospheric decorative items to suit the season<\/strong><\/p>\n<p class=\"paragraph-m\">\u00a0<\/p>\n<p data-start=\"758\" data-end=\"846\" data-is-last-node=\"\" data-is-only-node=\"\"><strong data-start=\"758\" data-end=\"846\" data-is-last-node=\"\">Drop by - we look forward to making your special moments even more beautiful.<\/strong><\/p>\n<p>\u00a0<\/p>\n<p><a class=\"admont-button admont-button--secondary\" title=\"www.dveri-pax.at\" href=\"https:\/\/dveri-pax.at\/weinshop\/\" target=\"_blank\" rel=\"noopener\">To the online wine shop - www.dveri-pax.at<\/a><\/p>\n<p>\u00a0<\/p>\n<\/div>\n                        \n                                    <\/div>\n            \n            <\/div>\n<\/div>\n\n<\/section>\n\n<section id='lightpress__section--block_a03a5fa2194968f8081f430b1fab3eca' class='bg--beige lightpress__section--colored-bg lightpress__section--default-section-space lightpress__section lightpress__section--content'><div class=\"content__inner\"\n         x-init=\"initContentBlockAnim($el)\">\n        \n    <div class=\"content__grid content__grid--fifty-fifty\">\n                                            <div class=\"content__box content__box\"\n                 style=\"\">\n                                \n                \n                                            <div class=\"prose\"><h5 class=\"heading-m line line-above line--gold\">Open day at the Admont Abbey nursery<\/h5>\n<p>\u00a0<\/p>\n<p><strong>On 25 April 2026 <\/strong>Experience the Admont Abbey nursery in all its diversity! At the open day, we cordially invite you to take a look behind the scenes of our traditional nursery and discover the fascinating world of plants with all your senses.<\/p>\n<p>\u00a0<\/p>\n<p>Stroll through our lovingly maintained greenhouses, be inspired by the colourful splendour of seasonal flowers and get valuable tips directly from our gardeners and florists. Whether you are a garden lover, hobby gardener or simply curious - there is something for everyone here.<\/p>\n<p>\u00a0<\/p>\n<p>Enjoy the special atmosphere, discover the diversity of regional plants and learn more about sustainable garden culture in the heart of Admont Abbey.\u00a0<\/p>\n<p>\u00a0<\/p>\n<p><strong>Come by, be inspired and spend a relaxed, blooming day with us at the Admont Abbey Nursery!<\/strong><\/p>\n<p>\u00a0<\/p>\n<p>We look forward to your visit!<\/p>\n<\/div>\n                    \n                            <\/div>\n        \n                                                    <div class=\"content__box content__box--2\"\n                     >\n                                        \n                    \n                                                <div class=\"content__media stickyTo\" x-init=\"imageSticky($el)\">\n\n                                                                                    <picture\n                                    class=\"content__image sticky\">\n                                <source srcset=\"https:\/\/stiftadmont.at\/wp-content\/uploads\/gaertnerei-offene-Tuere-727x1024.webp\" type=\"image\/webp\">\n                                <source srcset=\"https:\/\/stiftadmont.at\/wp-content\/uploads\/gaertnerei-offene-Tuere-727x1024.jpg\" type=\"image\/jpeg\">\n                                <img decoding=\"async\" class=\"sticky\" loading=\"lazy\" src=\"https:\/\/stiftadmont.at\/wp-content\/uploads\/gaertnerei-offene-Tuere-727x1024.png\" alt=\"nursery open door\" \/>\n\n                                                                                                                            <\/picture>\n\n                        <\/div>\n\n                                    <\/div>\n            \n            <\/div>\n<\/div>\n\n    <div class=\"background__container background__container--beige\">\n    <\/div>\n\n<\/section>\n\n<section id='lightpress__section--block_c9a70092a1e215a321e42c26aeddde8a' class='lightpress__section--more-links--950 lightpress__section--full-width lightpress__section--default-section-space lightpress__section lightpress__section--more-links'><div class=\"more\" x-init=\"initMoreLinksBlockAnim($el)\">\n            <style>\n            #lightpress__section--block_c9a70092a1e215a321e42c26aeddde8a .more {\n                --entry-width: calc(100% \/ 4 - var(--grid-gap) * 4);\n                grid-template-columns: repeat(auto-fit, minmax(max(var(--entry-width),50rem), 1fr));\n            }\n        <\/style>\n    \n                    <a class=\"more__link\" href=\"https:\/\/stiftadmont.at\/en\/monastery-nursery-flowers-and-wine\/opening-hours-team-contact\/\">\n            <div class=\"more__media\">\n                                    <picture class=\"more__image\">\n                        <source srcset=\"https:\/\/stiftadmont.at\/wp-content\/uploads\/Gaertnerei-11-1024x683.webp\" type=\"image\/webp\">\n                        <source srcset=\"https:\/\/stiftadmont.at\/wp-content\/uploads\/Gaertnerei-11-1024x683.jpg\" type=\"image\/jpeg\">\n                        <img decoding=\"async\" loading=\"lazy\" src=\"https:\/\/stiftadmont.at\/wp-content\/uploads\/Gaertnerei-11-1024x683.jpg\"\n                             alt=\"Nursery 2022\" >\n                    <\/picture>\n                            <\/div>\n            <div class=\"more__content\">\n                <div class=\"more__title--container\">\n                                            \n                                                                            \n                        <p class=\"text-bold text-white text--serif text--26\">Opening hours, team, contact<\/p>\n                                                            <\/div>\n                                    <div class=\"more__cta\">\n                        <i class=\"fa-thin fa-chevron-right\"><\/i>\n                    <\/div>\n                            <\/div>\n        <\/a>\n                    <a class=\"more__link\" href=\"https:\/\/stiftadmont.at\/en\/monastery-nursery-flowers-and-wine\/floristry\/\">\n            <div class=\"more__media\">\n                                    <picture class=\"more__image\">\n                        <source srcset=\"https:\/\/stiftadmont.at\/wp-content\/uploads\/Blumenstrauss_min_Thomas-Sattler-1024x803.webp\" type=\"image\/webp\">\n                        <source srcset=\"https:\/\/stiftadmont.at\/wp-content\/uploads\/Blumenstrauss_min_Thomas-Sattler-1024x803.jpg\" type=\"image\/jpeg\">\n                        <img decoding=\"async\" loading=\"lazy\" src=\"https:\/\/stiftadmont.at\/wp-content\/uploads\/Blumenstrauss_min_Thomas-Sattler-1024x803.png\" alt=\"Bouquet of flowers min Thomas Sattler\" \/>\n                    <\/picture>\n                            <\/div>\n            <div class=\"more__content\">\n                <div class=\"more__title--container\">\n                                            \n                                                                            \n                        <p class=\"text-bold text-white text--serif text--26\">Flowers and floristry<\/p>\n                                                            <\/div>\n                                    <div class=\"more__cta\">\n                        <i class=\"fa-thin fa-chevron-right\"><\/i>\n                    <\/div>\n                            <\/div>\n        <\/a>\n                    <a class=\"more__link\" href=\"https:\/\/stiftadmont.at\/en\/monastery-nursery-flowers-and-wine\/nursery\/\">\n            <div class=\"more__media\">\n                                    <picture class=\"more__image\">\n                        <source srcset=\"https:\/\/stiftadmont.at\/wp-content\/uploads\/Gaertnerei-2-1024x683.webp\" type=\"image\/webp\">\n                        <source srcset=\"https:\/\/stiftadmont.at\/wp-content\/uploads\/Gaertnerei-2-1024x683.jpg\" type=\"image\/jpeg\">\n                        <img decoding=\"async\" loading=\"lazy\" src=\"https:\/\/stiftadmont.at\/wp-content\/uploads\/Gaertnerei-2-1024x683.jpg\"\n                             alt=\"Nursery 2022\" >\n                    <\/picture>\n                            <\/div>\n            <div class=\"more__content\">\n                <div class=\"more__title--container\">\n                                            \n                                                                            \n                        <p class=\"text-bold text-white text--serif text--26\">Nursery<\/p>\n                                                            <\/div>\n                                    <div class=\"more__cta\">\n                        <i class=\"fa-thin fa-chevron-right\"><\/i>\n                    <\/div>\n                            <\/div>\n        <\/a>\n                    <a class=\"more__link\" href=\"https:\/\/stiftadmont.at\/en\/monastery-nursery-flowers-and-wine\/wine\/\">\n            <div class=\"more__media\">\n                                    <picture class=\"more__image\">\n                        <source srcset=\"https:\/\/stiftadmont.at\/wp-content\/uploads\/Dveri-Pax-Stimmungsbilder-www-86-1024x683.webp\" type=\"image\/webp\">\n                        <source srcset=\"https:\/\/stiftadmont.at\/wp-content\/uploads\/Dveri-Pax-Stimmungsbilder-www-86-1024x683.jpg\" type=\"image\/jpeg\">\n                        <img decoding=\"async\" loading=\"lazy\" src=\"https:\/\/stiftadmont.at\/wp-content\/uploads\/Dveri-Pax-Stimmungsbilder-www-86-1024x683.jpg\"\n                             alt=\"Dveri Pax mood pictures\" >\n                    <\/picture>\n                            <\/div>\n            <div class=\"more__content\">\n                <div class=\"more__title--container\">\n                                            \n                                                                            \n                        <p class=\"text-bold text-white text--serif text--26\">DVERI PAX wines<\/p>\n                                                            <\/div>\n                                    <div class=\"more__cta\">\n                        <i class=\"fa-thin fa-chevron-right\"><\/i>\n                    <\/div>\n                            <\/div>\n        <\/a>\n    \n<\/div>\n\n<\/section>","protected":false},"excerpt":{"rendered":"","protected":false},"author":3,"featured_media":0,"parent":0,"menu_order":112,"comment_status":"closed","ping_status":"closed","template":"","meta":{"_acf_changed":false,"footnotes":""},"categories":[],"class_list":["post-515","page","type-page","status-publish","hentry"],"acf":[],"yoast_head":"<!-- This site is optimized with the Yoast SEO Premium plugin v26.0 (Yoast SEO v26.8) - https:\/\/yoast.com\/product\/yoast-seo-premium-wordpress\/ -->\n<title>Stiftsg\u00e4rtnerei Blumen und Wein - Stift Admont<\/title>\n<meta name=\"description\" content=\"Stiftsg\u00e4rtnerei Admont: Frische Blumen, regionaler DVERI PAX Wein und feine Klosterprodukte. F\u00fcr besondere Momente mit Herz und Qualit\u00e4t.\" \/>\n<meta name=\"robots\" content=\"index, follow, max-snippet:-1, max-image-preview:large, max-video-preview:-1\" \/>\n<link rel=\"canonical\" href=\"https:\/\/stiftadmont.at\/en\/monastery-nursery-flowers-and-wine\/\" \/>\n<meta property=\"og:locale\" content=\"en_GB\" \/>\n<meta property=\"og:type\" content=\"article\" \/>\n<meta property=\"og:title\" content=\"Stiftsg\u00e4rtnerei Blumen und Wein\" \/>\n<meta property=\"og:description\" content=\"Stiftsg\u00e4rtnerei Admont: Frische Blumen, regionaler DVERI PAX Wein und feine Klosterprodukte. F\u00fcr besondere Momente mit Herz und Qualit\u00e4t.\" \/>\n<meta property=\"og:url\" content=\"https:\/\/stiftadmont.at\/en\/monastery-nursery-flowers-and-wine\/\" \/>\n<meta property=\"og:site_name\" content=\"Stift Admont\" \/>\n<meta property=\"article:modified_time\" content=\"2026-04-07T06:06:17+00:00\" \/>\n<meta property=\"og:image\" content=\"https:\/\/stiftadmont.at\/wp-content\/uploads\/Klosteranlage-innen.jpg\" \/>\n\t<meta property=\"og:image:width\" content=\"1912\" \/>\n\t<meta property=\"og:image:height\" content=\"1188\" \/>\n\t<meta property=\"og:image:type\" content=\"image\/jpeg\" \/>\n<meta name=\"twitter:card\" content=\"summary_large_image\" \/>\n<script type=\"application\/ld+json\" class=\"yoast-schema-graph\">{\"@context\":\"https:\/\/schema.org\",\"@graph\":[{\"@type\":\"WebPage\",\"@id\":\"https:\/\/stiftadmont.at\/stiftsgaertnerei-blumen-und-wein\/\",\"url\":\"https:\/\/stiftadmont.at\/stiftsgaertnerei-blumen-und-wein\/\",\"name\":\"Stiftsg\u00e4rtnerei Blumen und Wein - Stift Admont\",\"isPartOf\":{\"@id\":\"https:\/\/stiftadmont.at\/#website\"},\"datePublished\":\"2021-07-15T12:28:06+00:00\",\"dateModified\":\"2026-04-07T06:06:17+00:00\",\"description\":\"Stiftsg\u00e4rtnerei Admont: Frische Blumen, regionaler DVERI PAX Wein und feine Klosterprodukte. F\u00fcr besondere Momente mit Herz und Qualit\u00e4t.\",\"breadcrumb\":{\"@id\":\"https:\/\/stiftadmont.at\/stiftsgaertnerei-blumen-und-wein\/#breadcrumb\"},\"inLanguage\":\"en-GB\",\"potentialAction\":[{\"@type\":\"ReadAction\",\"target\":[\"https:\/\/stiftadmont.at\/stiftsgaertnerei-blumen-und-wein\/\"]}]},{\"@type\":\"BreadcrumbList\",\"@id\":\"https:\/\/stiftadmont.at\/stiftsgaertnerei-blumen-und-wein\/#breadcrumb\",\"itemListElement\":[{\"@type\":\"ListItem\",\"position\":1,\"name\":\"Start\",\"item\":\"https:\/\/stiftadmont.at\/\"},{\"@type\":\"ListItem\",\"position\":2,\"name\":\"Stiftsg\u00e4rtnerei Blumen und Wein\"}]},{\"@type\":\"WebSite\",\"@id\":\"https:\/\/stiftadmont.at\/#website\",\"url\":\"https:\/\/stiftadmont.at\/\",\"name\":\"Stift Admont\",\"description\":\"Benediktinerkloster und Sehensw\u00fcrdigkeit im Ges\u00e4use\",\"potentialAction\":[{\"@type\":\"SearchAction\",\"target\":{\"@type\":\"EntryPoint\",\"urlTemplate\":\"https:\/\/stiftadmont.at\/?s={search_term_string}\"},\"query-input\":{\"@type\":\"PropertyValueSpecification\",\"valueRequired\":true,\"valueName\":\"search_term_string\"}}],\"inLanguage\":\"en-GB\"}]}<\/script>\n<!-- \/ Yoast SEO Premium plugin. -->","yoast_head_json":{"title":"Abbey nursery flowers and wine - Admont Abbey","description":"Stiftsg\u00e4rtnerei Admont: Fresh flowers, regional DVERI PAX wine and fine monastery products. For special moments with heart and quality.","robots":{"index":"index","follow":"follow","max-snippet":"max-snippet:-1","max-image-preview":"max-image-preview:large","max-video-preview":"max-video-preview:-1"},"canonical":"https:\/\/stiftadmont.at\/en\/monastery-nursery-flowers-and-wine\/","og_locale":"en_GB","og_type":"article","og_title":"Stiftsg\u00e4rtnerei Blumen und Wein","og_description":"Stiftsg\u00e4rtnerei Admont: Frische Blumen, regionaler DVERI PAX Wein und feine Klosterprodukte. F\u00fcr besondere Momente mit Herz und Qualit\u00e4t.","og_url":"https:\/\/stiftadmont.at\/en\/monastery-nursery-flowers-and-wine\/","og_site_name":"Stift Admont","article_modified_time":"2026-04-07T06:06:17+00:00","og_image":[{"width":1912,"height":1188,"url":"https:\/\/stiftadmont.at\/wp-content\/uploads\/Klosteranlage-innen.jpg","type":"image\/jpeg"}],"twitter_card":"summary_large_image","schema":{"@context":"https:\/\/schema.org","@graph":[{"@type":"WebPage","@id":"https:\/\/stiftadmont.at\/stiftsgaertnerei-blumen-und-wein\/","url":"https:\/\/stiftadmont.at\/stiftsgaertnerei-blumen-und-wein\/","name":"Abbey nursery flowers and wine - Admont Abbey","isPartOf":{"@id":"https:\/\/stiftadmont.at\/#website"},"datePublished":"2021-07-15T12:28:06+00:00","dateModified":"2026-04-07T06:06:17+00:00","description":"Stiftsg\u00e4rtnerei Admont: Fresh flowers, regional DVERI PAX wine and fine monastery products. For special moments with heart and quality.","breadcrumb":{"@id":"https:\/\/stiftadmont.at\/stiftsgaertnerei-blumen-und-wein\/#breadcrumb"},"inLanguage":"en-GB","potentialAction":[{"@type":"ReadAction","target":["https:\/\/stiftadmont.at\/stiftsgaertnerei-blumen-und-wein\/"]}]},{"@type":"BreadcrumbList","@id":"https:\/\/stiftadmont.at\/stiftsgaertnerei-blumen-und-wein\/#breadcrumb","itemListElement":[{"@type":"ListItem","position":1,"name":"Start","item":"https:\/\/stiftadmont.at\/"},{"@type":"ListItem","position":2,"name":"Stiftsg\u00e4rtnerei Blumen und Wein"}]},{"@type":"WebSite","@id":"https:\/\/stiftadmont.at\/#website","url":"https:\/\/stiftadmont.at\/","name":"Admont Abbey","description":"Benedictine monastery and tourist attraction in the Ges\u00e4use","potentialAction":[{"@type":"SearchAction","target":{"@type":"EntryPoint","urlTemplate":"https:\/\/stiftadmont.at\/?s={search_term_string}"},"query-input":{"@type":"PropertyValueSpecification","valueRequired":true,"valueName":"search_term_string"}}],"inLanguage":"en-GB"}]}},"_links":{"self":[{"href":"https:\/\/stiftadmont.at\/en\/wp-json\/wp\/v2\/pages\/515","targetHints":{"allow":["GET"]}}],"collection":[{"href":"https:\/\/stiftadmont.at\/en\/wp-json\/wp\/v2\/pages"}],"about":[{"href":"https:\/\/stiftadmont.at\/en\/wp-json\/wp\/v2\/types\/page"}],"author":[{"embeddable":true,"href":"https:\/\/stiftadmont.at\/en\/wp-json\/wp\/v2\/users\/3"}],"replies":[{"embeddable":true,"href":"https:\/\/stiftadmont.at\/en\/wp-json\/wp\/v2\/comments?post=515"}],"version-history":[{"count":248,"href":"https:\/\/stiftadmont.at\/en\/wp-json\/wp\/v2\/pages\/515\/revisions"}],"predecessor-version":[{"id":40887,"href":"https:\/\/stiftadmont.at\/en\/wp-json\/wp\/v2\/pages\/515\/revisions\/40887"}],"wp:attachment":[{"href":"https:\/\/stiftadmont.at\/en\/wp-json\/wp\/v2\/media?parent=515"}],"wp:term":[{"taxonomy":"category","embeddable":true,"href":"https:\/\/stiftadmont.at\/en\/wp-json\/wp\/v2\/categories?post=515"}],"curies":[{"name":"wp","href":"https:\/\/api.w.org\/{rel}","templated":true}]}}