{"id":542,"date":"2021-07-15T14:35:07","date_gmt":"2021-07-15T12:35:07","guid":{"rendered":"https:\/\/stiftadmont.at\/?page_id=542"},"modified":"2025-12-22T10:58:04","modified_gmt":"2025-12-22T08:58:04","slug":"monastery-pharmacy","status":"publish","type":"page","link":"https:\/\/stiftadmont.at\/en\/stiftsapotheke\/","title":{"rendered":"Abbey Pharmacy"},"content":{"rendered":"<section id='lightpress__section--block_581b67b7098ec5d7f271d0264c20f0eb' class='align-center lightpress__section--default-section-space lightpress__section lightpress__section--headline'><div class=\"headline__container\">\n            <p class=\"headline text--40 text-medium line line--gold line-above line-middle\">Die Stiftsapotheke Admont &#8211; Gesundheit mit Geschichte und Herz<\/p>\n        <p class=\"text-center text-gold text--20 text-medium text--uppercase\">Bereits der heilige Benedikt trug seinen Br\u00fcdern besondere Sorge um Kranke und Gebrechliche auf: \u201eDie Sorge f\u00fcr die Kranken muss vor und \u00fcber allem stehen!\u201c<\/p>\n        <div class=\"spacer--40\"><\/div>\n<\/div>\n\n<\/section>\n\n<section id='lightpress__section--block_acb89551815f6f60c45bb34363d0dcd3' class='lightpress__section--default-section-space lightpress__section lightpress__section--content'><div class=\"content__inner\"\n         x-init=\"initContentBlockAnim($el)\">\n        \n    <div class=\"content__grid content__grid--fifty-fifty\">\n                                            <div class=\"content__box content__box\"\n                 style=\"\">\n                                \n                \n                                            <div class=\"prose\"><p class=\"paragraph-m\">Seit Jahrhunderten ist die Stiftsapotheke Admont ein Ort des Vertrauens, der F\u00fcrsorge und der Heilkunst \u2013 ein Ort, an dem der Mensch und seine Gesundheit im Mittelpunkt stehen. Bereits kurz nach der Gr\u00fcndung des Stiftes im Jahr 1074 ist in alten Aufzeichnungen eine kl\u00f6sterliche Hausapotheke dokumentiert. Ab dem 15. Jahrhundert \u00f6ffnete sie sich auch der Allgemeinheit \u2013 und wurde zu einer wichtigen Anlaufstelle f\u00fcr die Bev\u00f6lkerung. Im Laufe der Zeit wirkten hier neben M\u00f6nchen auch weltliche \u00c4rzte und Apotheker \u2013 ein gelebter Br\u00fcckenschlag zwischen Tradition und Fortschritt.<\/p>\n<p>\u00a0<\/p>\n<p class=\"paragraph-m\">Einen bedeutenden Meilenstein setzte das Jahr 2018: Mag. pharm. Andrea Pickl \u00fcbernahm als erste Frau in der fast tausendj\u00e4hrigen Geschichte der Stiftsapotheke die Leitung \u2013 und f\u00fchrt sie mit Leidenschaft, Kompetenz und einem klaren Ziel:<\/p>\n<p class=\"paragraph-m\">\u201eTradition mit Innovation verbinden. Pers\u00f6nliche Betreuung und fundierte Beratung stehen bei uns an erster Stelle.\u201c\u00a0Unter ihrer F\u00fchrung bietet die Apotheke ein umfangreiches Sortiment \u2013 von klassischen Arzneimitteln \u00fcber Hom\u00f6opathie, Sch\u00fc\u00dfler-Salze bis hin zu hochwertigen Nahrungserg\u00e4nzungsmitteln.<\/p>\n<p class=\"paragraph-m\">\u00a0<\/p>\n<p class=\"paragraph-m\">Die Stiftsapotheke befindet sich nur wenige Schritte vom Gesundheitszentrum Admont entfernt \u2013 und ist weit mehr als ein Ort der Medizin: <strong>Sie ist ein Ort der Menschlichkeit, des Wissens und der gelebten Verantwortung.<\/strong><\/p>\n<p class=\"paragraph-m\">\u00a0<\/p>\n<p><a class=\"admont-button admont-button--big admont-button--primary\" title=\"Apothekendienstkalender 2026\" href=\"https:\/\/stiftadmont.at\/wp-content\/uploads\/Apothekendienstkalender-2026.pdf\" download=\"\">Apothekendienstkalender 2026<\/a><\/p>\n<\/div>\n                    \n                            <\/div>\n        \n                                                    <div class=\"content__box content__box--2\"\n                     >\n                                        \n                    \n                                                <div class=\"content__media stickyTo\" x-init=\"imageSticky($el)\">\n\n                                                                                    <picture\n                                    class=\"content__image sticky\">\n                                <source srcset=\"https:\/\/stiftadmont.at\/wp-content\/uploads\/Gesundheitszentrum_\u00a9Thoms-Sattler-10-e1634721629102-1024x683.webp\" type=\"image\/webp\">\n                                <source srcset=\"https:\/\/stiftadmont.at\/wp-content\/uploads\/Gesundheitszentrum_\u00a9Thoms-Sattler-10-e1634721629102-1024x683.jpg\" type=\"image\/jpeg\">\n                                <img decoding=\"async\" class=\"sticky\" loading=\"lazy\" src=\"https:\/\/stiftadmont.at\/wp-content\/uploads\/Gesundheitszentrum_\u00a9Thoms-Sattler-10-e1634721629102-1024x683.jpg\" alt=\"Stiftsapotheke Admont \u00a9 Thomas Sattler\" \/>\n\n                                                                                                                            <\/picture>\n\n                        <\/div>\n\n                                    <\/div>\n            \n            <\/div>\n<\/div>\n\n<\/section>\n\n<section id='lightpress__section--block_793580364f02b32b8974b4a43835acf4' class='bg--black lightpress__section--colored-bg lightpress__section--default-section-space lightpress__section lightpress__section--additional-content'><div class=\"additional-content__container additional-content__container--horizontal\">\n\n            <div class=\"additional-content__intro\">\n            <div class=\"additional-content__intro-text\">\n                <p class=\"intro__title text--60 text--serif text-bold auto-hyphen\">\u00d6ffnungszeiten<\/p>\n                <p class=\"intro__subtitle text--26\"><\/p>\n            <\/div>\n        <\/div>\n    \n    <div class=\"additional-content__entries\">\n                    <div class=\"additional-content__item text-gold\">\n\n                                    <h2 class=\"additional-content__title text--26 auto-hyphen\">MONTAG bis FREITAG<\/h2>\n                \n                                                            <div class=\"spacer--30\"><\/div>\n                                    \n                                    <h2 class=\"additional-content__subtitle text--uppercase text--26\">08:00 bis 12:00 Uhr <br> 14:30 bis 18:00 Uhr<\/h2>\n\n                                            <\/div>\n                    <div class=\"additional-content__item text-gold\">\n\n                                    <h2 class=\"additional-content__title text--26 auto-hyphen\">SAMSTAG<\/h2>\n                \n                                                            <div class=\"spacer--30\"><\/div>\n                                    \n                                    <h2 class=\"additional-content__subtitle text--uppercase text--26\">08:00 bis 12:00 Uhr<\/h2>\n\n                                            <\/div>\n                    <div class=\"additional-content__item text-gold\">\n\n                                    <h2 class=\"additional-content__title text--26 auto-hyphen\">SONNTAG<\/h2>\n                \n                                                            <div class=\"spacer--30\"><\/div>\n                                    \n                                    <h2 class=\"additional-content__subtitle text--uppercase text--26\">geschlossen<\/h2>\n\n                                            <\/div>\n            <\/div>\n<\/div>\n\n    <div class=\"background__container background__container--black\">\n    <\/div>\n\n<\/section>\n\n<section id='lightpress__section--block_c7952a26dd480af3d642dbcf266d2907' class='lightpress__section--default-section-space lightpress__section lightpress__section--content'><div class=\"content__inner\"\n         x-init=\"initContentBlockAnim($el)\">\n        \n    <div class=\"content__grid content__grid--fifty-fifty\">\n                                            <div class=\"content__box content__box\"\n                 style=\"\">\n                                \n                \n                                            <div class=\"prose\"><h5 class=\"heading-m line line-above line--gold\">Kontakt<\/h5>\n<p>\u00a0<\/p>\n<p>Stiftsapotheke Admont<\/p>\n<p>\u00a0<\/p>\n<p>Frau Mag. Andrea Pickl<\/p>\n<p>Kirchplatz 1<\/p>\n<p>8911 Admont<\/p>\n<p>\u00a0<\/p>\n<p><a class=\"phone\" href=\"tel:+4336132236\"><span class=\"icon-outer\"><i class=\"fa-light fa-phone\"><\/i><\/span>+43 (0) 3613\/2236<\/a><\/p>\n<p><a class=\"email\" href=\"mailto:pickl@stiftsapotheke.at\"><span class=\"icon-outer\"><i class=\"fa-light fa-envelope\"><\/i><\/span>pickl@stiftsapotheke.at<\/a><\/p>\n<\/div>\n                    \n                            <\/div>\n        \n                                                    <div class=\"content__box content__box--2\"\n                     >\n                                        \n                    \n                                                <div class=\"content__media stickyTo\" x-init=\"imageSticky($el)\">\n\n                                                                                    <picture\n                                    class=\"content__image sticky\">\n                                <source srcset=\"https:\/\/stiftadmont.at\/wp-content\/uploads\/Gesundheitszentrum_\u00a9Thoms-Sattler-2_www-1024x683.webp\" type=\"image\/webp\">\n                                <source srcset=\"https:\/\/stiftadmont.at\/wp-content\/uploads\/Gesundheitszentrum_\u00a9Thoms-Sattler-2_www-1024x683.jpg\" type=\"image\/jpeg\">\n                                <img decoding=\"async\" class=\"sticky\" loading=\"lazy\" src=\"https:\/\/stiftadmont.at\/wp-content\/uploads\/Gesundheitszentrum_\u00a9Thoms-Sattler-2_www-1024x683.jpg\" alt=\"Gesundheitszentrum \u00a9Thoms Sattler 2 www\" \/>\n\n                                                                                                                            <\/picture>\n\n                        <\/div>\n\n                                    <\/div>\n            \n            <\/div>\n<\/div>\n\n<\/section>\n\n<section id='lightpress__section--block_60abe13e35c63da87b084c60b856fa76' class='lightpress__section--default-section-space lightpress__section lightpress__section--image-slider'>\n<div class=\"image-slider\"\n     x-data=\"{ gallery: null, shown: false }\"\n     x-init=\"gallery = initSliderGallery([{&quot;href&quot;:&quot;https:\\\/\\\/stiftadmont.at\\\/wp-content\\\/uploads\\\/Gesundheitszentrum_\\u00a9Thoms-Sattler-17-e1634721542140-1920x1280.jpg&quot;,&quot;type&quot;:&quot;image&quot;},{&quot;href&quot;:&quot;https:\\\/\\\/stiftadmont.at\\\/wp-content\\\/uploads\\\/Gesundheitszentrum_\\u00a9Thoms-Sattler-16-e1634721559975-1920x1280.jpg&quot;,&quot;type&quot;:&quot;image&quot;},{&quot;href&quot;:&quot;https:\\\/\\\/stiftadmont.at\\\/wp-content\\\/uploads\\\/Gesundheitszentrum_\\u00a9Thoms-Sattler-23-e1634721498615-1920x1280.jpg&quot;,&quot;type&quot;:&quot;image&quot;},{&quot;href&quot;:&quot;https:\\\/\\\/stiftadmont.at\\\/wp-content\\\/uploads\\\/Gesundheitszentrum_\\u00a9Thoms-Sattler-20-1920x1280.jpg&quot;,&quot;type&quot;:&quot;image&quot;},{&quot;href&quot;:&quot;https:\\\/\\\/stiftadmont.at\\\/wp-content\\\/uploads\\\/Gesundheitszentrum_\\u00a9Thoms-Sattler-12-e1634721610154-1920x1280.jpg&quot;,&quot;type&quot;:&quot;image&quot;}]); initImageSliderBlockAnim($el);\">\n    <div class=\"image-slider__inner\">\n\n        <div class=\"swiper-container\" x-init=\"initImageSliderBlock($el, $refs.btnPrev, $refs.btnNext)\">\n            <div class=\"swiper-wrapper\">\n                                    <div class=\"swiper-slide\">\n                        <div class=\"image-slider__media\">\n                            <img decoding=\"async\" class=\"image-slider__image\"\n                                 src=\"https:\/\/stiftadmont.at\/wp-content\/uploads\/Gesundheitszentrum_\u00a9Thoms-Sattler-17-e1634721542140-768x512.jpg\"\n                                 alt=\"Stiftsapotheke Admont \u00a9 Thomas Sattler\">\n                        <\/div>\n                    <\/div>\n                                    <div class=\"swiper-slide\">\n                        <div class=\"image-slider__media\">\n                            <img decoding=\"async\" class=\"image-slider__image\"\n                                 src=\"https:\/\/stiftadmont.at\/wp-content\/uploads\/Gesundheitszentrum_\u00a9Thoms-Sattler-16-e1634721559975-768x512.jpg\"\n                                 alt=\"Stiftsapotheke Admont \u00a9 Thomas Sattler\">\n                        <\/div>\n                    <\/div>\n                                    <div class=\"swiper-slide\">\n                        <div class=\"image-slider__media\">\n                            <img decoding=\"async\" class=\"image-slider__image\"\n                                 src=\"https:\/\/stiftadmont.at\/wp-content\/uploads\/Gesundheitszentrum_\u00a9Thoms-Sattler-23-e1634721498615-768x512.jpg\"\n                                 alt=\"Stiftsapotheke Admont \u00a9 Thomas Sattler\">\n                        <\/div>\n                    <\/div>\n                                    <div class=\"swiper-slide\">\n                        <div class=\"image-slider__media\">\n                            <img decoding=\"async\" class=\"image-slider__image\"\n                                 src=\"https:\/\/stiftadmont.at\/wp-content\/uploads\/Gesundheitszentrum_\u00a9Thoms-Sattler-20-768x512.jpg\"\n                                 alt=\"Stiftsapotheke Admont \u00a9 Thomas Sattler\">\n                        <\/div>\n                    <\/div>\n                                    <div class=\"swiper-slide\">\n                        <div class=\"image-slider__media\">\n                            <img decoding=\"async\" class=\"image-slider__image\"\n                                 src=\"https:\/\/stiftadmont.at\/wp-content\/uploads\/Gesundheitszentrum_\u00a9Thoms-Sattler-12-e1634721610154-768x512.jpg\"\n                                 alt=\"Stiftsapotheke Admont \u00a9 Thomas Sattler\">\n                        <\/div>\n                    <\/div>\n                            <\/div>\n\n            <div class=\"swiper-nav-wrapper\">\n                <button class=\"swiper-button-prev slider-button--prev\" x-ref=\"btnPrev\"\n                        aria-label=\"Vorige Bilder anzeigen\">\n                    <img decoding=\"async\" src=\"\/wp-content\/themes\/stift-admont\/src\/assets\/img\/arrow-left-big-new.svg\" alt=\"Pfeil nach Links\">\n                <\/button>\n\n\n                <a class=\"image-slider__gallery\" @click=\"openGallery(gallery)\"><i class=\"fa-thin fa-plus\"><\/i><\/a>\n                <button class=\"swiper-button-next slider-button--next\"\n                        x-ref=\"btnNext\"\n                        aria-label=\"N\u00e4chste Bilder anzeigen\">\n                    <img decoding=\"async\" src=\"\/wp-content\/themes\/stift-admont\/src\/assets\/img\/arrow-right-big-new.svg\" alt=\"Pfeil nach Rechts\">\n                <\/button>\n            <\/div>\n        <\/div>\n    <\/div>\n\n\n<\/div><\/section>","protected":false},"excerpt":{"rendered":"","protected":false},"author":3,"featured_media":0,"parent":0,"menu_order":95,"comment_status":"closed","ping_status":"closed","template":"","meta":{"_acf_changed":false,"footnotes":""},"categories":[],"class_list":["post-542","page","type-page","status-publish","hentry"],"acf":[],"yoast_head":"<!-- This site is optimized with the Yoast SEO Premium plugin v26.0 (Yoast SEO v26.8) - https:\/\/yoast.com\/product\/yoast-seo-premium-wordpress\/ -->\n<title>Stiftsapotheke - Stift Admont<\/title>\n<meta name=\"description\" content=\"Stiftsapotheke Admont \u2013 Arzneimittel, Naturprodukte &amp; pers\u00f6nliche Beratung direkt am Kirchplatz im Herzen von Admont.\" \/>\n<meta name=\"robots\" content=\"index, follow, max-snippet:-1, max-image-preview:large, max-video-preview:-1\" \/>\n<link rel=\"canonical\" href=\"https:\/\/stiftadmont.at\/en\/monastery-pharmacy\/\" \/>\n<meta property=\"og:locale\" content=\"en_GB\" \/>\n<meta property=\"og:type\" content=\"article\" \/>\n<meta property=\"og:title\" content=\"Stiftsapotheke\" \/>\n<meta property=\"og:description\" content=\"Stiftsapotheke Admont \u2013 Arzneimittel, Naturprodukte &amp; pers\u00f6nliche Beratung direkt am Kirchplatz im Herzen von Admont.\" \/>\n<meta property=\"og:url\" content=\"https:\/\/stiftadmont.at\/en\/monastery-pharmacy\/\" \/>\n<meta property=\"og:site_name\" content=\"Stift Admont\" \/>\n<meta property=\"article:modified_time\" content=\"2025-12-22T08:58:04+00:00\" \/>\n<meta property=\"og:image\" content=\"https:\/\/stiftadmont.at\/wp-content\/uploads\/Klosteranlage-innen.jpg\" \/>\n\t<meta property=\"og:image:width\" content=\"1912\" \/>\n\t<meta property=\"og:image:height\" content=\"1188\" \/>\n\t<meta property=\"og:image:type\" content=\"image\/jpeg\" \/>\n<meta name=\"twitter:card\" content=\"summary_large_image\" \/>\n<script type=\"application\/ld+json\" class=\"yoast-schema-graph\">{\"@context\":\"https:\/\/schema.org\",\"@graph\":[{\"@type\":\"WebPage\",\"@id\":\"https:\/\/stiftadmont.at\/stiftsapotheke\/\",\"url\":\"https:\/\/stiftadmont.at\/stiftsapotheke\/\",\"name\":\"Stiftsapotheke - Stift Admont\",\"isPartOf\":{\"@id\":\"https:\/\/stiftadmont.at\/#website\"},\"datePublished\":\"2021-07-15T12:35:07+00:00\",\"dateModified\":\"2025-12-22T08:58:04+00:00\",\"description\":\"Stiftsapotheke Admont \u2013 Arzneimittel, Naturprodukte & pers\u00f6nliche Beratung direkt am Kirchplatz im Herzen von Admont.\",\"breadcrumb\":{\"@id\":\"https:\/\/stiftadmont.at\/stiftsapotheke\/#breadcrumb\"},\"inLanguage\":\"en-GB\",\"potentialAction\":[{\"@type\":\"ReadAction\",\"target\":[\"https:\/\/stiftadmont.at\/stiftsapotheke\/\"]}]},{\"@type\":\"BreadcrumbList\",\"@id\":\"https:\/\/stiftadmont.at\/stiftsapotheke\/#breadcrumb\",\"itemListElement\":[{\"@type\":\"ListItem\",\"position\":1,\"name\":\"Start\",\"item\":\"https:\/\/stiftadmont.at\/\"},{\"@type\":\"ListItem\",\"position\":2,\"name\":\"Stiftsapotheke\"}]},{\"@type\":\"WebSite\",\"@id\":\"https:\/\/stiftadmont.at\/#website\",\"url\":\"https:\/\/stiftadmont.at\/\",\"name\":\"Stift Admont\",\"description\":\"Benediktinerkloster und Sehensw\u00fcrdigkeit im Ges\u00e4use\",\"potentialAction\":[{\"@type\":\"SearchAction\",\"target\":{\"@type\":\"EntryPoint\",\"urlTemplate\":\"https:\/\/stiftadmont.at\/?s={search_term_string}\"},\"query-input\":{\"@type\":\"PropertyValueSpecification\",\"valueRequired\":true,\"valueName\":\"search_term_string\"}}],\"inLanguage\":\"en-GB\"}]}<\/script>\n<!-- \/ Yoast SEO Premium plugin. -->","yoast_head_json":{"title":"Abbey pharmacy - Admont Abbey","description":"Stiftsapotheke Admont - medicines, natural products &amp; personal advice directly on the church square in the heart of Admont.","robots":{"index":"index","follow":"follow","max-snippet":"max-snippet:-1","max-image-preview":"max-image-preview:large","max-video-preview":"max-video-preview:-1"},"canonical":"https:\/\/stiftadmont.at\/en\/monastery-pharmacy\/","og_locale":"en_GB","og_type":"article","og_title":"Stiftsapotheke","og_description":"Stiftsapotheke Admont \u2013 Arzneimittel, Naturprodukte & pers\u00f6nliche Beratung direkt am Kirchplatz im Herzen von Admont.","og_url":"https:\/\/stiftadmont.at\/en\/monastery-pharmacy\/","og_site_name":"Stift Admont","article_modified_time":"2025-12-22T08:58:04+00:00","og_image":[{"width":1912,"height":1188,"url":"https:\/\/stiftadmont.at\/wp-content\/uploads\/Klosteranlage-innen.jpg","type":"image\/jpeg"}],"twitter_card":"summary_large_image","schema":{"@context":"https:\/\/schema.org","@graph":[{"@type":"WebPage","@id":"https:\/\/stiftadmont.at\/stiftsapotheke\/","url":"https:\/\/stiftadmont.at\/stiftsapotheke\/","name":"Abbey pharmacy - Admont Abbey","isPartOf":{"@id":"https:\/\/stiftadmont.at\/#website"},"datePublished":"2021-07-15T12:35:07+00:00","dateModified":"2025-12-22T08:58:04+00:00","description":"Stiftsapotheke Admont - medicines, natural products &amp; personal advice directly on the church square in the heart of Admont.","breadcrumb":{"@id":"https:\/\/stiftadmont.at\/stiftsapotheke\/#breadcrumb"},"inLanguage":"en-GB","potentialAction":[{"@type":"ReadAction","target":["https:\/\/stiftadmont.at\/stiftsapotheke\/"]}]},{"@type":"BreadcrumbList","@id":"https:\/\/stiftadmont.at\/stiftsapotheke\/#breadcrumb","itemListElement":[{"@type":"ListItem","position":1,"name":"Start","item":"https:\/\/stiftadmont.at\/"},{"@type":"ListItem","position":2,"name":"Stiftsapotheke"}]},{"@type":"WebSite","@id":"https:\/\/stiftadmont.at\/#website","url":"https:\/\/stiftadmont.at\/","name":"Admont Abbey","description":"Benedictine monastery and tourist attraction in the Ges\u00e4use","potentialAction":[{"@type":"SearchAction","target":{"@type":"EntryPoint","urlTemplate":"https:\/\/stiftadmont.at\/?s={search_term_string}"},"query-input":{"@type":"PropertyValueSpecification","valueRequired":true,"valueName":"search_term_string"}}],"inLanguage":"en-GB"}]}},"_links":{"self":[{"href":"https:\/\/stiftadmont.at\/en\/wp-json\/wp\/v2\/pages\/542","targetHints":{"allow":["GET"]}}],"collection":[{"href":"https:\/\/stiftadmont.at\/en\/wp-json\/wp\/v2\/pages"}],"about":[{"href":"https:\/\/stiftadmont.at\/en\/wp-json\/wp\/v2\/types\/page"}],"author":[{"embeddable":true,"href":"https:\/\/stiftadmont.at\/en\/wp-json\/wp\/v2\/users\/3"}],"replies":[{"embeddable":true,"href":"https:\/\/stiftadmont.at\/en\/wp-json\/wp\/v2\/comments?post=542"}],"version-history":[{"count":84,"href":"https:\/\/stiftadmont.at\/en\/wp-json\/wp\/v2\/pages\/542\/revisions"}],"predecessor-version":[{"id":38904,"href":"https:\/\/stiftadmont.at\/en\/wp-json\/wp\/v2\/pages\/542\/revisions\/38904"}],"wp:attachment":[{"href":"https:\/\/stiftadmont.at\/en\/wp-json\/wp\/v2\/media?parent=542"}],"wp:term":[{"taxonomy":"category","embeddable":true,"href":"https:\/\/stiftadmont.at\/en\/wp-json\/wp\/v2\/categories?post=542"}],"curies":[{"name":"wp","href":"https:\/\/api.w.org\/{rel}","templated":true}]}}