{"id":10271,"date":"2022-05-01T23:45:20","date_gmt":"2022-05-01T21:45:20","guid":{"rendered":"https:\/\/stiftadmont.at\/?page_id=10271"},"modified":"2023-08-16T13:09:30","modified_gmt":"2023-08-16T11:09:30","slug":"cronologia-2","status":"publish","type":"page","link":"https:\/\/stiftadmont.at\/es\/zeitachse\/","title":{"rendered":"Cronolog\u00eda"},"content":{"rendered":"<section id='lightpress__section--block_626efe3265d35' class='lightpress__section--default-section-space lightpress__section lightpress__section--content'><div class=\"content__inner\"\n         x-init=\"initContentBlockAnim($el)\">\n        \n    <div class=\"content__grid content__grid\">\n                                            <div class=\"content__box content__box--one-hundred\"\n                 style=\"\">\n                                \n                \n                                            <div class=\"prose\"><h2 class=\"heading-xxl line line--gold\">Cronolog\u00eda de la pluma<\/h2>\n<p><strong>1043, donaci\u00f3n<\/strong><br \/>Santa Hemma dona gran parte de sus bienes al arzobispo Balduino de Salzburgo con el deseo expreso de fundar un monasterio en el r\u00edo Enns.<\/p>\n<p><strong>1074, fundaci\u00f3n<\/strong><br \/>El 29 de septiembre de 1074, el arzobispo Gebhard de Salzburgo consagra la abad\u00eda de Admont como primer monasterio en suelo estirio. Los primeros monjes proced\u00edan del monasterio benedictino de San Pedro\/Salzburgo.<\/p>\n<p><strong>1103, Primera elecci\u00f3n<\/strong><br \/>Los monjes de Admont eligen por primera vez un abad, Enrique I (de Kremsm\u00fcnster). Muere en la inundaci\u00f3n de Enns en 1112.<\/p>\n<p><strong>1120, convento<\/strong><br \/>En este a\u00f1o, se a\u00f1adi\u00f3 al monasterio un convento basado en la regla benedictina, cuyas monjas adquirieron una importante reputaci\u00f3n por su alto nivel educativo y su actividad literaria. El convento se extingui\u00f3 durante la Reforma.<\/p>\n<p><strong>1137, Monasterio de Attel<\/strong><br \/>Bajo el abad Wolfold, los monjes benedictinos de Admont recolonizan el monasterio de Attel, en el distrito de Rosenheim, en la Alta Baviera. \u00c9ste se disuelve en 1803.<\/p>\n<p><strong>1152, incendio<\/strong><br \/>En la noche del 10 al 11 de marzo se produce un incendio en la instalaci\u00f3n de calefacci\u00f3n del centro de la abad\u00eda de Admont. En el c\u00f3dice 16 de los archivos abaciales, entre los comentarios a los Libros de los Reyes, se encuentra un testimonio del padre Irimbert. En oto\u00f1o se consagran los edificios reci\u00e9n construidos.<\/p>\n<p><strong>1165, primer abad \"propio<\/strong><br \/>Con el abad Liutold, los conventuales de Admont eligen por primera vez abad a un cofrade de sus propias filas.<\/p>\n<p><strong>1189, parroquias<\/strong><br \/>En este a\u00f1o, Rodolfo II es elegido abad de Admont. Durante su \u00e9poca, muchas parroquias recaen en la abad\u00eda de Admont. Muchas de ellas siguen siendo atendidas hoy en d\u00eda por los padres de Admont.  He aqu\u00ed una lista de las parroquias.<\/p>\n<p><strong>1230, Mitre<\/strong><br \/>El papa Gregorio IX concede a los abades de Admont el derecho a llevar la mitra durante los oficios solemnes. El primer abad en llevar la mitra fue Berthold I.<\/p>\n<p><strong>1261, hambruna<\/strong><br \/>Ese a\u00f1o estall\u00f3 una gran hambruna y los monjes huyeron al monasterio matriz de San Pedro de Salzburgo, donde permanecieron dos a\u00f1os.<\/p>\n<p><strong>1275, el abad Heinrich II.<\/strong><br \/>En este a\u00f1o, Enrique II es elegido abad. Tambi\u00e9n se le conoce como el \"segundo fundador\" debido a su perspicacia para los negocios. M\u00e1s tarde fue tambi\u00e9n gobernador de Estiria. Es el \u00fanico abad de Admont asesinado, en 1297 por su sobrino en el Kaiserau.<\/p>\n<p><strong>1297, Abad Engelbert Poetsch<\/strong><br \/>Engelbert Poetsch, uno de los esp\u00edritus m\u00e1s universales de la Austria medieval, es elegido abad. Su memoria siempre ha sido muy honrada en la casa: A veces, incluso se le ha contado t\u00e1citamente entre las filas de los santos. Durante siglos, un miembro del monasterio ha llevado su nombre.<\/p>\n<p><strong>1399, Otras parroquias<\/strong><br \/>Otras parroquias son competencia del monasterio.<\/p>\n<p><strong>1410, Frauenberg an der Enns<\/strong><br \/>En este a\u00f1o se menciona por primera vez en un documento la iglesia de peregrinaci\u00f3n Frauenberg an der Enns. En esa \u00e9poca, el antipapa Juan XXIII concede varias indulgencias.<\/p>\n<p><strong>1451, reforma de Salzburgo<\/strong><br \/>Todos los monasterios benedictinos de la archidi\u00f3cesis y de las di\u00f3cesis sufrag\u00e1neas son reformados por decisi\u00f3n del S\u00ednodo de Salzburgo. Esta llamada \"Reforma de Melk\" pretende llevar una vida conforme a la Regla de San Benito mediante un modo de vida m\u00e1s estricto y una mejora de la disciplina.<\/p>\n<p><strong>1483, Abad Antonius<\/strong><br \/>En este a\u00f1o, el emperador Federico III nombra para Admont al abad Antonius Gottesgnad, un minorita de Venecia. Se le considera un destacado representante del humanismo. Adem\u00e1s de numerosas adquisiciones de exquisitos manuscritos para la biblioteca, coloca la primera piedra de la iglesia de peregrinaci\u00f3n Frauenberg Maria Rehkogel, en la actual Bruck\/Mur.<\/p>\n<p><strong>1581, Reforma<\/strong><br \/>La Reforma cae en tierra f\u00e9rtil en Admont, donde s\u00f3lo dos sacerdotes siguen viviendo en el monasterio. El monasterio femenino queda completamente abandonado. En este a\u00f1o, Johannes IV Hofmann, de San Lambrecht, asume el cargo de abad. Bajo su direcci\u00f3n, el monasterio experimenta un renacimiento: 24 monjes hacen sus votos en sus manos. Se le considera el impulsor de la Contrarreforma en el valle de Enns.<\/p>\n<p><strong>1628, Abad Urbano Weber<\/strong><br \/>Urban Weber es elegido 47\u00ba abad. Se le llama el \"tercer fundador\" debido a su gran actividad constructora. Durante su mandato, 15 cohermanos emiten sus votos.<\/p>\n<p><strong>1644, fundaci\u00f3n de la escuela de gram\u00e1tica<\/strong><br \/>El abad Urban fund\u00f3 la escuela de gram\u00e1tica e hizo construir una vicar\u00eda barroca en Frauenberg an der Enns. En el mismo siglo, floreci\u00f3 una escuela de bordado bajo la direcci\u00f3n del padre Benno Haan, de Copenhague, de la que surgi\u00f3 una colecci\u00f3n de espl\u00e9ndidos tejidos lit\u00fargicos barrocos. En el curso de la animada actividad constructora de la \u00e9poca barroca, el arquitecto Johann Gotthard Hayberger inici\u00f3 hacia 1735 una generosa remodelaci\u00f3n del complejo del monasterio, que continu\u00f3 el maestro de obras Josef Hueber, de Graz.<\/p>\n<p><strong>1675, Abad Adalbert Heufler<\/strong><br \/>En este a\u00f1o, Adalbert Heufler zu Rasen und H\u00f6henb\u00fchel, gran mecenas de la iglesia de peregrinaci\u00f3n de Frauenberg an der Enns, es elegido abad.<\/p>\n<p><strong>1680, incendio en la armer\u00eda<\/strong><br \/>Un incendio destruye la armer\u00eda Stiftisches Zeughaus.<\/p>\n<p><strong>1726, Joseph Stammel<\/strong><br \/>En este a\u00f1o, Joseph Stammel, artista importante para Admont, comienza su trabajo.<\/p>\n<p><strong>1786, instituto de Leoben<\/strong><br \/>La Escuela de Gram\u00e1tica de la Abad\u00eda de Admont se traslada a Leoben.<\/p>\n<p><strong>1865, incendio de la Abad\u00eda<\/strong><br \/>Un gran incendio destruy\u00f3 gran parte del monasterio en 1865, a excepci\u00f3n de la biblioteca. En los a\u00f1os siguientes, se reconstruy\u00f3 la mayor parte de los edificios del monasterio. La colegiata de Admont se reconstruy\u00f3 sobre los antiguos cimientos y es el primer gran edificio sagrado neog\u00f3tico de Austria.<\/p>\n<p><strong>1869, consagraci\u00f3n de la iglesia<\/strong><br \/>Tras el devastador incendio, se consagra la nueva colegiata.<\/p>\n<p><strong>1883, Kastner&amp;\u00d6hler<\/strong><br \/>Se inaugura el primer Kastner&amp;\u00d6hler en el Admonterhof de Graz.<\/p>\n<p><strong>1898, Museo de Historia Natural<\/strong><br \/>P. Gabriel Strobl construye el Museo de Historia Natural.<\/p>\n<p><strong>1906, el emperador Francisco Jos\u00e9<\/strong><br \/>El emperador Francisco Jos\u00e9 visita la abad\u00eda de Admont.<\/p>\n<p><strong>1911, Primera central el\u00e9ctrica<\/strong><br \/>Se pone en funcionamiento la primera central el\u00e9ctrica del monasterio de M\u00fchlau.<\/p>\n<p><strong>1939, Segunda Guerra Mundial<\/strong><br \/>El r\u00e9gimen nazi confisca todos los bienes de la abad\u00eda de Admont y los sacerdotes se ven obligados a abandonar el monasterio.<\/p>\n<p><strong>1945, Retorno<\/strong><br \/>Tras el final de la Segunda Guerra Mundial, los monjes pueden volver a instalarse en el monasterio el 17 de octubre.<\/p>\n<p><strong>1974, 900 aniversario<\/strong><br \/>Con motivo de su 900 aniversario, el monasterio erige un nuevo edificio escolar en Admont. A partir de este a\u00f1o, tambi\u00e9n se admiten ni\u00f1as.<\/p>\n<p><strong>1996, Abad Bruno Hubl<\/strong><br \/>Bruno Hubl es elegido abad. Nombrado prior por el abad Benedikt Schl\u00f6micher en 1978, fue tambi\u00e9n maestro de novicios y miembro de diversas comisiones lit\u00fargicas. Tras la repentina dimisi\u00f3n del abad Benedikt Schl\u00f6micher, el prior Bruno Hubl fue elegido abad por los monjes de la abad\u00eda de Admont el 1 de agosto de 1996. Fue consagrado por el obispo Johann Weber en la iglesia abacial el 1 de septiembre de 1996.<br \/>Fue miembro del Presidium de la Congregaci\u00f3n Benedictina Austriaca hasta 2009 y forma parte de diversos comit\u00e9s diocesanos y suprarregionales. Durante su mandato se restauraron grandes partes del complejo mon\u00e1stico y la mundialmente famosa biblioteca del monasterio, y se construyeron el nuevo museo y la Casa del Encuentro de Graz, inaugurada el 6 de octubre de 2002.<br \/>El 23 de marzo de 2009, el abad Bruno anunci\u00f3 su dimisi\u00f3n. Sin embargo, fue reelegido en las elecciones abaciales del 27 de abril. El 30 de abril, tras tres d\u00edas de reflexi\u00f3n, reasumi\u00f3 su cargo. En su discurso de aceptaci\u00f3n, subray\u00f3 que su dimisi\u00f3n era seria. Sin embargo, la confianza de sus hermanos le convenci\u00f3 para aceptar de nuevo el cargo de abad\".<\/p>\n<p><strong>2003, inauguraci\u00f3n del museo<\/strong><br \/>Adem\u00e1s de una biblioteca abacial del barroco tard\u00edo, la abad\u00eda benedictina de Admont alberga desde 2003 un gran museo que se extiende por cuatro plantas en dos alas del edificio. Se exponen manuscritos medievales y grabados antiguos, arte desde la Edad Media hasta nuestros d\u00edas y una colecci\u00f3n de historia natural. Tambi\u00e9n hay una presentaci\u00f3n multimedia de la abad\u00eda, exposiciones especiales y una escalera panor\u00e1mica.<\/p>\n<p><strong>2008, Restauraci\u00f3n de la biblioteca<\/strong><br \/>Restauraci\u00f3n de la biblioteca: un proyecto de un siglo de duraci\u00f3n ha concluido con \u00e9xito. Desde que se termin\u00f3 de construir la sala de la biblioteca en 1776, nunca se hab\u00eda llevado a cabo una obra comparable: En tres grandes fases de trabajo durante los a\u00f1os 2004 a 2008, se restauraron todos los soportes de piedra y metal, los frescos del techo, toda la decoraci\u00f3n escult\u00f3rica y todos los componentes de madera. Se limpi\u00f3 y examin\u00f3 toda la colecci\u00f3n de libros, compuesta por unos 70.000 ejemplares. Se restauraron m\u00e1s de 5.000 libros. Durante esta fase de restauraci\u00f3n, la Biblioteca de la Abad\u00eda de Admont sigui\u00f3 siendo accesible a los visitantes.<\/p>\n<p><strong>2015, Limpieza de libros<\/strong><br \/>Se limpia toda la colecci\u00f3n de libros de la biblioteca barroca del monasterio tras una fumigaci\u00f3n necesaria (infestaci\u00f3n de plagas). Se limpiar\u00e1n y reorganizar\u00e1n profesionalmente 70.000 libros. La finalizaci\u00f3n del proyecto est\u00e1 prevista para 2016.<\/p>\n<p>Tambi\u00e9n en el <a title=\" Archivo de la Abad\u00eda\" href=\"https:\/\/stiftadmont.at\/es\/sobre-el-archivo-de-la-abadia\/\">Archivo de la Abad\u00eda<\/a>\u00a0modernos y facilitar a los usuarios la investigaci\u00f3n y el trabajo con los valiosos fondos.<\/p>\n<\/div>\n                    \n                            <\/div>\n        \n            <\/div>\n<\/div>\n\n<\/section>","protected":false},"excerpt":{"rendered":"","protected":false},"author":7,"featured_media":0,"parent":0,"menu_order":127,"comment_status":"closed","ping_status":"closed","template":"","meta":{"_acf_changed":false,"footnotes":""},"categories":[],"class_list":["post-10271","page","type-page","status-publish","hentry"],"acf":[],"yoast_head":"<!-- This site is optimized with the Yoast SEO Premium plugin v26.0 (Yoast SEO v26.8) - https:\/\/yoast.com\/product\/yoast-seo-premium-wordpress\/ -->\n<title>Zeitachse - Stift Admont<\/title>\n<meta name=\"robots\" content=\"index, follow, max-snippet:-1, max-image-preview:large, max-video-preview:-1\" \/>\n<link rel=\"canonical\" href=\"https:\/\/stiftadmont.at\/es\/cronologia-2\/\" \/>\n<meta property=\"og:locale\" content=\"es_ES\" \/>\n<meta property=\"og:type\" content=\"article\" \/>\n<meta property=\"og:title\" content=\"Zeitachse\" \/>\n<meta property=\"og:url\" content=\"https:\/\/stiftadmont.at\/es\/cronologia-2\/\" \/>\n<meta property=\"og:site_name\" content=\"Stift Admont\" \/>\n<meta property=\"article:modified_time\" content=\"2023-08-16T11:09:30+00:00\" \/>\n<meta property=\"og:image\" content=\"https:\/\/stiftadmont.at\/wp-content\/uploads\/Klosteranlage-innen.jpg\" \/>\n\t<meta property=\"og:image:width\" content=\"1912\" \/>\n\t<meta property=\"og:image:height\" content=\"1188\" \/>\n\t<meta property=\"og:image:type\" content=\"image\/jpeg\" \/>\n<meta name=\"twitter:card\" content=\"summary_large_image\" \/>\n<script type=\"application\/ld+json\" class=\"yoast-schema-graph\">{\"@context\":\"https:\/\/schema.org\",\"@graph\":[{\"@type\":\"WebPage\",\"@id\":\"https:\/\/stiftadmont.at\/zeitachse\/\",\"url\":\"https:\/\/stiftadmont.at\/zeitachse\/\",\"name\":\"Zeitachse - Stift Admont\",\"isPartOf\":{\"@id\":\"https:\/\/stiftadmont.at\/#website\"},\"datePublished\":\"2022-05-01T21:45:20+00:00\",\"dateModified\":\"2023-08-16T11:09:30+00:00\",\"breadcrumb\":{\"@id\":\"https:\/\/stiftadmont.at\/zeitachse\/#breadcrumb\"},\"inLanguage\":\"es\",\"potentialAction\":[{\"@type\":\"ReadAction\",\"target\":[\"https:\/\/stiftadmont.at\/zeitachse\/\"]}]},{\"@type\":\"BreadcrumbList\",\"@id\":\"https:\/\/stiftadmont.at\/zeitachse\/#breadcrumb\",\"itemListElement\":[{\"@type\":\"ListItem\",\"position\":1,\"name\":\"Start\",\"item\":\"https:\/\/stiftadmont.at\/\"},{\"@type\":\"ListItem\",\"position\":2,\"name\":\"Zeitachse\"}]},{\"@type\":\"WebSite\",\"@id\":\"https:\/\/stiftadmont.at\/#website\",\"url\":\"https:\/\/stiftadmont.at\/\",\"name\":\"Stift Admont\",\"description\":\"Benediktinerkloster und Sehensw\u00fcrdigkeit im Ges\u00e4use\",\"potentialAction\":[{\"@type\":\"SearchAction\",\"target\":{\"@type\":\"EntryPoint\",\"urlTemplate\":\"https:\/\/stiftadmont.at\/?s={search_term_string}\"},\"query-input\":{\"@type\":\"PropertyValueSpecification\",\"valueRequired\":true,\"valueName\":\"search_term_string\"}}],\"inLanguage\":\"es\"}]}<\/script>\n<!-- \/ Yoast SEO Premium plugin. -->","yoast_head_json":{"title":"Cronolog\u00eda - Abad\u00eda de Admont","robots":{"index":"index","follow":"follow","max-snippet":"max-snippet:-1","max-image-preview":"max-image-preview:large","max-video-preview":"max-video-preview:-1"},"canonical":"https:\/\/stiftadmont.at\/es\/cronologia-2\/","og_locale":"es_ES","og_type":"article","og_title":"Zeitachse","og_url":"https:\/\/stiftadmont.at\/es\/cronologia-2\/","og_site_name":"Stift Admont","article_modified_time":"2023-08-16T11:09:30+00:00","og_image":[{"width":1912,"height":1188,"url":"https:\/\/stiftadmont.at\/wp-content\/uploads\/Klosteranlage-innen.jpg","type":"image\/jpeg"}],"twitter_card":"summary_large_image","schema":{"@context":"https:\/\/schema.org","@graph":[{"@type":"WebPage","@id":"https:\/\/stiftadmont.at\/zeitachse\/","url":"https:\/\/stiftadmont.at\/zeitachse\/","name":"Cronolog\u00eda - Abad\u00eda de Admont","isPartOf":{"@id":"https:\/\/stiftadmont.at\/#website"},"datePublished":"2022-05-01T21:45:20+00:00","dateModified":"2023-08-16T11:09:30+00:00","breadcrumb":{"@id":"https:\/\/stiftadmont.at\/zeitachse\/#breadcrumb"},"inLanguage":"es","potentialAction":[{"@type":"ReadAction","target":["https:\/\/stiftadmont.at\/zeitachse\/"]}]},{"@type":"BreadcrumbList","@id":"https:\/\/stiftadmont.at\/zeitachse\/#breadcrumb","itemListElement":[{"@type":"ListItem","position":1,"name":"Start","item":"https:\/\/stiftadmont.at\/"},{"@type":"ListItem","position":2,"name":"Zeitachse"}]},{"@type":"WebSite","@id":"https:\/\/stiftadmont.at\/#website","url":"https:\/\/stiftadmont.at\/","name":"Abad\u00eda de Admont","description":"Monasterio benedictino y atracci\u00f3n tur\u00edstica en el Ges\u00e4use","potentialAction":[{"@type":"SearchAction","target":{"@type":"EntryPoint","urlTemplate":"https:\/\/stiftadmont.at\/?s={search_term_string}"},"query-input":{"@type":"PropertyValueSpecification","valueRequired":true,"valueName":"search_term_string"}}],"inLanguage":"es"}]}},"_links":{"self":[{"href":"https:\/\/stiftadmont.at\/es\/wp-json\/wp\/v2\/pages\/10271","targetHints":{"allow":["GET"]}}],"collection":[{"href":"https:\/\/stiftadmont.at\/es\/wp-json\/wp\/v2\/pages"}],"about":[{"href":"https:\/\/stiftadmont.at\/es\/wp-json\/wp\/v2\/types\/page"}],"author":[{"embeddable":true,"href":"https:\/\/stiftadmont.at\/es\/wp-json\/wp\/v2\/users\/7"}],"replies":[{"embeddable":true,"href":"https:\/\/stiftadmont.at\/es\/wp-json\/wp\/v2\/comments?post=10271"}],"version-history":[{"count":35,"href":"https:\/\/stiftadmont.at\/es\/wp-json\/wp\/v2\/pages\/10271\/revisions"}],"predecessor-version":[{"id":13471,"href":"https:\/\/stiftadmont.at\/es\/wp-json\/wp\/v2\/pages\/10271\/revisions\/13471"}],"wp:attachment":[{"href":"https:\/\/stiftadmont.at\/es\/wp-json\/wp\/v2\/media?parent=10271"}],"wp:term":[{"taxonomy":"category","embeddable":true,"href":"https:\/\/stiftadmont.at\/es\/wp-json\/wp\/v2\/categories?post=10271"}],"curies":[{"name":"wp","href":"https:\/\/api.w.org\/{rel}","templated":true}]}}