{"id":12894,"date":"2022-06-09T13:49:23","date_gmt":"2022-06-09T11:49:23","guid":{"rendered":"https:\/\/stiftadmont.at\/?page_id=12894"},"modified":"2025-06-30T10:51:56","modified_gmt":"2025-06-30T08:51:56","slug":"arquitectura","status":"publish","type":"page","link":"https:\/\/stiftadmont.at\/es\/architektur\/","title":{"rendered":"Arquitectura"},"content":{"rendered":"<section id='lightpress__section--block_de5566a39324f09dcf2f1b2131a0a02f' class='align-center lightpress__section--default-section-space lightpress__section lightpress__section--headline'><div class=\"headline__container\">\n            <h2 class=\"headline text--40 text-medium line line--gold line-above line-middle\">Die Architektur der Admonter Klosterbibliothek <\/h2>\n        <p class=\"text-center text-gold text--20 text-medium text--uppercase\">&#8222;Das achte Weltwunder&#8220; <\/p>\n        <div class=\"spacer--40\"><\/div>\n<\/div>\n\n<\/section>\n\n<section id='lightpress__section--block_00393e0d7335fe2989a7a967f019db2d' class='lightpress__section--default-section-space lightpress__section lightpress__section--content'><div class=\"content__inner\"\n         x-init=\"initContentBlockAnim($el)\">\n        \n    <div class=\"content__grid content__grid--fifty-fifty\">\n                                            <div class=\"content__box content__box\"\n                 style=\"\">\n                                \n                \n                                            <div class=\"prose\"><h5 class=\"heading-m line line-above line--gold\">Achtes Weltwunder \u2013 Admonter Klosterbibliothek<\/h5>\n<p>\u00a0<\/p>\n<p class=\"paragraph-m\">In der Vergangenheit wurde dieser Saal auch als <strong>\u201eAchtes Weltwunder\u201c<\/strong> bezeichnet. Das Zusammenspiel seiner gewaltigen Dimensionen, seiner architektonischen Gliederung, seines B\u00fccherbestandes und seiner k\u00fcnstlerischen Ausstattung wirkt zeitlos atemberaubend.<\/p>\n<p>\u00a0<\/p>\n<p class=\"paragraph-m\">Die weltber\u00fchmte Admonter Stiftsbibliothek <strong>liegt im Ostfl\u00fcgel des Stiftsgeb\u00e4udes.<\/strong> Im ersten Obergeschoss des S\u00fcdtraktes ist sie \u00fcber das Museum zug\u00e4nglich. Mit einer <strong>L\u00e4nge von 70 m<\/strong>, einer Breite von 14 m und einer H\u00f6he von 11 m (in der Mittelkuppel 12,7 m) ist dieser Raum der <strong>gr\u00f6\u00dfte kl\u00f6sterliche Bibliothekssaal der Welt.<\/strong><\/p>\n<p>\u00a0<\/p>\n<p>Als Architekt wird in der \u00e4lteren Literatur f\u00e4lschlich der aus Steyr stammende Baumeister Gotthard Hayberger genannt. Nach dem heutigen Forschungsstand hat der aus Wien geb\u00fcrtige und haupts\u00e4chlich in der Steiermark t\u00e4tige Architekt Josef Hueber den Bibliothekssaal geplant und die Bauarbeiten geleitet. Dabei hat er sich den bis 1726 erbauten Prunkbau der kaiserlichen Hofbibliothek (heute Nationalbibliothek) in Wien zum Vorbild genommen.<\/p>\n<\/div>\n                    \n                            <\/div>\n        \n                                                    <div class=\"content__box content__box--2\"\n                     >\n                                        \n                    \n                                                <div class=\"content__media stickyTo\" x-init=\"imageSticky($el)\">\n\n                                                                                    <picture\n                                    class=\"content__image sticky\">\n                                <source srcset=\"https:\/\/stiftadmont.at\/wp-content\/uploads\/IMG_4321_D5-1024x683.webp\" type=\"image\/webp\">\n                                <source srcset=\"https:\/\/stiftadmont.at\/wp-content\/uploads\/IMG_4321_D5-1024x683.jpg\" type=\"image\/jpeg\">\n                                <img decoding=\"async\" class=\"sticky\" loading=\"lazy\" src=\"https:\/\/stiftadmont.at\/wp-content\/uploads\/IMG_4321_D5-1024x683.jpg\"\n                                     alt=\"IMG 4321 D5 scaled\">\n\n                                                                                                                            <\/picture>\n\n                        <\/div>\n\n                                    <\/div>\n            \n            <\/div>\n<\/div>\n\n<\/section>\n\n<section id='lightpress__section--block_2edcd30831cfd9dfbca31d7f688642e8' class='bg--beige lightpress__section--colored-bg lightpress__section--default-section-space lightpress__section lightpress__section--content'><div class=\"content__inner\"\n         x-init=\"initContentBlockAnim($el)\">\n        \n    <div class=\"content__grid content__grid--fifty-fifty\">\n                                            <div class=\"content__box content__box\"\n                 style=\"\">\n                                \n                \n                                            <div class=\"prose\"><p class=\"paragraph-m\">Hueber hat auch den Admonter-Saal in <strong>drei Kompartimente<\/strong> geteilt: In einen zentralen, l\u00e4ngsovalen Kuppelraum und in zwei beidseitig angegliederte Fl\u00fcgels\u00e4le. Die beiden Fl\u00fcgels\u00e4le sind in je drei Jochen von gel\u00e4ngten Platzlgew\u00f6lben \u00fcberspannt. Somit wird der gesamte langgestreckte Prunksaal von insgesamt <strong>7 Kuppeln<\/strong> \u00fcberw\u00f6lbt. Er ist durch zwei Geschosse gef\u00fchrt, und wird von 48 Fenstern belichtet.<\/p>\n<p class=\"paragraph-m\">Der zentrale Kuppelraum wird durch <strong>zw\u00f6lf gew\u00f6lbetragende S\u00e4ulen<\/strong> aus r\u00f6tlichem Marmor betont. Sie setzen einen vertikalen Akzent. Auf eine Galerie wurde verzichtet. Die Aufmerksamkeit wird auf das mittlere, f\u00fcr das Bibliotheksprogramm wesentliche Kuppelfresko (alle Deckengem\u00e4lde stammen von Bartolomeo Altomonte) gelenkt. Es hat die g\u00f6ttliche Offenbarung mit der Darstellung der personifizierten g\u00f6ttlichen Weisheit zum Thema.<\/p>\n<p>\u00a0<\/p>\n<p class=\"paragraph-m\">In den beiden langen Seitens\u00e4len zieht sich eine von Konsolen getragene Galerie entlang. Die Zweigeschossigkeit wird dadurch betont und die Kuppelh\u00f6he gedr\u00fcckt. Ma\u00dfgeblich f\u00fcr den Raumeindruck sind die zweigeschossigen B\u00fccherschr\u00e4nke. In den Ecken aller Teilr\u00e4ume sind diese Schr\u00e4nke abgerundet. Durch diese bereits auf das Empire vorgreifende Rauml\u00f6sung werden 12 der insgesamt 60 Fenster verdeckt. Hinter den je zwei inneren Eckschr\u00e4nken der Fl\u00fcgels\u00e4le f\u00fchren an vier Stellen der Bibliothek Wendeltreppen zur umlaufenden Galerie im Obergescho\u00df.<\/p>\n<\/div>\n                    \n                            <\/div>\n        \n                                                    <div class=\"content__box content__box--2\"\n                     >\n                                        \n                    \n                                                    <div class=\"prose\"><p class=\"paragraph-m\">T\u00e4uschend echte Attrappen von B\u00fccherr\u00fccken in nicht als solchen erkennbaren T\u00fcren bewahren den homogenen Raumeindruck. Von den Besuchern werden sie \u201edie Geheimt\u00fcren\u201c der Admonter Bibliothek genannt.<\/p>\n<p>\u00a0<\/p>\n<p class=\"paragraph-m\">Der <strong>Admonter B\u00fcchersaal wurde erst um 1765 geplant.<\/strong> Die Bauarbeiten d\u00fcrften 1773 abgeschlossen gewesen sein. Die Innenarchitektur unterscheidet sich somit auffallend von \u00e4lteren B\u00fcchers\u00e4len und anderen Stiftsbibliotheken des 18. Jahrhunderts. Besonders deutlich wird der Unterschied in der Farbgebung und Belichtung. F\u00fcr Helligkeit sorgen schon die zahlreichen Fenster. Statt wie in warmen Braunt\u00f6nen fr\u00fcherer Bibliotheken sind die Admonter B\u00fccherschr\u00e4nke in wei\u00df mit sparsamer Goldverzierung ausgef\u00fchrt. Zum einen deuten sich hier Stilelemente des Rokoko an. Zum anderen spiegelt sich darin die geistige Str\u00f6mung dieser Zeit: die Epoche der Aufkl\u00e4rung.<\/p>\n<p>\u00a0<\/p>\n<p class=\"paragraph-m\">Der aufkl\u00e4rerische Geist wird nat\u00fcrlich auch im B\u00fccherbestand, in den Kunstwerken, sogar am Boden des Saales sp\u00fcrbar. <strong>\u00dcber 7.000 rautenf\u00f6rmige Steine<\/strong> aus wei\u00dfem, rotem und grauem Marmor sind in der gesamten Bibliothek in raffinierter Weise zu geometrischen Mustern gef\u00fcgt. Je nach subjektiver Wahrnehmung lassen sich B\u00e4nder, Zickzack-Linien, W\u00fcrfel oder scheinbar r\u00e4umliche Stufengebilde erkennen.<\/p>\n<\/div>\n                        \n                                    <\/div>\n            \n            <\/div>\n<\/div>\n\n    <div class=\"background__container background__container--beige\">\n    <\/div>\n\n<\/section>\n\n<section id='lightpress__section--block_9fda5c8d95abc9576d1164e58630e023' class='lightpress__section--default-section-space lightpress__section lightpress__section--image-slider'>\n<div class=\"image-slider\"\n     x-data=\"{ gallery: null, shown: false }\"\n     x-init=\"gallery = initSliderGallery([{&quot;href&quot;:&quot;https:\\\/\\\/stiftadmont.at\\\/wp-content\\\/uploads\\\/Bibliothek-klein.jpg&quot;,&quot;type&quot;:&quot;image&quot;},{&quot;href&quot;:&quot;https:\\\/\\\/stiftadmont.at\\\/wp-content\\\/uploads\\\/Stiftsbibliothek_Admont_Marcel_Peda_1.jpg&quot;,&quot;type&quot;:&quot;image&quot;},{&quot;href&quot;:&quot;https:\\\/\\\/stiftadmont.at\\\/wp-content\\\/uploads\\\/Bibliothek-c-Stefan-Leitner_klein.jpg&quot;,&quot;type&quot;:&quot;image&quot;},{&quot;href&quot;:&quot;https:\\\/\\\/stiftadmont.at\\\/wp-content\\\/uploads\\\/Bibliothek-bei-Nacht_\\u00a9Thomas-Sattler-1920x1280.jpg&quot;,&quot;type&quot;:&quot;image&quot;},{&quot;href&quot;:&quot;https:\\\/\\\/stiftadmont.at\\\/wp-content\\\/uploads\\\/admonter.bibliotheksteufelchen.ensemble2.jpg&quot;,&quot;type&quot;:&quot;image&quot;},{&quot;href&quot;:&quot;https:\\\/\\\/stiftadmont.at\\\/wp-content\\\/uploads\\\/Stiftsbibliothek_Admont_Marcel_Peda_2.jpg&quot;,&quot;type&quot;:&quot;image&quot;}]); initImageSliderBlockAnim($el);\">\n    <div class=\"image-slider__inner\">\n\n        <div class=\"swiper-container\" x-init=\"initImageSliderBlock($el, $refs.btnPrev, $refs.btnNext)\">\n            <div class=\"swiper-wrapper\">\n                                    <div class=\"swiper-slide\">\n                        <div class=\"image-slider__media\">\n                            <img decoding=\"async\" class=\"image-slider__image\"\n                                 src=\"https:\/\/stiftadmont.at\/wp-content\/uploads\/Bibliothek-klein-768x545.jpg\"\n                                 alt=\"Stift Admont - Weltgr\u00f6\u00dfte Klosterbibliothek \u00a9 Stefan Leitner\">\n                        <\/div>\n                    <\/div>\n                                    <div class=\"swiper-slide\">\n                        <div class=\"image-slider__media\">\n                            <img decoding=\"async\" class=\"image-slider__image\"\n                                 src=\"https:\/\/stiftadmont.at\/wp-content\/uploads\/Stiftsbibliothek_Admont_Marcel_Peda_1-768x576.jpg\"\n                                 alt=\"Stiftsbibliothek Admont Marcel Peda 1\">\n                        <\/div>\n                    <\/div>\n                                    <div class=\"swiper-slide\">\n                        <div class=\"image-slider__media\">\n                            <img decoding=\"async\" class=\"image-slider__image\"\n                                 src=\"https:\/\/stiftadmont.at\/wp-content\/uploads\/Bibliothek-c-Stefan-Leitner_klein-768x574.jpg\"\n                                 alt=\"Bibliothek c Stefan Leitner klein\">\n                        <\/div>\n                    <\/div>\n                                    <div class=\"swiper-slide\">\n                        <div class=\"image-slider__media\">\n                            <img decoding=\"async\" class=\"image-slider__image\"\n                                 src=\"https:\/\/stiftadmont.at\/wp-content\/uploads\/Bibliothek-bei-Nacht_\u00a9Thomas-Sattler-768x512.jpg\"\n                                 alt=\"Stift Admont - Bibliothek bei Nacht \u00a9 Thomas Sattler\">\n                        <\/div>\n                    <\/div>\n                                    <div class=\"swiper-slide\">\n                        <div class=\"image-slider__media\">\n                            <img decoding=\"async\" class=\"image-slider__image\"\n                                 src=\"https:\/\/stiftadmont.at\/wp-content\/uploads\/admonter.bibliotheksteufelchen.ensemble2-768x576.jpg\"\n                                 alt=\"admonter.bibliotheksteufelchen.ensemble2\">\n                        <\/div>\n                    <\/div>\n                                    <div class=\"swiper-slide\">\n                        <div class=\"image-slider__media\">\n                            <img decoding=\"async\" class=\"image-slider__image\" src=\"https:\/\/stiftadmont.at\/wp-content\/uploads\/Stiftsbibliothek_Admont_Marcel_Peda_2-768x1024.jpg\" alt=\"Stiftsbibliothek Admont Marcel Peda 2\" \/>\n                        <\/div>\n                    <\/div>\n                            <\/div>\n\n            <div class=\"swiper-nav-wrapper\">\n                <button class=\"swiper-button-prev slider-button--prev\" x-ref=\"btnPrev\"\n                        aria-label=\"Vorige Bilder anzeigen\">\n                    <img decoding=\"async\" src=\"\/wp-content\/themes\/stift-admont\/src\/assets\/img\/arrow-left-big-new.svg\" alt=\"Pfeil nach Links\">\n                <\/button>\n\n\n                <a class=\"image-slider__gallery\" @click=\"openGallery(gallery)\"><i class=\"fa-thin fa-plus\"><\/i><\/a>\n                <button class=\"swiper-button-next slider-button--next\"\n                        x-ref=\"btnNext\"\n                        aria-label=\"N\u00e4chste Bilder anzeigen\">\n                    <img decoding=\"async\" src=\"\/wp-content\/themes\/stift-admont\/src\/assets\/img\/arrow-right-big-new.svg\" alt=\"Pfeil nach Rechts\">\n                <\/button>\n            <\/div>\n        <\/div>\n    <\/div>\n\n\n<\/div><\/section>","protected":false},"excerpt":{"rendered":"","protected":false},"author":7,"featured_media":0,"parent":0,"menu_order":73,"comment_status":"closed","ping_status":"closed","template":"","meta":{"_acf_changed":false,"footnotes":""},"categories":[],"class_list":["post-12894","page","type-page","status-publish","hentry"],"acf":[],"yoast_head":"<!-- This site is optimized with the Yoast SEO Premium plugin v26.0 (Yoast SEO v26.8) - https:\/\/yoast.com\/product\/yoast-seo-premium-wordpress\/ -->\n<title>Architektur - Stift Admont<\/title>\n<meta name=\"robots\" content=\"index, follow, max-snippet:-1, max-image-preview:large, max-video-preview:-1\" \/>\n<link rel=\"canonical\" href=\"https:\/\/stiftadmont.at\/es\/arquitectura\/\" \/>\n<meta property=\"og:locale\" content=\"es_ES\" \/>\n<meta property=\"og:type\" content=\"article\" \/>\n<meta property=\"og:title\" content=\"Architektur\" \/>\n<meta property=\"og:url\" content=\"https:\/\/stiftadmont.at\/es\/arquitectura\/\" \/>\n<meta property=\"og:site_name\" content=\"Stift Admont\" \/>\n<meta property=\"article:modified_time\" content=\"2025-06-30T08:51:56+00:00\" \/>\n<meta property=\"og:image\" content=\"https:\/\/stiftadmont.at\/wp-content\/uploads\/Klosteranlage-innen.jpg\" \/>\n\t<meta property=\"og:image:width\" content=\"1912\" \/>\n\t<meta property=\"og:image:height\" content=\"1188\" \/>\n\t<meta property=\"og:image:type\" content=\"image\/jpeg\" \/>\n<meta name=\"twitter:card\" content=\"summary_large_image\" \/>\n<script type=\"application\/ld+json\" class=\"yoast-schema-graph\">{\"@context\":\"https:\/\/schema.org\",\"@graph\":[{\"@type\":\"WebPage\",\"@id\":\"https:\/\/stiftadmont.at\/architektur\/\",\"url\":\"https:\/\/stiftadmont.at\/architektur\/\",\"name\":\"Architektur - Stift Admont\",\"isPartOf\":{\"@id\":\"https:\/\/stiftadmont.at\/#website\"},\"datePublished\":\"2022-06-09T11:49:23+00:00\",\"dateModified\":\"2025-06-30T08:51:56+00:00\",\"breadcrumb\":{\"@id\":\"https:\/\/stiftadmont.at\/architektur\/#breadcrumb\"},\"inLanguage\":\"es\",\"potentialAction\":[{\"@type\":\"ReadAction\",\"target\":[\"https:\/\/stiftadmont.at\/architektur\/\"]}]},{\"@type\":\"BreadcrumbList\",\"@id\":\"https:\/\/stiftadmont.at\/architektur\/#breadcrumb\",\"itemListElement\":[{\"@type\":\"ListItem\",\"position\":1,\"name\":\"Start\",\"item\":\"https:\/\/stiftadmont.at\/\"},{\"@type\":\"ListItem\",\"position\":2,\"name\":\"Architektur\"}]},{\"@type\":\"WebSite\",\"@id\":\"https:\/\/stiftadmont.at\/#website\",\"url\":\"https:\/\/stiftadmont.at\/\",\"name\":\"Stift Admont\",\"description\":\"Benediktinerkloster und Sehensw\u00fcrdigkeit im Ges\u00e4use\",\"potentialAction\":[{\"@type\":\"SearchAction\",\"target\":{\"@type\":\"EntryPoint\",\"urlTemplate\":\"https:\/\/stiftadmont.at\/?s={search_term_string}\"},\"query-input\":{\"@type\":\"PropertyValueSpecification\",\"valueRequired\":true,\"valueName\":\"search_term_string\"}}],\"inLanguage\":\"es\"}]}<\/script>\n<!-- \/ Yoast SEO Premium plugin. -->","yoast_head_json":{"title":"Arquitectura - Abad\u00eda de Admont","robots":{"index":"index","follow":"follow","max-snippet":"max-snippet:-1","max-image-preview":"max-image-preview:large","max-video-preview":"max-video-preview:-1"},"canonical":"https:\/\/stiftadmont.at\/es\/arquitectura\/","og_locale":"es_ES","og_type":"article","og_title":"Architektur","og_url":"https:\/\/stiftadmont.at\/es\/arquitectura\/","og_site_name":"Stift Admont","article_modified_time":"2025-06-30T08:51:56+00:00","og_image":[{"width":1912,"height":1188,"url":"https:\/\/stiftadmont.at\/wp-content\/uploads\/Klosteranlage-innen.jpg","type":"image\/jpeg"}],"twitter_card":"summary_large_image","schema":{"@context":"https:\/\/schema.org","@graph":[{"@type":"WebPage","@id":"https:\/\/stiftadmont.at\/architektur\/","url":"https:\/\/stiftadmont.at\/architektur\/","name":"Arquitectura - Abad\u00eda de Admont","isPartOf":{"@id":"https:\/\/stiftadmont.at\/#website"},"datePublished":"2022-06-09T11:49:23+00:00","dateModified":"2025-06-30T08:51:56+00:00","breadcrumb":{"@id":"https:\/\/stiftadmont.at\/architektur\/#breadcrumb"},"inLanguage":"es","potentialAction":[{"@type":"ReadAction","target":["https:\/\/stiftadmont.at\/architektur\/"]}]},{"@type":"BreadcrumbList","@id":"https:\/\/stiftadmont.at\/architektur\/#breadcrumb","itemListElement":[{"@type":"ListItem","position":1,"name":"Start","item":"https:\/\/stiftadmont.at\/"},{"@type":"ListItem","position":2,"name":"Architektur"}]},{"@type":"WebSite","@id":"https:\/\/stiftadmont.at\/#website","url":"https:\/\/stiftadmont.at\/","name":"Abad\u00eda de Admont","description":"Monasterio benedictino y atracci\u00f3n tur\u00edstica en el Ges\u00e4use","potentialAction":[{"@type":"SearchAction","target":{"@type":"EntryPoint","urlTemplate":"https:\/\/stiftadmont.at\/?s={search_term_string}"},"query-input":{"@type":"PropertyValueSpecification","valueRequired":true,"valueName":"search_term_string"}}],"inLanguage":"es"}]}},"_links":{"self":[{"href":"https:\/\/stiftadmont.at\/es\/wp-json\/wp\/v2\/pages\/12894","targetHints":{"allow":["GET"]}}],"collection":[{"href":"https:\/\/stiftadmont.at\/es\/wp-json\/wp\/v2\/pages"}],"about":[{"href":"https:\/\/stiftadmont.at\/es\/wp-json\/wp\/v2\/types\/page"}],"author":[{"embeddable":true,"href":"https:\/\/stiftadmont.at\/es\/wp-json\/wp\/v2\/users\/7"}],"replies":[{"embeddable":true,"href":"https:\/\/stiftadmont.at\/es\/wp-json\/wp\/v2\/comments?post=12894"}],"version-history":[{"count":16,"href":"https:\/\/stiftadmont.at\/es\/wp-json\/wp\/v2\/pages\/12894\/revisions"}],"predecessor-version":[{"id":36068,"href":"https:\/\/stiftadmont.at\/es\/wp-json\/wp\/v2\/pages\/12894\/revisions\/36068"}],"wp:attachment":[{"href":"https:\/\/stiftadmont.at\/es\/wp-json\/wp\/v2\/media?parent=12894"}],"wp:term":[{"taxonomy":"category","embeddable":true,"href":"https:\/\/stiftadmont.at\/es\/wp-json\/wp\/v2\/categories?post=12894"}],"curies":[{"name":"wp","href":"https:\/\/api.w.org\/{rel}","templated":true}]}}