{"id":13008,"date":"2022-06-09T15:21:17","date_gmt":"2022-06-09T13:21:17","guid":{"rendered":"https:\/\/stiftadmont.at\/?page_id=13008"},"modified":"2025-06-26T16:04:18","modified_gmt":"2025-06-26T14:04:18","slug":"colecciones-de-la-biblioteca","status":"publish","type":"page","link":"https:\/\/stiftadmont.at\/es\/bibliotheksbestaende\/","title":{"rendered":"Fondos de la biblioteca"},"content":{"rendered":"<section id='lightpress__section--block_60f97a702fed2' class='lightpress__section--default-section-space lightpress__section lightpress__section--content'><div class=\"content__inner\"\n         x-init=\"initContentBlockAnim($el)\">\n        \n    <div class=\"content__grid content__grid\">\n                                            <div class=\"content__box content__box--one-hundred\"\n                 style=\"\">\n                                \n                \n                                            <div class=\"prose\"><h3 class=\"heading-xl line line--red\">Fondos de la biblioteca<\/h3>\n<p class=\"paragraph-m\">\"Un monasterio sin biblioteca es como una fortaleza sin armer\u00eda\". Este dicho est\u00e1 ciertamente justificado: los libros han sido siempre el \"arsenal\" espiritual de los monjes. Eran necesarios tanto para la liturgia y la lectura espiritual como para las cuestiones acad\u00e9micas, la ense\u00f1anza y la administraci\u00f3n.<\/p>\n<p class=\"paragraph-m\">La historia de la Biblioteca de la Abad\u00eda de Admont comienza con la fundaci\u00f3n del monasterio en 1074, y es seguro que el peque\u00f1o grupo de monjes de Salzburgo que inici\u00f3 la vida mon\u00e1stica en Admont en oto\u00f1o de 1074 trajo consigo una colecci\u00f3n b\u00e1sica de libros del monasterio madre de San Pedro. Adem\u00e1s, hubo regalos muy tempranos de libros del fundador del monasterio, el arzobispo Gebhard de Salzburgo.<\/p>\n<p><a class=\"admont-button admont-button--secondary\" href=\"\/es\/turismo-cultural\/sobre-el-archivo-de-la-abadia\/colecciones-de-la-biblioteca\/\">SABER M\u00c1S<\/a><\/p>\n<\/div>\n                    \n                            <\/div>\n        \n            <\/div>\n<\/div>\n\n<\/section>","protected":false},"excerpt":{"rendered":"","protected":false},"author":7,"featured_media":0,"parent":0,"menu_order":75,"comment_status":"closed","ping_status":"closed","template":"","meta":{"_acf_changed":false,"footnotes":""},"categories":[],"class_list":["post-13008","page","type-page","status-publish","hentry"],"acf":[],"yoast_head":"<!-- This site is optimized with the Yoast SEO Premium plugin v26.0 (Yoast SEO v26.8) - https:\/\/yoast.com\/product\/yoast-seo-premium-wordpress\/ -->\n<title>Bibliotheksbest\u00e4nde - Stift Admont<\/title>\n<meta name=\"robots\" content=\"index, follow, max-snippet:-1, max-image-preview:large, max-video-preview:-1\" \/>\n<link rel=\"canonical\" href=\"https:\/\/stiftadmont.at\/es\/colecciones-de-la-biblioteca\/\" \/>\n<meta property=\"og:locale\" content=\"es_ES\" \/>\n<meta property=\"og:type\" content=\"article\" \/>\n<meta property=\"og:title\" content=\"Bibliotheksbest\u00e4nde\" \/>\n<meta property=\"og:url\" content=\"https:\/\/stiftadmont.at\/es\/colecciones-de-la-biblioteca\/\" \/>\n<meta property=\"og:site_name\" content=\"Stift Admont\" \/>\n<meta property=\"article:modified_time\" content=\"2025-06-26T14:04:18+00:00\" \/>\n<meta property=\"og:image\" content=\"https:\/\/stiftadmont.at\/wp-content\/uploads\/Klosteranlage-innen.jpg\" \/>\n\t<meta property=\"og:image:width\" content=\"1912\" \/>\n\t<meta property=\"og:image:height\" content=\"1188\" \/>\n\t<meta property=\"og:image:type\" content=\"image\/jpeg\" \/>\n<meta name=\"twitter:card\" content=\"summary_large_image\" \/>\n<script type=\"application\/ld+json\" class=\"yoast-schema-graph\">{\"@context\":\"https:\/\/schema.org\",\"@graph\":[{\"@type\":\"WebPage\",\"@id\":\"https:\/\/stiftadmont.at\/bibliotheksbestaende\/\",\"url\":\"https:\/\/stiftadmont.at\/bibliotheksbestaende\/\",\"name\":\"Bibliotheksbest\u00e4nde - Stift Admont\",\"isPartOf\":{\"@id\":\"https:\/\/stiftadmont.at\/#website\"},\"datePublished\":\"2022-06-09T13:21:17+00:00\",\"dateModified\":\"2025-06-26T14:04:18+00:00\",\"breadcrumb\":{\"@id\":\"https:\/\/stiftadmont.at\/bibliotheksbestaende\/#breadcrumb\"},\"inLanguage\":\"es\",\"potentialAction\":[{\"@type\":\"ReadAction\",\"target\":[\"https:\/\/stiftadmont.at\/bibliotheksbestaende\/\"]}]},{\"@type\":\"BreadcrumbList\",\"@id\":\"https:\/\/stiftadmont.at\/bibliotheksbestaende\/#breadcrumb\",\"itemListElement\":[{\"@type\":\"ListItem\",\"position\":1,\"name\":\"Start\",\"item\":\"https:\/\/stiftadmont.at\/\"},{\"@type\":\"ListItem\",\"position\":2,\"name\":\"Bibliotheksbest\u00e4nde\"}]},{\"@type\":\"WebSite\",\"@id\":\"https:\/\/stiftadmont.at\/#website\",\"url\":\"https:\/\/stiftadmont.at\/\",\"name\":\"Stift Admont\",\"description\":\"Benediktinerkloster und Sehensw\u00fcrdigkeit im Ges\u00e4use\",\"potentialAction\":[{\"@type\":\"SearchAction\",\"target\":{\"@type\":\"EntryPoint\",\"urlTemplate\":\"https:\/\/stiftadmont.at\/?s={search_term_string}\"},\"query-input\":{\"@type\":\"PropertyValueSpecification\",\"valueRequired\":true,\"valueName\":\"search_term_string\"}}],\"inLanguage\":\"es\"}]}<\/script>\n<!-- \/ Yoast SEO Premium plugin. -->","yoast_head_json":{"title":"Fondos de la biblioteca - Abad\u00eda de Admont","robots":{"index":"index","follow":"follow","max-snippet":"max-snippet:-1","max-image-preview":"max-image-preview:large","max-video-preview":"max-video-preview:-1"},"canonical":"https:\/\/stiftadmont.at\/es\/colecciones-de-la-biblioteca\/","og_locale":"es_ES","og_type":"article","og_title":"Bibliotheksbest\u00e4nde","og_url":"https:\/\/stiftadmont.at\/es\/colecciones-de-la-biblioteca\/","og_site_name":"Stift Admont","article_modified_time":"2025-06-26T14:04:18+00:00","og_image":[{"width":1912,"height":1188,"url":"https:\/\/stiftadmont.at\/wp-content\/uploads\/Klosteranlage-innen.jpg","type":"image\/jpeg"}],"twitter_card":"summary_large_image","schema":{"@context":"https:\/\/schema.org","@graph":[{"@type":"WebPage","@id":"https:\/\/stiftadmont.at\/bibliotheksbestaende\/","url":"https:\/\/stiftadmont.at\/bibliotheksbestaende\/","name":"Fondos de la biblioteca - Abad\u00eda de Admont","isPartOf":{"@id":"https:\/\/stiftadmont.at\/#website"},"datePublished":"2022-06-09T13:21:17+00:00","dateModified":"2025-06-26T14:04:18+00:00","breadcrumb":{"@id":"https:\/\/stiftadmont.at\/bibliotheksbestaende\/#breadcrumb"},"inLanguage":"es","potentialAction":[{"@type":"ReadAction","target":["https:\/\/stiftadmont.at\/bibliotheksbestaende\/"]}]},{"@type":"BreadcrumbList","@id":"https:\/\/stiftadmont.at\/bibliotheksbestaende\/#breadcrumb","itemListElement":[{"@type":"ListItem","position":1,"name":"Start","item":"https:\/\/stiftadmont.at\/"},{"@type":"ListItem","position":2,"name":"Bibliotheksbest\u00e4nde"}]},{"@type":"WebSite","@id":"https:\/\/stiftadmont.at\/#website","url":"https:\/\/stiftadmont.at\/","name":"Abad\u00eda de Admont","description":"Monasterio benedictino y atracci\u00f3n tur\u00edstica en el Ges\u00e4use","potentialAction":[{"@type":"SearchAction","target":{"@type":"EntryPoint","urlTemplate":"https:\/\/stiftadmont.at\/?s={search_term_string}"},"query-input":{"@type":"PropertyValueSpecification","valueRequired":true,"valueName":"search_term_string"}}],"inLanguage":"es"}]}},"_links":{"self":[{"href":"https:\/\/stiftadmont.at\/es\/wp-json\/wp\/v2\/pages\/13008","targetHints":{"allow":["GET"]}}],"collection":[{"href":"https:\/\/stiftadmont.at\/es\/wp-json\/wp\/v2\/pages"}],"about":[{"href":"https:\/\/stiftadmont.at\/es\/wp-json\/wp\/v2\/types\/page"}],"author":[{"embeddable":true,"href":"https:\/\/stiftadmont.at\/es\/wp-json\/wp\/v2\/users\/7"}],"replies":[{"embeddable":true,"href":"https:\/\/stiftadmont.at\/es\/wp-json\/wp\/v2\/comments?post=13008"}],"version-history":[{"count":5,"href":"https:\/\/stiftadmont.at\/es\/wp-json\/wp\/v2\/pages\/13008\/revisions"}],"predecessor-version":[{"id":13013,"href":"https:\/\/stiftadmont.at\/es\/wp-json\/wp\/v2\/pages\/13008\/revisions\/13013"}],"wp:attachment":[{"href":"https:\/\/stiftadmont.at\/es\/wp-json\/wp\/v2\/media?parent=13008"}],"wp:term":[{"taxonomy":"category","embeddable":true,"href":"https:\/\/stiftadmont.at\/es\/wp-json\/wp\/v2\/categories?post=13008"}],"curies":[{"name":"wp","href":"https:\/\/api.w.org\/{rel}","templated":true}]}}