{"id":13034,"date":"2022-06-09T17:32:49","date_gmt":"2022-06-09T15:32:49","guid":{"rendered":"https:\/\/stiftadmont.at\/?page_id=13034"},"modified":"2023-08-16T14:36:14","modified_gmt":"2023-08-16T12:36:14","slug":"hecho-para-admont","status":"publish","type":"page","link":"https:\/\/stiftadmont.at\/es\/made-for-admont\/","title":{"rendered":"Hecho para Admont"},"content":{"rendered":"<section id='lightpress__section--block_610162fbc1ee2' class='lightpress__section--default-section-space lightpress__section lightpress__section--content'><div class=\"content__inner\"\n        id=\"madeforadmont\" x-init=\"initContentBlockAnim($el)\">\n        \n    <div class=\"content__grid content__grid--fifty-fifty\">\n                                            <div class=\"content__box content__box\"\n                 style=\"\">\n                                \n                \n                                        <div class=\"content__media stickyTo\" x-init=\"imageSticky($el)\">\n\n                                                                                                <picture\n                                class=\"content__image sticky\">\n                            <source srcset=\"https:\/\/stiftadmont.at\/wp-content\/uploads\/FB20-Lois-Renner-763x1024.jpg\"\n                                    type=\"image\/webp\">\n                            <source srcset=\"https:\/\/stiftadmont.at\/wp-content\/uploads\/FB20-Lois-Renner-763x1024.jpg\"\n                                    type=\"image\/jpeg\">\n                            <img decoding=\"async\" loading=\"lazy\" src=\"https:\/\/stiftadmont.at\/wp-content\/uploads\/FB20-Lois-Renner-763x1024.jpg\" alt=\"FB20 Lois Renner\" width=\"600\" height=\"450\" \/>\n                                                                                                            <\/picture>\n\n                    <\/div>\n\n                            <\/div>\n        \n                                                    <div class=\"content__box content__box--2\"\n                     >\n                                        \n                    \n                                                    <div class=\"prose\"><h3 class=\"heading-xl line line--red\">Hecho para el nacimiento Admont<\/h3>\n<p class=\"paragraph-m\">En 2000, antes incluso de la apertura del nuevo museo, Lois Renner, entonces la \"pintora m\u00e1s moderna\" de Austria, fue invitada a la Abad\u00eda de Admont como primera \"artista residente\". Se puede hablar sin duda de una situaci\u00f3n de laboratorio experimental. Renner instal\u00f3 su maqueta \"Fortaleza\" -una r\u00e9plica 1:10 de su estudio de artista-, que ahora forma parte de la colecci\u00f3n del monasterio. La document\u00f3 en su nuevo entorno y le permiti\u00f3 entrar en di\u00e1logo con la Biblioteca de la Abad\u00eda y sus escritos, con obras del escultor de la Abad\u00eda Josef Stammel y con obras de arte del dep\u00f3sito. El resultado de varias semanas de di\u00e1logo entre mundos diferentes y sus reacciones rec\u00edprocas fue una serie de obras de arte en las que dos opuestos que no se reconcilian tan f\u00e1cilmente han crecido juntos de forma constructiva para formar un nuevo todo.<\/p>\n<p class=\"paragraph-m\">As\u00ed naci\u00f3 el programa MADE FOR ADMONT. Posteriormente, se invit\u00f3 y se invita regularmente a artistas a crear nuevas obras para la colecci\u00f3n. En algunos casos, los monjes de Admont actuaron como \"modelos\" (por ejemplo, para Judith Huemer, Erwin Wurm, Konrad Rainer).<\/p>\n<\/div>\n                        \n                                    <\/div>\n            \n            <\/div>\n<\/div>\n\n<\/section>","protected":false},"excerpt":{"rendered":"","protected":false},"author":7,"featured_media":0,"parent":0,"menu_order":78,"comment_status":"closed","ping_status":"closed","template":"","meta":{"_acf_changed":false,"footnotes":""},"categories":[],"class_list":["post-13034","page","type-page","status-publish","hentry"],"acf":[],"yoast_head":"<!-- This site is optimized with the Yoast SEO Premium plugin v26.0 (Yoast SEO v26.8) - https:\/\/yoast.com\/product\/yoast-seo-premium-wordpress\/ -->\n<title>Made for Admont - Stift Admont<\/title>\n<meta name=\"robots\" content=\"index, follow, max-snippet:-1, max-image-preview:large, max-video-preview:-1\" \/>\n<link rel=\"canonical\" href=\"https:\/\/stiftadmont.at\/es\/hecho-para-admont\/\" \/>\n<meta property=\"og:locale\" content=\"es_ES\" \/>\n<meta property=\"og:type\" content=\"article\" \/>\n<meta property=\"og:title\" content=\"Made for Admont\" \/>\n<meta property=\"og:url\" content=\"https:\/\/stiftadmont.at\/es\/hecho-para-admont\/\" \/>\n<meta property=\"og:site_name\" content=\"Stift Admont\" \/>\n<meta property=\"article:modified_time\" content=\"2023-08-16T12:36:14+00:00\" \/>\n<meta property=\"og:image\" content=\"https:\/\/stiftadmont.at\/wp-content\/uploads\/Klosteranlage-innen.jpg\" \/>\n\t<meta property=\"og:image:width\" content=\"1912\" \/>\n\t<meta property=\"og:image:height\" content=\"1188\" \/>\n\t<meta property=\"og:image:type\" content=\"image\/jpeg\" \/>\n<meta name=\"twitter:card\" content=\"summary_large_image\" \/>\n<script type=\"application\/ld+json\" class=\"yoast-schema-graph\">{\"@context\":\"https:\/\/schema.org\",\"@graph\":[{\"@type\":\"WebPage\",\"@id\":\"https:\/\/stiftadmont.at\/made-for-admont\/\",\"url\":\"https:\/\/stiftadmont.at\/made-for-admont\/\",\"name\":\"Made for Admont - Stift Admont\",\"isPartOf\":{\"@id\":\"https:\/\/stiftadmont.at\/#website\"},\"datePublished\":\"2022-06-09T15:32:49+00:00\",\"dateModified\":\"2023-08-16T12:36:14+00:00\",\"breadcrumb\":{\"@id\":\"https:\/\/stiftadmont.at\/made-for-admont\/#breadcrumb\"},\"inLanguage\":\"es\",\"potentialAction\":[{\"@type\":\"ReadAction\",\"target\":[\"https:\/\/stiftadmont.at\/made-for-admont\/\"]}]},{\"@type\":\"BreadcrumbList\",\"@id\":\"https:\/\/stiftadmont.at\/made-for-admont\/#breadcrumb\",\"itemListElement\":[{\"@type\":\"ListItem\",\"position\":1,\"name\":\"Start\",\"item\":\"https:\/\/stiftadmont.at\/\"},{\"@type\":\"ListItem\",\"position\":2,\"name\":\"Made for Admont\"}]},{\"@type\":\"WebSite\",\"@id\":\"https:\/\/stiftadmont.at\/#website\",\"url\":\"https:\/\/stiftadmont.at\/\",\"name\":\"Stift Admont\",\"description\":\"Benediktinerkloster und Sehensw\u00fcrdigkeit im Ges\u00e4use\",\"potentialAction\":[{\"@type\":\"SearchAction\",\"target\":{\"@type\":\"EntryPoint\",\"urlTemplate\":\"https:\/\/stiftadmont.at\/?s={search_term_string}\"},\"query-input\":{\"@type\":\"PropertyValueSpecification\",\"valueRequired\":true,\"valueName\":\"search_term_string\"}}],\"inLanguage\":\"es\"}]}<\/script>\n<!-- \/ Yoast SEO Premium plugin. -->","yoast_head_json":{"title":"Hecho para Admont - Abad\u00eda de Admont","robots":{"index":"index","follow":"follow","max-snippet":"max-snippet:-1","max-image-preview":"max-image-preview:large","max-video-preview":"max-video-preview:-1"},"canonical":"https:\/\/stiftadmont.at\/es\/hecho-para-admont\/","og_locale":"es_ES","og_type":"article","og_title":"Made for Admont","og_url":"https:\/\/stiftadmont.at\/es\/hecho-para-admont\/","og_site_name":"Stift Admont","article_modified_time":"2023-08-16T12:36:14+00:00","og_image":[{"width":1912,"height":1188,"url":"https:\/\/stiftadmont.at\/wp-content\/uploads\/Klosteranlage-innen.jpg","type":"image\/jpeg"}],"twitter_card":"summary_large_image","schema":{"@context":"https:\/\/schema.org","@graph":[{"@type":"WebPage","@id":"https:\/\/stiftadmont.at\/made-for-admont\/","url":"https:\/\/stiftadmont.at\/made-for-admont\/","name":"Hecho para Admont - Abad\u00eda de Admont","isPartOf":{"@id":"https:\/\/stiftadmont.at\/#website"},"datePublished":"2022-06-09T15:32:49+00:00","dateModified":"2023-08-16T12:36:14+00:00","breadcrumb":{"@id":"https:\/\/stiftadmont.at\/made-for-admont\/#breadcrumb"},"inLanguage":"es","potentialAction":[{"@type":"ReadAction","target":["https:\/\/stiftadmont.at\/made-for-admont\/"]}]},{"@type":"BreadcrumbList","@id":"https:\/\/stiftadmont.at\/made-for-admont\/#breadcrumb","itemListElement":[{"@type":"ListItem","position":1,"name":"Start","item":"https:\/\/stiftadmont.at\/"},{"@type":"ListItem","position":2,"name":"Made for Admont"}]},{"@type":"WebSite","@id":"https:\/\/stiftadmont.at\/#website","url":"https:\/\/stiftadmont.at\/","name":"Abad\u00eda de Admont","description":"Monasterio benedictino y atracci\u00f3n tur\u00edstica en el Ges\u00e4use","potentialAction":[{"@type":"SearchAction","target":{"@type":"EntryPoint","urlTemplate":"https:\/\/stiftadmont.at\/?s={search_term_string}"},"query-input":{"@type":"PropertyValueSpecification","valueRequired":true,"valueName":"search_term_string"}}],"inLanguage":"es"}]}},"_links":{"self":[{"href":"https:\/\/stiftadmont.at\/es\/wp-json\/wp\/v2\/pages\/13034","targetHints":{"allow":["GET"]}}],"collection":[{"href":"https:\/\/stiftadmont.at\/es\/wp-json\/wp\/v2\/pages"}],"about":[{"href":"https:\/\/stiftadmont.at\/es\/wp-json\/wp\/v2\/types\/page"}],"author":[{"embeddable":true,"href":"https:\/\/stiftadmont.at\/es\/wp-json\/wp\/v2\/users\/7"}],"replies":[{"embeddable":true,"href":"https:\/\/stiftadmont.at\/es\/wp-json\/wp\/v2\/comments?post=13034"}],"version-history":[{"count":3,"href":"https:\/\/stiftadmont.at\/es\/wp-json\/wp\/v2\/pages\/13034\/revisions"}],"predecessor-version":[{"id":13037,"href":"https:\/\/stiftadmont.at\/es\/wp-json\/wp\/v2\/pages\/13034\/revisions\/13037"}],"wp:attachment":[{"href":"https:\/\/stiftadmont.at\/es\/wp-json\/wp\/v2\/media?parent=13034"}],"wp:term":[{"taxonomy":"category","embeddable":true,"href":"https:\/\/stiftadmont.at\/es\/wp-json\/wp\/v2\/categories?post=13034"}],"curies":[{"name":"wp","href":"https:\/\/api.w.org\/{rel}","templated":true}]}}