{"id":13080,"date":"2022-06-09T18:55:17","date_gmt":"2022-06-09T16:55:17","guid":{"rendered":"https:\/\/stiftadmont.at\/?page_id=13080"},"modified":"2025-02-05T11:30:04","modified_gmt":"2025-02-05T09:30:04","slug":"historia-de-la-abadia-de-admont","status":"publish","type":"page","link":"https:\/\/stiftadmont.at\/es\/geschichte-vom-stift-admont\/","title":{"rendered":"Historia de la abad\u00eda de Admont"},"content":{"rendered":"<section id='lightpress__section--block_f0a87ee925272af42f6aedad20f52050' class='align-center lightpress__section--default-section-space lightpress__section lightpress__section--headline'><div class=\"headline__container\">\n            <p class=\"headline text--40 text-medium line line--gold line-above line-middle\">Geistliches und kulturelles Zentrum der Obersteiermark<\/p>\n        <p class=\"text-center text-gold text--20 text-medium text--uppercase\">Die Geschichte des Stiftes Admont<\/p>\n        <div class=\"spacer--40\"><\/div>\n<\/div>\n\n<\/section>\n\n<section id='lightpress__section--block_ec7da075c948ef0621b90bc95e57ac20' class='lightpress__section--default-section-space lightpress__section lightpress__section--content'><div class=\"content__inner\"\n         x-init=\"initContentBlockAnim($el)\">\n        \n    <div class=\"content__grid content__grid\">\n                                            <div class=\"content__box content__box--one-hundred\"\n                 style=\"\">\n                                \n                \n                                            <div class=\"prose\"><p class=\"paragraph-m\"><strong>Die Gr\u00fcndung des Benediktinerstiftes Admont geht auf eine Stiftung der hl. Hemma von Gurk zur\u00fcck. Sie erfolgte im Jahre 1074 durch Erzbischof Gebhard von Salzburg. Die ersten M\u00f6nche kamen aus der Benediktinerabtei St. Peter in Salzburg. Heute ist das Stift das \u00e4lteste bestehende Kloster der Steiermark, in dem Vielfalt merkbar wirkt und gestaltet wird.<\/strong><\/p>\n<p>\u00a0<\/p>\n<p class=\"paragraph-m\">Nach den Wirren des Investiturstreites gewann Admont rasch an Bedeutung. Es wurde ein monastisches Zentrum f\u00fcr den gesamten s\u00fcddeutsch-\u00f6sterreichischen Raum. Im Zuge der Hirsauer Reform wurden von Admont 25 Abteien reformiert. Admont wurde dank seiner im 12. Jahrhundert gegr\u00fcndeten Schreibschule ein spirituelles und kulturelles Zentrum. 1120 schloss man dem Stift ein bis zur Reformationszeit bestehendes Frauenkloster nach der Benediktus-Regel an. Dessen Nonnen erwarben sich durch ihre hohe Bildung und literarische T\u00e4tigkeit einen bedeutenden Ruf.<\/p>\n<p class=\"paragraph-m\">Abt Engelbert von Admont (reg. 1297-1327) war einer der vielseitigsten Gelehrten seiner Zeit. Er hinterlie\u00df mehr als 40 gr\u00f6\u00dfere und kleinere wissenschaftliche Abhandlungen. T\u00fcrkenkriege und Reformation l\u00f6sten eine Epoche des Niederganges aus. Die Gegenreformation brachte der Abtei neuen Aufschwung. 1644 wurde das Gymnasium gegr\u00fcndet. Im 17. und 18. Jahrhundert entstanden mit den Arbeiten des Kunststickers Frater Benno Haan (1631-1720) und des Stiftsbildhauers Josef Stammel (1695-1765) gro\u00dfartige Kunstwerke.<\/p>\n<p class=\"paragraph-m\">Im Zuge der regen Baut\u00e4tigkeit in der Barockzeit begann der Architekt Johann Gotthard Hayberger um 1735 mit einem gro\u00dfz\u00fcgigen Umbau der Klosteranlage. Der Grazer Baumeister Josef Hueber f\u00fchrte ihn weiter. Er errichtete auch den k\u00fcnstlerisch von Josef Stammel und Bartolomeo Altomonte ausgestatteten weltber\u00fchmten Bibliothekssaal.<\/p>\n<p class=\"paragraph-m\">Ein gro\u00dfer Brand zerst\u00f6rte 1865 das gesamte Kloster mit Ausnahme der Bibliothek. In den Folgejahren wurden die Stiftsgeb\u00e4ude zum Gro\u00dfteil wieder aufgebaut. Die Admonter Stiftskirche wurde auf den alten Fundamenten wieder neu errichtet. Sie ist der erste gro\u00dfe neugotische Sakralbau \u00d6sterreichs.<br \/>W\u00e4hrend der Wirtschaftskrise in den 30er Jahren des 20. Jahrhunderts konnte sich das Kloster sein \u00dcberleben nur durch den Verkauf wertvoller Kunstsch\u00e4tze sichern. Nach der Enteignung durch das nationalsozialistische Regime im Jahr 1939 kehrten die M\u00f6nche 1945 wieder ins Kloster zur\u00fcck.<\/p>\n<p class=\"paragraph-m\">Heute ist das Stift Admont ein geistliches, kulturelles und wirtschaftliches Zentrum von \u00fcberregionaler Bedeutung. Der Abtei sind 26 Pfarren inkorporiert. Das Stift ist f\u00fcr die Bestellung des Pfarrers und die Erhaltung der Pfarrkirche und des Pfarrhofes zust\u00e4ndig. Au\u00dferdem unterst\u00fctzt das Kloster ein Pflegeheim in Frauenberg an der Enns und betreibt ein Gymnasium mit derzeit etwa 450 Sch\u00fclerinnen und Sch\u00fclern. In den stiftischen Wirtschaftsbetrieben sind rund 500 weltliche Mitarbeiterinnen und Mitarbeiter t\u00e4tig.<\/p>\n<p class=\"paragraph-m\">Die kulturelle Hauptattraktion des Klosters: die barocke Bibliothek und das 2003 er\u00f6ffnete Gro\u00dfmuseum. Seit 17. M\u00e4rz 2017 steht Abt Gerhard Hafner der Admonter Klostergemeinschaft von derzeit 23 Mitbr\u00fcdern vor. Sein Wahlspruch lautet: \u201eLiebt einander, so wie ich euch geliebt habe!&#8220; (Johannesevangelium)<\/p>\n<\/div>\n                    \n                            <\/div>\n        \n            <\/div>\n<\/div>\n\n<\/section>\n\n<section id='lightpress__section--block_b5a1bc8ef5a772d958db971303db7af9' class='lightpress__section--default-section-space lightpress__section lightpress__section--content'><div class=\"content__inner\"\n         x-init=\"initContentBlockAnim($el)\">\n        \n    <div class=\"content__grid content__grid\">\n                                            <div class=\"content__box content__box--one-hundred\"\n                 style=\"\">\n                                \n                \n                                            <div class=\"prose\"><h5 class=\"heading-m line line-above line--gold text-center\">Die Stiftsgeschichte<\/h5>\n<\/div>\n                    \n                            <\/div>\n        \n            <\/div>\n<\/div>\n\n<\/section>\n\n<section id='lightpress__section--block_a062290d321d558614c6c323ab9073cf' class='lightpress__section--default-section-space lightpress__section lightpress__section--content'><div class=\"content__inner\"\n         x-init=\"initContentBlockAnim($el)\">\n        \n    <div class=\"content__grid content__grid\">\n                                            <div class=\"content__box content__box--one-hundred\"\n                 style=\"\">\n                                \n                \n                                            <div class=\"prose\"><div class=\"_df_book df-lite\" id=\"df_12311\"  _slug=\"broschuere-stiftsgeschichte\" data-title=\"broschuere-stiftsgeschichte\" wpoptions=\"true\" thumbtype=\"\" ><\/div><script class=\"df-shortcode-script\" nowprocket type=\"application\/javascript\">window.option_df_12311 = {\"outline\":[],\"autoEnableOutline\":\"false\",\"autoEnableThumbnail\":\"false\",\"overwritePDFOutline\":\"false\",\"direction\":\"1\",\"pageSize\":\"0\",\"source\":\"https:\\\/\\\/stiftadmont.at\\\/wp-content\\\/uploads\\\/Kern-Pax-Magazin-2019_Geschichte.pdf\",\"wpOptions\":\"true\"}; if(window.DFLIP && window.DFLIP.parseBooks){window.DFLIP.parseBooks();}<\/script>\n<\/div>\n                    \n                            <\/div>\n        \n            <\/div>\n<\/div>\n\n<\/section>\n\n<section id='lightpress__section--block_9ce485585a82cd66ffa941c80d954bcb' class='lightpress__section--default-section-space lightpress__section lightpress__section--image-slider'>\n<div class=\"image-slider\"\n     x-data=\"{ gallery: null, shown: false }\"\n     x-init=\"gallery = initSliderGallery([{&quot;href&quot;:&quot;https:\\\/\\\/stiftadmont.at\\\/wp-content\\\/uploads\\\/Offner2-1920x2684.jpg&quot;,&quot;type&quot;:&quot;image&quot;},{&quot;href&quot;:&quot;https:\\\/\\\/stiftadmont.at\\\/wp-content\\\/uploads\\\/07-Admont-Sp.1913_03.jpg&quot;,&quot;type&quot;:&quot;image&quot;},{&quot;href&quot;:&quot;https:\\\/\\\/stiftadmont.at\\\/wp-content\\\/uploads\\\/Abt-Kolomann_Foto.jpg&quot;,&quot;type&quot;:&quot;image&quot;},{&quot;href&quot;:&quot;https:\\\/\\\/stiftadmont.at\\\/wp-content\\\/uploads\\\/Abt-Zeno-Mueller.jpg&quot;,&quot;type&quot;:&quot;image&quot;},{&quot;href&quot;:&quot;https:\\\/\\\/stiftadmont.at\\\/wp-content\\\/uploads\\\/Barbarini_Admont_c_1840_ShiftN-1920x1270.jpg&quot;,&quot;type&quot;:&quot;image&quot;},{&quot;href&quot;:&quot;https:\\\/\\\/stiftadmont.at\\\/wp-content\\\/uploads\\\/Idealplan-1920x1185.jpg&quot;,&quot;type&quot;:&quot;image&quot;},{&quot;href&quot;:&quot;https:\\\/\\\/stiftadmont.at\\\/wp-content\\\/uploads\\\/Gebhardsfenster.jpg&quot;,&quot;type&quot;:&quot;image&quot;},{&quot;href&quot;:&quot;https:\\\/\\\/stiftadmont.at\\\/wp-content\\\/uploads\\\/Vischer_1681-1920x1170.jpg&quot;,&quot;type&quot;:&quot;image&quot;},{&quot;href&quot;:&quot;https:\\\/\\\/stiftadmont.at\\\/wp-content\\\/uploads\\\/Stiftsbrand.jpg&quot;,&quot;type&quot;:&quot;image&quot;},{&quot;href&quot;:&quot;https:\\\/\\\/stiftadmont.at\\\/wp-content\\\/uploads\\\/Admont-um-1840.jpg&quot;,&quot;type&quot;:&quot;image&quot;},{&quot;href&quot;:&quot;https:\\\/\\\/stiftadmont.at\\\/wp-content\\\/uploads\\\/Admonter-Riesenbibel.jpg&quot;,&quot;type&quot;:&quot;image&quot;}]); initImageSliderBlockAnim($el);\">\n    <div class=\"image-slider__inner\">\n\n        <div class=\"swiper-container\" x-init=\"initImageSliderBlock($el, $refs.btnPrev, $refs.btnNext)\">\n            <div class=\"swiper-wrapper\">\n                                    <div class=\"swiper-slide\">\n                        <div class=\"image-slider__media\">\n                            <img decoding=\"async\" class=\"image-slider__image\"\n                                 src=\"https:\/\/stiftadmont.at\/wp-content\/uploads\/Offner2-768x1073.jpg\"\n                                 alt=\"Offner2 scaled\">\n                        <\/div>\n                    <\/div>\n                                    <div class=\"swiper-slide\">\n                        <div class=\"image-slider__media\">\n                            <img decoding=\"async\" class=\"image-slider__image\"\n                                 src=\"https:\/\/stiftadmont.at\/wp-content\/uploads\/07-Admont-Sp.1913_03-768x480.jpg\"\n                                 alt=\"07 Admont Sp.1913 03\">\n                        <\/div>\n                    <\/div>\n                                    <div class=\"swiper-slide\">\n                        <div class=\"image-slider__media\">\n                            <img decoding=\"async\" class=\"image-slider__image\"\n                                 src=\"https:\/\/stiftadmont.at\/wp-content\/uploads\/Abt-Kolomann_Foto-768x1084.jpg\"\n                                 alt=\"Abt Kolomann Foto\">\n                        <\/div>\n                    <\/div>\n                                    <div class=\"swiper-slide\">\n                        <div class=\"image-slider__media\">\n                            <img decoding=\"async\" class=\"image-slider__image\"\n                                 src=\"https:\/\/stiftadmont.at\/wp-content\/uploads\/Abt-Zeno-Mueller-768x1277.jpg\"\n                                 alt=\"Abt Zeno Mueller\">\n                        <\/div>\n                    <\/div>\n                                    <div class=\"swiper-slide\">\n                        <div class=\"image-slider__media\">\n                            <img decoding=\"async\" class=\"image-slider__image\"\n                                 src=\"https:\/\/stiftadmont.at\/wp-content\/uploads\/Barbarini_Admont_c_1840_ShiftN-768x508.jpg\"\n                                 alt=\"Barbarini Admont c 1840 ShiftN scaled\">\n                        <\/div>\n                    <\/div>\n                                    <div class=\"swiper-slide\">\n                        <div class=\"image-slider__media\">\n                            <img decoding=\"async\" class=\"image-slider__image\"\n                                 src=\"https:\/\/stiftadmont.at\/wp-content\/uploads\/Idealplan-768x474.jpg\"\n                                 alt=\"Idealplan scaled\">\n                        <\/div>\n                    <\/div>\n                                    <div class=\"swiper-slide\">\n                        <div class=\"image-slider__media\">\n                            <img decoding=\"async\" class=\"image-slider__image\"\n                                 src=\"https:\/\/stiftadmont.at\/wp-content\/uploads\/Gebhardsfenster-768x1075.jpg\"\n                                 alt=\"Gebhardsfenster\">\n                        <\/div>\n                    <\/div>\n                                    <div class=\"swiper-slide\">\n                        <div class=\"image-slider__media\">\n                            <img decoding=\"async\" class=\"image-slider__image\"\n                                 src=\"https:\/\/stiftadmont.at\/wp-content\/uploads\/Vischer_1681-768x468.jpg\"\n                                 alt=\"Vischer 1681 scaled\">\n                        <\/div>\n                    <\/div>\n                                    <div class=\"swiper-slide\">\n                        <div class=\"image-slider__media\">\n                            <img decoding=\"async\" class=\"image-slider__image\"\n                                 src=\"https:\/\/stiftadmont.at\/wp-content\/uploads\/Stiftsbrand-768x557.jpg\"\n                                 alt=\"Stiftsbrand\">\n                        <\/div>\n                    <\/div>\n                                    <div class=\"swiper-slide\">\n                        <div class=\"image-slider__media\">\n                            <img decoding=\"async\" class=\"image-slider__image\"\n                                 src=\"https:\/\/stiftadmont.at\/wp-content\/uploads\/Admont-um-1840-768x516.jpg\"\n                                 alt=\"Admont um 1840\">\n                        <\/div>\n                    <\/div>\n                                    <div class=\"swiper-slide\">\n                        <div class=\"image-slider__media\">\n                            <img decoding=\"async\" class=\"image-slider__image\"\n                                 src=\"https:\/\/stiftadmont.at\/wp-content\/uploads\/Admonter-Riesenbibel-768x562.jpg\"\n                                 alt=\"Admonter Riesenbibel\">\n                        <\/div>\n                    <\/div>\n                            <\/div>\n\n            <div class=\"swiper-nav-wrapper\">\n                <button class=\"swiper-button-prev slider-button--prev\" x-ref=\"btnPrev\"\n                        aria-label=\"Vorige Bilder anzeigen\">\n                    <img decoding=\"async\" src=\"\/wp-content\/themes\/stift-admont\/src\/assets\/img\/arrow-left-big-new.svg\" alt=\"Pfeil nach Links\">\n                <\/button>\n\n\n                <a class=\"image-slider__gallery\" @click=\"openGallery(gallery)\"><i class=\"fa-thin fa-plus\"><\/i><\/a>\n                <button class=\"swiper-button-next slider-button--next\"\n                        x-ref=\"btnNext\"\n                        aria-label=\"N\u00e4chste Bilder anzeigen\">\n                    <img decoding=\"async\" src=\"\/wp-content\/themes\/stift-admont\/src\/assets\/img\/arrow-right-big-new.svg\" alt=\"Pfeil nach Rechts\">\n                <\/button>\n            <\/div>\n        <\/div>\n    <\/div>\n\n\n<\/div><\/section>","protected":false},"excerpt":{"rendered":"","protected":false},"author":7,"featured_media":0,"parent":0,"menu_order":77,"comment_status":"closed","ping_status":"closed","template":"","meta":{"_acf_changed":false,"footnotes":""},"categories":[],"class_list":["post-13080","page","type-page","status-publish","hentry"],"acf":[],"yoast_head":"<!-- This site is optimized with the Yoast SEO Premium plugin v26.0 (Yoast SEO v26.8) - https:\/\/yoast.com\/product\/yoast-seo-premium-wordpress\/ -->\n<title>Geschichte vom Stift Admont - Stift Admont<\/title>\n<meta name=\"robots\" content=\"index, follow, max-snippet:-1, max-image-preview:large, max-video-preview:-1\" \/>\n<link rel=\"canonical\" href=\"https:\/\/stiftadmont.at\/es\/historia-de-la-abadia-de-admont\/\" \/>\n<meta property=\"og:locale\" content=\"es_ES\" \/>\n<meta property=\"og:type\" content=\"article\" \/>\n<meta property=\"og:title\" content=\"Geschichte vom Stift Admont\" \/>\n<meta property=\"og:url\" content=\"https:\/\/stiftadmont.at\/es\/historia-de-la-abadia-de-admont\/\" \/>\n<meta property=\"og:site_name\" content=\"Stift Admont\" \/>\n<meta property=\"article:modified_time\" content=\"2025-02-05T09:30:04+00:00\" \/>\n<meta property=\"og:image\" content=\"https:\/\/stiftadmont.at\/wp-content\/uploads\/Klosteranlage-innen.jpg\" \/>\n\t<meta property=\"og:image:width\" content=\"1912\" \/>\n\t<meta property=\"og:image:height\" content=\"1188\" \/>\n\t<meta property=\"og:image:type\" content=\"image\/jpeg\" \/>\n<meta name=\"twitter:card\" content=\"summary_large_image\" \/>\n<script type=\"application\/ld+json\" class=\"yoast-schema-graph\">{\"@context\":\"https:\/\/schema.org\",\"@graph\":[{\"@type\":\"WebPage\",\"@id\":\"https:\/\/stiftadmont.at\/geschichte-vom-stift-admont\/\",\"url\":\"https:\/\/stiftadmont.at\/geschichte-vom-stift-admont\/\",\"name\":\"Geschichte vom Stift Admont - Stift Admont\",\"isPartOf\":{\"@id\":\"https:\/\/stiftadmont.at\/#website\"},\"datePublished\":\"2022-06-09T16:55:17+00:00\",\"dateModified\":\"2025-02-05T09:30:04+00:00\",\"breadcrumb\":{\"@id\":\"https:\/\/stiftadmont.at\/geschichte-vom-stift-admont\/#breadcrumb\"},\"inLanguage\":\"es\",\"potentialAction\":[{\"@type\":\"ReadAction\",\"target\":[\"https:\/\/stiftadmont.at\/geschichte-vom-stift-admont\/\"]}]},{\"@type\":\"BreadcrumbList\",\"@id\":\"https:\/\/stiftadmont.at\/geschichte-vom-stift-admont\/#breadcrumb\",\"itemListElement\":[{\"@type\":\"ListItem\",\"position\":1,\"name\":\"Start\",\"item\":\"https:\/\/stiftadmont.at\/\"},{\"@type\":\"ListItem\",\"position\":2,\"name\":\"Geschichte vom Stift Admont\"}]},{\"@type\":\"WebSite\",\"@id\":\"https:\/\/stiftadmont.at\/#website\",\"url\":\"https:\/\/stiftadmont.at\/\",\"name\":\"Stift Admont\",\"description\":\"Benediktinerkloster und Sehensw\u00fcrdigkeit im Ges\u00e4use\",\"potentialAction\":[{\"@type\":\"SearchAction\",\"target\":{\"@type\":\"EntryPoint\",\"urlTemplate\":\"https:\/\/stiftadmont.at\/?s={search_term_string}\"},\"query-input\":{\"@type\":\"PropertyValueSpecification\",\"valueRequired\":true,\"valueName\":\"search_term_string\"}}],\"inLanguage\":\"es\"}]}<\/script>\n<!-- \/ Yoast SEO Premium plugin. -->","yoast_head_json":{"title":"Historia de la Abad\u00eda de Admont - Abad\u00eda de Admont","robots":{"index":"index","follow":"follow","max-snippet":"max-snippet:-1","max-image-preview":"max-image-preview:large","max-video-preview":"max-video-preview:-1"},"canonical":"https:\/\/stiftadmont.at\/es\/historia-de-la-abadia-de-admont\/","og_locale":"es_ES","og_type":"article","og_title":"Geschichte vom Stift Admont","og_url":"https:\/\/stiftadmont.at\/es\/historia-de-la-abadia-de-admont\/","og_site_name":"Stift Admont","article_modified_time":"2025-02-05T09:30:04+00:00","og_image":[{"width":1912,"height":1188,"url":"https:\/\/stiftadmont.at\/wp-content\/uploads\/Klosteranlage-innen.jpg","type":"image\/jpeg"}],"twitter_card":"summary_large_image","schema":{"@context":"https:\/\/schema.org","@graph":[{"@type":"WebPage","@id":"https:\/\/stiftadmont.at\/geschichte-vom-stift-admont\/","url":"https:\/\/stiftadmont.at\/geschichte-vom-stift-admont\/","name":"Historia de la Abad\u00eda de Admont - Abad\u00eda de Admont","isPartOf":{"@id":"https:\/\/stiftadmont.at\/#website"},"datePublished":"2022-06-09T16:55:17+00:00","dateModified":"2025-02-05T09:30:04+00:00","breadcrumb":{"@id":"https:\/\/stiftadmont.at\/geschichte-vom-stift-admont\/#breadcrumb"},"inLanguage":"es","potentialAction":[{"@type":"ReadAction","target":["https:\/\/stiftadmont.at\/geschichte-vom-stift-admont\/"]}]},{"@type":"BreadcrumbList","@id":"https:\/\/stiftadmont.at\/geschichte-vom-stift-admont\/#breadcrumb","itemListElement":[{"@type":"ListItem","position":1,"name":"Start","item":"https:\/\/stiftadmont.at\/"},{"@type":"ListItem","position":2,"name":"Geschichte vom Stift Admont"}]},{"@type":"WebSite","@id":"https:\/\/stiftadmont.at\/#website","url":"https:\/\/stiftadmont.at\/","name":"Abad\u00eda de Admont","description":"Monasterio benedictino y atracci\u00f3n tur\u00edstica en el Ges\u00e4use","potentialAction":[{"@type":"SearchAction","target":{"@type":"EntryPoint","urlTemplate":"https:\/\/stiftadmont.at\/?s={search_term_string}"},"query-input":{"@type":"PropertyValueSpecification","valueRequired":true,"valueName":"search_term_string"}}],"inLanguage":"es"}]}},"_links":{"self":[{"href":"https:\/\/stiftadmont.at\/es\/wp-json\/wp\/v2\/pages\/13080","targetHints":{"allow":["GET"]}}],"collection":[{"href":"https:\/\/stiftadmont.at\/es\/wp-json\/wp\/v2\/pages"}],"about":[{"href":"https:\/\/stiftadmont.at\/es\/wp-json\/wp\/v2\/types\/page"}],"author":[{"embeddable":true,"href":"https:\/\/stiftadmont.at\/es\/wp-json\/wp\/v2\/users\/7"}],"replies":[{"embeddable":true,"href":"https:\/\/stiftadmont.at\/es\/wp-json\/wp\/v2\/comments?post=13080"}],"version-history":[{"count":6,"href":"https:\/\/stiftadmont.at\/es\/wp-json\/wp\/v2\/pages\/13080\/revisions"}],"predecessor-version":[{"id":32665,"href":"https:\/\/stiftadmont.at\/es\/wp-json\/wp\/v2\/pages\/13080\/revisions\/32665"}],"wp:attachment":[{"href":"https:\/\/stiftadmont.at\/es\/wp-json\/wp\/v2\/media?parent=13080"}],"wp:term":[{"taxonomy":"category","embeddable":true,"href":"https:\/\/stiftadmont.at\/es\/wp-json\/wp\/v2\/categories?post=13080"}],"curies":[{"name":"wp","href":"https:\/\/api.w.org\/{rel}","templated":true}]}}