{"id":16839,"date":"2023-03-01T12:40:30","date_gmt":"2023-03-01T10:40:30","guid":{"rendered":"https:\/\/stiftadmont.at\/?page_id=16839"},"modified":"2026-02-02T12:30:12","modified_gmt":"2026-02-02T10:30:12","slug":"23-anos-del-museo-de-la-abadia-de-admont","status":"publish","type":"page","link":"https:\/\/stiftadmont.at\/es\/23-jahre-museum-des-stiftes-admont\/","title":{"rendered":"23 a\u00f1os del Museo de la Abad\u00eda"},"content":{"rendered":"<section id='lightpress__section--block_eb0fc64a30f161b7e32673b735e48353' class='align-center lightpress__section--default-section-space lightpress__section lightpress__section--headline'><div class=\"headline__container\">\n            <h2 class=\"headline text--40 text-medium line line--gold line-above line-middle\">23 Jahre Museum des Stiftes Admont <\/h2>\n        <p class=\"text-center text-gold text--20 text-medium text--uppercase\">23 Jahre unerwartete Vielfalt und staunende G\u00e4ste<\/p>\n        <div class=\"spacer--40\"><\/div>\n<\/div>\n\n<\/section>\n\n<section id='lightpress__section--block_77e31782a06b071b95b182fffc757cf3' class='lightpress__section--default-section-space lightpress__section lightpress__section--content'><div class=\"content__inner\"\n         x-init=\"initContentBlockAnim($el)\">\n        \n    <div class=\"content__grid content__grid\">\n                                            <div class=\"content__box content__box--one-hundred\"\n                 style=\"\">\n                                \n                \n                                            <div class=\"prose\"><p class=\"paragraph-m\">Das Museum des 1074 gegr\u00fcndeten Stiftes Admont kann in seiner heutigen Form auf eine 23-j\u00e4hrige Erfolgsgeschichte zur\u00fcckblicken. Seit seiner Er\u00f6ffnung im Jahre 2003 ist es bekannt f\u00fcr die unerwartete Vielfalt, die es seinen nicht selten staunenden G\u00e4sten zu bieten hat. Bereits 1994 haben die damaligen \u00c4bte Benedikt Schl\u00f6micher (reg. 1978-1996) und Bruno Hubl (reg. 1996-2017), der Konvent, der damalige Wirtschaftsdirektor Helmuth Neuner und Stiftsbaumeister Lambert Gahbauer ein Konzept f\u00fcr die Restaurierung und Neugestaltung der gesamten Admonter Stiftsanlage erarbeitet.<\/p>\n<\/div>\n                    \n                            <\/div>\n        \n            <\/div>\n<\/div>\n\n<\/section>\n\n<section id='lightpress__section--block_f21127b58555727ada690ecf1dbd6ad6' class='lightpress__section--default-section-space lightpress__section lightpress__section--content'><div class=\"content__inner\"\n         x-init=\"initContentBlockAnim($el)\">\n        \n    <div class=\"content__grid content__grid--fifty-fifty\">\n                                            <div class=\"content__box content__box\"\n                 style=\"\">\n                                \n                \n                                        <div class=\"content__media stickyTo\" x-init=\"imageSticky($el)\">\n\n                                                                                                <picture\n                                class=\"content__image sticky\">\n                            <source srcset=\"https:\/\/stiftadmont.at\/wp-content\/uploads\/Bibliothek-Restaurierung-Geruest_www-1024x768.jpg\"\n                                    type=\"image\/webp\">\n                            <source srcset=\"https:\/\/stiftadmont.at\/wp-content\/uploads\/Bibliothek-Restaurierung-Geruest_www-1024x768.jpg\"\n                                    type=\"image\/jpeg\">\n                            <img decoding=\"async\" loading=\"lazy\" src=\"https:\/\/stiftadmont.at\/wp-content\/uploads\/Bibliothek-Restaurierung-Geruest_www-1024x768.jpg\" alt=\"Bibliothek Restaurierung Geruest www\" width=\"600\" height=\"450\" \/>\n                                                                                                            <\/picture>\n\n                    <\/div>\n\n                            <\/div>\n        \n                                                    <div class=\"content__box content__box--2\"\n                     >\n                                        \n                    \n                                                    <div class=\"prose\"><p class=\"paragraph-m\">1995 ist Architekt Manfred Wehdorn mit der Erstellung eines baulichen Entwicklungsplans beauftragt worden. Das Ausbauprojekt hat das Gro\u00dfprojekt Museum, die Sanierung der Au\u00dfenanlagen, den Einbau eines modernen Restaurants und den Ausbau des Wirtschafts-, Apotheken- sowie des Ost- und S\u00fcdtrakts umfasst. Das Erscheinungsbild des Stiftes Admont hat sich im Zuge dessen wesentlich zum Positiven ver\u00e4ndert.<\/p>\n<p>\u00a0<\/p>\n<p class=\"paragraph-m\">Solide Basis f\u00fcr die Realisierung dieses Projektes waren u.a. die vorhandenen Museumsbest\u00e4nde, die erfolgreichen stiftischen Wirtschaftsbetriebe, aber auch die hoffnungserweckenden steigenden Besucherzahlen. Und hinter allem stand die auch heute noch g\u00fcltige Absicht, im Museum die benediktinische Geisteshaltung zu vermitteln, wichtiges Kulturgut zu erhalten und einer breiten \u00d6ffentlichkeit zug\u00e4nglich zu machen. Auch die Belebung der Region und die Schaffung von Arbeitspl\u00e4tzen waren klare Ziele.<\/p>\n<p>\u00a0<\/p>\n<p class=\"paragraph-m\">1999 wurde mit der Verwirklichung der ausgereiften Pl\u00e4ne begonnen. Nach f\u00fcnf j\u00e4hriger Umbauzeit hat das neue Museum des Stiftes Admont im Jahre 2003 er\u00f6ffnet. Eingebettet in die Klosteranlage liegt es mitten in \u00d6sterreich in einer atemberaubenden Landschaft am Zugang zum Nationalpark Ges\u00e4use. Unter einem Dach finden sich Kunst vom Mittelalter bis zur Gegenwart, ein historisches Naturhistorisches Museum und das Erlebnis der gr\u00f6\u00dften Klosterbibliothek der Welt. Die zahlreichen Museumsg\u00e4ste zeigten sich vom lebendigen Dialog zwischen Tradition und Innovation sowie von der enormen Vielfalt des musealen Angebotes merklich \u00fcberrascht \u2013 und sind es heute noch.<\/p>\n<p>\u00a0<\/p>\n<p class=\"paragraph-m\">In den letzten 23 Jahren ist vieles geschehen. 1997 ist unter dem K\u00fcnstlerischen Leiter Michael Braunsteiner die Kulturabteilung gegr\u00fcndet und mit der inhaltlichen Konzeption des neuen Museums begonnen worden. In diesem Jahr wurde auch der Grundstein f\u00fcr den Aufbau der Sammlung Gegenwartskunst gelegt. Diese umfasst heute \u00fcber 1000 Werke \u00f6sterreichischer Kunst der Nachkriegsgenerationen aus verschiedensten Genres. Die MADE FOR ADMONT-Schiene wurde gegr\u00fcndet und die Spezialsammlung JENSEITS DES SEHENS \u2013 KUNST VERBINDET BLINDE UND SEHENDE etabliert.<\/p>\n<\/div>\n                        \n                                    <\/div>\n            \n            <\/div>\n<\/div>\n\n<\/section>\n\n<section id='lightpress__section--block_8f5966df12240e612df80c09ad64d952' class='lightpress__section--default-section-space lightpress__section lightpress__section--content'><div class=\"content__inner\"\n         x-init=\"initContentBlockAnim($el)\">\n        \n    <div class=\"content__grid content__grid--fifty-fifty\">\n                                            <div class=\"content__box content__box\"\n                 style=\"\">\n                                \n                \n                                            <div class=\"prose\"><p class=\"paragraph-m\">Im Zeitraum von 2005 bis 2008 wurde die Admonter Stiftsbibliothek einer aufw\u00e4ndigen Gesamtrestaurierung unterzogen. Das Jahr ihrer Wiederer\u00f6ffnung 2008 wurde von Sonderausstellungen begleitet und war das mit den meisten Besucherinnen und Besuchern in der gesamten Geschichte unseres Museums. Nicht unerw\u00e4hnt bleiben soll allerdings auch der herbe R\u00fcckschlag im Jahre 2014: Die Bedrohung des wertvollen B\u00fccherbestandes der Bibliothek durch v\u00f6llig unerwartet aufgetretenen Schadinsektenbefall. Alle Lebensstadien der Museumssch\u00e4dlinge (K\u00e4fer, Larven, Puppen und Eier bzw. Brut) mussten deshalb mit riesigem Aufwand vollst\u00e4ndig bek\u00e4mpft, 70.000 B\u00fccher gereinigt werden. Letztlich ist das in den Folgejahren auch gelungen.<\/p>\n<p class=\"paragraph-m\">Durch Abt Gerhard Hafner hat das Museum einen wesentlichen Zuwachs bekommen. Der Vorarlberger Kunstsammler und Kunstm\u00e4zen Kuno Erich Mayer hat das Stift Admont erst mit Leihgaben, sodann mit der Schenkung von mittelalterlichen Kunstsch\u00e4tzen aus dem sakralen Teil seiner umfangreichen privaten Gotik-Sammlung von internationalem Rang bereichert. Seit 2017 begeistert die Dauerausstellung im eigens daf\u00fcr adaptierten Gotik-Museum G\u00e4ste aus nah und fern.<\/p>\n<p class=\"paragraph-m\">In den Jahren 2021 und 2022 fanden in den angrenzenden R\u00e4umen des neuen Gotik-Museums im Osttrakt zwei bedeutende Ausstellungen zum Themenfeld \u201eFriedrich III. &amp; Maximilian I.\u201c statt \u2013 mit \u00fcber 200 Leihgaben und in v\u00f6llig neu nach strengsten musealen Kriterien adaptierten Bereichen.<\/p>\n<p class=\"paragraph-m\">Mit seinem breiten Angebot auch an Sonderausstellungen und Kulturveranstaltungen zieht unser Museum seit 2003 j\u00e4hrlich zwischen 50.000 in weniger guten und 80.000 G\u00e4sten in guten Jahren in die Region. Auf Krisenzeiten (Weltfinanzkrise 2007-08, Pandemie) hat unser Museum richtig reagiert und diese dank kluger Entscheidungen der seit 2017 unter Abt Gerhard Hafner, Prior P. Maximilian und seit 2019 zusammen mit Herrn Wirtschaftsdirektor Franz Pichler befindlichen Stiftsleitung gut \u00fcberstanden. \u00dcber die heurigen Aktivit\u00e4ten und Ausstellungen im und rund um das Museum informiert Sie die vorliegende Museumszeitung.\u00a0<\/p>\n<p>\u00a0<\/p>\n<p class=\"text-left\"><strong>Architekt:\u00a0<\/strong>Manfred Wehdorn<br \/><strong>Stiftsbaumeister:<\/strong>\u00a0Lambert Gahbauer<br \/><strong>Ausstellungsfl\u00e4che:\u00a0<\/strong>3.600 m2<br \/><strong>Nutzungsfl\u00e4che:<\/strong>\u00a07.600 m2<\/p>\n<p class=\"text-left\"><strong>Zweitgr\u00f6\u00dftes Museum<\/strong> der Steiermark.<br \/>Um die <strong>80 Firmen <\/strong>waren besch\u00e4ftigt.<br \/><strong>Er\u00f6ffnung <\/strong>des neuen Museums im <strong>Mai 2003.<\/strong><\/p>\n<\/div>\n                    \n                            <\/div>\n        \n                                                    <div class=\"content__box content__box--2\"\n                     >\n                                        \n                    \n                                                <div class=\"content__media stickyTo\" x-init=\"imageSticky($el)\">\n\n                                                                                    <picture\n                                    class=\"content__image sticky\">\n                                <source srcset=\"https:\/\/stiftadmont.at\/wp-content\/uploads\/Klosterbibliothek_cStefan-Leitner-1024x730.webp\" type=\"image\/webp\">\n                                <source srcset=\"https:\/\/stiftadmont.at\/wp-content\/uploads\/Klosterbibliothek_cStefan-Leitner-1024x730.jpg\" type=\"image\/jpeg\">\n                                <img decoding=\"async\" class=\"sticky\" loading=\"lazy\" src=\"https:\/\/stiftadmont.at\/wp-content\/uploads\/Klosterbibliothek_cStefan-Leitner-1024x730.jpg\" alt=\"Stift Admont - Weltgr\u00f6\u00dfte Klosterbibliothek \u00a9 Stefan Leitner\" \/>\n\n                                                                                                                            <\/picture>\n\n                        <\/div>\n\n                                    <\/div>\n            \n            <\/div>\n<\/div>\n\n<\/section>\n\n<section id='lightpress__section--block_0ade6e720c62452c57b59e2d3ad4f10c' class='lightpress__section--default-section-space lightpress__section lightpress__section--image-slider'>\n<div class=\"image-slider\"\n     x-data=\"{ gallery: null, shown: false }\"\n     x-init=\"gallery = initSliderGallery([{&quot;href&quot;:&quot;https:\\\/\\\/stiftadmont.at\\\/wp-content\\\/uploads\\\/Admont-Blick-in-die-Ausstellung-Schoenheit-und-Anspruch_www-1920x1200.jpg&quot;,&quot;type&quot;:&quot;image&quot;},{&quot;href&quot;:&quot;https:\\\/\\\/stiftadmont.at\\\/wp-content\\\/uploads\\\/Admont-Friedrich-I-Maximilian-III-2022-DSC_1080B_www-1920x1281.jpg&quot;,&quot;type&quot;:&quot;image&quot;},{&quot;href&quot;:&quot;https:\\\/\\\/stiftadmont.at\\\/wp-content\\\/uploads\\\/Ausstellung-VERORTUNGEN-2021-Raum-Lois-Renner-193_www-1920x1281.jpg&quot;,&quot;type&quot;:&quot;image&quot;},{&quot;href&quot;:&quot;https:\\\/\\\/stiftadmont.at\\\/wp-content\\\/uploads\\\/Gotik-Museum-2_www-1920x1440.jpg&quot;,&quot;type&quot;:&quot;image&quot;},{&quot;href&quot;:&quot;https:\\\/\\\/stiftadmont.at\\\/wp-content\\\/uploads\\\/Jubilaeumss-Ausstellung-2013-b_www-1920x1435.jpg&quot;,&quot;type&quot;:&quot;image&quot;},{&quot;href&quot;:&quot;https:\\\/\\\/stiftadmont.at\\\/wp-content\\\/uploads\\\/Kuenstlerische-Intervention-Goetz-Bury-Galadiner-Made-for-Admont-2015_www-1920x1280.jpg&quot;,&quot;type&quot;:&quot;image&quot;},{&quot;href&quot;:&quot;https:\\\/\\\/stiftadmont.at\\\/wp-content\\\/uploads\\\/Naturhistorisches-Museum-Wachsfruechtesammlung_www-1920x1440.jpg&quot;,&quot;type&quot;:&quot;image&quot;},{&quot;href&quot;:&quot;https:\\\/\\\/stiftadmont.at\\\/wp-content\\\/uploads\\\/Gotik-Museum-Pano-c-Stefan-Leitner-1920x697.jpg&quot;,&quot;type&quot;:&quot;image&quot;},{&quot;href&quot;:&quot;https:\\\/\\\/stiftadmont.at\\\/wp-content\\\/uploads\\\/Collage-Museum-Neubau_www.jpg&quot;,&quot;type&quot;:&quot;image&quot;}]); initImageSliderBlockAnim($el);\">\n    <div class=\"image-slider__inner\">\n\n        <div class=\"swiper-container\" x-init=\"initImageSliderBlock($el, $refs.btnPrev, $refs.btnNext)\">\n            <div class=\"swiper-wrapper\">\n                                    <div class=\"swiper-slide\">\n                        <div class=\"image-slider__media\">\n                            <img decoding=\"async\" class=\"image-slider__image\"\n                                 src=\"https:\/\/stiftadmont.at\/wp-content\/uploads\/Admont-Blick-in-die-Ausstellung-Schoenheit-und-Anspruch_www-768x480.jpg\"\n                                 alt=\"Admont Blick in die Ausstellung Schoenheit und Anspruch www\">\n                        <\/div>\n                    <\/div>\n                                    <div class=\"swiper-slide\">\n                        <div class=\"image-slider__media\">\n                            <img decoding=\"async\" class=\"image-slider__image\"\n                                 src=\"https:\/\/stiftadmont.at\/wp-content\/uploads\/Admont-Friedrich-I-Maximilian-III-2022-DSC_1080B_www-768x512.jpg\"\n                                 alt=\"Admont Friedrich I Maximilian III 2022 DSC 1080B www\">\n                        <\/div>\n                    <\/div>\n                                    <div class=\"swiper-slide\">\n                        <div class=\"image-slider__media\">\n                            <img decoding=\"async\" class=\"image-slider__image\"\n                                 src=\"https:\/\/stiftadmont.at\/wp-content\/uploads\/Ausstellung-VERORTUNGEN-2021-Raum-Lois-Renner-193_www-768x512.jpg\"\n                                 alt=\"Ausstellung VERORTUNGEN 2021 Raum Lois Renner 193 www\">\n                        <\/div>\n                    <\/div>\n                                    <div class=\"swiper-slide\">\n                        <div class=\"image-slider__media\">\n                            <img decoding=\"async\" class=\"image-slider__image\"\n                                 src=\"https:\/\/stiftadmont.at\/wp-content\/uploads\/Gotik-Museum-2_www-768x576.jpg\"\n                                 alt=\"Gotik Museum 2 www\">\n                        <\/div>\n                    <\/div>\n                                    <div class=\"swiper-slide\">\n                        <div class=\"image-slider__media\">\n                            <img decoding=\"async\" class=\"image-slider__image\"\n                                 src=\"https:\/\/stiftadmont.at\/wp-content\/uploads\/Jubilaeumss-Ausstellung-2013-b_www-768x574.jpg\"\n                                 alt=\"Jubilaeumss Ausstellung 2013 b www\">\n                        <\/div>\n                    <\/div>\n                                    <div class=\"swiper-slide\">\n                        <div class=\"image-slider__media\">\n                            <img decoding=\"async\" class=\"image-slider__image\"\n                                 src=\"https:\/\/stiftadmont.at\/wp-content\/uploads\/Kuenstlerische-Intervention-Goetz-Bury-Galadiner-Made-for-Admont-2015_www-768x512.jpg\"\n                                 alt=\"Kuenstlerische Intervention Goetz Bury Galadiner Made for Admont 2015 www\">\n                        <\/div>\n                    <\/div>\n                                    <div class=\"swiper-slide\">\n                        <div class=\"image-slider__media\">\n                            <img decoding=\"async\" class=\"image-slider__image\"\n                                 src=\"https:\/\/stiftadmont.at\/wp-content\/uploads\/Naturhistorisches-Museum-Wachsfruechtesammlung_www-768x576.jpg\"\n                                 alt=\"Naturhistorisches Museum Wachsfruechtesammlung www\">\n                        <\/div>\n                    <\/div>\n                                    <div class=\"swiper-slide\">\n                        <div class=\"image-slider__media\">\n                            <img decoding=\"async\" class=\"image-slider__image\"\n                                 src=\"https:\/\/stiftadmont.at\/wp-content\/uploads\/Gotik-Museum-Pano-c-Stefan-Leitner-768x279.jpg\"\n                                 alt=\"Gotik Museum Pano c Stefan Leitner\">\n                        <\/div>\n                    <\/div>\n                                    <div class=\"swiper-slide\">\n                        <div class=\"image-slider__media\">\n                            <img decoding=\"async\" class=\"image-slider__image\"\n                                 src=\"https:\/\/stiftadmont.at\/wp-content\/uploads\/Collage-Museum-Neubau_www-768x543.jpg\"\n                                 alt=\"Collage Museum Neubau www\">\n                        <\/div>\n                    <\/div>\n                            <\/div>\n\n            <div class=\"swiper-nav-wrapper\">\n                <button class=\"swiper-button-prev slider-button--prev\" x-ref=\"btnPrev\"\n                        aria-label=\"Vorige Bilder anzeigen\">\n                    <img decoding=\"async\" src=\"\/wp-content\/themes\/stift-admont\/src\/assets\/img\/arrow-left-big-new.svg\" alt=\"Pfeil nach Links\">\n                <\/button>\n\n\n                <a class=\"image-slider__gallery\" @click=\"openGallery(gallery)\"><i class=\"fa-thin fa-plus\"><\/i><\/a>\n                <button class=\"swiper-button-next slider-button--next\"\n                        x-ref=\"btnNext\"\n                        aria-label=\"N\u00e4chste Bilder anzeigen\">\n                    <img decoding=\"async\" src=\"\/wp-content\/themes\/stift-admont\/src\/assets\/img\/arrow-right-big-new.svg\" alt=\"Pfeil nach Rechts\">\n                <\/button>\n            <\/div>\n        <\/div>\n    <\/div>\n\n\n<\/div><\/section>","protected":false},"excerpt":{"rendered":"","protected":false},"author":7,"featured_media":0,"parent":0,"menu_order":52,"comment_status":"closed","ping_status":"closed","template":"","meta":{"_acf_changed":false,"footnotes":""},"categories":[],"class_list":["post-16839","page","type-page","status-publish","hentry"],"acf":[],"yoast_head":"<!-- This site is optimized with the Yoast SEO Premium plugin v26.0 (Yoast SEO v26.8) - https:\/\/yoast.com\/product\/yoast-seo-premium-wordpress\/ -->\n<title>23 Jahre Stiftsmuseum - Stift Admont<\/title>\n<meta name=\"robots\" content=\"index, follow, max-snippet:-1, max-image-preview:large, max-video-preview:-1\" \/>\n<link rel=\"canonical\" href=\"https:\/\/stiftadmont.at\/es\/23-anos-del-museo-de-la-abadia-de-admont\/\" \/>\n<meta property=\"og:locale\" content=\"es_ES\" \/>\n<meta property=\"og:type\" content=\"article\" \/>\n<meta property=\"og:title\" content=\"23 Jahre Stiftsmuseum\" \/>\n<meta property=\"og:url\" content=\"https:\/\/stiftadmont.at\/es\/23-anos-del-museo-de-la-abadia-de-admont\/\" \/>\n<meta property=\"og:site_name\" content=\"Stift Admont\" \/>\n<meta property=\"article:modified_time\" content=\"2026-02-02T10:30:12+00:00\" \/>\n<meta property=\"og:image\" content=\"https:\/\/stiftadmont.at\/wp-content\/uploads\/Klosteranlage-innen.jpg\" \/>\n\t<meta property=\"og:image:width\" content=\"1912\" \/>\n\t<meta property=\"og:image:height\" content=\"1188\" \/>\n\t<meta property=\"og:image:type\" content=\"image\/jpeg\" \/>\n<meta name=\"twitter:card\" content=\"summary_large_image\" \/>\n<script type=\"application\/ld+json\" class=\"yoast-schema-graph\">{\"@context\":\"https:\/\/schema.org\",\"@graph\":[{\"@type\":\"WebPage\",\"@id\":\"https:\/\/stiftadmont.at\/23-jahre-museum-des-stiftes-admont\/\",\"url\":\"https:\/\/stiftadmont.at\/23-jahre-museum-des-stiftes-admont\/\",\"name\":\"23 Jahre Stiftsmuseum - Stift Admont\",\"isPartOf\":{\"@id\":\"https:\/\/stiftadmont.at\/#website\"},\"datePublished\":\"2023-03-01T10:40:30+00:00\",\"dateModified\":\"2026-02-02T10:30:12+00:00\",\"breadcrumb\":{\"@id\":\"https:\/\/stiftadmont.at\/23-jahre-museum-des-stiftes-admont\/#breadcrumb\"},\"inLanguage\":\"es\",\"potentialAction\":[{\"@type\":\"ReadAction\",\"target\":[\"https:\/\/stiftadmont.at\/23-jahre-museum-des-stiftes-admont\/\"]}]},{\"@type\":\"BreadcrumbList\",\"@id\":\"https:\/\/stiftadmont.at\/23-jahre-museum-des-stiftes-admont\/#breadcrumb\",\"itemListElement\":[{\"@type\":\"ListItem\",\"position\":1,\"name\":\"Start\",\"item\":\"https:\/\/stiftadmont.at\/\"},{\"@type\":\"ListItem\",\"position\":2,\"name\":\"23 Jahre Stiftsmuseum\"}]},{\"@type\":\"WebSite\",\"@id\":\"https:\/\/stiftadmont.at\/#website\",\"url\":\"https:\/\/stiftadmont.at\/\",\"name\":\"Stift Admont\",\"description\":\"Benediktinerkloster und Sehensw\u00fcrdigkeit im Ges\u00e4use\",\"potentialAction\":[{\"@type\":\"SearchAction\",\"target\":{\"@type\":\"EntryPoint\",\"urlTemplate\":\"https:\/\/stiftadmont.at\/?s={search_term_string}\"},\"query-input\":{\"@type\":\"PropertyValueSpecification\",\"valueRequired\":true,\"valueName\":\"search_term_string\"}}],\"inLanguage\":\"es\"}]}<\/script>\n<!-- \/ Yoast SEO Premium plugin. -->","yoast_head_json":{"title":"23 a\u00f1os del Museo de la Abad\u00eda - Abad\u00eda de Admont","robots":{"index":"index","follow":"follow","max-snippet":"max-snippet:-1","max-image-preview":"max-image-preview:large","max-video-preview":"max-video-preview:-1"},"canonical":"https:\/\/stiftadmont.at\/es\/23-anos-del-museo-de-la-abadia-de-admont\/","og_locale":"es_ES","og_type":"article","og_title":"23 Jahre Stiftsmuseum","og_url":"https:\/\/stiftadmont.at\/es\/23-anos-del-museo-de-la-abadia-de-admont\/","og_site_name":"Stift Admont","article_modified_time":"2026-02-02T10:30:12+00:00","og_image":[{"width":1912,"height":1188,"url":"https:\/\/stiftadmont.at\/wp-content\/uploads\/Klosteranlage-innen.jpg","type":"image\/jpeg"}],"twitter_card":"summary_large_image","schema":{"@context":"https:\/\/schema.org","@graph":[{"@type":"WebPage","@id":"https:\/\/stiftadmont.at\/23-jahre-museum-des-stiftes-admont\/","url":"https:\/\/stiftadmont.at\/23-jahre-museum-des-stiftes-admont\/","name":"23 a\u00f1os del Museo de la Abad\u00eda - Abad\u00eda de Admont","isPartOf":{"@id":"https:\/\/stiftadmont.at\/#website"},"datePublished":"2023-03-01T10:40:30+00:00","dateModified":"2026-02-02T10:30:12+00:00","breadcrumb":{"@id":"https:\/\/stiftadmont.at\/23-jahre-museum-des-stiftes-admont\/#breadcrumb"},"inLanguage":"es","potentialAction":[{"@type":"ReadAction","target":["https:\/\/stiftadmont.at\/23-jahre-museum-des-stiftes-admont\/"]}]},{"@type":"BreadcrumbList","@id":"https:\/\/stiftadmont.at\/23-jahre-museum-des-stiftes-admont\/#breadcrumb","itemListElement":[{"@type":"ListItem","position":1,"name":"Start","item":"https:\/\/stiftadmont.at\/"},{"@type":"ListItem","position":2,"name":"23 Jahre Stiftsmuseum"}]},{"@type":"WebSite","@id":"https:\/\/stiftadmont.at\/#website","url":"https:\/\/stiftadmont.at\/","name":"Abad\u00eda de Admont","description":"Monasterio benedictino y atracci\u00f3n tur\u00edstica en el Ges\u00e4use","potentialAction":[{"@type":"SearchAction","target":{"@type":"EntryPoint","urlTemplate":"https:\/\/stiftadmont.at\/?s={search_term_string}"},"query-input":{"@type":"PropertyValueSpecification","valueRequired":true,"valueName":"search_term_string"}}],"inLanguage":"es"}]}},"_links":{"self":[{"href":"https:\/\/stiftadmont.at\/es\/wp-json\/wp\/v2\/pages\/16839","targetHints":{"allow":["GET"]}}],"collection":[{"href":"https:\/\/stiftadmont.at\/es\/wp-json\/wp\/v2\/pages"}],"about":[{"href":"https:\/\/stiftadmont.at\/es\/wp-json\/wp\/v2\/types\/page"}],"author":[{"embeddable":true,"href":"https:\/\/stiftadmont.at\/es\/wp-json\/wp\/v2\/users\/7"}],"replies":[{"embeddable":true,"href":"https:\/\/stiftadmont.at\/es\/wp-json\/wp\/v2\/comments?post=16839"}],"version-history":[{"count":45,"href":"https:\/\/stiftadmont.at\/es\/wp-json\/wp\/v2\/pages\/16839\/revisions"}],"predecessor-version":[{"id":39248,"href":"https:\/\/stiftadmont.at\/es\/wp-json\/wp\/v2\/pages\/16839\/revisions\/39248"}],"wp:attachment":[{"href":"https:\/\/stiftadmont.at\/es\/wp-json\/wp\/v2\/media?parent=16839"}],"wp:term":[{"taxonomy":"category","embeddable":true,"href":"https:\/\/stiftadmont.at\/es\/wp-json\/wp\/v2\/categories?post=16839"}],"curies":[{"name":"wp","href":"https:\/\/api.w.org\/{rel}","templated":true}]}}