{"id":17318,"date":"2023-03-17T23:36:39","date_gmt":"2023-03-17T21:36:39","guid":{"rendered":"https:\/\/stiftadmont.at\/?page_id=17318"},"modified":"2023-12-08T18:38:58","modified_gmt":"2023-12-08T16:38:58","slug":"admont-invitados-2023","status":"publish","type":"page","link":"https:\/\/stiftadmont.at\/es\/museum\/ausstellungsrueckblick\/admont-guests-2023\/","title":{"rendered":"Admont Invitados 2023"},"content":{"rendered":"<section id='lightpress__section--block_c8ef371b53bdfa8434267f31dac79e95' class='lightpress__section--default-section-space lightpress__section lightpress__section--content'><div class=\"content__inner\"\n         x-init=\"initContentBlockAnim($el)\">\n        \n    <div class=\"content__grid content__grid\">\n                                            <div class=\"content__box content__box--one-hundred\"\n                 style=\"\">\n                                \n                \n                                            <div class=\"prose\"><h1 class=\"heading-xxl line line--gold text-center\">Admont Guests 2023<\/h1>\n<p class=\"heading-s text-center\"><b>WERKE VON NIKOLA IRMER IM<br \/>NATURHISTORISCHEN MUSEUM<\/b><\/p>\n<p class=\"text-center\">von 01. April bis 01. Nov. 2023 ge\u00f6ffnet<\/p>\n<\/div>\n                    \n                            <\/div>\n        \n            <\/div>\n<\/div>\n\n<\/section>\n\n<section id='lightpress__section--block_9df4cc6ed9e67b17fe02692b83e6634c' class='lightpress__section--default-section-space lightpress__section lightpress__section--content'><div class=\"content__inner\"\n         x-init=\"initContentBlockAnim($el)\">\n        \n    <div class=\"content__grid content__grid\">\n                                            <div class=\"content__box content__box--one-hundred\"\n                 style=\"\">\n                                \n                \n                                            <div class=\"prose\"><p class=\"paragraph-m\">Im <a href=\"https:\/\/stiftadmont.at\/museen\/naturhistorisches-museum\/\">Naturhistorischen Museum<\/a> des Stiftes stehen in der Saison 2023 Werke aktueller Kunst von Nikola Irmer im Dialog mit den dortigen historischen Pr\u00e4paraten. Die Einladung der in Deutschland geb\u00fcrtigen, international t\u00e4tigen und vor kurzem nach Graz \u00fcbersiedelten K\u00fcnstlerin erfolgte im Kontext der <a href=\"https:\/\/stiftadmont.at\/sonderausstellungen\/sonderausstellung-2022-steirische-wurzeln\/\">Ausstellung \u201eSteirische Wurzeln\u201c<\/a> sowie der 2011 gegr\u00fcndeten \u201eADMONT GUESTS\u201c-Schiene.<\/p>\n<p class=\"paragraph-m\">Eine repr\u00e4sentative Auswahl an Zeichnungen und Gem\u00e4lden bietet Einblicke in die Hintergr\u00fcnde jener Werkserien Nikola Irmers, die sich auf vielf\u00e4ltige Weise mit dem Thema Natur und naturhistorische Sammlungen besch\u00e4ftigen. Die ausgestellten Werke sind Leihgaben der K\u00fcnstlerin und zeigen Ausschnitte aus zoologischen Sammlungen und deren Depots. Sie sind nicht in Admont entstanden, sondern entstammen Werkbl\u00f6cken, die aus der Zusammenarbeit mit anderen Museen hervorgegangen sind.<\/p>\n<p class=\"paragraph-m\">Im Zuge ihrer Projektrecherchen zu Naturkundemuseen und deren Beziehung zur Kunst ist Nikola Irmer auch auf das Museum Admont und die Sammlungen von Pater Gabriel Strobl gesto\u00dfen. \u201eHintergrund eines meiner Projekte sind gegenw\u00e4rtige Probleme wie das Artensterben und die generell gef\u00e4hrdeten Balancen zwischen Gegenwartskultur und Natur\u201c, meint Nikola Irmer. Ihr besonderes Interesse gilt der Kulturgeschichte des Sammelns sowie dem musealen Raum als Ged\u00e4chtnis und poetischer Ort.<\/p>\n<p class=\"paragraph-m\">Das nach dem \u201ePars pro Toto\u201c-Prinzip in dieser Saison in Admont vorgestellte fortlaufende Projekt wurde in verschiedenen Formaten und Institutionen ausgestellt. Es war Teil des von Tue Greenfort pr\u00e4sentierten \u201eWordly House\u201c auf der documenta13. Mit dem Schloss Friedenstein in Gotha wurde 2015 eine auf die dortigen Sammlungen bezogene Ausstellung realisiert. Neben zahlreichen Ausstellungsbeteiligungen fanden Einzelausstellungen unter anderem in der Kunsthalle Memmingen (2015) sowie in Kooperation mit dem Kunstverein Kreuzlingen und der Uni-Konstanz (2017) statt.<\/p>\n<p class=\"paragraph-m\">Ein k\u00fcnftiges MADE-FOR-ADMONT Projekt mit Bezug zu den hauseigenen Sammlungen ist bereits in Arbeit. Wir planen, Ihnen erste Ergebnisse im Rahmen der kommenden Sonderausstellungen im Jubil\u00e4umsjahr 2024 zu pr\u00e4sentieren.<\/p>\n<\/div>\n                    \n                            <\/div>\n        \n            <\/div>\n<\/div>\n\n<\/section>\n\n<section id='lightpress__section--block_c2c836fba0715b5c4e0d60066777f65c' class='lightpress__section--default-section-space lightpress__section lightpress__section--image-slider'>\n<div class=\"image-slider\"\n     x-data=\"{ gallery: null, shown: false }\"\n     x-init=\"gallery = initSliderGallery([{&quot;href&quot;:&quot;https:\\\/\\\/stiftadmont.at\\\/wp-content\\\/uploads\\\/specola2.jpg&quot;,&quot;type&quot;:&quot;image&quot;},{&quot;href&quot;:&quot;https:\\\/\\\/stiftadmont.at\\\/wp-content\\\/uploads\\\/procession-copy.jpg&quot;,&quot;type&quot;:&quot;image&quot;},{&quot;href&quot;:&quot;https:\\\/\\\/stiftadmont.at\\\/wp-content\\\/uploads\\\/pb.thicket.jpg&quot;,&quot;type&quot;:&quot;image&quot;},{&quot;href&quot;:&quot;https:\\\/\\\/stiftadmont.at\\\/wp-content\\\/uploads\\\/pb.representative.jpg&quot;,&quot;type&quot;:&quot;image&quot;}]); initImageSliderBlockAnim($el);\">\n    <div class=\"image-slider__inner\">\n\n        <div class=\"swiper-container\" x-init=\"initImageSliderBlock($el, $refs.btnPrev, $refs.btnNext)\">\n            <div class=\"swiper-wrapper\">\n                                    <div class=\"swiper-slide\">\n                        <div class=\"image-slider__media\">\n                            <img decoding=\"async\" class=\"image-slider__image\"\n                                 src=\"https:\/\/stiftadmont.at\/wp-content\/uploads\/specola2-768x576.jpg\"\n                                 alt=\"specola2\">\n                        <\/div>\n                    <\/div>\n                                    <div class=\"swiper-slide\">\n                        <div class=\"image-slider__media\">\n                            <img decoding=\"async\" class=\"image-slider__image\"\n                                 src=\"https:\/\/stiftadmont.at\/wp-content\/uploads\/procession-copy-768x531.jpg\"\n                                 alt=\"procession copy\">\n                        <\/div>\n                    <\/div>\n                                    <div class=\"swiper-slide\">\n                        <div class=\"image-slider__media\">\n                            <img decoding=\"async\" class=\"image-slider__image\"\n                                 src=\"https:\/\/stiftadmont.at\/wp-content\/uploads\/pb.thicket-768x544.jpg\"\n                                 alt=\"pb.thicket\">\n                        <\/div>\n                    <\/div>\n                                    <div class=\"swiper-slide\">\n                        <div class=\"image-slider__media\">\n                            <img decoding=\"async\" class=\"image-slider__image\"\n                                 src=\"https:\/\/stiftadmont.at\/wp-content\/uploads\/pb.representative-768x619.jpg\"\n                                 alt=\"pb.representative\">\n                        <\/div>\n                    <\/div>\n                            <\/div>\n\n            <div class=\"swiper-nav-wrapper\">\n                <button class=\"swiper-button-prev slider-button--prev\" x-ref=\"btnPrev\"\n                        aria-label=\"Vorige Bilder anzeigen\">\n                    <img decoding=\"async\" src=\"\/wp-content\/themes\/stift-admont\/src\/assets\/img\/arrow-left-big-new.svg\" alt=\"Pfeil nach Links\">\n                <\/button>\n\n\n                <a class=\"image-slider__gallery\" @click=\"openGallery(gallery)\"><i class=\"fa-thin fa-plus\"><\/i><\/a>\n                <button class=\"swiper-button-next slider-button--next\"\n                        x-ref=\"btnNext\"\n                        aria-label=\"N\u00e4chste Bilder anzeigen\">\n                    <img decoding=\"async\" src=\"\/wp-content\/themes\/stift-admont\/src\/assets\/img\/arrow-right-big-new.svg\" alt=\"Pfeil nach Rechts\">\n                <\/button>\n            <\/div>\n        <\/div>\n    <\/div>\n\n\n<\/div><\/section>\n\n<section id='lightpress__section--block_9e91c06a75718b3a6030610f27cb3054' class='lightpress__section--default-section-space lightpress__section lightpress__section--content'><div class=\"content__inner\"\n         x-init=\"initContentBlockAnim($el)\">\n        \n    <div class=\"content__grid content__grid--fifty-fifty\">\n                                            <div class=\"content__box content__box\"\n                 style=\"\">\n                                \n                \n                                        <div class=\"content__media stickyTo\" x-init=\"imageSticky($el)\">\n\n                                                                                                <picture\n                                class=\"content__image sticky image-overlay\">\n                            <source srcset=\"https:\/\/stiftadmont.at\/wp-content\/uploads\/img_5639-2-1024x825.jpg\"\n                                    type=\"image\/webp\">\n                            <source srcset=\"https:\/\/stiftadmont.at\/wp-content\/uploads\/img_5639-2-1024x825.jpg\"\n                                    type=\"image\/jpeg\">\n                            <img decoding=\"async\" loading=\"lazy\" src=\"https:\/\/stiftadmont.at\/wp-content\/uploads\/img_5639-2-1024x825.jpg\" alt=\"img 5639 2\" width=\"600\" height=\"450\" \/>\n                                                                                                            <\/picture>\n\n                    <\/div>\n\n                            <\/div>\n        \n                                                    <div class=\"content__box content__box--2\"\n                     >\n                                        \n                    \n                                                    <div class=\"prose\"><p class=\"heading-l line line--gold text-center\">Nikola Irmer<\/p>\n<p class=\"paragraph-m text-center\">geboren 1970 in Starnberg\/Deutschland,<br \/>lebt und arbeitet seit 2020<br \/>in Graz\/Steiermark<\/p>\n<p class=\"paragraph-m text-center\">Studium am San Francisco Art Institute,<br \/>an der Glasgow School of Art und am<br \/>Hunter College New York: 2012 Teilnahme<br \/>an der dOCUMENTA (13) in<br \/>Kassel.<\/p>\n<p class=\"paragraph-m text-center\"><a href=\"https:\/\/www.nikolairmer.com\" target=\"_blank\" rel=\"noopener\">www.nikolairmer.com<\/a><\/p>\n<p>\u00a0<\/p>\n<\/div>\n                        \n                                    <\/div>\n            \n            <\/div>\n<\/div>\n\n<\/section>","protected":false},"excerpt":{"rendered":"","protected":false},"author":7,"featured_media":0,"parent":5864,"menu_order":53,"comment_status":"closed","ping_status":"closed","template":"","meta":{"_acf_changed":false,"footnotes":""},"categories":[73],"class_list":["post-17318","page","type-page","status-publish","hentry","category-ausstellungsrueckblick"],"acf":[],"yoast_head":"<!-- This site is optimized with the Yoast SEO Premium plugin v26.0 (Yoast SEO v26.8) - https:\/\/yoast.com\/product\/yoast-seo-premium-wordpress\/ -->\n<title>Admont Guests 2023 - Stift Admont<\/title>\n<meta name=\"robots\" content=\"index, follow, max-snippet:-1, max-image-preview:large, max-video-preview:-1\" \/>\n<link rel=\"canonical\" href=\"https:\/\/stiftadmont.at\/es\/museo\/resena-de-la-exposicion\/admont-invitados-2023\/\" \/>\n<meta property=\"og:locale\" content=\"es_ES\" \/>\n<meta property=\"og:type\" content=\"article\" \/>\n<meta property=\"og:title\" content=\"Admont Guests 2023\" \/>\n<meta property=\"og:url\" content=\"https:\/\/stiftadmont.at\/es\/museo\/resena-de-la-exposicion\/admont-invitados-2023\/\" \/>\n<meta property=\"og:site_name\" content=\"Stift Admont\" \/>\n<meta property=\"article:modified_time\" content=\"2023-12-08T16:38:58+00:00\" \/>\n<meta property=\"og:image\" content=\"https:\/\/stiftadmont.at\/wp-content\/uploads\/Klosteranlage-innen.jpg\" \/>\n\t<meta property=\"og:image:width\" content=\"1912\" \/>\n\t<meta property=\"og:image:height\" content=\"1188\" \/>\n\t<meta property=\"og:image:type\" content=\"image\/jpeg\" \/>\n<meta name=\"twitter:card\" content=\"summary_large_image\" \/>\n<script type=\"application\/ld+json\" class=\"yoast-schema-graph\">{\"@context\":\"https:\/\/schema.org\",\"@graph\":[{\"@type\":\"WebPage\",\"@id\":\"https:\/\/stiftadmont.at\/museum\/ausstellungsrueckblick\/admont-guests-2023\/\",\"url\":\"https:\/\/stiftadmont.at\/museum\/ausstellungsrueckblick\/admont-guests-2023\/\",\"name\":\"Admont Guests 2023 - Stift Admont\",\"isPartOf\":{\"@id\":\"https:\/\/stiftadmont.at\/#website\"},\"datePublished\":\"2023-03-17T21:36:39+00:00\",\"dateModified\":\"2023-12-08T16:38:58+00:00\",\"breadcrumb\":{\"@id\":\"https:\/\/stiftadmont.at\/museum\/ausstellungsrueckblick\/admont-guests-2023\/#breadcrumb\"},\"inLanguage\":\"es\",\"potentialAction\":[{\"@type\":\"ReadAction\",\"target\":[\"https:\/\/stiftadmont.at\/museum\/ausstellungsrueckblick\/admont-guests-2023\/\"]}]},{\"@type\":\"BreadcrumbList\",\"@id\":\"https:\/\/stiftadmont.at\/museum\/ausstellungsrueckblick\/admont-guests-2023\/#breadcrumb\",\"itemListElement\":[{\"@type\":\"ListItem\",\"position\":1,\"name\":\"Start\",\"item\":\"https:\/\/stiftadmont.at\/\"},{\"@type\":\"ListItem\",\"position\":2,\"name\":\"Museum Stift Admont\",\"item\":\"https:\/\/stiftadmont.at\/museum\/\"},{\"@type\":\"ListItem\",\"position\":3,\"name\":\"Ausstellungsr\u00fcckblick\",\"item\":\"https:\/\/stiftadmont.at\/museum\/ausstellungsrueckblick\/\"},{\"@type\":\"ListItem\",\"position\":4,\"name\":\"Admont Guests 2023\"}]},{\"@type\":\"WebSite\",\"@id\":\"https:\/\/stiftadmont.at\/#website\",\"url\":\"https:\/\/stiftadmont.at\/\",\"name\":\"Stift Admont\",\"description\":\"Benediktinerkloster und Sehensw\u00fcrdigkeit im Ges\u00e4use\",\"potentialAction\":[{\"@type\":\"SearchAction\",\"target\":{\"@type\":\"EntryPoint\",\"urlTemplate\":\"https:\/\/stiftadmont.at\/?s={search_term_string}\"},\"query-input\":{\"@type\":\"PropertyValueSpecification\",\"valueRequired\":true,\"valueName\":\"search_term_string\"}}],\"inLanguage\":\"es\"}]}<\/script>\n<!-- \/ Yoast SEO Premium plugin. -->","yoast_head_json":{"title":"Admont Invitados 2023 - Abad\u00eda de Admont","robots":{"index":"index","follow":"follow","max-snippet":"max-snippet:-1","max-image-preview":"max-image-preview:large","max-video-preview":"max-video-preview:-1"},"canonical":"https:\/\/stiftadmont.at\/es\/museo\/resena-de-la-exposicion\/admont-invitados-2023\/","og_locale":"es_ES","og_type":"article","og_title":"Admont Guests 2023","og_url":"https:\/\/stiftadmont.at\/es\/museo\/resena-de-la-exposicion\/admont-invitados-2023\/","og_site_name":"Stift Admont","article_modified_time":"2023-12-08T16:38:58+00:00","og_image":[{"width":1912,"height":1188,"url":"https:\/\/stiftadmont.at\/wp-content\/uploads\/Klosteranlage-innen.jpg","type":"image\/jpeg"}],"twitter_card":"summary_large_image","schema":{"@context":"https:\/\/schema.org","@graph":[{"@type":"WebPage","@id":"https:\/\/stiftadmont.at\/museum\/ausstellungsrueckblick\/admont-guests-2023\/","url":"https:\/\/stiftadmont.at\/museum\/ausstellungsrueckblick\/admont-guests-2023\/","name":"Admont Invitados 2023 - Abad\u00eda de Admont","isPartOf":{"@id":"https:\/\/stiftadmont.at\/#website"},"datePublished":"2023-03-17T21:36:39+00:00","dateModified":"2023-12-08T16:38:58+00:00","breadcrumb":{"@id":"https:\/\/stiftadmont.at\/museum\/ausstellungsrueckblick\/admont-guests-2023\/#breadcrumb"},"inLanguage":"es","potentialAction":[{"@type":"ReadAction","target":["https:\/\/stiftadmont.at\/museum\/ausstellungsrueckblick\/admont-guests-2023\/"]}]},{"@type":"BreadcrumbList","@id":"https:\/\/stiftadmont.at\/museum\/ausstellungsrueckblick\/admont-guests-2023\/#breadcrumb","itemListElement":[{"@type":"ListItem","position":1,"name":"Start","item":"https:\/\/stiftadmont.at\/"},{"@type":"ListItem","position":2,"name":"Museum Stift Admont","item":"https:\/\/stiftadmont.at\/museum\/"},{"@type":"ListItem","position":3,"name":"Ausstellungsr\u00fcckblick","item":"https:\/\/stiftadmont.at\/museum\/ausstellungsrueckblick\/"},{"@type":"ListItem","position":4,"name":"Admont Guests 2023"}]},{"@type":"WebSite","@id":"https:\/\/stiftadmont.at\/#website","url":"https:\/\/stiftadmont.at\/","name":"Abad\u00eda de Admont","description":"Monasterio benedictino y atracci\u00f3n tur\u00edstica en el Ges\u00e4use","potentialAction":[{"@type":"SearchAction","target":{"@type":"EntryPoint","urlTemplate":"https:\/\/stiftadmont.at\/?s={search_term_string}"},"query-input":{"@type":"PropertyValueSpecification","valueRequired":true,"valueName":"search_term_string"}}],"inLanguage":"es"}]}},"_links":{"self":[{"href":"https:\/\/stiftadmont.at\/es\/wp-json\/wp\/v2\/pages\/17318","targetHints":{"allow":["GET"]}}],"collection":[{"href":"https:\/\/stiftadmont.at\/es\/wp-json\/wp\/v2\/pages"}],"about":[{"href":"https:\/\/stiftadmont.at\/es\/wp-json\/wp\/v2\/types\/page"}],"author":[{"embeddable":true,"href":"https:\/\/stiftadmont.at\/es\/wp-json\/wp\/v2\/users\/7"}],"replies":[{"embeddable":true,"href":"https:\/\/stiftadmont.at\/es\/wp-json\/wp\/v2\/comments?post=17318"}],"version-history":[{"count":29,"href":"https:\/\/stiftadmont.at\/es\/wp-json\/wp\/v2\/pages\/17318\/revisions"}],"predecessor-version":[{"id":24208,"href":"https:\/\/stiftadmont.at\/es\/wp-json\/wp\/v2\/pages\/17318\/revisions\/24208"}],"up":[{"embeddable":true,"href":"https:\/\/stiftadmont.at\/es\/wp-json\/wp\/v2\/pages\/5864"}],"wp:attachment":[{"href":"https:\/\/stiftadmont.at\/es\/wp-json\/wp\/v2\/media?parent=17318"}],"wp:term":[{"taxonomy":"category","embeddable":true,"href":"https:\/\/stiftadmont.at\/es\/wp-json\/wp\/v2\/categories?post=17318"}],"curies":[{"name":"wp","href":"https:\/\/api.w.org\/{rel}","templated":true}]}}