{"id":20202,"date":"2023-09-22T10:58:32","date_gmt":"2023-09-22T08:58:32","guid":{"rendered":"https:\/\/stiftadmont.at\/?page_id=20202"},"modified":"2025-08-28T13:23:51","modified_gmt":"2025-08-28T11:23:51","slug":"floristeria","status":"publish","type":"page","link":"https:\/\/stiftadmont.at\/es\/stiftsgaertnerei-blumen-und-wein\/floristik\/","title":{"rendered":"Flores y florister\u00eda"},"content":{"rendered":"<section id='lightpress__section--block_6f9c9643ba5242fcce8a129d83d1824a' class='lightpress__section--default-section-space lightpress__section lightpress__section--content'><div class=\"content__inner\"\n         x-init=\"initContentBlockAnim($el)\">\n        \n    <div class=\"content__grid content__grid--fifty-fifty\">\n                                            <div class=\"content__box content__box\"\n                 style=\"\">\n                                \n                \n                                        <div class=\"content__media stickyTo\" x-init=\"imageSticky($el)\">\n\n                                                                                                <picture\n                                class=\"content__image sticky\">\n                            <source srcset=\"https:\/\/stiftadmont.at\/wp-content\/uploads\/Blumenhaus-Admont-1024x661.png\"\n                                    type=\"image\/webp\">\n                            <source srcset=\"https:\/\/stiftadmont.at\/wp-content\/uploads\/Blumenhaus-Admont-1024x661.png\"\n                                    type=\"image\/jpeg\">\n                            <img decoding=\"async\" loading=\"lazy\" src=\"https:\/\/stiftadmont.at\/wp-content\/uploads\/Blumenhaus-Admont-1024x661.png\" alt=\"Florister\u00eda Admont\" width=\"600\" height=\"450\" \/>\n                                                                                                            <\/picture>\n\n                    <\/div>\n\n                            <\/div>\n        \n                                                    <div class=\"content__box content__box--2\"\n                     >\n                                        \n                    \n                                                    <div class=\"prose\"><h5 class=\"heading-m line line-above line--gold\" data-start=\"0\" data-end=\"76\"><strong data-start=\"3\" data-end=\"73\">Florister\u00eda en la Abad\u00eda de Admont: regala belleza y alegr\u00eda<\/strong><\/h5>\n<p data-start=\"0\" data-end=\"76\">\u00a0<\/p>\n<p data-start=\"78\" data-end=\"328\">Nuestra florister\u00eda es\u00a0<strong data-start=\"103\" data-end=\"134\">Abierto para usted todo el a\u00f1o<\/strong>\u00a0- en cualquier \u00e9poca del a\u00f1o, para cualquier ocasi\u00f3n. Ya sea como regalo cari\u00f1oso, decoraci\u00f3n elegante o algo intermedio: Con nosotros encontrar\u00e1\u00a0<strong data-start=\"286\" data-end=\"327\">Todo lo que hace florecer el coraz\u00f3n<\/strong>.<\/p>\n<p data-start=\"78\" data-end=\"328\">\u00a0<\/p>\n<p data-start=\"330\" data-end=\"565\"><strong data-start=\"330\" data-end=\"358\">Nuestra gama para usted:<\/strong><\/p>\n<ul>\n<li data-start=\"330\" data-end=\"565\">Flores frescas cortadas<\/li>\n<li data-start=\"330\" data-end=\"565\">Ramos atados a mano<\/li>\n<li data-start=\"330\" data-end=\"565\">Ideas de decoraci\u00f3n de temporada<\/li>\n<li data-start=\"330\" data-end=\"565\">Selecci\u00f3n de vinos de la bodega\u00a0<strong data-start=\"484\" data-end=\"497\">DVERI PAX<\/strong><\/li>\n<li data-start=\"330\" data-end=\"565\">Especialidades regionales del\u00a0<strong data-start=\"536\" data-end=\"565\">Tienda de la Abad\u00eda de Admont<\/strong><\/li>\n<\/ul>\n<p>\u00a0<\/p>\n<p><strong>Ac\u00e9rquese y deje que le inspiremos: \u00a1estaremos encantados de asesorarle personalmente con un toque extraordinario!<\/strong><\/p>\n<p><span data-mce-type=\"bookmark\" style=\"display: inline-block; width: 0px; overflow: hidden; line-height: 0;\" class=\"mce_SELRES_start\"><\/span><\/p>\n<\/div>\n                        \n                                    <\/div>\n            \n            <\/div>\n<\/div>\n\n<\/section>\n\n<section id='lightpress__section--block_257fe92b2940d8d0c48ecb9f007c226e' class='bg--beige lightpress__section--colored-bg lightpress__section--default-section-space lightpress__section lightpress__section--content'><div class=\"content__inner\"\n         x-init=\"initContentBlockAnim($el)\">\n        \n    <div class=\"content__grid content__grid--fifty-fifty\">\n                                            <div class=\"content__box content__box\"\n                 style=\"\">\n                                \n                \n                                            <div class=\"prose\"><h5 class=\"heading-m line line-above line--gold\">Florister\u00eda del vivero de la Abad\u00eda de Admont: florecientes acompa\u00f1antes para sus momentos especiales<\/h5>\n<p>\u00a0<\/p>\n<p>Si <strong>Boda, bautizo, aniversario o una despedida entra\u00f1able <\/strong>- Nuestra florister\u00eda dar\u00e1 a su evento un glamour especial. En los invernaderos del vivero de la Abad\u00eda de Admont crecen las flores con las que nuestros floristas <strong>con mucho coraz\u00f3n y artesan\u00eda para crear ramos, arreglos florales, guirnaldas y decoraciones \u00fanicos.<\/strong> Reci\u00e9n cortados, h\u00e1bilmente dispuestos y siempre adecuados para la ocasi\u00f3n.<\/p>\n<p>\u00a0<\/p>\n<p><strong>Seg\u00fan sus deseos -\u00a0<\/strong>Dise\u00f1amos su decoraci\u00f3n floral de forma individualizada, ya sea para el registro civil, la iglesia, el sal\u00f3n de baile o el coche nupcial. Cada ramo es \u00fanico, adaptado a su combinaci\u00f3n de colores y estilo.<\/p>\n<p>\u00a0<\/p>\n<p>Nuestro servicio para usted:<\/p>\n<p>\u2714 Ramo de muestras personalizado para la reuni\u00f3n preliminar<\/p>\n<p>\u2714 Elementos decorativos en pr\u00e9stamo<\/p>\n<p>\u2714 Asesoramiento y entrega directamente en el lugar<\/p>\n<p>\u00a0<\/p>\n<p><strong>Deje que sean las flores las que hablen, con la florister\u00eda de Admont que hace florecer las emociones.<\/strong><\/p>\n<\/div>\n                    \n                            <\/div>\n        \n                                                    <div class=\"content__box content__box--2\"\n                     >\n                                        \n                    \n                                                <div class=\"content__media stickyTo\" x-init=\"imageSticky($el)\">\n\n                                                                                    <picture\n                                    class=\"content__image sticky\">\n                                <source srcset=\"https:\/\/stiftadmont.at\/wp-content\/uploads\/150-20231110-Eroeffnung-Blumenhaus-196-1024x683.webp\" type=\"image\/webp\">\n                                <source srcset=\"https:\/\/stiftadmont.at\/wp-content\/uploads\/150-20231110-Eroeffnung-Blumenhaus-196-1024x683.jpg\" type=\"image\/jpeg\">\n                                <img decoding=\"async\" class=\"sticky\" loading=\"lazy\" src=\"https:\/\/stiftadmont.at\/wp-content\/uploads\/150-20231110-Eroeffnung-Blumenhaus-196-1024x683.jpg\"\n                                     alt=\"150 20231110 Apertura de una florister\u00eda 196\">\n\n                                                                                                                            <\/picture>\n\n                        <\/div>\n\n                                    <\/div>\n            \n            <\/div>\n<\/div>\n\n    <div class=\"background__container background__container--beige\">\n    <\/div>\n\n<\/section>\n\n<section id='lightpress__section--block_aa8e242a900a382e9f135ce66835b0b9' class='lightpress__section--more-links--950 lightpress__section--full-width lightpress__section--default-section-space lightpress__section lightpress__section--more-links'><div class=\"more\" x-init=\"initMoreLinksBlockAnim($el)\">\n            <style>\n            #lightpress__section--block_aa8e242a900a382e9f135ce66835b0b9 .more {\n                --entry-width: calc(100% \/ 4 - var(--grid-gap) * 4);\n                grid-template-columns: repeat(auto-fit, minmax(max(var(--entry-width),50rem), 1fr));\n            }\n        <\/style>\n    \n                    <a class=\"more__link\" href=\"https:\/\/stiftadmont.at\/es\/vivero-monasterio-flores-y-vino\/floristeria\/floristeria-de-bodas-2\/\">\n            <div class=\"more__media\">\n                                    <picture class=\"more__image\">\n                        <source srcset=\"https:\/\/stiftadmont.at\/wp-content\/uploads\/Hochzeitsfloristik-768x1024.webp\" type=\"image\/webp\">\n                        <source srcset=\"https:\/\/stiftadmont.at\/wp-content\/uploads\/Hochzeitsfloristik-768x1024.jpg\" type=\"image\/jpeg\">\n                        <img decoding=\"async\" loading=\"lazy\" src=\"https:\/\/stiftadmont.at\/wp-content\/uploads\/Hochzeitsfloristik-768x1024.jpg\" alt=\"Florister\u00eda para bodas\" \/>\n                    <\/picture>\n                            <\/div>\n            <div class=\"more__content\">\n                <div class=\"more__title--container\">\n                                            \n                                                                            \n                        <p class=\"text-bold text-white text--serif text--26\">Florister\u00eda para bodas<\/p>\n                                                            <\/div>\n                                    <div class=\"more__cta\">\n                        <i class=\"fa-thin fa-chevron-right\"><\/i>\n                    <\/div>\n                            <\/div>\n        <\/a>\n                    <a class=\"more__link\" href=\"https:\/\/stiftadmont.at\/es\/vivero-monasterio-flores-y-vino\/floristeria\/floristeria-funeraria-2\/\">\n            <div class=\"more__media\">\n                                    <picture class=\"more__image\">\n                        <source srcset=\"https:\/\/stiftadmont.at\/wp-content\/uploads\/Trauerfloristik.webp\" type=\"image\/webp\">\n                        <source srcset=\"https:\/\/stiftadmont.at\/wp-content\/uploads\/Trauerfloristik.jpg\" type=\"image\/jpeg\">\n                        <img decoding=\"async\" loading=\"lazy\" src=\"https:\/\/stiftadmont.at\/wp-content\/uploads\/Trauerfloristik.jpg\" alt=\"Florister\u00eda funeraria\" \/>\n                    <\/picture>\n                            <\/div>\n            <div class=\"more__content\">\n                <div class=\"more__title--container\">\n                                            \n                                                                            \n                        <p class=\"text-bold text-white text--serif text--26\">Florister\u00eda funeraria<\/p>\n                                                            <\/div>\n                                    <div class=\"more__cta\">\n                        <i class=\"fa-thin fa-chevron-right\"><\/i>\n                    <\/div>\n                            <\/div>\n        <\/a>\n                    <a class=\"more__link\" href=\"https:\/\/stiftadmont.at\/es\/vivero-monasterio-flores-y-vino\/floristeria\/decoracion-de-eventos\/\">\n            <div class=\"more__media\">\n                                    <picture class=\"more__image\">\n                        <source srcset=\"https:\/\/stiftadmont.at\/wp-content\/uploads\/Eventdekoration_Floristik.webp\" type=\"image\/webp\">\n                        <source srcset=\"https:\/\/stiftadmont.at\/wp-content\/uploads\/Eventdekoration_Floristik.jpg\" type=\"image\/jpeg\">\n                        <img decoding=\"async\" loading=\"lazy\" src=\"https:\/\/stiftadmont.at\/wp-content\/uploads\/Eventdekoration_Floristik.jpg\" alt=\"Decoraci\u00f3n de eventos Florister\u00eda\" \/>\n                    <\/picture>\n                            <\/div>\n            <div class=\"more__content\">\n                <div class=\"more__title--container\">\n                                            \n                                                                            \n                        <p class=\"text-bold text-white text--serif text--26\">Decoraci\u00f3n de eventos<\/p>\n                                                            <\/div>\n                                    <div class=\"more__cta\">\n                        <i class=\"fa-thin fa-chevron-right\"><\/i>\n                    <\/div>\n                            <\/div>\n        <\/a>\n                    <a class=\"more__link\" href=\"https:\/\/stiftadmont.at\/es\/vivero-monasterio-flores-y-vino\/floristeria\/hogar-decorativo\/\">\n            <div class=\"more__media\">\n                                    <picture class=\"more__image\">\n                        <source srcset=\"https:\/\/stiftadmont.at\/wp-content\/uploads\/Schmuckvolles_Zuhause_Floristik.webp\" type=\"image\/webp\">\n                        <source srcset=\"https:\/\/stiftadmont.at\/wp-content\/uploads\/Schmuckvolles_Zuhause_Floristik.jpg\" type=\"image\/jpeg\">\n                        <img decoding=\"async\" loading=\"lazy\" src=\"https:\/\/stiftadmont.at\/wp-content\/uploads\/Schmuckvolles_Zuhause_Floristik.jpg\" alt=\"Florister\u00eda decorativa para el hogar\" \/>\n                    <\/picture>\n                            <\/div>\n            <div class=\"more__content\">\n                <div class=\"more__title--container\">\n                                            \n                                                                            \n                        <p class=\"text-bold text-white text--serif text--26\">P\u00e1gina de inicio de la joyer\u00eda<\/p>\n                                                            <\/div>\n                                    <div class=\"more__cta\">\n                        <i class=\"fa-thin fa-chevron-right\"><\/i>\n                    <\/div>\n                            <\/div>\n        <\/a>\n    \n<\/div>\n\n<\/section>","protected":false},"excerpt":{"rendered":"","protected":false},"author":20,"featured_media":0,"parent":515,"menu_order":0,"comment_status":"closed","ping_status":"closed","template":"","meta":{"_acf_changed":false,"footnotes":""},"categories":[],"class_list":["post-20202","page","type-page","status-publish","hentry"],"acf":[],"yoast_head":"<!-- This site is optimized with the Yoast SEO Premium plugin v26.0 (Yoast SEO v26.8) - https:\/\/yoast.com\/product\/yoast-seo-premium-wordpress\/ -->\n<title>Blumen und Floristik - Stift Admont<\/title>\n<meta name=\"robots\" content=\"index, follow, max-snippet:-1, max-image-preview:large, max-video-preview:-1\" \/>\n<link rel=\"canonical\" href=\"https:\/\/stiftadmont.at\/es\/vivero-monasterio-flores-y-vino\/floristeria\/\" \/>\n<meta property=\"og:locale\" content=\"es_ES\" \/>\n<meta property=\"og:type\" content=\"article\" \/>\n<meta property=\"og:title\" content=\"Blumen und Floristik\" \/>\n<meta property=\"og:url\" content=\"https:\/\/stiftadmont.at\/es\/vivero-monasterio-flores-y-vino\/floristeria\/\" \/>\n<meta property=\"og:site_name\" content=\"Stift Admont\" \/>\n<meta property=\"article:modified_time\" content=\"2025-08-28T11:23:51+00:00\" \/>\n<meta property=\"og:image\" content=\"https:\/\/stiftadmont.at\/wp-content\/uploads\/Klosteranlage-innen.jpg\" \/>\n\t<meta property=\"og:image:width\" content=\"1912\" \/>\n\t<meta property=\"og:image:height\" content=\"1188\" \/>\n\t<meta property=\"og:image:type\" content=\"image\/jpeg\" \/>\n<meta name=\"twitter:card\" content=\"summary_large_image\" \/>\n<script type=\"application\/ld+json\" class=\"yoast-schema-graph\">{\"@context\":\"https:\/\/schema.org\",\"@graph\":[{\"@type\":\"WebPage\",\"@id\":\"https:\/\/stiftadmont.at\/stiftsgaertnerei-blumen-und-wein\/floristik\/\",\"url\":\"https:\/\/stiftadmont.at\/stiftsgaertnerei-blumen-und-wein\/floristik\/\",\"name\":\"Blumen und Floristik - Stift Admont\",\"isPartOf\":{\"@id\":\"https:\/\/stiftadmont.at\/#website\"},\"datePublished\":\"2023-09-22T08:58:32+00:00\",\"dateModified\":\"2025-08-28T11:23:51+00:00\",\"breadcrumb\":{\"@id\":\"https:\/\/stiftadmont.at\/stiftsgaertnerei-blumen-und-wein\/floristik\/#breadcrumb\"},\"inLanguage\":\"es\",\"potentialAction\":[{\"@type\":\"ReadAction\",\"target\":[\"https:\/\/stiftadmont.at\/stiftsgaertnerei-blumen-und-wein\/floristik\/\"]}]},{\"@type\":\"BreadcrumbList\",\"@id\":\"https:\/\/stiftadmont.at\/stiftsgaertnerei-blumen-und-wein\/floristik\/#breadcrumb\",\"itemListElement\":[{\"@type\":\"ListItem\",\"position\":1,\"name\":\"Start\",\"item\":\"https:\/\/stiftadmont.at\/\"},{\"@type\":\"ListItem\",\"position\":2,\"name\":\"Stiftsg\u00e4rtnerei Blumen und Wein\",\"item\":\"https:\/\/stiftadmont.at\/stiftsgaertnerei-blumen-und-wein\/\"},{\"@type\":\"ListItem\",\"position\":3,\"name\":\"Blumen und Floristik\"}]},{\"@type\":\"WebSite\",\"@id\":\"https:\/\/stiftadmont.at\/#website\",\"url\":\"https:\/\/stiftadmont.at\/\",\"name\":\"Stift Admont\",\"description\":\"Benediktinerkloster und Sehensw\u00fcrdigkeit im Ges\u00e4use\",\"potentialAction\":[{\"@type\":\"SearchAction\",\"target\":{\"@type\":\"EntryPoint\",\"urlTemplate\":\"https:\/\/stiftadmont.at\/?s={search_term_string}\"},\"query-input\":{\"@type\":\"PropertyValueSpecification\",\"valueRequired\":true,\"valueName\":\"search_term_string\"}}],\"inLanguage\":\"es\"}]}<\/script>\n<!-- \/ Yoast SEO Premium plugin. -->","yoast_head_json":{"title":"Flores y florister\u00eda - Abad\u00eda de Admont","robots":{"index":"index","follow":"follow","max-snippet":"max-snippet:-1","max-image-preview":"max-image-preview:large","max-video-preview":"max-video-preview:-1"},"canonical":"https:\/\/stiftadmont.at\/es\/vivero-monasterio-flores-y-vino\/floristeria\/","og_locale":"es_ES","og_type":"article","og_title":"Blumen und Floristik","og_url":"https:\/\/stiftadmont.at\/es\/vivero-monasterio-flores-y-vino\/floristeria\/","og_site_name":"Stift Admont","article_modified_time":"2025-08-28T11:23:51+00:00","og_image":[{"width":1912,"height":1188,"url":"https:\/\/stiftadmont.at\/wp-content\/uploads\/Klosteranlage-innen.jpg","type":"image\/jpeg"}],"twitter_card":"summary_large_image","schema":{"@context":"https:\/\/schema.org","@graph":[{"@type":"WebPage","@id":"https:\/\/stiftadmont.at\/stiftsgaertnerei-blumen-und-wein\/floristik\/","url":"https:\/\/stiftadmont.at\/stiftsgaertnerei-blumen-und-wein\/floristik\/","name":"Flores y florister\u00eda - Abad\u00eda de Admont","isPartOf":{"@id":"https:\/\/stiftadmont.at\/#website"},"datePublished":"2023-09-22T08:58:32+00:00","dateModified":"2025-08-28T11:23:51+00:00","breadcrumb":{"@id":"https:\/\/stiftadmont.at\/stiftsgaertnerei-blumen-und-wein\/floristik\/#breadcrumb"},"inLanguage":"es","potentialAction":[{"@type":"ReadAction","target":["https:\/\/stiftadmont.at\/stiftsgaertnerei-blumen-und-wein\/floristik\/"]}]},{"@type":"BreadcrumbList","@id":"https:\/\/stiftadmont.at\/stiftsgaertnerei-blumen-und-wein\/floristik\/#breadcrumb","itemListElement":[{"@type":"ListItem","position":1,"name":"Start","item":"https:\/\/stiftadmont.at\/"},{"@type":"ListItem","position":2,"name":"Stiftsg\u00e4rtnerei Blumen und Wein","item":"https:\/\/stiftadmont.at\/stiftsgaertnerei-blumen-und-wein\/"},{"@type":"ListItem","position":3,"name":"Blumen und Floristik"}]},{"@type":"WebSite","@id":"https:\/\/stiftadmont.at\/#website","url":"https:\/\/stiftadmont.at\/","name":"Abad\u00eda de Admont","description":"Monasterio benedictino y atracci\u00f3n tur\u00edstica en el Ges\u00e4use","potentialAction":[{"@type":"SearchAction","target":{"@type":"EntryPoint","urlTemplate":"https:\/\/stiftadmont.at\/?s={search_term_string}"},"query-input":{"@type":"PropertyValueSpecification","valueRequired":true,"valueName":"search_term_string"}}],"inLanguage":"es"}]}},"_links":{"self":[{"href":"https:\/\/stiftadmont.at\/es\/wp-json\/wp\/v2\/pages\/20202","targetHints":{"allow":["GET"]}}],"collection":[{"href":"https:\/\/stiftadmont.at\/es\/wp-json\/wp\/v2\/pages"}],"about":[{"href":"https:\/\/stiftadmont.at\/es\/wp-json\/wp\/v2\/types\/page"}],"author":[{"embeddable":true,"href":"https:\/\/stiftadmont.at\/es\/wp-json\/wp\/v2\/users\/20"}],"replies":[{"embeddable":true,"href":"https:\/\/stiftadmont.at\/es\/wp-json\/wp\/v2\/comments?post=20202"}],"version-history":[{"count":68,"href":"https:\/\/stiftadmont.at\/es\/wp-json\/wp\/v2\/pages\/20202\/revisions"}],"predecessor-version":[{"id":37214,"href":"https:\/\/stiftadmont.at\/es\/wp-json\/wp\/v2\/pages\/20202\/revisions\/37214"}],"up":[{"embeddable":true,"href":"https:\/\/stiftadmont.at\/es\/wp-json\/wp\/v2\/pages\/515"}],"wp:attachment":[{"href":"https:\/\/stiftadmont.at\/es\/wp-json\/wp\/v2\/media?parent=20202"}],"wp:term":[{"taxonomy":"category","embeddable":true,"href":"https:\/\/stiftadmont.at\/es\/wp-json\/wp\/v2\/categories?post=20202"}],"curies":[{"name":"wp","href":"https:\/\/api.w.org\/{rel}","templated":true}]}}