{"id":20335,"date":"2023-09-18T11:22:58","date_gmt":"2023-09-18T09:22:58","guid":{"rendered":"https:\/\/stiftadmont.at\/?page_id=20335"},"modified":"2025-09-02T08:48:13","modified_gmt":"2025-09-02T06:48:13","slug":"aparcamiento-verano","status":"publish","type":"page","link":"https:\/\/stiftadmont.at\/es\/familienparadies-kaiserau\/parken-und-maut\/parken-sommer\/","title":{"rendered":"Aparcamiento de verano"},"content":{"rendered":"<section id='lightpress__section--block_8ffc2bff8ec273c3870dbd74e8415437' class='align-center lightpress__section--default-section-space lightpress__section lightpress__section--headline'><div class=\"headline__container\">\n            <p class=\"headline text--40 text-medium line line--gold line-above line-middle\">Aparcamiento en verano<\/p>\n        <p class=\"text-center text-gold text--20 text-medium text--uppercase\">Durante los meses de verano, el aparcamiento de Kaiserau est\u00e1 disponible gratuitamente durante el d\u00eda<\/p>\n        <div class=\"spacer--40\"><\/div>\n<\/div>\n\n<\/section>\n\n<section id='lightpress__section--block_c18381775e6f9461a096bdd24dd0a4ca' class='lightpress__section--default-section-space lightpress__section lightpress__section--content'><div class=\"content__inner\"\n         x-init=\"initContentBlockAnim($el)\">\n        \n    <div class=\"content__grid content__grid\">\n                                            <div class=\"content__box content__box--one-hundred\"\n                 style=\"\">\n                                \n                \n                                            <div class=\"prose\"><p class=\"paragraph-m\"><span style=\"color: var(--color-black);\">de mayo a octubre<\/span><\/p>\n<ol style=\"padding-left: 2em; font-size: 16px;\">\n<li class=\"paragraph-m\">Coja un ticket en la barrera al entrar en el aparcamiento<\/li>\n<li class=\"paragraph-m\">Conducir y aparcar<\/li>\n<li class=\"paragraph-m\">Conserve su ticket de aparcamiento durante su estancia<\/li>\n<li class=\"paragraph-m\">El ticket de aparcamiento tambi\u00e9n es v\u00e1lido como ticket de peaje para la subida de la autopista de peaje. Tenga en cuenta el <a title=\"Tarifas de peaje en verano\" href=\"https:\/\/stiftadmont.at\/es\/paraiso-familiar-kaiserau\/aparcamientos-y-peajes\/peaje-en-verano\/\">Tarifas de peaje en verano<\/a> (Los peajes deben pagarse antes de salir del aparcamiento en la m\u00e1quina de peaje de la taquilla o directamente a la salida con tarjeta de d\u00e9bito o cr\u00e9dito)<\/li>\n<li class=\"paragraph-m\">S\u00f3lo se puede salir con un ticket de aparcamiento pagado.<\/li>\n<\/ol>\n<p>\u00a0<\/p>\n<p class=\"paragraph-m paragraph-s\"><em><strong>Si pierde su ticket de aparcamiento, recibir\u00e1 un ticket de p\u00e9rdida (40,00 euros) en la m\u00e1quina de peaje de la taquilla.<\/strong><\/em><\/p>\n<p>\u00a0<\/p>\n<p>\u00a0<\/p>\n<p>\u00a0<\/p>\n<h5 class=\"heading-m line line-above line--gold\"><span style=\"color: var(--color-black);\">Tasas de aparcamiento VERANO<\/span><\/h5>\n<p>\u00a0<\/p>\n<ul style=\"padding-left: 2em; font-size: 16px;\">\n<li class=\"paragraph-m\">Tasa de aparcamiento en el parking Kaiserau <strong>durante el d\u00eda<\/strong> <strong>gratis<\/strong> de mayo a octubre (de 06:00 a 22:00, gratuito)<\/li>\n<li class=\"paragraph-m\">Tasa de aparcamiento de coches\/motos <strong>2,00 euros por<\/strong> <strong>comenz\u00f3 la hora nocturna<\/strong> (de 22:00 a 06:00)<\/li>\n<li class=\"paragraph-m\">Tasa de aparcamiento minib\u00fas\/caravana\/autob\u00fas\/cami\u00f3n <strong>\u20ac<\/strong> <strong>10,00 por hora nocturna o fracci\u00f3n<\/strong> (de 22:00 a 06:00)\n<p><strong><br \/>ATENCI\u00d3N:<\/strong> \u00a1Barrera de luz se dispara a una altura de 2,10 m o m\u00e1s en el aumento de la tasa de minib\u00fas, etc....!<\/li>\n<\/ul>\n<p>\u00a0<\/p>\n<p class=\"paragraph-m paragraph-s\"><em><strong>Notas: Si pierde el ticket del aparcamiento, deber\u00e1 abonar 40,00 \u20ac en concepto de tasa por p\u00e9rdida. Est\u00e1 prohibido acampar y encender fuego (barbacoas, hogueras, etc.) en toda la zona.<\/strong><\/em><\/p>\n<p>\u00a0<\/p>\n<p>\u00a0<\/p>\n<p>\u00a0<\/p>\n<h5 class=\"heading-m line line-above line--gold\"><span style=\"color: var(--color-black);\">Pago<\/span><\/h5>\n<p>\u00a0<\/p>\n<ul>\n<li class=\"paragraph-m\"><strong>En el edificio de esqu\u00ed (taquilla) <\/strong>encontrar\u00e1 nuestro cajero autom\u00e1tico, donde podr\u00e1 pagar en efectivo o con tarjeta de d\u00e9bito o cr\u00e9dito. El pago es posible de 0 a 24 horas. <span style=\"text-decoration: underline;\"><strong>En<\/strong> <strong>La salida debe producirse en los 15 minutos siguientes al proceso de pago.<\/strong><\/span><\/li>\n<li class=\"paragraph-m\"><strong>En la barrera (salida) <\/strong>El pago sin efectivo s\u00f3lo es posible con tarjeta ATM \/ tarjeta de cr\u00e9dito. El pago con cajero autom\u00e1tico o tarjeta de cr\u00e9dito es posible a la salida directamente en la barrera (0-24 horas).<\/li>\n<\/ul>\n<p>\u00a0<\/p>\n<p style=\"font-size: medium;\">\u00a0<\/p>\n<\/div>\n                    \n                            <\/div>\n        \n            <\/div>\n<\/div>\n\n<\/section>","protected":false},"excerpt":{"rendered":"","protected":false},"author":7,"featured_media":0,"parent":19221,"menu_order":0,"comment_status":"closed","ping_status":"closed","template":"","meta":{"_acf_changed":false,"footnotes":""},"categories":[],"class_list":["post-20335","page","type-page","status-publish","hentry"],"acf":[],"yoast_head":"<!-- This site is optimized with the Yoast SEO Premium plugin v26.0 (Yoast SEO v26.8) - https:\/\/yoast.com\/product\/yoast-seo-premium-wordpress\/ -->\n<title>Parken Sommer - Stift Admont<\/title>\n<meta name=\"robots\" content=\"index, follow, max-snippet:-1, max-image-preview:large, max-video-preview:-1\" \/>\n<link rel=\"canonical\" href=\"https:\/\/stiftadmont.at\/es\/paraiso-familiar-kaiserau\/aparcamientos-y-peajes\/aparcamiento-verano\/\" \/>\n<meta property=\"og:locale\" content=\"es_ES\" \/>\n<meta property=\"og:type\" content=\"article\" \/>\n<meta property=\"og:title\" content=\"Parken Sommer\" \/>\n<meta property=\"og:url\" content=\"https:\/\/stiftadmont.at\/es\/paraiso-familiar-kaiserau\/aparcamientos-y-peajes\/aparcamiento-verano\/\" \/>\n<meta property=\"og:site_name\" content=\"Stift Admont\" \/>\n<meta property=\"article:modified_time\" content=\"2025-09-02T06:48:13+00:00\" \/>\n<meta property=\"og:image\" content=\"https:\/\/stiftadmont.at\/wp-content\/uploads\/Klosteranlage-innen.jpg\" \/>\n\t<meta property=\"og:image:width\" content=\"1912\" \/>\n\t<meta property=\"og:image:height\" content=\"1188\" \/>\n\t<meta property=\"og:image:type\" content=\"image\/jpeg\" \/>\n<meta name=\"twitter:card\" content=\"summary_large_image\" \/>\n<script type=\"application\/ld+json\" class=\"yoast-schema-graph\">{\"@context\":\"https:\/\/schema.org\",\"@graph\":[{\"@type\":\"WebPage\",\"@id\":\"https:\/\/stiftadmont.at\/familienparadies-kaiserau\/parken-und-maut\/parken-sommer\/\",\"url\":\"https:\/\/stiftadmont.at\/familienparadies-kaiserau\/parken-und-maut\/parken-sommer\/\",\"name\":\"Parken Sommer - Stift Admont\",\"isPartOf\":{\"@id\":\"https:\/\/stiftadmont.at\/#website\"},\"datePublished\":\"2023-09-18T09:22:58+00:00\",\"dateModified\":\"2025-09-02T06:48:13+00:00\",\"breadcrumb\":{\"@id\":\"https:\/\/stiftadmont.at\/familienparadies-kaiserau\/parken-und-maut\/parken-sommer\/#breadcrumb\"},\"inLanguage\":\"es\",\"potentialAction\":[{\"@type\":\"ReadAction\",\"target\":[\"https:\/\/stiftadmont.at\/familienparadies-kaiserau\/parken-und-maut\/parken-sommer\/\"]}]},{\"@type\":\"BreadcrumbList\",\"@id\":\"https:\/\/stiftadmont.at\/familienparadies-kaiserau\/parken-und-maut\/parken-sommer\/#breadcrumb\",\"itemListElement\":[{\"@type\":\"ListItem\",\"position\":1,\"name\":\"Start\",\"item\":\"https:\/\/stiftadmont.at\/\"},{\"@type\":\"ListItem\",\"position\":2,\"name\":\"Familienparadies Kaiserau\",\"item\":\"https:\/\/stiftadmont.at\/familienparadies-kaiserau\/\"},{\"@type\":\"ListItem\",\"position\":3,\"name\":\"Parken &amp; Maut\",\"item\":\"https:\/\/stiftadmont.at\/familienparadies-kaiserau\/parken-und-maut\/\"},{\"@type\":\"ListItem\",\"position\":4,\"name\":\"Parken Sommer\"}]},{\"@type\":\"WebSite\",\"@id\":\"https:\/\/stiftadmont.at\/#website\",\"url\":\"https:\/\/stiftadmont.at\/\",\"name\":\"Stift Admont\",\"description\":\"Benediktinerkloster und Sehensw\u00fcrdigkeit im Ges\u00e4use\",\"potentialAction\":[{\"@type\":\"SearchAction\",\"target\":{\"@type\":\"EntryPoint\",\"urlTemplate\":\"https:\/\/stiftadmont.at\/?s={search_term_string}\"},\"query-input\":{\"@type\":\"PropertyValueSpecification\",\"valueRequired\":true,\"valueName\":\"search_term_string\"}}],\"inLanguage\":\"es\"}]}<\/script>\n<!-- \/ Yoast SEO Premium plugin. -->","yoast_head_json":{"title":"Aparcamiento de verano - Abad\u00eda de Admont","robots":{"index":"index","follow":"follow","max-snippet":"max-snippet:-1","max-image-preview":"max-image-preview:large","max-video-preview":"max-video-preview:-1"},"canonical":"https:\/\/stiftadmont.at\/es\/paraiso-familiar-kaiserau\/aparcamientos-y-peajes\/aparcamiento-verano\/","og_locale":"es_ES","og_type":"article","og_title":"Parken Sommer","og_url":"https:\/\/stiftadmont.at\/es\/paraiso-familiar-kaiserau\/aparcamientos-y-peajes\/aparcamiento-verano\/","og_site_name":"Stift Admont","article_modified_time":"2025-09-02T06:48:13+00:00","og_image":[{"width":1912,"height":1188,"url":"https:\/\/stiftadmont.at\/wp-content\/uploads\/Klosteranlage-innen.jpg","type":"image\/jpeg"}],"twitter_card":"summary_large_image","schema":{"@context":"https:\/\/schema.org","@graph":[{"@type":"WebPage","@id":"https:\/\/stiftadmont.at\/familienparadies-kaiserau\/parken-und-maut\/parken-sommer\/","url":"https:\/\/stiftadmont.at\/familienparadies-kaiserau\/parken-und-maut\/parken-sommer\/","name":"Aparcamiento de verano - Abad\u00eda de Admont","isPartOf":{"@id":"https:\/\/stiftadmont.at\/#website"},"datePublished":"2023-09-18T09:22:58+00:00","dateModified":"2025-09-02T06:48:13+00:00","breadcrumb":{"@id":"https:\/\/stiftadmont.at\/familienparadies-kaiserau\/parken-und-maut\/parken-sommer\/#breadcrumb"},"inLanguage":"es","potentialAction":[{"@type":"ReadAction","target":["https:\/\/stiftadmont.at\/familienparadies-kaiserau\/parken-und-maut\/parken-sommer\/"]}]},{"@type":"BreadcrumbList","@id":"https:\/\/stiftadmont.at\/familienparadies-kaiserau\/parken-und-maut\/parken-sommer\/#breadcrumb","itemListElement":[{"@type":"ListItem","position":1,"name":"Start","item":"https:\/\/stiftadmont.at\/"},{"@type":"ListItem","position":2,"name":"Familienparadies Kaiserau","item":"https:\/\/stiftadmont.at\/familienparadies-kaiserau\/"},{"@type":"ListItem","position":3,"name":"Parken &amp; Maut","item":"https:\/\/stiftadmont.at\/familienparadies-kaiserau\/parken-und-maut\/"},{"@type":"ListItem","position":4,"name":"Parken Sommer"}]},{"@type":"WebSite","@id":"https:\/\/stiftadmont.at\/#website","url":"https:\/\/stiftadmont.at\/","name":"Abad\u00eda de Admont","description":"Monasterio benedictino y atracci\u00f3n tur\u00edstica en el Ges\u00e4use","potentialAction":[{"@type":"SearchAction","target":{"@type":"EntryPoint","urlTemplate":"https:\/\/stiftadmont.at\/?s={search_term_string}"},"query-input":{"@type":"PropertyValueSpecification","valueRequired":true,"valueName":"search_term_string"}}],"inLanguage":"es"}]}},"_links":{"self":[{"href":"https:\/\/stiftadmont.at\/es\/wp-json\/wp\/v2\/pages\/20335","targetHints":{"allow":["GET"]}}],"collection":[{"href":"https:\/\/stiftadmont.at\/es\/wp-json\/wp\/v2\/pages"}],"about":[{"href":"https:\/\/stiftadmont.at\/es\/wp-json\/wp\/v2\/types\/page"}],"author":[{"embeddable":true,"href":"https:\/\/stiftadmont.at\/es\/wp-json\/wp\/v2\/users\/7"}],"replies":[{"embeddable":true,"href":"https:\/\/stiftadmont.at\/es\/wp-json\/wp\/v2\/comments?post=20335"}],"version-history":[{"count":38,"href":"https:\/\/stiftadmont.at\/es\/wp-json\/wp\/v2\/pages\/20335\/revisions"}],"predecessor-version":[{"id":37284,"href":"https:\/\/stiftadmont.at\/es\/wp-json\/wp\/v2\/pages\/20335\/revisions\/37284"}],"up":[{"embeddable":true,"href":"https:\/\/stiftadmont.at\/es\/wp-json\/wp\/v2\/pages\/19221"}],"wp:attachment":[{"href":"https:\/\/stiftadmont.at\/es\/wp-json\/wp\/v2\/media?parent=20335"}],"wp:term":[{"taxonomy":"category","embeddable":true,"href":"https:\/\/stiftadmont.at\/es\/wp-json\/wp\/v2\/categories?post=20335"}],"curies":[{"name":"wp","href":"https:\/\/api.w.org\/{rel}","templated":true}]}}