{"id":20339,"date":"2023-09-18T11:23:46","date_gmt":"2023-09-18T09:23:46","guid":{"rendered":"https:\/\/stiftadmont.at\/?page_id=20339"},"modified":"2026-01-05T10:49:31","modified_gmt":"2026-01-05T08:49:31","slug":"aparcamiento-invierno","status":"publish","type":"page","link":"https:\/\/stiftadmont.at\/es\/familienparadies-kaiserau\/parken-und-maut\/parken-winter\/","title":{"rendered":"Aparcamiento de invierno"},"content":{"rendered":"<section id='lightpress__section--block_00e9f62c5e7b0069d080992bdb42ac8d' class='align-center lightpress__section--default-section-space lightpress__section lightpress__section--headline'><div class=\"headline__container\">\n            <h2 class=\"headline text--40 text-medium line line--gold line-above line-middle\">Aparcar en invierno<\/h2>\n        <p class=\"text-center text-gold text--20 text-medium text--uppercase\">Durante los meses de invierno, el aparcamiento Kaiserau es de pago. No obstante, tenga en cuenta las excepciones.  <\/p>\n        <div class=\"spacer--40\"><\/div>\n<\/div>\n\n<\/section>\n\n<section id='lightpress__section--block_2a270ff2c36bdba2f7a7e87de320d446' class='lightpress__section--default-section-space lightpress__section lightpress__section--content'><div class=\"content__inner\"\n         x-init=\"initContentBlockAnim($el)\">\n        \n    <div class=\"content__grid content__grid\">\n                                            <div class=\"content__box content__box--one-hundred\"\n                 style=\"\">\n                                \n                \n                                            <div class=\"prose\"><p class=\"paragraph-m\"><strong>de noviembre a abril (de pago)<br \/><\/strong>durante la temporada y los horarios de funcionamiento de los remontes de Kaiserau<\/p>\n<ol style=\"padding-left: 2em; font-size: 16px;\">\n<li class=\"paragraph-m\">Coja un ticket de aparcamiento a la entrada<\/li>\n<li class=\"paragraph-m\">Conducir y aparcar<\/li>\n<li class=\"paragraph-m\">Compre su forfait en la taquilla<\/li>\n<li class=\"paragraph-m\">Haga validar su ticket de aparcamiento en la taquilla del remonte despu\u00e9s de su jornada de esqu\u00ed.<\/li>\n<li class=\"paragraph-m\">Ampliar<\/li>\n<\/ol>\n<h5>\u00a0<\/h5>\n<h5>ATENCI\u00d3N: El billete de aparcamiento se puede validar gratuitamente si se posee un forfait o un abono de temporada. NO OBSTANTE, S\u00d3LO DURANTE EL HORARIO DE FUNCIONAMIENTO DEL REMONTE.\u00a0<\/h5>\n<p>\u00a0<\/p>\n<p>\u00a0<\/p>\n<h5 class=\"heading-m line line-above line--gold\"><span style=\"color: var(--color-black);\">Tarifas de aparcamiento en INVIERNO<\/span><\/h5>\n<p>\u00a0<\/p>\n<ul style=\"padding-left: 2em; font-size: 16px;\">\n<li class=\"paragraph-m\">Aparcamiento gratuito durante 30 minutos <strong>(s\u00f3lo durante el funcionamiento del ascensor)<\/strong><\/li>\n<li class=\"paragraph-m\">Tasa de aparcamiento: 2,00 euros por hora o fracci\u00f3n (de 06:00 a 22:00);<br \/><strong>Nota: <\/strong>En el periodo comprendido entre las 08:00 y las 17:00, se aplica un l\u00edmite de 6,00 euros en total.<\/li>\n<li class=\"paragraph-m\">Tasa de aparcamiento 3,00 \u20ac por hora nocturna o fracci\u00f3n (de 22:00 a 06:00)<br \/><strong>ATENCI\u00d3N:<\/strong> Disparadores de barrera de luz a una altura de 2,10 metros o m\u00e1s en la tarifa aumentada de minibuses, etc.\u00a0<\/li>\n<li class=\"paragraph-m\">Tasa de aparcamiento autob\u00fas\/cami\u00f3n\/minib\u00fas\/autocaravana 5,00 \u20ac por hora o fracci\u00f3n (de 07:00 a 20:00)<\/li>\n<li class=\"paragraph-m\">Tasa de aparcamiento autob\u00fas\/cami\u00f3n\/minib\u00fas\/autocaravana 10,00 euros por hora nocturna o fracci\u00f3n (de 20:00 a 07:00)<\/li>\n<li class=\"paragraph-m\">En caso de p\u00e9rdida del ticket de aparcamiento, deber\u00e1 abonarse una tasa de p\u00e9rdida de 40,00 euros.<\/li>\n<\/ul>\n<p>\u00a0<\/p>\n<p>\u00a0<\/p>\n<h5 class=\"heading-m line line-above line--gold\"><span style=\"color: var(--color-black);\">\u00bfCu\u00e1ndo es gratuito el aparcamiento?\u00a0<\/span><\/h5>\n<p>\u00a0<\/p>\n<p class=\"paragraph-m paragraph-s\"><strong>Con la compra de un forfait v\u00e1lido de esqu\u00ed o esqu\u00ed de fondo (excepto \"1 d\u00eda de esqu\u00ed de fondo\", \"viaje sencillo en telesqu\u00ed\" y \"forfait de un d\u00eda para ni\u00f1os peque\u00f1os\"), se valida el ticket de aparcamiento en la taquilla de Kaiserau Tourismus GmbH el d\u00eda de la compra de 09:00 a 16:00 horas y el aparcamiento es gratuito. Se valida 1 ticket de aparcamiento por compra (no por forfait).<\/strong><\/p>\n<p>\u00a0<\/p>\n<p>\u00a0<\/p>\n<p>\u00a0<\/p>\n<h5 class=\"heading-m line line-above line--gold\"><span style=\"color: var(--color-black);\">Pago<\/span><\/h5>\n<p>\u00a0<\/p>\n<ul style=\"padding-left: 2em; font-size: 16px;\">\n<li class=\"paragraph-m\"><span style=\"color: var(--color-black);\">En el peaje\u00a0<\/span>El pago en efectivo s\u00f3lo es posible en la m\u00e1quina de peaje directamente en la taquilla (0-24 horas).<\/li>\n<li class=\"paragraph-m\"><span style=\"color: var(--color-black);\">En la barrera (salida)<\/span>\u00a0Recibir\u00e1 el ticket de aparcamiento a la entrada del aparcamiento directamente en la barrera y es v\u00e1lido para el d\u00eda correspondiente. El pago se realiza a la salida, directamente en la barrera, mediante cajero autom\u00e1tico o tarjeta de cr\u00e9dito.<\/li>\n<\/ul>\n<\/div>\n                    \n                            <\/div>\n        \n            <\/div>\n<\/div>\n\n<\/section>","protected":false},"excerpt":{"rendered":"","protected":false},"author":7,"featured_media":0,"parent":19221,"menu_order":0,"comment_status":"closed","ping_status":"closed","template":"","meta":{"_acf_changed":false,"footnotes":""},"categories":[],"class_list":["post-20339","page","type-page","status-publish","hentry"],"acf":[],"yoast_head":"<!-- This site is optimized with the Yoast SEO Premium plugin v26.0 (Yoast SEO v26.8) - https:\/\/yoast.com\/product\/yoast-seo-premium-wordpress\/ -->\n<title>Parken Winter - Stift Admont<\/title>\n<meta name=\"robots\" content=\"index, follow, max-snippet:-1, max-image-preview:large, max-video-preview:-1\" \/>\n<link rel=\"canonical\" href=\"https:\/\/stiftadmont.at\/es\/paraiso-familiar-kaiserau\/aparcamientos-y-peajes\/aparcamiento-invierno\/\" \/>\n<meta property=\"og:locale\" content=\"es_ES\" \/>\n<meta property=\"og:type\" content=\"article\" \/>\n<meta property=\"og:title\" content=\"Parken Winter\" \/>\n<meta property=\"og:url\" content=\"https:\/\/stiftadmont.at\/es\/paraiso-familiar-kaiserau\/aparcamientos-y-peajes\/aparcamiento-invierno\/\" \/>\n<meta property=\"og:site_name\" content=\"Stift Admont\" \/>\n<meta property=\"article:modified_time\" content=\"2026-01-05T08:49:31+00:00\" \/>\n<meta property=\"og:image\" content=\"https:\/\/stiftadmont.at\/wp-content\/uploads\/Klosteranlage-innen.jpg\" \/>\n\t<meta property=\"og:image:width\" content=\"1912\" \/>\n\t<meta property=\"og:image:height\" content=\"1188\" \/>\n\t<meta property=\"og:image:type\" content=\"image\/jpeg\" \/>\n<meta name=\"twitter:card\" content=\"summary_large_image\" \/>\n<script type=\"application\/ld+json\" class=\"yoast-schema-graph\">{\"@context\":\"https:\/\/schema.org\",\"@graph\":[{\"@type\":\"WebPage\",\"@id\":\"https:\/\/stiftadmont.at\/familienparadies-kaiserau\/parken-und-maut\/parken-winter\/\",\"url\":\"https:\/\/stiftadmont.at\/familienparadies-kaiserau\/parken-und-maut\/parken-winter\/\",\"name\":\"Parken Winter - Stift Admont\",\"isPartOf\":{\"@id\":\"https:\/\/stiftadmont.at\/#website\"},\"datePublished\":\"2023-09-18T09:23:46+00:00\",\"dateModified\":\"2026-01-05T08:49:31+00:00\",\"breadcrumb\":{\"@id\":\"https:\/\/stiftadmont.at\/familienparadies-kaiserau\/parken-und-maut\/parken-winter\/#breadcrumb\"},\"inLanguage\":\"es\",\"potentialAction\":[{\"@type\":\"ReadAction\",\"target\":[\"https:\/\/stiftadmont.at\/familienparadies-kaiserau\/parken-und-maut\/parken-winter\/\"]}]},{\"@type\":\"BreadcrumbList\",\"@id\":\"https:\/\/stiftadmont.at\/familienparadies-kaiserau\/parken-und-maut\/parken-winter\/#breadcrumb\",\"itemListElement\":[{\"@type\":\"ListItem\",\"position\":1,\"name\":\"Start\",\"item\":\"https:\/\/stiftadmont.at\/\"},{\"@type\":\"ListItem\",\"position\":2,\"name\":\"Familienparadies Kaiserau\",\"item\":\"https:\/\/stiftadmont.at\/familienparadies-kaiserau\/\"},{\"@type\":\"ListItem\",\"position\":3,\"name\":\"Parken &amp; Maut\",\"item\":\"https:\/\/stiftadmont.at\/familienparadies-kaiserau\/parken-und-maut\/\"},{\"@type\":\"ListItem\",\"position\":4,\"name\":\"Parken Winter\"}]},{\"@type\":\"WebSite\",\"@id\":\"https:\/\/stiftadmont.at\/#website\",\"url\":\"https:\/\/stiftadmont.at\/\",\"name\":\"Stift Admont\",\"description\":\"Benediktinerkloster und Sehensw\u00fcrdigkeit im Ges\u00e4use\",\"potentialAction\":[{\"@type\":\"SearchAction\",\"target\":{\"@type\":\"EntryPoint\",\"urlTemplate\":\"https:\/\/stiftadmont.at\/?s={search_term_string}\"},\"query-input\":{\"@type\":\"PropertyValueSpecification\",\"valueRequired\":true,\"valueName\":\"search_term_string\"}}],\"inLanguage\":\"es\"}]}<\/script>\n<!-- \/ Yoast SEO Premium plugin. -->","yoast_head_json":{"title":"Aparcamiento de invierno - Abad\u00eda de Admont","robots":{"index":"index","follow":"follow","max-snippet":"max-snippet:-1","max-image-preview":"max-image-preview:large","max-video-preview":"max-video-preview:-1"},"canonical":"https:\/\/stiftadmont.at\/es\/paraiso-familiar-kaiserau\/aparcamientos-y-peajes\/aparcamiento-invierno\/","og_locale":"es_ES","og_type":"article","og_title":"Parken Winter","og_url":"https:\/\/stiftadmont.at\/es\/paraiso-familiar-kaiserau\/aparcamientos-y-peajes\/aparcamiento-invierno\/","og_site_name":"Stift Admont","article_modified_time":"2026-01-05T08:49:31+00:00","og_image":[{"width":1912,"height":1188,"url":"https:\/\/stiftadmont.at\/wp-content\/uploads\/Klosteranlage-innen.jpg","type":"image\/jpeg"}],"twitter_card":"summary_large_image","schema":{"@context":"https:\/\/schema.org","@graph":[{"@type":"WebPage","@id":"https:\/\/stiftadmont.at\/familienparadies-kaiserau\/parken-und-maut\/parken-winter\/","url":"https:\/\/stiftadmont.at\/familienparadies-kaiserau\/parken-und-maut\/parken-winter\/","name":"Aparcamiento de invierno - Abad\u00eda de Admont","isPartOf":{"@id":"https:\/\/stiftadmont.at\/#website"},"datePublished":"2023-09-18T09:23:46+00:00","dateModified":"2026-01-05T08:49:31+00:00","breadcrumb":{"@id":"https:\/\/stiftadmont.at\/familienparadies-kaiserau\/parken-und-maut\/parken-winter\/#breadcrumb"},"inLanguage":"es","potentialAction":[{"@type":"ReadAction","target":["https:\/\/stiftadmont.at\/familienparadies-kaiserau\/parken-und-maut\/parken-winter\/"]}]},{"@type":"BreadcrumbList","@id":"https:\/\/stiftadmont.at\/familienparadies-kaiserau\/parken-und-maut\/parken-winter\/#breadcrumb","itemListElement":[{"@type":"ListItem","position":1,"name":"Start","item":"https:\/\/stiftadmont.at\/"},{"@type":"ListItem","position":2,"name":"Familienparadies Kaiserau","item":"https:\/\/stiftadmont.at\/familienparadies-kaiserau\/"},{"@type":"ListItem","position":3,"name":"Parken &amp; Maut","item":"https:\/\/stiftadmont.at\/familienparadies-kaiserau\/parken-und-maut\/"},{"@type":"ListItem","position":4,"name":"Parken Winter"}]},{"@type":"WebSite","@id":"https:\/\/stiftadmont.at\/#website","url":"https:\/\/stiftadmont.at\/","name":"Abad\u00eda de Admont","description":"Monasterio benedictino y atracci\u00f3n tur\u00edstica en el Ges\u00e4use","potentialAction":[{"@type":"SearchAction","target":{"@type":"EntryPoint","urlTemplate":"https:\/\/stiftadmont.at\/?s={search_term_string}"},"query-input":{"@type":"PropertyValueSpecification","valueRequired":true,"valueName":"search_term_string"}}],"inLanguage":"es"}]}},"_links":{"self":[{"href":"https:\/\/stiftadmont.at\/es\/wp-json\/wp\/v2\/pages\/20339","targetHints":{"allow":["GET"]}}],"collection":[{"href":"https:\/\/stiftadmont.at\/es\/wp-json\/wp\/v2\/pages"}],"about":[{"href":"https:\/\/stiftadmont.at\/es\/wp-json\/wp\/v2\/types\/page"}],"author":[{"embeddable":true,"href":"https:\/\/stiftadmont.at\/es\/wp-json\/wp\/v2\/users\/7"}],"replies":[{"embeddable":true,"href":"https:\/\/stiftadmont.at\/es\/wp-json\/wp\/v2\/comments?post=20339"}],"version-history":[{"count":25,"href":"https:\/\/stiftadmont.at\/es\/wp-json\/wp\/v2\/pages\/20339\/revisions"}],"predecessor-version":[{"id":38987,"href":"https:\/\/stiftadmont.at\/es\/wp-json\/wp\/v2\/pages\/20339\/revisions\/38987"}],"up":[{"embeddable":true,"href":"https:\/\/stiftadmont.at\/es\/wp-json\/wp\/v2\/pages\/19221"}],"wp:attachment":[{"href":"https:\/\/stiftadmont.at\/es\/wp-json\/wp\/v2\/media?parent=20339"}],"wp:term":[{"taxonomy":"category","embeddable":true,"href":"https:\/\/stiftadmont.at\/es\/wp-json\/wp\/v2\/categories?post=20339"}],"curies":[{"name":"wp","href":"https:\/\/api.w.org\/{rel}","templated":true}]}}