{"id":20346,"date":"2023-09-18T11:25:24","date_gmt":"2023-09-18T09:25:24","guid":{"rendered":"https:\/\/stiftadmont.at\/?page_id=20346"},"modified":"2025-09-02T08:50:58","modified_gmt":"2025-09-02T06:50:58","slug":"peaje-en-verano","status":"publish","type":"page","link":"https:\/\/stiftadmont.at\/es\/familienparadies-kaiserau\/parken-und-maut\/maut-im-sommer\/","title":{"rendered":"Peaje en verano"},"content":{"rendered":"<section id='lightpress__section--block_c6eb46fd5d26db2207a9698939ff8754' class='align-center lightpress__section--default-section-space lightpress__section lightpress__section--headline'><div class=\"headline__container\">\n            <h2 class=\"headline text--40 text-medium line line--gold line-above line-middle\">Peaje en verano <\/h2>\n        <p class=\"text-center text-gold text--20 text-medium text--uppercase\">Autopista de peaje \"Oberst-Klinke-H\u00fctte <\/p>\n        <div class=\"spacer--40\"><\/div>\n<\/div>\n\n<\/section>\n\n<section id='lightpress__section--block_d16c0757731c3d88dc2ebcaa5a626bd6' class='lightpress__section--default-section-space lightpress__section lightpress__section--content'><div class=\"content__inner\"\n         x-init=\"initContentBlockAnim($el)\">\n        \n    <div class=\"content__grid content__grid\">\n                                            <div class=\"content__box content__box--one-hundred\"\n                 style=\"\">\n                                \n                \n                                            <div class=\"prose\"><p class=\"paragraph-m\">Abierto de mayo a octubre y sujeto a pago.<\/p>\n<p class=\"paragraph-m\">Una autopista de peaje de 5 km conduce desde el aparcamiento de Kaiserau hasta la Klinkeh\u00fctte, punto de partida de numerosas excursiones. Dependiendo de las condiciones meteorol\u00f3gicas, el peaje puede utilizarse de mayo a octubre y est\u00e1 sujeto a pago (control de altitud). En verano, la autopista tambi\u00e9n est\u00e1 abierta a los ciclistas de monta\u00f1a. <strong>En invierno, la autopista de peaje est\u00e1 cerrada\/bloqueada sin excepci\u00f3n.<\/strong><\/p>\n<p>\u00a0<\/p>\n<p>\u00a0<\/p>\n<p>\u00a0<\/p>\n<h5 class=\"heading-m line line-above line--gold\">Peajes<\/h5>\n<p>\u00a0<\/p>\n<p class=\"paragraph-m\">Bicicleta de monta\u00f1a \/ e-bike: gratis<br \/>Coche \/ moto: 8,00<br \/><strong>ATENCI\u00d3N:<\/strong> Disparadores de barrera de luz a una altura de 2,10 m o m\u00e1s en la tarifa aumentada de minibuses, etc.<br \/>Minib\u00fas \/ autocaravana \/ autob\u00fas \/ cami\u00f3n: 40,00 euros<\/p>\n<p>\u00a0<\/p>\n<p class=\"paragraph-m paragraph-s\"><strong>Notas: Los precios indicados incluyen el uso de la autopista de peaje \"Oberst-Klinke-H\u00fctte\". Dependiendo de las condiciones meteorol\u00f3gicas, la autopista est\u00e1 abierta de mayo a octubre y cerrada de noviembre a abril. En verano no hay taquilla. Se puede pagar en la m\u00e1quina de peaje (efectivo o tarjeta de d\u00e9bito\/cr\u00e9dito) o a la salida del aparcamiento directamente en la barrera (tarjeta de d\u00e9bito o cr\u00e9dito). Preste atenci\u00f3n a los paneles informativos se\u00f1alizados. Los precios incluyen el impuesto sobre el valor a\u00f1adido legal. Sujeto a cambios de precios, errores de impresi\u00f3n y tipogr\u00e1ficos. Est\u00e1 prohibido acampar y encender fuego (por ejemplo, barbacoas, hogueras) en toda la zona.<\/strong><\/p>\n<p>\u00a0<\/p>\n<p><a class=\"admont-button admont-button--secondary\" title=\"Kaiserau - autopista de peaje Notas\" href=\"https:\/\/stiftadmont.at\/wp-content\/uploads\/Kaiserau-Mautstrasse-Hinweise.pdf\" target=\"_blank\" rel=\"noopener\">Kaiserau - autopista de peaje Notas<\/a> | <a class=\"admont-button admont-button--secondary\" title=\"Autopista de peaje Kaiserau AGB\" href=\"https:\/\/stiftadmont.at\/wp-content\/uploads\/Kaiserau-Tarife-2023-24_AGB-Mautstrasse.pdf\" target=\"_blank\" rel=\"noopener\">Kaiserau - autopista de peaje AGB<\/a><\/p>\n<\/div>\n                    \n                            <\/div>\n        \n            <\/div>\n<\/div>\n\n<\/section>","protected":false},"excerpt":{"rendered":"","protected":false},"author":7,"featured_media":0,"parent":19221,"menu_order":0,"comment_status":"closed","ping_status":"closed","template":"","meta":{"_acf_changed":false,"footnotes":""},"categories":[],"class_list":["post-20346","page","type-page","status-publish","hentry"],"acf":[],"yoast_head":"<!-- This site is optimized with the Yoast SEO Premium plugin v26.0 (Yoast SEO v26.8) - https:\/\/yoast.com\/product\/yoast-seo-premium-wordpress\/ -->\n<title>Maut im Sommer - Stift Admont<\/title>\n<meta name=\"robots\" content=\"index, follow, max-snippet:-1, max-image-preview:large, max-video-preview:-1\" \/>\n<link rel=\"canonical\" href=\"https:\/\/stiftadmont.at\/es\/paraiso-familiar-kaiserau\/aparcamientos-y-peajes\/peaje-en-verano\/\" \/>\n<meta property=\"og:locale\" content=\"es_ES\" \/>\n<meta property=\"og:type\" content=\"article\" \/>\n<meta property=\"og:title\" content=\"Maut im Sommer\" \/>\n<meta property=\"og:url\" content=\"https:\/\/stiftadmont.at\/es\/paraiso-familiar-kaiserau\/aparcamientos-y-peajes\/peaje-en-verano\/\" \/>\n<meta property=\"og:site_name\" content=\"Stift Admont\" \/>\n<meta property=\"article:modified_time\" content=\"2025-09-02T06:50:58+00:00\" \/>\n<meta property=\"og:image\" content=\"https:\/\/stiftadmont.at\/wp-content\/uploads\/Klosteranlage-innen.jpg\" \/>\n\t<meta property=\"og:image:width\" content=\"1912\" \/>\n\t<meta property=\"og:image:height\" content=\"1188\" \/>\n\t<meta property=\"og:image:type\" content=\"image\/jpeg\" \/>\n<meta name=\"twitter:card\" content=\"summary_large_image\" \/>\n<script type=\"application\/ld+json\" class=\"yoast-schema-graph\">{\"@context\":\"https:\/\/schema.org\",\"@graph\":[{\"@type\":\"WebPage\",\"@id\":\"https:\/\/stiftadmont.at\/familienparadies-kaiserau\/parken-und-maut\/maut-im-sommer\/\",\"url\":\"https:\/\/stiftadmont.at\/familienparadies-kaiserau\/parken-und-maut\/maut-im-sommer\/\",\"name\":\"Maut im Sommer - Stift Admont\",\"isPartOf\":{\"@id\":\"https:\/\/stiftadmont.at\/#website\"},\"datePublished\":\"2023-09-18T09:25:24+00:00\",\"dateModified\":\"2025-09-02T06:50:58+00:00\",\"breadcrumb\":{\"@id\":\"https:\/\/stiftadmont.at\/familienparadies-kaiserau\/parken-und-maut\/maut-im-sommer\/#breadcrumb\"},\"inLanguage\":\"es\",\"potentialAction\":[{\"@type\":\"ReadAction\",\"target\":[\"https:\/\/stiftadmont.at\/familienparadies-kaiserau\/parken-und-maut\/maut-im-sommer\/\"]}]},{\"@type\":\"BreadcrumbList\",\"@id\":\"https:\/\/stiftadmont.at\/familienparadies-kaiserau\/parken-und-maut\/maut-im-sommer\/#breadcrumb\",\"itemListElement\":[{\"@type\":\"ListItem\",\"position\":1,\"name\":\"Start\",\"item\":\"https:\/\/stiftadmont.at\/\"},{\"@type\":\"ListItem\",\"position\":2,\"name\":\"Familienparadies Kaiserau\",\"item\":\"https:\/\/stiftadmont.at\/familienparadies-kaiserau\/\"},{\"@type\":\"ListItem\",\"position\":3,\"name\":\"Parken &amp; Maut\",\"item\":\"https:\/\/stiftadmont.at\/familienparadies-kaiserau\/parken-und-maut\/\"},{\"@type\":\"ListItem\",\"position\":4,\"name\":\"Maut im Sommer\"}]},{\"@type\":\"WebSite\",\"@id\":\"https:\/\/stiftadmont.at\/#website\",\"url\":\"https:\/\/stiftadmont.at\/\",\"name\":\"Stift Admont\",\"description\":\"Benediktinerkloster und Sehensw\u00fcrdigkeit im Ges\u00e4use\",\"potentialAction\":[{\"@type\":\"SearchAction\",\"target\":{\"@type\":\"EntryPoint\",\"urlTemplate\":\"https:\/\/stiftadmont.at\/?s={search_term_string}\"},\"query-input\":{\"@type\":\"PropertyValueSpecification\",\"valueRequired\":true,\"valueName\":\"search_term_string\"}}],\"inLanguage\":\"es\"}]}<\/script>\n<!-- \/ Yoast SEO Premium plugin. -->","yoast_head_json":{"title":"Peaje en verano - Abad\u00eda de Admont","robots":{"index":"index","follow":"follow","max-snippet":"max-snippet:-1","max-image-preview":"max-image-preview:large","max-video-preview":"max-video-preview:-1"},"canonical":"https:\/\/stiftadmont.at\/es\/paraiso-familiar-kaiserau\/aparcamientos-y-peajes\/peaje-en-verano\/","og_locale":"es_ES","og_type":"article","og_title":"Maut im Sommer","og_url":"https:\/\/stiftadmont.at\/es\/paraiso-familiar-kaiserau\/aparcamientos-y-peajes\/peaje-en-verano\/","og_site_name":"Stift Admont","article_modified_time":"2025-09-02T06:50:58+00:00","og_image":[{"width":1912,"height":1188,"url":"https:\/\/stiftadmont.at\/wp-content\/uploads\/Klosteranlage-innen.jpg","type":"image\/jpeg"}],"twitter_card":"summary_large_image","schema":{"@context":"https:\/\/schema.org","@graph":[{"@type":"WebPage","@id":"https:\/\/stiftadmont.at\/familienparadies-kaiserau\/parken-und-maut\/maut-im-sommer\/","url":"https:\/\/stiftadmont.at\/familienparadies-kaiserau\/parken-und-maut\/maut-im-sommer\/","name":"Peaje en verano - Abad\u00eda de Admont","isPartOf":{"@id":"https:\/\/stiftadmont.at\/#website"},"datePublished":"2023-09-18T09:25:24+00:00","dateModified":"2025-09-02T06:50:58+00:00","breadcrumb":{"@id":"https:\/\/stiftadmont.at\/familienparadies-kaiserau\/parken-und-maut\/maut-im-sommer\/#breadcrumb"},"inLanguage":"es","potentialAction":[{"@type":"ReadAction","target":["https:\/\/stiftadmont.at\/familienparadies-kaiserau\/parken-und-maut\/maut-im-sommer\/"]}]},{"@type":"BreadcrumbList","@id":"https:\/\/stiftadmont.at\/familienparadies-kaiserau\/parken-und-maut\/maut-im-sommer\/#breadcrumb","itemListElement":[{"@type":"ListItem","position":1,"name":"Start","item":"https:\/\/stiftadmont.at\/"},{"@type":"ListItem","position":2,"name":"Familienparadies Kaiserau","item":"https:\/\/stiftadmont.at\/familienparadies-kaiserau\/"},{"@type":"ListItem","position":3,"name":"Parken &amp; Maut","item":"https:\/\/stiftadmont.at\/familienparadies-kaiserau\/parken-und-maut\/"},{"@type":"ListItem","position":4,"name":"Maut im Sommer"}]},{"@type":"WebSite","@id":"https:\/\/stiftadmont.at\/#website","url":"https:\/\/stiftadmont.at\/","name":"Abad\u00eda de Admont","description":"Monasterio benedictino y atracci\u00f3n tur\u00edstica en el Ges\u00e4use","potentialAction":[{"@type":"SearchAction","target":{"@type":"EntryPoint","urlTemplate":"https:\/\/stiftadmont.at\/?s={search_term_string}"},"query-input":{"@type":"PropertyValueSpecification","valueRequired":true,"valueName":"search_term_string"}}],"inLanguage":"es"}]}},"_links":{"self":[{"href":"https:\/\/stiftadmont.at\/es\/wp-json\/wp\/v2\/pages\/20346","targetHints":{"allow":["GET"]}}],"collection":[{"href":"https:\/\/stiftadmont.at\/es\/wp-json\/wp\/v2\/pages"}],"about":[{"href":"https:\/\/stiftadmont.at\/es\/wp-json\/wp\/v2\/types\/page"}],"author":[{"embeddable":true,"href":"https:\/\/stiftadmont.at\/es\/wp-json\/wp\/v2\/users\/7"}],"replies":[{"embeddable":true,"href":"https:\/\/stiftadmont.at\/es\/wp-json\/wp\/v2\/comments?post=20346"}],"version-history":[{"count":41,"href":"https:\/\/stiftadmont.at\/es\/wp-json\/wp\/v2\/pages\/20346\/revisions"}],"predecessor-version":[{"id":37286,"href":"https:\/\/stiftadmont.at\/es\/wp-json\/wp\/v2\/pages\/20346\/revisions\/37286"}],"up":[{"embeddable":true,"href":"https:\/\/stiftadmont.at\/es\/wp-json\/wp\/v2\/pages\/19221"}],"wp:attachment":[{"href":"https:\/\/stiftadmont.at\/es\/wp-json\/wp\/v2\/media?parent=20346"}],"wp:term":[{"taxonomy":"category","embeddable":true,"href":"https:\/\/stiftadmont.at\/es\/wp-json\/wp\/v2\/categories?post=20346"}],"curies":[{"name":"wp","href":"https:\/\/api.w.org\/{rel}","templated":true}]}}