{"id":20513,"date":"2023-09-18T13:43:26","date_gmt":"2023-09-18T11:43:26","guid":{"rendered":"https:\/\/stiftadmont.at\/?page_id=20513"},"modified":"2025-01-29T13:26:08","modified_gmt":"2025-01-29T11:26:08","slug":"arboles-arbustos-setos","status":"publish","type":"page","link":"https:\/\/stiftadmont.at\/es\/stiftsgaertnerei-blumen-und-wein\/gaertnerei\/baeume-straeucher-hecken\/","title":{"rendered":"\u00c1rboles, arbustos, setos"},"content":{"rendered":"<section id='lightpress__section--block_719888a4f417ee4e51e229cb24f2e241' class='align-center lightpress__section--default-section-space lightpress__section lightpress__section--headline'><div class=\"headline__container\">\n            <h2 class=\"headline text--40 text-medium line line--gold line-above line-middle\">Plantas aut\u00f3ctonas para un buen crecimiento<\/h2>\n        <p class=\"text-center text-gold text--20 text-medium text--uppercase\">M\u00e1xima calidad en el centro floral de la Abad\u00eda de Admont<\/p>\n        <div class=\"spacer--40\"><\/div>\n<\/div>\n\n<\/section>\n\n<section id='lightpress__section--block_62a209d3e76b5c6117ccb278f913881c' class='lightpress__section--default-section-space lightpress__section lightpress__section--content'><div class=\"content__inner\"\n         x-init=\"initContentBlockAnim($el)\">\n        \n    <div class=\"content__grid content__grid\">\n                                            <div class=\"content__box content__box--one-hundred\"\n                 style=\"\">\n                                \n                \n                                            <div class=\"prose\"><h5 class=\"heading-m line line-above line--gold\">El \u00e1rbol adecuado en el lugar adecuado<\/h5>\n<p>\u00a0<\/p>\n<p class=\"paragraph-m\">A la hora de dise\u00f1ar su jard\u00edn, apostamos totalmente por especies arb\u00f3reas aut\u00f3ctonas que no s\u00f3lo armonizan a la perfecci\u00f3n con el paisaje regional, sino tambi\u00e9n con el clima reinante.<\/p>\n<p class=\"paragraph-m\">Nuestro compromiso con la regionalidad tambi\u00e9n ha despertado el amor por las variedades antiguas de frutales, por lo que variedades antiguas y raras como la \"Grafensteiner\", la \"Kronprinz Rudolf\" o la \"Hauszwetschke\" est\u00e1n firmemente ancladas en nuestra gama.<\/p>\n<p class=\"paragraph-m\">Adem\u00e1s de elegir la variedad adecuada, la elecci\u00f3n del emplazamiento es crucial para un buen crecimiento. Por ello, estaremos encantados de asesorarle directamente en su jard\u00edn sobre el mejor lugar para que su joven \u00e1rbol prospere.<\/p>\n<p>\u00a0<\/p>\n<p>\u00a0<\/p>\n<h5 class=\"heading-m line line-above line--gold\">Agradecimiento por la floraci\u00f3n de plantas vivaces y arbustos\u00a0<\/h5>\n<p>\u00a0<\/p>\n<p class=\"paragraph-m\">Si las plantas perennes y los arbustos est\u00e1n bien cuidados, crear\u00e1n un aut\u00e9ntico espect\u00e1culo de colores en su jard\u00edn. Y no s\u00f3lo en primavera, sino tambi\u00e9n en invierno.<\/p>\n<p class=\"paragraph-m\">Al seleccionar sus plantas perennes y arbustos, prestamos atenci\u00f3n a las combinaciones de colores armoniosas, as\u00ed como a los distintos periodos de floraci\u00f3n. As\u00ed podr\u00e1 disfrutar no s\u00f3lo de uno, sino de muchos meses de felicidad en su jard\u00edn.<\/p>\n<p>\u00a0<\/p>\n<p>\u00a0<\/p>\n<h5 class=\"heading-m line line-above line--gold\">Setos mixtos contra la uniformidad verde<\/h5>\n<p>\u00a0<\/p>\n<p class=\"paragraph-m\">El seto adecuado para su jard\u00edn debe integrarse perfectamente en el paisaje local y protegerle de las miradas indiscretas con su denso crecimiento. Los setos floridos, mixtos y caducifolios, en particular, cumplen estos requisitos y tambi\u00e9n proporcionan contrastes de color en su reino verde.<\/p>\n<p class=\"paragraph-m\">Como no todos los \u00e1rboles de la calle toleran igual las heladas, la sequ\u00eda y la sal, prestamos atenci\u00f3n a las condiciones individuales de su jard\u00edn. As\u00ed nos aseguramos de que su seto no solo sea bonito, sino tambi\u00e9n duradero.<\/p>\n<\/div>\n                    \n                            <\/div>\n        \n            <\/div>\n<\/div>\n\n<\/section>","protected":false},"excerpt":{"rendered":"","protected":false},"author":20,"featured_media":0,"parent":20245,"menu_order":0,"comment_status":"closed","ping_status":"closed","template":"","meta":{"_acf_changed":false,"footnotes":""},"categories":[],"class_list":["post-20513","page","type-page","status-publish","hentry"],"acf":[],"yoast_head":"<!-- This site is optimized with the Yoast SEO Premium plugin v26.0 (Yoast SEO v26.8) - https:\/\/yoast.com\/product\/yoast-seo-premium-wordpress\/ -->\n<title>B\u00e4ume, Str\u00e4ucher, Hecken - Stift Admont<\/title>\n<meta name=\"robots\" content=\"index, follow, max-snippet:-1, max-image-preview:large, max-video-preview:-1\" \/>\n<link rel=\"canonical\" href=\"https:\/\/stiftadmont.at\/es\/vivero-monasterio-flores-y-vino\/guarderia\/arboles-arbustos-setos\/\" \/>\n<meta property=\"og:locale\" content=\"es_ES\" \/>\n<meta property=\"og:type\" content=\"article\" \/>\n<meta property=\"og:title\" content=\"B\u00e4ume, Str\u00e4ucher, Hecken\" \/>\n<meta property=\"og:url\" content=\"https:\/\/stiftadmont.at\/es\/vivero-monasterio-flores-y-vino\/guarderia\/arboles-arbustos-setos\/\" \/>\n<meta property=\"og:site_name\" content=\"Stift Admont\" \/>\n<meta property=\"article:modified_time\" content=\"2025-01-29T11:26:08+00:00\" \/>\n<meta property=\"og:image\" content=\"https:\/\/stiftadmont.at\/wp-content\/uploads\/Klosteranlage-innen.jpg\" \/>\n\t<meta property=\"og:image:width\" content=\"1912\" \/>\n\t<meta property=\"og:image:height\" content=\"1188\" \/>\n\t<meta property=\"og:image:type\" content=\"image\/jpeg\" \/>\n<meta name=\"twitter:card\" content=\"summary_large_image\" \/>\n<script type=\"application\/ld+json\" class=\"yoast-schema-graph\">{\"@context\":\"https:\/\/schema.org\",\"@graph\":[{\"@type\":\"WebPage\",\"@id\":\"https:\/\/stiftadmont.at\/stiftsgaertnerei-blumen-und-wein\/gaertnerei\/baeume-straeucher-hecken\/\",\"url\":\"https:\/\/stiftadmont.at\/stiftsgaertnerei-blumen-und-wein\/gaertnerei\/baeume-straeucher-hecken\/\",\"name\":\"B\u00e4ume, Str\u00e4ucher, Hecken - Stift Admont\",\"isPartOf\":{\"@id\":\"https:\/\/stiftadmont.at\/#website\"},\"datePublished\":\"2023-09-18T11:43:26+00:00\",\"dateModified\":\"2025-01-29T11:26:08+00:00\",\"breadcrumb\":{\"@id\":\"https:\/\/stiftadmont.at\/stiftsgaertnerei-blumen-und-wein\/gaertnerei\/baeume-straeucher-hecken\/#breadcrumb\"},\"inLanguage\":\"es\",\"potentialAction\":[{\"@type\":\"ReadAction\",\"target\":[\"https:\/\/stiftadmont.at\/stiftsgaertnerei-blumen-und-wein\/gaertnerei\/baeume-straeucher-hecken\/\"]}]},{\"@type\":\"BreadcrumbList\",\"@id\":\"https:\/\/stiftadmont.at\/stiftsgaertnerei-blumen-und-wein\/gaertnerei\/baeume-straeucher-hecken\/#breadcrumb\",\"itemListElement\":[{\"@type\":\"ListItem\",\"position\":1,\"name\":\"Start\",\"item\":\"https:\/\/stiftadmont.at\/\"},{\"@type\":\"ListItem\",\"position\":2,\"name\":\"Stiftsg\u00e4rtnerei Blumen und Wein\",\"item\":\"https:\/\/stiftadmont.at\/stiftsgaertnerei-blumen-und-wein\/\"},{\"@type\":\"ListItem\",\"position\":3,\"name\":\"G\u00e4rtnerei\",\"item\":\"https:\/\/stiftadmont.at\/stiftsgaertnerei-blumen-und-wein\/gaertnerei\/\"},{\"@type\":\"ListItem\",\"position\":4,\"name\":\"B\u00e4ume, Str\u00e4ucher, Hecken\"}]},{\"@type\":\"WebSite\",\"@id\":\"https:\/\/stiftadmont.at\/#website\",\"url\":\"https:\/\/stiftadmont.at\/\",\"name\":\"Stift Admont\",\"description\":\"Benediktinerkloster und Sehensw\u00fcrdigkeit im Ges\u00e4use\",\"potentialAction\":[{\"@type\":\"SearchAction\",\"target\":{\"@type\":\"EntryPoint\",\"urlTemplate\":\"https:\/\/stiftadmont.at\/?s={search_term_string}\"},\"query-input\":{\"@type\":\"PropertyValueSpecification\",\"valueRequired\":true,\"valueName\":\"search_term_string\"}}],\"inLanguage\":\"es\"}]}<\/script>\n<!-- \/ Yoast SEO Premium plugin. -->","yoast_head_json":{"title":"\u00c1rboles, arbustos, setos - Abad\u00eda de Admont","robots":{"index":"index","follow":"follow","max-snippet":"max-snippet:-1","max-image-preview":"max-image-preview:large","max-video-preview":"max-video-preview:-1"},"canonical":"https:\/\/stiftadmont.at\/es\/vivero-monasterio-flores-y-vino\/guarderia\/arboles-arbustos-setos\/","og_locale":"es_ES","og_type":"article","og_title":"B\u00e4ume, Str\u00e4ucher, Hecken","og_url":"https:\/\/stiftadmont.at\/es\/vivero-monasterio-flores-y-vino\/guarderia\/arboles-arbustos-setos\/","og_site_name":"Stift Admont","article_modified_time":"2025-01-29T11:26:08+00:00","og_image":[{"width":1912,"height":1188,"url":"https:\/\/stiftadmont.at\/wp-content\/uploads\/Klosteranlage-innen.jpg","type":"image\/jpeg"}],"twitter_card":"summary_large_image","schema":{"@context":"https:\/\/schema.org","@graph":[{"@type":"WebPage","@id":"https:\/\/stiftadmont.at\/stiftsgaertnerei-blumen-und-wein\/gaertnerei\/baeume-straeucher-hecken\/","url":"https:\/\/stiftadmont.at\/stiftsgaertnerei-blumen-und-wein\/gaertnerei\/baeume-straeucher-hecken\/","name":"\u00c1rboles, arbustos, setos - Abad\u00eda de Admont","isPartOf":{"@id":"https:\/\/stiftadmont.at\/#website"},"datePublished":"2023-09-18T11:43:26+00:00","dateModified":"2025-01-29T11:26:08+00:00","breadcrumb":{"@id":"https:\/\/stiftadmont.at\/stiftsgaertnerei-blumen-und-wein\/gaertnerei\/baeume-straeucher-hecken\/#breadcrumb"},"inLanguage":"es","potentialAction":[{"@type":"ReadAction","target":["https:\/\/stiftadmont.at\/stiftsgaertnerei-blumen-und-wein\/gaertnerei\/baeume-straeucher-hecken\/"]}]},{"@type":"BreadcrumbList","@id":"https:\/\/stiftadmont.at\/stiftsgaertnerei-blumen-und-wein\/gaertnerei\/baeume-straeucher-hecken\/#breadcrumb","itemListElement":[{"@type":"ListItem","position":1,"name":"Start","item":"https:\/\/stiftadmont.at\/"},{"@type":"ListItem","position":2,"name":"Stiftsg\u00e4rtnerei Blumen und Wein","item":"https:\/\/stiftadmont.at\/stiftsgaertnerei-blumen-und-wein\/"},{"@type":"ListItem","position":3,"name":"G\u00e4rtnerei","item":"https:\/\/stiftadmont.at\/stiftsgaertnerei-blumen-und-wein\/gaertnerei\/"},{"@type":"ListItem","position":4,"name":"B\u00e4ume, Str\u00e4ucher, Hecken"}]},{"@type":"WebSite","@id":"https:\/\/stiftadmont.at\/#website","url":"https:\/\/stiftadmont.at\/","name":"Abad\u00eda de Admont","description":"Monasterio benedictino y atracci\u00f3n tur\u00edstica en el Ges\u00e4use","potentialAction":[{"@type":"SearchAction","target":{"@type":"EntryPoint","urlTemplate":"https:\/\/stiftadmont.at\/?s={search_term_string}"},"query-input":{"@type":"PropertyValueSpecification","valueRequired":true,"valueName":"search_term_string"}}],"inLanguage":"es"}]}},"_links":{"self":[{"href":"https:\/\/stiftadmont.at\/es\/wp-json\/wp\/v2\/pages\/20513","targetHints":{"allow":["GET"]}}],"collection":[{"href":"https:\/\/stiftadmont.at\/es\/wp-json\/wp\/v2\/pages"}],"about":[{"href":"https:\/\/stiftadmont.at\/es\/wp-json\/wp\/v2\/types\/page"}],"author":[{"embeddable":true,"href":"https:\/\/stiftadmont.at\/es\/wp-json\/wp\/v2\/users\/20"}],"replies":[{"embeddable":true,"href":"https:\/\/stiftadmont.at\/es\/wp-json\/wp\/v2\/comments?post=20513"}],"version-history":[{"count":5,"href":"https:\/\/stiftadmont.at\/es\/wp-json\/wp\/v2\/pages\/20513\/revisions"}],"predecessor-version":[{"id":32295,"href":"https:\/\/stiftadmont.at\/es\/wp-json\/wp\/v2\/pages\/20513\/revisions\/32295"}],"up":[{"embeddable":true,"href":"https:\/\/stiftadmont.at\/es\/wp-json\/wp\/v2\/pages\/20245"}],"wp:attachment":[{"href":"https:\/\/stiftadmont.at\/es\/wp-json\/wp\/v2\/media?parent=20513"}],"wp:term":[{"taxonomy":"category","embeddable":true,"href":"https:\/\/stiftadmont.at\/es\/wp-json\/wp\/v2\/categories?post=20513"}],"curies":[{"name":"wp","href":"https:\/\/api.w.org\/{rel}","templated":true}]}}