{"id":20517,"date":"2023-09-18T14:33:55","date_gmt":"2023-09-18T12:33:55","guid":{"rendered":"https:\/\/stiftadmont.at\/?page_id=20517"},"modified":"2025-01-29T13:28:24","modified_gmt":"2025-01-29T11:28:24","slug":"hierbas-y-plantones","status":"publish","type":"page","link":"https:\/\/stiftadmont.at\/es\/stiftsgaertnerei-blumen-und-wein\/gaertnerei\/kraeuter-und-setzlinge\/","title":{"rendered":"Hierbas y plantones"},"content":{"rendered":"<section id='lightpress__section--block_0252fd038c4143abaaa1baf171593724' class='align-center lightpress__section--default-section-space lightpress__section lightpress__section--headline'><div class=\"headline__container\">\n            <h2 class=\"headline text--40 text-medium line line--gold line-above line-middle\">Variedad fragante y saludable en su jard\u00edn<\/h2>\n        <p class=\"text-center text-gold text--20 text-medium text--uppercase\">Hierbas y plantones de la florister\u00eda <\/p>\n        <div class=\"spacer--40\"><\/div>\n<\/div>\n\n<\/section>\n\n<section id='lightpress__section--block_0d34774feaa29b77d5ad5bb959e4e590' class='lightpress__section--default-section-space lightpress__section lightpress__section--content'><div class=\"content__inner\"\n         x-init=\"initContentBlockAnim($el)\">\n        \n    <div class=\"content__grid content__grid\">\n                                            <div class=\"content__box content__box--one-hundred\"\n                 style=\"\">\n                                \n                \n                                            <div class=\"prose\"><h5 class=\"heading-m line line-above line--gold\">Hierbas cultivadas en casa y plantas de semillero<\/h5>\n<p>\u00a0<\/p>\n<p class=\"paragraph-m\">Destierran la fiebre y los dolores de cabeza, tienen un efecto antibacteriano y calmante o estimulan la circulaci\u00f3n: las hierbas tienen una amplia gama de efectos sobre el cuerpo humano.\u00a0<\/p>\n<p class=\"paragraph-m\">Plantadas en su jard\u00edn, sirven como farmacia natural curativa, adem\u00e1s de a\u00f1adir sabor a sus platos.<\/p>\n<p class=\"paragraph-m\">Nuestra pasi\u00f3n por la recolecci\u00f3n de hierbas de todo el mundo le permite disponer de una amplia gama. Adem\u00e1s de las hierbas culinarias comunes, en los invernaderos del vivero de la Abad\u00eda de Admont tambi\u00e9n crecen plantas arom\u00e1ticas orientales y mediterr\u00e1neas, que gozan de una naturaleza robusta y sana.<\/p>\n<p>\u00a0<\/p>\n<p>\u00a0<\/p>\n<h5 class=\"heading-m line line-above line--gold\">Plantas j\u00f3venes para el huerto familiar<\/h5>\n<p>\u00a0<\/p>\n<p class=\"paragraph-m\">Las primeras pl\u00e1ntulas ya est\u00e1n esperando a ser plantadas en invierno en nuestros invernaderos. Pero s\u00f3lo cuando nuestros reto\u00f1os se hayan convertido en plantas j\u00f3venes y fuertes podr\u00e1n echar ra\u00edces en su jard\u00edn.<\/p>\n<p class=\"paragraph-m\">Con mucho amor y dedicaci\u00f3n, cultivamos en los invernaderos del vivero de la Abad\u00eda de Admont numerosas variedades de plantas de tomate, pimiento, pepino y lechuga, que contribuyen a su sana alimentaci\u00f3n sin utilizar pesticidas qu\u00edmicos.<\/p>\n<\/div>\n                    \n                            <\/div>\n        \n            <\/div>\n<\/div>\n\n<\/section>","protected":false},"excerpt":{"rendered":"","protected":false},"author":20,"featured_media":0,"parent":20245,"menu_order":0,"comment_status":"closed","ping_status":"closed","template":"","meta":{"_acf_changed":false,"footnotes":""},"categories":[],"class_list":["post-20517","page","type-page","status-publish","hentry"],"acf":[],"yoast_head":"<!-- This site is optimized with the Yoast SEO Premium plugin v26.0 (Yoast SEO v26.8) - https:\/\/yoast.com\/product\/yoast-seo-premium-wordpress\/ -->\n<title>Kr\u00e4uter und Setzlinge - Stift Admont<\/title>\n<meta name=\"robots\" content=\"index, follow, max-snippet:-1, max-image-preview:large, max-video-preview:-1\" \/>\n<link rel=\"canonical\" href=\"https:\/\/stiftadmont.at\/es\/vivero-monasterio-flores-y-vino\/guarderia\/hierbas-y-plantones\/\" \/>\n<meta property=\"og:locale\" content=\"es_ES\" \/>\n<meta property=\"og:type\" content=\"article\" \/>\n<meta property=\"og:title\" content=\"Kr\u00e4uter und Setzlinge\" \/>\n<meta property=\"og:url\" content=\"https:\/\/stiftadmont.at\/es\/vivero-monasterio-flores-y-vino\/guarderia\/hierbas-y-plantones\/\" \/>\n<meta property=\"og:site_name\" content=\"Stift Admont\" \/>\n<meta property=\"article:modified_time\" content=\"2025-01-29T11:28:24+00:00\" \/>\n<meta property=\"og:image\" content=\"https:\/\/stiftadmont.at\/wp-content\/uploads\/Klosteranlage-innen.jpg\" \/>\n\t<meta property=\"og:image:width\" content=\"1912\" \/>\n\t<meta property=\"og:image:height\" content=\"1188\" \/>\n\t<meta property=\"og:image:type\" content=\"image\/jpeg\" \/>\n<meta name=\"twitter:card\" content=\"summary_large_image\" \/>\n<script type=\"application\/ld+json\" class=\"yoast-schema-graph\">{\"@context\":\"https:\/\/schema.org\",\"@graph\":[{\"@type\":\"WebPage\",\"@id\":\"https:\/\/stiftadmont.at\/stiftsgaertnerei-blumen-und-wein\/gaertnerei\/kraeuter-und-setzlinge\/\",\"url\":\"https:\/\/stiftadmont.at\/stiftsgaertnerei-blumen-und-wein\/gaertnerei\/kraeuter-und-setzlinge\/\",\"name\":\"Kr\u00e4uter und Setzlinge - Stift Admont\",\"isPartOf\":{\"@id\":\"https:\/\/stiftadmont.at\/#website\"},\"datePublished\":\"2023-09-18T12:33:55+00:00\",\"dateModified\":\"2025-01-29T11:28:24+00:00\",\"breadcrumb\":{\"@id\":\"https:\/\/stiftadmont.at\/stiftsgaertnerei-blumen-und-wein\/gaertnerei\/kraeuter-und-setzlinge\/#breadcrumb\"},\"inLanguage\":\"es\",\"potentialAction\":[{\"@type\":\"ReadAction\",\"target\":[\"https:\/\/stiftadmont.at\/stiftsgaertnerei-blumen-und-wein\/gaertnerei\/kraeuter-und-setzlinge\/\"]}]},{\"@type\":\"BreadcrumbList\",\"@id\":\"https:\/\/stiftadmont.at\/stiftsgaertnerei-blumen-und-wein\/gaertnerei\/kraeuter-und-setzlinge\/#breadcrumb\",\"itemListElement\":[{\"@type\":\"ListItem\",\"position\":1,\"name\":\"Start\",\"item\":\"https:\/\/stiftadmont.at\/\"},{\"@type\":\"ListItem\",\"position\":2,\"name\":\"Stiftsg\u00e4rtnerei Blumen und Wein\",\"item\":\"https:\/\/stiftadmont.at\/stiftsgaertnerei-blumen-und-wein\/\"},{\"@type\":\"ListItem\",\"position\":3,\"name\":\"G\u00e4rtnerei\",\"item\":\"https:\/\/stiftadmont.at\/stiftsgaertnerei-blumen-und-wein\/gaertnerei\/\"},{\"@type\":\"ListItem\",\"position\":4,\"name\":\"Kr\u00e4uter und Setzlinge\"}]},{\"@type\":\"WebSite\",\"@id\":\"https:\/\/stiftadmont.at\/#website\",\"url\":\"https:\/\/stiftadmont.at\/\",\"name\":\"Stift Admont\",\"description\":\"Benediktinerkloster und Sehensw\u00fcrdigkeit im Ges\u00e4use\",\"potentialAction\":[{\"@type\":\"SearchAction\",\"target\":{\"@type\":\"EntryPoint\",\"urlTemplate\":\"https:\/\/stiftadmont.at\/?s={search_term_string}\"},\"query-input\":{\"@type\":\"PropertyValueSpecification\",\"valueRequired\":true,\"valueName\":\"search_term_string\"}}],\"inLanguage\":\"es\"}]}<\/script>\n<!-- \/ Yoast SEO Premium plugin. -->","yoast_head_json":{"title":"Hierbas y plantones - Abad\u00eda de Admont","robots":{"index":"index","follow":"follow","max-snippet":"max-snippet:-1","max-image-preview":"max-image-preview:large","max-video-preview":"max-video-preview:-1"},"canonical":"https:\/\/stiftadmont.at\/es\/vivero-monasterio-flores-y-vino\/guarderia\/hierbas-y-plantones\/","og_locale":"es_ES","og_type":"article","og_title":"Kr\u00e4uter und Setzlinge","og_url":"https:\/\/stiftadmont.at\/es\/vivero-monasterio-flores-y-vino\/guarderia\/hierbas-y-plantones\/","og_site_name":"Stift Admont","article_modified_time":"2025-01-29T11:28:24+00:00","og_image":[{"width":1912,"height":1188,"url":"https:\/\/stiftadmont.at\/wp-content\/uploads\/Klosteranlage-innen.jpg","type":"image\/jpeg"}],"twitter_card":"summary_large_image","schema":{"@context":"https:\/\/schema.org","@graph":[{"@type":"WebPage","@id":"https:\/\/stiftadmont.at\/stiftsgaertnerei-blumen-und-wein\/gaertnerei\/kraeuter-und-setzlinge\/","url":"https:\/\/stiftadmont.at\/stiftsgaertnerei-blumen-und-wein\/gaertnerei\/kraeuter-und-setzlinge\/","name":"Hierbas y plantones - Abad\u00eda de Admont","isPartOf":{"@id":"https:\/\/stiftadmont.at\/#website"},"datePublished":"2023-09-18T12:33:55+00:00","dateModified":"2025-01-29T11:28:24+00:00","breadcrumb":{"@id":"https:\/\/stiftadmont.at\/stiftsgaertnerei-blumen-und-wein\/gaertnerei\/kraeuter-und-setzlinge\/#breadcrumb"},"inLanguage":"es","potentialAction":[{"@type":"ReadAction","target":["https:\/\/stiftadmont.at\/stiftsgaertnerei-blumen-und-wein\/gaertnerei\/kraeuter-und-setzlinge\/"]}]},{"@type":"BreadcrumbList","@id":"https:\/\/stiftadmont.at\/stiftsgaertnerei-blumen-und-wein\/gaertnerei\/kraeuter-und-setzlinge\/#breadcrumb","itemListElement":[{"@type":"ListItem","position":1,"name":"Start","item":"https:\/\/stiftadmont.at\/"},{"@type":"ListItem","position":2,"name":"Stiftsg\u00e4rtnerei Blumen und Wein","item":"https:\/\/stiftadmont.at\/stiftsgaertnerei-blumen-und-wein\/"},{"@type":"ListItem","position":3,"name":"G\u00e4rtnerei","item":"https:\/\/stiftadmont.at\/stiftsgaertnerei-blumen-und-wein\/gaertnerei\/"},{"@type":"ListItem","position":4,"name":"Kr\u00e4uter und Setzlinge"}]},{"@type":"WebSite","@id":"https:\/\/stiftadmont.at\/#website","url":"https:\/\/stiftadmont.at\/","name":"Abad\u00eda de Admont","description":"Monasterio benedictino y atracci\u00f3n tur\u00edstica en el Ges\u00e4use","potentialAction":[{"@type":"SearchAction","target":{"@type":"EntryPoint","urlTemplate":"https:\/\/stiftadmont.at\/?s={search_term_string}"},"query-input":{"@type":"PropertyValueSpecification","valueRequired":true,"valueName":"search_term_string"}}],"inLanguage":"es"}]}},"_links":{"self":[{"href":"https:\/\/stiftadmont.at\/es\/wp-json\/wp\/v2\/pages\/20517","targetHints":{"allow":["GET"]}}],"collection":[{"href":"https:\/\/stiftadmont.at\/es\/wp-json\/wp\/v2\/pages"}],"about":[{"href":"https:\/\/stiftadmont.at\/es\/wp-json\/wp\/v2\/types\/page"}],"author":[{"embeddable":true,"href":"https:\/\/stiftadmont.at\/es\/wp-json\/wp\/v2\/users\/20"}],"replies":[{"embeddable":true,"href":"https:\/\/stiftadmont.at\/es\/wp-json\/wp\/v2\/comments?post=20517"}],"version-history":[{"count":8,"href":"https:\/\/stiftadmont.at\/es\/wp-json\/wp\/v2\/pages\/20517\/revisions"}],"predecessor-version":[{"id":32297,"href":"https:\/\/stiftadmont.at\/es\/wp-json\/wp\/v2\/pages\/20517\/revisions\/32297"}],"up":[{"embeddable":true,"href":"https:\/\/stiftadmont.at\/es\/wp-json\/wp\/v2\/pages\/20245"}],"wp:attachment":[{"href":"https:\/\/stiftadmont.at\/es\/wp-json\/wp\/v2\/media?parent=20517"}],"wp:term":[{"taxonomy":"category","embeddable":true,"href":"https:\/\/stiftadmont.at\/es\/wp-json\/wp\/v2\/categories?post=20517"}],"curies":[{"name":"wp","href":"https:\/\/api.w.org\/{rel}","templated":true}]}}