{"id":20816,"date":"2023-09-21T13:02:24","date_gmt":"2023-09-21T11:02:24","guid":{"rendered":"https:\/\/stiftadmont.at\/?page_id=20816"},"modified":"2025-01-31T10:30:53","modified_gmt":"2025-01-31T08:30:53","slug":"viaje-a-kaiserau","status":"publish","type":"page","link":"https:\/\/stiftadmont.at\/es\/familienparadies-kaiserau\/anreise-kaiserau\/","title":{"rendered":"Viaje"},"content":{"rendered":"<section id='lightpress__section--block_d3b31cedd75d64e160551adddd14ef80' class='align-center lightpress__section--default-section-space lightpress__section lightpress__section--headline'><div class=\"headline__container\">\n            <h2 class=\"headline text--40 text-medium line line--gold line-above line-middle\">Informaci\u00f3n sobre viajes<\/h2>\n        <p class=\"text-center text-gold text--20 text-medium text--uppercase\">El Kaiserau se encuentra entre Admont y Trieben y dista unos 10 kil\u00f3metros de cada uno de los dos pueblos.<\/p>\n        <div class=\"spacer--40\"><\/div>\n<\/div>\n\n<\/section>\n\n<section id='lightpress__section--block_1e705222a9d90a43346f655582675841' class='lightpress__section--default-section-space lightpress__section lightpress__section--content'><div class=\"content__inner\"\n         x-init=\"initContentBlockAnim($el)\">\n        \n    <div class=\"content__grid content__grid\">\n                                            <div class=\"content__box content__box--one-hundred\"\n                 style=\"\">\n                                \n                \n                                            <div class=\"prose\"><ul>\n<li class=\"paragraph-m\">Ella es\u00a0<span style=\"color: var(--color-black);\">desde el sur<\/span> desde la salida Trieben de la autopista (A9 Pyhrnautobahn) por la Kaiserauer Landesstra\u00dfe L 713 en 10 minutos.<\/li>\n<li class=\"paragraph-m\"><span style=\"color: var(--color-black);\">Desde el norte<\/span> Tambi\u00e9n se puede llegar a Kaiserau por la autopista A9 Pyhrn. Desde la salida Ardning de la Ges\u00e4use-Bundesstra\u00dfe B146, conduzca unos 10 km hasta Admont. Desde all\u00ed se llega a Kaiserau en 10 minutos por la Kaiserauer Landesstra\u00dfe L 713.<\/li>\n<li class=\"paragraph-m\"><span style=\"color: var(--color-black);\">Desde el noreste<\/span> se llega a Admont por Amstetten, Weyer y St. Gallen, desde el este por Eisenerz y el Ges\u00e4use. Desde Admont, siga la Kaiserauer Landesstra\u00dfe L 713, que le llevar\u00e1 a su destino al cabo de 10 minutos.<\/li>\n<li class=\"paragraph-m\"><span style=\"color: var(--color-black);\">Viajeros de tren y autob\u00fas<\/span>\u00a0Conduzca hasta Selzthal o Trieben y despu\u00e9s coja el autob\u00fas p\u00fablico o el autob\u00fas gratuito para esquiadores hasta Kaiserau.<\/li>\n<\/ul>\n<p>\u00a0<\/p>\n<p>\u00a0<\/p>\n<p class=\"paragraph-m\" style=\"font-size: medium;\"><strong>Desde principios de mayo, los coches y autobuses pueden acceder a la Oberst-Klinke H\u00fctte por la autopista de peaje. El acceso a Oberst-Klinke H\u00fctte no es posible en invierno.<\/strong><\/p>\n<\/div>\n                    \n                            <\/div>\n        \n            <\/div>\n<\/div>\n\n<\/section>","protected":false},"excerpt":{"rendered":"","protected":false},"author":7,"featured_media":0,"parent":478,"menu_order":0,"comment_status":"closed","ping_status":"closed","template":"","meta":{"_acf_changed":false,"footnotes":""},"categories":[],"class_list":["post-20816","page","type-page","status-publish","hentry"],"acf":[],"yoast_head":"<!-- This site is optimized with the Yoast SEO Premium plugin v26.0 (Yoast SEO v26.8) - https:\/\/yoast.com\/product\/yoast-seo-premium-wordpress\/ -->\n<title>Anreise - Stift Admont<\/title>\n<meta name=\"robots\" content=\"index, follow, max-snippet:-1, max-image-preview:large, max-video-preview:-1\" \/>\n<link rel=\"canonical\" href=\"https:\/\/stiftadmont.at\/es\/paraiso-familiar-kaiserau\/viaje-a-kaiserau\/\" \/>\n<meta property=\"og:locale\" content=\"es_ES\" \/>\n<meta property=\"og:type\" content=\"article\" \/>\n<meta property=\"og:title\" content=\"Anreise\" \/>\n<meta property=\"og:url\" content=\"https:\/\/stiftadmont.at\/es\/paraiso-familiar-kaiserau\/viaje-a-kaiserau\/\" \/>\n<meta property=\"og:site_name\" content=\"Stift Admont\" \/>\n<meta property=\"article:modified_time\" content=\"2025-01-31T08:30:53+00:00\" \/>\n<meta property=\"og:image\" content=\"https:\/\/stiftadmont.at\/wp-content\/uploads\/Klosteranlage-innen.jpg\" \/>\n\t<meta property=\"og:image:width\" content=\"1912\" \/>\n\t<meta property=\"og:image:height\" content=\"1188\" \/>\n\t<meta property=\"og:image:type\" content=\"image\/jpeg\" \/>\n<meta name=\"twitter:card\" content=\"summary_large_image\" \/>\n<script type=\"application\/ld+json\" class=\"yoast-schema-graph\">{\"@context\":\"https:\/\/schema.org\",\"@graph\":[{\"@type\":\"WebPage\",\"@id\":\"https:\/\/stiftadmont.at\/familienparadies-kaiserau\/anreise-kaiserau\/\",\"url\":\"https:\/\/stiftadmont.at\/familienparadies-kaiserau\/anreise-kaiserau\/\",\"name\":\"Anreise - Stift Admont\",\"isPartOf\":{\"@id\":\"https:\/\/stiftadmont.at\/#website\"},\"datePublished\":\"2023-09-21T11:02:24+00:00\",\"dateModified\":\"2025-01-31T08:30:53+00:00\",\"breadcrumb\":{\"@id\":\"https:\/\/stiftadmont.at\/familienparadies-kaiserau\/anreise-kaiserau\/#breadcrumb\"},\"inLanguage\":\"es\",\"potentialAction\":[{\"@type\":\"ReadAction\",\"target\":[\"https:\/\/stiftadmont.at\/familienparadies-kaiserau\/anreise-kaiserau\/\"]}]},{\"@type\":\"BreadcrumbList\",\"@id\":\"https:\/\/stiftadmont.at\/familienparadies-kaiserau\/anreise-kaiserau\/#breadcrumb\",\"itemListElement\":[{\"@type\":\"ListItem\",\"position\":1,\"name\":\"Start\",\"item\":\"https:\/\/stiftadmont.at\/\"},{\"@type\":\"ListItem\",\"position\":2,\"name\":\"Familienparadies Kaiserau\",\"item\":\"https:\/\/stiftadmont.at\/familienparadies-kaiserau\/\"},{\"@type\":\"ListItem\",\"position\":3,\"name\":\"Anreise\"}]},{\"@type\":\"WebSite\",\"@id\":\"https:\/\/stiftadmont.at\/#website\",\"url\":\"https:\/\/stiftadmont.at\/\",\"name\":\"Stift Admont\",\"description\":\"Benediktinerkloster und Sehensw\u00fcrdigkeit im Ges\u00e4use\",\"potentialAction\":[{\"@type\":\"SearchAction\",\"target\":{\"@type\":\"EntryPoint\",\"urlTemplate\":\"https:\/\/stiftadmont.at\/?s={search_term_string}\"},\"query-input\":{\"@type\":\"PropertyValueSpecification\",\"valueRequired\":true,\"valueName\":\"search_term_string\"}}],\"inLanguage\":\"es\"}]}<\/script>\n<!-- \/ Yoast SEO Premium plugin. -->","yoast_head_json":{"title":"Llegada - Abad\u00eda de Admont","robots":{"index":"index","follow":"follow","max-snippet":"max-snippet:-1","max-image-preview":"max-image-preview:large","max-video-preview":"max-video-preview:-1"},"canonical":"https:\/\/stiftadmont.at\/es\/paraiso-familiar-kaiserau\/viaje-a-kaiserau\/","og_locale":"es_ES","og_type":"article","og_title":"Anreise","og_url":"https:\/\/stiftadmont.at\/es\/paraiso-familiar-kaiserau\/viaje-a-kaiserau\/","og_site_name":"Stift Admont","article_modified_time":"2025-01-31T08:30:53+00:00","og_image":[{"width":1912,"height":1188,"url":"https:\/\/stiftadmont.at\/wp-content\/uploads\/Klosteranlage-innen.jpg","type":"image\/jpeg"}],"twitter_card":"summary_large_image","schema":{"@context":"https:\/\/schema.org","@graph":[{"@type":"WebPage","@id":"https:\/\/stiftadmont.at\/familienparadies-kaiserau\/anreise-kaiserau\/","url":"https:\/\/stiftadmont.at\/familienparadies-kaiserau\/anreise-kaiserau\/","name":"Llegada - Abad\u00eda de Admont","isPartOf":{"@id":"https:\/\/stiftadmont.at\/#website"},"datePublished":"2023-09-21T11:02:24+00:00","dateModified":"2025-01-31T08:30:53+00:00","breadcrumb":{"@id":"https:\/\/stiftadmont.at\/familienparadies-kaiserau\/anreise-kaiserau\/#breadcrumb"},"inLanguage":"es","potentialAction":[{"@type":"ReadAction","target":["https:\/\/stiftadmont.at\/familienparadies-kaiserau\/anreise-kaiserau\/"]}]},{"@type":"BreadcrumbList","@id":"https:\/\/stiftadmont.at\/familienparadies-kaiserau\/anreise-kaiserau\/#breadcrumb","itemListElement":[{"@type":"ListItem","position":1,"name":"Start","item":"https:\/\/stiftadmont.at\/"},{"@type":"ListItem","position":2,"name":"Familienparadies Kaiserau","item":"https:\/\/stiftadmont.at\/familienparadies-kaiserau\/"},{"@type":"ListItem","position":3,"name":"Anreise"}]},{"@type":"WebSite","@id":"https:\/\/stiftadmont.at\/#website","url":"https:\/\/stiftadmont.at\/","name":"Abad\u00eda de Admont","description":"Monasterio benedictino y atracci\u00f3n tur\u00edstica en el Ges\u00e4use","potentialAction":[{"@type":"SearchAction","target":{"@type":"EntryPoint","urlTemplate":"https:\/\/stiftadmont.at\/?s={search_term_string}"},"query-input":{"@type":"PropertyValueSpecification","valueRequired":true,"valueName":"search_term_string"}}],"inLanguage":"es"}]}},"_links":{"self":[{"href":"https:\/\/stiftadmont.at\/es\/wp-json\/wp\/v2\/pages\/20816","targetHints":{"allow":["GET"]}}],"collection":[{"href":"https:\/\/stiftadmont.at\/es\/wp-json\/wp\/v2\/pages"}],"about":[{"href":"https:\/\/stiftadmont.at\/es\/wp-json\/wp\/v2\/types\/page"}],"author":[{"embeddable":true,"href":"https:\/\/stiftadmont.at\/es\/wp-json\/wp\/v2\/users\/7"}],"replies":[{"embeddable":true,"href":"https:\/\/stiftadmont.at\/es\/wp-json\/wp\/v2\/comments?post=20816"}],"version-history":[{"count":10,"href":"https:\/\/stiftadmont.at\/es\/wp-json\/wp\/v2\/pages\/20816\/revisions"}],"predecessor-version":[{"id":32514,"href":"https:\/\/stiftadmont.at\/es\/wp-json\/wp\/v2\/pages\/20816\/revisions\/32514"}],"up":[{"embeddable":true,"href":"https:\/\/stiftadmont.at\/es\/wp-json\/wp\/v2\/pages\/478"}],"wp:attachment":[{"href":"https:\/\/stiftadmont.at\/es\/wp-json\/wp\/v2\/media?parent=20816"}],"wp:term":[{"taxonomy":"category","embeddable":true,"href":"https:\/\/stiftadmont.at\/es\/wp-json\/wp\/v2\/categories?post=20816"}],"curies":[{"name":"wp","href":"https:\/\/api.w.org\/{rel}","templated":true}]}}