{"id":20984,"date":"2023-09-22T11:31:07","date_gmt":"2023-09-22T09:31:07","guid":{"rendered":"https:\/\/stiftadmont.at\/?page_id=20984"},"modified":"2025-04-08T08:35:01","modified_gmt":"2025-04-08T06:35:01","slug":"equipo","status":"publish","type":"page","link":"https:\/\/stiftadmont.at\/es\/stiftsgaertnerei-blumen-und-wein\/team\/","title":{"rendered":"Equipo"},"content":{"rendered":"<section id='lightpress__section--block_65db2cafd13b202d62f1bb8f4e47cfe2' class='align-center lightpress__section--default-section-space lightpress__section lightpress__section--headline'><div class=\"headline__container\">\n            <h2 class=\"headline text--40 text-medium line line--gold line-above line-middle\">Nuestro equipo de la Stiftsg\u00e4rtnerei y la florister\u00eda <\/h2>\n        <p class=\"text-center text-gold text--20 text-medium text--uppercase\">Estamos totalmente ocupados en hacerle la vida m\u00e1s colorida <\/p>\n        <div class=\"spacer--40\"><\/div>\n<\/div>\n\n<\/section>\n\n<section id='lightpress__section--block_6f1f0394db9d965407167bba9b420195' class='lightpress__section lightpress__section--contacts-slider'><div class=\"contacts\" x-init=\"initContactsTeaserAnim($el)\">\n\n    <div class=\"contacts__inner\">\n\n        <div class=\"swiper-container\"\n             x-data\n x-init=\"initContactsTeaser($el, $refs.btnPrev, $refs.btnNext)\">\n\n            <div class=\"swiper-wrapper\">\n                                    <div class=\"swiper-slide\">\n                        <article class=\"contacts__contact\">\n                                                        <div class=\"contacts__media\">\n                <span class=\"image-overlay\">\n                  <picture>\n                    <source srcset=\"https:\/\/stiftadmont.at\/wp-content\/uploads\/Stift-Admont-Blumen-Wein-cThomas-Sattler-1_www-768x512.webp\" type=\"image\/webp\">\n                    <source srcset=\"https:\/\/stiftadmont.at\/wp-content\/uploads\/Stift-Admont-Blumen-Wein-cThomas-Sattler-1_www-768x512.jpg\" type=\"image\/jpeg\">\n                    <img decoding=\"async\" loading=\"lazy\" src=\"https:\/\/stiftadmont.at\/wp-content\/uploads\/Stift-Admont-Blumen-Wein-cThomas-Sattler-1_www-768x512.jpg\"\n                         alt=\"Flores y vino de la Abad\u00eda de Admont (c)Thomas Sattler 1 www\" width=\"416\" height=\"418\">\n                  <\/picture>\n                <\/span>\n                            <\/div>\n                            <div class=\"contacts__content\">\n                                <h2 class=\"contacts__name heading-s\">Isabella Berghofer<\/h2>\n                                <p\n                                        class=\"contacts__title paragraph-s\">Gesti\u00f3n<\/p>                                                                    <a href=\"mailto:isabella.berghofer@stiftadmont.at\" class=\"email\"><span class=\"icon-outer\"><i\n                                                    class=\"fa-solid fa-envelope\"><\/i><\/span>isabella.berghofer@stiftadmont.at<\/a>\n                                \n                                                                  <a href=\"tel:+4336132312361\" class=\"phone\"><span class=\"icon-outer\"><i\n                                              class=\"fa-solid fa-phone\"><\/i><\/span>+43 (0) 3613\/2312-361<\/a>\n                                                            <\/div>\n                        <\/article>\n                    <\/div>\n                                    <div class=\"swiper-slide\">\n                        <article class=\"contacts__contact\">\n                                                        <div class=\"contacts__media\">\n                <span class=\"image-overlay\">\n                  <picture>\n                    <source srcset=\"https:\/\/stiftadmont.at\/wp-content\/uploads\/Stift-Admont-Blumen-Wein-cThomas-Sattler-7_www-768x608.webp\" type=\"image\/webp\">\n                    <source srcset=\"https:\/\/stiftadmont.at\/wp-content\/uploads\/Stift-Admont-Blumen-Wein-cThomas-Sattler-7_www-768x608.jpg\" type=\"image\/jpeg\">\n                    <img decoding=\"async\" loading=\"lazy\" src=\"https:\/\/stiftadmont.at\/wp-content\/uploads\/Stift-Admont-Blumen-Wein-cThomas-Sattler-7_www-768x608.jpg\"\n                         alt=\"Flores y vino de la Abad\u00eda de Admont (c)Thomas Sattler 7 www\" width=\"416\" height=\"418\">\n                  <\/picture>\n                <\/span>\n                            <\/div>\n                            <div class=\"contacts__content\">\n                                <h2 class=\"contacts__name heading-s\">Sonja Salamun<\/h2>\n                                <p\n                                        class=\"contacts__title paragraph-s\">Oficina y florister\u00eda<\/p>                                \n                                                                                                                                <\/div>\n                        <\/article>\n                    <\/div>\n                                    <div class=\"swiper-slide\">\n                        <article class=\"contacts__contact\">\n                                                        <div class=\"contacts__media\">\n                <span class=\"image-overlay\">\n                  <picture>\n                    <source srcset=\"https:\/\/stiftadmont.at\/wp-content\/uploads\/Stift-Admont-Blumen-Wein-cThomas-Sattler-6_www-768x512.webp\" type=\"image\/webp\">\n                    <source srcset=\"https:\/\/stiftadmont.at\/wp-content\/uploads\/Stift-Admont-Blumen-Wein-cThomas-Sattler-6_www-768x512.jpg\" type=\"image\/jpeg\">\n                    <img decoding=\"async\" loading=\"lazy\" src=\"https:\/\/stiftadmont.at\/wp-content\/uploads\/Stift-Admont-Blumen-Wein-cThomas-Sattler-6_www-768x512.jpg\"\n                         alt=\"Flores y vino de la Abad\u00eda de Admont (c)Thomas Sattler 6 www\" width=\"416\" height=\"418\">\n                  <\/picture>\n                <\/span>\n                            <\/div>\n                            <div class=\"contacts__content\">\n                                <h2 class=\"contacts__name heading-s\">Cornelia Salzmann<\/h2>\n                                <p\n                                        class=\"contacts__title paragraph-s\">Florister\u00eda<\/p>                                \n                                                                                                                                <\/div>\n                        <\/article>\n                    <\/div>\n                                    <div class=\"swiper-slide\">\n                        <article class=\"contacts__contact\">\n                                                        <div class=\"contacts__media\">\n                <span class=\"image-overlay\">\n                  <picture>\n                    <source srcset=\"https:\/\/stiftadmont.at\/wp-content\/uploads\/Stift-Admont-Blumen-Wein-cThomas-Sattler-2_www-768x512.webp\" type=\"image\/webp\">\n                    <source srcset=\"https:\/\/stiftadmont.at\/wp-content\/uploads\/Stift-Admont-Blumen-Wein-cThomas-Sattler-2_www-768x512.jpg\" type=\"image\/jpeg\">\n                    <img decoding=\"async\" loading=\"lazy\" src=\"https:\/\/stiftadmont.at\/wp-content\/uploads\/Stift-Admont-Blumen-Wein-cThomas-Sattler-2_www-768x512.jpg\"\n                         alt=\"Flores y vino de la Abad\u00eda de Admont (c)Thomas Sattler 2 www\" width=\"416\" height=\"418\">\n                  <\/picture>\n                <\/span>\n                            <\/div>\n                            <div class=\"contacts__content\">\n                                <h2 class=\"contacts__name heading-s\">Sabine Steiner<\/h2>\n                                <p\n                                        class=\"contacts__title paragraph-s\">Florister\u00eda<\/p>                                \n                                                                                                                                <\/div>\n                        <\/article>\n                    <\/div>\n                                    <div class=\"swiper-slide\">\n                        <article class=\"contacts__contact\">\n                                                        <div class=\"contacts__media\">\n                <span class=\"image-overlay\">\n                  <picture>\n                    <source srcset=\"https:\/\/stiftadmont.at\/wp-content\/uploads\/Blumenhaus-Denise-Stanzel-c-Benedikt-Oswald-2_www-2-768x1152.webp\" type=\"image\/webp\">\n                    <source srcset=\"https:\/\/stiftadmont.at\/wp-content\/uploads\/Blumenhaus-Denise-Stanzel-c-Benedikt-Oswald-2_www-2-768x1152.jpg\" type=\"image\/jpeg\">\n                    <img decoding=\"async\" loading=\"lazy\" src=\"https:\/\/stiftadmont.at\/wp-content\/uploads\/Blumenhaus-Denise-Stanzel-c-Benedikt-Oswald-2_www-2-768x1152.jpg\"\n                         alt=\"Blumenhaus Denise Stanzel (c) Benedikt Oswald 2 www\" width=\"416\" height=\"418\">\n                  <\/picture>\n                <\/span>\n                            <\/div>\n                            <div class=\"contacts__content\">\n                                <h2 class=\"contacts__name heading-s\">Denise Stanzel<\/h2>\n                                <p\n                                        class=\"contacts__title paragraph-s\">Florister\u00eda<\/p>                                \n                                                                                                                                <\/div>\n                        <\/article>\n                    <\/div>\n                                    <div class=\"swiper-slide\">\n                        <article class=\"contacts__contact\">\n                                                        <div class=\"contacts__media\">\n                <span class=\"image-overlay\">\n                  <picture>\n                    <source srcset=\"https:\/\/stiftadmont.at\/wp-content\/uploads\/Eva_Brandmueller.webp\" type=\"image\/webp\">\n                    <source srcset=\"https:\/\/stiftadmont.at\/wp-content\/uploads\/Eva_Brandmueller.jpg\" type=\"image\/jpeg\">\n                    <img decoding=\"async\" loading=\"lazy\" src=\"https:\/\/stiftadmont.at\/wp-content\/uploads\/Eva_Brandmueller.jpg\" alt=\"Eva Brandm\u00fcller\" width=\"416\" height=\"418\" \/>\n                  <\/picture>\n                <\/span>\n                            <\/div>\n                            <div class=\"contacts__content\">\n                                <h2 class=\"contacts__name heading-s\">Eva Brandm\u00fcller <\/h2>\n                                <p\n                                        class=\"contacts__title paragraph-s\">Jardinero<\/p>                                \n                                                                                                                                <\/div>\n                        <\/article>\n                    <\/div>\n                                    <div class=\"swiper-slide\">\n                        <article class=\"contacts__contact\">\n                                                        <div class=\"contacts__media\">\n                <span class=\"image-overlay\">\n                  <picture>\n                    <source srcset=\"https:\/\/stiftadmont.at\/wp-content\/uploads\/Stift-Admont-Blumen-Wein-cThomas-Sattler-8_www-768x512.webp\" type=\"image\/webp\">\n                    <source srcset=\"https:\/\/stiftadmont.at\/wp-content\/uploads\/Stift-Admont-Blumen-Wein-cThomas-Sattler-8_www-768x512.jpg\" type=\"image\/jpeg\">\n                    <img decoding=\"async\" loading=\"lazy\" src=\"https:\/\/stiftadmont.at\/wp-content\/uploads\/Stift-Admont-Blumen-Wein-cThomas-Sattler-8_www-768x512.jpg\"\n                         alt=\"Flores y vino de la Abad\u00eda de Admont (c)Thomas Sattler 8 www\" width=\"416\" height=\"418\">\n                  <\/picture>\n                <\/span>\n                            <\/div>\n                            <div class=\"contacts__content\">\n                                <h2 class=\"contacts__name heading-s\">Yvonne Stecher<\/h2>\n                                <p\n                                        class=\"contacts__title paragraph-s\">Jardinero<\/p>                                \n                                                                                                                                <\/div>\n                        <\/article>\n                    <\/div>\n                                    <div class=\"swiper-slide\">\n                        <article class=\"contacts__contact\">\n                                                        <div class=\"contacts__media\">\n                <span class=\"image-overlay\">\n                  <picture>\n                    <source srcset=\"https:\/\/stiftadmont.at\/wp-content\/uploads\/Natascha_Dunkl.webp\" type=\"image\/webp\">\n                    <source srcset=\"https:\/\/stiftadmont.at\/wp-content\/uploads\/Natascha_Dunkl.jpg\" type=\"image\/jpeg\">\n                    <img decoding=\"async\" loading=\"lazy\" src=\"https:\/\/stiftadmont.at\/wp-content\/uploads\/Natascha_Dunkl.jpg\" alt=\"Natascha Dunkl\" width=\"416\" height=\"418\" \/>\n                  <\/picture>\n                <\/span>\n                            <\/div>\n                            <div class=\"contacts__content\">\n                                <h2 class=\"contacts__name heading-s\">Natascha Dunkl<\/h2>\n                                <p\n                                        class=\"contacts__title paragraph-s\">Jardinero<\/p>                                \n                                                                                                                                <\/div>\n                        <\/article>\n                    <\/div>\n                                    <div class=\"swiper-slide\">\n                        <article class=\"contacts__contact\">\n                                                        <div class=\"contacts__media\">\n                <span class=\"image-overlay\">\n                  <picture>\n                    <source srcset=\"https:\/\/stiftadmont.at\/wp-content\/uploads\/Nicole_Merhar.webp\" type=\"image\/webp\">\n                    <source srcset=\"https:\/\/stiftadmont.at\/wp-content\/uploads\/Nicole_Merhar.jpg\" type=\"image\/jpeg\">\n                    <img decoding=\"async\" loading=\"lazy\" src=\"https:\/\/stiftadmont.at\/wp-content\/uploads\/Nicole_Merhar.jpg\" alt=\"Nicole Merhar\" width=\"416\" height=\"418\" \/>\n                  <\/picture>\n                <\/span>\n                            <\/div>\n                            <div class=\"contacts__content\">\n                                <h2 class=\"contacts__name heading-s\">Nicole Merhar<\/h2>\n                                <p\n                                        class=\"contacts__title paragraph-s\">Jardinero<\/p>                                \n                                                                                                                                <\/div>\n                        <\/article>\n                    <\/div>\n                                    <div class=\"swiper-slide\">\n                        <article class=\"contacts__contact\">\n                                                        <div class=\"contacts__media\">\n                <span class=\"image-overlay\">\n                  <picture>\n                    <source srcset=\"https:\/\/stiftadmont.at\/wp-content\/uploads\/Helmut_Luder.webp\" type=\"image\/webp\">\n                    <source srcset=\"https:\/\/stiftadmont.at\/wp-content\/uploads\/Helmut_Luder.jpg\" type=\"image\/jpeg\">\n                    <img decoding=\"async\" loading=\"lazy\" src=\"https:\/\/stiftadmont.at\/wp-content\/uploads\/Helmut_Luder.jpg\" alt=\"Helmut Luder\" width=\"416\" height=\"418\" \/>\n                  <\/picture>\n                <\/span>\n                            <\/div>\n                            <div class=\"contacts__content\">\n                                <h2 class=\"contacts__name heading-s\">Helmut Luder<\/h2>\n                                <p\n                                        class=\"contacts__title paragraph-s\">Aparcamiento<\/p>                                \n                                                                                                                                <\/div>\n                        <\/article>\n                    <\/div>\n                                    <div class=\"swiper-slide\">\n                        <article class=\"contacts__contact\">\n                                                        <div class=\"contacts__media\">\n                <span class=\"image-overlay\">\n                  <picture>\n                    <source srcset=\"https:\/\/stiftadmont.at\/wp-content\/uploads\/Stift-Admont-Blumen-Wein-cThomas-Sattler-3_www-768x512.webp\" type=\"image\/webp\">\n                    <source srcset=\"https:\/\/stiftadmont.at\/wp-content\/uploads\/Stift-Admont-Blumen-Wein-cThomas-Sattler-3_www-768x512.jpg\" type=\"image\/jpeg\">\n                    <img decoding=\"async\" loading=\"lazy\" src=\"https:\/\/stiftadmont.at\/wp-content\/uploads\/Stift-Admont-Blumen-Wein-cThomas-Sattler-3_www-768x512.jpg\"\n                         alt=\"Flores y vino de la Abad\u00eda de Admont (c)Thomas Sattler 3 www\" width=\"416\" height=\"418\">\n                  <\/picture>\n                <\/span>\n                            <\/div>\n                            <div class=\"contacts__content\">\n                                <h2 class=\"contacts__name heading-s\">Dietmar Berger<\/h2>\n                                <p\n                                        class=\"contacts__title paragraph-s\">Parque<\/p>                                \n                                                                                                                                <\/div>\n                        <\/article>\n                    <\/div>\n                            <\/div>\n\n                            <button class=\"swiper-button-prev slider-button slider-button--prev\" x-ref=\"btnPrev\"\n                        aria-label=\"Mostrar persona de contacto anterior\"><i class=\"fa-regular fa-chevron-left\"><\/i><\/button>\n                <button class=\"swiper-button-next slider-button slider-button--next\" x-ref=\"btnNext\"\n                        aria-label=\"Mostrar siguiente persona de contacto\"><i class=\"fa-regular fa-chevron-right\"><\/i><\/button>\n                    <\/div>\n    <\/div>\n\n<\/div><\/section>\n\n<section id='lightpress__section--block_790120d69ef87b3710b47b6358b93312' class='lightpress__section--default-section-space lightpress__section lightpress__section--content'><div class=\"content__inner\"\n         x-init=\"initContentBlockAnim($el)\">\n        \n    <div class=\"content__grid content__grid\">\n                                            <div class=\"content__box content__box--one-hundred\"\n                 style=\"\">\n                                \n                \n                                            <div class=\"prose\"><h5 class=\"heading-m line line-above line--gold\">P\u00f3ngase en contacto con nosotros<\/h5>\n<p>\u00a0<\/p>\n<p class=\"paragraph-m\"><strong>Guarder\u00eda de la Abad\u00eda de Admont<\/strong><br \/>GF Isabella Berghofer<br \/>Plaza de la Iglesia 1<br \/>8911 Admont<\/p>\n<p>\u00a0<\/p>\n<p><a class=\"phone\" href=\"tel:+43 (0) 3613\/2312-361\"><span class=\"icon-outer\"><i class=\"fa-light fa-phone\"><\/i><\/span>+43 (0) 3613\/2312-361<\/a><\/p>\n<p><a class=\"email\" href=\"mailto:blumen@stiftadmont.at\"><span class=\"icon-outer\"><i class=\"fa-light fa-envelope\"><\/i><\/span>blumen@stiftadmont.at<\/a><\/p>\n<p><a class=\"email\" href=\"https:\/\/www.facebook.com\/blumenundwein\" target=\"_blank\" rel=\"noopener\"><span class=\"icon-outer\"><i class=\"fa-brands fa-facebook-f\"><\/i><\/span>facebook.com\/blumenundwein<\/a><\/p>\n<p>\u00a0<\/p>\n<\/div>\n                    \n                            <\/div>\n        \n            <\/div>\n<\/div>\n\n<\/section>","protected":false},"excerpt":{"rendered":"","protected":false},"author":20,"featured_media":0,"parent":515,"menu_order":0,"comment_status":"closed","ping_status":"closed","template":"","meta":{"_acf_changed":false,"footnotes":""},"categories":[],"class_list":["post-20984","page","type-page","status-publish","hentry"],"acf":[],"yoast_head":"<!-- This site is optimized with the Yoast SEO Premium plugin v26.0 (Yoast SEO v26.8) - https:\/\/yoast.com\/product\/yoast-seo-premium-wordpress\/ -->\n<title>Team - Stift Admont<\/title>\n<meta name=\"robots\" content=\"index, follow, max-snippet:-1, max-image-preview:large, max-video-preview:-1\" \/>\n<link rel=\"canonical\" href=\"https:\/\/stiftadmont.at\/es\/vivero-monasterio-flores-y-vino\/equipo\/\" \/>\n<meta property=\"og:locale\" content=\"es_ES\" \/>\n<meta property=\"og:type\" content=\"article\" \/>\n<meta property=\"og:title\" content=\"Team\" \/>\n<meta property=\"og:url\" content=\"https:\/\/stiftadmont.at\/es\/vivero-monasterio-flores-y-vino\/equipo\/\" \/>\n<meta property=\"og:site_name\" content=\"Stift Admont\" \/>\n<meta property=\"article:modified_time\" content=\"2025-04-08T06:35:01+00:00\" \/>\n<meta property=\"og:image\" content=\"https:\/\/stiftadmont.at\/wp-content\/uploads\/Klosteranlage-innen.jpg\" \/>\n\t<meta property=\"og:image:width\" content=\"1912\" \/>\n\t<meta property=\"og:image:height\" content=\"1188\" \/>\n\t<meta property=\"og:image:type\" content=\"image\/jpeg\" \/>\n<meta name=\"twitter:card\" content=\"summary_large_image\" \/>\n<script type=\"application\/ld+json\" class=\"yoast-schema-graph\">{\"@context\":\"https:\/\/schema.org\",\"@graph\":[{\"@type\":\"WebPage\",\"@id\":\"https:\/\/stiftadmont.at\/stiftsgaertnerei-blumen-und-wein\/team\/\",\"url\":\"https:\/\/stiftadmont.at\/stiftsgaertnerei-blumen-und-wein\/team\/\",\"name\":\"Team - Stift Admont\",\"isPartOf\":{\"@id\":\"https:\/\/stiftadmont.at\/#website\"},\"datePublished\":\"2023-09-22T09:31:07+00:00\",\"dateModified\":\"2025-04-08T06:35:01+00:00\",\"breadcrumb\":{\"@id\":\"https:\/\/stiftadmont.at\/stiftsgaertnerei-blumen-und-wein\/team\/#breadcrumb\"},\"inLanguage\":\"es\",\"potentialAction\":[{\"@type\":\"ReadAction\",\"target\":[\"https:\/\/stiftadmont.at\/stiftsgaertnerei-blumen-und-wein\/team\/\"]}]},{\"@type\":\"BreadcrumbList\",\"@id\":\"https:\/\/stiftadmont.at\/stiftsgaertnerei-blumen-und-wein\/team\/#breadcrumb\",\"itemListElement\":[{\"@type\":\"ListItem\",\"position\":1,\"name\":\"Start\",\"item\":\"https:\/\/stiftadmont.at\/\"},{\"@type\":\"ListItem\",\"position\":2,\"name\":\"Stiftsg\u00e4rtnerei Blumen und Wein\",\"item\":\"https:\/\/stiftadmont.at\/stiftsgaertnerei-blumen-und-wein\/\"},{\"@type\":\"ListItem\",\"position\":3,\"name\":\"Team\"}]},{\"@type\":\"WebSite\",\"@id\":\"https:\/\/stiftadmont.at\/#website\",\"url\":\"https:\/\/stiftadmont.at\/\",\"name\":\"Stift Admont\",\"description\":\"Benediktinerkloster und Sehensw\u00fcrdigkeit im Ges\u00e4use\",\"potentialAction\":[{\"@type\":\"SearchAction\",\"target\":{\"@type\":\"EntryPoint\",\"urlTemplate\":\"https:\/\/stiftadmont.at\/?s={search_term_string}\"},\"query-input\":{\"@type\":\"PropertyValueSpecification\",\"valueRequired\":true,\"valueName\":\"search_term_string\"}}],\"inLanguage\":\"es\"}]}<\/script>\n<!-- \/ Yoast SEO Premium plugin. -->","yoast_head_json":{"title":"Equipo - Abad\u00eda de Admont","robots":{"index":"index","follow":"follow","max-snippet":"max-snippet:-1","max-image-preview":"max-image-preview:large","max-video-preview":"max-video-preview:-1"},"canonical":"https:\/\/stiftadmont.at\/es\/vivero-monasterio-flores-y-vino\/equipo\/","og_locale":"es_ES","og_type":"article","og_title":"Team","og_url":"https:\/\/stiftadmont.at\/es\/vivero-monasterio-flores-y-vino\/equipo\/","og_site_name":"Stift Admont","article_modified_time":"2025-04-08T06:35:01+00:00","og_image":[{"width":1912,"height":1188,"url":"https:\/\/stiftadmont.at\/wp-content\/uploads\/Klosteranlage-innen.jpg","type":"image\/jpeg"}],"twitter_card":"summary_large_image","schema":{"@context":"https:\/\/schema.org","@graph":[{"@type":"WebPage","@id":"https:\/\/stiftadmont.at\/stiftsgaertnerei-blumen-und-wein\/team\/","url":"https:\/\/stiftadmont.at\/stiftsgaertnerei-blumen-und-wein\/team\/","name":"Equipo - Abad\u00eda de Admont","isPartOf":{"@id":"https:\/\/stiftadmont.at\/#website"},"datePublished":"2023-09-22T09:31:07+00:00","dateModified":"2025-04-08T06:35:01+00:00","breadcrumb":{"@id":"https:\/\/stiftadmont.at\/stiftsgaertnerei-blumen-und-wein\/team\/#breadcrumb"},"inLanguage":"es","potentialAction":[{"@type":"ReadAction","target":["https:\/\/stiftadmont.at\/stiftsgaertnerei-blumen-und-wein\/team\/"]}]},{"@type":"BreadcrumbList","@id":"https:\/\/stiftadmont.at\/stiftsgaertnerei-blumen-und-wein\/team\/#breadcrumb","itemListElement":[{"@type":"ListItem","position":1,"name":"Start","item":"https:\/\/stiftadmont.at\/"},{"@type":"ListItem","position":2,"name":"Stiftsg\u00e4rtnerei Blumen und Wein","item":"https:\/\/stiftadmont.at\/stiftsgaertnerei-blumen-und-wein\/"},{"@type":"ListItem","position":3,"name":"Team"}]},{"@type":"WebSite","@id":"https:\/\/stiftadmont.at\/#website","url":"https:\/\/stiftadmont.at\/","name":"Abad\u00eda de Admont","description":"Monasterio benedictino y atracci\u00f3n tur\u00edstica en el Ges\u00e4use","potentialAction":[{"@type":"SearchAction","target":{"@type":"EntryPoint","urlTemplate":"https:\/\/stiftadmont.at\/?s={search_term_string}"},"query-input":{"@type":"PropertyValueSpecification","valueRequired":true,"valueName":"search_term_string"}}],"inLanguage":"es"}]}},"_links":{"self":[{"href":"https:\/\/stiftadmont.at\/es\/wp-json\/wp\/v2\/pages\/20984","targetHints":{"allow":["GET"]}}],"collection":[{"href":"https:\/\/stiftadmont.at\/es\/wp-json\/wp\/v2\/pages"}],"about":[{"href":"https:\/\/stiftadmont.at\/es\/wp-json\/wp\/v2\/types\/page"}],"author":[{"embeddable":true,"href":"https:\/\/stiftadmont.at\/es\/wp-json\/wp\/v2\/users\/20"}],"replies":[{"embeddable":true,"href":"https:\/\/stiftadmont.at\/es\/wp-json\/wp\/v2\/comments?post=20984"}],"version-history":[{"count":19,"href":"https:\/\/stiftadmont.at\/es\/wp-json\/wp\/v2\/pages\/20984\/revisions"}],"predecessor-version":[{"id":34258,"href":"https:\/\/stiftadmont.at\/es\/wp-json\/wp\/v2\/pages\/20984\/revisions\/34258"}],"up":[{"embeddable":true,"href":"https:\/\/stiftadmont.at\/es\/wp-json\/wp\/v2\/pages\/515"}],"wp:attachment":[{"href":"https:\/\/stiftadmont.at\/es\/wp-json\/wp\/v2\/media?parent=20984"}],"wp:term":[{"taxonomy":"category","embeddable":true,"href":"https:\/\/stiftadmont.at\/es\/wp-json\/wp\/v2\/categories?post=20984"}],"curies":[{"name":"wp","href":"https:\/\/api.w.org\/{rel}","templated":true}]}}