{"id":21126,"date":"2023-09-25T14:24:52","date_gmt":"2023-09-25T12:24:52","guid":{"rendered":"https:\/\/stiftadmont.at\/?page_id=21126"},"modified":"2025-12-12T12:32:12","modified_gmt":"2025-12-12T10:32:12","slug":"programa-de-adviento","status":"publish","type":"page","link":"https:\/\/stiftadmont.at\/es\/advent-im-stift-admont\/advent-programm\/","title":{"rendered":"Programa"},"content":{"rendered":"<section id='lightpress__section--block_e6fb00a13f0f4d39fe4f109dd8ddbb7e' class='align-center lightpress__section--default-section-space lightpress__section lightpress__section--headline'><div class=\"headline__container\">\n            <h2 class=\"headline text--40 text-medium line line--gold line-above line-middle\">Artesan\u00eda y especialidades culinarias - Adviento en la Abad\u00eda de Admont<\/h2>\n        <p class=\"text-center text-gold text--20 text-medium text--uppercase\">Viva el Adviento con todos los sentidos en la m\u00e1gica Abad\u00eda de Admont.<\/p>\n        <div class=\"spacer--40\"><\/div>\n<\/div>\n\n<\/section>\n\n<section id='lightpress__section--block_35730e315939eb308d72d2ca8f6995df' class='lightpress__section--default-section-space lightpress__section lightpress__section--content'><div class=\"content__inner\"\n         x-init=\"initContentBlockAnim($el)\">\n        \n    <div class=\"content__grid content__grid\">\n                                            <div class=\"content__box content__box--one-hundred\"\n                 style=\"\">\n                                \n                \n                                            <div class=\"prose\"><p>Por 26\u00aa vez, el Adviento en la Abad\u00eda de Admont le invita a una fiesta llena de tradici\u00f3n, diversi\u00f3n y especialidades artesanales. En la pintoresca zona exterior del monasterio benedictino le esperan puestos cuidadosamente dise\u00f1ados con artesan\u00eda \u00fanica y tentadores manjares culinarios.<\/p>\n<p>\u00a0<\/p>\n<p class=\"paragraph-m text-left\">El ambiente especial hace que este mercado de Adviento sea un verdadero acontecimiento, pero el variado programa garantiza momentos inolvidables, especialmente para los m\u00e1s peque\u00f1os: En el Christkindlpostamt, los ni\u00f1os pueden enviar sus cartas al Cristo y esperar una respuesta. En el taller del museo se pueden confeccionar creativos regalos de Navidad y admirar los impresionantes belenes de la colegiata. Los paseos en poni y los oficios religiosos festivos ambientan la Navidad.<\/p>\n<p class=\"paragraph-m text-left\">\u00a0<\/p>\n<p class=\"paragraph-m text-left\">Tambi\u00e9n hay mucho que descubrir para los gourmets: disfrute de especialidades regionales como los sustanciosos bu\u00f1uelos de centeno y queso de Estiria de Ennstal, la popular hamburguesa Ges\u00e4useburger, los dulces rizos de \u00e1ngel o un c\u00e1lido ponche de manzana.<\/p>\n<p>\u00a0<\/p>\n<p><a title=\"Programa del 26\u00ba Adviento en la Abad\u00eda de Admont\" href=\"\"><div class=\"_df_book df-lite\" id=\"df_37813\"  _slug=\"adventmarkt-stift-admont-programm-2025\" data-title=\"adventmarkt-stift-admont-programm-2025\" wpoptions=\"true\" thumbtype=\"\" ><\/div><script class=\"df-shortcode-script\" nowprocket type=\"application\/javascript\">window.option_df_37813 = {\"outline\":[],\"autoEnableOutline\":\"false\",\"autoEnableThumbnail\":\"false\",\"overwritePDFOutline\":\"false\",\"direction\":\"1\",\"pageSize\":\"0\",\"source\":\"https:\\\/\\\/stiftadmont.at\\\/wp-content\\\/uploads\\\/STA_Advent_Programm-2025_A4_290925.pdf\",\"wpOptions\":\"true\"}; if(window.DFLIP && window.DFLIP.parseBooks){window.DFLIP.parseBooks();}<\/script><\/a><\/p>\n<p>\u00a0<\/p>\n<p><a title=\"Programa Adviento-2025\" href=\"https:\/\/stiftadmont.at\/wp-content\/uploads\/STA_Advent_Programm-2025_A4_290925.pdf\">Programa Adviento-2025.pdf<\/a><\/p>\n<\/div>\n                    \n                            <\/div>\n        \n            <\/div>\n<\/div>\n\n<\/section>\n\n<section id='lightpress__section--block_dd80e8f7bb754aa8f9c6aaa9108e922c' class='lightpress__section--default-section-space lightpress__section lightpress__section--content'><div class=\"content__inner\"\n         x-init=\"initContentBlockAnim($el)\">\n        \n    <div class=\"content__grid content__grid\">\n                                            <div class=\"content__box content__box--one-hundred\"\n                 style=\"\">\n                                \n                \n                                            <div class=\"prose\"><p>\u00a0<\/p>\n<p><strong>Daniela de Santos - Concierto de zampo\u00f1a el 12.12.2025 a las 15:00 \u00a1Cancelado!<\/strong><\/p>\n<p>\u00a0<\/p>\n<h5 class=\"heading-m line line-above line--gold\"><strong>s\u00e1bado, 06 diciembre\u00a0<\/strong><\/h5>\n<p>\u00a0<\/p>\n<p>10:00 - 19:00\u00a0<span style=\"white-space: pre;\"> <\/span>\u00a0 \u00a0 <strong>\u00a0Biblioteca del monasterio <\/strong>abierto para entrada reducida<\/p>\n<p>11:00 <span style=\"white-space: pre;\"> <\/span>\u00a0 \u00a0 \u00a0 \u00a0 \u00a0 \u00a0 \u00a0 \u00a0 \u00a0 \u00a0 \u00a0<strong>APERTURA<\/strong> del mercado de Adviento por el Abad Gerhard Hafner OSB, acompa\u00f1ado de m\u00fasica\u00a0<\/p>\n<p>a partir de las 11:00<span style=\"white-space: pre;\"> <\/span>\u00a0 \u00a0 \u00a0 \u00a0 \u00a0 \u00a0 \u00a0 \u00a0 <strong>Bel\u00e9n<\/strong> abierto en la colegiata<span style=\"white-space: pre;\"> <\/span>\u00a0 \u00a0 \u00a0 \u00a0\u00a0<\/p>\n<p>a partir de las 13:00<span style=\"white-space: pre;\"> <\/span>\u00a0 \u00a0 \u00a0 \u00a0 \u00a0 \u00a0 \u00a0 \u00a0 <strong>Oficina de correos de Christkindl<\/strong> por los deseos de los ni\u00f1os al Ni\u00f1o Jes\u00fas<br \/>14:00 - 16:00\u00a0 \u00a0 \u00a0 \u00a0<strong>Programa infantil<\/strong> en el taller museo de la Abad\u00eda de Admont (museo 1er piso) - cambio de hora<\/p>\n<p>a partir de las 16:00<span style=\"white-space: pre;\"> <\/span>\u00a0 \u00a0 \u00a0 \u00a0 \u00a0 \u00a0 \u00a0 \u00a0 <strong>Sabios jugadores de viento<\/strong> del MV Admont\/Hall proporcionan un ambiente musical de Adviento<\/p>\n<p>\u00a0<\/p>\n<p>\u00a0<\/p>\n<p>\u00a0<\/p>\n<h5 class=\"heading-m line line-above line--gold\"><strong>domingo, 07 diciembre<\/strong><\/h5>\n<p>\u00a0<\/p>\n<p>10:00\u00a0 \u00a0 \u00a0 \u00a0 \u00a0 \u00a0 \u00a0\u00a0<span style=\"white-space: pre;\"> <\/span>\u00a0 \u00a0 \u00a0 <strong>\u00a0 Santa Misa<\/strong> en la colegiata<\/p>\n<p><span style=\"white-space: pre;\">10:00 - 19:00<\/span><span style=\"white-space: pre;\"> <\/span>\u00a0 \u00a0 \u00a0 <strong>Biblioteca del monasterio<\/strong> abierto para entrada reducida<\/p>\n<p>a partir de las 11:00\u00a0 \u00a0 \u00a0\u00a0<span style=\"white-space: pre;\"> <\/span>\u00a0 \u00a0 \u00a0 \u00a0<strong> \u00a0 Bel\u00e9n<\/strong> abierto en la colegiata<br \/>a partir de las 11:00\u00a0 \u00a0 \u00a0 \u00a0 \u00a0 \u00a0 \u00a0 \u00a0 <strong>\u00a0Oficina de correos de Christkindl <\/strong>por los deseos de los ni\u00f1os al Ni\u00f1o Jes\u00fas<\/p>\n<p>14:00 - 16:00<span style=\"white-space: pre;\"> <\/span>\u00a0 \u00a0 \u00a0<strong> Programa infantil<\/strong> en el taller museo de la Abad\u00eda de Admont (museo 1er piso) - cambio de hora<br \/>14:00\u00a0 \u00a0 \u00a0 \u00a0 \u00a0 \u00a0 \u00a0 \u00a0 \u00a0 \u00a0 \u00a0 <strong>\u00a0\"Hoamat Advent\"<\/strong> con m\u00fasica y lecturas bajo la direcci\u00f3n de Michael Reiter en la colegiata<\/p>\n<p>a partir de las 16:00<span style=\"white-space: pre;\"> <\/span>\u00a0 \u00a0 \u00a0 \u00a0 \u00a0 \u00a0 \u00a0 \u00a0 <strong>Sabios jugadores de viento <\/strong>del MV Admont\/Hall y del MV Weng<strong> <\/strong>crear una atm\u00f3sfera musical de Adviento<strong><br \/><\/strong>17:30<strong>\u00a0 \u00a0 \u00a0 \u00a0 \u00a0 \u00a0 \u00a0 \u00a0 \u00a0 \u00a0 \u00a0 V\u00edsperas corales<\/strong> en la colegiata<\/p>\n<p>\u00a0<\/p>\n<p>\u00a0<\/p>\n<h5>\u00a0<\/h5>\n<h5 class=\"heading-m line line-above line--gold\"><strong>lunes, 08 diciembre<\/strong><\/h5>\n<p>\u00a0<\/p>\n<p>10:00<span style=\"white-space: pre;\"> <\/span>\u00a0 \u00a0 \u00a0 \u00a0 \u00a0 \u00a0 \u00a0 \u00a0 \u00a0 \u00a0 \u00a0 <strong>Santa Misa<\/strong> a la concepci\u00f3n de Mar\u00eda en la colegiata\u00a0<\/p>\n<p>10:00 - 19:00 <span style=\"white-space: pre;\"> <\/span>\u00a0 \u00a0 \u00a0<strong>Biblioteca del monasterio <\/strong>abierto para entrada reducida<\/p>\n<p>a partir de las 11:00<span style=\"white-space: pre;\"> <\/span>\u00a0 \u00a0 \u00a0 \u00a0 \u00a0 \u00a0 \u00a0 \u00a0 <strong>Bel\u00e9n<\/strong> abierto en la colegiata<\/p>\n<p>a partir de las 11:00<span style=\"white-space: pre;\"> <\/span>\u00a0 \u00a0 \u00a0 \u00a0 \u00a0 \u00a0 \u00a0 \u00a0 <strong>Oficina de correos de Christkindl<\/strong> por los deseos de los ni\u00f1os al Ni\u00f1o Jes\u00fas<\/p>\n<p>14:00 - 16:00<span style=\"white-space: pre;\"> <\/span>\u00a0 \u00a0 \u00a0 <strong>Programa infantil<\/strong> en el taller museo de la Abad\u00eda de Admont (museo 1er piso) - cambio de hora<\/p>\n<p>a partir de las 16:00<span style=\"white-space: pre;\"> <\/span>\u00a0 \u00a0 \u00a0 \u00a0 \u00a0 \u00a0 \u00a0 \u00a0 <strong>Sabios jugadores de viento<\/strong> MV Admont\/Hall y MV Weng crean un ambiente musical de Adviento<\/p>\n<p>\u00a0<\/p>\n<p>\u00a0<\/p>\n<p>\u00a0<\/p>\n<h5 class=\"heading-m line line--gold line-above\"><strong>Viernes 12 de diciembre<\/strong><\/h5>\n<p>\u00a0<\/p>\n<p>10:00 - 19:00\u00a0 \u00a0 \u00a0 <strong>\u00a0 \u00a0Biblioteca del monasterio<\/strong> abierto para entrada reducida<br \/>a partir de las 11:00\u00a0 \u00a0 \u00a0 \u00a0 \u00a0 \u00a0 \u00a0 \u00a0 \u00a0<strong> \u00a0Bel\u00e9n<\/strong> abierto en la colegiata<br \/>a partir de las 11:00\u00a0 \u00a0 \u00a0 \u00a0 \u00a0 \u00a0 \u00a0 \u00a0 \u00a0 \u00a0<strong>Oficina de correos de Christkindl<\/strong> por los deseos de los ni\u00f1os al Ni\u00f1o Jes\u00fas<br \/>a partir de las 13:00\u00a0 \u00a0 \u00a0 \u00a0 \u00a0 \u00a0 \u00a0 \u00a0<strong>\u00a0 \u00a0 Caf\u00e9 parroquial<\/strong> de la parroquia Admont abierto<br \/>14:00 - 16:00\u00a0 \u00a0 \u00a0 \u00a0<strong> \u00a0Programa infantil<\/strong> en el taller museo de la Abad\u00eda de Admont (museo 1er piso) - cambio de hora<br \/>a partir de las 16:00\u00a0 \u00a0 \u00a0 \u00a0 \u00a0 \u00a0 \u00a0 \u00a0 <strong>\u00a0 \u00a0Sabios jugadores de viento <\/strong>MV Admont\/Hall y MV Weng crean un ambiente musical de Adviento<\/p>\n<p>\u00a0<\/p>\n<p>\u00a0<\/p>\n<p>\u00a0<\/p>\n<h5 class=\"heading-m line line--gold line-above\"><strong>S\u00e1bado 13 de diciembre<\/strong><\/h5>\n<p>\u00a0<\/p>\n<p>10:00 - 19:00\u00a0 \u00a0 \u00a0 \u00a0 \u00a0 \u00a0<strong>Biblioteca del monasterio<\/strong> abierto para entrada reducida<br \/>a partir de las 11:00\u00a0 \u00a0 \u00a0 \u00a0 \u00a0 \u00a0 \u00a0 \u00a0 \u00a0 \u00a0 <strong>\u00a0Bel\u00e9n<\/strong> abierto en la colegiata<br \/>a partir de las 11:00\u00a0 \u00a0 \u00a0 \u00a0 \u00a0 \u00a0 \u00a0 \u00a0 \u00a0 \u00a0 <strong>\u00a0Oficina de correos de Christkindl<\/strong> por los deseos de los ni\u00f1os al Ni\u00f1o Jes\u00fas<br \/>a partir de las 13:00\u00a0 \u00a0 \u00a0 \u00a0 \u00a0 \u00a0 \u00a0 \u00a0 \u00a0 \u00a0 <strong>\u00a0Caf\u00e9 parroquial<\/strong> de la parroquia Admont abierto<br \/>14:00 - 16:00\u00a0 \u00a0 \u00a0 \u00a0 \u00a0 <strong>\u00a0Programa infantil<\/strong> en el taller museo de la Abad\u00eda de Admont (museo 1er piso) - cambio de hora<br \/>15:00\u00a0 \u00a0 \u00a0 \u00a0 \u00a0 \u00a0 \u00a0 \u00a0 \u00a0 \u00a0 \u00a0 \u00a0 \u00a0 \u00a0<strong>Concierto de Navidad<\/strong> de la Admont\/Hall Music Society en la gran Stiftsfestsaal<br \/>a partir de las 16:00\u00a0 \u00a0 \u00a0 \u00a0 \u00a0 \u00a0 \u00a0 \u00a0 \u00a0 \u00a0 \u00a0<strong>Sabios jugadores de viento <\/strong>del MV Weng proporcionan un ambiente musical de Adviento<br \/>18:00\u00a0 \u00a0 \u00a0 \u00a0 \u00a0 \u00a0 \u00a0 \u00a0 \u00a0 \u00a0 \u00a0 <strong>\u00a0 \u00a0 13er peregrinaje<\/strong> seguida de una procesi\u00f3n con velas en la colegiata<\/p>\n<p>\u00a0<\/p>\n<p>\u00a0<\/p>\n<p>\u00a0<\/p>\n<h5 class=\"heading-m line line--gold line-above\"><strong>Domingo 14 de diciembre<\/strong><\/h5>\n<p>\u00a0<\/p>\n<p>10:00 - 19:00\u00a0 \u00a0 \u00a0 \u00a0 \u00a0 \u00a0<strong>\u00a0Biblioteca del monasterio<\/strong> abierto para entrada reducida<br \/>a partir de las 11:00\u00a0 \u00a0 \u00a0 \u00a0 \u00a0 \u00a0 \u00a0 \u00a0 \u00a0 \u00a0 \u00a0<strong>\u00a0Bel\u00e9n<\/strong> abierto en la colegiata<br \/>a partir de las 11:00\u00a0 \u00a0 \u00a0 \u00a0 \u00a0 \u00a0 \u00a0 \u00a0 \u00a0 \u00a0 \u00a0 <strong>Oficina de correos de Christkindl<\/strong> por los deseos de los ni\u00f1os al Ni\u00f1o Jes\u00fas<br \/>a partir de las 13:00\u00a0 \u00a0 \u00a0 \u00a0 \u00a0 \u00a0 \u00a0 \u00a0 \u00a0 \u00a0 \u00a0 <strong>Caf\u00e9 parroquial<\/strong> de la parroquia Admont abierto<br \/>14:00 - 16:00\u00a0 \u00a0 \u00a0 \u00a0 \u00a0 \u00a0 <strong>Programa infantil<\/strong> en el taller museo de la Abad\u00eda de Admont (museo 1er piso) - cambio de hora<br \/>a partir de las 16:00\u00a0 \u00a0 \u00a0 \u00a0 \u00a0 \u00a0 \u00a0 \u00a0 \u00a0 \u00a0<strong>\u00a0 \u00a0Sabios jugadores de viento<\/strong> MV Admont\/Hall y MV Weng crean un ambiente musical de Adviento<br \/>18:00\u00a0 \u00a0 \u00a0 \u00a0 \u00a0 \u00a0 \u00a0 \u00a0 \u00a0 \u00a0 \u00a0<strong> \u00a0 \u00a0 \u00a0Canto de Adviento de Admont<\/strong> en la colegiata<\/p>\n<\/div>\n                    \n                            <\/div>\n        \n            <\/div>\n<\/div>\n\n<\/section>","protected":false},"excerpt":{"rendered":"","protected":false},"author":20,"featured_media":0,"parent":21115,"menu_order":0,"comment_status":"closed","ping_status":"closed","template":"","meta":{"_acf_changed":false,"footnotes":""},"categories":[],"class_list":["post-21126","page","type-page","status-publish","hentry"],"acf":[],"yoast_head":"<!-- This site is optimized with the Yoast SEO Premium plugin v26.0 (Yoast SEO v26.8) - https:\/\/yoast.com\/product\/yoast-seo-premium-wordpress\/ -->\n<title>Programm - Stift Admont<\/title>\n<meta name=\"robots\" content=\"index, follow, max-snippet:-1, max-image-preview:large, max-video-preview:-1\" \/>\n<link rel=\"canonical\" href=\"https:\/\/stiftadmont.at\/es\/adviento-en-la-abadia-de-admont\/programa-de-adviento\/\" \/>\n<meta property=\"og:locale\" content=\"es_ES\" \/>\n<meta property=\"og:type\" content=\"article\" \/>\n<meta property=\"og:title\" content=\"Programm\" \/>\n<meta property=\"og:url\" content=\"https:\/\/stiftadmont.at\/es\/adviento-en-la-abadia-de-admont\/programa-de-adviento\/\" \/>\n<meta property=\"og:site_name\" content=\"Stift Admont\" \/>\n<meta property=\"article:modified_time\" content=\"2025-12-12T10:32:12+00:00\" \/>\n<meta property=\"og:image\" content=\"https:\/\/stiftadmont.at\/wp-content\/uploads\/Klosteranlage-innen.jpg\" \/>\n\t<meta property=\"og:image:width\" content=\"1912\" \/>\n\t<meta property=\"og:image:height\" content=\"1188\" \/>\n\t<meta property=\"og:image:type\" content=\"image\/jpeg\" \/>\n<meta name=\"twitter:card\" content=\"summary_large_image\" \/>\n<script type=\"application\/ld+json\" class=\"yoast-schema-graph\">{\"@context\":\"https:\/\/schema.org\",\"@graph\":[{\"@type\":\"WebPage\",\"@id\":\"https:\/\/stiftadmont.at\/advent-im-stift-admont\/advent-programm\/\",\"url\":\"https:\/\/stiftadmont.at\/advent-im-stift-admont\/advent-programm\/\",\"name\":\"Programm - Stift Admont\",\"isPartOf\":{\"@id\":\"https:\/\/stiftadmont.at\/#website\"},\"datePublished\":\"2023-09-25T12:24:52+00:00\",\"dateModified\":\"2025-12-12T10:32:12+00:00\",\"breadcrumb\":{\"@id\":\"https:\/\/stiftadmont.at\/advent-im-stift-admont\/advent-programm\/#breadcrumb\"},\"inLanguage\":\"es\",\"potentialAction\":[{\"@type\":\"ReadAction\",\"target\":[\"https:\/\/stiftadmont.at\/advent-im-stift-admont\/advent-programm\/\"]}]},{\"@type\":\"BreadcrumbList\",\"@id\":\"https:\/\/stiftadmont.at\/advent-im-stift-admont\/advent-programm\/#breadcrumb\",\"itemListElement\":[{\"@type\":\"ListItem\",\"position\":1,\"name\":\"Start\",\"item\":\"https:\/\/stiftadmont.at\/\"},{\"@type\":\"ListItem\",\"position\":2,\"name\":\"Advent im Stift Admont\",\"item\":\"https:\/\/stiftadmont.at\/advent-im-stift-admont\/\"},{\"@type\":\"ListItem\",\"position\":3,\"name\":\"Programm\"}]},{\"@type\":\"WebSite\",\"@id\":\"https:\/\/stiftadmont.at\/#website\",\"url\":\"https:\/\/stiftadmont.at\/\",\"name\":\"Stift Admont\",\"description\":\"Benediktinerkloster und Sehensw\u00fcrdigkeit im Ges\u00e4use\",\"potentialAction\":[{\"@type\":\"SearchAction\",\"target\":{\"@type\":\"EntryPoint\",\"urlTemplate\":\"https:\/\/stiftadmont.at\/?s={search_term_string}\"},\"query-input\":{\"@type\":\"PropertyValueSpecification\",\"valueRequired\":true,\"valueName\":\"search_term_string\"}}],\"inLanguage\":\"es\"}]}<\/script>\n<!-- \/ Yoast SEO Premium plugin. -->","yoast_head_json":{"title":"Programa - Abad\u00eda de Admont","robots":{"index":"index","follow":"follow","max-snippet":"max-snippet:-1","max-image-preview":"max-image-preview:large","max-video-preview":"max-video-preview:-1"},"canonical":"https:\/\/stiftadmont.at\/es\/adviento-en-la-abadia-de-admont\/programa-de-adviento\/","og_locale":"es_ES","og_type":"article","og_title":"Programm","og_url":"https:\/\/stiftadmont.at\/es\/adviento-en-la-abadia-de-admont\/programa-de-adviento\/","og_site_name":"Stift Admont","article_modified_time":"2025-12-12T10:32:12+00:00","og_image":[{"width":1912,"height":1188,"url":"https:\/\/stiftadmont.at\/wp-content\/uploads\/Klosteranlage-innen.jpg","type":"image\/jpeg"}],"twitter_card":"summary_large_image","schema":{"@context":"https:\/\/schema.org","@graph":[{"@type":"WebPage","@id":"https:\/\/stiftadmont.at\/advent-im-stift-admont\/advent-programm\/","url":"https:\/\/stiftadmont.at\/advent-im-stift-admont\/advent-programm\/","name":"Programa - Abad\u00eda de Admont","isPartOf":{"@id":"https:\/\/stiftadmont.at\/#website"},"datePublished":"2023-09-25T12:24:52+00:00","dateModified":"2025-12-12T10:32:12+00:00","breadcrumb":{"@id":"https:\/\/stiftadmont.at\/advent-im-stift-admont\/advent-programm\/#breadcrumb"},"inLanguage":"es","potentialAction":[{"@type":"ReadAction","target":["https:\/\/stiftadmont.at\/advent-im-stift-admont\/advent-programm\/"]}]},{"@type":"BreadcrumbList","@id":"https:\/\/stiftadmont.at\/advent-im-stift-admont\/advent-programm\/#breadcrumb","itemListElement":[{"@type":"ListItem","position":1,"name":"Start","item":"https:\/\/stiftadmont.at\/"},{"@type":"ListItem","position":2,"name":"Advent im Stift Admont","item":"https:\/\/stiftadmont.at\/advent-im-stift-admont\/"},{"@type":"ListItem","position":3,"name":"Programm"}]},{"@type":"WebSite","@id":"https:\/\/stiftadmont.at\/#website","url":"https:\/\/stiftadmont.at\/","name":"Abad\u00eda de Admont","description":"Monasterio benedictino y atracci\u00f3n tur\u00edstica en el Ges\u00e4use","potentialAction":[{"@type":"SearchAction","target":{"@type":"EntryPoint","urlTemplate":"https:\/\/stiftadmont.at\/?s={search_term_string}"},"query-input":{"@type":"PropertyValueSpecification","valueRequired":true,"valueName":"search_term_string"}}],"inLanguage":"es"}]}},"_links":{"self":[{"href":"https:\/\/stiftadmont.at\/es\/wp-json\/wp\/v2\/pages\/21126","targetHints":{"allow":["GET"]}}],"collection":[{"href":"https:\/\/stiftadmont.at\/es\/wp-json\/wp\/v2\/pages"}],"about":[{"href":"https:\/\/stiftadmont.at\/es\/wp-json\/wp\/v2\/types\/page"}],"author":[{"embeddable":true,"href":"https:\/\/stiftadmont.at\/es\/wp-json\/wp\/v2\/users\/20"}],"replies":[{"embeddable":true,"href":"https:\/\/stiftadmont.at\/es\/wp-json\/wp\/v2\/comments?post=21126"}],"version-history":[{"count":153,"href":"https:\/\/stiftadmont.at\/es\/wp-json\/wp\/v2\/pages\/21126\/revisions"}],"predecessor-version":[{"id":38642,"href":"https:\/\/stiftadmont.at\/es\/wp-json\/wp\/v2\/pages\/21126\/revisions\/38642"}],"up":[{"embeddable":true,"href":"https:\/\/stiftadmont.at\/es\/wp-json\/wp\/v2\/pages\/21115"}],"wp:attachment":[{"href":"https:\/\/stiftadmont.at\/es\/wp-json\/wp\/v2\/media?parent=21126"}],"wp:term":[{"taxonomy":"category","embeddable":true,"href":"https:\/\/stiftadmont.at\/es\/wp-json\/wp\/v2\/categories?post=21126"}],"curies":[{"name":"wp","href":"https:\/\/api.w.org\/{rel}","templated":true}]}}