{"id":21165,"date":"2023-10-06T09:29:09","date_gmt":"2023-10-06T07:29:09","guid":{"rendered":"https:\/\/stiftadmont.at\/?page_id=21165"},"modified":"2025-01-31T11:29:31","modified_gmt":"2025-01-31T09:29:31","slug":"llegada","status":"publish","type":"page","link":"https:\/\/stiftadmont.at\/es\/advent-im-stift-admont\/anreise\/","title":{"rendered":"Viaje de Adviento"},"content":{"rendered":"<section id='lightpress__section--block_92a88e4cad7741a544575346a8e1dc7e' class='lightpress__section--default-section-space lightpress__section lightpress__section--content'><div class=\"content__inner\"\n         x-init=\"initContentBlockAnim($el)\">\n        \n    <div class=\"content__grid content__grid--fifty-fifty\">\n                                            <div class=\"content__box content__box\"\n                 style=\"\">\n                                \n                \n                                            <div class=\"prose\"><h5 class=\"heading-m line line-above line--gold\">Viaje en coche<\/h5>\n<p>\u00a0<\/p>\n<p class=\"paragraph-m\">- <strong>Viajar en coche desde Viena<\/strong> por la autopista del sur A2, S6 y Phyrnautobahn A9, salida Admont (duraci\u00f3n: aprox. 2 \u00bd horas)<\/p>\n<p class=\"paragraph-m\">- <strong>Viajar en coche desde Graz y Linz<\/strong> por la autopista A9 Pyhrn, salida Admont (duraci\u00f3n: 1 \u00bc horas aproximadamente)<\/p>\n<p class=\"paragraph-m\">- <strong>Viajar en coche desde Salzburgo<\/strong> por la autopista de Tauern A10 y la carretera federal de Ennstal B146 v\u00eda Schladming-Liezen (duraci\u00f3n: aprox. 1 \u00be horas)<\/p>\n<\/div>\n                    \n                            <\/div>\n        \n                                                    <div class=\"content__box content__box--2\"\n                     >\n                                        \n                    \n                                                    <div class=\"prose\"><h5 class=\"heading-m line line-above line--gold\">Viaje en tren<\/h5>\n<p>\u00a0<\/p>\n<p class=\"paragraph-m\">- <strong>Viajar en tren desde Viena<\/strong> S\u00fcdbahnhof v\u00eda Semmering a Liezen. Los fines de semana y festivos, directamente de\/a Viena v\u00eda Amstetten a Admont.<\/p>\n<p class=\"paragraph-m\">- <strong>Viajar en tren desde Graz<\/strong> Estaci\u00f3n principal-Bruck\/Mur-Leoben-Liezen, viajando desde la estaci\u00f3n principal de Linz a Ardning.<\/p>\n<p class=\"paragraph-m\">- <strong>Viajar desde Salzburgo <\/strong>Estaci\u00f3n central v\u00eda Bischofshofen a Liezen. Desde Liezen y Ardning contin\u00fae con las l\u00edneas de autobuses regionales.<\/p>\n<\/div>\n                        \n                                    <\/div>\n            \n            <\/div>\n<\/div>\n\n<\/section>","protected":false},"excerpt":{"rendered":"","protected":false},"author":20,"featured_media":0,"parent":21115,"menu_order":0,"comment_status":"closed","ping_status":"closed","template":"","meta":{"_acf_changed":false,"footnotes":""},"categories":[],"class_list":["post-21165","page","type-page","status-publish","hentry"],"acf":[],"yoast_head":"<!-- This site is optimized with the Yoast SEO Premium plugin v26.0 (Yoast SEO v26.8) - https:\/\/yoast.com\/product\/yoast-seo-premium-wordpress\/ -->\n<title>Advent-Anreise - Stift Admont<\/title>\n<meta name=\"robots\" content=\"index, follow, max-snippet:-1, max-image-preview:large, max-video-preview:-1\" \/>\n<link rel=\"canonical\" href=\"https:\/\/stiftadmont.at\/es\/adviento-en-la-abadia-de-admont\/llegada\/\" \/>\n<meta property=\"og:locale\" content=\"es_ES\" \/>\n<meta property=\"og:type\" content=\"article\" \/>\n<meta property=\"og:title\" content=\"Advent-Anreise\" \/>\n<meta property=\"og:url\" content=\"https:\/\/stiftadmont.at\/es\/adviento-en-la-abadia-de-admont\/llegada\/\" \/>\n<meta property=\"og:site_name\" content=\"Stift Admont\" \/>\n<meta property=\"article:modified_time\" content=\"2025-01-31T09:29:31+00:00\" \/>\n<meta property=\"og:image\" content=\"https:\/\/stiftadmont.at\/wp-content\/uploads\/Klosteranlage-innen.jpg\" \/>\n\t<meta property=\"og:image:width\" content=\"1912\" \/>\n\t<meta property=\"og:image:height\" content=\"1188\" \/>\n\t<meta property=\"og:image:type\" content=\"image\/jpeg\" \/>\n<meta name=\"twitter:card\" content=\"summary_large_image\" \/>\n<script type=\"application\/ld+json\" class=\"yoast-schema-graph\">{\"@context\":\"https:\/\/schema.org\",\"@graph\":[{\"@type\":\"WebPage\",\"@id\":\"https:\/\/stiftadmont.at\/advent-im-stift-admont\/anreise\/\",\"url\":\"https:\/\/stiftadmont.at\/advent-im-stift-admont\/anreise\/\",\"name\":\"Advent-Anreise - Stift Admont\",\"isPartOf\":{\"@id\":\"https:\/\/stiftadmont.at\/#website\"},\"datePublished\":\"2023-10-06T07:29:09+00:00\",\"dateModified\":\"2025-01-31T09:29:31+00:00\",\"breadcrumb\":{\"@id\":\"https:\/\/stiftadmont.at\/advent-im-stift-admont\/anreise\/#breadcrumb\"},\"inLanguage\":\"es\",\"potentialAction\":[{\"@type\":\"ReadAction\",\"target\":[\"https:\/\/stiftadmont.at\/advent-im-stift-admont\/anreise\/\"]}]},{\"@type\":\"BreadcrumbList\",\"@id\":\"https:\/\/stiftadmont.at\/advent-im-stift-admont\/anreise\/#breadcrumb\",\"itemListElement\":[{\"@type\":\"ListItem\",\"position\":1,\"name\":\"Start\",\"item\":\"https:\/\/stiftadmont.at\/\"},{\"@type\":\"ListItem\",\"position\":2,\"name\":\"Advent im Stift Admont\",\"item\":\"https:\/\/stiftadmont.at\/advent-im-stift-admont\/\"},{\"@type\":\"ListItem\",\"position\":3,\"name\":\"Advent-Anreise\"}]},{\"@type\":\"WebSite\",\"@id\":\"https:\/\/stiftadmont.at\/#website\",\"url\":\"https:\/\/stiftadmont.at\/\",\"name\":\"Stift Admont\",\"description\":\"Benediktinerkloster und Sehensw\u00fcrdigkeit im Ges\u00e4use\",\"potentialAction\":[{\"@type\":\"SearchAction\",\"target\":{\"@type\":\"EntryPoint\",\"urlTemplate\":\"https:\/\/stiftadmont.at\/?s={search_term_string}\"},\"query-input\":{\"@type\":\"PropertyValueSpecification\",\"valueRequired\":true,\"valueName\":\"search_term_string\"}}],\"inLanguage\":\"es\"}]}<\/script>\n<!-- \/ Yoast SEO Premium plugin. -->","yoast_head_json":{"title":"Viaje de Adviento - Abad\u00eda de Admont","robots":{"index":"index","follow":"follow","max-snippet":"max-snippet:-1","max-image-preview":"max-image-preview:large","max-video-preview":"max-video-preview:-1"},"canonical":"https:\/\/stiftadmont.at\/es\/adviento-en-la-abadia-de-admont\/llegada\/","og_locale":"es_ES","og_type":"article","og_title":"Advent-Anreise","og_url":"https:\/\/stiftadmont.at\/es\/adviento-en-la-abadia-de-admont\/llegada\/","og_site_name":"Stift Admont","article_modified_time":"2025-01-31T09:29:31+00:00","og_image":[{"width":1912,"height":1188,"url":"https:\/\/stiftadmont.at\/wp-content\/uploads\/Klosteranlage-innen.jpg","type":"image\/jpeg"}],"twitter_card":"summary_large_image","schema":{"@context":"https:\/\/schema.org","@graph":[{"@type":"WebPage","@id":"https:\/\/stiftadmont.at\/advent-im-stift-admont\/anreise\/","url":"https:\/\/stiftadmont.at\/advent-im-stift-admont\/anreise\/","name":"Viaje de Adviento - Abad\u00eda de Admont","isPartOf":{"@id":"https:\/\/stiftadmont.at\/#website"},"datePublished":"2023-10-06T07:29:09+00:00","dateModified":"2025-01-31T09:29:31+00:00","breadcrumb":{"@id":"https:\/\/stiftadmont.at\/advent-im-stift-admont\/anreise\/#breadcrumb"},"inLanguage":"es","potentialAction":[{"@type":"ReadAction","target":["https:\/\/stiftadmont.at\/advent-im-stift-admont\/anreise\/"]}]},{"@type":"BreadcrumbList","@id":"https:\/\/stiftadmont.at\/advent-im-stift-admont\/anreise\/#breadcrumb","itemListElement":[{"@type":"ListItem","position":1,"name":"Start","item":"https:\/\/stiftadmont.at\/"},{"@type":"ListItem","position":2,"name":"Advent im Stift Admont","item":"https:\/\/stiftadmont.at\/advent-im-stift-admont\/"},{"@type":"ListItem","position":3,"name":"Advent-Anreise"}]},{"@type":"WebSite","@id":"https:\/\/stiftadmont.at\/#website","url":"https:\/\/stiftadmont.at\/","name":"Abad\u00eda de Admont","description":"Monasterio benedictino y atracci\u00f3n tur\u00edstica en el Ges\u00e4use","potentialAction":[{"@type":"SearchAction","target":{"@type":"EntryPoint","urlTemplate":"https:\/\/stiftadmont.at\/?s={search_term_string}"},"query-input":{"@type":"PropertyValueSpecification","valueRequired":true,"valueName":"search_term_string"}}],"inLanguage":"es"}]}},"_links":{"self":[{"href":"https:\/\/stiftadmont.at\/es\/wp-json\/wp\/v2\/pages\/21165","targetHints":{"allow":["GET"]}}],"collection":[{"href":"https:\/\/stiftadmont.at\/es\/wp-json\/wp\/v2\/pages"}],"about":[{"href":"https:\/\/stiftadmont.at\/es\/wp-json\/wp\/v2\/types\/page"}],"author":[{"embeddable":true,"href":"https:\/\/stiftadmont.at\/es\/wp-json\/wp\/v2\/users\/20"}],"replies":[{"embeddable":true,"href":"https:\/\/stiftadmont.at\/es\/wp-json\/wp\/v2\/comments?post=21165"}],"version-history":[{"count":16,"href":"https:\/\/stiftadmont.at\/es\/wp-json\/wp\/v2\/pages\/21165\/revisions"}],"predecessor-version":[{"id":32544,"href":"https:\/\/stiftadmont.at\/es\/wp-json\/wp\/v2\/pages\/21165\/revisions\/32544"}],"up":[{"embeddable":true,"href":"https:\/\/stiftadmont.at\/es\/wp-json\/wp\/v2\/pages\/21115"}],"wp:attachment":[{"href":"https:\/\/stiftadmont.at\/es\/wp-json\/wp\/v2\/media?parent=21165"}],"wp:term":[{"taxonomy":"category","embeddable":true,"href":"https:\/\/stiftadmont.at\/es\/wp-json\/wp\/v2\/categories?post=21165"}],"curies":[{"name":"wp","href":"https:\/\/api.w.org\/{rel}","templated":true}]}}