{"id":21181,"date":"2023-10-06T09:20:52","date_gmt":"2023-10-06T07:20:52","guid":{"rendered":"https:\/\/stiftadmont.at\/?page_id=21181"},"modified":"2025-05-26T13:52:51","modified_gmt":"2025-05-26T11:52:51","slug":"socio-advent","status":"publish","type":"page","link":"https:\/\/stiftadmont.at\/es\/advent-im-stift-admont\/advent-partner\/","title":{"rendered":"Socio de Adviento"},"content":{"rendered":"<section id='lightpress__section--block_fef7ab90673e9a2c3c298d16a71bb986' class='lightpress__section--default-section-space lightpress__section lightpress__section--content'><div class=\"content__inner\"\n         x-init=\"initContentBlockAnim($el)\">\n        \n    <div class=\"content__grid content__grid\">\n                                            <div class=\"content__box content__box--one-hundred\"\n                 style=\"\">\n                                \n                \n                                            <div class=\"prose\"><h5 class=\"heading-m line line-above line--gold\">Abad\u00eda benedictina de Admont<\/h5>\n<p>\u00a0<\/p>\n<p class=\"paragraph-m\">Para la mayor\u00eda de los visitantes, la impresi\u00f3n que causa la biblioteca del barroco tard\u00edo es sobrecogedora. Es la mayor sala de biblioteca mon\u00e1stica del mundo. El vivo di\u00e1logo entre tradici\u00f3n e innovaci\u00f3n puede experimentarse en el contenido de la exposici\u00f3n, en el dise\u00f1o de la misma y mucho m\u00e1s all\u00e1. El arte contempor\u00e1neo est\u00e1 en el centro de la colecci\u00f3n. Las obras de arte encargadas por el programa interno MADE FOR ADMONT constituyen un punto focal. La colecci\u00f3n especial JENSEITS DES SEHENS - KUNST VERBINDET BLINDE UND SEHENDE es \u00fanica.<\/p>\n<p>\u00a0<\/p>\n<p>\u00a0<\/p>\n<h5 class=\"heading-m line line-above line--gold\">Asociaci\u00f3n de Turismo de Ges\u00e4use<\/h5>\n<p>\u00a0<\/p>\n<p class=\"paragraph-m\">Donde las salvajes aguas de los r\u00edos Salza y Enns se encuentran con las imponentes paredes rocosas de las monta\u00f1as del Ges\u00e4use, el \u00fanico parque nacional se encuentra con el mayor parque natural de Estiria y la milenaria alta cultura de la abad\u00eda de Admont se encuentra con la igualmente antigua cultura popular: eso es el Ges\u00e4use. Ya sea senderismo, monta\u00f1ismo, aventuras en aguas bravas o disfrute cultural: el Ges\u00e4use no le da una lista de cosas que marcar. Es un lugar de tus propias posibilidades, para que t\u00fa tambi\u00e9n puedas decir por fin. La Ges\u00e4use te da fuerzas...<\/p>\n<p>\u00a0<\/p>\n<p>\u00a0<\/p>\n<h5 class=\"heading-m line line-above line--gold\">DVERI PAX<\/h5>\n<p>\u00a0<\/p>\n<p class=\"paragraph-m\">En la bodega Dveri-Pax, en el noreste de Eslovenia, continuamos la tradici\u00f3n vin\u00edcola de m\u00e1s de 800 a\u00f1os de los monjes benedictinos de Admont. Nuestros vi\u00f1edos abarcan 73 hect\u00e1reas y trabajamos con gran respeto por la naturaleza y la tradici\u00f3n, as\u00ed como con un agudo sentido de las tendencias. La m\u00e1xima calidad de nuestros vinos queda patente en los numerosos premios con las calificaciones m\u00e1s prestigiosas del mundo.<\/p>\n<p>\u00a0<\/p>\n<p>\u00a0<\/p>\n<h5 class=\"heading-m line line-above line--gold\">Kaiserau<\/h5>\n<p>\u00a0<\/p>\n<p class=\"paragraph-m\">Al sur de Admont, a unos 1.100 metros sobre el nivel del mar, se eleva una extensa altiplanicie: el encantador paisaje natural del Kaiserau. El impresionante Admont Kalbling y sus alrededores ofrecen condiciones ideales para senderistas, monta\u00f1eros y amantes de la naturaleza. Con sus tres remontes y alfombras m\u00e1gicas en el Raiffeisen-Kinderland, la peque\u00f1a pero hermosa estaci\u00f3n de esqu\u00ed de la maravillosa meseta alta del Kaiserau es LA estaci\u00f3n de esqu\u00ed de la regi\u00f3n y miembro de la asociaci\u00f3n Schneeb\u00e4renland.<\/p>\n<p>\u00a0<\/p>\n<p>\u00a0<\/p>\n<h5 class=\"heading-m line line-above line--gold\">Ciudad mercado de Admont<\/h5>\n<p>\u00a0<\/p>\n<p class=\"paragraph-m\">Admont, tambi\u00e9n conocida como la \"puerta de entrada al Parque Nacional de Ges\u00e4use\", se encuentra en una amplia cuenca del valle de Enns. Fundado en 1074, el monasterio benedictino alberga la mayor biblioteca de monasterio del mundo, integrada en un moderno paisaje muse\u00edstico. Otros aspectos culturales destacados son las exposiciones especiales anuales y la colegiata neog\u00f3tica. Admont es ciudad mercado desde 1443 y fue...<\/p>\n<p>\u00a0<\/p>\n<p>\u00a0<\/p>\n<h5 class=\"heading-m line line-above line--gold\">Parque Nacional de Ges\u00e4use<\/h5>\n<p>\u00a0<\/p>\n<p class=\"paragraph-m\">El Parque Nacional del Ges\u00e4use abarca tanto el Ges\u00e4use, es decir, el embravecido r\u00edo salvaje Enns con su monumental valle de ruptura entre Admont y Hieflau, como las \"Monta\u00f1as del Ges\u00e4use\" circundantes, que se elevan sobre el oscuro fondo del valle del Enns como altas monta\u00f1as salvajemente escarpadas y llamativas, con paredes rocosas brillantes como la caliza y crestas extra\u00f1as, formando un paisaje realmente magn\u00edfico. El Parque Nacional de Ges\u00e4use es el tercer parque nacional m\u00e1s grande de Austria. Est\u00e1 situado en los Alpes de Ennstal\/Ges\u00e4use y comprende esencialmente las dos cadenas monta\u00f1osas Buchsteinmassiv y Hochtorgruppe...<\/p>\n<p>\u00a0<\/p>\n<p>\u00a0<\/p>\n<h5 class=\"heading-m line line-above line--gold\">Grawe<\/h5>\n<p>\u00a0<\/p>\n<p class=\"paragraph-m\">\"En la unidad de muchos reside el poder que produce el bien. Es tarea de todos contribuir a ello\". (Archiduque Johann, 1846)<\/p>\n<p class=\"paragraph-m\">El Archiduque Johann reconoci\u00f3 que hay que unirse para ser fuerte y fund\u00f3 Grazer Wechselseitige como mutua de seguros. Hoy, despu\u00e9s de unos 190 a\u00f1os de existencia, la idea fundacional original de la corresponsabilidad est\u00e1 m\u00e1s vigente que nunca: la existencia econ\u00f3mica s\u00f3lo puede asegurarse mediante la prestaci\u00f3n oportuna.<\/p>\n<p>\u00a0<\/p>\n<p>\u00a0<\/p>\n<h5 class=\"heading-m line line-above line--gold\">Envesta<\/h5>\n<p>\u00a0<\/p>\n<p class=\"paragraph-m\">En tiempos del \"cambio energ\u00e9tico\", ENVESTA lidera el camino con su compromiso con la generaci\u00f3n de energ\u00eda respetuosa con el medio ambiente a partir de fuentes dom\u00e9sticas y renovables: La energ\u00eda hidroel\u00e9ctrica, la fotovoltaica y la biomasa constituyen el n\u00facleo de la producci\u00f3n energ\u00e9tica. De este modo, las energ\u00edas dom\u00e9sticas y renovables se aprovechan de forma \u00f3ptima en la regi\u00f3n y contribuyen a una producci\u00f3n energ\u00e9tica respetuosa con el medio ambiente. En la actualidad, las centrales el\u00e9ctricas de ENVESTA generan unos 50 millones de kWh anuales y abastecen a la gran comunidad de Admont, ...<\/p>\n<p>\u00a0<\/p>\n<p>\u00a0<\/p>\n<h5 class=\"heading-m line line-above line--gold\">Raiffeisenbank Region Liezen<\/h5>\n<p>\u00a0<\/p>\n<p class=\"paragraph-m\">Desde 1865 nos esforzamos por satisfacer las necesidades especiales de nuestros clientes. Nuestro espacio vital debe estar en armon\u00eda con las personas y la naturaleza, y las tecnolog\u00edas modernas lo hacen posible. Queremos que nuestros clientes se sientan c\u00f3modos en sus casas. Esto requiere procesos fluidos y tecnolog\u00eda funcional que garanticen una vida sin preocupaciones. Para nosotros es importante aplicar nuestros conocimientos all\u00ed donde se necesitan. Realizamos soluciones desde viviendas unifamiliares hasta centrales el\u00e9ctricas industriales. La experiencia que adquirimos en el proceso fluye en todos los \u00e1mbitos de nuestro trabajo.<\/p>\n<\/div>\n                    \n                            <\/div>\n        \n            <\/div>\n<\/div>\n\n<\/section>","protected":false},"excerpt":{"rendered":"","protected":false},"author":20,"featured_media":0,"parent":21115,"menu_order":0,"comment_status":"closed","ping_status":"closed","template":"","meta":{"_acf_changed":false,"footnotes":""},"categories":[],"class_list":["post-21181","page","type-page","status-publish","hentry"],"acf":[],"yoast_head":"<!-- This site is optimized with the Yoast SEO Premium plugin v26.0 (Yoast SEO v26.8) - https:\/\/yoast.com\/product\/yoast-seo-premium-wordpress\/ -->\n<title>Advent-Partner - Stift Admont<\/title>\n<meta name=\"robots\" content=\"index, follow, max-snippet:-1, max-image-preview:large, max-video-preview:-1\" \/>\n<link rel=\"canonical\" href=\"https:\/\/stiftadmont.at\/es\/adviento-en-la-abadia-de-admont\/socio-advent\/\" \/>\n<meta property=\"og:locale\" content=\"es_ES\" \/>\n<meta property=\"og:type\" content=\"article\" \/>\n<meta property=\"og:title\" content=\"Advent-Partner\" \/>\n<meta property=\"og:url\" content=\"https:\/\/stiftadmont.at\/es\/adviento-en-la-abadia-de-admont\/socio-advent\/\" \/>\n<meta property=\"og:site_name\" content=\"Stift Admont\" \/>\n<meta property=\"article:modified_time\" content=\"2025-05-26T11:52:51+00:00\" \/>\n<meta property=\"og:image\" content=\"https:\/\/stiftadmont.at\/wp-content\/uploads\/Klosteranlage-innen.jpg\" \/>\n\t<meta property=\"og:image:width\" content=\"1912\" \/>\n\t<meta property=\"og:image:height\" content=\"1188\" \/>\n\t<meta property=\"og:image:type\" content=\"image\/jpeg\" \/>\n<meta name=\"twitter:card\" content=\"summary_large_image\" \/>\n<script type=\"application\/ld+json\" class=\"yoast-schema-graph\">{\"@context\":\"https:\/\/schema.org\",\"@graph\":[{\"@type\":\"WebPage\",\"@id\":\"https:\/\/stiftadmont.at\/advent-im-stift-admont\/advent-partner\/\",\"url\":\"https:\/\/stiftadmont.at\/advent-im-stift-admont\/advent-partner\/\",\"name\":\"Advent-Partner - Stift Admont\",\"isPartOf\":{\"@id\":\"https:\/\/stiftadmont.at\/#website\"},\"datePublished\":\"2023-10-06T07:20:52+00:00\",\"dateModified\":\"2025-05-26T11:52:51+00:00\",\"breadcrumb\":{\"@id\":\"https:\/\/stiftadmont.at\/advent-im-stift-admont\/advent-partner\/#breadcrumb\"},\"inLanguage\":\"es\",\"potentialAction\":[{\"@type\":\"ReadAction\",\"target\":[\"https:\/\/stiftadmont.at\/advent-im-stift-admont\/advent-partner\/\"]}]},{\"@type\":\"BreadcrumbList\",\"@id\":\"https:\/\/stiftadmont.at\/advent-im-stift-admont\/advent-partner\/#breadcrumb\",\"itemListElement\":[{\"@type\":\"ListItem\",\"position\":1,\"name\":\"Start\",\"item\":\"https:\/\/stiftadmont.at\/\"},{\"@type\":\"ListItem\",\"position\":2,\"name\":\"Advent im Stift Admont\",\"item\":\"https:\/\/stiftadmont.at\/advent-im-stift-admont\/\"},{\"@type\":\"ListItem\",\"position\":3,\"name\":\"Advent-Partner\"}]},{\"@type\":\"WebSite\",\"@id\":\"https:\/\/stiftadmont.at\/#website\",\"url\":\"https:\/\/stiftadmont.at\/\",\"name\":\"Stift Admont\",\"description\":\"Benediktinerkloster und Sehensw\u00fcrdigkeit im Ges\u00e4use\",\"potentialAction\":[{\"@type\":\"SearchAction\",\"target\":{\"@type\":\"EntryPoint\",\"urlTemplate\":\"https:\/\/stiftadmont.at\/?s={search_term_string}\"},\"query-input\":{\"@type\":\"PropertyValueSpecification\",\"valueRequired\":true,\"valueName\":\"search_term_string\"}}],\"inLanguage\":\"es\"}]}<\/script>\n<!-- \/ Yoast SEO Premium plugin. -->","yoast_head_json":{"title":"Socio de Adviento - Abad\u00eda de Admont","robots":{"index":"index","follow":"follow","max-snippet":"max-snippet:-1","max-image-preview":"max-image-preview:large","max-video-preview":"max-video-preview:-1"},"canonical":"https:\/\/stiftadmont.at\/es\/adviento-en-la-abadia-de-admont\/socio-advent\/","og_locale":"es_ES","og_type":"article","og_title":"Advent-Partner","og_url":"https:\/\/stiftadmont.at\/es\/adviento-en-la-abadia-de-admont\/socio-advent\/","og_site_name":"Stift Admont","article_modified_time":"2025-05-26T11:52:51+00:00","og_image":[{"width":1912,"height":1188,"url":"https:\/\/stiftadmont.at\/wp-content\/uploads\/Klosteranlage-innen.jpg","type":"image\/jpeg"}],"twitter_card":"summary_large_image","schema":{"@context":"https:\/\/schema.org","@graph":[{"@type":"WebPage","@id":"https:\/\/stiftadmont.at\/advent-im-stift-admont\/advent-partner\/","url":"https:\/\/stiftadmont.at\/advent-im-stift-admont\/advent-partner\/","name":"Socio de Adviento - Abad\u00eda de Admont","isPartOf":{"@id":"https:\/\/stiftadmont.at\/#website"},"datePublished":"2023-10-06T07:20:52+00:00","dateModified":"2025-05-26T11:52:51+00:00","breadcrumb":{"@id":"https:\/\/stiftadmont.at\/advent-im-stift-admont\/advent-partner\/#breadcrumb"},"inLanguage":"es","potentialAction":[{"@type":"ReadAction","target":["https:\/\/stiftadmont.at\/advent-im-stift-admont\/advent-partner\/"]}]},{"@type":"BreadcrumbList","@id":"https:\/\/stiftadmont.at\/advent-im-stift-admont\/advent-partner\/#breadcrumb","itemListElement":[{"@type":"ListItem","position":1,"name":"Start","item":"https:\/\/stiftadmont.at\/"},{"@type":"ListItem","position":2,"name":"Advent im Stift Admont","item":"https:\/\/stiftadmont.at\/advent-im-stift-admont\/"},{"@type":"ListItem","position":3,"name":"Advent-Partner"}]},{"@type":"WebSite","@id":"https:\/\/stiftadmont.at\/#website","url":"https:\/\/stiftadmont.at\/","name":"Abad\u00eda de Admont","description":"Monasterio benedictino y atracci\u00f3n tur\u00edstica en el Ges\u00e4use","potentialAction":[{"@type":"SearchAction","target":{"@type":"EntryPoint","urlTemplate":"https:\/\/stiftadmont.at\/?s={search_term_string}"},"query-input":{"@type":"PropertyValueSpecification","valueRequired":true,"valueName":"search_term_string"}}],"inLanguage":"es"}]}},"_links":{"self":[{"href":"https:\/\/stiftadmont.at\/es\/wp-json\/wp\/v2\/pages\/21181","targetHints":{"allow":["GET"]}}],"collection":[{"href":"https:\/\/stiftadmont.at\/es\/wp-json\/wp\/v2\/pages"}],"about":[{"href":"https:\/\/stiftadmont.at\/es\/wp-json\/wp\/v2\/types\/page"}],"author":[{"embeddable":true,"href":"https:\/\/stiftadmont.at\/es\/wp-json\/wp\/v2\/users\/20"}],"replies":[{"embeddable":true,"href":"https:\/\/stiftadmont.at\/es\/wp-json\/wp\/v2\/comments?post=21181"}],"version-history":[{"count":24,"href":"https:\/\/stiftadmont.at\/es\/wp-json\/wp\/v2\/pages\/21181\/revisions"}],"predecessor-version":[{"id":34975,"href":"https:\/\/stiftadmont.at\/es\/wp-json\/wp\/v2\/pages\/21181\/revisions\/34975"}],"up":[{"embeddable":true,"href":"https:\/\/stiftadmont.at\/es\/wp-json\/wp\/v2\/pages\/21115"}],"wp:attachment":[{"href":"https:\/\/stiftadmont.at\/es\/wp-json\/wp\/v2\/media?parent=21181"}],"wp:term":[{"taxonomy":"category","embeddable":true,"href":"https:\/\/stiftadmont.at\/es\/wp-json\/wp\/v2\/categories?post=21181"}],"curies":[{"name":"wp","href":"https:\/\/api.w.org\/{rel}","templated":true}]}}