{"id":21342,"date":"2023-10-06T09:32:03","date_gmt":"2023-10-06T07:32:03","guid":{"rendered":"https:\/\/stiftadmont.at\/?page_id=21342"},"modified":"2025-02-12T09:29:03","modified_gmt":"2025-02-12T07:29:03","slug":"proyecto-lider","status":"publish","type":"page","link":"https:\/\/stiftadmont.at\/es\/advent-im-stift-admont\/leader-projekt\/","title":{"rendered":"Proyecto Leader"},"content":{"rendered":"<section id='lightpress__section--block_7c7d402bd602dadda65a9a8b4bddcba2' class='lightpress__section--default-section-space lightpress__section lightpress__section--content'><div class=\"content__inner\"\n         x-init=\"initContentBlockAnim($el)\">\n        \n    <div class=\"content__grid content__grid--fifty-fifty\">\n                                            <div class=\"content__box content__box\"\n                 style=\"\">\n                                \n                \n                                            <div class=\"prose\"><h5 class=\"heading-m line line-above line--gold\">... \u00a1es muy navide\u00f1o...! Escaparates, luces de hadas, iluminaci\u00f3n festiva, ...\u00a0<\/h5>\n<p>\u00a0<\/p>\n<p class=\"paragraph-m\">Pero mientras muchos adultos se apresuran a desaprobar este periodo festivo de fin de a\u00f1o como un acontecimiento comercial y se quejan de la compra de regalos, las cenas festivas y el estr\u00e9s familiar, la \u00e9poca navide\u00f1a es y sigue siendo una experiencia m\u00e1gica, especialmente para los ni\u00f1os.<\/p>\n<p>\u00a0<\/p>\n<p class=\"paragraph-m\">Los mercados de Adviento, los calendarios de Adviento, las galletas, los adornos navide\u00f1os y, por supuesto, la ilusi\u00f3n por recibir un mont\u00f3n de bonitos regalos hacen que el coraz\u00f3n de los m\u00e1s peque\u00f1os lata m\u00e1s deprisa.<\/p>\n<p class=\"paragraph-m\">Como parte del mercado de Adviento en la Abad\u00eda de Admont, el objetivo es mostrar a los ni\u00f1os que la Navidad no es s\u00f3lo escaparates brillantes, regalos y dulces, sino tambi\u00e9n explicar el simbolismo y el trasfondo de esta celebraci\u00f3n festiva: \u00bfQu\u00e9 significan la Navidad y el Adviento? \u00bfPor qu\u00e9 es tan importante para los ni\u00f1os? \u00bfY qui\u00e9nes son el Ni\u00f1o Jes\u00fas, San Nicol\u00e1s, Knecht Ruprecht y Pap\u00e1 Noel?<\/p>\n<p class=\"paragraph-m\">En una \u00e9poca en la que nunca se insistir\u00e1 lo suficiente en la tolerancia y la apertura hacia otras religiones, la \u00e9poca navide\u00f1a es tambi\u00e9n una magn\u00edfica oportunidad para acercar nuestras tradiciones, costumbres y culturas, tanto propias como ajenas. El Adviento en la Abad\u00eda de Admont ofrece una buena oportunidad para ello y pretende familiarizar a los visitantes con algunos aspectos clave de las tradiciones y costumbres.<\/p>\n<p>\u00a0<\/p>\n<p class=\"paragraph-m\">El Adviento en la Abad\u00eda de Admont existe desde hace casi 20 a\u00f1os y no ha dejado de desarrollarse y ampliarse con el paso de los a\u00f1os. El acontecimiento se ha consolidado como un im\u00e1n tur\u00edstico y cultural. Cada a\u00f1o son m\u00e1s los visitantes que acuden a este acontecimiento, ya que no s\u00f3lo los lugare\u00f1os, sino tambi\u00e9n numerosos turistas quedan muy impresionados por este mercado de Adviento, el ambiente prenavide\u00f1o y el amplio programa de apoyo (especialmente para los ni\u00f1os).\u00a0<\/p>\n<p>\u00a0<\/p>\n<\/div>\n                    \n                            <\/div>\n        \n                                                    <div class=\"content__box content__box--2\"\n                     >\n                                        \n                    \n                                                <div class=\"content__media stickyTo\" x-init=\"imageSticky($el)\">\n\n                                                                                    <picture\n                                    class=\"content__image sticky\">\n                                <source srcset=\"https:\/\/stiftadmont.at\/wp-content\/uploads\/36_Admonter_Advent_2017_\u00a9StefanLeitner-e1648798842846-1024x768.webp\" type=\"image\/webp\">\n                                <source srcset=\"https:\/\/stiftadmont.at\/wp-content\/uploads\/36_Admonter_Advent_2017_\u00a9StefanLeitner-e1648798842846-1024x768.jpg\" type=\"image\/jpeg\">\n                                <img decoding=\"async\" class=\"sticky\" loading=\"lazy\" src=\"https:\/\/stiftadmont.at\/wp-content\/uploads\/36_Admonter_Advent_2017_\u00a9StefanLeitner-e1648798842846-1024x768.jpg\" alt=\"Adviento en la abad\u00eda de Admont \u00a9 Stefan Leitner\" \/>\n\n                                                                                                                            <\/picture>\n\n                        <\/div>\n\n                                    <\/div>\n            \n            <\/div>\n<\/div>\n\n<\/section>\n\n<section id='lightpress__section--block_d054771a3efac3a446aa2fcbe5067a5a' class='lightpress__section--default-section-space lightpress__section lightpress__section--content'><div class=\"content__inner\"\n         x-init=\"initContentBlockAnim($el)\">\n        \n    <div class=\"content__grid content__grid--fifty-fifty\">\n                                            <div class=\"content__box content__box\"\n                 style=\"\">\n                                \n                \n                                            <div class=\"prose\"><p class=\"paragraph-m\">Con este proyecto, la asociaci\u00f3n \"Advent im Stift Admont\" persigue el objetivo de profesionalizar las condiciones infraestructurales in situ y toda la comercializaci\u00f3n del acontecimiento. De este modo se garantizar\u00e1 la sostenibilidad del acontecimiento a largo plazo. En el futuro, el mercado de Adviento tambi\u00e9n tendr\u00e1 un car\u00e1cter de intercambio de conocimientos, de modo que la cultura (en el sentido de tradiciones y costumbres) se presente de una manera de bajo umbral y se facilite informaci\u00f3n al respecto.<\/p>\n<p class=\"paragraph-m\">\u00a0<\/p>\n<p class=\"paragraph-m\">Presentaci\u00f3n del proyecto completo a finales de septiembre de 2017.<\/p>\n<p class=\"paragraph-m\">Coste total del proyecto: 38.086,67<\/p>\n<p class=\"paragraph-m\">Importe m\u00e1ximo de la subvenci\u00f3n: 22.852,00 euros<\/p>\n<p class=\"paragraph-m\">Fecha de finalizaci\u00f3n: 31\/12\/2018<\/p>\n<\/div>\n                    \n                            <\/div>\n        \n                                                    <div class=\"content__box content__box--2\"\n                     >\n                                        \n                    \n                                                    <div class=\"prose\"><p class=\"paragraph-m\"><strong>Encontrar\u00e1 m\u00e1s informaci\u00f3n en:\u00a0<\/strong><\/p>\n<p class=\"paragraph-m\"><a href=\"http:\/\/www.landesentwicklung.steiermark.at\/cms\/ziel\/141980347\/DE\" target=\"_blank\" rel=\"noopener noreferrer\">www.landesentwicklung.steiermark.at<\/a><\/p>\n<p class=\"paragraph-m\"><a href=\"http:\/\/www.bmlrt.gv.at\/\">www.bmlrt.gv.at<\/a><\/p>\n<p class=\"paragraph-m\"><a href=\"http:\/\/ec.europa.eu\/agriculture\/rural-development-2014-2020_de\" target=\"_blank\" rel=\"noopener noreferrer\">ec.europa.eu<\/a><\/p>\n<p class=\"paragraph-m\"><a href=\"http:\/\/www.rml.at\/leader\" target=\"_blank\" rel=\"noopener noreferrer\">www.rml.at\/leader<\/a><\/p>\n<\/div>\n                        \n                                    <\/div>\n            \n            <\/div>\n<\/div>\n\n<\/section>\n\n<section id='lightpress__section--block_dc1227da9c26c644f20ecad72f10535c' class='lightpress__section lightpress__section--image lightpress__section-- lightpress__section--'>                        <img decoding=\"async\" src=\"https:\/\/stiftadmont.at\/wp-content\/uploads\/Foeg_Leiste-Bund_ELER_LAND_LEADER-EU-STMK-scaled.jpg\" alt=\"4 Foeg strip Federal+ELER+Land+Leader+EU 2022 4C\" \/>\n<\/section>\n\n<section id='lightpress__section--block_434c068ceed589ac6a5c1ab3a3c3cd6b' class='lightpress__section--default-section-space lightpress__section lightpress__section--content'><div class=\"content__inner\"\n         x-init=\"initContentBlockAnim($el)\">\n        \n    <div class=\"content__grid content__grid\">\n                                            <div class=\"content__box content__box--one-hundred\"\n                 style=\"\">\n                                \n                \n                                            <div class=\"prose\"><\/div>\n                    \n                            <\/div>\n        \n            <\/div>\n<\/div>\n\n<\/section>","protected":false},"excerpt":{"rendered":"","protected":false},"author":20,"featured_media":0,"parent":21115,"menu_order":0,"comment_status":"closed","ping_status":"closed","template":"","meta":{"_acf_changed":false,"footnotes":""},"categories":[],"class_list":["post-21342","page","type-page","status-publish","hentry"],"acf":[],"yoast_head":"<!-- This site is optimized with the Yoast SEO Premium plugin v26.0 (Yoast SEO v26.8) - https:\/\/yoast.com\/product\/yoast-seo-premium-wordpress\/ -->\n<title>Leader-Projekt - Stift Admont<\/title>\n<meta name=\"robots\" content=\"index, follow, max-snippet:-1, max-image-preview:large, max-video-preview:-1\" \/>\n<link rel=\"canonical\" href=\"https:\/\/stiftadmont.at\/es\/adviento-en-la-abadia-de-admont\/proyecto-lider\/\" \/>\n<meta property=\"og:locale\" content=\"es_ES\" \/>\n<meta property=\"og:type\" content=\"article\" \/>\n<meta property=\"og:title\" content=\"Leader-Projekt\" \/>\n<meta property=\"og:url\" content=\"https:\/\/stiftadmont.at\/es\/adviento-en-la-abadia-de-admont\/proyecto-lider\/\" \/>\n<meta property=\"og:site_name\" content=\"Stift Admont\" \/>\n<meta property=\"article:modified_time\" content=\"2025-02-12T07:29:03+00:00\" \/>\n<meta property=\"og:image\" content=\"https:\/\/stiftadmont.at\/wp-content\/uploads\/Klosteranlage-innen.jpg\" \/>\n\t<meta property=\"og:image:width\" content=\"1912\" \/>\n\t<meta property=\"og:image:height\" content=\"1188\" \/>\n\t<meta property=\"og:image:type\" content=\"image\/jpeg\" \/>\n<meta name=\"twitter:card\" content=\"summary_large_image\" \/>\n<script type=\"application\/ld+json\" class=\"yoast-schema-graph\">{\"@context\":\"https:\/\/schema.org\",\"@graph\":[{\"@type\":\"WebPage\",\"@id\":\"https:\/\/stiftadmont.at\/advent-im-stift-admont\/leader-projekt\/\",\"url\":\"https:\/\/stiftadmont.at\/advent-im-stift-admont\/leader-projekt\/\",\"name\":\"Leader-Projekt - Stift Admont\",\"isPartOf\":{\"@id\":\"https:\/\/stiftadmont.at\/#website\"},\"datePublished\":\"2023-10-06T07:32:03+00:00\",\"dateModified\":\"2025-02-12T07:29:03+00:00\",\"breadcrumb\":{\"@id\":\"https:\/\/stiftadmont.at\/advent-im-stift-admont\/leader-projekt\/#breadcrumb\"},\"inLanguage\":\"es\",\"potentialAction\":[{\"@type\":\"ReadAction\",\"target\":[\"https:\/\/stiftadmont.at\/advent-im-stift-admont\/leader-projekt\/\"]}]},{\"@type\":\"BreadcrumbList\",\"@id\":\"https:\/\/stiftadmont.at\/advent-im-stift-admont\/leader-projekt\/#breadcrumb\",\"itemListElement\":[{\"@type\":\"ListItem\",\"position\":1,\"name\":\"Start\",\"item\":\"https:\/\/stiftadmont.at\/\"},{\"@type\":\"ListItem\",\"position\":2,\"name\":\"Advent im Stift Admont\",\"item\":\"https:\/\/stiftadmont.at\/advent-im-stift-admont\/\"},{\"@type\":\"ListItem\",\"position\":3,\"name\":\"Leader-Projekt\"}]},{\"@type\":\"WebSite\",\"@id\":\"https:\/\/stiftadmont.at\/#website\",\"url\":\"https:\/\/stiftadmont.at\/\",\"name\":\"Stift Admont\",\"description\":\"Benediktinerkloster und Sehensw\u00fcrdigkeit im Ges\u00e4use\",\"potentialAction\":[{\"@type\":\"SearchAction\",\"target\":{\"@type\":\"EntryPoint\",\"urlTemplate\":\"https:\/\/stiftadmont.at\/?s={search_term_string}\"},\"query-input\":{\"@type\":\"PropertyValueSpecification\",\"valueRequired\":true,\"valueName\":\"search_term_string\"}}],\"inLanguage\":\"es\"}]}<\/script>\n<!-- \/ Yoast SEO Premium plugin. -->","yoast_head_json":{"title":"Proyecto Leader - Abad\u00eda de Admont","robots":{"index":"index","follow":"follow","max-snippet":"max-snippet:-1","max-image-preview":"max-image-preview:large","max-video-preview":"max-video-preview:-1"},"canonical":"https:\/\/stiftadmont.at\/es\/adviento-en-la-abadia-de-admont\/proyecto-lider\/","og_locale":"es_ES","og_type":"article","og_title":"Leader-Projekt","og_url":"https:\/\/stiftadmont.at\/es\/adviento-en-la-abadia-de-admont\/proyecto-lider\/","og_site_name":"Stift Admont","article_modified_time":"2025-02-12T07:29:03+00:00","og_image":[{"width":1912,"height":1188,"url":"https:\/\/stiftadmont.at\/wp-content\/uploads\/Klosteranlage-innen.jpg","type":"image\/jpeg"}],"twitter_card":"summary_large_image","schema":{"@context":"https:\/\/schema.org","@graph":[{"@type":"WebPage","@id":"https:\/\/stiftadmont.at\/advent-im-stift-admont\/leader-projekt\/","url":"https:\/\/stiftadmont.at\/advent-im-stift-admont\/leader-projekt\/","name":"Proyecto Leader - Abad\u00eda de Admont","isPartOf":{"@id":"https:\/\/stiftadmont.at\/#website"},"datePublished":"2023-10-06T07:32:03+00:00","dateModified":"2025-02-12T07:29:03+00:00","breadcrumb":{"@id":"https:\/\/stiftadmont.at\/advent-im-stift-admont\/leader-projekt\/#breadcrumb"},"inLanguage":"es","potentialAction":[{"@type":"ReadAction","target":["https:\/\/stiftadmont.at\/advent-im-stift-admont\/leader-projekt\/"]}]},{"@type":"BreadcrumbList","@id":"https:\/\/stiftadmont.at\/advent-im-stift-admont\/leader-projekt\/#breadcrumb","itemListElement":[{"@type":"ListItem","position":1,"name":"Start","item":"https:\/\/stiftadmont.at\/"},{"@type":"ListItem","position":2,"name":"Advent im Stift Admont","item":"https:\/\/stiftadmont.at\/advent-im-stift-admont\/"},{"@type":"ListItem","position":3,"name":"Leader-Projekt"}]},{"@type":"WebSite","@id":"https:\/\/stiftadmont.at\/#website","url":"https:\/\/stiftadmont.at\/","name":"Abad\u00eda de Admont","description":"Monasterio benedictino y atracci\u00f3n tur\u00edstica en el Ges\u00e4use","potentialAction":[{"@type":"SearchAction","target":{"@type":"EntryPoint","urlTemplate":"https:\/\/stiftadmont.at\/?s={search_term_string}"},"query-input":{"@type":"PropertyValueSpecification","valueRequired":true,"valueName":"search_term_string"}}],"inLanguage":"es"}]}},"_links":{"self":[{"href":"https:\/\/stiftadmont.at\/es\/wp-json\/wp\/v2\/pages\/21342","targetHints":{"allow":["GET"]}}],"collection":[{"href":"https:\/\/stiftadmont.at\/es\/wp-json\/wp\/v2\/pages"}],"about":[{"href":"https:\/\/stiftadmont.at\/es\/wp-json\/wp\/v2\/types\/page"}],"author":[{"embeddable":true,"href":"https:\/\/stiftadmont.at\/es\/wp-json\/wp\/v2\/users\/20"}],"replies":[{"embeddable":true,"href":"https:\/\/stiftadmont.at\/es\/wp-json\/wp\/v2\/comments?post=21342"}],"version-history":[{"count":24,"href":"https:\/\/stiftadmont.at\/es\/wp-json\/wp\/v2\/pages\/21342\/revisions"}],"predecessor-version":[{"id":32805,"href":"https:\/\/stiftadmont.at\/es\/wp-json\/wp\/v2\/pages\/21342\/revisions\/32805"}],"up":[{"embeddable":true,"href":"https:\/\/stiftadmont.at\/es\/wp-json\/wp\/v2\/pages\/21115"}],"wp:attachment":[{"href":"https:\/\/stiftadmont.at\/es\/wp-json\/wp\/v2\/media?parent=21342"}],"wp:term":[{"taxonomy":"category","embeddable":true,"href":"https:\/\/stiftadmont.at\/es\/wp-json\/wp\/v2\/categories?post=21342"}],"curies":[{"name":"wp","href":"https:\/\/api.w.org\/{rel}","templated":true}]}}