{"id":27123,"date":"2024-03-06T13:07:59","date_gmt":"2024-03-06T11:07:59","guid":{"rendered":"https:\/\/stiftadmont.at\/?page_id=27123"},"modified":"2025-03-07T10:41:46","modified_gmt":"2025-03-07T08:41:46","slug":"nivel-b-b4-espada","status":"publish","type":"page","link":"https:\/\/stiftadmont.at\/es\/gesundheitszentrum-admont\/ebene-b-b4-degen\/","title":{"rendered":"Nivel B | B4 - DEGEN"},"content":{"rendered":"<section id='lightpress__section--block_2be539abce70e1d72b52640eceb49b00' class='align-center lightpress__section--default-section-space lightpress__section lightpress__section--headline'><div class=\"headline__container\">\n            <h2 class=\"headline text--40 text-medium line line--gold line-above line-middle\">Nivel B4 - Andrea Degen<\/h2>\n        <p class=\"text-center text-gold text--20 text-medium text--uppercase\">Cuidado de pies y manos<\/p>\n        <div class=\"spacer--40\"><\/div>\n<\/div>\n\n<\/section>\n\n<section id='lightpress__section--block_58d847a262383375874fc9c89bd54e1e' class='lightpress__section--default-section-space lightpress__section lightpress__section--content'><div class=\"content__inner\"\n         x-init=\"initContentBlockAnim($el)\">\n        \n    <div class=\"content__grid content__grid--fifty-fifty\">\n                                            <div class=\"content__box content__box\"\n                 style=\"\">\n                                \n                \n                                            <div class=\"prose\"><p class=\"paragraph-m\">Tengo 51 a\u00f1os, estoy casada, soy madre de dos hijos mayores y procedo de los alrededores de Graz. Empec\u00e9 a trabajar como pod\u00f3loga en 1984 y trabajo de forma independiente en la regi\u00f3n de Estiria desde 2017. Desde noviembre de 2019 ofrezco mis servicios en el Centro de Salud Admont.<\/p>\n<p>\u00a0<\/p>\n<p class=\"paragraph-m\">Todos los martes de 08:00 a 17:00, con cita previa por tel\u00e9fono.<\/p>\n<p>\u00a0<\/p>\n<p class=\"paragraph-m\"><strong>Mi oferta para ti:<\/strong><\/p>\n<p>\u00a0<\/p>\n<ul>\n<li class=\"paragraph-m\">Cuidado de los pies<\/li>\n<li class=\"paragraph-m\">Manicura<\/li>\n<li class=\"paragraph-m\">Masaje de pies o manos<\/li>\n<\/ul>\n<p>\u00a0<\/p>\n<p class=\"paragraph-m\">Espero poder darle pronto la bienvenida como cliente.<\/p>\n<p><span data-mce-type=\"bookmark\" style=\"display: inline-block; width: 0px; overflow: hidden; line-height: 0;\" class=\"mce_SELRES_start\"><\/span><\/p>\n<\/div>\n                    \n                            <\/div>\n        \n                                                    <div class=\"content__box content__box--2\"\n                     >\n                                        \n                    \n                                                    <div class=\"prose\"><h5 class=\"heading-m line line-above line--gold\">P\u00f3ngase en contacto con nosotros<\/h5>\n<p>\u00a0<\/p>\n<p>Centro de Salud de Admont<\/p>\n<p>Andrea Degen<\/p>\n<p class=\"paragraph-m\">Calle principal 167<br \/>8911 Admont<\/p>\n<p>\u00a0<\/p>\n<p><a class=\"phone\" href=\"tel:+436645204293\"><span class=\"icon-outer\"><i class=\"fa-light fa-phone\"><\/i><\/span>+43 (0)664 \/ 5204293<\/a><\/p>\n<p>\u00a0<\/p>\n<p>\u00a0<\/p>\n<h5 class=\"heading-m line line-above line--gold\"><strong>Horarios de apertura<\/strong><\/h5>\n<h5>\u00a0<\/h5>\n<p class=\"paragraph-m\">Martes de 08:00 a 17:00 previa cita telef\u00f3nica<\/p>\n<\/div>\n                        \n                                    <\/div>\n            \n            <\/div>\n<\/div>\n\n<\/section>","protected":false},"excerpt":{"rendered":"","protected":false},"author":7,"featured_media":0,"parent":545,"menu_order":0,"comment_status":"closed","ping_status":"closed","template":"","meta":{"_acf_changed":false,"footnotes":""},"categories":[],"class_list":["post-27123","page","type-page","status-publish","hentry"],"acf":[],"yoast_head":"<!-- This site is optimized with the Yoast SEO Premium plugin v26.0 (Yoast SEO v26.8) - https:\/\/yoast.com\/product\/yoast-seo-premium-wordpress\/ -->\n<title>Ebene B | B4 \u2013 DEGEN - Stift Admont<\/title>\n<meta name=\"robots\" content=\"index, follow, max-snippet:-1, max-image-preview:large, max-video-preview:-1\" \/>\n<link rel=\"canonical\" href=\"https:\/\/stiftadmont.at\/es\/centro-de-salud-de-admont\/nivel-b-b4-espada\/\" \/>\n<meta property=\"og:locale\" content=\"es_ES\" \/>\n<meta property=\"og:type\" content=\"article\" \/>\n<meta property=\"og:title\" content=\"Ebene B | B4 \u2013 DEGEN\" \/>\n<meta property=\"og:url\" content=\"https:\/\/stiftadmont.at\/es\/centro-de-salud-de-admont\/nivel-b-b4-espada\/\" \/>\n<meta property=\"og:site_name\" content=\"Stift Admont\" \/>\n<meta property=\"article:modified_time\" content=\"2025-03-07T08:41:46+00:00\" \/>\n<meta property=\"og:image\" content=\"https:\/\/stiftadmont.at\/wp-content\/uploads\/Klosteranlage-innen.jpg\" \/>\n\t<meta property=\"og:image:width\" content=\"1912\" \/>\n\t<meta property=\"og:image:height\" content=\"1188\" \/>\n\t<meta property=\"og:image:type\" content=\"image\/jpeg\" \/>\n<meta name=\"twitter:card\" content=\"summary_large_image\" \/>\n<script type=\"application\/ld+json\" class=\"yoast-schema-graph\">{\"@context\":\"https:\/\/schema.org\",\"@graph\":[{\"@type\":\"WebPage\",\"@id\":\"https:\/\/stiftadmont.at\/gesundheitszentrum-admont\/ebene-b-b4-degen\/\",\"url\":\"https:\/\/stiftadmont.at\/gesundheitszentrum-admont\/ebene-b-b4-degen\/\",\"name\":\"Ebene B | B4 \u2013 DEGEN - Stift Admont\",\"isPartOf\":{\"@id\":\"https:\/\/stiftadmont.at\/#website\"},\"datePublished\":\"2024-03-06T11:07:59+00:00\",\"dateModified\":\"2025-03-07T08:41:46+00:00\",\"breadcrumb\":{\"@id\":\"https:\/\/stiftadmont.at\/gesundheitszentrum-admont\/ebene-b-b4-degen\/#breadcrumb\"},\"inLanguage\":\"es\",\"potentialAction\":[{\"@type\":\"ReadAction\",\"target\":[\"https:\/\/stiftadmont.at\/gesundheitszentrum-admont\/ebene-b-b4-degen\/\"]}]},{\"@type\":\"BreadcrumbList\",\"@id\":\"https:\/\/stiftadmont.at\/gesundheitszentrum-admont\/ebene-b-b4-degen\/#breadcrumb\",\"itemListElement\":[{\"@type\":\"ListItem\",\"position\":1,\"name\":\"Start\",\"item\":\"https:\/\/stiftadmont.at\/\"},{\"@type\":\"ListItem\",\"position\":2,\"name\":\"Gesundheitszentrum Admont\",\"item\":\"https:\/\/stiftadmont.at\/gesundheitszentrum-admont\/\"},{\"@type\":\"ListItem\",\"position\":3,\"name\":\"Ebene B | B4 \u2013 DEGEN\"}]},{\"@type\":\"WebSite\",\"@id\":\"https:\/\/stiftadmont.at\/#website\",\"url\":\"https:\/\/stiftadmont.at\/\",\"name\":\"Stift Admont\",\"description\":\"Benediktinerkloster und Sehensw\u00fcrdigkeit im Ges\u00e4use\",\"potentialAction\":[{\"@type\":\"SearchAction\",\"target\":{\"@type\":\"EntryPoint\",\"urlTemplate\":\"https:\/\/stiftadmont.at\/?s={search_term_string}\"},\"query-input\":{\"@type\":\"PropertyValueSpecification\",\"valueRequired\":true,\"valueName\":\"search_term_string\"}}],\"inLanguage\":\"es\"}]}<\/script>\n<!-- \/ Yoast SEO Premium plugin. -->","yoast_head_json":{"title":"Nivel B | B4 - DEGEN - Abad\u00eda de Admont","robots":{"index":"index","follow":"follow","max-snippet":"max-snippet:-1","max-image-preview":"max-image-preview:large","max-video-preview":"max-video-preview:-1"},"canonical":"https:\/\/stiftadmont.at\/es\/centro-de-salud-de-admont\/nivel-b-b4-espada\/","og_locale":"es_ES","og_type":"article","og_title":"Ebene B | B4 \u2013 DEGEN","og_url":"https:\/\/stiftadmont.at\/es\/centro-de-salud-de-admont\/nivel-b-b4-espada\/","og_site_name":"Stift Admont","article_modified_time":"2025-03-07T08:41:46+00:00","og_image":[{"width":1912,"height":1188,"url":"https:\/\/stiftadmont.at\/wp-content\/uploads\/Klosteranlage-innen.jpg","type":"image\/jpeg"}],"twitter_card":"summary_large_image","schema":{"@context":"https:\/\/schema.org","@graph":[{"@type":"WebPage","@id":"https:\/\/stiftadmont.at\/gesundheitszentrum-admont\/ebene-b-b4-degen\/","url":"https:\/\/stiftadmont.at\/gesundheitszentrum-admont\/ebene-b-b4-degen\/","name":"Nivel B | B4 - DEGEN - Abad\u00eda de Admont","isPartOf":{"@id":"https:\/\/stiftadmont.at\/#website"},"datePublished":"2024-03-06T11:07:59+00:00","dateModified":"2025-03-07T08:41:46+00:00","breadcrumb":{"@id":"https:\/\/stiftadmont.at\/gesundheitszentrum-admont\/ebene-b-b4-degen\/#breadcrumb"},"inLanguage":"es","potentialAction":[{"@type":"ReadAction","target":["https:\/\/stiftadmont.at\/gesundheitszentrum-admont\/ebene-b-b4-degen\/"]}]},{"@type":"BreadcrumbList","@id":"https:\/\/stiftadmont.at\/gesundheitszentrum-admont\/ebene-b-b4-degen\/#breadcrumb","itemListElement":[{"@type":"ListItem","position":1,"name":"Start","item":"https:\/\/stiftadmont.at\/"},{"@type":"ListItem","position":2,"name":"Gesundheitszentrum Admont","item":"https:\/\/stiftadmont.at\/gesundheitszentrum-admont\/"},{"@type":"ListItem","position":3,"name":"Ebene B | B4 \u2013 DEGEN"}]},{"@type":"WebSite","@id":"https:\/\/stiftadmont.at\/#website","url":"https:\/\/stiftadmont.at\/","name":"Abad\u00eda de Admont","description":"Monasterio benedictino y atracci\u00f3n tur\u00edstica en el Ges\u00e4use","potentialAction":[{"@type":"SearchAction","target":{"@type":"EntryPoint","urlTemplate":"https:\/\/stiftadmont.at\/?s={search_term_string}"},"query-input":{"@type":"PropertyValueSpecification","valueRequired":true,"valueName":"search_term_string"}}],"inLanguage":"es"}]}},"_links":{"self":[{"href":"https:\/\/stiftadmont.at\/es\/wp-json\/wp\/v2\/pages\/27123","targetHints":{"allow":["GET"]}}],"collection":[{"href":"https:\/\/stiftadmont.at\/es\/wp-json\/wp\/v2\/pages"}],"about":[{"href":"https:\/\/stiftadmont.at\/es\/wp-json\/wp\/v2\/types\/page"}],"author":[{"embeddable":true,"href":"https:\/\/stiftadmont.at\/es\/wp-json\/wp\/v2\/users\/7"}],"replies":[{"embeddable":true,"href":"https:\/\/stiftadmont.at\/es\/wp-json\/wp\/v2\/comments?post=27123"}],"version-history":[{"count":26,"href":"https:\/\/stiftadmont.at\/es\/wp-json\/wp\/v2\/pages\/27123\/revisions"}],"predecessor-version":[{"id":33219,"href":"https:\/\/stiftadmont.at\/es\/wp-json\/wp\/v2\/pages\/27123\/revisions\/33219"}],"up":[{"embeddable":true,"href":"https:\/\/stiftadmont.at\/es\/wp-json\/wp\/v2\/pages\/545"}],"wp:attachment":[{"href":"https:\/\/stiftadmont.at\/es\/wp-json\/wp\/v2\/media?parent=27123"}],"wp:term":[{"taxonomy":"category","embeddable":true,"href":"https:\/\/stiftadmont.at\/es\/wp-json\/wp\/v2\/categories?post=27123"}],"curies":[{"name":"wp","href":"https:\/\/api.w.org\/{rel}","templated":true}]}}