{"id":27126,"date":"2024-03-06T13:08:29","date_gmt":"2024-03-06T11:08:29","guid":{"rendered":"https:\/\/stiftadmont.at\/?page_id=27126"},"modified":"2025-03-07T10:49:03","modified_gmt":"2025-03-07T08:49:03","slug":"nivel-b-b4-hofsteatter","status":"publish","type":"page","link":"https:\/\/stiftadmont.at\/es\/gesundheitszentrum-admont\/ebene-b-b4-hofsteatter\/","title":{"rendered":"Nivel B | B4 - HOFST\u00c4TTER"},"content":{"rendered":"<section id='lightpress__section--block_631f3da4489e59b2349487783cec66a4' class='align-center lightpress__section--default-section-space lightpress__section lightpress__section--headline'><div class=\"headline__container\">\n            <h2 class=\"headline text--40 text-medium line line--gold line-above line-middle\">Nivel B4 - Gabriele Hofst\u00e4tter<\/h2>\n        <p class=\"text-center text-gold text--20 text-medium text--uppercase\">Masajista comercial, Dip. Practicante de Shiatsu <\/p>\n        <div class=\"spacer--40\"><\/div>\n<\/div>\n\n<\/section>\n\n<section id='lightpress__section--block_0dbaacc66cfae3e683e4c1ec1c825c35' class='bg--beige lightpress__section--colored-bg lightpress__section--default-section-space lightpress__section lightpress__section--content'><div class=\"content__inner\"\n         x-init=\"initContentBlockAnim($el)\">\n        \n    <div class=\"content__grid content__grid--fifty-fifty\">\n                                            <div class=\"content__box content__box\"\n                 style=\"\">\n                                \n                \n                                            <div class=\"prose\"><h5 class=\"heading-m line line-above line--gold\">Masaje curativo \/ masaje corporal completo o parcial<\/h5>\n<p>\u00a0<\/p>\n<p class=\"paragraph-m\">La tensi\u00f3n y el endurecimiento de los m\u00fasculos se liberan mediante caricias, amasamientos y diversos agarres. Se consigue una circulaci\u00f3n sangu\u00ednea \u00f3ptima en los tejidos.<\/p>\n<p>\u00a0<\/p>\n<p>\u00a0<\/p>\n<h5 class=\"heading-m line line-above line--gold\">Tratamiento Shiatsu<\/h5>\n<p>\u00a0<\/p>\n<p class=\"paragraph-m\">M\u00e9todo curativo hol\u00edstico procedente del Lejano Oriente para armonizar el flujo de energ\u00eda. Se ejerce presi\u00f3n sobre los puntos meridianos con los dedos y el pulpejo de la mano. El tratamiento se adapta a las necesidades y deseos del cliente.<\/p>\n<p>\u00a0<\/p>\n<p>\u00a0<\/p>\n<h5 class=\"heading-m line line-above line--gold\">Carrocer\u00eda Quantum<\/h5>\n<p>\u00a0<\/p>\n<p class=\"paragraph-m\">Tratamiento cr\u00e1neo-sacral<\/p>\n<h6>\u00a0<\/h6>\n<h6>\u00a0<\/h6>\n<h6>\u00a0<\/h6>\n<h5 class=\"heading-m line line-above line--gold\">Masaje reflexol\u00f3gico podal<\/h5>\n<p>\u00a0<\/p>\n<p class=\"paragraph-m\">Todos los \u00f3rganos y partes del cuerpo tienen zonas reflejas asociadas en el pie. Estas se estimulan para que se curen a s\u00ed mismas mediante un masaje de presi\u00f3n especial.<\/p>\n<\/div>\n                    \n                            <\/div>\n        \n                                                    <div class=\"content__box content__box--2\"\n                     >\n                                        \n                    \n                                                    <div class=\"prose\"><h5 class=\"heading-m line line-above line--gold\">Drenaje linf\u00e1tico<\/h5>\n<p>\u00a0<\/p>\n<p class=\"paragraph-m\">Se utiliza una t\u00e9cnica suave especial para estimular el flujo linf\u00e1tico y eliminar las toxinas almacenadas y los productos de desecho.<\/p>\n<h6>\u00a0<\/h6>\n<h6>\u00a0<\/h6>\n<h6>\u00a0<\/h6>\n<h5 class=\"heading-m line line-above line--gold\">Somm terapia con infrarrojos<\/h5>\n<p>\u00a0<\/p>\n<p class=\"paragraph-m\">Un m\u00e9todo que armoniza a largo plazo los circuitos de control del organismo.<\/p>\n<p>\u00a0<\/p>\n<p class=\"paragraph-m\">-\u00a0<strong>Microvibraci\u00f3n\u00a0<\/strong>act\u00faa sobre las c\u00e9lulas del organismo.<br \/>-\u00a0<strong>Vibraciones\u00a0<\/strong>se perciben en la gama audible, como sonidos y m\u00fasica.<br \/>-\u00a0<strong>Resonancia electromagn\u00e9tica<\/strong>\u00a0estimula principalmente todo el metabolismo celular.<br \/>-\u00a0<strong>Infrarrojos\u00a0<\/strong>con calor profundo garantiza una mejor circulaci\u00f3n sangu\u00ednea y desintoxicaci\u00f3n.<\/p>\n<\/div>\n                        \n                                    <\/div>\n            \n            <\/div>\n<\/div>\n\n    <div class=\"background__container background__container--beige\">\n    <\/div>\n\n<\/section>\n\n<section id='lightpress__section--block_c9cd3820fea29a85ce12f8ea094aaf83' class='lightpress__section--default-section-space lightpress__section lightpress__section--content'><div class=\"content__inner\"\n         x-init=\"initContentBlockAnim($el)\">\n        \n    <div class=\"content__grid content__grid--fifty-fifty\">\n                                            <div class=\"content__box content__box\"\n                 style=\"\">\n                                \n                \n                                            <div class=\"prose\"><h5 class=\"heading-m line line-above line--gold\">P\u00f3ngase en contacto con nosotros<\/h5>\n<p>\u00a0<\/p>\n<p>Centro de Salud de Admont<\/p>\n<p>Gabriele Hofst\u00e4tter<\/p>\n<p class=\"paragraph-m\">Calle principal 167<br \/>8911 Admont<\/p>\n<p>\u00a0<\/p>\n<p><a class=\"phone\" href=\"tel:+436641547973\"><span class=\"icon-outer\"><i class=\"fa-light fa-phone\"><\/i><\/span>+43 (0)664 \/ 1547973<\/a><\/p>\n<p>\u00a0<\/p>\n<p>\u00a0<\/p>\n<p>\u00a0<\/p>\n<h5 class=\"heading-m line line-above line--gold\"><strong>Horarios de apertura<\/strong><\/h5>\n<h5>\u00a0<\/h5>\n<p class=\"paragraph-m\">De lunes a viernes de 08:00 a 18:00<\/p>\n<\/div>\n                    \n                            <\/div>\n        \n                                                    <div class=\"content__box content__box--2\"\n                     >\n                                        \n                    \n                                                <div class=\"content__media stickyTo\" x-init=\"imageSticky($el)\">\n\n                                                                                    <picture\n                                    class=\"content__image sticky\">\n                                <source srcset=\"https:\/\/stiftadmont.at\/wp-content\/uploads\/Gesundheitszentrum_aussen-\u00a9Thoms-Sattler_www_Neu-1024x683.webp\" type=\"image\/webp\">\n                                <source srcset=\"https:\/\/stiftadmont.at\/wp-content\/uploads\/Gesundheitszentrum_aussen-\u00a9Thoms-Sattler_www_Neu-1024x683.jpg\" type=\"image\/jpeg\">\n                                <img decoding=\"async\" class=\"sticky\" loading=\"lazy\" src=\"https:\/\/stiftadmont.at\/wp-content\/uploads\/Gesundheitszentrum_aussen-\u00a9Thoms-Sattler_www_Neu-1024x683.jpg\"\n                                     alt=\"Exterior del centro de salud \u00a9Thoms Sattler www Neu scaled\">\n\n                                                                                                                            <\/picture>\n\n                        <\/div>\n\n                                    <\/div>\n            \n            <\/div>\n<\/div>\n\n<\/section>","protected":false},"excerpt":{"rendered":"","protected":false},"author":7,"featured_media":0,"parent":545,"menu_order":0,"comment_status":"closed","ping_status":"closed","template":"","meta":{"_acf_changed":false,"footnotes":""},"categories":[],"class_list":["post-27126","page","type-page","status-publish","hentry"],"acf":[],"yoast_head":"<!-- This site is optimized with the Yoast SEO Premium plugin v26.0 (Yoast SEO v26.8) - https:\/\/yoast.com\/product\/yoast-seo-premium-wordpress\/ -->\n<title>Ebene B | B4 \u2013 HOFST\u00c4TTER - Stift Admont<\/title>\n<meta name=\"robots\" content=\"index, follow, max-snippet:-1, max-image-preview:large, max-video-preview:-1\" \/>\n<link rel=\"canonical\" href=\"https:\/\/stiftadmont.at\/es\/centro-de-salud-de-admont\/nivel-b-b4-hofsteatter\/\" \/>\n<meta property=\"og:locale\" content=\"es_ES\" \/>\n<meta property=\"og:type\" content=\"article\" \/>\n<meta property=\"og:title\" content=\"Ebene B | B4 \u2013 HOFST\u00c4TTER\" \/>\n<meta property=\"og:url\" content=\"https:\/\/stiftadmont.at\/es\/centro-de-salud-de-admont\/nivel-b-b4-hofsteatter\/\" \/>\n<meta property=\"og:site_name\" content=\"Stift Admont\" \/>\n<meta property=\"article:modified_time\" content=\"2025-03-07T08:49:03+00:00\" \/>\n<meta property=\"og:image\" content=\"https:\/\/stiftadmont.at\/wp-content\/uploads\/Klosteranlage-innen.jpg\" \/>\n\t<meta property=\"og:image:width\" content=\"1912\" \/>\n\t<meta property=\"og:image:height\" content=\"1188\" \/>\n\t<meta property=\"og:image:type\" content=\"image\/jpeg\" \/>\n<meta name=\"twitter:card\" content=\"summary_large_image\" \/>\n<script type=\"application\/ld+json\" class=\"yoast-schema-graph\">{\"@context\":\"https:\/\/schema.org\",\"@graph\":[{\"@type\":\"WebPage\",\"@id\":\"https:\/\/stiftadmont.at\/gesundheitszentrum-admont\/ebene-b-b4-hofsteatter\/\",\"url\":\"https:\/\/stiftadmont.at\/gesundheitszentrum-admont\/ebene-b-b4-hofsteatter\/\",\"name\":\"Ebene B | B4 \u2013 HOFST\u00c4TTER - Stift Admont\",\"isPartOf\":{\"@id\":\"https:\/\/stiftadmont.at\/#website\"},\"datePublished\":\"2024-03-06T11:08:29+00:00\",\"dateModified\":\"2025-03-07T08:49:03+00:00\",\"breadcrumb\":{\"@id\":\"https:\/\/stiftadmont.at\/gesundheitszentrum-admont\/ebene-b-b4-hofsteatter\/#breadcrumb\"},\"inLanguage\":\"es\",\"potentialAction\":[{\"@type\":\"ReadAction\",\"target\":[\"https:\/\/stiftadmont.at\/gesundheitszentrum-admont\/ebene-b-b4-hofsteatter\/\"]}]},{\"@type\":\"BreadcrumbList\",\"@id\":\"https:\/\/stiftadmont.at\/gesundheitszentrum-admont\/ebene-b-b4-hofsteatter\/#breadcrumb\",\"itemListElement\":[{\"@type\":\"ListItem\",\"position\":1,\"name\":\"Start\",\"item\":\"https:\/\/stiftadmont.at\/\"},{\"@type\":\"ListItem\",\"position\":2,\"name\":\"Gesundheitszentrum Admont\",\"item\":\"https:\/\/stiftadmont.at\/gesundheitszentrum-admont\/\"},{\"@type\":\"ListItem\",\"position\":3,\"name\":\"Ebene B | B4 \u2013 HOFST\u00c4TTER\"}]},{\"@type\":\"WebSite\",\"@id\":\"https:\/\/stiftadmont.at\/#website\",\"url\":\"https:\/\/stiftadmont.at\/\",\"name\":\"Stift Admont\",\"description\":\"Benediktinerkloster und Sehensw\u00fcrdigkeit im Ges\u00e4use\",\"potentialAction\":[{\"@type\":\"SearchAction\",\"target\":{\"@type\":\"EntryPoint\",\"urlTemplate\":\"https:\/\/stiftadmont.at\/?s={search_term_string}\"},\"query-input\":{\"@type\":\"PropertyValueSpecification\",\"valueRequired\":true,\"valueName\":\"search_term_string\"}}],\"inLanguage\":\"es\"}]}<\/script>\n<!-- \/ Yoast SEO Premium plugin. -->","yoast_head_json":{"title":"Nivel B | B4 - HOFST\u00c4TTER - Abad\u00eda de Admont","robots":{"index":"index","follow":"follow","max-snippet":"max-snippet:-1","max-image-preview":"max-image-preview:large","max-video-preview":"max-video-preview:-1"},"canonical":"https:\/\/stiftadmont.at\/es\/centro-de-salud-de-admont\/nivel-b-b4-hofsteatter\/","og_locale":"es_ES","og_type":"article","og_title":"Ebene B | B4 \u2013 HOFST\u00c4TTER","og_url":"https:\/\/stiftadmont.at\/es\/centro-de-salud-de-admont\/nivel-b-b4-hofsteatter\/","og_site_name":"Stift Admont","article_modified_time":"2025-03-07T08:49:03+00:00","og_image":[{"width":1912,"height":1188,"url":"https:\/\/stiftadmont.at\/wp-content\/uploads\/Klosteranlage-innen.jpg","type":"image\/jpeg"}],"twitter_card":"summary_large_image","schema":{"@context":"https:\/\/schema.org","@graph":[{"@type":"WebPage","@id":"https:\/\/stiftadmont.at\/gesundheitszentrum-admont\/ebene-b-b4-hofsteatter\/","url":"https:\/\/stiftadmont.at\/gesundheitszentrum-admont\/ebene-b-b4-hofsteatter\/","name":"Nivel B | B4 - HOFST\u00c4TTER - Abad\u00eda de Admont","isPartOf":{"@id":"https:\/\/stiftadmont.at\/#website"},"datePublished":"2024-03-06T11:08:29+00:00","dateModified":"2025-03-07T08:49:03+00:00","breadcrumb":{"@id":"https:\/\/stiftadmont.at\/gesundheitszentrum-admont\/ebene-b-b4-hofsteatter\/#breadcrumb"},"inLanguage":"es","potentialAction":[{"@type":"ReadAction","target":["https:\/\/stiftadmont.at\/gesundheitszentrum-admont\/ebene-b-b4-hofsteatter\/"]}]},{"@type":"BreadcrumbList","@id":"https:\/\/stiftadmont.at\/gesundheitszentrum-admont\/ebene-b-b4-hofsteatter\/#breadcrumb","itemListElement":[{"@type":"ListItem","position":1,"name":"Start","item":"https:\/\/stiftadmont.at\/"},{"@type":"ListItem","position":2,"name":"Gesundheitszentrum Admont","item":"https:\/\/stiftadmont.at\/gesundheitszentrum-admont\/"},{"@type":"ListItem","position":3,"name":"Ebene B | B4 \u2013 HOFST\u00c4TTER"}]},{"@type":"WebSite","@id":"https:\/\/stiftadmont.at\/#website","url":"https:\/\/stiftadmont.at\/","name":"Abad\u00eda de Admont","description":"Monasterio benedictino y atracci\u00f3n tur\u00edstica en el Ges\u00e4use","potentialAction":[{"@type":"SearchAction","target":{"@type":"EntryPoint","urlTemplate":"https:\/\/stiftadmont.at\/?s={search_term_string}"},"query-input":{"@type":"PropertyValueSpecification","valueRequired":true,"valueName":"search_term_string"}}],"inLanguage":"es"}]}},"_links":{"self":[{"href":"https:\/\/stiftadmont.at\/es\/wp-json\/wp\/v2\/pages\/27126","targetHints":{"allow":["GET"]}}],"collection":[{"href":"https:\/\/stiftadmont.at\/es\/wp-json\/wp\/v2\/pages"}],"about":[{"href":"https:\/\/stiftadmont.at\/es\/wp-json\/wp\/v2\/types\/page"}],"author":[{"embeddable":true,"href":"https:\/\/stiftadmont.at\/es\/wp-json\/wp\/v2\/users\/7"}],"replies":[{"embeddable":true,"href":"https:\/\/stiftadmont.at\/es\/wp-json\/wp\/v2\/comments?post=27126"}],"version-history":[{"count":18,"href":"https:\/\/stiftadmont.at\/es\/wp-json\/wp\/v2\/pages\/27126\/revisions"}],"predecessor-version":[{"id":33225,"href":"https:\/\/stiftadmont.at\/es\/wp-json\/wp\/v2\/pages\/27126\/revisions\/33225"}],"up":[{"embeddable":true,"href":"https:\/\/stiftadmont.at\/es\/wp-json\/wp\/v2\/pages\/545"}],"wp:attachment":[{"href":"https:\/\/stiftadmont.at\/es\/wp-json\/wp\/v2\/media?parent=27126"}],"wp:term":[{"taxonomy":"category","embeddable":true,"href":"https:\/\/stiftadmont.at\/es\/wp-json\/wp\/v2\/categories?post=27126"}],"curies":[{"name":"wp","href":"https:\/\/api.w.org\/{rel}","templated":true}]}}