{"id":27272,"date":"2024-03-20T13:04:45","date_gmt":"2024-03-20T11:04:45","guid":{"rendered":"https:\/\/stiftadmont.at\/?page_id=27272"},"modified":"2025-02-05T11:57:59","modified_gmt":"2025-02-05T09:57:59","slug":"patrocinadores-exclusivos","status":"publish","type":"page","link":"https:\/\/stiftadmont.at\/es\/950-jahre-stift-admont\/exklusivsponsoren\/","title":{"rendered":"Patrocinadores exclusivos"},"content":{"rendered":"<section id='lightpress__section--block_fa507713c3502512717a9305baf2dbf0' class='lightpress__section--default-section-space lightpress__section lightpress__section--content'><div class=\"content__inner\"\n         x-init=\"initContentBlockAnim($el)\">\n        \n    <div class=\"content__grid content__grid--forty-sixty\">\n                                            <div class=\"content__box content__box\"\n                 style=\"\">\n                                \n                \n                                            <div class=\"prose\"><h5 class=\"heading-m line line-above line--gold\">Grazer Wechselseitige Versicherung AG<\/h5>\n<p>\u00a0<\/p>\n<p><strong>Una asociaci\u00f3n para la tradici\u00f3n y el futuro:<\/strong><br \/><strong>Grazer Wechselseitige Versicherung AG felicita a la Abad\u00eda de Admont por su 950 aniversario<\/strong><\/p>\n<p>\u00a0<\/p>\n<p>Grazer Wechselseitige Versicherung AG ha sido un orgulloso socio de Admont Abbey durante muchos a\u00f1os y, en nombre de nuestra empresa, me gustar\u00eda felicitarles por su 950 aniversario.<\/p>\n<p>\"En la unidad de muchos reside el poder que produce el bien. Es tarea de todos contribuir a ello\". Esta cita procede del Archiduque Johann, que fund\u00f3 GRAWE en 1828 y sigue inspir\u00e1ndonos como empresa hasta el d\u00eda de hoy.<\/p>\n<p>\u00a0<\/p>\n<p>La Abad\u00eda de Admont es una joya hist\u00f3rica de Estiria que combina un rico pasado con un futuro prometedor. Junto con la Abad\u00eda de Admont y otros simpatizantes, nos esforzamos por preservar el patrimonio cultural para las generaciones futuras.<\/p>\n<p>\u00a0<\/p>\n<p>La abad\u00eda de Admont es algo m\u00e1s que un lugar hist\u00f3rico. Es una fuente de inspiraci\u00f3n y alberga tesoros que conservan el conocimiento y la sabidur\u00eda de tiempos pasados. Como empresa que apuesta por la innovaci\u00f3n sin descuidar sus ra\u00edces tradicionales, nos sentimos honrados de contribuir a la conservaci\u00f3n del patrimonio de la Abad\u00eda de Admont.<\/p>\n<p>\u00a0<\/p>\n<p>Nuestra asociaci\u00f3n con la Abad\u00eda de Admont se caracteriza por la confianza y los valores compartidos. Creemos que combinar tradici\u00f3n e innovaci\u00f3n es la clave de un futuro pr\u00f3spero. Con nuestro apoyo, no solo queremos honrar el aniversario, sino tambi\u00e9n reforzar la misi\u00f3n del monasterio de preservar el pasado y forjar el futuro.<\/p>\n<p>\u00a0<\/p>\n<p>Enhorabuena por el aniversario y \u00a1a por un futuro lleno de \u00e9xitos!<\/p>\n<p>\u00a0<\/p>\n<p><em><strong>Director General Klaus Scheitegel<br \/><\/strong><\/em>Grazer Wechselseitige Versicherung AG<\/p>\n<p>\u00a0<\/p>\n<p><img decoding=\"async\" src=\"https:\/\/stiftadmont.at\/wp-content\/uploads\/GRAWE_Logo_2021_100-30-80-0-1.png\" width=\"150px\" \/><\/p>\n<\/div>\n                    \n                            <\/div>\n        \n                                                    <div class=\"content__box content__box--2\"\n                     >\n                                        \n                    \n                                                <div class=\"content__media stickyTo\" x-init=\"imageSticky($el)\">\n\n                                                                                    <picture\n                                    class=\"content__image sticky\">\n                                <source srcset=\"https:\/\/stiftadmont.at\/wp-content\/uploads\/GD_Mag._Klaus_Scheitegel__c__Ralph_Koenig-683x1024.webp\" type=\"image\/webp\">\n                                <source srcset=\"https:\/\/stiftadmont.at\/wp-content\/uploads\/GD_Mag._Klaus_Scheitegel__c__Ralph_Koenig-683x1024.jpg\" type=\"image\/jpeg\">\n                                <img decoding=\"async\" class=\"sticky\" loading=\"lazy\" src=\"https:\/\/stiftadmont.at\/wp-content\/uploads\/GD_Mag._Klaus_Scheitegel__c__Ralph_Koenig-683x1024.jpg\" alt=\"DG Klaus Scheitegel c Ralph Koenig\" \/>\n\n                                                                                                                            <\/picture>\n\n                        <\/div>\n\n                                    <\/div>\n            \n            <\/div>\n<\/div>\n\n<\/section>\n\n<section id='lightpress__section--block_c976f603e3df09c1394705c78da63378' class='lightpress__section--default-section-space lightpress__section lightpress__section--content'><div class=\"content__inner\"\n         x-init=\"initContentBlockAnim($el)\">\n        \n    <div class=\"content__grid content__grid--forty-sixty\">\n                                            <div class=\"content__box content__box\"\n                 style=\"\">\n                                \n                \n                                        <div class=\"content__media stickyTo\" x-init=\"imageSticky($el)\">\n\n                                                                                                <picture\n                                class=\"content__image sticky\">\n                            <source srcset=\"https:\/\/stiftadmont.at\/wp-content\/uploads\/Raiffeisen-Landesbank-Steiermark-Martin-Schaller-731x1024.jpg\"\n                                    type=\"image\/webp\">\n                            <source srcset=\"https:\/\/stiftadmont.at\/wp-content\/uploads\/Raiffeisen-Landesbank-Steiermark-Martin-Schaller-731x1024.jpg\"\n                                    type=\"image\/jpeg\">\n                            <img decoding=\"async\" loading=\"lazy\"\n                                 src=\"https:\/\/stiftadmont.at\/wp-content\/uploads\/Raiffeisen-Landesbank-Steiermark-Martin-Schaller-731x1024.jpg\"\n                                 alt=\"Raiffeisen Landesbank Styria Martin Schaller\" width=\"600\" height=\"450\">\n                                                                                                            <\/picture>\n\n                    <\/div>\n\n                            <\/div>\n        \n                                                    <div class=\"content__box content__box--2\"\n                     >\n                                        \n                    \n                                                    <div class=\"prose\"><h5 class=\"heading-m line line-above line--gold\">Raiffeisen-Landesbank Estiria<\/h5>\n<p>\u00a0<\/p>\n<p class=\"paragraph-m\"><strong>En nombre de todo el Grupo Bancario Raiffeisen, quiero felicitar cordialmente a la Abad\u00eda de Admont por su 950 aniversario.<\/strong><\/p>\n<p>\u00a0<\/p>\n<p class=\"paragraph-m\">Esta historia centenaria se caracteriza por valores como la tradici\u00f3n, la comunidad y el conocimiento, y merece nuestro mayor reconocimiento. La Abad\u00eda de Admont no s\u00f3lo desempe\u00f1a un importante papel econ\u00f3mico en la regi\u00f3n, por ejemplo como empleadora o motor del desarrollo local. Es un lugar de fe y educaci\u00f3n y -no hay que olvidarlo- un animado centro de cultura y encuentros.<\/p>\n<p>\u00a0<\/p>\n<p class=\"paragraph-m\">Como socio de la Abad\u00eda desde hace muchos a\u00f1os, estamos encantados de participar en las pr\u00f3ximas celebraciones. Nuestra larga relaci\u00f3n se basa en una visi\u00f3n compartida. Una visi\u00f3n basada en la solidaridad, el respeto mutuo, el compromiso con la regi\u00f3n y la b\u00fasqueda de un futuro prometedor. Una visi\u00f3n que refleja nuestros valores Raiffeisen de proximidad, regionalidad y progreso en el esp\u00edritu de la comunidad. Juntos, pero cada uno a su manera, trabajamos para forjar un futuro en el que tradici\u00f3n e innovaci\u00f3n vayan de la mano y contribuyan a fortalecer y enriquecer nuestra sociedad.<\/p>\n<p>\u00a0<\/p>\n<p class=\"paragraph-m\">Por tanto, nuestra asociaci\u00f3n continuar\u00e1 m\u00e1s all\u00e1 de este a\u00f1o de aniversario y seguir\u00e1 constituyendo una base estable de aprecio, apoyo mutuo y sostenibilidad.<\/p>\n<p>\u00a0<\/p>\n<p class=\"paragraph-m\">Enhorabuena por vuestro aniversario y \u00a1mucho \u00e1nimo para el futuro!<\/p>\n<p>\u00a0<\/p>\n<p class=\"paragraph-m\"><em><strong>KR MMag. Martin Schaller<\/strong><\/em><br \/>Director General de Raiffeisen-Landesbank Steiermark<\/p>\n<p>\u00a0<\/p>\n<p><img decoding=\"async\" src=\"https:\/\/stiftadmont.at\/wp-content\/uploads\/Giebelkreuz_gelb.png\" width=\"50px\" \/><\/p>\n<\/div>\n                        \n                                    <\/div>\n            \n            <\/div>\n<\/div>\n\n<\/section>","protected":false},"excerpt":{"rendered":"","protected":false},"author":7,"featured_media":0,"parent":22541,"menu_order":1,"comment_status":"closed","ping_status":"closed","template":"","meta":{"_acf_changed":false,"footnotes":""},"categories":[],"class_list":["post-27272","page","type-page","status-publish","hentry"],"acf":[],"yoast_head":"<!-- This site is optimized with the Yoast SEO Premium plugin v26.0 (Yoast SEO v26.8) - https:\/\/yoast.com\/product\/yoast-seo-premium-wordpress\/ -->\n<title>Exklusivsponsoren - Stift Admont<\/title>\n<meta name=\"robots\" content=\"index, follow, max-snippet:-1, max-image-preview:large, max-video-preview:-1\" \/>\n<link rel=\"canonical\" href=\"https:\/\/stiftadmont.at\/es\/950-anos-de-la-abadia-de-admont\/patrocinadores-exclusivos\/\" \/>\n<meta property=\"og:locale\" content=\"es_ES\" \/>\n<meta property=\"og:type\" content=\"article\" \/>\n<meta property=\"og:title\" content=\"Exklusivsponsoren\" \/>\n<meta property=\"og:url\" content=\"https:\/\/stiftadmont.at\/es\/950-anos-de-la-abadia-de-admont\/patrocinadores-exclusivos\/\" \/>\n<meta property=\"og:site_name\" content=\"Stift Admont\" \/>\n<meta property=\"article:modified_time\" content=\"2025-02-05T09:57:59+00:00\" \/>\n<meta property=\"og:image\" content=\"https:\/\/stiftadmont.at\/wp-content\/uploads\/Klosteranlage-innen.jpg\" \/>\n\t<meta property=\"og:image:width\" content=\"1912\" \/>\n\t<meta property=\"og:image:height\" content=\"1188\" \/>\n\t<meta property=\"og:image:type\" content=\"image\/jpeg\" \/>\n<meta name=\"twitter:card\" content=\"summary_large_image\" \/>\n<script type=\"application\/ld+json\" class=\"yoast-schema-graph\">{\"@context\":\"https:\/\/schema.org\",\"@graph\":[{\"@type\":\"WebPage\",\"@id\":\"https:\/\/stiftadmont.at\/950-jahre-stift-admont\/exklusivsponsoren\/\",\"url\":\"https:\/\/stiftadmont.at\/950-jahre-stift-admont\/exklusivsponsoren\/\",\"name\":\"Exklusivsponsoren - Stift Admont\",\"isPartOf\":{\"@id\":\"https:\/\/stiftadmont.at\/#website\"},\"datePublished\":\"2024-03-20T11:04:45+00:00\",\"dateModified\":\"2025-02-05T09:57:59+00:00\",\"breadcrumb\":{\"@id\":\"https:\/\/stiftadmont.at\/950-jahre-stift-admont\/exklusivsponsoren\/#breadcrumb\"},\"inLanguage\":\"es\",\"potentialAction\":[{\"@type\":\"ReadAction\",\"target\":[\"https:\/\/stiftadmont.at\/950-jahre-stift-admont\/exklusivsponsoren\/\"]}]},{\"@type\":\"BreadcrumbList\",\"@id\":\"https:\/\/stiftadmont.at\/950-jahre-stift-admont\/exklusivsponsoren\/#breadcrumb\",\"itemListElement\":[{\"@type\":\"ListItem\",\"position\":1,\"name\":\"Start\",\"item\":\"https:\/\/stiftadmont.at\/\"},{\"@type\":\"ListItem\",\"position\":2,\"name\":\"950 Jahre Stift Admont\",\"item\":\"https:\/\/stiftadmont.at\/950-jahre-stift-admont\/\"},{\"@type\":\"ListItem\",\"position\":3,\"name\":\"Exklusivsponsoren\"}]},{\"@type\":\"WebSite\",\"@id\":\"https:\/\/stiftadmont.at\/#website\",\"url\":\"https:\/\/stiftadmont.at\/\",\"name\":\"Stift Admont\",\"description\":\"Benediktinerkloster und Sehensw\u00fcrdigkeit im Ges\u00e4use\",\"potentialAction\":[{\"@type\":\"SearchAction\",\"target\":{\"@type\":\"EntryPoint\",\"urlTemplate\":\"https:\/\/stiftadmont.at\/?s={search_term_string}\"},\"query-input\":{\"@type\":\"PropertyValueSpecification\",\"valueRequired\":true,\"valueName\":\"search_term_string\"}}],\"inLanguage\":\"es\"}]}<\/script>\n<!-- \/ Yoast SEO Premium plugin. -->","yoast_head_json":{"title":"Patrocinadores exclusivos - Admont Abbey","robots":{"index":"index","follow":"follow","max-snippet":"max-snippet:-1","max-image-preview":"max-image-preview:large","max-video-preview":"max-video-preview:-1"},"canonical":"https:\/\/stiftadmont.at\/es\/950-anos-de-la-abadia-de-admont\/patrocinadores-exclusivos\/","og_locale":"es_ES","og_type":"article","og_title":"Exklusivsponsoren","og_url":"https:\/\/stiftadmont.at\/es\/950-anos-de-la-abadia-de-admont\/patrocinadores-exclusivos\/","og_site_name":"Stift Admont","article_modified_time":"2025-02-05T09:57:59+00:00","og_image":[{"width":1912,"height":1188,"url":"https:\/\/stiftadmont.at\/wp-content\/uploads\/Klosteranlage-innen.jpg","type":"image\/jpeg"}],"twitter_card":"summary_large_image","schema":{"@context":"https:\/\/schema.org","@graph":[{"@type":"WebPage","@id":"https:\/\/stiftadmont.at\/950-jahre-stift-admont\/exklusivsponsoren\/","url":"https:\/\/stiftadmont.at\/950-jahre-stift-admont\/exklusivsponsoren\/","name":"Patrocinadores exclusivos - Admont Abbey","isPartOf":{"@id":"https:\/\/stiftadmont.at\/#website"},"datePublished":"2024-03-20T11:04:45+00:00","dateModified":"2025-02-05T09:57:59+00:00","breadcrumb":{"@id":"https:\/\/stiftadmont.at\/950-jahre-stift-admont\/exklusivsponsoren\/#breadcrumb"},"inLanguage":"es","potentialAction":[{"@type":"ReadAction","target":["https:\/\/stiftadmont.at\/950-jahre-stift-admont\/exklusivsponsoren\/"]}]},{"@type":"BreadcrumbList","@id":"https:\/\/stiftadmont.at\/950-jahre-stift-admont\/exklusivsponsoren\/#breadcrumb","itemListElement":[{"@type":"ListItem","position":1,"name":"Start","item":"https:\/\/stiftadmont.at\/"},{"@type":"ListItem","position":2,"name":"950 Jahre Stift Admont","item":"https:\/\/stiftadmont.at\/950-jahre-stift-admont\/"},{"@type":"ListItem","position":3,"name":"Exklusivsponsoren"}]},{"@type":"WebSite","@id":"https:\/\/stiftadmont.at\/#website","url":"https:\/\/stiftadmont.at\/","name":"Abad\u00eda de Admont","description":"Monasterio benedictino y atracci\u00f3n tur\u00edstica en el Ges\u00e4use","potentialAction":[{"@type":"SearchAction","target":{"@type":"EntryPoint","urlTemplate":"https:\/\/stiftadmont.at\/?s={search_term_string}"},"query-input":{"@type":"PropertyValueSpecification","valueRequired":true,"valueName":"search_term_string"}}],"inLanguage":"es"}]}},"_links":{"self":[{"href":"https:\/\/stiftadmont.at\/es\/wp-json\/wp\/v2\/pages\/27272","targetHints":{"allow":["GET"]}}],"collection":[{"href":"https:\/\/stiftadmont.at\/es\/wp-json\/wp\/v2\/pages"}],"about":[{"href":"https:\/\/stiftadmont.at\/es\/wp-json\/wp\/v2\/types\/page"}],"author":[{"embeddable":true,"href":"https:\/\/stiftadmont.at\/es\/wp-json\/wp\/v2\/users\/7"}],"replies":[{"embeddable":true,"href":"https:\/\/stiftadmont.at\/es\/wp-json\/wp\/v2\/comments?post=27272"}],"version-history":[{"count":20,"href":"https:\/\/stiftadmont.at\/es\/wp-json\/wp\/v2\/pages\/27272\/revisions"}],"predecessor-version":[{"id":32676,"href":"https:\/\/stiftadmont.at\/es\/wp-json\/wp\/v2\/pages\/27272\/revisions\/32676"}],"up":[{"embeddable":true,"href":"https:\/\/stiftadmont.at\/es\/wp-json\/wp\/v2\/pages\/22541"}],"wp:attachment":[{"href":"https:\/\/stiftadmont.at\/es\/wp-json\/wp\/v2\/media?parent=27272"}],"wp:term":[{"taxonomy":"category","embeddable":true,"href":"https:\/\/stiftadmont.at\/es\/wp-json\/wp\/v2\/categories?post=27272"}],"curies":[{"name":"wp","href":"https:\/\/api.w.org\/{rel}","templated":true}]}}