{"id":29231,"date":"2024-07-15T08:48:43","date_gmt":"2024-07-15T06:48:43","guid":{"rendered":"https:\/\/stiftadmont.at\/?page_id=29231"},"modified":"2025-02-04T10:57:28","modified_gmt":"2025-02-04T08:57:28","slug":"piso-de-estudiantes","status":"publish","type":"page","link":"https:\/\/stiftadmont.at\/es\/haus-der-begegnung-2\/haus-der-begegnung-2\/studentenwohnung\/","title":{"rendered":"Piso de estudiantes"},"content":{"rendered":"<section id='lightpress__section--block_6173871fd620ebc1507989bfa648903b' class='align-center lightpress__section--default-section-space lightpress__section lightpress__section--headline'><div class=\"headline__container\">\n            <h2 class=\"headline text--40 text-medium line line--gold line-above line-middle\">Piso de estudiantes<\/h2>\n        <p class=\"text-center text-gold text--20 text-medium text--uppercase\">El edificio fue construido por la abad\u00eda de Admont en 2002. La planta superior de este edificio alberga el centro de reuniones, que se utiliza principalmente para atender a los estudiantes.<\/p>\n        <div class=\"spacer--40\"><\/div>\n<\/div>\n\n<\/section>\n\n<section id='lightpress__section--block_8f15d2872a1031354566bf733ae55251' class='lightpress__section--default-section-space lightpress__section lightpress__section--content'><div class=\"content__inner\"\n         x-init=\"initContentBlockAnim($el)\">\n        \n    <div class=\"content__grid content__grid\">\n                                            <div class=\"content__box content__box--one-hundred\"\n                 style=\"\">\n                                \n                \n                                            <div class=\"prose\"><p class=\"paragraph-m\">Hay ocho gar\u00e7onni\u00e8res en la planta baja, que se alquilan exclusivamente a estudiantes y est\u00e1n integradas en el centro de reuniones.<\/p>\n<p class=\"paragraph-m\">El inmueble en alquiler consta de: una habitaci\u00f3n con cocina americana, una antesala y un cuarto de ba\u00f1o\/WC con una superficie \u00fatil de aprox. 32 m\u00b2.<\/p>\n<p>\u00a0<\/p>\n<p class=\"paragraph-m\">Si est\u00e1 interesado en una gar\u00e7onni\u00e8re en la Haus der Begegnung, p\u00f3ngase en contacto con:<\/p>\n<p class=\"paragraph-m\">\u00a0<\/p>\n<p class=\"paragraph-m\"><a title=\"STIA Immo GmbH\" href=\"http:\/\/www.stiaimmo.at\/ueber-stia-immo\/kontakt\/\"><strong>STIA Immo GmbH<\/strong><\/a><\/p>\n<p class=\"paragraph-m\"><strong>Bischofplatz 1<\/strong><\/p>\n<p class=\"paragraph-m\"><strong>8010 Graz<\/strong><\/p>\n<p class=\"paragraph-m\">\u00a0<\/p>\n<p class=\"paragraph-m\"><strong><a title=\"Stia-immo \" href=\"http:\/\/www.stiaimmo.at\/ueber-stia-immo\/kontakt\/\">http:\/\/www.stiaimmo.at\/ueber-stia-immo\/kontakt\/<\/a><\/strong><\/p>\n<\/div>\n                    \n                            <\/div>\n        \n            <\/div>\n<\/div>\n\n<\/section>\n\n<section id='lightpress__section--block_224de746593ec4fed4d7b86acfd37c50' class='lightpress__section--default-section-space lightpress__section lightpress__section--content'><div class=\"content__inner\"\n         x-init=\"initContentBlockAnim($el)\">\n        \n    <div class=\"content__grid content__grid\">\n                                            <div class=\"content__box content__box--one-hundred\"\n                 style=\"\">\n                                \n                \n                                            <div class=\"prose\"><h5 class=\"heading-m line line-above line--gold\">P\u00f3ngase en contacto con nosotros<\/h5>\n<p>\u00a0<\/p>\n<div class=\"textwidget\" style=\"box-sizing: inherit; color: #333333; font-family: 'Libre Franklin', 'Helvetica Neue', helvetica, arial, sans-serif; font-size: 14px; background-color: #ffffff;\">\n<p><strong>Direcci\u00f3n: <\/strong>Centro de reuniones de la abad\u00eda benedictina de Admont<br style=\"box-sizing: inherit;\" \/>Asociaci\u00f3n para la promoci\u00f3n de j\u00f3venes estudiantes<br style=\"box-sizing: inherit;\" \/>Johann-Fux-Gasse 16<br style=\"box-sizing: inherit;\" \/>A-8010 Graz<\/p>\n<p style=\"box-sizing: inherit; margin: 0px 0px 1.5em; padding: 0px;\"><span style=\"box-sizing: inherit; font-weight: bold;\">ZVR:<\/span>\u00a0976339186<\/p>\n<p style=\"box-sizing: inherit; margin: 0px 0px 1.5em; padding: 0px;\"><a class=\"phone\" href=\"tel:+43-316-325431-0\"><span class=\"icon-outer\"><i class=\"fa-light fa-phone\"><\/i><\/span>+43-316-325431-0<\/a><\/p>\n<p style=\"box-sizing: inherit; margin: 0px 0px 1.5em; padding: 0px;\"><a class=\"email\" href=\"mailto:office@hausderbegegnung.or.at\"><span class=\"icon-outer\"><i class=\"fa-light fa-envelope\"><\/i><\/span>office@hausderbegegnung.or.at<\/a><\/p>\n<p style=\"box-sizing: inherit; margin: 0px 0px 1.5em; padding: 0px;\"><span style=\"box-sizing: inherit; font-weight: bold;\">Horario de apertura: <\/span>De lunes a viernes: de 10.00 a 18.30 horas<\/p>\n<\/div>\n<\/div>\n                    \n                            <\/div>\n        \n            <\/div>\n<\/div>\n\n<\/section>","protected":false},"excerpt":{"rendered":"","protected":false},"author":19,"featured_media":0,"parent":29213,"menu_order":32,"comment_status":"closed","ping_status":"closed","template":"","meta":{"_acf_changed":false,"footnotes":""},"categories":[],"class_list":["post-29231","page","type-page","status-publish","hentry"],"acf":[],"yoast_head":"<!-- This site is optimized with the Yoast SEO Premium plugin v26.0 (Yoast SEO v26.8) - https:\/\/yoast.com\/product\/yoast-seo-premium-wordpress\/ -->\n<title>Studentenwohnung - Stift Admont<\/title>\n<meta name=\"robots\" content=\"index, follow, max-snippet:-1, max-image-preview:large, max-video-preview:-1\" \/>\n<link rel=\"canonical\" href=\"https:\/\/stiftadmont.at\/es\/casa-del-encuentro-2\/casa-del-encuentro-2\/piso-de-estudiantes\/\" \/>\n<meta property=\"og:locale\" content=\"es_ES\" \/>\n<meta property=\"og:type\" content=\"article\" \/>\n<meta property=\"og:title\" content=\"Studentenwohnung\" \/>\n<meta property=\"og:url\" content=\"https:\/\/stiftadmont.at\/es\/casa-del-encuentro-2\/casa-del-encuentro-2\/piso-de-estudiantes\/\" \/>\n<meta property=\"og:site_name\" content=\"Stift Admont\" \/>\n<meta property=\"article:modified_time\" content=\"2025-02-04T08:57:28+00:00\" \/>\n<meta property=\"og:image\" content=\"https:\/\/stiftadmont.at\/wp-content\/uploads\/Klosteranlage-innen.jpg\" \/>\n\t<meta property=\"og:image:width\" content=\"1912\" \/>\n\t<meta property=\"og:image:height\" content=\"1188\" \/>\n\t<meta property=\"og:image:type\" content=\"image\/jpeg\" \/>\n<meta name=\"twitter:card\" content=\"summary_large_image\" \/>\n<script type=\"application\/ld+json\" class=\"yoast-schema-graph\">{\"@context\":\"https:\/\/schema.org\",\"@graph\":[{\"@type\":\"WebPage\",\"@id\":\"https:\/\/stiftadmont.at\/haus-der-begegnung-2\/haus-der-begegnung-2\/studentenwohnung\/\",\"url\":\"https:\/\/stiftadmont.at\/haus-der-begegnung-2\/haus-der-begegnung-2\/studentenwohnung\/\",\"name\":\"Studentenwohnung - Stift Admont\",\"isPartOf\":{\"@id\":\"https:\/\/stiftadmont.at\/#website\"},\"datePublished\":\"2024-07-15T06:48:43+00:00\",\"dateModified\":\"2025-02-04T08:57:28+00:00\",\"breadcrumb\":{\"@id\":\"https:\/\/stiftadmont.at\/haus-der-begegnung-2\/haus-der-begegnung-2\/studentenwohnung\/#breadcrumb\"},\"inLanguage\":\"es\",\"potentialAction\":[{\"@type\":\"ReadAction\",\"target\":[\"https:\/\/stiftadmont.at\/haus-der-begegnung-2\/haus-der-begegnung-2\/studentenwohnung\/\"]}]},{\"@type\":\"BreadcrumbList\",\"@id\":\"https:\/\/stiftadmont.at\/haus-der-begegnung-2\/haus-der-begegnung-2\/studentenwohnung\/#breadcrumb\",\"itemListElement\":[{\"@type\":\"ListItem\",\"position\":1,\"name\":\"Start\",\"item\":\"https:\/\/stiftadmont.at\/\"},{\"@type\":\"ListItem\",\"position\":2,\"name\":\"Haus der Begegnung\",\"item\":\"https:\/\/stiftadmont.at\/haus-der-begegnung-2\/\"},{\"@type\":\"ListItem\",\"position\":3,\"name\":\"Haus der Begegnung\",\"item\":\"https:\/\/stiftadmont.at\/haus-der-begegnung-2\/haus-der-begegnung-2\/\"},{\"@type\":\"ListItem\",\"position\":4,\"name\":\"Studentenwohnung\"}]},{\"@type\":\"WebSite\",\"@id\":\"https:\/\/stiftadmont.at\/#website\",\"url\":\"https:\/\/stiftadmont.at\/\",\"name\":\"Stift Admont\",\"description\":\"Benediktinerkloster und Sehensw\u00fcrdigkeit im Ges\u00e4use\",\"potentialAction\":[{\"@type\":\"SearchAction\",\"target\":{\"@type\":\"EntryPoint\",\"urlTemplate\":\"https:\/\/stiftadmont.at\/?s={search_term_string}\"},\"query-input\":{\"@type\":\"PropertyValueSpecification\",\"valueRequired\":true,\"valueName\":\"search_term_string\"}}],\"inLanguage\":\"es\"}]}<\/script>\n<!-- \/ Yoast SEO Premium plugin. -->","yoast_head_json":{"title":"Piso de estudiantes - Admont Abbey","robots":{"index":"index","follow":"follow","max-snippet":"max-snippet:-1","max-image-preview":"max-image-preview:large","max-video-preview":"max-video-preview:-1"},"canonical":"https:\/\/stiftadmont.at\/es\/casa-del-encuentro-2\/casa-del-encuentro-2\/piso-de-estudiantes\/","og_locale":"es_ES","og_type":"article","og_title":"Studentenwohnung","og_url":"https:\/\/stiftadmont.at\/es\/casa-del-encuentro-2\/casa-del-encuentro-2\/piso-de-estudiantes\/","og_site_name":"Stift Admont","article_modified_time":"2025-02-04T08:57:28+00:00","og_image":[{"width":1912,"height":1188,"url":"https:\/\/stiftadmont.at\/wp-content\/uploads\/Klosteranlage-innen.jpg","type":"image\/jpeg"}],"twitter_card":"summary_large_image","schema":{"@context":"https:\/\/schema.org","@graph":[{"@type":"WebPage","@id":"https:\/\/stiftadmont.at\/haus-der-begegnung-2\/haus-der-begegnung-2\/studentenwohnung\/","url":"https:\/\/stiftadmont.at\/haus-der-begegnung-2\/haus-der-begegnung-2\/studentenwohnung\/","name":"Piso de estudiantes - Admont Abbey","isPartOf":{"@id":"https:\/\/stiftadmont.at\/#website"},"datePublished":"2024-07-15T06:48:43+00:00","dateModified":"2025-02-04T08:57:28+00:00","breadcrumb":{"@id":"https:\/\/stiftadmont.at\/haus-der-begegnung-2\/haus-der-begegnung-2\/studentenwohnung\/#breadcrumb"},"inLanguage":"es","potentialAction":[{"@type":"ReadAction","target":["https:\/\/stiftadmont.at\/haus-der-begegnung-2\/haus-der-begegnung-2\/studentenwohnung\/"]}]},{"@type":"BreadcrumbList","@id":"https:\/\/stiftadmont.at\/haus-der-begegnung-2\/haus-der-begegnung-2\/studentenwohnung\/#breadcrumb","itemListElement":[{"@type":"ListItem","position":1,"name":"Start","item":"https:\/\/stiftadmont.at\/"},{"@type":"ListItem","position":2,"name":"Haus der Begegnung","item":"https:\/\/stiftadmont.at\/haus-der-begegnung-2\/"},{"@type":"ListItem","position":3,"name":"Haus der Begegnung","item":"https:\/\/stiftadmont.at\/haus-der-begegnung-2\/haus-der-begegnung-2\/"},{"@type":"ListItem","position":4,"name":"Studentenwohnung"}]},{"@type":"WebSite","@id":"https:\/\/stiftadmont.at\/#website","url":"https:\/\/stiftadmont.at\/","name":"Abad\u00eda de Admont","description":"Monasterio benedictino y atracci\u00f3n tur\u00edstica en el Ges\u00e4use","potentialAction":[{"@type":"SearchAction","target":{"@type":"EntryPoint","urlTemplate":"https:\/\/stiftadmont.at\/?s={search_term_string}"},"query-input":{"@type":"PropertyValueSpecification","valueRequired":true,"valueName":"search_term_string"}}],"inLanguage":"es"}]}},"_links":{"self":[{"href":"https:\/\/stiftadmont.at\/es\/wp-json\/wp\/v2\/pages\/29231","targetHints":{"allow":["GET"]}}],"collection":[{"href":"https:\/\/stiftadmont.at\/es\/wp-json\/wp\/v2\/pages"}],"about":[{"href":"https:\/\/stiftadmont.at\/es\/wp-json\/wp\/v2\/types\/page"}],"author":[{"embeddable":true,"href":"https:\/\/stiftadmont.at\/es\/wp-json\/wp\/v2\/users\/19"}],"replies":[{"embeddable":true,"href":"https:\/\/stiftadmont.at\/es\/wp-json\/wp\/v2\/comments?post=29231"}],"version-history":[{"count":7,"href":"https:\/\/stiftadmont.at\/es\/wp-json\/wp\/v2\/pages\/29231\/revisions"}],"predecessor-version":[{"id":32610,"href":"https:\/\/stiftadmont.at\/es\/wp-json\/wp\/v2\/pages\/29231\/revisions\/32610"}],"up":[{"embeddable":true,"href":"https:\/\/stiftadmont.at\/es\/wp-json\/wp\/v2\/pages\/29213"}],"wp:attachment":[{"href":"https:\/\/stiftadmont.at\/es\/wp-json\/wp\/v2\/media?parent=29231"}],"wp:term":[{"taxonomy":"category","embeddable":true,"href":"https:\/\/stiftadmont.at\/es\/wp-json\/wp\/v2\/categories?post=29231"}],"curies":[{"name":"wp","href":"https:\/\/api.w.org\/{rel}","templated":true}]}}