{"id":29319,"date":"2024-07-15T08:38:38","date_gmt":"2024-07-15T06:38:38","guid":{"rendered":"https:\/\/stiftadmont.at\/?page_id=29319"},"modified":"2025-02-04T11:40:14","modified_gmt":"2025-02-04T09:40:14","slug":"oraciones-a-san-benedicto-y-santa-escolastica","status":"publish","type":"page","link":"https:\/\/stiftadmont.at\/es\/haus-der-begegnung-2\/spiritualitaet\/gebete-zum-hl-benedikt-und-zur-hl-scholastika\/","title":{"rendered":"Oraciones a San Benito y Santa Escol\u00e1stica"},"content":{"rendered":"<section id='lightpress__section--block_748675df9cd76e1208ffbf8a6dcc4bd6' class='align-center lightpress__section--default-section-space lightpress__section lightpress__section--headline'><div class=\"headline__container\">\n            <h2 class=\"headline text--40 text-medium line line--gold line-above line-middle\">Oraciones a San Benito y Santa Escol\u00e1stica<\/h2>\n        <p class=\"text-center text-gold text--20 text-medium text--uppercase\"><\/p>\n        <div class=\"spacer--40\"><\/div>\n<\/div>\n\n<\/section>\n\n<section id='lightpress__section--block_620f02d0ecc300520789640f6c00c6e3' class='lightpress__section--default-section-space lightpress__section lightpress__section--content'><div class=\"content__inner\"\n         x-init=\"initContentBlockAnim($el)\">\n        \n    <div class=\"content__grid content__grid\">\n                                            <div class=\"content__box content__box--one-hundred\"\n                 style=\"\">\n                                \n                \n                                            <div class=\"prose\"><h5 class=\"heading-m line line-above line--gold\"><strong>Rosario a San Benito<\/strong><\/h5>\n<p>\u00a0<\/p>\n<ul>\n<li class=\"paragraph-m\">San Benito, patr\u00f3n de Europa, reza por la paz y la corona de la virtud.<\/li>\n<li class=\"paragraph-m\">Formar el esp\u00edritu de la orden, el cristianismo, San Benito, para la gloria de Dios.<\/li>\n<li class=\"paragraph-m\">De la furia de Satan\u00e1s, San Benito, nosotros ya a trav\u00e9s de tu medall\u00f3n altamente bendecido.<\/li>\n<li class=\"paragraph-m\">\"Ora et labora\" sea siempre la consigna de San Benito y de Europa.<\/li>\n<li class=\"paragraph-m\">\u00a1Dios! Se\u00f1or. A ti, gracias eternas, alabanza y gloria por san Benito y su orden de santos.<\/li>\n<\/ul>\n<p>\u00a0<\/p>\n<p>\u00a0<\/p>\n<p>\u00a0<\/p>\n<h5 class=\"heading-m line line-above line--gold\"><strong>Oraciones a San Benito<\/strong><\/h5>\n<p>\u00a0<\/p>\n<p class=\"paragraph-m\">Santo Padre Benedicto, digno jefe de un gran ej\u00e9rcito de guerreros de Cristo, a saber, tus hijos e hijas religiosos. Te recuerdo la hermosa muerte que el Se\u00f1or te concedi\u00f3. Erguido y orando con los ojos en alto, devolviste tu alma al Creador. Permanece a mi lado un d\u00eda en mi hora agonizante. Prot\u00e9geme de los ataques del enemigo maligno y cond\u00faceme a las alegr\u00edas eternas. Am\u00e9n.<\/p>\n<p class=\"paragraph-m\">Dios todopoderoso, en san Benito nos has dado un maestro y un pedagogo que nos gu\u00eda para buscarte y servirte. Conc\u00e9denos que nada prefiramos a nuestro amor por ti, sino que nos apresuremos hacia ti llenos de alegr\u00eda y confianza por el camino de tus mandamientos. Te lo pedimos por Jesucristo.<\/p>\n<p class=\"paragraph-m\">\u00a0<\/p>\n<p>\u00a0<\/p>\n<p>\u00a0<\/p>\n<h5 class=\"heading-m line line-above line--gold\"><strong>Novena de San Benito<\/strong><\/h5>\n<p class=\"paragraph-m\">\u00a0<\/p>\n<p class=\"paragraph-m\">Rezas 9 d\u00edas consecutivos:<\/p>\n<p class=\"paragraph-m\">9 Padre Nuestro, Ave Mar\u00eda y Gloria al Padre con la adici\u00f3n:<\/p>\n<p class=\"paragraph-m\">Santo Padre Benedicto, ruega por nosotros para que seamos dignos de las promesas de Cristo.<\/p>\n<p class=\"paragraph-m\">Oremos: Santo Padre Benito, t\u00fa gran ayudador e intercesor, t\u00fa terror de los malos esp\u00edritus, lleno de confianza te imploramos en nuestra angustia. Intercede por nosotros sin cesar ante el trono divino y ahuyenta a los esp\u00edritus malignos con todas sus influencias nocivas. Bend\u00edcenos como una vez nos bendijiste con gran poder. Confiamos en tu poderosa ayuda y damos gracias a Dios por tu santidad y grandeza, que te confieren tan maravilloso poder de intercesi\u00f3n.<\/p>\n<p class=\"paragraph-m\">San Abad Benito, patr\u00f3n de Europa, permanece siempre cerca de nosotros, especialmente en la hora de la muerte. Am\u00e9n.<\/p>\n<p class=\"paragraph-m\">\u00a0<\/p>\n<p>\u00a0<\/p>\n<p>\u00a0<\/p>\n<h5 class=\"heading-m line line-above line--gold\"><strong>Letan\u00eda a San Benito, patr\u00f3n de Europa<\/strong><\/h5>\n<p>\u00a0<\/p>\n<p class=\"paragraph-m\">Se\u00f1or, ten piedad de nosotros<\/p>\n<p class=\"paragraph-m\">Cristo, ten piedad de nosotros<\/p>\n<p class=\"paragraph-m\">Se\u00f1or, ten piedad de nosotros,<\/p>\n<p class=\"paragraph-m\">Cristo, esc\u00fachanos<\/p>\n<p class=\"paragraph-m\">Cristo, esc\u00fachanos<\/p>\n<p>\u00a0<\/p>\n<p class=\"paragraph-m\">Dios Padre que est\u00e1s en los cielos - ten piedad de nosotros<\/p>\n<p class=\"paragraph-m\">Dios Hijo, Salvador del mundo<\/p>\n<p class=\"paragraph-m\">Dios Esp\u00edritu Santo<\/p>\n<p class=\"paragraph-m\">Sant\u00edsima Trinidad, un solo Dios<\/p>\n<p class=\"paragraph-m\">Santa Mar\u00eda, ruega por nosotros<\/p>\n<p class=\"paragraph-m\">Santa Madre de Dios<\/p>\n<p class=\"paragraph-m\">Mediadora de todas las gracias<\/p>\n<p class=\"paragraph-m\">Reina de los monjes<\/p>\n<p class=\"paragraph-m\">San Benito<\/p>\n<p class=\"paragraph-m\">San Benito, Gloria de Nursia<\/p>\n<p class=\"paragraph-m\">San Benito, cuyo nombre significa \"bendito\".<\/p>\n<p class=\"paragraph-m\">San Benito, ricamente dotado de los dones del Esp\u00edritu Santo<\/p>\n<p class=\"paragraph-m\">San Benito, mensajero de la paz de Cristo<\/p>\n<p class=\"paragraph-m\">San Benito, gran amante y devoto de la santa cruz de Cristo<\/p>\n<p class=\"paragraph-m\">San Benito, abad y padre de los monjes occidentales<\/p>\n<p class=\"paragraph-m\">San Benito, lleno del esp\u00edritu de todos los justos<\/p>\n<p class=\"paragraph-m\">San Benito, padre de muchos m\u00e1rtires, doctor de la Iglesia, confesor y virgen<\/p>\n<p class=\"paragraph-m\">San Benito, milagros de sacrificio y penitencia<\/p>\n<p class=\"paragraph-m\">San Benito, milagro de humildad y fortaleza<\/p>\n<p class=\"paragraph-m\">San Benito, ejemplo de disciplina mon\u00e1stica<\/p>\n<p class=\"paragraph-m\">San Benito, ejemplo de obediencia, pobreza y pureza<\/p>\n<p class=\"paragraph-m\">San Benito, sabio legislador que escribi\u00f3 la Regla de la Orden bajo la gu\u00eda del Esp\u00edritu Santo<\/p>\n<p class=\"paragraph-m\">San Benito, modelo de clara realizaci\u00f3n de la vida del alma<\/p>\n<p class=\"paragraph-m\">San Benito, hombre de Dios<\/p>\n<p class=\"paragraph-m\">San Benito, t\u00fa que huiste del mundo desde tu m\u00e1s tierna juventud<\/p>\n<p class=\"paragraph-m\">San Benito, que viv\u00eda en soledad, retirado s\u00f3lo con Dios y para Dios<\/p>\n<p class=\"paragraph-m\">San Benito, que envolvi\u00f3 tu cuerpo en espinas para mantener intacta tu pureza<\/p>\n<p class=\"paragraph-m\">San Benito, revestido del poder milagroso de Dios<\/p>\n<p class=\"paragraph-m\">San Benito, que derroc\u00f3 a los \u00eddolos con el signo de la santa cruz<\/p>\n<p class=\"paragraph-m\">San Benito, t\u00fa que desbarataste las tentaciones del diablo con la se\u00f1al de la santa cruz<\/p>\n<p class=\"paragraph-m\">San Benito, que avergonz\u00f3 a la maldad con la se\u00f1al de la santa cruz<\/p>\n<p class=\"paragraph-m\">San Benito, que sanaste a los enfermos, resucitaste a los muertos y liberaste a los endemoniados gracias a tu oraci\u00f3n confiada<\/p>\n<p class=\"paragraph-m\">San Benito, invencible en tu fe, inquebrantable en tu esperanza y lleno de devoci\u00f3n en tu amor a Dios.<\/p>\n<p class=\"paragraph-m\">San Benito, que, siguiendo el ejemplo de Cristo, fue manso y humilde de coraz\u00f3n San Benito, que uni\u00f3 la bondad paterna con el sabio rigor<\/p>\n<p class=\"paragraph-m\">San Benito, que fue un apoyo amoroso para los afligidos, lleno de compasi\u00f3n y servicio<\/p>\n<p class=\"paragraph-m\">San Benito, que formaste fielmente en ti la imagen de Cristo<\/p>\n<p class=\"paragraph-m\">San Benito, que, de pie ante el altar, devolvi\u00f3 tu alma a Dios<\/p>\n<p class=\"paragraph-m\">San Benito, patrono de la buena muerte San Benito, poderoso intercesor ante Dios por todos los que te invocan<\/p>\n<p class=\"paragraph-m\">San Benito, patr\u00f3n de Europa<\/p>\n<p class=\"paragraph-m\">\u00a0<\/p>\n<p class=\"paragraph-m\">Cordero de Dios, que quitas los pecados del mundo - perd\u00f3nanos, Se\u00f1or<\/p>\n<p class=\"paragraph-m\">Cordero de Dios, que quitas los pecados del mundo - esc\u00fachanos, Se\u00f1or<\/p>\n<p class=\"paragraph-m\">Cordero de Dios, que quitas los pecados del mundo - ten piedad de nosotros, Se\u00f1or<\/p>\n<p class=\"paragraph-m\">\u00a0<\/p>\n<p class=\"paragraph-m\">Ruega por nosotros, San Benito, para que seamos dignos de las promesas de Cristo,<\/p>\n<p class=\"paragraph-m\">\u00a0<\/p>\n<p class=\"paragraph-m\">Oremos: despierta en nosotros y en tu santa Iglesia el esp\u00edritu con el que san Benito model\u00f3 su vida, para que, imbuidos del mismo esp\u00edritu, nos esforcemos por amar lo que \u00e9l am\u00f3 y por practicar lo que \u00e9l ejemplific\u00f3, por Cristo nuestro Se\u00f1or. Am\u00e9n.<\/p>\n<p class=\"paragraph-m\">\u00a0<\/p>\n<p>\u00a0<\/p>\n<h5 class=\"heading-m line line-above line--gold\"><strong>Oraciones a Santa Escol\u00e1stica<\/strong><\/h5>\n<p>\u00a0<\/p>\n<p class=\"paragraph-m\">Se\u00f1or, Dios nuestro, te alabamos en la fiesta de la bienaventurada Virgen Escol\u00e1stica, cuya vida brill\u00f3 con radiante pureza. Ay\u00fadanos tambi\u00e9n a nosotros a recorrer fielmente el camino al que nos has llamado, para que un d\u00eda, junto con todos los santos, podamos ver la luz de tu presencia sin mancha. Te lo pedimos por Jesucristo.<\/p>\n<p class=\"paragraph-m\">\u00a0<\/p>\n<p class=\"paragraph-m\">Dios exaltado, celebramos la memoria de la bienaventurada Virgen Escol\u00e1stica. Que te sirvamos siempre con amor sincero, siguiendo su ejemplo, y conc\u00e9denos, en tu bondad, volver un d\u00eda a ti. Te lo pedimos por Jesucristo.<\/p>\n<p class=\"paragraph-m\">\u00a0<\/p>\n<p class=\"paragraph-m\">Esc\u00fachanos, santa mujer,<\/p>\n<p class=\"paragraph-m\">\u00a1Hermana Escol\u00e1stica!<\/p>\n<p class=\"paragraph-m\">Cantando alabamos al ,<\/p>\n<p class=\"paragraph-m\">que te elige como esposa.<\/p>\n<p class=\"paragraph-m\">Ens\u00e9\u00f1anos a vivir el amor,<\/p>\n<p class=\"paragraph-m\">que une la creaci\u00f3n en Cristo.<\/p>\n<p class=\"paragraph-m\">\u00a0<\/p>\n<p class=\"paragraph-m\">Est\u00e1s rodeado de mujeres,<\/p>\n<p class=\"paragraph-m\">como ense\u00f1a el hermano,<\/p>\n<p class=\"paragraph-m\">Alabanza, trabajo y descanso<\/p>\n<p class=\"paragraph-m\">Ofreceos a vuestro Se\u00f1or.<\/p>\n<p class=\"paragraph-m\">Fuentes de agua f\u00e9rtil,<\/p>\n<p class=\"paragraph-m\">Jard\u00edn est\u00e1s en tierra est\u00e9ril.<\/p>\n<p class=\"paragraph-m\">\u00a0<\/p>\n<p class=\"paragraph-m\">Tu oraci\u00f3n ser\u00e1 escuchada<\/p>\n<p class=\"paragraph-m\">en contra de los deseos de su hermano.<\/p>\n<p class=\"paragraph-m\">Sonriendo, le dices:<\/p>\n<p class=\"paragraph-m\">\"\u00a1Vete si puedes!\"<\/p>\n<p class=\"paragraph-m\">El amor era lo m\u00e1s grande para ti,<\/p>\n<p class=\"paragraph-m\">era m\u00e1s importante para ti que la ley y la justicia.<\/p>\n<p class=\"paragraph-m\">\u00a0<\/p>\n<p class=\"paragraph-m\">Alabado sea el Se\u00f1or,<\/p>\n<p class=\"paragraph-m\">Padre de la eternidad,<\/p>\n<p class=\"paragraph-m\">alabado sea el Hijo,<\/p>\n<p class=\"paragraph-m\">que corona su creaci\u00f3n,<\/p>\n<p class=\"paragraph-m\">Alabado sea tambi\u00e9n el esp\u00edritu,<\/p>\n<p class=\"paragraph-m\">\u00a1que en verdad da la vida! Am\u00e9n.<\/p>\n<p class=\"paragraph-m\">(Himno de la liturgia festiva)<\/p>\n<\/div>\n                    \n                            <\/div>\n        \n            <\/div>\n<\/div>\n\n<\/section>","protected":false},"excerpt":{"rendered":"","protected":false},"author":19,"featured_media":0,"parent":29279,"menu_order":3,"comment_status":"closed","ping_status":"closed","template":"","meta":{"_acf_changed":false,"footnotes":""},"categories":[],"class_list":["post-29319","page","type-page","status-publish","hentry"],"acf":[],"yoast_head":"<!-- This site is optimized with the Yoast SEO Premium plugin v26.0 (Yoast SEO v26.8) - https:\/\/yoast.com\/product\/yoast-seo-premium-wordpress\/ -->\n<title>Gebete zum Hl. Benedikt und zur Hl. Scholastika - Stift Admont<\/title>\n<meta name=\"robots\" content=\"index, follow, max-snippet:-1, max-image-preview:large, max-video-preview:-1\" \/>\n<link rel=\"canonical\" href=\"https:\/\/stiftadmont.at\/es\/casa-del-encuentro-2\/espiritualidad\/oraciones-a-san-benedicto-y-santa-escolastica\/\" \/>\n<meta property=\"og:locale\" content=\"es_ES\" \/>\n<meta property=\"og:type\" content=\"article\" \/>\n<meta property=\"og:title\" content=\"Gebete zum Hl. Benedikt und zur Hl. Scholastika\" \/>\n<meta property=\"og:url\" content=\"https:\/\/stiftadmont.at\/es\/casa-del-encuentro-2\/espiritualidad\/oraciones-a-san-benedicto-y-santa-escolastica\/\" \/>\n<meta property=\"og:site_name\" content=\"Stift Admont\" \/>\n<meta property=\"article:modified_time\" content=\"2025-02-04T09:40:14+00:00\" \/>\n<meta property=\"og:image\" content=\"https:\/\/stiftadmont.at\/wp-content\/uploads\/Klosteranlage-innen.jpg\" \/>\n\t<meta property=\"og:image:width\" content=\"1912\" \/>\n\t<meta property=\"og:image:height\" content=\"1188\" \/>\n\t<meta property=\"og:image:type\" content=\"image\/jpeg\" \/>\n<meta name=\"twitter:card\" content=\"summary_large_image\" \/>\n<script type=\"application\/ld+json\" class=\"yoast-schema-graph\">{\"@context\":\"https:\/\/schema.org\",\"@graph\":[{\"@type\":\"WebPage\",\"@id\":\"https:\/\/stiftadmont.at\/haus-der-begegnung-2\/spiritualitaet\/gebete-zum-hl-benedikt-und-zur-hl-scholastika\/\",\"url\":\"https:\/\/stiftadmont.at\/haus-der-begegnung-2\/spiritualitaet\/gebete-zum-hl-benedikt-und-zur-hl-scholastika\/\",\"name\":\"Gebete zum Hl. Benedikt und zur Hl. Scholastika - Stift Admont\",\"isPartOf\":{\"@id\":\"https:\/\/stiftadmont.at\/#website\"},\"datePublished\":\"2024-07-15T06:38:38+00:00\",\"dateModified\":\"2025-02-04T09:40:14+00:00\",\"breadcrumb\":{\"@id\":\"https:\/\/stiftadmont.at\/haus-der-begegnung-2\/spiritualitaet\/gebete-zum-hl-benedikt-und-zur-hl-scholastika\/#breadcrumb\"},\"inLanguage\":\"es\",\"potentialAction\":[{\"@type\":\"ReadAction\",\"target\":[\"https:\/\/stiftadmont.at\/haus-der-begegnung-2\/spiritualitaet\/gebete-zum-hl-benedikt-und-zur-hl-scholastika\/\"]}]},{\"@type\":\"BreadcrumbList\",\"@id\":\"https:\/\/stiftadmont.at\/haus-der-begegnung-2\/spiritualitaet\/gebete-zum-hl-benedikt-und-zur-hl-scholastika\/#breadcrumb\",\"itemListElement\":[{\"@type\":\"ListItem\",\"position\":1,\"name\":\"Start\",\"item\":\"https:\/\/stiftadmont.at\/\"},{\"@type\":\"ListItem\",\"position\":2,\"name\":\"Haus der Begegnung\",\"item\":\"https:\/\/stiftadmont.at\/haus-der-begegnung-2\/\"},{\"@type\":\"ListItem\",\"position\":3,\"name\":\"Spiritualit\u00e4t\",\"item\":\"https:\/\/stiftadmont.at\/haus-der-begegnung-2\/spiritualitaet\/\"},{\"@type\":\"ListItem\",\"position\":4,\"name\":\"Gebete zum Hl. Benedikt und zur Hl. Scholastika\"}]},{\"@type\":\"WebSite\",\"@id\":\"https:\/\/stiftadmont.at\/#website\",\"url\":\"https:\/\/stiftadmont.at\/\",\"name\":\"Stift Admont\",\"description\":\"Benediktinerkloster und Sehensw\u00fcrdigkeit im Ges\u00e4use\",\"potentialAction\":[{\"@type\":\"SearchAction\",\"target\":{\"@type\":\"EntryPoint\",\"urlTemplate\":\"https:\/\/stiftadmont.at\/?s={search_term_string}\"},\"query-input\":{\"@type\":\"PropertyValueSpecification\",\"valueRequired\":true,\"valueName\":\"search_term_string\"}}],\"inLanguage\":\"es\"}]}<\/script>\n<!-- \/ Yoast SEO Premium plugin. -->","yoast_head_json":{"title":"Oraciones a San Benito y Santa Escol\u00e1stica - Abad\u00eda de Admont","robots":{"index":"index","follow":"follow","max-snippet":"max-snippet:-1","max-image-preview":"max-image-preview:large","max-video-preview":"max-video-preview:-1"},"canonical":"https:\/\/stiftadmont.at\/es\/casa-del-encuentro-2\/espiritualidad\/oraciones-a-san-benedicto-y-santa-escolastica\/","og_locale":"es_ES","og_type":"article","og_title":"Gebete zum Hl. Benedikt und zur Hl. Scholastika","og_url":"https:\/\/stiftadmont.at\/es\/casa-del-encuentro-2\/espiritualidad\/oraciones-a-san-benedicto-y-santa-escolastica\/","og_site_name":"Stift Admont","article_modified_time":"2025-02-04T09:40:14+00:00","og_image":[{"width":1912,"height":1188,"url":"https:\/\/stiftadmont.at\/wp-content\/uploads\/Klosteranlage-innen.jpg","type":"image\/jpeg"}],"twitter_card":"summary_large_image","schema":{"@context":"https:\/\/schema.org","@graph":[{"@type":"WebPage","@id":"https:\/\/stiftadmont.at\/haus-der-begegnung-2\/spiritualitaet\/gebete-zum-hl-benedikt-und-zur-hl-scholastika\/","url":"https:\/\/stiftadmont.at\/haus-der-begegnung-2\/spiritualitaet\/gebete-zum-hl-benedikt-und-zur-hl-scholastika\/","name":"Oraciones a San Benito y Santa Escol\u00e1stica - Abad\u00eda de Admont","isPartOf":{"@id":"https:\/\/stiftadmont.at\/#website"},"datePublished":"2024-07-15T06:38:38+00:00","dateModified":"2025-02-04T09:40:14+00:00","breadcrumb":{"@id":"https:\/\/stiftadmont.at\/haus-der-begegnung-2\/spiritualitaet\/gebete-zum-hl-benedikt-und-zur-hl-scholastika\/#breadcrumb"},"inLanguage":"es","potentialAction":[{"@type":"ReadAction","target":["https:\/\/stiftadmont.at\/haus-der-begegnung-2\/spiritualitaet\/gebete-zum-hl-benedikt-und-zur-hl-scholastika\/"]}]},{"@type":"BreadcrumbList","@id":"https:\/\/stiftadmont.at\/haus-der-begegnung-2\/spiritualitaet\/gebete-zum-hl-benedikt-und-zur-hl-scholastika\/#breadcrumb","itemListElement":[{"@type":"ListItem","position":1,"name":"Start","item":"https:\/\/stiftadmont.at\/"},{"@type":"ListItem","position":2,"name":"Haus der Begegnung","item":"https:\/\/stiftadmont.at\/haus-der-begegnung-2\/"},{"@type":"ListItem","position":3,"name":"Spiritualit\u00e4t","item":"https:\/\/stiftadmont.at\/haus-der-begegnung-2\/spiritualitaet\/"},{"@type":"ListItem","position":4,"name":"Gebete zum Hl. Benedikt und zur Hl. Scholastika"}]},{"@type":"WebSite","@id":"https:\/\/stiftadmont.at\/#website","url":"https:\/\/stiftadmont.at\/","name":"Abad\u00eda de Admont","description":"Monasterio benedictino y atracci\u00f3n tur\u00edstica en el Ges\u00e4use","potentialAction":[{"@type":"SearchAction","target":{"@type":"EntryPoint","urlTemplate":"https:\/\/stiftadmont.at\/?s={search_term_string}"},"query-input":{"@type":"PropertyValueSpecification","valueRequired":true,"valueName":"search_term_string"}}],"inLanguage":"es"}]}},"_links":{"self":[{"href":"https:\/\/stiftadmont.at\/es\/wp-json\/wp\/v2\/pages\/29319","targetHints":{"allow":["GET"]}}],"collection":[{"href":"https:\/\/stiftadmont.at\/es\/wp-json\/wp\/v2\/pages"}],"about":[{"href":"https:\/\/stiftadmont.at\/es\/wp-json\/wp\/v2\/types\/page"}],"author":[{"embeddable":true,"href":"https:\/\/stiftadmont.at\/es\/wp-json\/wp\/v2\/users\/19"}],"replies":[{"embeddable":true,"href":"https:\/\/stiftadmont.at\/es\/wp-json\/wp\/v2\/comments?post=29319"}],"version-history":[{"count":6,"href":"https:\/\/stiftadmont.at\/es\/wp-json\/wp\/v2\/pages\/29319\/revisions"}],"predecessor-version":[{"id":32644,"href":"https:\/\/stiftadmont.at\/es\/wp-json\/wp\/v2\/pages\/29319\/revisions\/32644"}],"up":[{"embeddable":true,"href":"https:\/\/stiftadmont.at\/es\/wp-json\/wp\/v2\/pages\/29279"}],"wp:attachment":[{"href":"https:\/\/stiftadmont.at\/es\/wp-json\/wp\/v2\/media?parent=29319"}],"wp:term":[{"taxonomy":"category","embeddable":true,"href":"https:\/\/stiftadmont.at\/es\/wp-json\/wp\/v2\/categories?post=29319"}],"curies":[{"name":"wp","href":"https:\/\/api.w.org\/{rel}","templated":true}]}}