{"id":29323,"date":"2024-07-15T08:47:50","date_gmt":"2024-07-15T06:47:50","guid":{"rendered":"https:\/\/stiftadmont.at\/?page_id=29323"},"modified":"2024-07-15T10:25:56","modified_gmt":"2024-07-15T08:25:56","slug":"santo-bambino-de-aracoeli","status":"publish","type":"page","link":"https:\/\/stiftadmont.at\/es\/haus-der-begegnung-2\/spiritualitaet\/santo-bambino-von-aracoeli\/","title":{"rendered":"Santo Bambino de Aracoeli"},"content":{"rendered":"<section id='lightpress__section--block_6988a78a5b82f7b9155b3d2e08553126' class='lightpress__section--default-section-space lightpress__section lightpress__section--content'><div class=\"content__inner\"\n         x-init=\"initContentBlockAnim($el)\">\n        \n    <div class=\"content__grid content__grid\">\n                                            <div class=\"content__box content__box--one-hundred\"\n                 style=\"\">\n                                \n                \n                                            <div class=\"prose\"><h5 class=\"heading-m\">Santo Bambino de Aracoeli<\/h5>\n<p class=\"paragraph-m\"><strong>Oraci\u00f3n al Santo Bambino de Aracoeli<\/strong><\/p>\n<p class=\"paragraph-m\">\u00a0<\/p>\n<p class=\"paragraph-m\">Amando a Jes\u00fas, que se hizo ni\u00f1o por nosotros<\/p>\n<p class=\"paragraph-m\">y nacieron en un establo,<\/p>\n<p class=\"paragraph-m\">para redimirnos del pecado.<\/p>\n<p class=\"paragraph-m\">Te reconocemos como nuestro Dios y Rey.<\/p>\n<p class=\"paragraph-m\">Te ofrecemos todo nuestro afecto como un regalo de honor,<\/p>\n<p class=\"paragraph-m\">de nuestro coraz\u00f3n.<\/p>\n<p class=\"paragraph-m\">Querido Jes\u00fas, h\u00f3nrate con este regalo.<\/p>\n<p class=\"paragraph-m\">Pero para que sea de tu agrado, te pedimos que nos<\/p>\n<p class=\"paragraph-m\">con el fuego de Tu amor divino.<\/p>\n<p class=\"paragraph-m\">De este modo, que nuestra alma se convierta en un altar,<\/p>\n<p class=\"paragraph-m\">en la que te ofrecemos el sacrificio de nuestras penurias.<\/p>\n<p class=\"paragraph-m\">Haz que aqu\u00ed en la tierra siempre<\/p>\n<p class=\"paragraph-m\">Busca tu mayor honor, para que podamos un d\u00eda<\/p>\n<p class=\"paragraph-m\">para compartir tu gloria eterna en el cielo. Am\u00e9n.<\/p>\n<p class=\"paragraph-m\">\u00a0<\/p>\n<p class=\"paragraph-m\"><strong>EL NI\u00d1O JES\u00daS DE ARACELI<\/strong><\/p>\n<p class=\"paragraph-m\">\u00a0<\/p>\n<p class=\"paragraph-m\">La imagen fue tallada en madera de olivo del Huerto de Getseman\u00ed por un piadoso fraile franciscano de Jerusal\u00e9n a finales del siglo XV. Seg\u00fan la tradici\u00f3n, el buen fraile no ten\u00eda el color necesario para terminar la obra, por lo que se dice que fue milagrosamente completada por la mano de un \u00e1ngel. Durante el viaje por mar, el fraile se vio obligado a arrojar al agua la arqueta que conten\u00eda el precioso tesoro a causa de una terrible tormenta, pero \u00e9sta flot\u00f3 detr\u00e1s del barco y lleg\u00f3 sola al puerto de Livorno.<\/p>\n<p class=\"paragraph-m\">\u00a0<\/p>\n<p class=\"paragraph-m\">La fama de estos acontecimientos \u00fanicos precedi\u00f3 a la imagen; fue recibida con gran regocijo en la Ciudad Eterna y honrada con extraordinaria devoci\u00f3n. Un d\u00eda -era Navidad- una noble dama rob\u00f3 la imagen del bel\u00e9n donde se guardaba y la escondi\u00f3 cuidadosamente en su casa. Entonces cay\u00f3 gravemente enferma y su confesor le orden\u00f3 que devolviera la imagen. Seg\u00fan la tradici\u00f3n popular, la imagen regres\u00f3 sola al Capitolio en mitad de la noche y las campanas de la bas\u00edlica comenzaron a repicar milagrosamente.<\/p>\n<p class=\"paragraph-m\">\u00a0<\/p>\n<p class=\"paragraph-m\">Los preciosos regalos de oro y piedras preciosas que la adornan dan testimonio de la gratitud de los fieles por los innumerables favores recibidos. Fue profusamente dotado de tales regalos cada vez que fue robado por manos ladronas. En 1798, un noble romano llamado Serafino Petrarca rescat\u00f3 el cuadro de la furia destructora de las tropas napole\u00f3nicas a cambio de una gran suma de dinero.<\/p>\n<p class=\"paragraph-m\">\u00a0<\/p>\n<p class=\"paragraph-m\">La capilla del Ni\u00f1o Jes\u00fas suele estar llena de visitantes de todo el mundo. Antes de dar a luz, las madres suben a Aracoeli para recibir una bendici\u00f3n especial; tambi\u00e9n llevan all\u00ed a sus hijos para consagrarlos al ni\u00f1o divino. Desde tiempos inmemoriales, la imagen se lleva a la cabecera de los enfermos que lo solicitan. Sol\u00eda ocurrir que se viera una larga fila de veh\u00edculos esperando su turno en la plaza del Capitolio.<\/p>\n<p class=\"paragraph-m\">\u00a0<\/p>\n<p class=\"paragraph-m\">La fama cada vez mayor de la maravillosa imagen impuls\u00f3 al Papa Le\u00f3n XIII y al Cap\u00edtulo Vaticano a coronar la imagen. Esto tuvo lugar en una solemne ceremonia el 2 de mayo de 1897, y las innumerables cartas de petici\u00f3n y agradecimiento que el divino ni\u00f1o recibe cada d\u00eda de miles de personas piadosas de todo el mundo dan testimonio de esta fama. Los peque\u00f1os y los mayores le escriben como a su mejor amigo. Durante la Navidad, los ni\u00f1os de Roma acuden a la magn\u00edfica cuna para pronunciar sus peque\u00f1os discursos y recitar himnos de alabanza al Salvador reci\u00e9n nacido. En Epifan\u00eda, toda la ciudad corre al Capitolio para recibir la bendici\u00f3n de su peque\u00f1o gran rey. En verdad, el sol nunca se pone en su reino.<\/p>\n<\/div>\n                    \n                            <\/div>\n        \n            <\/div>\n<\/div>\n\n<\/section>","protected":false},"excerpt":{"rendered":"","protected":false},"author":19,"featured_media":0,"parent":29279,"menu_order":7,"comment_status":"closed","ping_status":"closed","template":"","meta":{"_acf_changed":false,"footnotes":""},"categories":[],"class_list":["post-29323","page","type-page","status-publish","hentry"],"acf":[],"yoast_head":"<!-- This site is optimized with the Yoast SEO Premium plugin v26.0 (Yoast SEO v26.8) - https:\/\/yoast.com\/product\/yoast-seo-premium-wordpress\/ -->\n<title>Santo Bambino von Aracoeli - Stift Admont<\/title>\n<meta name=\"robots\" content=\"index, follow, max-snippet:-1, max-image-preview:large, max-video-preview:-1\" \/>\n<link rel=\"canonical\" href=\"https:\/\/stiftadmont.at\/es\/casa-del-encuentro-2\/espiritualidad\/santo-bambino-de-aracoeli\/\" \/>\n<meta property=\"og:locale\" content=\"es_ES\" \/>\n<meta property=\"og:type\" content=\"article\" \/>\n<meta property=\"og:title\" content=\"Santo Bambino von Aracoeli\" \/>\n<meta property=\"og:url\" content=\"https:\/\/stiftadmont.at\/es\/casa-del-encuentro-2\/espiritualidad\/santo-bambino-de-aracoeli\/\" \/>\n<meta property=\"og:site_name\" content=\"Stift Admont\" \/>\n<meta property=\"article:modified_time\" content=\"2024-07-15T08:25:56+00:00\" \/>\n<meta property=\"og:image\" content=\"https:\/\/stiftadmont.at\/wp-content\/uploads\/Klosteranlage-innen.jpg\" \/>\n\t<meta property=\"og:image:width\" content=\"1912\" \/>\n\t<meta property=\"og:image:height\" content=\"1188\" \/>\n\t<meta property=\"og:image:type\" content=\"image\/jpeg\" \/>\n<meta name=\"twitter:card\" content=\"summary_large_image\" \/>\n<script type=\"application\/ld+json\" class=\"yoast-schema-graph\">{\"@context\":\"https:\/\/schema.org\",\"@graph\":[{\"@type\":\"WebPage\",\"@id\":\"https:\/\/stiftadmont.at\/haus-der-begegnung-2\/spiritualitaet\/santo-bambino-von-aracoeli\/\",\"url\":\"https:\/\/stiftadmont.at\/haus-der-begegnung-2\/spiritualitaet\/santo-bambino-von-aracoeli\/\",\"name\":\"Santo Bambino von Aracoeli - Stift Admont\",\"isPartOf\":{\"@id\":\"https:\/\/stiftadmont.at\/#website\"},\"datePublished\":\"2024-07-15T06:47:50+00:00\",\"dateModified\":\"2024-07-15T08:25:56+00:00\",\"breadcrumb\":{\"@id\":\"https:\/\/stiftadmont.at\/haus-der-begegnung-2\/spiritualitaet\/santo-bambino-von-aracoeli\/#breadcrumb\"},\"inLanguage\":\"es\",\"potentialAction\":[{\"@type\":\"ReadAction\",\"target\":[\"https:\/\/stiftadmont.at\/haus-der-begegnung-2\/spiritualitaet\/santo-bambino-von-aracoeli\/\"]}]},{\"@type\":\"BreadcrumbList\",\"@id\":\"https:\/\/stiftadmont.at\/haus-der-begegnung-2\/spiritualitaet\/santo-bambino-von-aracoeli\/#breadcrumb\",\"itemListElement\":[{\"@type\":\"ListItem\",\"position\":1,\"name\":\"Start\",\"item\":\"https:\/\/stiftadmont.at\/\"},{\"@type\":\"ListItem\",\"position\":2,\"name\":\"Haus der Begegnung\",\"item\":\"https:\/\/stiftadmont.at\/haus-der-begegnung-2\/\"},{\"@type\":\"ListItem\",\"position\":3,\"name\":\"Spiritualit\u00e4t\",\"item\":\"https:\/\/stiftadmont.at\/haus-der-begegnung-2\/spiritualitaet\/\"},{\"@type\":\"ListItem\",\"position\":4,\"name\":\"Santo Bambino von Aracoeli\"}]},{\"@type\":\"WebSite\",\"@id\":\"https:\/\/stiftadmont.at\/#website\",\"url\":\"https:\/\/stiftadmont.at\/\",\"name\":\"Stift Admont\",\"description\":\"Benediktinerkloster und Sehensw\u00fcrdigkeit im Ges\u00e4use\",\"potentialAction\":[{\"@type\":\"SearchAction\",\"target\":{\"@type\":\"EntryPoint\",\"urlTemplate\":\"https:\/\/stiftadmont.at\/?s={search_term_string}\"},\"query-input\":{\"@type\":\"PropertyValueSpecification\",\"valueRequired\":true,\"valueName\":\"search_term_string\"}}],\"inLanguage\":\"es\"}]}<\/script>\n<!-- \/ Yoast SEO Premium plugin. -->","yoast_head_json":{"title":"Santo Bambino de Aracoeli - Abad\u00eda de Admont","robots":{"index":"index","follow":"follow","max-snippet":"max-snippet:-1","max-image-preview":"max-image-preview:large","max-video-preview":"max-video-preview:-1"},"canonical":"https:\/\/stiftadmont.at\/es\/casa-del-encuentro-2\/espiritualidad\/santo-bambino-de-aracoeli\/","og_locale":"es_ES","og_type":"article","og_title":"Santo Bambino von Aracoeli","og_url":"https:\/\/stiftadmont.at\/es\/casa-del-encuentro-2\/espiritualidad\/santo-bambino-de-aracoeli\/","og_site_name":"Stift Admont","article_modified_time":"2024-07-15T08:25:56+00:00","og_image":[{"width":1912,"height":1188,"url":"https:\/\/stiftadmont.at\/wp-content\/uploads\/Klosteranlage-innen.jpg","type":"image\/jpeg"}],"twitter_card":"summary_large_image","schema":{"@context":"https:\/\/schema.org","@graph":[{"@type":"WebPage","@id":"https:\/\/stiftadmont.at\/haus-der-begegnung-2\/spiritualitaet\/santo-bambino-von-aracoeli\/","url":"https:\/\/stiftadmont.at\/haus-der-begegnung-2\/spiritualitaet\/santo-bambino-von-aracoeli\/","name":"Santo Bambino de Aracoeli - Abad\u00eda de Admont","isPartOf":{"@id":"https:\/\/stiftadmont.at\/#website"},"datePublished":"2024-07-15T06:47:50+00:00","dateModified":"2024-07-15T08:25:56+00:00","breadcrumb":{"@id":"https:\/\/stiftadmont.at\/haus-der-begegnung-2\/spiritualitaet\/santo-bambino-von-aracoeli\/#breadcrumb"},"inLanguage":"es","potentialAction":[{"@type":"ReadAction","target":["https:\/\/stiftadmont.at\/haus-der-begegnung-2\/spiritualitaet\/santo-bambino-von-aracoeli\/"]}]},{"@type":"BreadcrumbList","@id":"https:\/\/stiftadmont.at\/haus-der-begegnung-2\/spiritualitaet\/santo-bambino-von-aracoeli\/#breadcrumb","itemListElement":[{"@type":"ListItem","position":1,"name":"Start","item":"https:\/\/stiftadmont.at\/"},{"@type":"ListItem","position":2,"name":"Haus der Begegnung","item":"https:\/\/stiftadmont.at\/haus-der-begegnung-2\/"},{"@type":"ListItem","position":3,"name":"Spiritualit\u00e4t","item":"https:\/\/stiftadmont.at\/haus-der-begegnung-2\/spiritualitaet\/"},{"@type":"ListItem","position":4,"name":"Santo Bambino von Aracoeli"}]},{"@type":"WebSite","@id":"https:\/\/stiftadmont.at\/#website","url":"https:\/\/stiftadmont.at\/","name":"Abad\u00eda de Admont","description":"Monasterio benedictino y atracci\u00f3n tur\u00edstica en el Ges\u00e4use","potentialAction":[{"@type":"SearchAction","target":{"@type":"EntryPoint","urlTemplate":"https:\/\/stiftadmont.at\/?s={search_term_string}"},"query-input":{"@type":"PropertyValueSpecification","valueRequired":true,"valueName":"search_term_string"}}],"inLanguage":"es"}]}},"_links":{"self":[{"href":"https:\/\/stiftadmont.at\/es\/wp-json\/wp\/v2\/pages\/29323","targetHints":{"allow":["GET"]}}],"collection":[{"href":"https:\/\/stiftadmont.at\/es\/wp-json\/wp\/v2\/pages"}],"about":[{"href":"https:\/\/stiftadmont.at\/es\/wp-json\/wp\/v2\/types\/page"}],"author":[{"embeddable":true,"href":"https:\/\/stiftadmont.at\/es\/wp-json\/wp\/v2\/users\/19"}],"replies":[{"embeddable":true,"href":"https:\/\/stiftadmont.at\/es\/wp-json\/wp\/v2\/comments?post=29323"}],"version-history":[{"count":3,"href":"https:\/\/stiftadmont.at\/es\/wp-json\/wp\/v2\/pages\/29323\/revisions"}],"predecessor-version":[{"id":29425,"href":"https:\/\/stiftadmont.at\/es\/wp-json\/wp\/v2\/pages\/29323\/revisions\/29425"}],"up":[{"embeddable":true,"href":"https:\/\/stiftadmont.at\/es\/wp-json\/wp\/v2\/pages\/29279"}],"wp:attachment":[{"href":"https:\/\/stiftadmont.at\/es\/wp-json\/wp\/v2\/media?parent=29323"}],"wp:term":[{"taxonomy":"category","embeddable":true,"href":"https:\/\/stiftadmont.at\/es\/wp-json\/wp\/v2\/categories?post=29323"}],"curies":[{"name":"wp","href":"https:\/\/api.w.org\/{rel}","templated":true}]}}