{"id":29335,"date":"2024-07-15T08:23:49","date_gmt":"2024-07-15T06:23:49","guid":{"rendered":"https:\/\/stiftadmont.at\/?page_id=29335"},"modified":"2025-02-04T11:57:27","modified_gmt":"2025-02-04T09:57:27","slug":"asesoramiento-a-estudiantes","status":"publish","type":"page","link":"https:\/\/stiftadmont.at\/es\/haus-der-begegnung-2\/die-muenze\/studentenseelsorge\/","title":{"rendered":"Capellan\u00eda estudiantil"},"content":{"rendered":"<section id='lightpress__section--block_f3047a6d1cdf1eb78d589be5149b5eca' class='lightpress__section--default-section-space lightpress__section lightpress__section--content'><div class=\"content__inner\"\n         x-init=\"initContentBlockAnim($el)\">\n        \n    <div class=\"content__grid content__grid\">\n                                            <div class=\"content__box content__box--one-hundred\"\n                 style=\"\">\n                                \n                \n                                            <div class=\"prose\"><h5 class=\"heading-m line line-above line--gold text-center\">Capellan\u00eda estudiantil<\/h5>\n<p>\u00a0<\/p>\n<h5 class=\"heading-m\">Capellan\u00eda estudiantil y hospitalidad benedictina<\/h5>\n<p>\u00a0<\/p>\n<p class=\"paragraph-m\">Con la apertura de la residencia de estudiantes de M\u00fcnzgrabenstra\u00dfe, el equipo de la Haus der Begegnung se hizo cargo de la atenci\u00f3n pastoral de los estudiantes que viv\u00edan all\u00ed.<\/p>\n<p class=\"paragraph-m\">\u00a0<\/p>\n<p class=\"paragraph-m\">Para nosotros, la capellan\u00eda estudiantil significa invitar a los estudiantes a experimentar la fe en una comunidad viva, a reflexionar sobre ella con honestidad intelectual y a profundizarla experimentando la espiritualidad y el estilo de vida benedictinos para encontrar un cristianismo aut\u00e9ntico y cre\u00edble.<\/p>\n<p class=\"paragraph-m\">\u00a0<\/p>\n<p class=\"paragraph-m\">\u00a0<\/p>\n<p class=\"paragraph-m\">Con servicios, meditaci\u00f3n y programas de reflexi\u00f3n, queremos ofrecer oportunidades para practicar y vivir la espiritualidad benedictina y para experimentarla y profundizar en ella. De este modo, queremos ayudar a las personas y a las comunidades a descubrir su fe y a expresarla en un lenguaje comprensible en el mundo de hoy.<\/p>\n<p class=\"paragraph-m\">\u00a0<\/p>\n<p class=\"paragraph-m\">Los estudiantes tambi\u00e9n tienen la oportunidad de desarrollar sus propias habilidades para la vida m\u00e1s all\u00e1 de sus estudios y de reforzar su responsabilidad hacia el mundo y hacia todos los seres humanos.<\/p>\n<p class=\"paragraph-m\">Teniendo esto en cuenta, es muy importante para nosotros ofrecer espacios de intercambio y pertenencia: Espacios de intercambio, discusi\u00f3n y reflexi\u00f3n que traduzcan la herencia de las Sagradas Escrituras y de la tradici\u00f3n benedictina a nuestra forma moderna de pensar y de vivir, contribuyendo a la toma de decisiones individuales y a la fe personal. Los encuentros con el arte, la literatura, la pol\u00edtica y otras religiones y confesiones deben ayudar a descubrir lo espiritual en la cultura contempor\u00e1nea y posibilitar el di\u00e1logo cr\u00edtico.<\/p>\n<p class=\"paragraph-m\">Los espacios de pertenencia y encuentro interpersonal sirven de ant\u00eddoto contra la confusi\u00f3n, la falta de compromiso y el anonimato, a menudo lamentados, de la vida universitaria cotidiana. A ello contribuyen las salas de libre acceso: cafeter\u00eda con peri\u00f3dicos y revistas, jard\u00edn y sala de estudio, que hacen de la Haus der Begegnung un oasis acogedor y relajante en medio del vibrante barrio universitario.<\/p>\n<p class=\"paragraph-m\">\u00a0<\/p>\n<p class=\"paragraph-m\">San Benito escribe en el cap\u00edtulo 53 de su Regla: \"Todos los forasteros que vengan deben ser acogidos como Cristo, porque \u00e9l dir\u00e1: 'Fui forastero y me acogisteis'\". (RB 53,1)<\/p>\n<p class=\"paragraph-m\">En sus 1500 a\u00f1os de tradici\u00f3n, la hospitalidad benedictina ha adoptado diferentes formas, pero siempre se ha basado en el principio de acoger a las personas sin discriminaci\u00f3n ni prejuicios, siguiendo el ejemplo de Cristo. La residencia de estudiantes es una forma especial de esta hospitalidad que invita a las personas a encontrarse con Cristo.<\/p>\n<p class=\"paragraph-m\">\"En todas partes Dios est\u00e1 presente, creemos, y los ojos del Se\u00f1or miran lo bueno y lo malo de cada lugar\". (RB 19:1)<\/p>\n<p class=\"paragraph-m\">El centro de este encuentro es la capilla, donde se celebra la Eucarist\u00eda. La capilla pretende ser un lugar de silencio cuando el ruido de la vida cotidiana resulta excesivo, pero tambi\u00e9n un lugar de oraci\u00f3n y de especial cercan\u00eda a Dios: dar a Dios espacio y tiempo no s\u00f3lo en momentos especiales o dif\u00edciles, sino tambi\u00e9n en la vida cotidiana.<\/p>\n<p class=\"paragraph-m\">\u00a0<\/p>\n<p class=\"paragraph-m\">\"Escucha, hijo m\u00edo, la instrucci\u00f3n del Maestro, inclina el o\u00eddo de tu coraz\u00f3n, acepta de buen grado la promesa del Padre ben\u00e9volo y c\u00famplela con hechos\". (RB Prol, 1)<\/p>\n<p class=\"paragraph-m\">Estas palabras, que nuestro Santo Padre Benedicto puso al comienzo de su Regla, son a la vez una invitaci\u00f3n y una tarea para los estudiantes. Os invitamos a liberar el o\u00eddo del coraz\u00f3n de las preocupaciones, de los problemas y de las innumerables cosas cotidianas que bloquean y taponan este o\u00eddo; a aguzarlo para percibir con mayor atenci\u00f3n la voz de Dios; a encontrar una escucha a trav\u00e9s de la oraci\u00f3n com\u00fan.<\/p>\n<\/div>\n                    \n                            <\/div>\n        \n            <\/div>\n<\/div>\n\n<\/section>","protected":false},"excerpt":{"rendered":"","protected":false},"author":19,"featured_media":0,"parent":29331,"menu_order":1,"comment_status":"closed","ping_status":"closed","template":"","meta":{"_acf_changed":false,"footnotes":""},"categories":[],"class_list":["post-29335","page","type-page","status-publish","hentry"],"acf":[],"yoast_head":"<!-- This site is optimized with the Yoast SEO Premium plugin v26.0 (Yoast SEO v26.8) - https:\/\/yoast.com\/product\/yoast-seo-premium-wordpress\/ -->\n<title>Studentenseelsorge - Stift Admont<\/title>\n<meta name=\"robots\" content=\"index, follow, max-snippet:-1, max-image-preview:large, max-video-preview:-1\" \/>\n<link rel=\"canonical\" href=\"https:\/\/stiftadmont.at\/es\/casa-del-encuentro-2\/la-moneda\/asesoramiento-a-estudiantes\/\" \/>\n<meta property=\"og:locale\" content=\"es_ES\" \/>\n<meta property=\"og:type\" content=\"article\" \/>\n<meta property=\"og:title\" content=\"Studentenseelsorge\" \/>\n<meta property=\"og:url\" content=\"https:\/\/stiftadmont.at\/es\/casa-del-encuentro-2\/la-moneda\/asesoramiento-a-estudiantes\/\" \/>\n<meta property=\"og:site_name\" content=\"Stift Admont\" \/>\n<meta property=\"article:modified_time\" content=\"2025-02-04T09:57:27+00:00\" \/>\n<meta property=\"og:image\" content=\"https:\/\/stiftadmont.at\/wp-content\/uploads\/Klosteranlage-innen.jpg\" \/>\n\t<meta property=\"og:image:width\" content=\"1912\" \/>\n\t<meta property=\"og:image:height\" content=\"1188\" \/>\n\t<meta property=\"og:image:type\" content=\"image\/jpeg\" \/>\n<meta name=\"twitter:card\" content=\"summary_large_image\" \/>\n<script type=\"application\/ld+json\" class=\"yoast-schema-graph\">{\"@context\":\"https:\/\/schema.org\",\"@graph\":[{\"@type\":\"WebPage\",\"@id\":\"https:\/\/stiftadmont.at\/haus-der-begegnung-2\/die-muenze\/studentenseelsorge\/\",\"url\":\"https:\/\/stiftadmont.at\/haus-der-begegnung-2\/die-muenze\/studentenseelsorge\/\",\"name\":\"Studentenseelsorge - Stift Admont\",\"isPartOf\":{\"@id\":\"https:\/\/stiftadmont.at\/#website\"},\"datePublished\":\"2024-07-15T06:23:49+00:00\",\"dateModified\":\"2025-02-04T09:57:27+00:00\",\"breadcrumb\":{\"@id\":\"https:\/\/stiftadmont.at\/haus-der-begegnung-2\/die-muenze\/studentenseelsorge\/#breadcrumb\"},\"inLanguage\":\"es\",\"potentialAction\":[{\"@type\":\"ReadAction\",\"target\":[\"https:\/\/stiftadmont.at\/haus-der-begegnung-2\/die-muenze\/studentenseelsorge\/\"]}]},{\"@type\":\"BreadcrumbList\",\"@id\":\"https:\/\/stiftadmont.at\/haus-der-begegnung-2\/die-muenze\/studentenseelsorge\/#breadcrumb\",\"itemListElement\":[{\"@type\":\"ListItem\",\"position\":1,\"name\":\"Start\",\"item\":\"https:\/\/stiftadmont.at\/\"},{\"@type\":\"ListItem\",\"position\":2,\"name\":\"Haus der Begegnung\",\"item\":\"https:\/\/stiftadmont.at\/haus-der-begegnung-2\/\"},{\"@type\":\"ListItem\",\"position\":3,\"name\":\"Die M\u00fcnze\",\"item\":\"https:\/\/stiftadmont.at\/haus-der-begegnung-2\/die-muenze\/\"},{\"@type\":\"ListItem\",\"position\":4,\"name\":\"Studentenseelsorge\"}]},{\"@type\":\"WebSite\",\"@id\":\"https:\/\/stiftadmont.at\/#website\",\"url\":\"https:\/\/stiftadmont.at\/\",\"name\":\"Stift Admont\",\"description\":\"Benediktinerkloster und Sehensw\u00fcrdigkeit im Ges\u00e4use\",\"potentialAction\":[{\"@type\":\"SearchAction\",\"target\":{\"@type\":\"EntryPoint\",\"urlTemplate\":\"https:\/\/stiftadmont.at\/?s={search_term_string}\"},\"query-input\":{\"@type\":\"PropertyValueSpecification\",\"valueRequired\":true,\"valueName\":\"search_term_string\"}}],\"inLanguage\":\"es\"}]}<\/script>\n<!-- \/ Yoast SEO Premium plugin. -->","yoast_head_json":{"title":"Capellan\u00eda de estudiantes - Abad\u00eda de Admont","robots":{"index":"index","follow":"follow","max-snippet":"max-snippet:-1","max-image-preview":"max-image-preview:large","max-video-preview":"max-video-preview:-1"},"canonical":"https:\/\/stiftadmont.at\/es\/casa-del-encuentro-2\/la-moneda\/asesoramiento-a-estudiantes\/","og_locale":"es_ES","og_type":"article","og_title":"Studentenseelsorge","og_url":"https:\/\/stiftadmont.at\/es\/casa-del-encuentro-2\/la-moneda\/asesoramiento-a-estudiantes\/","og_site_name":"Stift Admont","article_modified_time":"2025-02-04T09:57:27+00:00","og_image":[{"width":1912,"height":1188,"url":"https:\/\/stiftadmont.at\/wp-content\/uploads\/Klosteranlage-innen.jpg","type":"image\/jpeg"}],"twitter_card":"summary_large_image","schema":{"@context":"https:\/\/schema.org","@graph":[{"@type":"WebPage","@id":"https:\/\/stiftadmont.at\/haus-der-begegnung-2\/die-muenze\/studentenseelsorge\/","url":"https:\/\/stiftadmont.at\/haus-der-begegnung-2\/die-muenze\/studentenseelsorge\/","name":"Capellan\u00eda de estudiantes - Abad\u00eda de Admont","isPartOf":{"@id":"https:\/\/stiftadmont.at\/#website"},"datePublished":"2024-07-15T06:23:49+00:00","dateModified":"2025-02-04T09:57:27+00:00","breadcrumb":{"@id":"https:\/\/stiftadmont.at\/haus-der-begegnung-2\/die-muenze\/studentenseelsorge\/#breadcrumb"},"inLanguage":"es","potentialAction":[{"@type":"ReadAction","target":["https:\/\/stiftadmont.at\/haus-der-begegnung-2\/die-muenze\/studentenseelsorge\/"]}]},{"@type":"BreadcrumbList","@id":"https:\/\/stiftadmont.at\/haus-der-begegnung-2\/die-muenze\/studentenseelsorge\/#breadcrumb","itemListElement":[{"@type":"ListItem","position":1,"name":"Start","item":"https:\/\/stiftadmont.at\/"},{"@type":"ListItem","position":2,"name":"Haus der Begegnung","item":"https:\/\/stiftadmont.at\/haus-der-begegnung-2\/"},{"@type":"ListItem","position":3,"name":"Die M\u00fcnze","item":"https:\/\/stiftadmont.at\/haus-der-begegnung-2\/die-muenze\/"},{"@type":"ListItem","position":4,"name":"Studentenseelsorge"}]},{"@type":"WebSite","@id":"https:\/\/stiftadmont.at\/#website","url":"https:\/\/stiftadmont.at\/","name":"Abad\u00eda de Admont","description":"Monasterio benedictino y atracci\u00f3n tur\u00edstica en el Ges\u00e4use","potentialAction":[{"@type":"SearchAction","target":{"@type":"EntryPoint","urlTemplate":"https:\/\/stiftadmont.at\/?s={search_term_string}"},"query-input":{"@type":"PropertyValueSpecification","valueRequired":true,"valueName":"search_term_string"}}],"inLanguage":"es"}]}},"_links":{"self":[{"href":"https:\/\/stiftadmont.at\/es\/wp-json\/wp\/v2\/pages\/29335","targetHints":{"allow":["GET"]}}],"collection":[{"href":"https:\/\/stiftadmont.at\/es\/wp-json\/wp\/v2\/pages"}],"about":[{"href":"https:\/\/stiftadmont.at\/es\/wp-json\/wp\/v2\/types\/page"}],"author":[{"embeddable":true,"href":"https:\/\/stiftadmont.at\/es\/wp-json\/wp\/v2\/users\/19"}],"replies":[{"embeddable":true,"href":"https:\/\/stiftadmont.at\/es\/wp-json\/wp\/v2\/comments?post=29335"}],"version-history":[{"count":5,"href":"https:\/\/stiftadmont.at\/es\/wp-json\/wp\/v2\/pages\/29335\/revisions"}],"predecessor-version":[{"id":32650,"href":"https:\/\/stiftadmont.at\/es\/wp-json\/wp\/v2\/pages\/29335\/revisions\/32650"}],"up":[{"embeddable":true,"href":"https:\/\/stiftadmont.at\/es\/wp-json\/wp\/v2\/pages\/29331"}],"wp:attachment":[{"href":"https:\/\/stiftadmont.at\/es\/wp-json\/wp\/v2\/media?parent=29335"}],"wp:term":[{"taxonomy":"category","embeddable":true,"href":"https:\/\/stiftadmont.at\/es\/wp-json\/wp\/v2\/categories?post=29335"}],"curies":[{"name":"wp","href":"https:\/\/api.w.org\/{rel}","templated":true}]}}