{"id":29344,"date":"2024-07-15T08:47:06","date_gmt":"2024-07-15T06:47:06","guid":{"rendered":"https:\/\/stiftadmont.at\/?page_id=29344"},"modified":"2025-02-04T12:01:37","modified_gmt":"2025-02-04T10:01:37","slug":"discurso-de-apertura-del-obispo-dioezano","status":"publish","type":"page","link":"https:\/\/stiftadmont.at\/es\/haus-der-begegnung-2\/die-muenze\/eroeffnungsrede-des-dioezesanbischofs\/","title":{"rendered":"Discurso de apertura del obispo diocesano"},"content":{"rendered":"<section id='lightpress__section--block_9863c76a414b9529ba1b15d50778481e' class='align-center lightpress__section--default-section-space lightpress__section lightpress__section--headline'><div class=\"headline__container\">\n            <p class=\"headline text--40 text-medium line line--gold line-above line-middle\">Discurso de apertura del obispo diocesano<\/p>\n        <p class=\"text-center text-gold text--20 text-medium text--uppercase\">Palabras de S.Ex. Obispo diocesano Dr. Egon Kapellari en la inauguraci\u00f3n y bendici\u00f3n de la nueva residencia de estudiantes Akademikerhilfe en la M\u00fcnzgrabenstra\u00dfe de Graz el 8 de octubre de 2009<\/p>\n        <div class=\"spacer--40\"><\/div>\n<\/div>\n\n<\/section>\n\n<section id='lightpress__section--block_d6fe4d7ea22c31e1999b3f7e1aa2d927' class='lightpress__section--default-section-space lightpress__section lightpress__section--content'><div class=\"content__inner\"\n         x-init=\"initContentBlockAnim($el)\">\n        \n    <div class=\"content__grid content__grid\">\n                                            <div class=\"content__box content__box--one-hundred\"\n                 style=\"\">\n                                \n                \n                                            <div class=\"prose\"><p class=\"paragraph-m\">Hoy es un motivo de alegr\u00eda para m\u00ed porque esta casa ha seguido siendo una residencia de estudiantes.<\/p>\n<p class=\"paragraph-m\">\u00a0<\/p>\n<p class=\"paragraph-m\">El 1 de febrero de 1970, muchas personas se reunieron festivamente en esta sala: mis dos predecesores en el cargo de obispo, el Dr. Johann Weber y el Dr. Josef Schoiswohl, el Nuncio Apost\u00f3lico Arzobispo Rossi, los gobernadores provinciales Josef Krainer senior y junior, muchos profesores y estudiantes y especialmente los 60 estudiantes para los que la Comunidad Universitaria Cat\u00f3lica de Graz hab\u00eda habilitado un nuevo dormitorio en este monasterio dominico.<\/p>\n<p class=\"paragraph-m\">\u00a0<\/p>\n<p class=\"paragraph-m\">Con poco dinero se hab\u00eda conseguido un tour de force arquitect\u00f3nico para esta obra. El edificio nuevo\/antiguo recibi\u00f3 entonces la rara distinci\u00f3n de constructor que concede el Colegio Central de Arquitectos de Austria. El contrato de alquiler y derechos de construcci\u00f3n entre el convento dominico y la di\u00f3cesis de Graz-Seckau para la comunidad universitaria se celebr\u00f3 por 30 a\u00f1os. En aquel momento me pareci\u00f3 un plazo astron\u00f3micamente largo, que luego se prorrog\u00f3 unos a\u00f1os m\u00e1s. Sin embargo, cuando regres\u00e9 a Estiria, el edificio estaba muy deteriorado y la di\u00f3cesis no estaba en condiciones de hacer grandes inversiones, por lo que anul\u00f3 el contrato.<\/p>\n<p class=\"paragraph-m\">\u00a0<\/p>\n<p class=\"paragraph-m\">Considero un golpe de suerte, o m\u00e1s bien una gran bendici\u00f3n, que la abad\u00eda benedictina de Admont haya duplicado ahora su presencia en Graz al a\u00f1adir el antiguo convento dominico al edificio de J.-J.-Fuxgasse. Ambas casas est\u00e1n dedicadas a la vida de las tres universidades de Graz y encajan en el amplio espectro de la capellan\u00eda universitaria que ofrecen la Comunidad Universitaria Cat\u00f3lica, las Corporaciones Cat\u00f3licas y el Opus Dei.<\/p>\n<p class=\"paragraph-m\">\u00a0<\/p>\n<p class=\"paragraph-m\">Sacerdotes diocesanos, jesuitas, sacerdotes del Opus Dei, benedictinos y dominicos siguen trabajando aqu\u00ed en asociaci\u00f3n con cristianos que ejercen un ministerio no ordenado. La asociaci\u00f3n de apoyo a los estudiantes Akademikerhilfe se ha hecho cargo de la administraci\u00f3n de esta nueva residencia de estudiantes Admont y vela por que la vida se desarrolle en orden y armon\u00eda.<\/p>\n<p class=\"paragraph-m\">\u00a0<\/p>\n<p class=\"paragraph-m\">Esta antigua y a la vez nueva casa, en la que ahora estamos festivamente reunidos, tiene una larga y variada historia: fue fundada por la orden de los ermita\u00f1os agustinos. Tambi\u00e9n trabaj\u00f3 aqu\u00ed durante muchos a\u00f1os el famoso predicador Abraham a Sancta Clara, alias Ulrich Megerle, de la ciudad suaba de Me\u00dfkirch, que tambi\u00e9n fue patria de Martin Heidegger. M\u00e1s tarde trabajaron aqu\u00ed los jesuitas, tras la refundaci\u00f3n de esta orden, y finalmente la casa fue ampliada con nuevos edificios, monasterio y centro de estudios de los dominicos, en cuya propiedad han permanecido y permanecer\u00e1n los edificios colindantes.<\/p>\n<\/div>\n                    \n                            <\/div>\n        \n            <\/div>\n<\/div>\n\n<\/section>","protected":false},"excerpt":{"rendered":"","protected":false},"author":19,"featured_media":0,"parent":29331,"menu_order":6,"comment_status":"closed","ping_status":"closed","template":"","meta":{"_acf_changed":false,"footnotes":""},"categories":[],"class_list":["post-29344","page","type-page","status-publish","hentry"],"acf":[],"yoast_head":"<!-- This site is optimized with the Yoast SEO Premium plugin v26.0 (Yoast SEO v26.8) - https:\/\/yoast.com\/product\/yoast-seo-premium-wordpress\/ -->\n<title>Er\u00f6ffnungsrede des Di\u00f6zesanbischofs - Stift Admont<\/title>\n<meta name=\"robots\" content=\"index, follow, max-snippet:-1, max-image-preview:large, max-video-preview:-1\" \/>\n<link rel=\"canonical\" href=\"https:\/\/stiftadmont.at\/es\/casa-del-encuentro-2\/la-moneda\/discurso-de-apertura-del-obispo-dioezano\/\" \/>\n<meta property=\"og:locale\" content=\"es_ES\" \/>\n<meta property=\"og:type\" content=\"article\" \/>\n<meta property=\"og:title\" content=\"Er\u00f6ffnungsrede des Di\u00f6zesanbischofs\" \/>\n<meta property=\"og:url\" content=\"https:\/\/stiftadmont.at\/es\/casa-del-encuentro-2\/la-moneda\/discurso-de-apertura-del-obispo-dioezano\/\" \/>\n<meta property=\"og:site_name\" content=\"Stift Admont\" \/>\n<meta property=\"article:modified_time\" content=\"2025-02-04T10:01:37+00:00\" \/>\n<meta property=\"og:image\" content=\"https:\/\/stiftadmont.at\/wp-content\/uploads\/Klosteranlage-innen.jpg\" \/>\n\t<meta property=\"og:image:width\" content=\"1912\" \/>\n\t<meta property=\"og:image:height\" content=\"1188\" \/>\n\t<meta property=\"og:image:type\" content=\"image\/jpeg\" \/>\n<meta name=\"twitter:card\" content=\"summary_large_image\" \/>\n<script type=\"application\/ld+json\" class=\"yoast-schema-graph\">{\"@context\":\"https:\/\/schema.org\",\"@graph\":[{\"@type\":\"WebPage\",\"@id\":\"https:\/\/stiftadmont.at\/haus-der-begegnung-2\/die-muenze\/eroeffnungsrede-des-dioezesanbischofs\/\",\"url\":\"https:\/\/stiftadmont.at\/haus-der-begegnung-2\/die-muenze\/eroeffnungsrede-des-dioezesanbischofs\/\",\"name\":\"Er\u00f6ffnungsrede des Di\u00f6zesanbischofs - Stift Admont\",\"isPartOf\":{\"@id\":\"https:\/\/stiftadmont.at\/#website\"},\"datePublished\":\"2024-07-15T06:47:06+00:00\",\"dateModified\":\"2025-02-04T10:01:37+00:00\",\"breadcrumb\":{\"@id\":\"https:\/\/stiftadmont.at\/haus-der-begegnung-2\/die-muenze\/eroeffnungsrede-des-dioezesanbischofs\/#breadcrumb\"},\"inLanguage\":\"es\",\"potentialAction\":[{\"@type\":\"ReadAction\",\"target\":[\"https:\/\/stiftadmont.at\/haus-der-begegnung-2\/die-muenze\/eroeffnungsrede-des-dioezesanbischofs\/\"]}]},{\"@type\":\"BreadcrumbList\",\"@id\":\"https:\/\/stiftadmont.at\/haus-der-begegnung-2\/die-muenze\/eroeffnungsrede-des-dioezesanbischofs\/#breadcrumb\",\"itemListElement\":[{\"@type\":\"ListItem\",\"position\":1,\"name\":\"Start\",\"item\":\"https:\/\/stiftadmont.at\/\"},{\"@type\":\"ListItem\",\"position\":2,\"name\":\"Haus der Begegnung\",\"item\":\"https:\/\/stiftadmont.at\/haus-der-begegnung-2\/\"},{\"@type\":\"ListItem\",\"position\":3,\"name\":\"Die M\u00fcnze\",\"item\":\"https:\/\/stiftadmont.at\/haus-der-begegnung-2\/die-muenze\/\"},{\"@type\":\"ListItem\",\"position\":4,\"name\":\"Er\u00f6ffnungsrede des Di\u00f6zesanbischofs\"}]},{\"@type\":\"WebSite\",\"@id\":\"https:\/\/stiftadmont.at\/#website\",\"url\":\"https:\/\/stiftadmont.at\/\",\"name\":\"Stift Admont\",\"description\":\"Benediktinerkloster und Sehensw\u00fcrdigkeit im Ges\u00e4use\",\"potentialAction\":[{\"@type\":\"SearchAction\",\"target\":{\"@type\":\"EntryPoint\",\"urlTemplate\":\"https:\/\/stiftadmont.at\/?s={search_term_string}\"},\"query-input\":{\"@type\":\"PropertyValueSpecification\",\"valueRequired\":true,\"valueName\":\"search_term_string\"}}],\"inLanguage\":\"es\"}]}<\/script>\n<!-- \/ Yoast SEO Premium plugin. -->","yoast_head_json":{"title":"Discurso de apertura del obispo diocesano - Abad\u00eda de Admont","robots":{"index":"index","follow":"follow","max-snippet":"max-snippet:-1","max-image-preview":"max-image-preview:large","max-video-preview":"max-video-preview:-1"},"canonical":"https:\/\/stiftadmont.at\/es\/casa-del-encuentro-2\/la-moneda\/discurso-de-apertura-del-obispo-dioezano\/","og_locale":"es_ES","og_type":"article","og_title":"Er\u00f6ffnungsrede des Di\u00f6zesanbischofs","og_url":"https:\/\/stiftadmont.at\/es\/casa-del-encuentro-2\/la-moneda\/discurso-de-apertura-del-obispo-dioezano\/","og_site_name":"Stift Admont","article_modified_time":"2025-02-04T10:01:37+00:00","og_image":[{"width":1912,"height":1188,"url":"https:\/\/stiftadmont.at\/wp-content\/uploads\/Klosteranlage-innen.jpg","type":"image\/jpeg"}],"twitter_card":"summary_large_image","schema":{"@context":"https:\/\/schema.org","@graph":[{"@type":"WebPage","@id":"https:\/\/stiftadmont.at\/haus-der-begegnung-2\/die-muenze\/eroeffnungsrede-des-dioezesanbischofs\/","url":"https:\/\/stiftadmont.at\/haus-der-begegnung-2\/die-muenze\/eroeffnungsrede-des-dioezesanbischofs\/","name":"Discurso de apertura del obispo diocesano - Abad\u00eda de Admont","isPartOf":{"@id":"https:\/\/stiftadmont.at\/#website"},"datePublished":"2024-07-15T06:47:06+00:00","dateModified":"2025-02-04T10:01:37+00:00","breadcrumb":{"@id":"https:\/\/stiftadmont.at\/haus-der-begegnung-2\/die-muenze\/eroeffnungsrede-des-dioezesanbischofs\/#breadcrumb"},"inLanguage":"es","potentialAction":[{"@type":"ReadAction","target":["https:\/\/stiftadmont.at\/haus-der-begegnung-2\/die-muenze\/eroeffnungsrede-des-dioezesanbischofs\/"]}]},{"@type":"BreadcrumbList","@id":"https:\/\/stiftadmont.at\/haus-der-begegnung-2\/die-muenze\/eroeffnungsrede-des-dioezesanbischofs\/#breadcrumb","itemListElement":[{"@type":"ListItem","position":1,"name":"Start","item":"https:\/\/stiftadmont.at\/"},{"@type":"ListItem","position":2,"name":"Haus der Begegnung","item":"https:\/\/stiftadmont.at\/haus-der-begegnung-2\/"},{"@type":"ListItem","position":3,"name":"Die M\u00fcnze","item":"https:\/\/stiftadmont.at\/haus-der-begegnung-2\/die-muenze\/"},{"@type":"ListItem","position":4,"name":"Er\u00f6ffnungsrede des Di\u00f6zesanbischofs"}]},{"@type":"WebSite","@id":"https:\/\/stiftadmont.at\/#website","url":"https:\/\/stiftadmont.at\/","name":"Abad\u00eda de Admont","description":"Monasterio benedictino y atracci\u00f3n tur\u00edstica en el Ges\u00e4use","potentialAction":[{"@type":"SearchAction","target":{"@type":"EntryPoint","urlTemplate":"https:\/\/stiftadmont.at\/?s={search_term_string}"},"query-input":{"@type":"PropertyValueSpecification","valueRequired":true,"valueName":"search_term_string"}}],"inLanguage":"es"}]}},"_links":{"self":[{"href":"https:\/\/stiftadmont.at\/es\/wp-json\/wp\/v2\/pages\/29344","targetHints":{"allow":["GET"]}}],"collection":[{"href":"https:\/\/stiftadmont.at\/es\/wp-json\/wp\/v2\/pages"}],"about":[{"href":"https:\/\/stiftadmont.at\/es\/wp-json\/wp\/v2\/types\/page"}],"author":[{"embeddable":true,"href":"https:\/\/stiftadmont.at\/es\/wp-json\/wp\/v2\/users\/19"}],"replies":[{"embeddable":true,"href":"https:\/\/stiftadmont.at\/es\/wp-json\/wp\/v2\/comments?post=29344"}],"version-history":[{"count":4,"href":"https:\/\/stiftadmont.at\/es\/wp-json\/wp\/v2\/pages\/29344\/revisions"}],"predecessor-version":[{"id":32654,"href":"https:\/\/stiftadmont.at\/es\/wp-json\/wp\/v2\/pages\/29344\/revisions\/32654"}],"up":[{"embeddable":true,"href":"https:\/\/stiftadmont.at\/es\/wp-json\/wp\/v2\/pages\/29331"}],"wp:attachment":[{"href":"https:\/\/stiftadmont.at\/es\/wp-json\/wp\/v2\/media?parent=29344"}],"wp:term":[{"taxonomy":"category","embeddable":true,"href":"https:\/\/stiftadmont.at\/es\/wp-json\/wp\/v2\/categories?post=29344"}],"curies":[{"name":"wp","href":"https:\/\/api.w.org\/{rel}","templated":true}]}}