{"id":32997,"date":"2025-02-19T14:43:54","date_gmt":"2025-02-19T12:43:54","guid":{"rendered":"https:\/\/stiftadmont.at\/?page_id=32997"},"modified":"2026-02-01T16:51:31","modified_gmt":"2026-02-01T14:51:31","slug":"viajes-en-autocar-y-ofertas-para-grupos","status":"publish","type":"page","link":"https:\/\/stiftadmont.at\/es\/stiftskeller-admont\/busreisen-und-gruppenangebote\/","title":{"rendered":"Viajes en autocar y ofertas para grupos"},"content":{"rendered":"<section id='lightpress__section--block_cf84cb42937b4eae710f3e39a882a1b5' class='align-center lightpress__section--default-section-space lightpress__section lightpress__section--headline'><div class=\"headline__container\">\n            <p class=\"headline text--40 text-medium line line--gold line-above line-middle\">Busreisen ins Stift Admont<\/p>\n        <p class=\"text-center text-gold text--20 text-medium text--uppercase\">Der Stiftskeller Admont &#8211; das perfekte Restaurant f\u00fcr Gruppen<\/p>\n        <div class=\"spacer--40\"><\/div>\n<\/div>\n\n<\/section>\n\n<section id='lightpress__section--block_62fba70143bbfb02471bcc8de09f5bbb' class='bg--beige lightpress__section--colored-bg lightpress__section--default-section-space lightpress__section lightpress__section--content'><div class=\"content__inner\"\n         x-init=\"initContentBlockAnim($el)\">\n        \n    <div class=\"content__grid content__grid--fifty-fifty\">\n                                            <div class=\"content__box content__box\"\n                 style=\"\">\n                                \n                \n                                            <div class=\"prose\"><h5 class=\"heading-m line line-above line--gold\">Ein Tag im Stift Admont \u2013 Kultur, Kulinarik &amp; Klosterflair<\/h5>\n<p>\u00a0<\/p>\n<p>Planen Sie einen unvergesslichen Tagesausflug in die Obersteiermark und entdecken Sie das beeindruckende Benediktinerstift Admont \u2013 ein Ort, an dem Geschichte lebendig wird und Genuss auf Geist trifft.<\/p>\n<p>\u00a0<\/p>\n<p>Eingebettet zwischen der Enns und den markanten Ges\u00e4usebergen ragen die T\u00fcrme des Stiftes majest\u00e4tisch \u00fcber das Tal. Ihre Reisegruppe parkt bequem direkt auf dem Stiftsgel\u00e4nde \u2013 nur wenige Schritte f\u00fchren Sie zum Eingang des zweitgr\u00f6\u00dften Museums der Steiermark. Dort erwartet Sie ein faszinierender Rundgang durch die weltweit gr\u00f6\u00dfte Klosterbibliothek, Ausstellungen alter und zeitgen\u00f6ssischer Kunst sowie ein beeindruckender Dialog zwischen Tradition und Innovation.<\/p>\n<p>\u00a0<\/p>\n<p>Abgerundet wird der Tag mit regionaler Kulinarik im Stiftskeller Admont \u2013 ein echtes Highlight f\u00fcr alle Sinne.<\/p>\n<p>Nat\u00fcrlich ist das gesamte Gel\u00e4nde inklusive Spazierwege barrierefrei gestaltet.<\/p>\n<p>\u00a0<\/p>\n<p><strong><a href=\"https:\/\/stiftadmont.at\/wp-content\/uploads\/Gruppenmenue-2026_Stiftskeller-Admont.pdf\" download=\"Gruppenmen\u00fc\">Gruppenmen\u00fc<\/a><\/strong><\/p>\n<p><strong><a href=\"https:\/\/stiftadmont.at\/wp-content\/uploads\/Buffet-fuer-Gruppen-2026_Stiftskeller-Admont.pdf\" download=\"Buffet f\u00fcr Gruppen\">Buffet f\u00fcr Gruppen<\/a><\/strong><\/p>\n<p>\u00a0<\/p>\n<p><strong>Kommen Sie vorbei \u2013 und erleben Sie einen Tag voller Kultur, Genuss und Geschichte!<\/strong><\/p>\n<\/div>\n                    \n                            <\/div>\n        \n                                                    <div class=\"content__box content__box--2\"\n                     >\n                                        \n                                            \n                                                    <a href=\"https:\/\/stiftadmont.at\/wp-content\/uploads\/Gesamterlebnis-Benediktinerstift-Admont-2019.mp4\" class=\"content__video content__media\"\n                               x-data\n                               x-init=\"initContentLightBox('#lightpress__section--block_62fba70143bbfb02471bcc8de09f5bbb .content__video')\">\n                                                                                                                                <picture class=\"content__image\">\n                                    <source srcset=\"https:\/\/stiftadmont.at\/wp-content\/uploads\/Stift-Admont-Panorama_c-Stift-Admont-1-1024x460.webp\" type=\"image\/webp\">\n                                    <source srcset=\"https:\/\/stiftadmont.at\/wp-content\/uploads\/Stift-Admont-Panorama_c-Stift-Admont-1-1024x460.jpg\" type=\"image\/jpeg\">\n                                    <img decoding=\"async\" class=\"content__image\" loading=\"lazy\" src=\"https:\/\/stiftadmont.at\/wp-content\/uploads\/Stift-Admont-Panorama_c-Stift-Admont-1-1024x460.jpg\" alt=\"Benediktinerstift Admont - Panorama (c) Stefan Leitner\" width=\"600\" height=\"450\" \/>\n                                <\/picture>\n\n                                <span class=\"overlay-dark\"><\/span>\n                                <span class=\"content-overlay\"><\/span>\n                                <div class=\"content__plaque\">\n                                    <div class=\"content__plaque-inner\">\n                                        <span><i class=\"fas fa-play content__icon\"><\/i><\/span>\n                                        <p class=\"paragraph-m\">Play<\/p>\n                                    <\/div>\n                                <\/div>\n                            <\/a>\n                        \n                                    <\/div>\n            \n            <\/div>\n<\/div>\n\n    <div class=\"background__container background__container--beige\">\n    <\/div>\n\n<\/section>\n\n<section id='lightpress__section--block_68ad4173b6d689ae480b3f33984feb5a' class='lightpress__section--default-section-space lightpress__section lightpress__section--content'><div class=\"content__inner\"\n         x-init=\"initContentBlockAnim($el)\">\n        \n    <div class=\"content__grid content__grid--fifty-fifty\">\n                                            <div class=\"content__box content__box\"\n                 style=\"\">\n                                \n                \n                                        <div class=\"content__media stickyTo\" x-init=\"imageSticky($el)\">\n\n                                                                                                <picture\n                                class=\"content__image sticky\">\n                            <source srcset=\"https:\/\/stiftadmont.at\/wp-content\/uploads\/Stiftskeller_\u00a9Thomas-Sattler-19-1-1024x683.jpg\"\n                                    type=\"image\/webp\">\n                            <source srcset=\"https:\/\/stiftadmont.at\/wp-content\/uploads\/Stiftskeller_\u00a9Thomas-Sattler-19-1-1024x683.jpg\"\n                                    type=\"image\/jpeg\">\n                            <img decoding=\"async\" loading=\"lazy\"\n                                 src=\"https:\/\/stiftadmont.at\/wp-content\/uploads\/Stiftskeller_\u00a9Thomas-Sattler-19-1-1024x683.jpg\"\n                                 alt=\"Stiftskeller \u00a9Thomas Sattler 19\" width=\"600\" height=\"450\">\n                                                                                                            <\/picture>\n\n                    <\/div>\n\n                            <\/div>\n        \n                                                    <div class=\"content__box content__box--2\"\n                     >\n                                        \n                    \n                                                    <div class=\"prose\"><h5 class=\"heading-m line line-above line--gold\">Stiftskeller Admont \u2013 Kulinarik im Herzen der Geschichte<\/h5>\n<p>\u00a0<\/p>\n<p>Eingebettet in die beeindruckende Kulisse des Benediktinerstiftes Admont, direkt neben dem prachtvollen Rosengarten und dem imposanten Admonter M\u00fcnster, l\u00e4dt der Stiftskeller zum Genie\u00dfen und Verweilen ein. Umgeben von jahrhundertealter Architektur und spiritueller Geschichte entfaltet sich eine Atmosph\u00e4re, die zum Staunen und Entspannen einl\u00e4dt.<\/p>\n<p>\u00a0<\/p>\n<p>Unser gro\u00dfz\u00fcgiges Restaurant bietet Platz f\u00fcr \u00fcber 250 G\u00e4ste und \u00fcberzeugt mit Vielfalt und Gem\u00fctlichkeit: Zwei <strong>charmante Gastg\u00e4rten, zwei stilvolle Speises\u00e4le, ein klimatisierter Wintergarten und ein behagliches St\u00fcberl <\/strong>machen den Stiftskeller zur perfekten Location \u2013 f\u00fcr Genussmomente im kleinen Kreis oder gro\u00dfe Gruppen.<\/p>\n<p>\u00a0<\/p>\n<p><strong>Erleben Sie Kulinarik mit Blick auf Geschichte \u2013 im Stiftskeller Admont.<\/strong><\/p>\n<p>\u00a0<\/p>\n<p>\u00a0<\/p>\n<h5 class=\"heading-m line line-above line--gold\">Anfragen und Buchungen<\/h5>\n<h6>\u00a0<\/h6>\n<p><a class=\"phone\" href=\"tel:+43 (0) 3613\/335411\"><span class=\"icon-outer\"><i class=\"fa-light fa-phone\"><\/i><\/span>+43 (0) 3613\/335411<\/a>\u00a0 \u00a0\u00a0\u00a0<a class=\"email\" href=\"mailto:stiftskeller@stiftadmont.at\"><span class=\"icon-outer\"><i class=\"fa-light fa-envelope\"><\/i><\/span>stiftskeller@stiftadmont.at<\/a><\/p>\n<\/div>\n                        \n                                    <\/div>\n            \n            <\/div>\n<\/div>\n\n<\/section>\n\n<section id='lightpress__section--block_9b2582a365fd82dbfeaf920fe52c9d95' class='bg--beige lightpress__section--colored-bg lightpress__section--default-section-space lightpress__section lightpress__section--content'><div class=\"content__inner\"\n         x-init=\"initContentBlockAnim($el)\">\n        \n    <div class=\"content__grid content__grid--fifty-fifty\">\n                                            <div class=\"content__box content__box\"\n                 style=\"\">\n                                \n                \n                                            <div class=\"prose\"><h5 class=\"heading-m line line-above line--gold\">Kultur &amp; Genuss \u2013 Ein Erlebnis f\u00fcr alle Sinne<\/h5>\n<p class=\"paragraph-m\">\u00a0<\/p>\n<p class=\"paragraph-m\">Tauchen Sie ein in die faszinierende Welt von Kunst, Geschichte und edlem Wein! Dieses exklusive Package im Benediktinerstift Admont vereint kulturellen Hochgenuss mit feiner Kulinarik \u2013 ideal f\u00fcr alle, die das Besondere suchen.<\/p>\n<p>\u00a0<\/p>\n<p class=\"paragraph-m\">Nach Ihrer Ankunft erwartet Sie ein spannender \u00dcberblick \u00fcber die beeindruckende Museumslandschaft des Stiftes. Im Anschluss genie\u00dfen Sie eine <strong>exklusive F\u00fchrung durch die weltgr\u00f6\u00dfte Klosterbibliothek <\/strong>\u2013 ein Ort voller Geschichte, Pracht und Inspiration. Den kr\u00f6nenden Abschluss bildet ein <strong>Wine-Tasting<\/strong> mit edlen Tropfen aus dem stiftseigenen Weingut DVERI PAX. Verkosten Sie ausgew\u00e4hlte Spitzenweine und \u00fcberzeugen Sie sich selbst von deren au\u00dfergew\u00f6hnlicher Qualit\u00e4t. Als besonderes Extra erhalten Sie sechs exklusive Weine direkt vor Ort.<\/p>\n<p class=\"paragraph-m\">\u00a0<\/p>\n<p class=\"paragraph-m\">Auf Wunsch verw\u00f6hnen wir Sie gerne mit einem kleinen kulinarischen Imbiss.<\/p>\n<p class=\"paragraph-m\"><em>Nur buchbar f\u00fcr Personen ab 18 Jahren.<\/em><\/p>\n<p>\u00a0<\/p>\n<p><a class=\"admont-button admont-button--secondary\" href=\"https:\/\/stiftadmont.at\/wp-content\/uploads\/STIFT_Kultur-Genuss_A4_V04122024-1.pdf\" download=\"STIFT_Kultur-Genuss_A4_www.pdf\">Angebot Kultur &amp; Genuss<\/a><\/p>\n<p>\u00a0<\/p>\n<p>\u00a0<\/p>\n<p>\u00a0<\/p>\n<h5 class=\"heading-m line line-above line--gold\">Anfragen und Buchungen<\/h5>\n<h6>\u00a0<\/h6>\n<p><a class=\"phone\" href=\"tel:+43 (0) 3613\/2312-605\"><span class=\"icon-outer\"><i class=\"fa-light fa-phone\"><\/i><\/span>+43 (0) 3613\/2312-605\u00a0<\/a> \u00a0\u00a0<a class=\"email\" href=\"mailto:events@stiftadmont.at\"><span class=\"icon-outer\"><i class=\"fa-light fa-envelope\"><\/i><\/span>events@stiftadmont.at<\/a><\/p>\n<p><span data-mce-type=\"bookmark\" style=\"display: inline-block; width: 0px; overflow: hidden; line-height: 0;\" class=\"mce_SELRES_start\">\ufeff<\/span><\/p>\n<\/div>\n                    \n                            <\/div>\n        \n                                                    <div class=\"content__box content__box--2\"\n                     >\n                                        \n                    \n                                                <div class=\"content__media stickyTo\" x-init=\"imageSticky($el)\">\n\n                                                                                    <picture\n                                    class=\"content__image sticky\">\n                                <source srcset=\"https:\/\/stiftadmont.at\/wp-content\/uploads\/Weinverkostung_\u00a9Thomas-Sattler-1024x683.webp\" type=\"image\/webp\">\n                                <source srcset=\"https:\/\/stiftadmont.at\/wp-content\/uploads\/Weinverkostung_\u00a9Thomas-Sattler-1024x683.jpg\" type=\"image\/jpeg\">\n                                <img decoding=\"async\" class=\"sticky\" loading=\"lazy\" src=\"https:\/\/stiftadmont.at\/wp-content\/uploads\/Weinverkostung_\u00a9Thomas-Sattler-1024x683.jpg\"\n                                     alt=\"Weinverkostung \u00a9Thomas Sattler scaled\">\n\n                                                                                                                            <\/picture>\n\n                        <\/div>\n\n                                    <\/div>\n            \n            <\/div>\n<\/div>\n\n    <div class=\"background__container background__container--beige\">\n    <\/div>\n\n<\/section>\n\n<section id='lightpress__section--block_041f04f79d280efdc22e5f28534fc772' class='lightpress__section--default-section-space lightpress__section lightpress__section--image-slider'>\n<div class=\"image-slider\"\n     x-data=\"{ gallery: null, shown: false }\"\n     x-init=\"gallery = initSliderGallery([{&quot;href&quot;:&quot;https:\\\/\\\/stiftadmont.at\\\/wp-content\\\/uploads\\\/Stiftskeller_Wein_\\u00a9Thomas-Sattler-1-1920x1280.jpg&quot;,&quot;type&quot;:&quot;image&quot;},{&quot;href&quot;:&quot;https:\\\/\\\/stiftadmont.at\\\/wp-content\\\/uploads\\\/Stiftskeller_\\u00a9Thomas-Sattler-18-1-1920x1280.jpg&quot;,&quot;type&quot;:&quot;image&quot;},{&quot;href&quot;:&quot;https:\\\/\\\/stiftadmont.at\\\/wp-content\\\/uploads\\\/Stiftskeller-Admont.jpg&quot;,&quot;type&quot;:&quot;image&quot;},{&quot;href&quot;:&quot;https:\\\/\\\/stiftadmont.at\\\/wp-content\\\/uploads\\\/Stiftskeller_\\u00a9Thomas-Sattler-18-1920x1280.jpg&quot;,&quot;type&quot;:&quot;image&quot;},{&quot;href&quot;:&quot;https:\\\/\\\/stiftadmont.at\\\/wp-content\\\/uploads\\\/Stiftskeller_\\u00a9Thomas-Sattler-17-1920x1280.jpg&quot;,&quot;type&quot;:&quot;image&quot;},{&quot;href&quot;:&quot;https:\\\/\\\/stiftadmont.at\\\/wp-content\\\/uploads\\\/408494692_741146564720237_1778030402498026093_n-1920x1281.jpg&quot;,&quot;type&quot;:&quot;image&quot;},{&quot;href&quot;:&quot;https:\\\/\\\/stiftadmont.at\\\/wp-content\\\/uploads\\\/Stiftskeller_\\u00a9Thomas-Sattler-19-1-1920x1280.jpg&quot;,&quot;type&quot;:&quot;image&quot;},{&quot;href&quot;:&quot;https:\\\/\\\/stiftadmont.at\\\/wp-content\\\/uploads\\\/11-Stiftskeller-Admont-Eroeffnung-011-www-1920x2880.jpg&quot;,&quot;type&quot;:&quot;image&quot;}]); initImageSliderBlockAnim($el);\">\n    <div class=\"image-slider__inner\">\n\n        <div class=\"swiper-container\" x-init=\"initImageSliderBlock($el, $refs.btnPrev, $refs.btnNext)\">\n            <div class=\"swiper-wrapper\">\n                                    <div class=\"swiper-slide\">\n                        <div class=\"image-slider__media\">\n                            <img decoding=\"async\" class=\"image-slider__image\"\n                                 src=\"https:\/\/stiftadmont.at\/wp-content\/uploads\/Stiftskeller_Wein_\u00a9Thomas-Sattler-1-768x512.jpg\"\n                                 alt=\"Stiftskeller Wein \u00a9Thomas Sattler\">\n                        <\/div>\n                    <\/div>\n                                    <div class=\"swiper-slide\">\n                        <div class=\"image-slider__media\">\n                            <img decoding=\"async\" class=\"image-slider__image\"\n                                 src=\"https:\/\/stiftadmont.at\/wp-content\/uploads\/Stiftskeller_\u00a9Thomas-Sattler-18-1-768x512.jpg\"\n                                 alt=\"Stiftskeller \u00a9Thomas Sattler 18\">\n                        <\/div>\n                    <\/div>\n                                    <div class=\"swiper-slide\">\n                        <div class=\"image-slider__media\">\n                            <img decoding=\"async\" class=\"image-slider__image\"\n                                 src=\"https:\/\/stiftadmont.at\/wp-content\/uploads\/Stiftskeller-Admont-768x512.jpg\"\n                                 alt=\"Stiftskeller Admont\">\n                        <\/div>\n                    <\/div>\n                                    <div class=\"swiper-slide\">\n                        <div class=\"image-slider__media\">\n                            <img decoding=\"async\" class=\"image-slider__image\"\n                                 src=\"https:\/\/stiftadmont.at\/wp-content\/uploads\/Stiftskeller_\u00a9Thomas-Sattler-18-768x512.jpg\"\n                                 alt=\"Stiftskeller \u00a9Thomas Sattler 18 scaled\">\n                        <\/div>\n                    <\/div>\n                                    <div class=\"swiper-slide\">\n                        <div class=\"image-slider__media\">\n                            <img decoding=\"async\" class=\"image-slider__image\"\n                                 src=\"https:\/\/stiftadmont.at\/wp-content\/uploads\/Stiftskeller_\u00a9Thomas-Sattler-17-768x512.jpg\"\n                                 alt=\"Stiftskeller \u00a9Thomas Sattler 17 scaled\">\n                        <\/div>\n                    <\/div>\n                                    <div class=\"swiper-slide\">\n                        <div class=\"image-slider__media\">\n                            <img decoding=\"async\" class=\"image-slider__image\"\n                                 src=\"https:\/\/stiftadmont.at\/wp-content\/uploads\/408494692_741146564720237_1778030402498026093_n-768x512.jpg\"\n                                 alt=\"408494692 741146564720237 1778030402498026093 n\">\n                        <\/div>\n                    <\/div>\n                                    <div class=\"swiper-slide\">\n                        <div class=\"image-slider__media\">\n                            <img decoding=\"async\" class=\"image-slider__image\"\n                                 src=\"https:\/\/stiftadmont.at\/wp-content\/uploads\/Stiftskeller_\u00a9Thomas-Sattler-19-1-768x512.jpg\"\n                                 alt=\"Stiftskeller \u00a9Thomas Sattler 19\">\n                        <\/div>\n                    <\/div>\n                                    <div class=\"swiper-slide\">\n                        <div class=\"image-slider__media\">\n                            <img decoding=\"async\" class=\"image-slider__image\"\n                                 src=\"https:\/\/stiftadmont.at\/wp-content\/uploads\/11-Stiftskeller-Admont-Eroeffnung-011-www-768x1152.jpg\"\n                                 alt=\"11   Stiftskeller Admont Er\u00f6ffnung 011 www\">\n                        <\/div>\n                    <\/div>\n                            <\/div>\n\n            <div class=\"swiper-nav-wrapper\">\n                <button class=\"swiper-button-prev slider-button--prev\" x-ref=\"btnPrev\"\n                        aria-label=\"Vorige Bilder anzeigen\">\n                    <img decoding=\"async\" src=\"\/wp-content\/themes\/stift-admont\/src\/assets\/img\/arrow-left-big-new.svg\" alt=\"Pfeil nach Links\">\n                <\/button>\n\n\n                <a class=\"image-slider__gallery\" @click=\"openGallery(gallery)\"><i class=\"fa-thin fa-plus\"><\/i><\/a>\n                <button class=\"swiper-button-next slider-button--next\"\n                        x-ref=\"btnNext\"\n                        aria-label=\"N\u00e4chste Bilder anzeigen\">\n                    <img decoding=\"async\" src=\"\/wp-content\/themes\/stift-admont\/src\/assets\/img\/arrow-right-big-new.svg\" alt=\"Pfeil nach Rechts\">\n                <\/button>\n            <\/div>\n        <\/div>\n    <\/div>\n\n\n<\/div><\/section>","protected":false},"excerpt":{"rendered":"","protected":false},"author":7,"featured_media":0,"parent":32972,"menu_order":0,"comment_status":"closed","ping_status":"closed","template":"","meta":{"_acf_changed":false,"footnotes":""},"categories":[],"class_list":["post-32997","page","type-page","status-publish","hentry"],"acf":[],"yoast_head":"<!-- This site is optimized with the Yoast SEO Premium plugin v26.0 (Yoast SEO v26.8) - https:\/\/yoast.com\/product\/yoast-seo-premium-wordpress\/ -->\n<title>Busreisen und Gruppenangebote - Stift Admont<\/title>\n<meta name=\"robots\" content=\"index, follow, max-snippet:-1, max-image-preview:large, max-video-preview:-1\" \/>\n<link rel=\"canonical\" href=\"https:\/\/stiftadmont.at\/es\/bodega-abadia-admont\/viajes-en-autocar-y-ofertas-para-grupos\/\" \/>\n<meta property=\"og:locale\" content=\"es_ES\" \/>\n<meta property=\"og:type\" content=\"article\" \/>\n<meta property=\"og:title\" content=\"Busreisen und Gruppenangebote\" \/>\n<meta property=\"og:url\" content=\"https:\/\/stiftadmont.at\/es\/bodega-abadia-admont\/viajes-en-autocar-y-ofertas-para-grupos\/\" \/>\n<meta property=\"og:site_name\" content=\"Stift Admont\" \/>\n<meta property=\"article:modified_time\" content=\"2026-02-01T14:51:31+00:00\" \/>\n<meta property=\"og:image\" content=\"https:\/\/stiftadmont.at\/wp-content\/uploads\/Klosteranlage-innen.jpg\" \/>\n\t<meta property=\"og:image:width\" content=\"1912\" \/>\n\t<meta property=\"og:image:height\" content=\"1188\" \/>\n\t<meta property=\"og:image:type\" content=\"image\/jpeg\" \/>\n<meta name=\"twitter:card\" content=\"summary_large_image\" \/>\n<script type=\"application\/ld+json\" class=\"yoast-schema-graph\">{\"@context\":\"https:\/\/schema.org\",\"@graph\":[{\"@type\":\"WebPage\",\"@id\":\"https:\/\/stiftadmont.at\/stiftskeller-admont\/busreisen-und-gruppenangebote\/\",\"url\":\"https:\/\/stiftadmont.at\/stiftskeller-admont\/busreisen-und-gruppenangebote\/\",\"name\":\"Busreisen und Gruppenangebote - Stift Admont\",\"isPartOf\":{\"@id\":\"https:\/\/stiftadmont.at\/#website\"},\"datePublished\":\"2025-02-19T12:43:54+00:00\",\"dateModified\":\"2026-02-01T14:51:31+00:00\",\"breadcrumb\":{\"@id\":\"https:\/\/stiftadmont.at\/stiftskeller-admont\/busreisen-und-gruppenangebote\/#breadcrumb\"},\"inLanguage\":\"es\",\"potentialAction\":[{\"@type\":\"ReadAction\",\"target\":[\"https:\/\/stiftadmont.at\/stiftskeller-admont\/busreisen-und-gruppenangebote\/\"]}]},{\"@type\":\"BreadcrumbList\",\"@id\":\"https:\/\/stiftadmont.at\/stiftskeller-admont\/busreisen-und-gruppenangebote\/#breadcrumb\",\"itemListElement\":[{\"@type\":\"ListItem\",\"position\":1,\"name\":\"Start\",\"item\":\"https:\/\/stiftadmont.at\/\"},{\"@type\":\"ListItem\",\"position\":2,\"name\":\"Stiftskeller Admont\",\"item\":\"https:\/\/stiftadmont.at\/stiftskeller-admont\/\"},{\"@type\":\"ListItem\",\"position\":3,\"name\":\"Busreisen und Gruppenangebote\"}]},{\"@type\":\"WebSite\",\"@id\":\"https:\/\/stiftadmont.at\/#website\",\"url\":\"https:\/\/stiftadmont.at\/\",\"name\":\"Stift Admont\",\"description\":\"Benediktinerkloster und Sehensw\u00fcrdigkeit im Ges\u00e4use\",\"potentialAction\":[{\"@type\":\"SearchAction\",\"target\":{\"@type\":\"EntryPoint\",\"urlTemplate\":\"https:\/\/stiftadmont.at\/?s={search_term_string}\"},\"query-input\":{\"@type\":\"PropertyValueSpecification\",\"valueRequired\":true,\"valueName\":\"search_term_string\"}}],\"inLanguage\":\"es\"}]}<\/script>\n<!-- \/ Yoast SEO Premium plugin. -->","yoast_head_json":{"title":"Visitas en autocar y ofertas para grupos - Abad\u00eda de Admont","robots":{"index":"index","follow":"follow","max-snippet":"max-snippet:-1","max-image-preview":"max-image-preview:large","max-video-preview":"max-video-preview:-1"},"canonical":"https:\/\/stiftadmont.at\/es\/bodega-abadia-admont\/viajes-en-autocar-y-ofertas-para-grupos\/","og_locale":"es_ES","og_type":"article","og_title":"Busreisen und Gruppenangebote","og_url":"https:\/\/stiftadmont.at\/es\/bodega-abadia-admont\/viajes-en-autocar-y-ofertas-para-grupos\/","og_site_name":"Stift Admont","article_modified_time":"2026-02-01T14:51:31+00:00","og_image":[{"width":1912,"height":1188,"url":"https:\/\/stiftadmont.at\/wp-content\/uploads\/Klosteranlage-innen.jpg","type":"image\/jpeg"}],"twitter_card":"summary_large_image","schema":{"@context":"https:\/\/schema.org","@graph":[{"@type":"WebPage","@id":"https:\/\/stiftadmont.at\/stiftskeller-admont\/busreisen-und-gruppenangebote\/","url":"https:\/\/stiftadmont.at\/stiftskeller-admont\/busreisen-und-gruppenangebote\/","name":"Visitas en autocar y ofertas para grupos - Abad\u00eda de Admont","isPartOf":{"@id":"https:\/\/stiftadmont.at\/#website"},"datePublished":"2025-02-19T12:43:54+00:00","dateModified":"2026-02-01T14:51:31+00:00","breadcrumb":{"@id":"https:\/\/stiftadmont.at\/stiftskeller-admont\/busreisen-und-gruppenangebote\/#breadcrumb"},"inLanguage":"es","potentialAction":[{"@type":"ReadAction","target":["https:\/\/stiftadmont.at\/stiftskeller-admont\/busreisen-und-gruppenangebote\/"]}]},{"@type":"BreadcrumbList","@id":"https:\/\/stiftadmont.at\/stiftskeller-admont\/busreisen-und-gruppenangebote\/#breadcrumb","itemListElement":[{"@type":"ListItem","position":1,"name":"Start","item":"https:\/\/stiftadmont.at\/"},{"@type":"ListItem","position":2,"name":"Stiftskeller Admont","item":"https:\/\/stiftadmont.at\/stiftskeller-admont\/"},{"@type":"ListItem","position":3,"name":"Busreisen und Gruppenangebote"}]},{"@type":"WebSite","@id":"https:\/\/stiftadmont.at\/#website","url":"https:\/\/stiftadmont.at\/","name":"Abad\u00eda de Admont","description":"Monasterio benedictino y atracci\u00f3n tur\u00edstica en el Ges\u00e4use","potentialAction":[{"@type":"SearchAction","target":{"@type":"EntryPoint","urlTemplate":"https:\/\/stiftadmont.at\/?s={search_term_string}"},"query-input":{"@type":"PropertyValueSpecification","valueRequired":true,"valueName":"search_term_string"}}],"inLanguage":"es"}]}},"_links":{"self":[{"href":"https:\/\/stiftadmont.at\/es\/wp-json\/wp\/v2\/pages\/32997","targetHints":{"allow":["GET"]}}],"collection":[{"href":"https:\/\/stiftadmont.at\/es\/wp-json\/wp\/v2\/pages"}],"about":[{"href":"https:\/\/stiftadmont.at\/es\/wp-json\/wp\/v2\/types\/page"}],"author":[{"embeddable":true,"href":"https:\/\/stiftadmont.at\/es\/wp-json\/wp\/v2\/users\/7"}],"replies":[{"embeddable":true,"href":"https:\/\/stiftadmont.at\/es\/wp-json\/wp\/v2\/comments?post=32997"}],"version-history":[{"count":15,"href":"https:\/\/stiftadmont.at\/es\/wp-json\/wp\/v2\/pages\/32997\/revisions"}],"predecessor-version":[{"id":39220,"href":"https:\/\/stiftadmont.at\/es\/wp-json\/wp\/v2\/pages\/32997\/revisions\/39220"}],"up":[{"embeddable":true,"href":"https:\/\/stiftadmont.at\/es\/wp-json\/wp\/v2\/pages\/32972"}],"wp:attachment":[{"href":"https:\/\/stiftadmont.at\/es\/wp-json\/wp\/v2\/media?parent=32997"}],"wp:term":[{"taxonomy":"category","embeddable":true,"href":"https:\/\/stiftadmont.at\/es\/wp-json\/wp\/v2\/categories?post=32997"}],"curies":[{"name":"wp","href":"https:\/\/api.w.org\/{rel}","templated":true}]}}