{"id":33377,"date":"2025-03-17T13:51:33","date_gmt":"2025-03-17T11:51:33","guid":{"rendered":"https:\/\/stiftadmont.at\/?page_id=33377"},"modified":"2025-03-17T14:07:21","modified_gmt":"2025-03-17T12:07:21","slug":"reingreso-en-la-iglesia","status":"publish","type":"page","link":"https:\/\/stiftadmont.at\/es\/kirchen-wiedereintritt\/","title":{"rendered":"Reingreso"},"content":{"rendered":"<section id='lightpress__section--block_755d75cedb19ef07b5f6cdfc6af09ecd' class='align-center lightpress__section--default-section-space lightpress__section lightpress__section--headline'><div class=\"headline__container\">\n            <h2 class=\"headline text--40 text-medium line line--gold line-above line-middle\">Reingreso<\/h2>\n        <p class=\"text-center text-gold text--20 text-medium text--uppercase\">\u00bfQuieres volver a la iglesia? Aqu\u00ed encontrar\u00e1 toda la informaci\u00f3n importante sobre el reingreso.<br \/>\r\n<\/p>\n        <div class=\"spacer--40\"><\/div>\n<\/div>\n\n<\/section>\n\n<section id='lightpress__section--block_90e9a40fdb5ad50676016b0f8a2dbc08' class='lightpress__section--default-section-space lightpress__section lightpress__section--content'><div class=\"content__inner\"\n         x-init=\"initContentBlockAnim($el)\">\n        \n    <div class=\"content__grid content__grid--sixty-forty\">\n                                            <div class=\"content__box content__box\"\n                 style=\"\">\n                                \n                \n                                            <div class=\"prose\"><h5 class=\"heading-m line line-above line--gold\" style=\"margin-top: 9pt;\"><strong style=\"margin-block: 0px;\"><span style=\"font-size: 18pt; font-family: Arial, sans-serif;\">Requisitos previos<\/span><\/strong><span style=\"font-size: 15pt; font-family: Arial, sans-serif;\"><\/span><\/h5>\n<p style=\"margin-top: 9pt;\"><span style=\"font-family: Arial, sans-serif;\">Has sido bautizado, profesas la fe cristiana y tienes la sincera intenci\u00f3n de volver a la Iglesia cat\u00f3lica. Desea permanecer fiel a la comunidad de la Iglesia cat\u00f3lica en el futuro.<\/span><span style=\"font-size: 15pt; font-family: Arial, sans-serif;\"><\/span><\/p>\n<p>\u00a0<\/p>\n<p>\u00a0<\/p>\n<h5 class=\"heading-m line line-above line--gold\" style=\"margin-top: 9pt;\"><strong style=\"margin-block: 0px;\"><span style=\"font-size: 18pt; font-family: Arial, sans-serif;\">\u00bfQu\u00e9 hay que hacer primero?<\/span><\/strong><span style=\"font-size: 15pt; font-family: Arial, sans-serif;\"><\/span><\/h5>\n<p style=\"margin-top: 9pt;\"><span style=\"font-family: Arial, sans-serif;\">Empieza por hablar con un sacerdote (el p\u00e1rroco de la parroquia en la que vives u otro pastor en el que conf\u00edes).  El sacerdote te preguntar\u00e1 por qu\u00e9 dejaste la Iglesia en su momento y qu\u00e9 te motiva a volver a ella ahora. No se trata de un examen ni de un \"interrogatorio\" innecesario, sino de un intento de conversaci\u00f3n sincera. No hay que persuadir a nadie para que se afilie, pero tampoco hay que \"echar\" a nadie que vaya en serio.<\/span><span style=\"font-size: 15pt; font-family: Arial, sans-serif;\"><\/span><\/p>\n<p>\u00a0<\/p>\n<p style=\"margin-top: 9pt;\"><span style=\"font-family: Arial, sans-serif;\">Si no conoce a ning\u00fan sacerdote y no desea acudir al sacerdote de su localidad, tambi\u00e9n puede ponerse en contacto con un sacerdote especialmente designado para ello:\u00a0<a href=\"https:\/\/www.katholische-kirche-steiermark.at\/goto\/visitenkarte\/127\/Mag__Dietmar_Gr__nwald\" target=\"_blank\" rel=\"noopener\"><span style=\"text-decoration-line: none;\">Dietmar Gr\u00fcnwald<\/span>.<\/a><\/span><span style=\"font-size: 15pt; font-family: Arial, sans-serif;\"><\/span><\/p>\n<p>\u00a0<\/p>\n<p>\u00a0<\/p>\n<h5 class=\"heading-m line line-above line--gold\" style=\"margin-top: 9.0pt;\"><strong><span style=\"font-size: 18pt; font-family: Arial, sans-serif;\">La grabaci\u00f3n<\/span><\/strong><span style=\"font-size: 15pt; font-family: Arial, sans-serif;\"><\/span><\/h5>\n<p style=\"margin-top: 9pt;\"><span style=\"font-family: Arial, sans-serif;\">La admisi\u00f3n la realiza el sacerdote. Este acto puede celebrarse sencillamente en el despacho parroquial. Sin embargo, tambi\u00e9n puede solemnizarse durante una misa en la iglesia o con la familia o los amigos. Puede elegir la forma que m\u00e1s le convenga.<\/span><span style=\"font-size: 15pt; font-family: Arial, sans-serif;\"><\/span><\/p>\n<\/div>\n                    \n                            <\/div>\n        \n                                                    <div class=\"content__box content__box--2\"\n                     >\n                                        \n                    \n                                                    <div class=\"prose\"><h5 class=\"heading-m line line-above line--gold\" style=\"margin-top: 9pt;\"><strong style=\"margin-block: 0px;\"><span style=\"font-size: 18pt; font-family: Arial, sans-serif;\">Falsos rumores<\/span><\/strong><span style=\"font-size: 15pt; font-family: Arial, sans-serif;\"><\/span><\/h5>\n<p style=\"margin-top: 9pt;\"><span style=\"font-family: Arial, sans-serif;\">A menudo se afirma que si te reincorporas a la Iglesia, tienes que pagar la contribuci\u00f3n eclesi\u00e1stica correspondiente a los a\u00f1os transcurridos desde que te marchaste. Esto es falso. La obligaci\u00f3n de pagar la contribuci\u00f3n eclesi\u00e1stica s\u00f3lo comienza de nuevo cuando usted regresa a la iglesia. Si desea saber a cu\u00e1nto ascender\u00eda su contribuci\u00f3n eclesi\u00e1stica en caso de reingreso, p\u00f3ngase en contacto con nuestra organizaci\u00f3n de contribuci\u00f3n eclesi\u00e1stica. Estar\u00e1n encantados de informarle y asesorarle.<\/span><span style=\"font-size: 15pt; font-family: Arial, sans-serif;\"><\/span><\/p>\n<p style=\"margin-top: 9pt;\"><span style=\"font-family: Arial, sans-serif;\"><a style=\"margin-block: 0px; display: inline-block;\" href=\"https:\/\/www.katholische-kirche-steiermark.at\/portal\/kirchenbeitrag\" target=\"_blank\" rel=\"noopener\"><span style=\"text-decoration-line: none;\">M\u00e1s informaci\u00f3n sobre la contribuci\u00f3n de la Iglesia<\/span><\/a><\/span><span style=\"font-size: 15pt; font-family: Arial, sans-serif;\"><\/span><\/p>\n<p style=\"margin-top: 9pt;\"><span style=\"font-family: Arial, sans-serif;\">Tambi\u00e9n es falso el rumor de que hay que aprenderse las oraciones de memoria y hacer una prueba con el sacerdote antes de la admisi\u00f3n. Los testigos que confirman la admisi\u00f3n tampoco son ya necesarios en nuestra di\u00f3cesis.<\/span><span style=\"font-size: 15pt; font-family: Arial, sans-serif;\"><\/span><\/p>\n<p>\u00a0<\/p>\n<p>\u00a0<\/p>\n<h5 class=\"heading-m line line-above line--gold\" style=\"margin-top: 9pt;\"><strong style=\"margin-block: 0px;\"><span style=\"font-size: 18pt; font-family: Arial, sans-serif;\">Revocaci\u00f3n de la dimisi\u00f3n<\/span><\/strong><span style=\"font-size: 15pt; font-family: Arial, sans-serif;\"><\/span><\/h5>\n<p style=\"margin-top: 9pt;\"><span style=\"font-family: Arial, sans-serif;\">\u00bfA\u00fan no han pasado tres meses desde que abandon\u00f3 la iglesia ante las autoridades?<\/span><span style=\"font-size: 15pt; font-family: Arial, sans-serif;\"><br style=\"margin-block: 0px;\" \/><\/span><span style=\"font-family: Arial, sans-serif;\">A continuaci\u00f3n, s\u00f3lo tiene que anular su cancelaci\u00f3n mediante este formulario.<\/span><span style=\"font-size: 15pt; font-family: Arial, sans-serif;\"><\/span><\/p>\n<p style=\"margin-top: 9pt;\"><span style=\"font-family: Arial, sans-serif;\">Si se retira, su retirada no se anotar\u00e1 en el registro de bautismos.<\/span><\/p>\n<p>\u00a0<\/p>\n<p><a title=\"Encontrar\u00e1 el formulario de reinscripci\u00f3n aqu\u00ed\" href=\"https:\/\/www.katholische-kirche-steiermark.at\/portal\/rathilfe\/indiekirchezurueckkehren\/wiedereintrittsformular\" target=\"_blank\" rel=\"noopener\">Encontrar\u00e1 el formulario de reinscripci\u00f3n aqu\u00ed<\/a><\/p>\n<\/div>\n                        \n                                    <\/div>\n            \n            <\/div>\n<\/div>\n\n<\/section>","protected":false},"excerpt":{"rendered":"","protected":false},"author":7,"featured_media":0,"parent":0,"menu_order":0,"comment_status":"closed","ping_status":"closed","template":"","meta":{"_acf_changed":false,"footnotes":""},"categories":[],"class_list":["post-33377","page","type-page","status-publish","hentry"],"acf":[],"yoast_head":"<!-- This site is optimized with the Yoast SEO Premium plugin v26.0 (Yoast SEO v26.8) - https:\/\/yoast.com\/product\/yoast-seo-premium-wordpress\/ -->\n<title>Wiedereintritt - Stift Admont<\/title>\n<meta name=\"robots\" content=\"index, follow, max-snippet:-1, max-image-preview:large, max-video-preview:-1\" \/>\n<link rel=\"canonical\" href=\"https:\/\/stiftadmont.at\/es\/reingreso-en-la-iglesia\/\" \/>\n<meta property=\"og:locale\" content=\"es_ES\" \/>\n<meta property=\"og:type\" content=\"article\" \/>\n<meta property=\"og:title\" content=\"Wiedereintritt\" \/>\n<meta property=\"og:url\" content=\"https:\/\/stiftadmont.at\/es\/reingreso-en-la-iglesia\/\" \/>\n<meta property=\"og:site_name\" content=\"Stift Admont\" \/>\n<meta property=\"article:modified_time\" content=\"2025-03-17T12:07:21+00:00\" \/>\n<meta property=\"og:image\" content=\"https:\/\/stiftadmont.at\/wp-content\/uploads\/Klosteranlage-innen.jpg\" \/>\n\t<meta property=\"og:image:width\" content=\"1912\" \/>\n\t<meta property=\"og:image:height\" content=\"1188\" \/>\n\t<meta property=\"og:image:type\" content=\"image\/jpeg\" \/>\n<meta name=\"twitter:card\" content=\"summary_large_image\" \/>\n<script type=\"application\/ld+json\" class=\"yoast-schema-graph\">{\"@context\":\"https:\/\/schema.org\",\"@graph\":[{\"@type\":\"WebPage\",\"@id\":\"https:\/\/stiftadmont.at\/kirchen-wiedereintritt\/\",\"url\":\"https:\/\/stiftadmont.at\/kirchen-wiedereintritt\/\",\"name\":\"Wiedereintritt - Stift Admont\",\"isPartOf\":{\"@id\":\"https:\/\/stiftadmont.at\/#website\"},\"datePublished\":\"2025-03-17T11:51:33+00:00\",\"dateModified\":\"2025-03-17T12:07:21+00:00\",\"breadcrumb\":{\"@id\":\"https:\/\/stiftadmont.at\/kirchen-wiedereintritt\/#breadcrumb\"},\"inLanguage\":\"es\",\"potentialAction\":[{\"@type\":\"ReadAction\",\"target\":[\"https:\/\/stiftadmont.at\/kirchen-wiedereintritt\/\"]}]},{\"@type\":\"BreadcrumbList\",\"@id\":\"https:\/\/stiftadmont.at\/kirchen-wiedereintritt\/#breadcrumb\",\"itemListElement\":[{\"@type\":\"ListItem\",\"position\":1,\"name\":\"Start\",\"item\":\"https:\/\/stiftadmont.at\/\"},{\"@type\":\"ListItem\",\"position\":2,\"name\":\"Wiedereintritt\"}]},{\"@type\":\"WebSite\",\"@id\":\"https:\/\/stiftadmont.at\/#website\",\"url\":\"https:\/\/stiftadmont.at\/\",\"name\":\"Stift Admont\",\"description\":\"Benediktinerkloster und Sehensw\u00fcrdigkeit im Ges\u00e4use\",\"potentialAction\":[{\"@type\":\"SearchAction\",\"target\":{\"@type\":\"EntryPoint\",\"urlTemplate\":\"https:\/\/stiftadmont.at\/?s={search_term_string}\"},\"query-input\":{\"@type\":\"PropertyValueSpecification\",\"valueRequired\":true,\"valueName\":\"search_term_string\"}}],\"inLanguage\":\"es\"}]}<\/script>\n<!-- \/ Yoast SEO Premium plugin. -->","yoast_head_json":{"title":"Reingreso - Abad\u00eda de Admont","robots":{"index":"index","follow":"follow","max-snippet":"max-snippet:-1","max-image-preview":"max-image-preview:large","max-video-preview":"max-video-preview:-1"},"canonical":"https:\/\/stiftadmont.at\/es\/reingreso-en-la-iglesia\/","og_locale":"es_ES","og_type":"article","og_title":"Wiedereintritt","og_url":"https:\/\/stiftadmont.at\/es\/reingreso-en-la-iglesia\/","og_site_name":"Stift Admont","article_modified_time":"2025-03-17T12:07:21+00:00","og_image":[{"width":1912,"height":1188,"url":"https:\/\/stiftadmont.at\/wp-content\/uploads\/Klosteranlage-innen.jpg","type":"image\/jpeg"}],"twitter_card":"summary_large_image","schema":{"@context":"https:\/\/schema.org","@graph":[{"@type":"WebPage","@id":"https:\/\/stiftadmont.at\/kirchen-wiedereintritt\/","url":"https:\/\/stiftadmont.at\/kirchen-wiedereintritt\/","name":"Reingreso - Abad\u00eda de Admont","isPartOf":{"@id":"https:\/\/stiftadmont.at\/#website"},"datePublished":"2025-03-17T11:51:33+00:00","dateModified":"2025-03-17T12:07:21+00:00","breadcrumb":{"@id":"https:\/\/stiftadmont.at\/kirchen-wiedereintritt\/#breadcrumb"},"inLanguage":"es","potentialAction":[{"@type":"ReadAction","target":["https:\/\/stiftadmont.at\/kirchen-wiedereintritt\/"]}]},{"@type":"BreadcrumbList","@id":"https:\/\/stiftadmont.at\/kirchen-wiedereintritt\/#breadcrumb","itemListElement":[{"@type":"ListItem","position":1,"name":"Start","item":"https:\/\/stiftadmont.at\/"},{"@type":"ListItem","position":2,"name":"Wiedereintritt"}]},{"@type":"WebSite","@id":"https:\/\/stiftadmont.at\/#website","url":"https:\/\/stiftadmont.at\/","name":"Abad\u00eda de Admont","description":"Monasterio benedictino y atracci\u00f3n tur\u00edstica en el Ges\u00e4use","potentialAction":[{"@type":"SearchAction","target":{"@type":"EntryPoint","urlTemplate":"https:\/\/stiftadmont.at\/?s={search_term_string}"},"query-input":{"@type":"PropertyValueSpecification","valueRequired":true,"valueName":"search_term_string"}}],"inLanguage":"es"}]}},"_links":{"self":[{"href":"https:\/\/stiftadmont.at\/es\/wp-json\/wp\/v2\/pages\/33377","targetHints":{"allow":["GET"]}}],"collection":[{"href":"https:\/\/stiftadmont.at\/es\/wp-json\/wp\/v2\/pages"}],"about":[{"href":"https:\/\/stiftadmont.at\/es\/wp-json\/wp\/v2\/types\/page"}],"author":[{"embeddable":true,"href":"https:\/\/stiftadmont.at\/es\/wp-json\/wp\/v2\/users\/7"}],"replies":[{"embeddable":true,"href":"https:\/\/stiftadmont.at\/es\/wp-json\/wp\/v2\/comments?post=33377"}],"version-history":[{"count":6,"href":"https:\/\/stiftadmont.at\/es\/wp-json\/wp\/v2\/pages\/33377\/revisions"}],"predecessor-version":[{"id":33385,"href":"https:\/\/stiftadmont.at\/es\/wp-json\/wp\/v2\/pages\/33377\/revisions\/33385"}],"wp:attachment":[{"href":"https:\/\/stiftadmont.at\/es\/wp-json\/wp\/v2\/media?parent=33377"}],"wp:term":[{"taxonomy":"category","embeddable":true,"href":"https:\/\/stiftadmont.at\/es\/wp-json\/wp\/v2\/categories?post=33377"}],"curies":[{"name":"wp","href":"https:\/\/api.w.org\/{rel}","templated":true}]}}