{"id":33518,"date":"2025-03-20T12:32:46","date_gmt":"2025-03-20T10:32:46","guid":{"rendered":"https:\/\/stiftadmont.at\/?page_id=33518"},"modified":"2025-03-25T09:44:54","modified_gmt":"2025-03-25T07:44:54","slug":"iglesia-parroquial-de-la-ciudad-de-trieben","status":"publish","type":"page","link":"https:\/\/stiftadmont.at\/es\/pfarren\/stadtpfarre-trieben-stadtpfarrkirche\/","title":{"rendered":"Iglesia parroquial de San Andr\u00e9s"},"content":{"rendered":"<section id='lightpress__section--block_fa203bc958bc5a203ef5079921b36359' class='align-center lightpress__section--default-section-space lightpress__section lightpress__section--headline'><div class=\"headline__container\">\n            <h2 class=\"headline text--40 text-medium line line--gold line-above line-middle\">La iglesia parroquial de San Andr\u00e9s<\/h2>\n        <p class=\"text-center text-gold text--20 text-medium text--uppercase\">Aqu\u00ed encontrar\u00e1 informaci\u00f3n importante sobre nuestra iglesia parroquial<\/p>\n        <div class=\"spacer--40\"><\/div>\n<\/div>\n\n<\/section>\n\n<section id='lightpress__section--block_e6408b425d34f22750c042f8701802bb' class='bg--beige lightpress__section--colored-bg lightpress__section--default-section-space lightpress__section lightpress__section--content'><div class=\"content__inner\"\n         x-init=\"initContentBlockAnim($el)\">\n        \n    <div class=\"content__grid content__grid--fifty-fifty\">\n                                            <div class=\"content__box content__box\"\n                 style=\"\">\n                                \n                \n                                        <div class=\"content__media stickyTo\" x-init=\"imageSticky($el)\">\n\n                                                                                                <picture\n                                class=\"content__image sticky\">\n                            <source srcset=\"https:\/\/stiftadmont.at\/wp-content\/uploads\/Pfarre-Trieben_c-Thomas-Sattler_Stift-Admont_4.jpg\"\n                                    type=\"image\/webp\">\n                            <source srcset=\"https:\/\/stiftadmont.at\/wp-content\/uploads\/Pfarre-Trieben_c-Thomas-Sattler_Stift-Admont_4.jpg\"\n                                    type=\"image\/jpeg\">\n                            <img decoding=\"async\" loading=\"lazy\" src=\"https:\/\/stiftadmont.at\/wp-content\/uploads\/Pfarre-Trieben_c-Thomas-Sattler_Stift-Admont_4.jpg\" alt=\"Parroquia de Trieben c Thomas Sattler Admont Abbey 4\" width=\"600\" height=\"450\" \/>\n                                                                                                            <\/picture>\n\n                    <\/div>\n\n                            <\/div>\n        \n                                                    <div class=\"content__box content__box--2\"\n                     >\n                                        \n                    \n                                                    <div class=\"prose\"><h5 class=\"heading-m line line-above line--gold\"><strong>Sobre la iglesia parroquial<\/strong><\/h5>\n<p>\u00a0<\/p>\n<p>Merece la pena visitar la iglesia parroquial con sus notables obras de arte contempor\u00e1neo: el V\u00eda Crucis del profesor Franz Wei\u00df, el tr\u00edptico \"Papa Juan Pablo II\" de Roelof Rene Stakvis y la hist\u00f3rica \"Ventana de San Andr\u00e9s\" del siglo XIV.\u00a0<\/p>\n<p>\u00a0<\/p>\n<p>La asociaci\u00f3n parroquial comprende las parroquias de Trieben, Hohentauern y St. Lorenzen im Paltentale.\u00a0<\/p>\n<p>\u00a0<\/p>\n<p><strong>Patrocinium:<\/strong> San Andr\u00e9s, 30 de noviembre<\/p>\n<p><strong>D\u00eda de consagraci\u00f3n de la Iglesia:<\/strong> 1 de septiembre<\/p>\n<p><strong>Parroquia err.:<\/strong> 1955<\/p>\n<p><strong>Iglesia parroquial erb..:<\/strong> 1961 - 1963<\/p>\n<p><strong>Iglesia:<\/strong> San Andr\u00e9s (antigua iglesia parroquial) gen. 1160 (1149 - 1454)<\/p>\n<p><strong>Registros:<\/strong> 1955<\/p>\n<p><strong>Capilla de misa:<\/strong> Residencia de ancianos del distrito\u00a0<\/p>\n<p>\u00a0<\/p>\n<p>\u00a0<\/p>\n<p><a class=\"admont-button admont-button--secondary\" href=\"https:\/\/discover.matterport.com\/space\/1uW7tMvyz2h\" target=\"_blank\" rel=\"noopener\">VISITA VIRTUAL POR LA IGLESIA PARROQUIAL<\/a><\/p>\n<p>\u00a0<\/p>\n<p>\u00a0<\/p>\n<\/div>\n                        \n                                    <\/div>\n            \n            <\/div>\n<\/div>\n\n    <div class=\"background__container background__container--beige\">\n    <\/div>\n\n<\/section>\n\n<section id='lightpress__section--block_9cec40ad821b4745064e850dfb1dfcc5' class='lightpress__section--default-section-space lightpress__section lightpress__section--content'><div class=\"content__inner\"\n         x-init=\"initContentBlockAnim($el)\">\n        \n    <div class=\"content__grid content__grid--fifty-fifty\">\n                                            <div class=\"content__box content__box\"\n                 style=\"\">\n                                \n                \n                                            <div class=\"prose\"><h5 class=\"heading-m line line-above line--gold\">Historia de la iglesia parroquial de San Andr\u00e9s<\/h5>\n<p>\u00a0<\/p>\n<p>En 1955, la parroquia de Trieben se separ\u00f3 de la parroquia original y madre de St. Lorenzen im Paltentale y se estableci\u00f3 como parroquia independiente, que no est\u00e1 incorporada a la Abad\u00eda de Admont, ya que en aquella \u00e9poca la incorporaci\u00f3n ya no era posible seg\u00fan el derecho can\u00f3nico.<\/p>\n<p>La llamada \"Nueva Iglesia de San Andr\u00e9s\" fue construida entre 1961 y 1963 seg\u00fan un plano de Hans Beckers, con vidrieras dise\u00f1adas por Notburga Beckers (ejecutadas por el taller de vidrio de la Abad\u00eda de Schlierbach) y consagrada solemnemente por el obispo Dr. Josef Schoiswohl el 1 de septiembre de 1963.\u00a0<\/p>\n<p>\u00a0<\/p>\n<p>La cruz sobre el altar fue realizada por Hans Angerbauer y las figuras de santos en los nichos entre el texto de las Bienaventuranzas por Gottfried Prabitz.\u00a0<\/p>\n<p>\u00a0<\/p>\n<p>El tr\u00edptico de la capilla lateral (capilla sacramental) y el V\u00eda Crucis son obra del profesor Franz Wei\u00df y la estatua de la Virgen Mar\u00eda del presbiterio es de Leo B\u00e4umler (1965).\u00a0<\/p>\n<p>Detr\u00e1s del asiento del sacerdote hay una pintura g\u00f3tica sobre vidrio de San Andr\u00e9s de la segunda mitad del siglo XV (cedida por el Landesmuseum Joanneum Graz).\u00a0<\/p>\n<p>La fiesta del patr\u00f3n de la iglesia y de la parroquia -San Andr\u00e9s Ap\u00f3stol- se celebra junto con la fiesta parroquial a principios de julio, ya que la fiesta real del patr\u00f3n de la iglesia (30 de noviembre) suele coincidir con el comienzo del Adviento y, por tanto, no puede celebrarse en domingo.\u00a0<\/p>\n<\/div>\n                    \n                            <\/div>\n        \n                                                    <div class=\"content__box content__box--2\"\n                     >\n                                        \n                    \n                                                <div class=\"content__media stickyTo\" x-init=\"imageSticky($el)\">\n\n                                                                                    <picture\n                                    class=\"content__image sticky\">\n                                <source srcset=\"https:\/\/stiftadmont.at\/wp-content\/uploads\/4dccb4718474c270d66527abbcfb3172_XL-1024x683.webp\" type=\"image\/webp\">\n                                <source srcset=\"https:\/\/stiftadmont.at\/wp-content\/uploads\/4dccb4718474c270d66527abbcfb3172_XL-1024x683.jpg\" type=\"image\/jpeg\">\n                                <img decoding=\"async\" class=\"sticky\" loading=\"lazy\" src=\"https:\/\/stiftadmont.at\/wp-content\/uploads\/4dccb4718474c270d66527abbcfb3172_XL-1024x683.jpg\" alt=\"Parroquia de Trieben\" \/>\n\n                                                                                                                            <\/picture>\n\n                        <\/div>\n\n                                    <\/div>\n            \n            <\/div>\n<\/div>\n\n<\/section>","protected":false},"excerpt":{"rendered":"","protected":false},"author":7,"featured_media":0,"parent":13905,"menu_order":0,"comment_status":"closed","ping_status":"closed","template":"","meta":{"_acf_changed":false,"footnotes":""},"categories":[],"class_list":["post-33518","page","type-page","status-publish","hentry"],"acf":[],"yoast_head":"<!-- This site is optimized with the Yoast SEO Premium plugin v26.0 (Yoast SEO v26.8) - https:\/\/yoast.com\/product\/yoast-seo-premium-wordpress\/ -->\n<title>Stadtpfarrkirche zum Hl. Andreas - Stift Admont<\/title>\n<meta name=\"robots\" content=\"index, follow, max-snippet:-1, max-image-preview:large, max-video-preview:-1\" \/>\n<link rel=\"canonical\" href=\"https:\/\/stiftadmont.at\/es\/parroquias\/iglesia-parroquial-de-la-ciudad-de-trieben\/\" \/>\n<meta property=\"og:locale\" content=\"es_ES\" \/>\n<meta property=\"og:type\" content=\"article\" \/>\n<meta property=\"og:title\" content=\"Stadtpfarrkirche zum Hl. Andreas\" \/>\n<meta property=\"og:url\" content=\"https:\/\/stiftadmont.at\/es\/parroquias\/iglesia-parroquial-de-la-ciudad-de-trieben\/\" \/>\n<meta property=\"og:site_name\" content=\"Stift Admont\" \/>\n<meta property=\"article:modified_time\" content=\"2025-03-25T07:44:54+00:00\" \/>\n<meta property=\"og:image\" content=\"https:\/\/stiftadmont.at\/wp-content\/uploads\/Klosteranlage-innen.jpg\" \/>\n\t<meta property=\"og:image:width\" content=\"1912\" \/>\n\t<meta property=\"og:image:height\" content=\"1188\" \/>\n\t<meta property=\"og:image:type\" content=\"image\/jpeg\" \/>\n<meta name=\"twitter:card\" content=\"summary_large_image\" \/>\n<script type=\"application\/ld+json\" class=\"yoast-schema-graph\">{\"@context\":\"https:\/\/schema.org\",\"@graph\":[{\"@type\":\"WebPage\",\"@id\":\"https:\/\/stiftadmont.at\/pfarren\/stadtpfarre-trieben-stadtpfarrkirche\/\",\"url\":\"https:\/\/stiftadmont.at\/pfarren\/stadtpfarre-trieben-stadtpfarrkirche\/\",\"name\":\"Stadtpfarrkirche zum Hl. Andreas - Stift Admont\",\"isPartOf\":{\"@id\":\"https:\/\/stiftadmont.at\/#website\"},\"datePublished\":\"2025-03-20T10:32:46+00:00\",\"dateModified\":\"2025-03-25T07:44:54+00:00\",\"breadcrumb\":{\"@id\":\"https:\/\/stiftadmont.at\/pfarren\/stadtpfarre-trieben-stadtpfarrkirche\/#breadcrumb\"},\"inLanguage\":\"es\",\"potentialAction\":[{\"@type\":\"ReadAction\",\"target\":[\"https:\/\/stiftadmont.at\/pfarren\/stadtpfarre-trieben-stadtpfarrkirche\/\"]}]},{\"@type\":\"BreadcrumbList\",\"@id\":\"https:\/\/stiftadmont.at\/pfarren\/stadtpfarre-trieben-stadtpfarrkirche\/#breadcrumb\",\"itemListElement\":[{\"@type\":\"ListItem\",\"position\":1,\"name\":\"Start\",\"item\":\"https:\/\/stiftadmont.at\/\"},{\"@type\":\"ListItem\",\"position\":2,\"name\":\"Pfarren\",\"item\":\"https:\/\/stiftadmont.at\/pfarren\/\"},{\"@type\":\"ListItem\",\"position\":3,\"name\":\"Stadtpfarrkirche zum Hl. Andreas\"}]},{\"@type\":\"WebSite\",\"@id\":\"https:\/\/stiftadmont.at\/#website\",\"url\":\"https:\/\/stiftadmont.at\/\",\"name\":\"Stift Admont\",\"description\":\"Benediktinerkloster und Sehensw\u00fcrdigkeit im Ges\u00e4use\",\"potentialAction\":[{\"@type\":\"SearchAction\",\"target\":{\"@type\":\"EntryPoint\",\"urlTemplate\":\"https:\/\/stiftadmont.at\/?s={search_term_string}\"},\"query-input\":{\"@type\":\"PropertyValueSpecification\",\"valueRequired\":true,\"valueName\":\"search_term_string\"}}],\"inLanguage\":\"es\"}]}<\/script>\n<!-- \/ Yoast SEO Premium plugin. -->","yoast_head_json":{"title":"Iglesia parroquial de San Andr\u00e9s - Abad\u00eda de Admont","robots":{"index":"index","follow":"follow","max-snippet":"max-snippet:-1","max-image-preview":"max-image-preview:large","max-video-preview":"max-video-preview:-1"},"canonical":"https:\/\/stiftadmont.at\/es\/parroquias\/iglesia-parroquial-de-la-ciudad-de-trieben\/","og_locale":"es_ES","og_type":"article","og_title":"Stadtpfarrkirche zum Hl. Andreas","og_url":"https:\/\/stiftadmont.at\/es\/parroquias\/iglesia-parroquial-de-la-ciudad-de-trieben\/","og_site_name":"Stift Admont","article_modified_time":"2025-03-25T07:44:54+00:00","og_image":[{"width":1912,"height":1188,"url":"https:\/\/stiftadmont.at\/wp-content\/uploads\/Klosteranlage-innen.jpg","type":"image\/jpeg"}],"twitter_card":"summary_large_image","schema":{"@context":"https:\/\/schema.org","@graph":[{"@type":"WebPage","@id":"https:\/\/stiftadmont.at\/pfarren\/stadtpfarre-trieben-stadtpfarrkirche\/","url":"https:\/\/stiftadmont.at\/pfarren\/stadtpfarre-trieben-stadtpfarrkirche\/","name":"Iglesia parroquial de San Andr\u00e9s - Abad\u00eda de Admont","isPartOf":{"@id":"https:\/\/stiftadmont.at\/#website"},"datePublished":"2025-03-20T10:32:46+00:00","dateModified":"2025-03-25T07:44:54+00:00","breadcrumb":{"@id":"https:\/\/stiftadmont.at\/pfarren\/stadtpfarre-trieben-stadtpfarrkirche\/#breadcrumb"},"inLanguage":"es","potentialAction":[{"@type":"ReadAction","target":["https:\/\/stiftadmont.at\/pfarren\/stadtpfarre-trieben-stadtpfarrkirche\/"]}]},{"@type":"BreadcrumbList","@id":"https:\/\/stiftadmont.at\/pfarren\/stadtpfarre-trieben-stadtpfarrkirche\/#breadcrumb","itemListElement":[{"@type":"ListItem","position":1,"name":"Start","item":"https:\/\/stiftadmont.at\/"},{"@type":"ListItem","position":2,"name":"Pfarren","item":"https:\/\/stiftadmont.at\/pfarren\/"},{"@type":"ListItem","position":3,"name":"Stadtpfarrkirche zum Hl. Andreas"}]},{"@type":"WebSite","@id":"https:\/\/stiftadmont.at\/#website","url":"https:\/\/stiftadmont.at\/","name":"Abad\u00eda de Admont","description":"Monasterio benedictino y atracci\u00f3n tur\u00edstica en el Ges\u00e4use","potentialAction":[{"@type":"SearchAction","target":{"@type":"EntryPoint","urlTemplate":"https:\/\/stiftadmont.at\/?s={search_term_string}"},"query-input":{"@type":"PropertyValueSpecification","valueRequired":true,"valueName":"search_term_string"}}],"inLanguage":"es"}]}},"_links":{"self":[{"href":"https:\/\/stiftadmont.at\/es\/wp-json\/wp\/v2\/pages\/33518","targetHints":{"allow":["GET"]}}],"collection":[{"href":"https:\/\/stiftadmont.at\/es\/wp-json\/wp\/v2\/pages"}],"about":[{"href":"https:\/\/stiftadmont.at\/es\/wp-json\/wp\/v2\/types\/page"}],"author":[{"embeddable":true,"href":"https:\/\/stiftadmont.at\/es\/wp-json\/wp\/v2\/users\/7"}],"replies":[{"embeddable":true,"href":"https:\/\/stiftadmont.at\/es\/wp-json\/wp\/v2\/comments?post=33518"}],"version-history":[{"count":8,"href":"https:\/\/stiftadmont.at\/es\/wp-json\/wp\/v2\/pages\/33518\/revisions"}],"predecessor-version":[{"id":34021,"href":"https:\/\/stiftadmont.at\/es\/wp-json\/wp\/v2\/pages\/33518\/revisions\/34021"}],"up":[{"embeddable":true,"href":"https:\/\/stiftadmont.at\/es\/wp-json\/wp\/v2\/pages\/13905"}],"wp:attachment":[{"href":"https:\/\/stiftadmont.at\/es\/wp-json\/wp\/v2\/media?parent=33518"}],"wp:term":[{"taxonomy":"category","embeddable":true,"href":"https:\/\/stiftadmont.at\/es\/wp-json\/wp\/v2\/categories?post=33518"}],"curies":[{"name":"wp","href":"https:\/\/api.w.org\/{rel}","templated":true}]}}