{"id":33544,"date":"2025-03-20T15:24:41","date_gmt":"2025-03-20T13:24:41","guid":{"rendered":"https:\/\/stiftadmont.at\/?page_id=33544"},"modified":"2026-03-09T09:11:28","modified_gmt":"2026-03-09T07:11:28","slug":"parroquia-de-frauenberg-an-der-enns","status":"publish","type":"page","link":"https:\/\/stiftadmont.at\/es\/pfarren\/pfarre-frauenberg-an-der-enns\/","title":{"rendered":"Parroquia de Frauenberg an der Enns"},"content":{"rendered":"<section id='lightpress__section--block_a5d8941ffb14b5bf49f9799ea65c64fb' class='align-center lightpress__section--default-section-space lightpress__section lightpress__section--headline'><div class=\"headline__container\">\n            <h2 class=\"headline text--40 text-medium line line--gold line-above line-middle\">La parroquia de Frauenberg an der Enns<\/h2>\n        <p class=\"text-center text-gold text--20 text-medium text--uppercase\">Aqu\u00ed encontrar\u00e1 toda la informaci\u00f3n sobre nuestra parroquia <\/p>\n        <div class=\"spacer--40\"><\/div>\n<\/div>\n\n<\/section>\n\n<section id='lightpress__section--block_ee7a79c8dd30d77b8419619fb46a5534' class='lightpress__section--default-section-space lightpress__section lightpress__section--content'><div class=\"content__inner\"\n         x-init=\"initContentBlockAnim($el)\">\n        \n    <div class=\"content__grid content__grid--fifty-fifty\">\n                                            <div class=\"content__box content__box\"\n                 style=\"\">\n                                \n                \n                                        <div class=\"content__media stickyTo\" x-init=\"imageSticky($el)\">\n\n                                                                                                <picture\n                                class=\"content__image sticky\">\n                            <source srcset=\"https:\/\/stiftadmont.at\/wp-content\/uploads\/frauenberg-10-1024x681.jpg\"\n                                    type=\"image\/webp\">\n                            <source srcset=\"https:\/\/stiftadmont.at\/wp-content\/uploads\/frauenberg-10-1024x681.jpg\"\n                                    type=\"image\/jpeg\">\n                            <img decoding=\"async\" loading=\"lazy\" src=\"https:\/\/stiftadmont.at\/wp-content\/uploads\/frauenberg-10-1024x681.jpg\" alt=\"monta\u00f1a femenina\" width=\"600\" height=\"450\" \/>\n                                                                                                            <\/picture>\n\n                    <\/div>\n\n                            <\/div>\n        \n                                                    <div class=\"content__box content__box--2\"\n                     >\n                                        \n                    \n                                                    <div class=\"prose\"><h5 class=\"heading-m line line-above line--gold\"><strong>Sobre la parroquia de Frauenberg<\/strong><\/h5>\n<p>\u00a0<\/p>\n<p>Esta parroquia est\u00e1 situada en una colina de 130 metros de altura, cerca de Admont.<\/p>\n<p>\u00a0<\/p>\n<p>Las primeras referencias hist\u00f3ricas datan del siglo XII. La mayor parte de la arquitectura y el mobiliario datan de finales del siglo XVII. Ertinger, Carlone y Spaz trabajaron aqu\u00ed como artistas.<\/p>\n<p>\u00a0<\/p>\n<p>Frauenberg es un popular lugar de peregrinaci\u00f3n cerca de la abad\u00eda de Admont. Tambi\u00e9n merece la pena ver las obras de Josef Stammel.<\/p>\n<p>\u00a0<\/p>\n<p><strong>Patrocinium:<\/strong> Inmolaci\u00f3n de la Virgen Mar\u00eda, 21 de noviembre<\/p>\n<p><strong>Parroquia err.:<\/strong> despu\u00e9s de 1410<\/p>\n<p><strong>Iglesia parroquial erb..:<\/strong> 1404 (1683-1687)<\/p>\n<p><strong>Capilla de misa:<\/strong> San Benito en la residencia de ancianos<\/p>\n<p><strong>Iglesia parroquial: <\/strong>Iglesia parroquial Maria Opferung<\/p>\n<p><strong>Iglesia:<\/strong> Iglesia de Ardning<\/p>\n<p>\u00a0<\/p>\n<p><a class=\"admont-button admont-button--secondary\" href=\"https:\/\/my.matterport.com\/show\/?m=pQgfJRy2et3&amp;brand=0\" target=\"_blank\" rel=\"noopener\">VISITA VIRTUAL POR LA IGLESIA PARROQUIAL<\/a><\/p>\n<p>\u00a0<\/p>\n<p><span data-mce-type=\"bookmark\" style=\"display: inline-block; width: 0px; overflow: hidden; line-height: 0;\" class=\"mce_SELRES_start\"><\/span><\/p>\n<\/div>\n                        \n                                    <\/div>\n            \n            <\/div>\n<\/div>\n\n<\/section>\n\n<section id='lightpress__section--block_93d3e71e12b7c3dfff94b49f20617517' class='lightpress__section--more-links--950 lightpress__section--full-width lightpress__section--default-section-space lightpress__section lightpress__section--more-links'><div class=\"more\" x-init=\"initMoreLinksBlockAnim($el)\">\n            <style>\n            #lightpress__section--block_93d3e71e12b7c3dfff94b49f20617517 .more {\n                --entry-width: calc(100% \/ 4 - var(--grid-gap) * 4);\n                grid-template-columns: repeat(auto-fit, minmax(max(var(--entry-width),50rem), 1fr));\n            }\n        <\/style>\n    \n                    <a class=\"more__link\" href=\"https:\/\/stiftadmont.at\/es\/parroquias\/parroquia-de-frauenberg-an-der-enns\/iglesia-parroquial-de-frauenberg\/\">\n            <div class=\"more__media\">\n                                    <picture class=\"more__image\">\n                        <source srcset=\"https:\/\/stiftadmont.at\/wp-content\/uploads\/DJI_0123-1-1024x683.webp\" type=\"image\/webp\">\n                        <source srcset=\"https:\/\/stiftadmont.at\/wp-content\/uploads\/DJI_0123-1-1024x683.jpg\" type=\"image\/jpeg\">\n                        <img decoding=\"async\" loading=\"lazy\" src=\"https:\/\/stiftadmont.at\/wp-content\/uploads\/DJI_0123-1-1024x683.jpg\" alt=\"DJI 0123\" \/>\n                    <\/picture>\n                            <\/div>\n            <div class=\"more__content\">\n                <div class=\"more__title--container\">\n                                            \n                                                                            \n                        <p class=\"text-bold text-white text--serif text--26\">Acerca de nuestra parroquia<\/p>\n                                                            <\/div>\n                                    <div class=\"more__cta\">\n                        <i class=\"fa-thin fa-chevron-right\"><\/i>\n                    <\/div>\n                            <\/div>\n        <\/a>\n                    <a class=\"more__link\" href=\"https:\/\/stiftadmont.at\/es\/parroquias\/parroquia-de-frauenberg-an-der-enns\/servicios-religiosos\/\">\n            <div class=\"more__media\">\n                                    <picture class=\"more__image\">\n                        <source srcset=\"https:\/\/stiftadmont.at\/wp-content\/uploads\/Frauenberg2pedagrafie.de400-1024x790.webp\" type=\"image\/webp\">\n                        <source srcset=\"https:\/\/stiftadmont.at\/wp-content\/uploads\/Frauenberg2pedagrafie.de400-1024x790.jpg\" type=\"image\/jpeg\">\n                        <img decoding=\"async\" loading=\"lazy\" src=\"https:\/\/stiftadmont.at\/wp-content\/uploads\/Frauenberg2pedagrafie.de400-1024x790.jpg\" alt=\"Frauenberg2pedagrafie.de400\" \/>\n                    <\/picture>\n                            <\/div>\n            <div class=\"more__content\">\n                <div class=\"more__title--container\">\n                                            \n                                                                            \n                        <p class=\"text-bold text-white text--serif text--26\">Culto y oraci\u00f3n<\/p>\n                                                            <\/div>\n                                    <div class=\"more__cta\">\n                        <i class=\"fa-thin fa-chevron-right\"><\/i>\n                    <\/div>\n                            <\/div>\n        <\/a>\n                    <a class=\"more__link\" href=\"https:\/\/stiftadmont.at\/es\/parroquias\/parroquia-de-frauenberg-an-der-enns\/\">\n            <div class=\"more__media\">\n                                    <picture class=\"more__image\">\n                        <source srcset=\"https:\/\/stiftadmont.at\/wp-content\/uploads\/912BB888-A489-4522-A238-57E8F669ADF6-e1772573044511-735x1024.webp\" type=\"image\/webp\">\n                        <source srcset=\"https:\/\/stiftadmont.at\/wp-content\/uploads\/912BB888-A489-4522-A238-57E8F669ADF6-e1772573044511-735x1024.jpg\" type=\"image\/jpeg\">\n                        <img decoding=\"async\" loading=\"lazy\" src=\"https:\/\/stiftadmont.at\/wp-content\/uploads\/912BB888-A489-4522-A238-57E8F669ADF6-e1772573044511-735x1024.png\" alt=\"Parroquia KI Frauenberg\" \/>\n                    <\/picture>\n                            <\/div>\n            <div class=\"more__content\">\n                <div class=\"more__title--container\">\n                                            \n                                                                            \n                        <p class=\"text-bold text-white text--serif text--26\">\u00daltimas noticias<\/p>\n                                                            <\/div>\n                                    <div class=\"more__cta\">\n                        <i class=\"fa-thin fa-chevron-right\"><\/i>\n                    <\/div>\n                            <\/div>\n        <\/a>\n                    <a class=\"more__link\" href=\"https:\/\/stiftadmont.at\/es\/parroquias\/parroquia-de-frauenberg-an-der-enns\/horario-de-oficina-de-contacto\/\">\n            <div class=\"more__media\">\n                                    <picture class=\"more__image\">\n                        <source srcset=\"https:\/\/stiftadmont.at\/wp-content\/uploads\/Wallfahrtskirche-Frauenberg-Vespa-Segnung-2024-6_www-1024x683.webp\" type=\"image\/webp\">\n                        <source srcset=\"https:\/\/stiftadmont.at\/wp-content\/uploads\/Wallfahrtskirche-Frauenberg-Vespa-Segnung-2024-6_www-1024x683.jpg\" type=\"image\/jpeg\">\n                        <img decoding=\"async\" loading=\"lazy\" src=\"https:\/\/stiftadmont.at\/wp-content\/uploads\/Wallfahrtskirche-Frauenberg-Vespa-Segnung-2024-6_www-1024x683.jpg\" alt=\"Frauenberg iglesia de peregrinaci\u00f3n Vespa bendici\u00f3n 2024 (6) www\" \/>\n                    <\/picture>\n                            <\/div>\n            <div class=\"more__content\">\n                <div class=\"more__title--container\">\n                                            \n                                                                            \n                        <p class=\"text-bold text-white text--serif text--26\">Contacto y horario de oficina<\/p>\n                                                            <\/div>\n                                    <div class=\"more__cta\">\n                        <i class=\"fa-thin fa-chevron-right\"><\/i>\n                    <\/div>\n                            <\/div>\n        <\/a>\n    \n<\/div>\n\n<\/section>","protected":false},"excerpt":{"rendered":"","protected":false},"author":7,"featured_media":0,"parent":13905,"menu_order":0,"comment_status":"closed","ping_status":"closed","template":"","meta":{"_acf_changed":false,"footnotes":""},"categories":[],"class_list":["post-33544","page","type-page","status-publish","hentry"],"acf":[],"yoast_head":"<!-- This site is optimized with the Yoast SEO Premium plugin v26.0 (Yoast SEO v26.8) - https:\/\/yoast.com\/product\/yoast-seo-premium-wordpress\/ -->\n<title>Pfarre Frauenberg an der Enns - Stift Admont<\/title>\n<meta name=\"robots\" content=\"index, follow, max-snippet:-1, max-image-preview:large, max-video-preview:-1\" \/>\n<link rel=\"canonical\" href=\"https:\/\/stiftadmont.at\/es\/parroquias\/parroquia-de-frauenberg-an-der-enns\/\" \/>\n<meta property=\"og:locale\" content=\"es_ES\" \/>\n<meta property=\"og:type\" content=\"article\" \/>\n<meta property=\"og:title\" content=\"Pfarre Frauenberg an der Enns\" \/>\n<meta property=\"og:url\" content=\"https:\/\/stiftadmont.at\/es\/parroquias\/parroquia-de-frauenberg-an-der-enns\/\" \/>\n<meta property=\"og:site_name\" content=\"Stift Admont\" \/>\n<meta property=\"article:modified_time\" content=\"2026-03-09T07:11:28+00:00\" \/>\n<meta property=\"og:image\" content=\"https:\/\/stiftadmont.at\/wp-content\/uploads\/Klosteranlage-innen.jpg\" \/>\n\t<meta property=\"og:image:width\" content=\"1912\" \/>\n\t<meta property=\"og:image:height\" content=\"1188\" \/>\n\t<meta property=\"og:image:type\" content=\"image\/jpeg\" \/>\n<meta name=\"twitter:card\" content=\"summary_large_image\" \/>\n<script type=\"application\/ld+json\" class=\"yoast-schema-graph\">{\"@context\":\"https:\/\/schema.org\",\"@graph\":[{\"@type\":\"WebPage\",\"@id\":\"https:\/\/stiftadmont.at\/pfarren\/pfarre-frauenberg-an-der-enns\/\",\"url\":\"https:\/\/stiftadmont.at\/pfarren\/pfarre-frauenberg-an-der-enns\/\",\"name\":\"Pfarre Frauenberg an der Enns - Stift Admont\",\"isPartOf\":{\"@id\":\"https:\/\/stiftadmont.at\/#website\"},\"datePublished\":\"2025-03-20T13:24:41+00:00\",\"dateModified\":\"2026-03-09T07:11:28+00:00\",\"breadcrumb\":{\"@id\":\"https:\/\/stiftadmont.at\/pfarren\/pfarre-frauenberg-an-der-enns\/#breadcrumb\"},\"inLanguage\":\"es\",\"potentialAction\":[{\"@type\":\"ReadAction\",\"target\":[\"https:\/\/stiftadmont.at\/pfarren\/pfarre-frauenberg-an-der-enns\/\"]}]},{\"@type\":\"BreadcrumbList\",\"@id\":\"https:\/\/stiftadmont.at\/pfarren\/pfarre-frauenberg-an-der-enns\/#breadcrumb\",\"itemListElement\":[{\"@type\":\"ListItem\",\"position\":1,\"name\":\"Start\",\"item\":\"https:\/\/stiftadmont.at\/\"},{\"@type\":\"ListItem\",\"position\":2,\"name\":\"Pfarren\",\"item\":\"https:\/\/stiftadmont.at\/pfarren\/\"},{\"@type\":\"ListItem\",\"position\":3,\"name\":\"Pfarre Frauenberg an der Enns\"}]},{\"@type\":\"WebSite\",\"@id\":\"https:\/\/stiftadmont.at\/#website\",\"url\":\"https:\/\/stiftadmont.at\/\",\"name\":\"Stift Admont\",\"description\":\"Benediktinerkloster und Sehensw\u00fcrdigkeit im Ges\u00e4use\",\"potentialAction\":[{\"@type\":\"SearchAction\",\"target\":{\"@type\":\"EntryPoint\",\"urlTemplate\":\"https:\/\/stiftadmont.at\/?s={search_term_string}\"},\"query-input\":{\"@type\":\"PropertyValueSpecification\",\"valueRequired\":true,\"valueName\":\"search_term_string\"}}],\"inLanguage\":\"es\"}]}<\/script>\n<!-- \/ Yoast SEO Premium plugin. -->","yoast_head_json":{"title":"Parroquia de Frauenberg an der Enns - Abad\u00eda de Admont","robots":{"index":"index","follow":"follow","max-snippet":"max-snippet:-1","max-image-preview":"max-image-preview:large","max-video-preview":"max-video-preview:-1"},"canonical":"https:\/\/stiftadmont.at\/es\/parroquias\/parroquia-de-frauenberg-an-der-enns\/","og_locale":"es_ES","og_type":"article","og_title":"Pfarre Frauenberg an der Enns","og_url":"https:\/\/stiftadmont.at\/es\/parroquias\/parroquia-de-frauenberg-an-der-enns\/","og_site_name":"Stift Admont","article_modified_time":"2026-03-09T07:11:28+00:00","og_image":[{"width":1912,"height":1188,"url":"https:\/\/stiftadmont.at\/wp-content\/uploads\/Klosteranlage-innen.jpg","type":"image\/jpeg"}],"twitter_card":"summary_large_image","schema":{"@context":"https:\/\/schema.org","@graph":[{"@type":"WebPage","@id":"https:\/\/stiftadmont.at\/pfarren\/pfarre-frauenberg-an-der-enns\/","url":"https:\/\/stiftadmont.at\/pfarren\/pfarre-frauenberg-an-der-enns\/","name":"Parroquia de Frauenberg an der Enns - Abad\u00eda de Admont","isPartOf":{"@id":"https:\/\/stiftadmont.at\/#website"},"datePublished":"2025-03-20T13:24:41+00:00","dateModified":"2026-03-09T07:11:28+00:00","breadcrumb":{"@id":"https:\/\/stiftadmont.at\/pfarren\/pfarre-frauenberg-an-der-enns\/#breadcrumb"},"inLanguage":"es","potentialAction":[{"@type":"ReadAction","target":["https:\/\/stiftadmont.at\/pfarren\/pfarre-frauenberg-an-der-enns\/"]}]},{"@type":"BreadcrumbList","@id":"https:\/\/stiftadmont.at\/pfarren\/pfarre-frauenberg-an-der-enns\/#breadcrumb","itemListElement":[{"@type":"ListItem","position":1,"name":"Start","item":"https:\/\/stiftadmont.at\/"},{"@type":"ListItem","position":2,"name":"Pfarren","item":"https:\/\/stiftadmont.at\/pfarren\/"},{"@type":"ListItem","position":3,"name":"Pfarre Frauenberg an der Enns"}]},{"@type":"WebSite","@id":"https:\/\/stiftadmont.at\/#website","url":"https:\/\/stiftadmont.at\/","name":"Abad\u00eda de Admont","description":"Monasterio benedictino y atracci\u00f3n tur\u00edstica en el Ges\u00e4use","potentialAction":[{"@type":"SearchAction","target":{"@type":"EntryPoint","urlTemplate":"https:\/\/stiftadmont.at\/?s={search_term_string}"},"query-input":{"@type":"PropertyValueSpecification","valueRequired":true,"valueName":"search_term_string"}}],"inLanguage":"es"}]}},"_links":{"self":[{"href":"https:\/\/stiftadmont.at\/es\/wp-json\/wp\/v2\/pages\/33544","targetHints":{"allow":["GET"]}}],"collection":[{"href":"https:\/\/stiftadmont.at\/es\/wp-json\/wp\/v2\/pages"}],"about":[{"href":"https:\/\/stiftadmont.at\/es\/wp-json\/wp\/v2\/types\/page"}],"author":[{"embeddable":true,"href":"https:\/\/stiftadmont.at\/es\/wp-json\/wp\/v2\/users\/7"}],"replies":[{"embeddable":true,"href":"https:\/\/stiftadmont.at\/es\/wp-json\/wp\/v2\/comments?post=33544"}],"version-history":[{"count":20,"href":"https:\/\/stiftadmont.at\/es\/wp-json\/wp\/v2\/pages\/33544\/revisions"}],"predecessor-version":[{"id":40379,"href":"https:\/\/stiftadmont.at\/es\/wp-json\/wp\/v2\/pages\/33544\/revisions\/40379"}],"up":[{"embeddable":true,"href":"https:\/\/stiftadmont.at\/es\/wp-json\/wp\/v2\/pages\/13905"}],"wp:attachment":[{"href":"https:\/\/stiftadmont.at\/es\/wp-json\/wp\/v2\/media?parent=33544"}],"wp:term":[{"taxonomy":"category","embeddable":true,"href":"https:\/\/stiftadmont.at\/es\/wp-json\/wp\/v2\/categories?post=33544"}],"curies":[{"name":"wp","href":"https:\/\/api.w.org\/{rel}","templated":true}]}}