{"id":33549,"date":"2025-03-20T15:44:44","date_gmt":"2025-03-20T13:44:44","guid":{"rendered":"https:\/\/stiftadmont.at\/?page_id=33549"},"modified":"2025-03-20T17:16:27","modified_gmt":"2025-03-20T15:16:27","slug":"pongase-en-contacto-con","status":"publish","type":"page","link":"https:\/\/stiftadmont.at\/es\/pfarren\/pfarre-frauenberg-an-der-enns\/kontakt\/","title":{"rendered":"Contacto y horario de oficina"},"content":{"rendered":"<section id='lightpress__section--block_2ac79e0d468ee4adfb1987f32c363928' class='align-center lightpress__section--default-section-space lightpress__section lightpress__section--headline'><div class=\"headline__container\">\n            <p class=\"headline text--40 text-medium line line--gold line-above line-middle\">P\u00f3ngase en contacto con la parroquia de Frauenberg an der Enns<\/p>\n        <p class=\"text-center text-gold text--20 text-medium text--uppercase\">Aqu\u00ed encontrar\u00e1 informaci\u00f3n sobre el equipo y los horarios de la parroquia de Frauenberg an der Enns.<\/p>\n        <div class=\"spacer--40\"><\/div>\n<\/div>\n\n<\/section>\n\n<section id='lightpress__section--block_6136d0789bbefafff9636b65cfef6533' class='lightpress__section lightpress__section--contacts-slider'><div class=\"contacts\" x-init=\"initContactsTeaserAnim($el)\">\n\n    <div class=\"contacts__inner\">\n\n        <div class=\"swiper-container\"\n             x-data\n x-init=\"initContactsTeaser($el, $refs.btnPrev, $refs.btnNext)\">\n\n            <div class=\"swiper-wrapper\">\n                                    <div class=\"swiper-slide\">\n                        <article class=\"contacts__contact\">\n                                                        <div class=\"contacts__media\">\n                <span class=\"image-overlay\">\n                  <picture>\n                    <source srcset=\"https:\/\/stiftadmont.at\/wp-content\/uploads\/Stift_Admont_\u00a9StefanLeitner_030-768x1058.webp\" type=\"image\/webp\">\n                    <source srcset=\"https:\/\/stiftadmont.at\/wp-content\/uploads\/Stift_Admont_\u00a9StefanLeitner_030-768x1058.jpg\" type=\"image\/jpeg\">\n                    <img decoding=\"async\" loading=\"lazy\" src=\"https:\/\/stiftadmont.at\/wp-content\/uploads\/Stift_Admont_\u00a9StefanLeitner_030-768x1058.jpg\"\n                         alt=\"Abad\u00eda benedictina de Admont - Padre Prior Maximilian Schieferm\u00fcller \u00a9 Stefan Leitner\" width=\"416\" height=\"418\">\n                  <\/picture>\n                <\/span>\n                            <\/div>\n                            <div class=\"contacts__content\">\n                                <h2 class=\"contacts__name heading-s\">PATER PRIOR MAXIMILIAN SCHIEFERM\u00dcLLER O.S.B.<\/h2>\n                                <p\n                                        class=\"contacts__title paragraph-s\">Mag. phil., Mag. et Dr. theol. \/ Prior de la Abad\u00eda de Admont; Archivero y Bibliotecario de la Abad\u00eda; Director Cient\u00edfico del Museo de la Abad\u00eda de Admont; P\u00e1rroco de Frauenberg &amp; Hall; Vicario de Ardning; Responsable del \u00c1rea Pastoral de Admont.<\/p>                                                                    <a href=\"mailto:archiv@stiftadmont.at\" class=\"email\"><span class=\"icon-outer\"><i\n                                                    class=\"fa-solid fa-envelope\"><\/i><\/span>archiv@stiftadmont.at<\/a>\n                                \n                                                                  <a href=\"tel:+4336127333\" class=\"phone\"><span class=\"icon-outer\"><i\n                                              class=\"fa-solid fa-phone\"><\/i><\/span>+43 (0)3612\/7333<\/a>\n                                                            <\/div>\n                        <\/article>\n                    <\/div>\n                                    <div class=\"swiper-slide\">\n                        <article class=\"contacts__contact\">\n                                                        <div class=\"contacts__media\">\n                <span class=\"image-overlay\">\n                  <picture>\n                    <source srcset=\"https:\/\/stiftadmont.at\/wp-content\/uploads\/fr_josef_beer-768x1021.webp\" type=\"image\/webp\">\n                    <source srcset=\"https:\/\/stiftadmont.at\/wp-content\/uploads\/fr_josef_beer-768x1021.jpg\" type=\"image\/jpeg\">\n                    <img decoding=\"async\" loading=\"lazy\" src=\"https:\/\/stiftadmont.at\/wp-content\/uploads\/fr_josef_beer-768x1021.jpg\"\n                         alt=\"cerveza fr josef\" width=\"416\" height=\"418\">\n                  <\/picture>\n                <\/span>\n                            <\/div>\n                            <div class=\"contacts__content\">\n                                <h2 class=\"contacts__name heading-s\">PATER JOSEF BEER O.S.B.<\/h2>\n                                <p\n                                        class=\"contacts__title paragraph-s\">Mag. teol. \/ Custodio de Paramentics, Di\u00e1cono en la zona pastoral de Admont y Eisenwurzen; Maestro invitado<\/p>                                                                    <a href=\"mailto:josef@stiftadmont.at\" class=\"email\"><span class=\"icon-outer\"><i\n                                                    class=\"fa-solid fa-envelope\"><\/i><\/span>josef@stiftadmont.at<\/a>\n                                \n                                                                                                                                <\/div>\n                        <\/article>\n                    <\/div>\n                                    <div class=\"swiper-slide\">\n                        <article class=\"contacts__contact\">\n                                                        <div class=\"contacts__media\">\n                <span class=\"image-overlay\">\n                  <picture>\n                    <source srcset=\"\" type=\"image\/webp\">\n                    <source srcset=\"\" type=\"image\/jpeg\">\n                    <img decoding=\"async\" loading=\"lazy\" src=\"\"\n                         alt=\"\" width=\"416\" height=\"418\">\n                  <\/picture>\n                <\/span>\n                            <\/div>\n                            <div class=\"contacts__content\">\n                                <h2 class=\"contacts__name heading-s\">PATRIZIA FREYDECKER<\/h2>\n                                <p\n                                        class=\"contacts__title paragraph-s\">Secretario parroquial <\/p>                                                                    <a href=\"mailto:info@pfarre-frauenberg.at\" class=\"email\"><span class=\"icon-outer\"><i\n                                                    class=\"fa-solid fa-envelope\"><\/i><\/span>info@pfarre-frauenberg.at<\/a>\n                                \n                                                                                                                                <\/div>\n                        <\/article>\n                    <\/div>\n                            <\/div>\n\n                            <button class=\"swiper-button-prev slider-button slider-button--prev\" x-ref=\"btnPrev\"\n                        aria-label=\"Mostrar persona de contacto anterior\"><i class=\"fa-regular fa-chevron-left\"><\/i><\/button>\n                <button class=\"swiper-button-next slider-button slider-button--next\" x-ref=\"btnNext\"\n                        aria-label=\"Mostrar siguiente persona de contacto\"><i class=\"fa-regular fa-chevron-right\"><\/i><\/button>\n                    <\/div>\n    <\/div>\n\n<\/div><\/section>\n\n<section id='lightpress__section--block_6e4699c144c6b1a04a8c0932b367fb59' class='align-center lightpress__section--default-section-space lightpress__section lightpress__section--headline'><div class=\"headline__container\">\n            <p class=\"headline text--40 text-medium line line--gold line-above line-middle\">Horario de oficina<\/p>\n        <p class=\"text-center text-gold text--20 text-medium text--uppercase\">Aqu\u00ed encontrar\u00e1 toda la informaci\u00f3n sobre cu\u00e1ndo y c\u00f3mo puede ponerse en contacto con nosotros<\/p>\n        <div class=\"spacer--40\"><\/div>\n<\/div>\n\n<\/section>\n\n<section id='lightpress__section--block_09119e7e22c497dd3f76f01c9b5de351' class='lightpress__section--default-section-space lightpress__section lightpress__section--content'><div class=\"content__inner\"\n         x-init=\"initContentBlockAnim($el)\">\n        \n    <div class=\"content__grid content__grid--fifty-fifty\">\n                                            <div class=\"content__box content__box\"\n                 style=\"\">\n                                \n                \n                                        <div class=\"content__media stickyTo\" x-init=\"imageSticky($el)\">\n\n                                                                                                <picture\n                                class=\"content__image sticky\">\n                            <source srcset=\"https:\/\/stiftadmont.at\/wp-content\/uploads\/DJI_0123-1-1024x683.jpg\"\n                                    type=\"image\/webp\">\n                            <source srcset=\"https:\/\/stiftadmont.at\/wp-content\/uploads\/DJI_0123-1-1024x683.jpg\"\n                                    type=\"image\/jpeg\">\n                            <img decoding=\"async\" loading=\"lazy\" src=\"https:\/\/stiftadmont.at\/wp-content\/uploads\/DJI_0123-1-1024x683.jpg\" alt=\"DJI 0123\" width=\"600\" height=\"450\" \/>\n                                                                                                            <\/picture>\n\n                    <\/div>\n\n                            <\/div>\n        \n                                                    <div class=\"content__box content__box--2\"\n                     >\n                                        \n                    \n                                                    <div class=\"prose\"><h5 class=\"heading-m line line-above line--gold\"><strong>Canciller\u00eda parroquial Frauenberg-Ardning<\/strong><\/h5>\n<p>\u00a0<\/p>\n<p>De lunes a jueves: de 08.30 a 11.30 h.<\/p>\n<p>Viernes: 09:00 - 10:00 horas<\/p>\n<p>\u00a0<\/p>\n<p><strong>Tambi\u00e9n para inscripciones en visitas a iglesias y servicios de peregrinaci\u00f3n<\/strong><\/p>\n<p>\u00a0<\/p>\n<p><a class=\"phone\" href=\"tel:+43 (0) 3615 2275\"><span class=\"icon-outer\"><i class=\"fa-light fa-phone\"><\/i><\/span>+43 (0) 3612\/7333<\/a><\/p>\n<p><a class=\"email\" href=\"mailto:info@pfarre-frauenberg.at\"><span class=\"icon-outer\"><i class=\"fa-light fa-envelope\"><\/i><\/span>info@pfarre-frauenberg.at<\/a><\/p>\n<\/div>\n                        \n                                    <\/div>\n            \n            <\/div>\n<\/div>\n\n<\/section>","protected":false},"excerpt":{"rendered":"","protected":false},"author":7,"featured_media":0,"parent":33544,"menu_order":0,"comment_status":"closed","ping_status":"closed","template":"","meta":{"_acf_changed":false,"footnotes":""},"categories":[],"class_list":["post-33549","page","type-page","status-publish","hentry"],"acf":[],"yoast_head":"<!-- This site is optimized with the Yoast SEO Premium plugin v26.0 (Yoast SEO v26.8) - https:\/\/yoast.com\/product\/yoast-seo-premium-wordpress\/ -->\n<title>Kontakt und Kanzleizeiten - Stift Admont<\/title>\n<meta name=\"robots\" content=\"index, follow, max-snippet:-1, max-image-preview:large, max-video-preview:-1\" \/>\n<link rel=\"canonical\" href=\"https:\/\/stiftadmont.at\/es\/parroquias\/parroquia-de-frauenberg-an-der-enns\/pongase-en-contacto-con\/\" \/>\n<meta property=\"og:locale\" content=\"es_ES\" \/>\n<meta property=\"og:type\" content=\"article\" \/>\n<meta property=\"og:title\" content=\"Kontakt und Kanzleizeiten\" \/>\n<meta property=\"og:url\" content=\"https:\/\/stiftadmont.at\/es\/parroquias\/parroquia-de-frauenberg-an-der-enns\/pongase-en-contacto-con\/\" \/>\n<meta property=\"og:site_name\" content=\"Stift Admont\" \/>\n<meta property=\"article:modified_time\" content=\"2025-03-20T15:16:27+00:00\" \/>\n<meta property=\"og:image\" content=\"https:\/\/stiftadmont.at\/wp-content\/uploads\/Klosteranlage-innen.jpg\" \/>\n\t<meta property=\"og:image:width\" content=\"1912\" \/>\n\t<meta property=\"og:image:height\" content=\"1188\" \/>\n\t<meta property=\"og:image:type\" content=\"image\/jpeg\" \/>\n<meta name=\"twitter:card\" content=\"summary_large_image\" \/>\n<script type=\"application\/ld+json\" class=\"yoast-schema-graph\">{\"@context\":\"https:\/\/schema.org\",\"@graph\":[{\"@type\":\"WebPage\",\"@id\":\"https:\/\/stiftadmont.at\/pfarren\/pfarre-frauenberg-an-der-enns\/kontakt\/\",\"url\":\"https:\/\/stiftadmont.at\/pfarren\/pfarre-frauenberg-an-der-enns\/kontakt\/\",\"name\":\"Kontakt und Kanzleizeiten - Stift Admont\",\"isPartOf\":{\"@id\":\"https:\/\/stiftadmont.at\/#website\"},\"datePublished\":\"2025-03-20T13:44:44+00:00\",\"dateModified\":\"2025-03-20T15:16:27+00:00\",\"breadcrumb\":{\"@id\":\"https:\/\/stiftadmont.at\/pfarren\/pfarre-frauenberg-an-der-enns\/kontakt\/#breadcrumb\"},\"inLanguage\":\"es\",\"potentialAction\":[{\"@type\":\"ReadAction\",\"target\":[\"https:\/\/stiftadmont.at\/pfarren\/pfarre-frauenberg-an-der-enns\/kontakt\/\"]}]},{\"@type\":\"BreadcrumbList\",\"@id\":\"https:\/\/stiftadmont.at\/pfarren\/pfarre-frauenberg-an-der-enns\/kontakt\/#breadcrumb\",\"itemListElement\":[{\"@type\":\"ListItem\",\"position\":1,\"name\":\"Start\",\"item\":\"https:\/\/stiftadmont.at\/\"},{\"@type\":\"ListItem\",\"position\":2,\"name\":\"Pfarren\",\"item\":\"https:\/\/stiftadmont.at\/pfarren\/\"},{\"@type\":\"ListItem\",\"position\":3,\"name\":\"Pfarre Frauenberg an der Enns\",\"item\":\"https:\/\/stiftadmont.at\/pfarren\/pfarre-frauenberg-an-der-enns\/\"},{\"@type\":\"ListItem\",\"position\":4,\"name\":\"Kontakt und Kanzleizeiten\"}]},{\"@type\":\"WebSite\",\"@id\":\"https:\/\/stiftadmont.at\/#website\",\"url\":\"https:\/\/stiftadmont.at\/\",\"name\":\"Stift Admont\",\"description\":\"Benediktinerkloster und Sehensw\u00fcrdigkeit im Ges\u00e4use\",\"potentialAction\":[{\"@type\":\"SearchAction\",\"target\":{\"@type\":\"EntryPoint\",\"urlTemplate\":\"https:\/\/stiftadmont.at\/?s={search_term_string}\"},\"query-input\":{\"@type\":\"PropertyValueSpecification\",\"valueRequired\":true,\"valueName\":\"search_term_string\"}}],\"inLanguage\":\"es\"}]}<\/script>\n<!-- \/ Yoast SEO Premium plugin. -->","yoast_head_json":{"title":"Contacto y horarios - Abad\u00eda de Admont","robots":{"index":"index","follow":"follow","max-snippet":"max-snippet:-1","max-image-preview":"max-image-preview:large","max-video-preview":"max-video-preview:-1"},"canonical":"https:\/\/stiftadmont.at\/es\/parroquias\/parroquia-de-frauenberg-an-der-enns\/pongase-en-contacto-con\/","og_locale":"es_ES","og_type":"article","og_title":"Kontakt und Kanzleizeiten","og_url":"https:\/\/stiftadmont.at\/es\/parroquias\/parroquia-de-frauenberg-an-der-enns\/pongase-en-contacto-con\/","og_site_name":"Stift Admont","article_modified_time":"2025-03-20T15:16:27+00:00","og_image":[{"width":1912,"height":1188,"url":"https:\/\/stiftadmont.at\/wp-content\/uploads\/Klosteranlage-innen.jpg","type":"image\/jpeg"}],"twitter_card":"summary_large_image","schema":{"@context":"https:\/\/schema.org","@graph":[{"@type":"WebPage","@id":"https:\/\/stiftadmont.at\/pfarren\/pfarre-frauenberg-an-der-enns\/kontakt\/","url":"https:\/\/stiftadmont.at\/pfarren\/pfarre-frauenberg-an-der-enns\/kontakt\/","name":"Contacto y horarios - Abad\u00eda de Admont","isPartOf":{"@id":"https:\/\/stiftadmont.at\/#website"},"datePublished":"2025-03-20T13:44:44+00:00","dateModified":"2025-03-20T15:16:27+00:00","breadcrumb":{"@id":"https:\/\/stiftadmont.at\/pfarren\/pfarre-frauenberg-an-der-enns\/kontakt\/#breadcrumb"},"inLanguage":"es","potentialAction":[{"@type":"ReadAction","target":["https:\/\/stiftadmont.at\/pfarren\/pfarre-frauenberg-an-der-enns\/kontakt\/"]}]},{"@type":"BreadcrumbList","@id":"https:\/\/stiftadmont.at\/pfarren\/pfarre-frauenberg-an-der-enns\/kontakt\/#breadcrumb","itemListElement":[{"@type":"ListItem","position":1,"name":"Start","item":"https:\/\/stiftadmont.at\/"},{"@type":"ListItem","position":2,"name":"Pfarren","item":"https:\/\/stiftadmont.at\/pfarren\/"},{"@type":"ListItem","position":3,"name":"Pfarre Frauenberg an der Enns","item":"https:\/\/stiftadmont.at\/pfarren\/pfarre-frauenberg-an-der-enns\/"},{"@type":"ListItem","position":4,"name":"Kontakt und Kanzleizeiten"}]},{"@type":"WebSite","@id":"https:\/\/stiftadmont.at\/#website","url":"https:\/\/stiftadmont.at\/","name":"Abad\u00eda de Admont","description":"Monasterio benedictino y atracci\u00f3n tur\u00edstica en el Ges\u00e4use","potentialAction":[{"@type":"SearchAction","target":{"@type":"EntryPoint","urlTemplate":"https:\/\/stiftadmont.at\/?s={search_term_string}"},"query-input":{"@type":"PropertyValueSpecification","valueRequired":true,"valueName":"search_term_string"}}],"inLanguage":"es"}]}},"_links":{"self":[{"href":"https:\/\/stiftadmont.at\/es\/wp-json\/wp\/v2\/pages\/33549","targetHints":{"allow":["GET"]}}],"collection":[{"href":"https:\/\/stiftadmont.at\/es\/wp-json\/wp\/v2\/pages"}],"about":[{"href":"https:\/\/stiftadmont.at\/es\/wp-json\/wp\/v2\/types\/page"}],"author":[{"embeddable":true,"href":"https:\/\/stiftadmont.at\/es\/wp-json\/wp\/v2\/users\/7"}],"replies":[{"embeddable":true,"href":"https:\/\/stiftadmont.at\/es\/wp-json\/wp\/v2\/comments?post=33549"}],"version-history":[{"count":10,"href":"https:\/\/stiftadmont.at\/es\/wp-json\/wp\/v2\/pages\/33549\/revisions"}],"predecessor-version":[{"id":33566,"href":"https:\/\/stiftadmont.at\/es\/wp-json\/wp\/v2\/pages\/33549\/revisions\/33566"}],"up":[{"embeddable":true,"href":"https:\/\/stiftadmont.at\/es\/wp-json\/wp\/v2\/pages\/33544"}],"wp:attachment":[{"href":"https:\/\/stiftadmont.at\/es\/wp-json\/wp\/v2\/media?parent=33549"}],"wp:term":[{"taxonomy":"category","embeddable":true,"href":"https:\/\/stiftadmont.at\/es\/wp-json\/wp\/v2\/categories?post=33549"}],"curies":[{"name":"wp","href":"https:\/\/api.w.org\/{rel}","templated":true}]}}