{"id":33817,"date":"2025-03-25T09:08:46","date_gmt":"2025-03-25T07:08:46","guid":{"rendered":"https:\/\/stiftadmont.at\/?page_id=33817"},"modified":"2025-03-25T09:50:17","modified_gmt":"2025-03-25T07:50:17","slug":"historia","status":"publish","type":"page","link":"https:\/\/stiftadmont.at\/es\/pfarren\/pfarre-hohentauern\/geschichte\/","title":{"rendered":"Historia y arquitectura"},"content":{"rendered":"<section id='lightpress__section--block_0a2cf15cd3bc03e9e6cb4c4721a9637a' class='align-center lightpress__section--default-section-space lightpress__section lightpress__section--headline'><div class=\"headline__container\">\n            <h2 class=\"headline text--40 text-medium line line--gold line-above line-middle\">Die Pfarrkirche Hohentauern <\/h2>\n        <p class=\"text-center text-gold text--20 text-medium text--uppercase\">Hier finden Sie alle Informationen zur Geschichte und Architektur der Pfarrkirche<\/p>\n        <div class=\"spacer--40\"><\/div>\n<\/div>\n\n<\/section>\n\n<section id='lightpress__section--block_84836141c21d82d1b451189f9be6131f' class='lightpress__section--default-section-space lightpress__section lightpress__section--content'><div class=\"content__inner\"\n         x-init=\"initContentBlockAnim($el)\">\n        \n    <div class=\"content__grid content__grid--fifty-fifty\">\n                                            <div class=\"content__box content__box\"\n                 style=\"\">\n                                \n                \n                                        <div class=\"content__media stickyTo\" x-init=\"imageSticky($el)\">\n\n                                                                                                <picture\n                                class=\"content__image sticky\">\n                            <source srcset=\"https:\/\/stiftadmont.at\/wp-content\/uploads\/Pfarre-Hohentauern_c-Thomas-Sattler_Stift-Admont-1.jpg\"\n                                    type=\"image\/webp\">\n                            <source srcset=\"https:\/\/stiftadmont.at\/wp-content\/uploads\/Pfarre-Hohentauern_c-Thomas-Sattler_Stift-Admont-1.jpg\"\n                                    type=\"image\/jpeg\">\n                            <img decoding=\"async\" loading=\"lazy\" src=\"https:\/\/stiftadmont.at\/wp-content\/uploads\/Pfarre-Hohentauern_c-Thomas-Sattler_Stift-Admont-1.jpg\" alt=\"Pfarre Hohentauern c Thomas Sattler Stift Admont\" width=\"600\" height=\"450\" \/>\n                                                                                                            <\/picture>\n\n                    <\/div>\n\n                            <\/div>\n        \n                                                    <div class=\"content__box content__box--2\"\n                     >\n                                        \n                    \n                                                    <div class=\"prose\"><h5 class=\"heading-m line line-above line--gold\"><strong>Geschichte der Pfarrkirche zum Hl. Bartholom\u00e4us<\/strong><\/h5>\n<p>\u00a0<\/p>\n<p>Bereits um 1000 v. Christus erfolgte die erste Besiedelung im Bereich der Niederen Tauern. Im Jahre 1140 n. Chr. scheint urkundlich die Siedlung um den Pass\u00fcbergang (Taurus Inferior) auf. Der Name Thauern ist keltischen Ursprungs und bedeutet &#8222;ein \u00dcbergang im Gebirge&#8220;.\u00a0<\/p>\n<p>\u00a0<\/p>\n<p>Unser Bergdorf Hohentauern ist mit 1.274m Seeh\u00f6he das h\u00f6chste Alpendorf in den Rottenmanner Tauern. Zwei seit 1997 bzw. 1994 stillgelegte Bergbaue &#8211; Magnesit- und Graphitabbaue &#8211; zeugen von alters her von wertvollen Mineralienvorkommen in Hohentauern; der Magnesitabbau wurde vor wenigen Jahren im Tagebau wieder aufgenommen.<\/p>\n<p>\u00a0<\/p>\n<p>Die Bergkirche mit dem Bergfriedhof von Hohentauern ist dem Hl. Apostel Bartholom\u00e4us geweiht (der erste Kirchenbau wird in das Jahr 1363 datiert). Die heutige Gestalt des Kirchleins geht auf die Jahre um 1490 zur\u00fcck, die Turmzwiebel auf die Barockzeit.\u00a0\u00a0<\/p>\n<p>\u00a0<\/p>\n<p><strong>Patrozinium:<\/strong> Hl. Bartholom\u00e4us, 24. August<\/p>\n<p><strong>Pfarre err.:<\/strong> 1892 (Vikariat 1760)<\/p>\n<p><strong>Matriken:<\/strong> 1760<\/p>\n<p><strong>Pfarrkirche gen.: <\/strong>1363 (1785 &#8211; 1790)<\/p>\n<p>\u00a0<\/p>\n<p><a class=\"admont-button admont-button--secondary\" href=\"https:\/\/discover.matterport.com\/space\/9m7bRn7CjLm\" target=\"_blank\" rel=\"noopener\">VIRTUELLE TOUR DURCH DIE PFARRKIRCHE<\/a><\/p>\n<p>\u00a0<\/p>\n<p>\u00a0<\/p>\n<\/div>\n                        \n                                    <\/div>\n            \n            <\/div>\n<\/div>\n\n<\/section>\n\n<section id='lightpress__section--block_a61b22d823aceded46ccad07c15b756c' class='bg--beige lightpress__section--colored-bg lightpress__section--default-section-space lightpress__section lightpress__section--content'><div class=\"content__inner\"\n         x-init=\"initContentBlockAnim($el)\">\n        \n    <div class=\"content__grid content__grid--fifty-fifty\">\n                                            <div class=\"content__box content__box\"\n                 style=\"\">\n                                \n                \n                                            <div class=\"prose\"><h5 class=\"heading-m line line-above line--gold\">Architektur<\/h5>\n<p>\u00a0<\/p>\n<p>Bei einer Renovierung 1956 wurden gotische Fresken freigelegt, die in das Jahr 1492 datiert sind.<\/p>\n<p>Im Inneren der Kirche findet man Barock mit Gotik im Einklang. Im Stil der Gotik die kunstvollen Gew\u00f6lbegurte und W\u00e4nde des Altarraumes, die Kirchen-kanzel und der Hochaltar sind im Barockstil ausgef\u00fchrt und mit Schnitzelementen versehen. Um 1885 schuf der K\u00fcnstler Siegmund Wagner f\u00fcnf Bildfolgen mit den vier Evangelisten und Jesus Christus als \u201eGuter Hirte\u201c an der Kirchenkanzel.<\/p>\n<p>\u00a0<\/p>\n<p>Dem Umfeld des im Stift Admont besch\u00e4ftigten Schnitzk\u00fcnstler Josef Stammel wird der Hochaltar mit wundersch\u00f6nen Schnitzwerken (um 1750) zugeschrieben. Das Turmkreuz mit Wetterhahn stammt aus dem 16. Jahrhundert. Im Turm befinden sich drei Glocken. Die \u00e4lteste Turmglocke wurde zwischen 1438 und 1458 von Hans Mitter, Glockengie\u00dfer zu Judenburg, gegossen (150kg, 66cm Durchmesser).<\/p>\n<p>\u00a0<\/p>\n<p>Zur Pfarre erhoben wurde Hohentauern im Jahr 1892. Das Fest des Kirchen- und Pfarrpatrons \u2013 des hl. Bartholom\u00e4us \u2013 wird am Sonntag vor oder nach dem Fest des Heiligen, dem 24. August, gefeiert.\u00a0<\/p>\n<p>\u00a0<\/p>\n<\/div>\n                    \n                            <\/div>\n        \n                                                    <div class=\"content__box content__box--2\"\n                     >\n                                        \n                    \n                                                <div class=\"content__media stickyTo\" x-init=\"imageSticky($el)\">\n\n                                                                                    <picture\n                                    class=\"content__image sticky\">\n                                <source srcset=\"https:\/\/stiftadmont.at\/wp-content\/uploads\/Pfarre-Hohentauern_c-Thomas-Sattler_Stift-Admont_1.webp\" type=\"image\/webp\">\n                                <source srcset=\"https:\/\/stiftadmont.at\/wp-content\/uploads\/Pfarre-Hohentauern_c-Thomas-Sattler_Stift-Admont_1.jpg\" type=\"image\/jpeg\">\n                                <img decoding=\"async\" class=\"sticky\" loading=\"lazy\" src=\"https:\/\/stiftadmont.at\/wp-content\/uploads\/Pfarre-Hohentauern_c-Thomas-Sattler_Stift-Admont_1.jpg\" alt=\"Pfarre Hohentauern c Thomas Sattler Stift Admont\" \/>\n\n                                                                                                                            <\/picture>\n\n                        <\/div>\n\n                                    <\/div>\n            \n            <\/div>\n<\/div>\n\n    <div class=\"background__container background__container--beige\">\n    <\/div>\n\n<\/section>\n\n<section id='lightpress__section--block_fabe93484e6616fb1e4b8e0048eaaf7f' class='lightpress__section--default-section-space lightpress__section lightpress__section--image-slider'>\n<div class=\"image-slider\"\n     x-data=\"{ gallery: null, shown: false }\"\n     x-init=\"gallery = initSliderGallery([{&quot;href&quot;:&quot;https:\\\/\\\/stiftadmont.at\\\/wp-content\\\/uploads\\\/Pfarre-Hohentauern_c-Thomas-Sattler_Stift-Admont_2_1.jpg&quot;,&quot;type&quot;:&quot;image&quot;},{&quot;href&quot;:&quot;https:\\\/\\\/stiftadmont.at\\\/wp-content\\\/uploads\\\/Pfarre-Hohentauern_c-Thomas-Sattler_Stift-Admont_1.jpg&quot;,&quot;type&quot;:&quot;image&quot;},{&quot;href&quot;:&quot;https:\\\/\\\/stiftadmont.at\\\/wp-content\\\/uploads\\\/Pfarre-Hohentauern_c-Thomas-Sattler_Stift-Admont_1_1.jpg&quot;,&quot;type&quot;:&quot;image&quot;},{&quot;href&quot;:&quot;https:\\\/\\\/stiftadmont.at\\\/wp-content\\\/uploads\\\/Pfarre-Hohentauern_c-Thomas-Sattler_Stift-Admont-1920x1280.jpg&quot;,&quot;type&quot;:&quot;image&quot;},{&quot;href&quot;:&quot;https:\\\/\\\/stiftadmont.at\\\/wp-content\\\/uploads\\\/Pfarre-Hohentauern_c-Thomas-Sattler_Stift-Admont_1_2.jpg&quot;,&quot;type&quot;:&quot;image&quot;}]); initImageSliderBlockAnim($el);\">\n    <div class=\"image-slider__inner\">\n\n        <div class=\"swiper-container\" x-init=\"initImageSliderBlock($el, $refs.btnPrev, $refs.btnNext)\">\n            <div class=\"swiper-wrapper\">\n                                    <div class=\"swiper-slide\">\n                        <div class=\"image-slider__media\">\n                            <img decoding=\"async\" class=\"image-slider__image\"\n                                 src=\"https:\/\/stiftadmont.at\/wp-content\/uploads\/Pfarre-Hohentauern_c-Thomas-Sattler_Stift-Admont_2_1-768x512.jpg\"\n                                 alt=\"Pfarre Hohentauern c Thomas Sattler Stift Admont 2\">\n                        <\/div>\n                    <\/div>\n                                    <div class=\"swiper-slide\">\n                        <div class=\"image-slider__media\">\n                            <img decoding=\"async\" class=\"image-slider__image\"\n                                 src=\"https:\/\/stiftadmont.at\/wp-content\/uploads\/Pfarre-Hohentauern_c-Thomas-Sattler_Stift-Admont_1-768x512.jpg\"\n                                 alt=\"Pfarre Hohentauern c Thomas Sattler Stift Admont\">\n                        <\/div>\n                    <\/div>\n                                    <div class=\"swiper-slide\">\n                        <div class=\"image-slider__media\">\n                            <img decoding=\"async\" class=\"image-slider__image\"\n                                 src=\"https:\/\/stiftadmont.at\/wp-content\/uploads\/Pfarre-Hohentauern_c-Thomas-Sattler_Stift-Admont_1_1-768x512.jpg\"\n                                 alt=\"Pfarre Hohentauern c Thomas Sattler Stift Admont 1\">\n                        <\/div>\n                    <\/div>\n                                    <div class=\"swiper-slide\">\n                        <div class=\"image-slider__media\">\n                            <img decoding=\"async\" class=\"image-slider__image\"\n                                 src=\"https:\/\/stiftadmont.at\/wp-content\/uploads\/Pfarre-Hohentauern_c-Thomas-Sattler_Stift-Admont-768x512.jpg\"\n                                 alt=\"Pfarre Hohentauern c Thomas Sattler Stift Admont scaled\">\n                        <\/div>\n                    <\/div>\n                                    <div class=\"swiper-slide\">\n                        <div class=\"image-slider__media\">\n                            <img decoding=\"async\" class=\"image-slider__image\"\n                                 src=\"https:\/\/stiftadmont.at\/wp-content\/uploads\/Pfarre-Hohentauern_c-Thomas-Sattler_Stift-Admont_1_2-768x512.jpg\"\n                                 alt=\"Pfarre Hohentauern c Thomas Sattler Stift Admont\">\n                        <\/div>\n                    <\/div>\n                            <\/div>\n\n            <div class=\"swiper-nav-wrapper\">\n                <button class=\"swiper-button-prev slider-button--prev\" x-ref=\"btnPrev\"\n                        aria-label=\"Vorige Bilder anzeigen\">\n                    <img decoding=\"async\" src=\"\/wp-content\/themes\/stift-admont\/src\/assets\/img\/arrow-left-big-new.svg\" alt=\"Pfeil nach Links\">\n                <\/button>\n\n\n                <a class=\"image-slider__gallery\" @click=\"openGallery(gallery)\"><i class=\"fa-thin fa-plus\"><\/i><\/a>\n                <button class=\"swiper-button-next slider-button--next\"\n                        x-ref=\"btnNext\"\n                        aria-label=\"N\u00e4chste Bilder anzeigen\">\n                    <img decoding=\"async\" src=\"\/wp-content\/themes\/stift-admont\/src\/assets\/img\/arrow-right-big-new.svg\" alt=\"Pfeil nach Rechts\">\n                <\/button>\n            <\/div>\n        <\/div>\n    <\/div>\n\n\n<\/div><\/section>","protected":false},"excerpt":{"rendered":"","protected":false},"author":7,"featured_media":0,"parent":33715,"menu_order":0,"comment_status":"closed","ping_status":"closed","template":"","meta":{"_acf_changed":false,"footnotes":""},"categories":[],"class_list":["post-33817","page","type-page","status-publish","hentry"],"acf":[],"yoast_head":"<!-- This site is optimized with the Yoast SEO Premium plugin v26.0 (Yoast SEO v26.8) - https:\/\/yoast.com\/product\/yoast-seo-premium-wordpress\/ -->\n<title>Geschichte und Architektur - Stift Admont<\/title>\n<meta name=\"robots\" content=\"index, follow, max-snippet:-1, max-image-preview:large, max-video-preview:-1\" \/>\n<link rel=\"canonical\" href=\"https:\/\/stiftadmont.at\/es\/parroquias\/parroquia-de-hohentauern\/historia\/\" \/>\n<meta property=\"og:locale\" content=\"es_ES\" \/>\n<meta property=\"og:type\" content=\"article\" \/>\n<meta property=\"og:title\" content=\"Geschichte und Architektur\" \/>\n<meta property=\"og:url\" content=\"https:\/\/stiftadmont.at\/es\/parroquias\/parroquia-de-hohentauern\/historia\/\" \/>\n<meta property=\"og:site_name\" content=\"Stift Admont\" \/>\n<meta property=\"article:modified_time\" content=\"2025-03-25T07:50:17+00:00\" \/>\n<meta property=\"og:image\" content=\"https:\/\/stiftadmont.at\/wp-content\/uploads\/Klosteranlage-innen.jpg\" \/>\n\t<meta property=\"og:image:width\" content=\"1912\" \/>\n\t<meta property=\"og:image:height\" content=\"1188\" \/>\n\t<meta property=\"og:image:type\" content=\"image\/jpeg\" \/>\n<meta name=\"twitter:card\" content=\"summary_large_image\" \/>\n<script type=\"application\/ld+json\" class=\"yoast-schema-graph\">{\"@context\":\"https:\/\/schema.org\",\"@graph\":[{\"@type\":\"WebPage\",\"@id\":\"https:\/\/stiftadmont.at\/pfarren\/pfarre-hohentauern\/geschichte\/\",\"url\":\"https:\/\/stiftadmont.at\/pfarren\/pfarre-hohentauern\/geschichte\/\",\"name\":\"Geschichte und Architektur - Stift Admont\",\"isPartOf\":{\"@id\":\"https:\/\/stiftadmont.at\/#website\"},\"datePublished\":\"2025-03-25T07:08:46+00:00\",\"dateModified\":\"2025-03-25T07:50:17+00:00\",\"breadcrumb\":{\"@id\":\"https:\/\/stiftadmont.at\/pfarren\/pfarre-hohentauern\/geschichte\/#breadcrumb\"},\"inLanguage\":\"es\",\"potentialAction\":[{\"@type\":\"ReadAction\",\"target\":[\"https:\/\/stiftadmont.at\/pfarren\/pfarre-hohentauern\/geschichte\/\"]}]},{\"@type\":\"BreadcrumbList\",\"@id\":\"https:\/\/stiftadmont.at\/pfarren\/pfarre-hohentauern\/geschichte\/#breadcrumb\",\"itemListElement\":[{\"@type\":\"ListItem\",\"position\":1,\"name\":\"Start\",\"item\":\"https:\/\/stiftadmont.at\/\"},{\"@type\":\"ListItem\",\"position\":2,\"name\":\"Pfarren\",\"item\":\"https:\/\/stiftadmont.at\/pfarren\/\"},{\"@type\":\"ListItem\",\"position\":3,\"name\":\"Pfarre Hohentauern\",\"item\":\"https:\/\/stiftadmont.at\/pfarren\/pfarre-hohentauern\/\"},{\"@type\":\"ListItem\",\"position\":4,\"name\":\"Geschichte und Architektur\"}]},{\"@type\":\"WebSite\",\"@id\":\"https:\/\/stiftadmont.at\/#website\",\"url\":\"https:\/\/stiftadmont.at\/\",\"name\":\"Stift Admont\",\"description\":\"Benediktinerkloster und Sehensw\u00fcrdigkeit im Ges\u00e4use\",\"potentialAction\":[{\"@type\":\"SearchAction\",\"target\":{\"@type\":\"EntryPoint\",\"urlTemplate\":\"https:\/\/stiftadmont.at\/?s={search_term_string}\"},\"query-input\":{\"@type\":\"PropertyValueSpecification\",\"valueRequired\":true,\"valueName\":\"search_term_string\"}}],\"inLanguage\":\"es\"}]}<\/script>\n<!-- \/ Yoast SEO Premium plugin. -->","yoast_head_json":{"title":"Historia y arquitectura - Abad\u00eda de Admont","robots":{"index":"index","follow":"follow","max-snippet":"max-snippet:-1","max-image-preview":"max-image-preview:large","max-video-preview":"max-video-preview:-1"},"canonical":"https:\/\/stiftadmont.at\/es\/parroquias\/parroquia-de-hohentauern\/historia\/","og_locale":"es_ES","og_type":"article","og_title":"Geschichte und Architektur","og_url":"https:\/\/stiftadmont.at\/es\/parroquias\/parroquia-de-hohentauern\/historia\/","og_site_name":"Stift Admont","article_modified_time":"2025-03-25T07:50:17+00:00","og_image":[{"width":1912,"height":1188,"url":"https:\/\/stiftadmont.at\/wp-content\/uploads\/Klosteranlage-innen.jpg","type":"image\/jpeg"}],"twitter_card":"summary_large_image","schema":{"@context":"https:\/\/schema.org","@graph":[{"@type":"WebPage","@id":"https:\/\/stiftadmont.at\/pfarren\/pfarre-hohentauern\/geschichte\/","url":"https:\/\/stiftadmont.at\/pfarren\/pfarre-hohentauern\/geschichte\/","name":"Historia y arquitectura - Abad\u00eda de Admont","isPartOf":{"@id":"https:\/\/stiftadmont.at\/#website"},"datePublished":"2025-03-25T07:08:46+00:00","dateModified":"2025-03-25T07:50:17+00:00","breadcrumb":{"@id":"https:\/\/stiftadmont.at\/pfarren\/pfarre-hohentauern\/geschichte\/#breadcrumb"},"inLanguage":"es","potentialAction":[{"@type":"ReadAction","target":["https:\/\/stiftadmont.at\/pfarren\/pfarre-hohentauern\/geschichte\/"]}]},{"@type":"BreadcrumbList","@id":"https:\/\/stiftadmont.at\/pfarren\/pfarre-hohentauern\/geschichte\/#breadcrumb","itemListElement":[{"@type":"ListItem","position":1,"name":"Start","item":"https:\/\/stiftadmont.at\/"},{"@type":"ListItem","position":2,"name":"Pfarren","item":"https:\/\/stiftadmont.at\/pfarren\/"},{"@type":"ListItem","position":3,"name":"Pfarre Hohentauern","item":"https:\/\/stiftadmont.at\/pfarren\/pfarre-hohentauern\/"},{"@type":"ListItem","position":4,"name":"Geschichte und Architektur"}]},{"@type":"WebSite","@id":"https:\/\/stiftadmont.at\/#website","url":"https:\/\/stiftadmont.at\/","name":"Abad\u00eda de Admont","description":"Monasterio benedictino y atracci\u00f3n tur\u00edstica en el Ges\u00e4use","potentialAction":[{"@type":"SearchAction","target":{"@type":"EntryPoint","urlTemplate":"https:\/\/stiftadmont.at\/?s={search_term_string}"},"query-input":{"@type":"PropertyValueSpecification","valueRequired":true,"valueName":"search_term_string"}}],"inLanguage":"es"}]}},"_links":{"self":[{"href":"https:\/\/stiftadmont.at\/es\/wp-json\/wp\/v2\/pages\/33817","targetHints":{"allow":["GET"]}}],"collection":[{"href":"https:\/\/stiftadmont.at\/es\/wp-json\/wp\/v2\/pages"}],"about":[{"href":"https:\/\/stiftadmont.at\/es\/wp-json\/wp\/v2\/types\/page"}],"author":[{"embeddable":true,"href":"https:\/\/stiftadmont.at\/es\/wp-json\/wp\/v2\/users\/7"}],"replies":[{"embeddable":true,"href":"https:\/\/stiftadmont.at\/es\/wp-json\/wp\/v2\/comments?post=33817"}],"version-history":[{"count":3,"href":"https:\/\/stiftadmont.at\/es\/wp-json\/wp\/v2\/pages\/33817\/revisions"}],"predecessor-version":[{"id":33843,"href":"https:\/\/stiftadmont.at\/es\/wp-json\/wp\/v2\/pages\/33817\/revisions\/33843"}],"up":[{"embeddable":true,"href":"https:\/\/stiftadmont.at\/es\/wp-json\/wp\/v2\/pages\/33715"}],"wp:attachment":[{"href":"https:\/\/stiftadmont.at\/es\/wp-json\/wp\/v2\/media?parent=33817"}],"wp:term":[{"taxonomy":"category","embeddable":true,"href":"https:\/\/stiftadmont.at\/es\/wp-json\/wp\/v2\/categories?post=33817"}],"curies":[{"name":"wp","href":"https:\/\/api.w.org\/{rel}","templated":true}]}}