{"id":33919,"date":"2025-03-25T12:57:15","date_gmt":"2025-03-25T10:57:15","guid":{"rendered":"https:\/\/stiftadmont.at\/?page_id=33919"},"modified":"2025-03-25T12:57:19","modified_gmt":"2025-03-25T10:57:19","slug":"san-gall","status":"publish","type":"page","link":"https:\/\/stiftadmont.at\/es\/pfarren\/st-gallen\/","title":{"rendered":"La parroquia de San Gall"},"content":{"rendered":"<section id='lightpress__section--block_6ae14c7d155ba5915ace12bb6d9fe517' class='align-center lightpress__section--default-section-space lightpress__section lightpress__section--headline'><div class=\"headline__container\">\n            <h2 class=\"headline text--40 text-medium line line--gold line-above line-middle\">Die Pfarre St. Gallen<\/h2>\n        <p class=\"text-center text-gold text--20 text-medium text--uppercase\">Hier finden Sie alle Informationen zu unserer Pfarre <\/p>\n        <div class=\"spacer--40\"><\/div>\n<\/div>\n\n<\/section>\n\n<section id='lightpress__section--block_d0bdf8e4908e715eedeec804ccb90911' class='lightpress__section--default-section-space lightpress__section lightpress__section--content'><div class=\"content__inner\"\n         x-init=\"initContentBlockAnim($el)\">\n        \n    <div class=\"content__grid content__grid--fifty-fifty\">\n                                            <div class=\"content__box content__box\"\n                 style=\"\">\n                                \n                \n                                        <div class=\"content__media stickyTo\" x-init=\"imageSticky($el)\">\n\n                                                                                                <picture\n                                class=\"content__image sticky\">\n                            <source srcset=\"https:\/\/stiftadmont.at\/wp-content\/uploads\/Pfarre-St.-Gallen_c-Thomas-Sattler_Stift-Admont_4.jpg\"\n                                    type=\"image\/webp\">\n                            <source srcset=\"https:\/\/stiftadmont.at\/wp-content\/uploads\/Pfarre-St.-Gallen_c-Thomas-Sattler_Stift-Admont_4.jpg\"\n                                    type=\"image\/jpeg\">\n                            <img decoding=\"async\" loading=\"lazy\" src=\"https:\/\/stiftadmont.at\/wp-content\/uploads\/Pfarre-St.-Gallen_c-Thomas-Sattler_Stift-Admont_4.jpg\" alt=\"Pfarre St. Gallen c Thomas Sattler Stift Admont 4\" width=\"600\" height=\"450\" \/>\n                                                                                                            <\/picture>\n\n                    <\/div>\n\n                            <\/div>\n        \n                                                    <div class=\"content__box content__box--2\"\n                     >\n                                        \n                    \n                                                    <div class=\"prose\"><h5 class=\"heading-m line line-above line--gold\"><strong>\u00dcber die Pfarre St. Gallen<\/strong><\/h5>\n<p>\u00a0<\/p>\n<p>Zur Pfarre St. Gallen geh\u00f6ren auch die Messkapelle zur Hl. Jungfrau in Wolfsbachau, die Hadlerkapelle in Wolfsbachau (erbaut 2011), die Messkapelle zur Schmerzhaften Mutter auf dem Friedhof sowie die Messkapelle zur Hlgst. Dreifaltigkeit in Wei\u00dfenbach. Kirchweihtag in der Pfarre St. Gallen ist der 19. Oktober. Der Pfarrverband umfasst die Pfarren Altenmarkt an der Enns, St.Gallen und Unterlaussa.<\/p>\n<p>\u00a0<\/p>\n<p><strong>Patrozinium:<\/strong> Hl. Gallus, 16. Oktober<\/p>\n<p><strong>Anbetungstag:<\/strong> 8. Dezember<\/p>\n<p><strong>Kirchweihtag:<\/strong> 19. Oktober<\/p>\n<p><strong>Pfarre err.: <\/strong>1152<\/p>\n<p><strong>Pfarrkirche erb.<\/strong>: 1138\u20131152 (1515\u20131523, 1736\u20131740)<\/p>\n<p><strong>Matriken: <\/strong>T 1648, Tr 1712, St 1718<\/p>\n<p>\u00a0<\/p>\n<p><strong>Messkapelle: <\/strong>Schmerzhafte Mutter auf dem Friedhof, gen. 1702<\/p>\n<p><strong>Messkapelle<\/strong>: Hl. Jungfrau in Wolfsbachau<\/p>\n<p><strong>Messkapelle<\/strong>: Hadlerkapelle in Wolfsbachau, erb. 2011<\/p>\n<p><strong>Messkapelle:<\/strong> Laussabauerkapelle in Bichl, seit 2018<\/p>\n<\/div>\n                        \n                                    <\/div>\n            \n            <\/div>\n<\/div>\n\n<\/section>\n\n<section id='lightpress__section--block_2c0d0efd73db816a65b58a92986641c9' class='bg--beige lightpress__section--colored-bg lightpress__section--default-section-space lightpress__section lightpress__section--content'><div class=\"content__inner\"\n         x-init=\"initContentBlockAnim($el)\">\n        \n    <div class=\"content__grid content__grid--fifty-fifty\">\n                                            <div class=\"content__box content__box\"\n                 style=\"\">\n                                \n                \n                                            <div class=\"prose\"><h5 class=\"heading-m line line-above line--gold\">Geschichte und Kunst<\/h5>\n<p>\u00a0<\/p>\n<p>Um 1150 wurde eine Kirche zu Ehren des hl. Gallus errichtet. In den Jahren von 1515 bis 1523 erfolgte der sp\u00e4tgotische Neubau der Kirche durch den Baumeister Bernhard Polhaymer.<\/p>\n<p>\u00a0<\/p>\n<p>Zwischen 1736 und 1740 wurde die Kirche nach Pl\u00e4nen des Baumeisters Jakob Prandtauer barock erweitert. Im Zentrum des sp\u00e4tbarocken Hochaltars befindet sich das Bild der Himmelfahrt Mari\u00e4 von Martin Johann Schmidt (1782), genannt Kremser-Schmidt.<\/p>\n<p>\u00a0<\/p>\n<p><strong>Pfarrkirche:<\/strong>\u00a0Pfarrkirche Hl. Gallus<\/p>\n<p><strong>Friedhofskapelle:<\/strong>\u00a0Friedhofskapelle Schmerzhafte Mutter Gottes<\/p>\n<p>\u00a0<\/p>\n<p><a class=\"admont-button admont-button--secondary\" href=\"https:\/\/discover.matterport.com\/space\/vtRBF1CwZGE\" target=\"_blank\" rel=\"noopener\">VIRTUELLE TOUR DURCH DIE PFARRKIRCHE<\/a><\/p>\n<\/div>\n                    \n                            <\/div>\n        \n                                                    <div class=\"content__box content__box--2\"\n                     >\n                                        \n                    \n                                                <div class=\"content__media stickyTo\" x-init=\"imageSticky($el)\">\n\n                                                                                    <picture\n                                    class=\"content__image sticky\">\n                                <source srcset=\"https:\/\/stiftadmont.at\/wp-content\/uploads\/Pfarre-St.-Gallen_c-Thomas-Sattler_Stift-Admont_2.webp\" type=\"image\/webp\">\n                                <source srcset=\"https:\/\/stiftadmont.at\/wp-content\/uploads\/Pfarre-St.-Gallen_c-Thomas-Sattler_Stift-Admont_2.jpg\" type=\"image\/jpeg\">\n                                <img decoding=\"async\" class=\"sticky\" loading=\"lazy\" src=\"https:\/\/stiftadmont.at\/wp-content\/uploads\/Pfarre-St.-Gallen_c-Thomas-Sattler_Stift-Admont_2.jpg\" alt=\"Pfarre St. Gallen c Thomas Sattler Stift Admont 2\" \/>\n\n                                                                                                                            <\/picture>\n\n                        <\/div>\n\n                                    <\/div>\n            \n            <\/div>\n<\/div>\n\n    <div class=\"background__container background__container--beige\">\n    <\/div>\n\n<\/section>\n\n<section id='lightpress__section--block_c1100e0fbb12b7727a53532bde8c134f' class='align-center lightpress__section--default-section-space lightpress__section lightpress__section--headline'><div class=\"headline__container\">\n            <h2 class=\"headline text--40 text-medium line line--gold line-above line-middle\">Gottesdienste in unserer Pfarre<\/h2>\n        <p class=\"text-center text-gold text--20 text-medium text--uppercase\">Feiern Sie mit uns die Gottesdienste&#8230;<\/p>\n        <div class=\"spacer--40\"><\/div>\n<\/div>\n\n<\/section>\n\n<section id='lightpress__section--block_12435c91da8f0c06b5c2299edaa319cf' class='bg--black lightpress__section--colored-bg lightpress__section--default-section-space lightpress__section lightpress__section--additional-content'><div class=\"additional-content__container additional-content__container--horizontal\">\n\n    \n    <div class=\"additional-content__entries\">\n                    <div class=\"additional-content__item text-gold\">\n\n                                    <p class=\"additional-content__title text--26 auto-hyphen\">SONNTAG<\/p>\n                \n                                                            <div class=\"spacer--30\"><\/div>\n                                    \n                                    <p class=\"additional-content__subtitle text--uppercase text--26\">09:00 Uhr<\/p>\n\n                                \n                    <p class=\"additional-content__text text--20\">Gottesdienst <\/p>\n\n                            <\/div>\n                    <div class=\"additional-content__item text-gold\">\n\n                                    <p class=\"additional-content__title text--26 auto-hyphen\">FREITAG<\/p>\n                \n                                                            <div class=\"spacer--30\"><\/div>\n                                    \n                                    <p class=\"additional-content__subtitle text--uppercase text--26\">08:30 Uhr<\/p>\n\n                                \n                    <p class=\"additional-content__text text--20\">Gottesdienst<\/p>\n\n                            <\/div>\n            <\/div>\n<\/div>\n\n    <div class=\"background__container background__container--black\">\n    <\/div>\n\n<\/section>\n\n<section id='lightpress__section--block_3bfe6e8ae6f4531e1845ce7ffd2c3a9c' class='align-center lightpress__section--default-section-space lightpress__section lightpress__section--headline'><div class=\"headline__container\">\n            <h2 class=\"headline text--40 text-medium line line--gold line-above line-middle\">Kontakt und Kanzleizeiten<\/h2>\n        <p class=\"text-center text-gold text--20 text-medium text--uppercase\">Hier finden Sie alle Informationen wann und wie Sie uns erreichen k\u00f6nnen<\/p>\n        <div class=\"spacer--40\"><\/div>\n<\/div>\n\n<\/section>\n\n<section id='lightpress__section--block_0716f783e52a9383350d5acf24f8cf74' class='lightpress__section--default-section-space lightpress__section lightpress__section--content'><div class=\"content__inner\"\n         x-init=\"initContentBlockAnim($el)\">\n        \n    <div class=\"content__grid content__grid--fifty-fifty\">\n                                            <div class=\"content__box content__box\"\n                 style=\"\">\n                                \n                \n                                        <div class=\"content__media stickyTo\" x-init=\"imageSticky($el)\">\n\n                                                                                                <picture\n                                class=\"content__image sticky\">\n                            <source srcset=\"https:\/\/stiftadmont.at\/wp-content\/uploads\/Pater-Ulrich-806x1024.png\"\n                                    type=\"image\/webp\">\n                            <source srcset=\"https:\/\/stiftadmont.at\/wp-content\/uploads\/Pater-Ulrich-806x1024.png\"\n                                    type=\"image\/jpeg\">\n                            <img decoding=\"async\" loading=\"lazy\" src=\"https:\/\/stiftadmont.at\/wp-content\/uploads\/Pater-Ulrich-806x1024.png\" alt=\"Pater Ulrich\" width=\"600\" height=\"450\" \/>\n                                                                                                            <\/picture>\n\n                    <\/div>\n\n                            <\/div>\n        \n                                                    <div class=\"content__box content__box--2\"\n                     >\n                                        \n                    \n                                                    <div class=\"prose\"><h5 class=\"heading-m line line-above line--gold\"><strong>R\u00f6m.-kath. Pfarramt St. Gallen<\/strong><\/h5>\n<p>Kirchenviertel 25<\/p>\n<p>8933 St. Gallen<\/p>\n<p>\u00a0<\/p>\n<p><strong>Kanzleizeit: <\/strong>Freitag von 08:30 &#8211; 11:30 Uhr<\/p>\n<p>\u00a0<\/p>\n<p><a class=\"phone\" href=\"tel:+43 (0) 676 \/ 8742 7827\"><span class=\"icon-outer\"><i class=\"fa-light fa-phone\"><\/i><\/span>+43 (0) 676 \/ 8742 7827<\/a><\/p>\n<p><a class=\"email\" href=\"mailto:altenmarkt-enns@graz-seckau.at\"><span class=\"icon-outer\"><i class=\"fa-light fa-envelope\"><\/i><\/span>st.-gallen@graz-seckau.at<\/a><\/p>\n<p>\u00a0<\/p>\n<p>\u00a0<\/p>\n<p><strong>Pfarrer: <\/strong>Mag.<strong> <\/strong>Pater Ulrich Diel OSB<\/p>\n<p>Pfarrer von St. Gallen, Altenmarkt und Unterlaussa<\/p>\n<\/div>\n                        \n                                    <\/div>\n            \n            <\/div>\n<\/div>\n\n<\/section>\n\n<section id='lightpress__section--block_0949fa258d606868999350b9b798f1d3' class='lightpress__section--default-section-space lightpress__section lightpress__section--image-slider'>\n<div class=\"image-slider\"\n     x-data=\"{ gallery: null, shown: false }\"\n     x-init=\"gallery = initSliderGallery([{&quot;href&quot;:&quot;https:\\\/\\\/stiftadmont.at\\\/wp-content\\\/uploads\\\/Pfarre-St.-Gallen_c-Thomas-Sattler_Stift-Admont_5.jpg&quot;,&quot;type&quot;:&quot;image&quot;},{&quot;href&quot;:&quot;https:\\\/\\\/stiftadmont.at\\\/wp-content\\\/uploads\\\/Pfarre-St.-Gallen_c-Thomas-Sattler_Stift-Admont_6.jpg&quot;,&quot;type&quot;:&quot;image&quot;},{&quot;href&quot;:&quot;https:\\\/\\\/stiftadmont.at\\\/wp-content\\\/uploads\\\/Pfarre-St.-Gallen_c-Thomas-Sattler_Stift-Admont_7.jpg&quot;,&quot;type&quot;:&quot;image&quot;},{&quot;href&quot;:&quot;https:\\\/\\\/stiftadmont.at\\\/wp-content\\\/uploads\\\/Pfarre-St.-Gallen_c-Thomas-Sattler_Stift-Admont_8-1.jpg&quot;,&quot;type&quot;:&quot;image&quot;},{&quot;href&quot;:&quot;https:\\\/\\\/stiftadmont.at\\\/wp-content\\\/uploads\\\/Pfarre-St.-Gallen_c-Thomas-Sattler_Stift-Admont_1.jpg&quot;,&quot;type&quot;:&quot;image&quot;},{&quot;href&quot;:&quot;https:\\\/\\\/stiftadmont.at\\\/wp-content\\\/uploads\\\/Pfarre-St.-Gallen_c-Thomas-Sattler_Stift-Admont_2.jpg&quot;,&quot;type&quot;:&quot;image&quot;},{&quot;href&quot;:&quot;https:\\\/\\\/stiftadmont.at\\\/wp-content\\\/uploads\\\/Pfarre-St.-Gallen_c-Thomas-Sattler_Stift-Admont_3.jpg&quot;,&quot;type&quot;:&quot;image&quot;},{&quot;href&quot;:&quot;https:\\\/\\\/stiftadmont.at\\\/wp-content\\\/uploads\\\/Pfarre-St.-Gallen_c-Thomas-Sattler_Stift-Admont_4.jpg&quot;,&quot;type&quot;:&quot;image&quot;}]); initImageSliderBlockAnim($el);\">\n    <div class=\"image-slider__inner\">\n\n        <div class=\"swiper-container\" x-init=\"initImageSliderBlock($el, $refs.btnPrev, $refs.btnNext)\">\n            <div class=\"swiper-wrapper\">\n                                    <div class=\"swiper-slide\">\n                        <div class=\"image-slider__media\">\n                            <img decoding=\"async\" class=\"image-slider__image\"\n                                 src=\"https:\/\/stiftadmont.at\/wp-content\/uploads\/Pfarre-St.-Gallen_c-Thomas-Sattler_Stift-Admont_5-768x512.jpg\"\n                                 alt=\"Pfarre St. Gallen c Thomas Sattler Stift Admont 5\">\n                        <\/div>\n                    <\/div>\n                                    <div class=\"swiper-slide\">\n                        <div class=\"image-slider__media\">\n                            <img decoding=\"async\" class=\"image-slider__image\"\n                                 src=\"https:\/\/stiftadmont.at\/wp-content\/uploads\/Pfarre-St.-Gallen_c-Thomas-Sattler_Stift-Admont_6-768x512.jpg\"\n                                 alt=\"Pfarre St. Gallen c Thomas Sattler Stift Admont 6\">\n                        <\/div>\n                    <\/div>\n                                    <div class=\"swiper-slide\">\n                        <div class=\"image-slider__media\">\n                            <img decoding=\"async\" class=\"image-slider__image\" src=\"https:\/\/stiftadmont.at\/wp-content\/uploads\/Pfarre-St.-Gallen_c-Thomas-Sattler_Stift-Admont_7.jpg\" alt=\"Pfarre St. Gallen c Thomas Sattler Stift Admont 7\" \/>\n                        <\/div>\n                    <\/div>\n                                    <div class=\"swiper-slide\">\n                        <div class=\"image-slider__media\">\n                            <img decoding=\"async\" class=\"image-slider__image\"\n                                 src=\"https:\/\/stiftadmont.at\/wp-content\/uploads\/Pfarre-St.-Gallen_c-Thomas-Sattler_Stift-Admont_8-1-768x512.jpg\"\n                                 alt=\"Pfarre St. Gallen c Thomas Sattler Stift Admont 8\">\n                        <\/div>\n                    <\/div>\n                                    <div class=\"swiper-slide\">\n                        <div class=\"image-slider__media\">\n                            <img decoding=\"async\" class=\"image-slider__image\"\n                                 src=\"https:\/\/stiftadmont.at\/wp-content\/uploads\/Pfarre-St.-Gallen_c-Thomas-Sattler_Stift-Admont_1-768x512.jpg\"\n                                 alt=\"Pfarre St. Gallen c Thomas Sattler Stift Admont 1\">\n                        <\/div>\n                    <\/div>\n                                    <div class=\"swiper-slide\">\n                        <div class=\"image-slider__media\">\n                            <img decoding=\"async\" class=\"image-slider__image\"\n                                 src=\"https:\/\/stiftadmont.at\/wp-content\/uploads\/Pfarre-St.-Gallen_c-Thomas-Sattler_Stift-Admont_2-768x512.jpg\"\n                                 alt=\"Pfarre St. Gallen c Thomas Sattler Stift Admont 2\">\n                        <\/div>\n                    <\/div>\n                                    <div class=\"swiper-slide\">\n                        <div class=\"image-slider__media\">\n                            <img decoding=\"async\" class=\"image-slider__image\"\n                                 src=\"https:\/\/stiftadmont.at\/wp-content\/uploads\/Pfarre-St.-Gallen_c-Thomas-Sattler_Stift-Admont_3-768x512.jpg\"\n                                 alt=\"Pfarre St. Gallen c Thomas Sattler Stift Admont 3\">\n                        <\/div>\n                    <\/div>\n                                    <div class=\"swiper-slide\">\n                        <div class=\"image-slider__media\">\n                            <img decoding=\"async\" class=\"image-slider__image\"\n                                 src=\"https:\/\/stiftadmont.at\/wp-content\/uploads\/Pfarre-St.-Gallen_c-Thomas-Sattler_Stift-Admont_4-768x512.jpg\"\n                                 alt=\"Pfarre St. Gallen c Thomas Sattler Stift Admont 4\">\n                        <\/div>\n                    <\/div>\n                            <\/div>\n\n            <div class=\"swiper-nav-wrapper\">\n                <button class=\"swiper-button-prev slider-button--prev\" x-ref=\"btnPrev\"\n                        aria-label=\"Vorige Bilder anzeigen\">\n                    <img decoding=\"async\" src=\"\/wp-content\/themes\/stift-admont\/src\/assets\/img\/arrow-left-big-new.svg\" alt=\"Pfeil nach Links\">\n                <\/button>\n\n\n                <a class=\"image-slider__gallery\" @click=\"openGallery(gallery)\"><i class=\"fa-thin fa-plus\"><\/i><\/a>\n                <button class=\"swiper-button-next slider-button--next\"\n                        x-ref=\"btnNext\"\n                        aria-label=\"N\u00e4chste Bilder anzeigen\">\n                    <img decoding=\"async\" src=\"\/wp-content\/themes\/stift-admont\/src\/assets\/img\/arrow-right-big-new.svg\" alt=\"Pfeil nach Rechts\">\n                <\/button>\n            <\/div>\n        <\/div>\n    <\/div>\n\n\n<\/div><\/section>","protected":false},"excerpt":{"rendered":"","protected":false},"author":7,"featured_media":0,"parent":13905,"menu_order":0,"comment_status":"closed","ping_status":"closed","template":"","meta":{"_acf_changed":false,"footnotes":""},"categories":[],"class_list":["post-33919","page","type-page","status-publish","hentry"],"acf":[],"yoast_head":"<!-- This site is optimized with the Yoast SEO Premium plugin v26.0 (Yoast SEO v26.8) - https:\/\/yoast.com\/product\/yoast-seo-premium-wordpress\/ -->\n<title>Die Pfarre St. Gallen - Stift Admont<\/title>\n<meta name=\"robots\" content=\"index, follow, max-snippet:-1, max-image-preview:large, max-video-preview:-1\" \/>\n<link rel=\"canonical\" href=\"https:\/\/stiftadmont.at\/es\/parroquias\/san-gall\/\" \/>\n<meta property=\"og:locale\" content=\"es_ES\" \/>\n<meta property=\"og:type\" content=\"article\" \/>\n<meta property=\"og:title\" content=\"Die Pfarre St. Gallen\" \/>\n<meta property=\"og:url\" content=\"https:\/\/stiftadmont.at\/es\/parroquias\/san-gall\/\" \/>\n<meta property=\"og:site_name\" content=\"Stift Admont\" \/>\n<meta property=\"article:modified_time\" content=\"2025-03-25T10:57:19+00:00\" \/>\n<meta property=\"og:image\" content=\"https:\/\/stiftadmont.at\/wp-content\/uploads\/Klosteranlage-innen.jpg\" \/>\n\t<meta property=\"og:image:width\" content=\"1912\" \/>\n\t<meta property=\"og:image:height\" content=\"1188\" \/>\n\t<meta property=\"og:image:type\" content=\"image\/jpeg\" \/>\n<meta name=\"twitter:card\" content=\"summary_large_image\" \/>\n<script type=\"application\/ld+json\" class=\"yoast-schema-graph\">{\"@context\":\"https:\/\/schema.org\",\"@graph\":[{\"@type\":\"WebPage\",\"@id\":\"https:\/\/stiftadmont.at\/pfarren\/st-gallen\/\",\"url\":\"https:\/\/stiftadmont.at\/pfarren\/st-gallen\/\",\"name\":\"Die Pfarre St. Gallen - Stift Admont\",\"isPartOf\":{\"@id\":\"https:\/\/stiftadmont.at\/#website\"},\"datePublished\":\"2025-03-25T10:57:15+00:00\",\"dateModified\":\"2025-03-25T10:57:19+00:00\",\"breadcrumb\":{\"@id\":\"https:\/\/stiftadmont.at\/pfarren\/st-gallen\/#breadcrumb\"},\"inLanguage\":\"es\",\"potentialAction\":[{\"@type\":\"ReadAction\",\"target\":[\"https:\/\/stiftadmont.at\/pfarren\/st-gallen\/\"]}]},{\"@type\":\"BreadcrumbList\",\"@id\":\"https:\/\/stiftadmont.at\/pfarren\/st-gallen\/#breadcrumb\",\"itemListElement\":[{\"@type\":\"ListItem\",\"position\":1,\"name\":\"Start\",\"item\":\"https:\/\/stiftadmont.at\/\"},{\"@type\":\"ListItem\",\"position\":2,\"name\":\"Pfarren\",\"item\":\"https:\/\/stiftadmont.at\/pfarren\/\"},{\"@type\":\"ListItem\",\"position\":3,\"name\":\"Die Pfarre St. Gallen\"}]},{\"@type\":\"WebSite\",\"@id\":\"https:\/\/stiftadmont.at\/#website\",\"url\":\"https:\/\/stiftadmont.at\/\",\"name\":\"Stift Admont\",\"description\":\"Benediktinerkloster und Sehensw\u00fcrdigkeit im Ges\u00e4use\",\"potentialAction\":[{\"@type\":\"SearchAction\",\"target\":{\"@type\":\"EntryPoint\",\"urlTemplate\":\"https:\/\/stiftadmont.at\/?s={search_term_string}\"},\"query-input\":{\"@type\":\"PropertyValueSpecification\",\"valueRequired\":true,\"valueName\":\"search_term_string\"}}],\"inLanguage\":\"es\"}]}<\/script>\n<!-- \/ Yoast SEO Premium plugin. -->","yoast_head_json":{"title":"Parroquia de San Gall - Abad\u00eda de Admont","robots":{"index":"index","follow":"follow","max-snippet":"max-snippet:-1","max-image-preview":"max-image-preview:large","max-video-preview":"max-video-preview:-1"},"canonical":"https:\/\/stiftadmont.at\/es\/parroquias\/san-gall\/","og_locale":"es_ES","og_type":"article","og_title":"Die Pfarre St. Gallen","og_url":"https:\/\/stiftadmont.at\/es\/parroquias\/san-gall\/","og_site_name":"Stift Admont","article_modified_time":"2025-03-25T10:57:19+00:00","og_image":[{"width":1912,"height":1188,"url":"https:\/\/stiftadmont.at\/wp-content\/uploads\/Klosteranlage-innen.jpg","type":"image\/jpeg"}],"twitter_card":"summary_large_image","schema":{"@context":"https:\/\/schema.org","@graph":[{"@type":"WebPage","@id":"https:\/\/stiftadmont.at\/pfarren\/st-gallen\/","url":"https:\/\/stiftadmont.at\/pfarren\/st-gallen\/","name":"Parroquia de San Gall - Abad\u00eda de Admont","isPartOf":{"@id":"https:\/\/stiftadmont.at\/#website"},"datePublished":"2025-03-25T10:57:15+00:00","dateModified":"2025-03-25T10:57:19+00:00","breadcrumb":{"@id":"https:\/\/stiftadmont.at\/pfarren\/st-gallen\/#breadcrumb"},"inLanguage":"es","potentialAction":[{"@type":"ReadAction","target":["https:\/\/stiftadmont.at\/pfarren\/st-gallen\/"]}]},{"@type":"BreadcrumbList","@id":"https:\/\/stiftadmont.at\/pfarren\/st-gallen\/#breadcrumb","itemListElement":[{"@type":"ListItem","position":1,"name":"Start","item":"https:\/\/stiftadmont.at\/"},{"@type":"ListItem","position":2,"name":"Pfarren","item":"https:\/\/stiftadmont.at\/pfarren\/"},{"@type":"ListItem","position":3,"name":"Die Pfarre St. Gallen"}]},{"@type":"WebSite","@id":"https:\/\/stiftadmont.at\/#website","url":"https:\/\/stiftadmont.at\/","name":"Abad\u00eda de Admont","description":"Monasterio benedictino y atracci\u00f3n tur\u00edstica en el Ges\u00e4use","potentialAction":[{"@type":"SearchAction","target":{"@type":"EntryPoint","urlTemplate":"https:\/\/stiftadmont.at\/?s={search_term_string}"},"query-input":{"@type":"PropertyValueSpecification","valueRequired":true,"valueName":"search_term_string"}}],"inLanguage":"es"}]}},"_links":{"self":[{"href":"https:\/\/stiftadmont.at\/es\/wp-json\/wp\/v2\/pages\/33919","targetHints":{"allow":["GET"]}}],"collection":[{"href":"https:\/\/stiftadmont.at\/es\/wp-json\/wp\/v2\/pages"}],"about":[{"href":"https:\/\/stiftadmont.at\/es\/wp-json\/wp\/v2\/types\/page"}],"author":[{"embeddable":true,"href":"https:\/\/stiftadmont.at\/es\/wp-json\/wp\/v2\/users\/7"}],"replies":[{"embeddable":true,"href":"https:\/\/stiftadmont.at\/es\/wp-json\/wp\/v2\/comments?post=33919"}],"version-history":[{"count":2,"href":"https:\/\/stiftadmont.at\/es\/wp-json\/wp\/v2\/pages\/33919\/revisions"}],"predecessor-version":[{"id":33931,"href":"https:\/\/stiftadmont.at\/es\/wp-json\/wp\/v2\/pages\/33919\/revisions\/33931"}],"up":[{"embeddable":true,"href":"https:\/\/stiftadmont.at\/es\/wp-json\/wp\/v2\/pages\/13905"}],"wp:attachment":[{"href":"https:\/\/stiftadmont.at\/es\/wp-json\/wp\/v2\/media?parent=33919"}],"wp:term":[{"taxonomy":"category","embeddable":true,"href":"https:\/\/stiftadmont.at\/es\/wp-json\/wp\/v2\/categories?post=33919"}],"curies":[{"name":"wp","href":"https:\/\/api.w.org\/{rel}","templated":true}]}}