{"id":33932,"date":"2025-03-25T13:06:45","date_gmt":"2025-03-25T11:06:45","guid":{"rendered":"https:\/\/stiftadmont.at\/?page_id=33932"},"modified":"2025-03-25T13:08:07","modified_gmt":"2025-03-25T11:08:07","slug":"underlaussa","status":"publish","type":"page","link":"https:\/\/stiftadmont.at\/es\/pfarren\/unterlaussa\/","title":{"rendered":"La parroquia de Unterlaussa"},"content":{"rendered":"<section id='lightpress__section--block_a1f82853c8d408a9a56a61a4c40aea44' class='align-center lightpress__section--default-section-space lightpress__section lightpress__section--headline'><div class=\"headline__container\">\n            <h2 class=\"headline text--40 text-medium line line--gold line-above line-middle\">La parroquia de Unterlaussa<\/h2>\n        <p class=\"text-center text-gold text--20 text-medium text--uppercase\">Aqu\u00ed encontrar\u00e1 toda la informaci\u00f3n sobre nuestra parroquia <\/p>\n        <div class=\"spacer--40\"><\/div>\n<\/div>\n\n<\/section>\n\n<section id='lightpress__section--block_0368f13f48beb1bd820555471aca8b11' class='lightpress__section--default-section-space lightpress__section lightpress__section--content'><div class=\"content__inner\"\n         x-init=\"initContentBlockAnim($el)\">\n        \n    <div class=\"content__grid content__grid--fifty-fifty\">\n                                            <div class=\"content__box content__box\"\n                 style=\"\">\n                                \n                \n                                        <div class=\"content__media stickyTo\" x-init=\"imageSticky($el)\">\n\n                                                                                                <picture\n                                class=\"content__image sticky\">\n                            <source srcset=\"https:\/\/stiftadmont.at\/wp-content\/uploads\/f80f8005155292b603276b370d6e9d11_XL-1024x683.jpg\"\n                                    type=\"image\/webp\">\n                            <source srcset=\"https:\/\/stiftadmont.at\/wp-content\/uploads\/f80f8005155292b603276b370d6e9d11_XL-1024x683.jpg\"\n                                    type=\"image\/jpeg\">\n                            <img decoding=\"async\" loading=\"lazy\" src=\"https:\/\/stiftadmont.at\/wp-content\/uploads\/f80f8005155292b603276b370d6e9d11_XL-1024x683.jpg\" alt=\"Parroquia de Unterlaussa\" width=\"600\" height=\"450\" \/>\n                                                                                                            <\/picture>\n\n                    <\/div>\n\n                            <\/div>\n        \n                                                    <div class=\"content__box content__box--2\"\n                     >\n                                        \n                    \n                                                    <div class=\"prose\"><h5 class=\"heading-m line line-above line--gold\"><strong>Sobre la parroquia de Unterlaussa<\/strong><\/h5>\n<p>\u00a0<\/p>\n<p>La parroquia de Unterlaussa, situada en el hermoso valle de Laussatal, al pie del puerto de Hengst, es la \u00fanica parroquia de la abad\u00eda de Admont cuya iglesia se encuentra en la provincia de Alta Austria.<\/p>\n<p>\u00a0<\/p>\n<p>La zona parroquial se encuentra en parte en Alta Austria (parte del municipio de Weyer) y en parte en Estiria (municipio de St. Gallen). La peque\u00f1a iglesia parroquial neog\u00f3tica est\u00e1 dedicada a Nuestra Se\u00f1ora del Carmen.<\/p>\n<p>\u00a0<\/p>\n<p>La asociaci\u00f3n parroquial comprende las parroquias de Altenmarkt an der Enns, St.Gallen y Unterlaussa.<\/p>\n<p>\u00a0<\/p>\n<p><strong>Patrocinium: <\/strong>Santa Mar\u00eda del Carmen, 16 de julio<\/p>\n<p>\u00a0<\/p>\n<p><a class=\"admont-button admont-button--secondary\" href=\"https:\/\/discover.matterport.com\/space\/Mo5GDoF4ytB\" target=\"_blank\" rel=\"noopener\">VISITA VIRTUAL POR LA IGLESIA PARROQUIAL<\/a><\/p>\n<\/div>\n                        \n                                    <\/div>\n            \n            <\/div>\n<\/div>\n\n<\/section>\n\n<section id='lightpress__section--block_abb01d8f4a89ac39527b18a721aa59b3' class='align-center lightpress__section--default-section-space lightpress__section lightpress__section--headline'><div class=\"headline__container\">\n            <h2 class=\"headline text--40 text-medium line line--gold line-above line-middle\">Servicios religiosos en nuestra parroquia<\/h2>\n        <p class=\"text-center text-gold text--20 text-medium text--uppercase\">Celebre con nosotros los oficios religiosos...<\/p>\n        <div class=\"spacer--40\"><\/div>\n<\/div>\n\n<\/section>\n\n<section id='lightpress__section--block_0ca4611726853788250a1c6e9eeda8c7' class='bg--black lightpress__section--colored-bg lightpress__section--default-section-space lightpress__section lightpress__section--additional-content'><div class=\"additional-content__container additional-content__container--horizontal\">\n\n    \n    <div class=\"additional-content__entries\">\n                    <div class=\"additional-content__item text-gold\">\n\n                                    <p class=\"additional-content__title text--26 auto-hyphen\">DOMINGO<\/p>\n                \n                                                            <div class=\"spacer--30\"><\/div>\n                                    \n                                    <p class=\"additional-content__subtitle text--uppercase text--26\">10h30<\/p>\n\n                                \n                    <p class=\"additional-content__text text--20\">Servicio religioso (una vez al mes)<\/p>\n\n                            <\/div>\n            <\/div>\n<\/div>\n\n    <div class=\"background__container background__container--black\">\n    <\/div>\n\n<\/section>\n\n<section id='lightpress__section--block_2961fb5a292ef172f61051547e7b3ab3' class='align-center lightpress__section--default-section-space lightpress__section lightpress__section--headline'><div class=\"headline__container\">\n            <h2 class=\"headline text--40 text-medium line line--gold line-above line-middle\">Contacto y horario de oficina<\/h2>\n        <p class=\"text-center text-gold text--20 text-medium text--uppercase\">Aqu\u00ed encontrar\u00e1 toda la informaci\u00f3n sobre cu\u00e1ndo y c\u00f3mo puede ponerse en contacto con nosotros<\/p>\n        <div class=\"spacer--40\"><\/div>\n<\/div>\n\n<\/section>\n\n<section id='lightpress__section--block_6a2b6760d05cf0cd4c475940af035ff5' class='lightpress__section--default-section-space lightpress__section lightpress__section--content'><div class=\"content__inner\"\n         x-init=\"initContentBlockAnim($el)\">\n        \n    <div class=\"content__grid content__grid--fifty-fifty\">\n                                            <div class=\"content__box content__box\"\n                 style=\"\">\n                                \n                \n                                        <div class=\"content__media stickyTo\" x-init=\"imageSticky($el)\">\n\n                                                                                                <picture\n                                class=\"content__image sticky\">\n                            <source srcset=\"https:\/\/stiftadmont.at\/wp-content\/uploads\/Pater-Ulrich-806x1024.png\"\n                                    type=\"image\/webp\">\n                            <source srcset=\"https:\/\/stiftadmont.at\/wp-content\/uploads\/Pater-Ulrich-806x1024.png\"\n                                    type=\"image\/jpeg\">\n                            <img decoding=\"async\" loading=\"lazy\" src=\"https:\/\/stiftadmont.at\/wp-content\/uploads\/Pater-Ulrich-806x1024.png\" alt=\"Padre Ulrich\" width=\"600\" height=\"450\" \/>\n                                                                                                            <\/picture>\n\n                    <\/div>\n\n                            <\/div>\n        \n                                                    <div class=\"content__box content__box--2\"\n                     >\n                                        \n                    \n                                                    <div class=\"prose\"><p class=\"paragraph-m\">Unterlaussa 100<\/p>\n<p>8934 Weyer<\/p>\n<p>\u00a0<\/p>\n<p><strong>Direcci\u00f3n postal:<\/strong><\/p>\n<p>\u00a0<\/p>\n<p>Oficina parroquial cat\u00f3lica romana de Unterlaussa<\/p>\n<p>c\/o Oficina Parroquial Altenmarkt\/Enns<\/p>\n<p>Barrio de la iglesia 25<\/p>\n<p>8933 Sankt Gallen<\/p>\n<p>\u00a0<\/p>\n<p><strong>Horario de oficina en Altenmarkt: <\/strong>Martes de 08:30 - 11:30 horas<\/p>\n<p>\u00a0<\/p>\n<p><a class=\"phone\" href=\"tel:+43 (0) 676 \/ 8742 7827\"><span class=\"icon-outer\"><i class=\"fa-light fa-phone\"><\/i><\/span>+43 (0) 676 \/ 8742 7827<\/a><\/p>\n<p><a class=\"email\" href=\"mailto:altenmarkt-enns@graz-seckau.at\"><span class=\"icon-outer\"><i class=\"fa-light fa-envelope\"><\/i><\/span>unterlaussa@graz-seckau.at<\/a><\/p>\n<p>\u00a0<\/p>\n<p>\u00a0<\/p>\n<p><strong>Pastor: <\/strong>Mag.<strong> <\/strong>Padre Ulrich Diel OSB<\/p>\n<p>P\u00e1rroco de St. Gallen, Altenmarkt y Unterlaussa<\/p>\n<\/div>\n                        \n                                    <\/div>\n            \n            <\/div>\n<\/div>\n\n<\/section>","protected":false},"excerpt":{"rendered":"","protected":false},"author":7,"featured_media":0,"parent":13905,"menu_order":0,"comment_status":"closed","ping_status":"closed","template":"","meta":{"_acf_changed":false,"footnotes":""},"categories":[],"class_list":["post-33932","page","type-page","status-publish","hentry"],"acf":[],"yoast_head":"<!-- This site is optimized with the Yoast SEO Premium plugin v26.0 (Yoast SEO v26.8) - https:\/\/yoast.com\/product\/yoast-seo-premium-wordpress\/ -->\n<title>Die Pfarre Unterlaussa - Stift Admont<\/title>\n<meta name=\"robots\" content=\"index, follow, max-snippet:-1, max-image-preview:large, max-video-preview:-1\" \/>\n<link rel=\"canonical\" href=\"https:\/\/stiftadmont.at\/es\/parroquias\/underlaussa\/\" \/>\n<meta property=\"og:locale\" content=\"es_ES\" \/>\n<meta property=\"og:type\" content=\"article\" \/>\n<meta property=\"og:title\" content=\"Die Pfarre Unterlaussa\" \/>\n<meta property=\"og:url\" content=\"https:\/\/stiftadmont.at\/es\/parroquias\/underlaussa\/\" \/>\n<meta property=\"og:site_name\" content=\"Stift Admont\" \/>\n<meta property=\"article:modified_time\" content=\"2025-03-25T11:08:07+00:00\" \/>\n<meta property=\"og:image\" content=\"https:\/\/stiftadmont.at\/wp-content\/uploads\/Klosteranlage-innen.jpg\" \/>\n\t<meta property=\"og:image:width\" content=\"1912\" \/>\n\t<meta property=\"og:image:height\" content=\"1188\" \/>\n\t<meta property=\"og:image:type\" content=\"image\/jpeg\" \/>\n<meta name=\"twitter:card\" content=\"summary_large_image\" \/>\n<script type=\"application\/ld+json\" class=\"yoast-schema-graph\">{\"@context\":\"https:\/\/schema.org\",\"@graph\":[{\"@type\":\"WebPage\",\"@id\":\"https:\/\/stiftadmont.at\/pfarren\/unterlaussa\/\",\"url\":\"https:\/\/stiftadmont.at\/pfarren\/unterlaussa\/\",\"name\":\"Die Pfarre Unterlaussa - Stift Admont\",\"isPartOf\":{\"@id\":\"https:\/\/stiftadmont.at\/#website\"},\"datePublished\":\"2025-03-25T11:06:45+00:00\",\"dateModified\":\"2025-03-25T11:08:07+00:00\",\"breadcrumb\":{\"@id\":\"https:\/\/stiftadmont.at\/pfarren\/unterlaussa\/#breadcrumb\"},\"inLanguage\":\"es\",\"potentialAction\":[{\"@type\":\"ReadAction\",\"target\":[\"https:\/\/stiftadmont.at\/pfarren\/unterlaussa\/\"]}]},{\"@type\":\"BreadcrumbList\",\"@id\":\"https:\/\/stiftadmont.at\/pfarren\/unterlaussa\/#breadcrumb\",\"itemListElement\":[{\"@type\":\"ListItem\",\"position\":1,\"name\":\"Start\",\"item\":\"https:\/\/stiftadmont.at\/\"},{\"@type\":\"ListItem\",\"position\":2,\"name\":\"Pfarren\",\"item\":\"https:\/\/stiftadmont.at\/pfarren\/\"},{\"@type\":\"ListItem\",\"position\":3,\"name\":\"Die Pfarre Unterlaussa\"}]},{\"@type\":\"WebSite\",\"@id\":\"https:\/\/stiftadmont.at\/#website\",\"url\":\"https:\/\/stiftadmont.at\/\",\"name\":\"Stift Admont\",\"description\":\"Benediktinerkloster und Sehensw\u00fcrdigkeit im Ges\u00e4use\",\"potentialAction\":[{\"@type\":\"SearchAction\",\"target\":{\"@type\":\"EntryPoint\",\"urlTemplate\":\"https:\/\/stiftadmont.at\/?s={search_term_string}\"},\"query-input\":{\"@type\":\"PropertyValueSpecification\",\"valueRequired\":true,\"valueName\":\"search_term_string\"}}],\"inLanguage\":\"es\"}]}<\/script>\n<!-- \/ Yoast SEO Premium plugin. -->","yoast_head_json":{"title":"Parroquia de Unterlaussa - Abad\u00eda de Admont","robots":{"index":"index","follow":"follow","max-snippet":"max-snippet:-1","max-image-preview":"max-image-preview:large","max-video-preview":"max-video-preview:-1"},"canonical":"https:\/\/stiftadmont.at\/es\/parroquias\/underlaussa\/","og_locale":"es_ES","og_type":"article","og_title":"Die Pfarre Unterlaussa","og_url":"https:\/\/stiftadmont.at\/es\/parroquias\/underlaussa\/","og_site_name":"Stift Admont","article_modified_time":"2025-03-25T11:08:07+00:00","og_image":[{"width":1912,"height":1188,"url":"https:\/\/stiftadmont.at\/wp-content\/uploads\/Klosteranlage-innen.jpg","type":"image\/jpeg"}],"twitter_card":"summary_large_image","schema":{"@context":"https:\/\/schema.org","@graph":[{"@type":"WebPage","@id":"https:\/\/stiftadmont.at\/pfarren\/unterlaussa\/","url":"https:\/\/stiftadmont.at\/pfarren\/unterlaussa\/","name":"Parroquia de Unterlaussa - Abad\u00eda de Admont","isPartOf":{"@id":"https:\/\/stiftadmont.at\/#website"},"datePublished":"2025-03-25T11:06:45+00:00","dateModified":"2025-03-25T11:08:07+00:00","breadcrumb":{"@id":"https:\/\/stiftadmont.at\/pfarren\/unterlaussa\/#breadcrumb"},"inLanguage":"es","potentialAction":[{"@type":"ReadAction","target":["https:\/\/stiftadmont.at\/pfarren\/unterlaussa\/"]}]},{"@type":"BreadcrumbList","@id":"https:\/\/stiftadmont.at\/pfarren\/unterlaussa\/#breadcrumb","itemListElement":[{"@type":"ListItem","position":1,"name":"Start","item":"https:\/\/stiftadmont.at\/"},{"@type":"ListItem","position":2,"name":"Pfarren","item":"https:\/\/stiftadmont.at\/pfarren\/"},{"@type":"ListItem","position":3,"name":"Die Pfarre Unterlaussa"}]},{"@type":"WebSite","@id":"https:\/\/stiftadmont.at\/#website","url":"https:\/\/stiftadmont.at\/","name":"Abad\u00eda de Admont","description":"Monasterio benedictino y atracci\u00f3n tur\u00edstica en el Ges\u00e4use","potentialAction":[{"@type":"SearchAction","target":{"@type":"EntryPoint","urlTemplate":"https:\/\/stiftadmont.at\/?s={search_term_string}"},"query-input":{"@type":"PropertyValueSpecification","valueRequired":true,"valueName":"search_term_string"}}],"inLanguage":"es"}]}},"_links":{"self":[{"href":"https:\/\/stiftadmont.at\/es\/wp-json\/wp\/v2\/pages\/33932","targetHints":{"allow":["GET"]}}],"collection":[{"href":"https:\/\/stiftadmont.at\/es\/wp-json\/wp\/v2\/pages"}],"about":[{"href":"https:\/\/stiftadmont.at\/es\/wp-json\/wp\/v2\/types\/page"}],"author":[{"embeddable":true,"href":"https:\/\/stiftadmont.at\/es\/wp-json\/wp\/v2\/users\/7"}],"replies":[{"embeddable":true,"href":"https:\/\/stiftadmont.at\/es\/wp-json\/wp\/v2\/comments?post=33932"}],"version-history":[{"count":3,"href":"https:\/\/stiftadmont.at\/es\/wp-json\/wp\/v2\/pages\/33932\/revisions"}],"predecessor-version":[{"id":33938,"href":"https:\/\/stiftadmont.at\/es\/wp-json\/wp\/v2\/pages\/33932\/revisions\/33938"}],"up":[{"embeddable":true,"href":"https:\/\/stiftadmont.at\/es\/wp-json\/wp\/v2\/pages\/13905"}],"wp:attachment":[{"href":"https:\/\/stiftadmont.at\/es\/wp-json\/wp\/v2\/media?parent=33932"}],"wp:term":[{"taxonomy":"category","embeddable":true,"href":"https:\/\/stiftadmont.at\/es\/wp-json\/wp\/v2\/categories?post=33932"}],"curies":[{"name":"wp","href":"https:\/\/api.w.org\/{rel}","templated":true}]}}