{"id":33983,"date":"2025-03-25T14:02:45","date_gmt":"2025-03-25T12:02:45","guid":{"rendered":"https:\/\/stiftadmont.at\/?page_id=33983"},"modified":"2025-03-25T14:02:49","modified_gmt":"2025-03-25T12:02:49","slug":"parroquia-de-mautern","status":"publish","type":"page","link":"https:\/\/stiftadmont.at\/es\/pfarren\/pfarre-mautern\/","title":{"rendered":"La parroquia de Mautern"},"content":{"rendered":"<section id='lightpress__section--block_5ff085558cea5fbcf1bafc4db2d3558d' class='align-center lightpress__section--default-section-space lightpress__section lightpress__section--headline'><div class=\"headline__container\">\n            <h2 class=\"headline text--40 text-medium line line--gold line-above line-middle\">La parroquia de Mautern<\/h2>\n        <p class=\"text-center text-gold text--20 text-medium text--uppercase\">Aqu\u00ed encontrar\u00e1 toda la informaci\u00f3n sobre nuestra parroquia <\/p>\n        <div class=\"spacer--40\"><\/div>\n<\/div>\n\n<\/section>\n\n<section id='lightpress__section--block_9e48db33bee6f35ab615dd7c907d4bd3' class='lightpress__section--default-section-space lightpress__section lightpress__section--content'><div class=\"content__inner\"\n         x-init=\"initContentBlockAnim($el)\">\n        \n    <div class=\"content__grid content__grid--fifty-fifty\">\n                                            <div class=\"content__box content__box\"\n                 style=\"\">\n                                \n                \n                                        <div class=\"content__media stickyTo\" x-init=\"imageSticky($el)\">\n\n                                                                                                <picture\n                                class=\"content__image sticky\">\n                            <source srcset=\"https:\/\/stiftadmont.at\/wp-content\/uploads\/Mautern_Dioezese-Graz-Seckau_Harry-Schiffer1.jpg\"\n                                    type=\"image\/webp\">\n                            <source srcset=\"https:\/\/stiftadmont.at\/wp-content\/uploads\/Mautern_Dioezese-Graz-Seckau_Harry-Schiffer1.jpg\"\n                                    type=\"image\/jpeg\">\n                            <img decoding=\"async\" loading=\"lazy\" src=\"https:\/\/stiftadmont.at\/wp-content\/uploads\/Mautern_Dioezese-Graz-Seckau_Harry-Schiffer1.jpg\" alt=\"Mautern Di\u00f3cesis de Graz Seckau Harry Schiffer1\" width=\"600\" height=\"450\" \/>\n                                                                                                            <\/picture>\n\n                    <\/div>\n\n                            <\/div>\n        \n                                                    <div class=\"content__box content__box--2\"\n                     >\n                                        \n                    \n                                                    <div class=\"prose\"><h5 class=\"heading-m line line-above line--gold\"><strong>Sobre la parroquia de Mautern<\/strong><\/h5>\n<p>\u00a0<\/p>\n<p><strong>Patrocinium:<\/strong> San Nicol\u00e1s, 6 de diciembre<\/p>\n<p><strong>D\u00eda de la Adoraci\u00f3n:<\/strong> 14 de septiembre<\/p>\n<p><strong>D\u00eda de consagraci\u00f3n de la Iglesia:<\/strong> S\u00e1bado anterior al tercer domingo de octubre<\/p>\n<p><strong>Parroquia err.:<\/strong> 1472<\/p>\n<p><strong>Iglesia:<\/strong> Santa B\u00e1rbara (antigua iglesia redentorista), erb. 1669-1675<\/p>\n<p><strong>Capilla:<\/strong> St. Mary en el centro de atenci\u00f3n provincial<\/p>\n<p><strong>Registros:<\/strong> 1677<\/p>\n<p>\u00a0<\/p>\n<p><strong>Iglesia parroquial gen: <\/strong>1187 (2\u00aa mitad del siglo XV, siglo XVIII)<\/p>\n<p><strong>Capilla de misa: <\/strong>Santa Magdalena en el Calvario, adquirida. 1694<\/p>\n<p><strong>Capilla de misa:<\/strong> San Salvador en el Klosteralm<\/p>\n<p><strong>Iglesia parroquial:<\/strong> Iglesia parroquial de San Nicol\u00e1s<\/p>\n<p><strong>Iglesia:<\/strong> Santa Magdalena en el Calvario<\/p>\n<p><strong>Iglesia: <\/strong>Iglesia del monasterio de Santa B\u00e1rbara (antigua iglesia de los Redentoristas)<\/p>\n<p>\u00a0<\/p>\n<p><a class=\"admont-button admont-button--secondary\" href=\"https:\/\/discover.matterport.com\/space\/bMyYhky1Eeb\" target=\"_blank\" rel=\"noopener\">VISITA VIRTUAL POR LA IGLESIA PARROQUIAL<\/a><\/p>\n<p>\u00a0<\/p>\n<p>\u00a0<\/p>\n<p><span data-mce-type=\"bookmark\" style=\"display: inline-block; width: 0px; overflow: hidden; line-height: 0;\" class=\"mce_SELRES_start\"><\/span><\/p>\n<\/div>\n                        \n                                    <\/div>\n            \n            <\/div>\n<\/div>\n\n<\/section>\n\n<section id='lightpress__section--block_60838e272fd07def028a5445c7c8cf2e' class='align-center lightpress__section--default-section-space lightpress__section lightpress__section--headline'><div class=\"headline__container\">\n            <h2 class=\"headline text--40 text-medium line line--gold line-above line-middle\">Servicios religiosos en nuestra parroquia<\/h2>\n        <p class=\"text-center text-gold text--20 text-medium text--uppercase\">Celebre con nosotros los oficios religiosos...<\/p>\n        <div class=\"spacer--40\"><\/div>\n<\/div>\n\n<\/section>\n\n<section id='lightpress__section--block_1a4d93c63ca557328deae8e53a0f2c47' class='bg--black lightpress__section--colored-bg lightpress__section--default-section-space lightpress__section lightpress__section--additional-content'><div class=\"additional-content__container additional-content__container--horizontal\">\n\n    \n    <div class=\"additional-content__entries\">\n                    <div class=\"additional-content__item text-gold\">\n\n                                    <p class=\"additional-content__title text--26 auto-hyphen\">DOMINGO (1.7.- 31.12.) <\/p>\n                \n                                                            <div class=\"spacer--30\"><\/div>\n                                    \n                                    <p class=\"additional-content__subtitle text--uppercase text--26\">10 de la ma\u00f1ana<\/p>\n\n                                \n                    <p class=\"additional-content__text text--20\">Servicio religioso<\/p>\n\n                            <\/div>\n                    <div class=\"additional-content__item text-gold\">\n\n                                    <p class=\"additional-content__title text--26 auto-hyphen\">DOMINGO (1.1. - 30.06.) <\/p>\n                \n                                                            <div class=\"spacer--30\"><\/div>\n                                    \n                                    <p class=\"additional-content__subtitle text--uppercase text--26\">08:30 a.m.<\/p>\n\n                                \n                    <p class=\"additional-content__text text--20\">Servicio religioso<\/p>\n\n                            <\/div>\n                    <div class=\"additional-content__item text-gold\">\n\n                                    <p class=\"additional-content__title text--26 auto-hyphen\">MARTES<\/p>\n                \n                                                            <div class=\"spacer--30\"><\/div>\n                                    \n                                    <p class=\"additional-content__subtitle text--uppercase text--26\">18.30 h<\/p>\n\n                                \n                    <p class=\"additional-content__text text--20\">Oficio religioso en la iglesia del monasterio<\/p>\n\n                            <\/div>\n                    <div class=\"additional-content__item text-gold\">\n\n                                    <p class=\"additional-content__title text--26 auto-hyphen\">MI\u00c9RCOLES<\/p>\n                \n                                                            <div class=\"spacer--30\"><\/div>\n                                    \n                                    <p class=\"additional-content__subtitle text--uppercase text--26\">09:00 horas<\/p>\n\n                                \n                    <p class=\"additional-content__text text--20\">Servicio religioso<\/p>\n\n                            <\/div>\n            <\/div>\n<\/div>\n\n    <div class=\"background__container background__container--black\">\n    <\/div>\n\n<\/section>\n\n<section id='lightpress__section--block_0d76b6d810dbf84f5d66737483baf388' class='align-center lightpress__section--default-section-space lightpress__section lightpress__section--headline'><div class=\"headline__container\">\n            <h2 class=\"headline text--40 text-medium line line--gold line-above line-middle\">Contacto y horario de oficina<\/h2>\n        <p class=\"text-center text-gold text--20 text-medium text--uppercase\">Aqu\u00ed encontrar\u00e1 toda la informaci\u00f3n sobre cu\u00e1ndo y c\u00f3mo puede ponerse en contacto con nosotros<\/p>\n        <div class=\"spacer--40\"><\/div>\n<\/div>\n\n<\/section>\n\n<section id='lightpress__section--block_a3978f35da7e43aba7368a7b5259d48f' class='lightpress__section--default-section-space lightpress__section lightpress__section--content'><div class=\"content__inner\"\n         x-init=\"initContentBlockAnim($el)\">\n        \n    <div class=\"content__grid content__grid--fifty-fifty\">\n                                            <div class=\"content__box content__box\"\n                 style=\"\">\n                                \n                \n                                        <div class=\"content__media stickyTo\" x-init=\"imageSticky($el)\">\n\n                                                                                                <picture\n                                class=\"content__image sticky\">\n                            <source srcset=\"https:\/\/stiftadmont.at\/wp-content\/uploads\/Pater-Egon.png\"\n                                    type=\"image\/webp\">\n                            <source srcset=\"https:\/\/stiftadmont.at\/wp-content\/uploads\/Pater-Egon.png\"\n                                    type=\"image\/jpeg\">\n                            <img decoding=\"async\" loading=\"lazy\" src=\"https:\/\/stiftadmont.at\/wp-content\/uploads\/Pater-Egon.png\" alt=\"Padre Egon\" width=\"600\" height=\"450\" \/>\n                                                                                                            <\/picture>\n\n                    <\/div>\n\n                            <\/div>\n        \n                                                    <div class=\"content__box content__box--2\"\n                     >\n                                        \n                    \n                                                    <div class=\"prose\"><h5 class=\"heading-m line line-above line--gold\"><strong>Oficina parroquial cat\u00f3lica romana de Mautern<\/strong><\/h5>\n<p>Pfarrweg 8<\/p>\n<p>8774 Mautern en Estiria<\/p>\n<p>\u00a0<\/p>\n<p><strong>Horario de oficina:\u00a0<\/strong><\/p>\n<p>\u00a0<\/p>\n<p>Mi\u00e9rcoles: 09:00 - 11:30 horas<\/p>\n<p>Jueves: 15:00 - 17:00<\/p>\n<p>\u00a0<\/p>\n<p><a class=\"phone\" href=\"tel:+43 (0) 676 \/ 8742 6304\"><span class=\"icon-outer\"><i class=\"fa-light fa-phone\"><\/i><\/span>+43 (0) 676 \/ 8742 6304<\/a><\/p>\n<p><a class=\"email\" href=\"mailto:mautern@graz-seckau.at\"><span class=\"icon-outer\"><i class=\"fa-light fa-envelope\"><\/i><\/span>mautern@graz-seckau.at<\/a><\/p>\n<p>\u00a0<\/p>\n<p>\u00a0<\/p>\n<p><strong>Pastor: <\/strong>Mag.<strong> <\/strong>Padre Egon Homann OSB<\/p>\n<p>\u00a0<\/p>\n<p>P\u00e1rroco de Kalwang, Kammern, Traboch y Wald am Schoberpass; responsable de la zona pastoral de San Miguel; responsable de la Casa del Encuentro de Graz;<\/p>\n<\/div>\n                        \n                                    <\/div>\n            \n            <\/div>\n<\/div>\n\n<\/section>","protected":false},"excerpt":{"rendered":"","protected":false},"author":7,"featured_media":0,"parent":13905,"menu_order":0,"comment_status":"closed","ping_status":"closed","template":"","meta":{"_acf_changed":false,"footnotes":""},"categories":[],"class_list":["post-33983","page","type-page","status-publish","hentry"],"acf":[],"yoast_head":"<!-- This site is optimized with the Yoast SEO Premium plugin v26.0 (Yoast SEO v26.8) - https:\/\/yoast.com\/product\/yoast-seo-premium-wordpress\/ -->\n<title>Die Pfarre Mautern - Stift Admont<\/title>\n<meta name=\"robots\" content=\"index, follow, max-snippet:-1, max-image-preview:large, max-video-preview:-1\" \/>\n<link rel=\"canonical\" href=\"https:\/\/stiftadmont.at\/es\/parroquias\/parroquia-de-mautern\/\" \/>\n<meta property=\"og:locale\" content=\"es_ES\" \/>\n<meta property=\"og:type\" content=\"article\" \/>\n<meta property=\"og:title\" content=\"Die Pfarre Mautern\" \/>\n<meta property=\"og:url\" content=\"https:\/\/stiftadmont.at\/es\/parroquias\/parroquia-de-mautern\/\" \/>\n<meta property=\"og:site_name\" content=\"Stift Admont\" \/>\n<meta property=\"article:modified_time\" content=\"2025-03-25T12:02:49+00:00\" \/>\n<meta property=\"og:image\" content=\"https:\/\/stiftadmont.at\/wp-content\/uploads\/Klosteranlage-innen.jpg\" \/>\n\t<meta property=\"og:image:width\" content=\"1912\" \/>\n\t<meta property=\"og:image:height\" content=\"1188\" \/>\n\t<meta property=\"og:image:type\" content=\"image\/jpeg\" \/>\n<meta name=\"twitter:card\" content=\"summary_large_image\" \/>\n<script type=\"application\/ld+json\" class=\"yoast-schema-graph\">{\"@context\":\"https:\/\/schema.org\",\"@graph\":[{\"@type\":\"WebPage\",\"@id\":\"https:\/\/stiftadmont.at\/pfarren\/pfarre-mautern\/\",\"url\":\"https:\/\/stiftadmont.at\/pfarren\/pfarre-mautern\/\",\"name\":\"Die Pfarre Mautern - Stift Admont\",\"isPartOf\":{\"@id\":\"https:\/\/stiftadmont.at\/#website\"},\"datePublished\":\"2025-03-25T12:02:45+00:00\",\"dateModified\":\"2025-03-25T12:02:49+00:00\",\"breadcrumb\":{\"@id\":\"https:\/\/stiftadmont.at\/pfarren\/pfarre-mautern\/#breadcrumb\"},\"inLanguage\":\"es\",\"potentialAction\":[{\"@type\":\"ReadAction\",\"target\":[\"https:\/\/stiftadmont.at\/pfarren\/pfarre-mautern\/\"]}]},{\"@type\":\"BreadcrumbList\",\"@id\":\"https:\/\/stiftadmont.at\/pfarren\/pfarre-mautern\/#breadcrumb\",\"itemListElement\":[{\"@type\":\"ListItem\",\"position\":1,\"name\":\"Start\",\"item\":\"https:\/\/stiftadmont.at\/\"},{\"@type\":\"ListItem\",\"position\":2,\"name\":\"Pfarren\",\"item\":\"https:\/\/stiftadmont.at\/pfarren\/\"},{\"@type\":\"ListItem\",\"position\":3,\"name\":\"Die Pfarre Mautern\"}]},{\"@type\":\"WebSite\",\"@id\":\"https:\/\/stiftadmont.at\/#website\",\"url\":\"https:\/\/stiftadmont.at\/\",\"name\":\"Stift Admont\",\"description\":\"Benediktinerkloster und Sehensw\u00fcrdigkeit im Ges\u00e4use\",\"potentialAction\":[{\"@type\":\"SearchAction\",\"target\":{\"@type\":\"EntryPoint\",\"urlTemplate\":\"https:\/\/stiftadmont.at\/?s={search_term_string}\"},\"query-input\":{\"@type\":\"PropertyValueSpecification\",\"valueRequired\":true,\"valueName\":\"search_term_string\"}}],\"inLanguage\":\"es\"}]}<\/script>\n<!-- \/ Yoast SEO Premium plugin. -->","yoast_head_json":{"title":"Parroquia de Mautern - Abad\u00eda de Admont","robots":{"index":"index","follow":"follow","max-snippet":"max-snippet:-1","max-image-preview":"max-image-preview:large","max-video-preview":"max-video-preview:-1"},"canonical":"https:\/\/stiftadmont.at\/es\/parroquias\/parroquia-de-mautern\/","og_locale":"es_ES","og_type":"article","og_title":"Die Pfarre Mautern","og_url":"https:\/\/stiftadmont.at\/es\/parroquias\/parroquia-de-mautern\/","og_site_name":"Stift Admont","article_modified_time":"2025-03-25T12:02:49+00:00","og_image":[{"width":1912,"height":1188,"url":"https:\/\/stiftadmont.at\/wp-content\/uploads\/Klosteranlage-innen.jpg","type":"image\/jpeg"}],"twitter_card":"summary_large_image","schema":{"@context":"https:\/\/schema.org","@graph":[{"@type":"WebPage","@id":"https:\/\/stiftadmont.at\/pfarren\/pfarre-mautern\/","url":"https:\/\/stiftadmont.at\/pfarren\/pfarre-mautern\/","name":"Parroquia de Mautern - Abad\u00eda de Admont","isPartOf":{"@id":"https:\/\/stiftadmont.at\/#website"},"datePublished":"2025-03-25T12:02:45+00:00","dateModified":"2025-03-25T12:02:49+00:00","breadcrumb":{"@id":"https:\/\/stiftadmont.at\/pfarren\/pfarre-mautern\/#breadcrumb"},"inLanguage":"es","potentialAction":[{"@type":"ReadAction","target":["https:\/\/stiftadmont.at\/pfarren\/pfarre-mautern\/"]}]},{"@type":"BreadcrumbList","@id":"https:\/\/stiftadmont.at\/pfarren\/pfarre-mautern\/#breadcrumb","itemListElement":[{"@type":"ListItem","position":1,"name":"Start","item":"https:\/\/stiftadmont.at\/"},{"@type":"ListItem","position":2,"name":"Pfarren","item":"https:\/\/stiftadmont.at\/pfarren\/"},{"@type":"ListItem","position":3,"name":"Die Pfarre Mautern"}]},{"@type":"WebSite","@id":"https:\/\/stiftadmont.at\/#website","url":"https:\/\/stiftadmont.at\/","name":"Abad\u00eda de Admont","description":"Monasterio benedictino y atracci\u00f3n tur\u00edstica en el Ges\u00e4use","potentialAction":[{"@type":"SearchAction","target":{"@type":"EntryPoint","urlTemplate":"https:\/\/stiftadmont.at\/?s={search_term_string}"},"query-input":{"@type":"PropertyValueSpecification","valueRequired":true,"valueName":"search_term_string"}}],"inLanguage":"es"}]}},"_links":{"self":[{"href":"https:\/\/stiftadmont.at\/es\/wp-json\/wp\/v2\/pages\/33983","targetHints":{"allow":["GET"]}}],"collection":[{"href":"https:\/\/stiftadmont.at\/es\/wp-json\/wp\/v2\/pages"}],"about":[{"href":"https:\/\/stiftadmont.at\/es\/wp-json\/wp\/v2\/types\/page"}],"author":[{"embeddable":true,"href":"https:\/\/stiftadmont.at\/es\/wp-json\/wp\/v2\/users\/7"}],"replies":[{"embeddable":true,"href":"https:\/\/stiftadmont.at\/es\/wp-json\/wp\/v2\/comments?post=33983"}],"version-history":[{"count":2,"href":"https:\/\/stiftadmont.at\/es\/wp-json\/wp\/v2\/pages\/33983\/revisions"}],"predecessor-version":[{"id":33987,"href":"https:\/\/stiftadmont.at\/es\/wp-json\/wp\/v2\/pages\/33983\/revisions\/33987"}],"up":[{"embeddable":true,"href":"https:\/\/stiftadmont.at\/es\/wp-json\/wp\/v2\/pages\/13905"}],"wp:attachment":[{"href":"https:\/\/stiftadmont.at\/es\/wp-json\/wp\/v2\/media?parent=33983"}],"wp:term":[{"taxonomy":"category","embeddable":true,"href":"https:\/\/stiftadmont.at\/es\/wp-json\/wp\/v2\/categories?post=33983"}],"curies":[{"name":"wp","href":"https:\/\/api.w.org\/{rel}","templated":true}]}}