{"id":34163,"date":"2025-03-27T11:27:06","date_gmt":"2025-03-27T09:27:06","guid":{"rendered":"https:\/\/stiftadmont.at\/?page_id=34163"},"modified":"2025-03-27T11:32:33","modified_gmt":"2025-03-27T09:32:33","slug":"equipos-de-arquitectura","status":"publish","type":"page","link":"https:\/\/stiftadmont.at\/es\/pfarren\/pfarre-frauenberg-an-der-enns\/architektur-ausstattung\/","title":{"rendered":"Arquitectura y mobiliario"},"content":{"rendered":"<section id='lightpress__section--block_bab2fbbc4bf4047f9e1ffd14e9ee6077' class='align-center lightpress__section--default-section-space lightpress__section lightpress__section--headline'><div class=\"headline__container\">\n            <h2 class=\"headline text--40 text-medium line line--gold line-above line-middle\">Arquitectura y mobiliario de la iglesia parroquial de Frauenberg an der Enns<\/h2>\n        <p class=\"text-center text-gold text--20 text-medium text--uppercase\">Aqu\u00ed encontrar\u00e1 informaci\u00f3n sobre nuestra iglesia <\/p>\n        <div class=\"spacer--40\"><\/div>\n<\/div>\n\n<\/section>\n\n<section id='lightpress__section--block_44a64f8f5c34c41dd21fb1dee2fb3531' class='lightpress__section--default-section-space lightpress__section lightpress__section--content'><div class=\"content__inner\"\n         x-init=\"initContentBlockAnim($el)\">\n        \n    <div class=\"content__grid content__grid--fifty-fifty\">\n                                            <div class=\"content__box content__box\"\n                 style=\"\">\n                                \n                \n                                            <div class=\"prose\"><p>Desde el exterior, la iglesia y la vicar\u00eda parecen un \u00fanico edificio alargado de 100 metros de largo. Al este, la iglesia termina con dos c\u00fapulas de cebolla; la llamativa estructura barroca de los muros est\u00e1 incrustada de ceniza. Al estilo de una bas\u00edlica, la iglesia es una nave con cuatro capillas laterales. El interior de la iglesia fue dise\u00f1ado por Carlo Antonio Carlone hacia 1682, que tom\u00f3 como modelo las iglesias de los monasterios que su padre, Pietro Francesco Carlone, hab\u00eda dise\u00f1ado para las abad\u00edas de Garsten y Schlierbach.<\/p>\n<p>\u00a0<\/p>\n<p>El rico estuco de las b\u00f3vedas de ca\u00f1\u00f3n es obra de Giovanni Battista Carlone. Antonio Maderni cre\u00f3 los frescos que llenan los espacios abiertos de la b\u00f3veda; representan estaciones de la vida de la Virgen Mar\u00eda. Hay frescos de Johann Lederwasch (1794) en las paredes del coro y en su techo. El mobiliario, con altares, p\u00falpito y confesionarios, es en gran parte barroco temprano. Martin Neuberg, carpintero del monasterio de 1671 a 1714, cre\u00f3 el altar mayor de tres pisos. Las figuras talladas son obra de Josef Stammel. En el centro del altar mayor se encuentra la escultura g\u00f3tica de la Virgen Mar\u00eda con Jes\u00fas en brazos. Es la verdadera imagen milagrosa de la iglesia de peregrinaci\u00f3n. Las esculturas (obra de Josef Stammel) de los padres de Mar\u00eda, Joaqu\u00edn y Ana, act\u00faan como figuras auxiliares. El altar mayor est\u00e1 plagado de representaciones de \u00e1ngeles y putti, la mayor\u00eda creadas por Josef Stammel. Destaca el p\u00falpito barroco del lado sur del presbiterio, con representaciones de los cuatro evangelistas. Los siguientes altares (con frescos coordinados tem\u00e1ticamente en las b\u00f3vedas) se encuentran en las cuatro capillas laterales: Altar de la Cruz (hasta 1786 Altar de Gracia) con una pintura de la crucifixi\u00f3n de Johann Lederwasch, Altar de San Benito, Altar de San Jos\u00e9 y Altar de San Antonio con retablos de Frans de Neve.<\/p>\n<\/div>\n                    \n                            <\/div>\n        \n                                                    <div class=\"content__box content__box--2\"\n                     >\n                                        \n                    \n                                                <div class=\"content__media stickyTo\" x-init=\"imageSticky($el)\">\n\n                                                                                    <picture\n                                    class=\"content__image sticky\">\n                                <source srcset=\"https:\/\/stiftadmont.at\/wp-content\/uploads\/Frauenberg_an_der_Enns_Dioezese-Graz-Seckau_Harry-Schiffer1.webp\" type=\"image\/webp\">\n                                <source srcset=\"https:\/\/stiftadmont.at\/wp-content\/uploads\/Frauenberg_an_der_Enns_Dioezese-Graz-Seckau_Harry-Schiffer1.jpg\" type=\"image\/jpeg\">\n                                <img decoding=\"async\" class=\"sticky\" loading=\"lazy\" src=\"https:\/\/stiftadmont.at\/wp-content\/uploads\/Frauenberg_an_der_Enns_Dioezese-Graz-Seckau_Harry-Schiffer1.jpg\" alt=\"Frauenberg an der Enns Di\u00f3cesis de Graz Seckau Harry Schiffer1\" \/>\n\n                                                                                                                            <\/picture>\n\n                        <\/div>\n\n                                    <\/div>\n            \n            <\/div>\n<\/div>\n\n<\/section>\n\n<section id='lightpress__section--block_5fc0b60d3ae139ab32d67a00a15ab690' class='lightpress__section--default-section-space lightpress__section lightpress__section--content'><div class=\"content__inner\"\n         x-init=\"initContentBlockAnim($el)\">\n        \n    <div class=\"content__grid content__grid\">\n                                            <div class=\"content__box content__box--one-hundred\"\n                 style=\"\">\n                                \n                \n                                            <div class=\"prose\"><\/div>\n                    \n                            <\/div>\n        \n            <\/div>\n<\/div>\n\n<\/section>\n\n<section id='lightpress__section--block_a4a4772a913845e30dc334c05d9a255e' class='lightpress__section--default-section-space lightpress__section lightpress__section--content'><div class=\"content__inner\"\n         x-init=\"initContentBlockAnim($el)\">\n        \n    <div class=\"content__grid content__grid--fifty-fifty\">\n                                            <div class=\"content__box content__box\"\n                 style=\"\">\n                                \n                \n                                        <div class=\"content__media stickyTo\" x-init=\"imageSticky($el)\">\n\n                                                                                                <picture\n                                class=\"content__image sticky\">\n                            <source srcset=\"https:\/\/stiftadmont.at\/wp-content\/uploads\/Ardning_c-Christian-Scheucher_TVGesaeuse_10.jpg\"\n                                    type=\"image\/webp\">\n                            <source srcset=\"https:\/\/stiftadmont.at\/wp-content\/uploads\/Ardning_c-Christian-Scheucher_TVGesaeuse_10.jpg\"\n                                    type=\"image\/jpeg\">\n                            <img decoding=\"async\" loading=\"lazy\" src=\"https:\/\/stiftadmont.at\/wp-content\/uploads\/Ardning_c-Christian-Scheucher_TVGesaeuse_10.jpg\" alt=\"Ardning c Christian Scheucher TVGesaeuse 10\" width=\"600\" height=\"450\" \/>\n                                                                                                            <\/picture>\n\n                    <\/div>\n\n                            <\/div>\n        \n                                                    <div class=\"content__box content__box--2\"\n                     >\n                                        \n                    \n                                                    <div class=\"prose\"><p><span style=\"font-family: open-sans, sans-serif; font-size: 20px;\">La Virgen Peregrina data de alrededor de 1410 y fue repintada en el siglo XIX. Es la escultura m\u00e1s antigua de la iglesia de peregrinaci\u00f3n y ha vuelto a su lugar original detr\u00e1s del altar mayor desde la renovaci\u00f3n interior de la iglesia. Esto responde a una antigua tradici\u00f3n de la peregrinaci\u00f3n de Frauenberg, seg\u00fan la cual se invita a los peregrinos a rodear el altar. <\/span><\/p>\n<p>\u00a0<\/p>\n<p><span style=\"font-family: open-sans, sans-serif; font-size: 20px;\">La Madonna del manto protector original de Frauenberg, creada hacia 1420\/30, se encuentra en el Landesmuseum Joanneum (Graz). Una copia se expone en la capilla de las velas de la iglesia de peregrinaci\u00f3n. Las estatuas rococ\u00f3 de Santa Rosal\u00eda, Santa Cecilia, Santa B\u00e1rbara y Santa Catalina fueron creadas por Michael Z\u00fcrn el Joven. La sessio neobarroca del presbiterio es obra del artista de Alta Austria Ludwig Linzinger. Fue creado en 1908 para la iglesia parroquial de Bad Zell y transferido a la propiedad de la iglesia parroquial de Frauenberg en 2018.<\/span><\/p>\n<\/div>\n                        \n                                    <\/div>\n            \n            <\/div>\n<\/div>\n\n<\/section>","protected":false},"excerpt":{"rendered":"","protected":false},"author":7,"featured_media":0,"parent":33544,"menu_order":0,"comment_status":"closed","ping_status":"closed","template":"","meta":{"_acf_changed":false,"footnotes":""},"categories":[],"class_list":["post-34163","page","type-page","status-publish","hentry"],"acf":[],"yoast_head":"<!-- This site is optimized with the Yoast SEO Premium plugin v26.0 (Yoast SEO v26.8) - https:\/\/yoast.com\/product\/yoast-seo-premium-wordpress\/ -->\n<title>Architektur und Ausstattung - Stift Admont<\/title>\n<meta name=\"robots\" content=\"index, follow, max-snippet:-1, max-image-preview:large, max-video-preview:-1\" \/>\n<link rel=\"canonical\" href=\"https:\/\/stiftadmont.at\/es\/parroquias\/parroquia-de-frauenberg-an-der-enns\/equipos-de-arquitectura\/\" \/>\n<meta property=\"og:locale\" content=\"es_ES\" \/>\n<meta property=\"og:type\" content=\"article\" \/>\n<meta property=\"og:title\" content=\"Architektur und Ausstattung\" \/>\n<meta property=\"og:url\" content=\"https:\/\/stiftadmont.at\/es\/parroquias\/parroquia-de-frauenberg-an-der-enns\/equipos-de-arquitectura\/\" \/>\n<meta property=\"og:site_name\" content=\"Stift Admont\" \/>\n<meta property=\"article:modified_time\" content=\"2025-03-27T09:32:33+00:00\" \/>\n<meta property=\"og:image\" content=\"https:\/\/stiftadmont.at\/wp-content\/uploads\/Klosteranlage-innen.jpg\" \/>\n\t<meta property=\"og:image:width\" content=\"1912\" \/>\n\t<meta property=\"og:image:height\" content=\"1188\" \/>\n\t<meta property=\"og:image:type\" content=\"image\/jpeg\" \/>\n<meta name=\"twitter:card\" content=\"summary_large_image\" \/>\n<script type=\"application\/ld+json\" class=\"yoast-schema-graph\">{\"@context\":\"https:\/\/schema.org\",\"@graph\":[{\"@type\":\"WebPage\",\"@id\":\"https:\/\/stiftadmont.at\/pfarren\/pfarre-frauenberg-an-der-enns\/architektur-ausstattung\/\",\"url\":\"https:\/\/stiftadmont.at\/pfarren\/pfarre-frauenberg-an-der-enns\/architektur-ausstattung\/\",\"name\":\"Architektur und Ausstattung - Stift Admont\",\"isPartOf\":{\"@id\":\"https:\/\/stiftadmont.at\/#website\"},\"datePublished\":\"2025-03-27T09:27:06+00:00\",\"dateModified\":\"2025-03-27T09:32:33+00:00\",\"breadcrumb\":{\"@id\":\"https:\/\/stiftadmont.at\/pfarren\/pfarre-frauenberg-an-der-enns\/architektur-ausstattung\/#breadcrumb\"},\"inLanguage\":\"es\",\"potentialAction\":[{\"@type\":\"ReadAction\",\"target\":[\"https:\/\/stiftadmont.at\/pfarren\/pfarre-frauenberg-an-der-enns\/architektur-ausstattung\/\"]}]},{\"@type\":\"BreadcrumbList\",\"@id\":\"https:\/\/stiftadmont.at\/pfarren\/pfarre-frauenberg-an-der-enns\/architektur-ausstattung\/#breadcrumb\",\"itemListElement\":[{\"@type\":\"ListItem\",\"position\":1,\"name\":\"Start\",\"item\":\"https:\/\/stiftadmont.at\/\"},{\"@type\":\"ListItem\",\"position\":2,\"name\":\"Pfarren\",\"item\":\"https:\/\/stiftadmont.at\/pfarren\/\"},{\"@type\":\"ListItem\",\"position\":3,\"name\":\"Pfarre Frauenberg an der Enns\",\"item\":\"https:\/\/stiftadmont.at\/pfarren\/pfarre-frauenberg-an-der-enns\/\"},{\"@type\":\"ListItem\",\"position\":4,\"name\":\"Architektur und Ausstattung\"}]},{\"@type\":\"WebSite\",\"@id\":\"https:\/\/stiftadmont.at\/#website\",\"url\":\"https:\/\/stiftadmont.at\/\",\"name\":\"Stift Admont\",\"description\":\"Benediktinerkloster und Sehensw\u00fcrdigkeit im Ges\u00e4use\",\"potentialAction\":[{\"@type\":\"SearchAction\",\"target\":{\"@type\":\"EntryPoint\",\"urlTemplate\":\"https:\/\/stiftadmont.at\/?s={search_term_string}\"},\"query-input\":{\"@type\":\"PropertyValueSpecification\",\"valueRequired\":true,\"valueName\":\"search_term_string\"}}],\"inLanguage\":\"es\"}]}<\/script>\n<!-- \/ Yoast SEO Premium plugin. -->","yoast_head_json":{"title":"Arquitectura y mobiliario - Abad\u00eda de Admont","robots":{"index":"index","follow":"follow","max-snippet":"max-snippet:-1","max-image-preview":"max-image-preview:large","max-video-preview":"max-video-preview:-1"},"canonical":"https:\/\/stiftadmont.at\/es\/parroquias\/parroquia-de-frauenberg-an-der-enns\/equipos-de-arquitectura\/","og_locale":"es_ES","og_type":"article","og_title":"Architektur und Ausstattung","og_url":"https:\/\/stiftadmont.at\/es\/parroquias\/parroquia-de-frauenberg-an-der-enns\/equipos-de-arquitectura\/","og_site_name":"Stift Admont","article_modified_time":"2025-03-27T09:32:33+00:00","og_image":[{"width":1912,"height":1188,"url":"https:\/\/stiftadmont.at\/wp-content\/uploads\/Klosteranlage-innen.jpg","type":"image\/jpeg"}],"twitter_card":"summary_large_image","schema":{"@context":"https:\/\/schema.org","@graph":[{"@type":"WebPage","@id":"https:\/\/stiftadmont.at\/pfarren\/pfarre-frauenberg-an-der-enns\/architektur-ausstattung\/","url":"https:\/\/stiftadmont.at\/pfarren\/pfarre-frauenberg-an-der-enns\/architektur-ausstattung\/","name":"Arquitectura y mobiliario - Abad\u00eda de Admont","isPartOf":{"@id":"https:\/\/stiftadmont.at\/#website"},"datePublished":"2025-03-27T09:27:06+00:00","dateModified":"2025-03-27T09:32:33+00:00","breadcrumb":{"@id":"https:\/\/stiftadmont.at\/pfarren\/pfarre-frauenberg-an-der-enns\/architektur-ausstattung\/#breadcrumb"},"inLanguage":"es","potentialAction":[{"@type":"ReadAction","target":["https:\/\/stiftadmont.at\/pfarren\/pfarre-frauenberg-an-der-enns\/architektur-ausstattung\/"]}]},{"@type":"BreadcrumbList","@id":"https:\/\/stiftadmont.at\/pfarren\/pfarre-frauenberg-an-der-enns\/architektur-ausstattung\/#breadcrumb","itemListElement":[{"@type":"ListItem","position":1,"name":"Start","item":"https:\/\/stiftadmont.at\/"},{"@type":"ListItem","position":2,"name":"Pfarren","item":"https:\/\/stiftadmont.at\/pfarren\/"},{"@type":"ListItem","position":3,"name":"Pfarre Frauenberg an der Enns","item":"https:\/\/stiftadmont.at\/pfarren\/pfarre-frauenberg-an-der-enns\/"},{"@type":"ListItem","position":4,"name":"Architektur und Ausstattung"}]},{"@type":"WebSite","@id":"https:\/\/stiftadmont.at\/#website","url":"https:\/\/stiftadmont.at\/","name":"Abad\u00eda de Admont","description":"Monasterio benedictino y atracci\u00f3n tur\u00edstica en el Ges\u00e4use","potentialAction":[{"@type":"SearchAction","target":{"@type":"EntryPoint","urlTemplate":"https:\/\/stiftadmont.at\/?s={search_term_string}"},"query-input":{"@type":"PropertyValueSpecification","valueRequired":true,"valueName":"search_term_string"}}],"inLanguage":"es"}]}},"_links":{"self":[{"href":"https:\/\/stiftadmont.at\/es\/wp-json\/wp\/v2\/pages\/34163","targetHints":{"allow":["GET"]}}],"collection":[{"href":"https:\/\/stiftadmont.at\/es\/wp-json\/wp\/v2\/pages"}],"about":[{"href":"https:\/\/stiftadmont.at\/es\/wp-json\/wp\/v2\/types\/page"}],"author":[{"embeddable":true,"href":"https:\/\/stiftadmont.at\/es\/wp-json\/wp\/v2\/users\/7"}],"replies":[{"embeddable":true,"href":"https:\/\/stiftadmont.at\/es\/wp-json\/wp\/v2\/comments?post=34163"}],"version-history":[{"count":4,"href":"https:\/\/stiftadmont.at\/es\/wp-json\/wp\/v2\/pages\/34163\/revisions"}],"predecessor-version":[{"id":34167,"href":"https:\/\/stiftadmont.at\/es\/wp-json\/wp\/v2\/pages\/34163\/revisions\/34167"}],"up":[{"embeddable":true,"href":"https:\/\/stiftadmont.at\/es\/wp-json\/wp\/v2\/pages\/33544"}],"wp:attachment":[{"href":"https:\/\/stiftadmont.at\/es\/wp-json\/wp\/v2\/media?parent=34163"}],"wp:term":[{"taxonomy":"category","embeddable":true,"href":"https:\/\/stiftadmont.at\/es\/wp-json\/wp\/v2\/categories?post=34163"}],"curies":[{"name":"wp","href":"https:\/\/api.w.org\/{rel}","templated":true}]}}