{"id":34225,"date":"2025-04-04T08:15:17","date_gmt":"2025-04-04T06:15:17","guid":{"rendered":"https:\/\/stiftadmont.at\/?page_id=34225"},"modified":"2025-10-14T11:09:30","modified_gmt":"2025-10-14T09:09:30","slug":"el-ano-jubilar-2024","status":"publish","type":"page","link":"https:\/\/stiftadmont.at\/es\/das-jubilaumsjahr-2024\/","title":{"rendered":"Aniversario en 2024"},"content":{"rendered":"<section id='lightpress__section--block_3c67c457873318e3c40a97e95bfdbf93' class='align-center lightpress__section--default-section-space lightpress__section lightpress__section--headline'><div class=\"headline__container\">\n            <p class=\"headline text--40 text-medium line line--gold line-above line-middle\">950 Jahre Benediktinerstift Admont<\/p>\n        <p class=\"text-center text-gold text--20 text-medium text--uppercase\">Das Jubil\u00e4umsjahr 2024<\/p>\n        <div class=\"spacer--40\"><\/div>\n<\/div>\n\n<\/section>\n\n<section id='lightpress__section--block_eb7da451a41eedc2b349241740f683b5' class='lightpress__section--more-links--950 lightpress__section--full-width lightpress__section--default-section-space lightpress__section lightpress__section--more-links'><div class=\"more\" x-init=\"initMoreLinksBlockAnim($el)\">\n            <style>\n            #lightpress__section--block_eb7da451a41eedc2b349241740f683b5 .more {\n                --entry-width: calc(100% \/ 4 - var(--grid-gap) * 4);\n                grid-template-columns: repeat(auto-fit, minmax(max(var(--entry-width),50rem), 1fr));\n            }\n        <\/style>\n    \n                    <a class=\"more__link\" href=\"https:\/\/stiftadmont.at\/950-jahre-stift-admont\/vorwort-abt-gerhard-hafner\/\">\n            <div class=\"more__media\">\n                                    <picture class=\"more__image\">\n                        <source srcset=\"https:\/\/stiftadmont.at\/wp-content\/uploads\/abtgerhard-scaled-1024x701.webp\" type=\"image\/webp\">\n                        <source srcset=\"https:\/\/stiftadmont.at\/wp-content\/uploads\/abtgerhard-scaled-1024x701.jpg\" type=\"image\/jpeg\">\n                        <img decoding=\"async\" loading=\"lazy\" src=\"https:\/\/stiftadmont.at\/wp-content\/uploads\/abtgerhard-scaled-1024x701.jpg\" alt=\"abtgerhard\" class=\"wpsmartcrop-image\" data-smartcrop-focus=\"[70,25]\" \/>\n                    <\/picture>\n                            <\/div>\n            <div class=\"more__content\">\n                <div class=\"more__title--container\">\n                                            \n                                                                            \n                        <p class=\"text-bold text-white text--serif text--26\">Vorwort Abt Gerhard Hafner OSB<\/p>\n                                                            <\/div>\n                                    <div class=\"more__cta\">\n                        <i class=\"fa-thin fa-chevron-right\"><\/i>\n                    <\/div>\n                            <\/div>\n        <\/a>\n                    <a class=\"more__link\" href=\"https:\/\/stiftadmont.at\/950-jahre-stift-admont\/vorwort-wirtschaftsdirektor-franz-pichler\/\">\n            <div class=\"more__media\">\n                                    <picture class=\"more__image\">\n                        <source srcset=\"https:\/\/stiftadmont.at\/wp-content\/uploads\/Franz_Pichler_c-Thomas_Sattler_13_www-1024x683.webp\" type=\"image\/webp\">\n                        <source srcset=\"https:\/\/stiftadmont.at\/wp-content\/uploads\/Franz_Pichler_c-Thomas_Sattler_13_www-1024x683.jpg\" type=\"image\/jpeg\">\n                        <img decoding=\"async\" loading=\"lazy\" src=\"https:\/\/stiftadmont.at\/wp-content\/uploads\/Franz_Pichler_c-Thomas_Sattler_13_www-1024x683.jpg\" alt=\"Franz Pichler c Thomas Sattler\" class=\"wpsmartcrop-image\" data-smartcrop-focus=\"[54,25]\" \/>\n                    <\/picture>\n                            <\/div>\n            <div class=\"more__content\">\n                <div class=\"more__title--container\">\n                                            \n                                                                            \n                        <p class=\"text-bold text-white text--serif text--26\">Vorwort WD Franz Pichler<\/p>\n                                                            <\/div>\n                                    <div class=\"more__cta\">\n                        <i class=\"fa-thin fa-chevron-right\"><\/i>\n                    <\/div>\n                            <\/div>\n        <\/a>\n                    <a class=\"more__link\" href=\"https:\/\/stiftadmont.at\/950-jahre-stift-admont\/grussworte\/\">\n            <div class=\"more__media\">\n                                    <picture class=\"more__image\">\n                        <source srcset=\"https:\/\/stiftadmont.at\/wp-content\/uploads\/SonyKando_StiftAdmont-\u00a9-MKniepeiss-2-1024x683.webp\" type=\"image\/webp\">\n                        <source srcset=\"https:\/\/stiftadmont.at\/wp-content\/uploads\/SonyKando_StiftAdmont-\u00a9-MKniepeiss-2-1024x683.jpg\" type=\"image\/jpeg\">\n                        <img decoding=\"async\" loading=\"lazy\" src=\"https:\/\/stiftadmont.at\/wp-content\/uploads\/SonyKando_StiftAdmont-\u00a9-MKniepeiss-2-1024x683.jpg\" alt=\"Sony Kando Trip Europe 2023 at Stift Admont\" \/>\n                    <\/picture>\n                            <\/div>\n            <div class=\"more__content\">\n                <div class=\"more__title--container\">\n                                            \n                                                                            \n                        <p class=\"text-bold text-white text--serif text--26\">Gastbeitr\u00e4ge \/ Gru\u00dfworte<\/p>\n                                                            <\/div>\n                                    <div class=\"more__cta\">\n                        <i class=\"fa-thin fa-chevron-right\"><\/i>\n                    <\/div>\n                            <\/div>\n        <\/a>\n                    <a class=\"more__link\" href=\"https:\/\/stiftadmont.at\/950-jahre-stift-admont\/jubilaeumsausstellung-2024\/\">\n            <div class=\"more__media\">\n                                    <picture class=\"more__image\">\n                        <source srcset=\"https:\/\/stiftadmont.at\/wp-content\/uploads\/Sonderausstellung_Stift-Admont_c-Thomas_Sattler_5_2-1024x768.webp\" type=\"image\/webp\">\n                        <source srcset=\"https:\/\/stiftadmont.at\/wp-content\/uploads\/Sonderausstellung_Stift-Admont_c-Thomas_Sattler_5_2-1024x768.jpg\" type=\"image\/jpeg\">\n                        <img decoding=\"async\" loading=\"lazy\" src=\"https:\/\/stiftadmont.at\/wp-content\/uploads\/Sonderausstellung_Stift-Admont_c-Thomas_Sattler_5_2-1024x768.jpg\"\n                             alt=\"Sonderausstellung Stift Admont c Thomas Sattler\" >\n                    <\/picture>\n                            <\/div>\n            <div class=\"more__content\">\n                <div class=\"more__title--container\">\n                                            \n                                                                            \n                        <p class=\"text-bold text-white text--serif text--26\">Die Jubil\u00e4umsausstellung 2024<\/p>\n                                                            <\/div>\n                                    <div class=\"more__cta\">\n                        <i class=\"fa-thin fa-chevron-right\"><\/i>\n                    <\/div>\n                            <\/div>\n        <\/a>\n                    <a class=\"more__link\" href=\"https:\/\/stiftadmont.at\/wp-content\/uploads\/Stift-Admont-Magazin-PAX-2024_www-DS.pdf\">\n            <div class=\"more__media\">\n                                    <picture class=\"more__image\">\n                        <source srcset=\"https:\/\/stiftadmont.at\/wp-content\/uploads\/Klostermarkttage_2019-c-Thomas-Sattler-22-1024x683.webp\" type=\"image\/webp\">\n                        <source srcset=\"https:\/\/stiftadmont.at\/wp-content\/uploads\/Klostermarkttage_2019-c-Thomas-Sattler-22-1024x683.jpg\" type=\"image\/jpeg\">\n                        <img decoding=\"async\" loading=\"lazy\" src=\"https:\/\/stiftadmont.at\/wp-content\/uploads\/Klostermarkttage_2019-c-Thomas-Sattler-22-1024x683.jpg\" alt=\"Klostermarkttage 2019 (c) Thomas Sattler 22\" \/>\n                    <\/picture>\n                            <\/div>\n            <div class=\"more__content\">\n                <div class=\"more__title--container\">\n                                            \n                                                                            \n                        <p class=\"text-bold text-white text--serif text--26\">Jubil\u00e4umsausgabe PAX-Magazin<\/p>\n                                                            <\/div>\n                                    <div class=\"more__cta\">\n                        <i class=\"fa-thin fa-chevron-right\"><\/i>\n                    <\/div>\n                            <\/div>\n        <\/a>\n                    <a class=\"more__link\" href=\"https:\/\/stiftadmont.at\/950-jahre-stift-admont\/exklusivsponsoren\/\">\n            <div class=\"more__media\">\n                                    <picture class=\"more__image\">\n                        <source srcset=\"https:\/\/stiftadmont.at\/wp-content\/uploads\/Stift-Admont-Sonderausstellung-Handschriften-c-Thomas-Sattler-12_www-1024x683.webp\" type=\"image\/webp\">\n                        <source srcset=\"https:\/\/stiftadmont.at\/wp-content\/uploads\/Stift-Admont-Sonderausstellung-Handschriften-c-Thomas-Sattler-12_www-1024x683.jpg\" type=\"image\/jpeg\">\n                        <img decoding=\"async\" loading=\"lazy\" src=\"https:\/\/stiftadmont.at\/wp-content\/uploads\/Stift-Admont-Sonderausstellung-Handschriften-c-Thomas-Sattler-12_www-1024x683.jpg\" alt=\"Stift Admont   Sonderausstellung Handschriften (c) Thomas Sattler 12 www\" \/>\n                    <\/picture>\n                            <\/div>\n            <div class=\"more__content\">\n                <div class=\"more__title--container\">\n                                            \n                                                                            \n                        <p class=\"text-bold text-white text--serif text--26\">Exklusivsponsoren<\/p>\n                                                            <\/div>\n                                    <div class=\"more__cta\">\n                        <i class=\"fa-thin fa-chevron-right\"><\/i>\n                    <\/div>\n                            <\/div>\n        <\/a>\n                    <a class=\"more__link\" href=\"https:\/\/stiftadmont.at\/950-jahre-stift-admont\/380-jahre-stiftsgymnasium-admont\/\">\n            <div class=\"more__media\">\n                                    <picture class=\"more__image\">\n                        <source srcset=\"https:\/\/stiftadmont.at\/wp-content\/uploads\/aussenaufnahme-Gymnasium_@Thomas-Sattler-e1648799120729-1024x683.webp\" type=\"image\/webp\">\n                        <source srcset=\"https:\/\/stiftadmont.at\/wp-content\/uploads\/aussenaufnahme-Gymnasium_@Thomas-Sattler-e1648799120729-1024x683.jpg\" type=\"image\/jpeg\">\n                        <img decoding=\"async\" loading=\"lazy\" src=\"https:\/\/stiftadmont.at\/wp-content\/uploads\/aussenaufnahme-Gymnasium_@Thomas-Sattler-e1648799120729-1024x683.jpg\" alt=\"Stiftsymnasium Admont - Au\u00dfenaufnahme \u00a9 Thomas Sattler\" \/>\n                    <\/picture>\n                            <\/div>\n            <div class=\"more__content\">\n                <div class=\"more__title--container\">\n                                            \n                                                                            \n                        <p class=\"text-bold text-white text--serif text--26\">380 Jahre Stiftsgymnasium Admont<\/p>\n                                                            <\/div>\n                                    <div class=\"more__cta\">\n                        <i class=\"fa-thin fa-chevron-right\"><\/i>\n                    <\/div>\n                            <\/div>\n        <\/a>\n                    <a class=\"more__link\" href=\"https:\/\/stiftadmont.at\/blog\/category\/aufgabenbereiche-einst-und-jetzt\/\">\n            <div class=\"more__media\">\n                                    <picture class=\"more__image\">\n                        <source srcset=\"https:\/\/stiftadmont.at\/wp-content\/uploads\/Stift-Admont-Panorama_c-Stift-Admont-2-1024x460.webp\" type=\"image\/webp\">\n                        <source srcset=\"https:\/\/stiftadmont.at\/wp-content\/uploads\/Stift-Admont-Panorama_c-Stift-Admont-2-1024x460.jpg\" type=\"image\/jpeg\">\n                        <img decoding=\"async\" loading=\"lazy\" src=\"https:\/\/stiftadmont.at\/wp-content\/uploads\/Stift-Admont-Panorama_c-Stift-Admont-2-1024x460.jpg\" alt=\"Stift Admont Panorama (c) Stift Admont\" \/>\n                    <\/picture>\n                            <\/div>\n            <div class=\"more__content\">\n                <div class=\"more__title--container\">\n                                            \n                                                                            \n                        <p class=\"text-bold text-white text--serif text--26\">Aufgabenbereiche einst und jetzt<\/p>\n                                                            <\/div>\n                                    <div class=\"more__cta\">\n                        <i class=\"fa-thin fa-chevron-right\"><\/i>\n                    <\/div>\n                            <\/div>\n        <\/a>\n    \n<\/div>\n\n<\/section>","protected":false},"excerpt":{"rendered":"","protected":false},"author":7,"featured_media":0,"parent":0,"menu_order":0,"comment_status":"closed","ping_status":"closed","template":"","meta":{"_acf_changed":false,"footnotes":""},"categories":[],"class_list":["post-34225","page","type-page","status-publish","hentry"],"acf":[],"yoast_head":"<!-- This site is optimized with the Yoast SEO Premium plugin v26.0 (Yoast SEO v26.8) - https:\/\/yoast.com\/product\/yoast-seo-premium-wordpress\/ -->\n<title>Das Jubil\u00e4umsjahr 2024 - Stift Admont<\/title>\n<meta name=\"description\" content=\"Benediktinerstift Admont feiert 2024 sein 950-j\u00e4hriges Bestehen mit Festgottesdiensten, Sonderausstellungen &amp; Kulturprogrammen.\" \/>\n<meta name=\"robots\" content=\"index, follow, max-snippet:-1, max-image-preview:large, max-video-preview:-1\" \/>\n<link rel=\"canonical\" href=\"https:\/\/stiftadmont.at\/es\/el-ano-jubilar-2024\/\" \/>\n<meta property=\"og:locale\" content=\"es_ES\" \/>\n<meta property=\"og:type\" content=\"article\" \/>\n<meta property=\"og:title\" content=\"Das Jubil\u00e4umsjahr 2024\" \/>\n<meta property=\"og:description\" content=\"Benediktinerstift Admont feiert 2024 sein 950-j\u00e4hriges Bestehen mit Festgottesdiensten, Sonderausstellungen &amp; Kulturprogrammen.\" \/>\n<meta property=\"og:url\" content=\"https:\/\/stiftadmont.at\/es\/el-ano-jubilar-2024\/\" \/>\n<meta property=\"og:site_name\" content=\"Stift Admont\" \/>\n<meta property=\"article:modified_time\" content=\"2025-10-14T09:09:30+00:00\" \/>\n<meta property=\"og:image\" content=\"https:\/\/stiftadmont.at\/wp-content\/uploads\/Klosteranlage-innen.jpg\" \/>\n\t<meta property=\"og:image:width\" content=\"1912\" \/>\n\t<meta property=\"og:image:height\" content=\"1188\" \/>\n\t<meta property=\"og:image:type\" content=\"image\/jpeg\" \/>\n<meta name=\"twitter:card\" content=\"summary_large_image\" \/>\n<script type=\"application\/ld+json\" class=\"yoast-schema-graph\">{\"@context\":\"https:\/\/schema.org\",\"@graph\":[{\"@type\":\"WebPage\",\"@id\":\"https:\/\/stiftadmont.at\/das-jubilaumsjahr-2024\/\",\"url\":\"https:\/\/stiftadmont.at\/das-jubilaumsjahr-2024\/\",\"name\":\"Das Jubil\u00e4umsjahr 2024 - Stift Admont\",\"isPartOf\":{\"@id\":\"https:\/\/stiftadmont.at\/#website\"},\"datePublished\":\"2025-04-04T06:15:17+00:00\",\"dateModified\":\"2025-10-14T09:09:30+00:00\",\"description\":\"Benediktinerstift Admont feiert 2024 sein 950-j\u00e4hriges Bestehen mit Festgottesdiensten, Sonderausstellungen & Kulturprogrammen.\",\"breadcrumb\":{\"@id\":\"https:\/\/stiftadmont.at\/das-jubilaumsjahr-2024\/#breadcrumb\"},\"inLanguage\":\"es\",\"potentialAction\":[{\"@type\":\"ReadAction\",\"target\":[\"https:\/\/stiftadmont.at\/das-jubilaumsjahr-2024\/\"]}]},{\"@type\":\"BreadcrumbList\",\"@id\":\"https:\/\/stiftadmont.at\/das-jubilaumsjahr-2024\/#breadcrumb\",\"itemListElement\":[{\"@type\":\"ListItem\",\"position\":1,\"name\":\"Start\",\"item\":\"https:\/\/stiftadmont.at\/\"},{\"@type\":\"ListItem\",\"position\":2,\"name\":\"Das Jubil\u00e4umsjahr 2024\"}]},{\"@type\":\"WebSite\",\"@id\":\"https:\/\/stiftadmont.at\/#website\",\"url\":\"https:\/\/stiftadmont.at\/\",\"name\":\"Stift Admont\",\"description\":\"Benediktinerkloster und Sehensw\u00fcrdigkeit im Ges\u00e4use\",\"potentialAction\":[{\"@type\":\"SearchAction\",\"target\":{\"@type\":\"EntryPoint\",\"urlTemplate\":\"https:\/\/stiftadmont.at\/?s={search_term_string}\"},\"query-input\":{\"@type\":\"PropertyValueSpecification\",\"valueRequired\":true,\"valueName\":\"search_term_string\"}}],\"inLanguage\":\"es\"}]}<\/script>\n<!-- \/ Yoast SEO Premium plugin. -->","yoast_head_json":{"title":"A\u00f1o jubilar 2024 - Abad\u00eda de Admont","description":"La abad\u00eda benedictina de Admont celebra su 950 aniversario en 2024 con oficios religiosos festivos, exposiciones especiales y programas culturales.","robots":{"index":"index","follow":"follow","max-snippet":"max-snippet:-1","max-image-preview":"max-image-preview:large","max-video-preview":"max-video-preview:-1"},"canonical":"https:\/\/stiftadmont.at\/es\/el-ano-jubilar-2024\/","og_locale":"es_ES","og_type":"article","og_title":"Das Jubil\u00e4umsjahr 2024","og_description":"Benediktinerstift Admont feiert 2024 sein 950-j\u00e4hriges Bestehen mit Festgottesdiensten, Sonderausstellungen & Kulturprogrammen.","og_url":"https:\/\/stiftadmont.at\/es\/el-ano-jubilar-2024\/","og_site_name":"Stift Admont","article_modified_time":"2025-10-14T09:09:30+00:00","og_image":[{"width":1912,"height":1188,"url":"https:\/\/stiftadmont.at\/wp-content\/uploads\/Klosteranlage-innen.jpg","type":"image\/jpeg"}],"twitter_card":"summary_large_image","schema":{"@context":"https:\/\/schema.org","@graph":[{"@type":"WebPage","@id":"https:\/\/stiftadmont.at\/das-jubilaumsjahr-2024\/","url":"https:\/\/stiftadmont.at\/das-jubilaumsjahr-2024\/","name":"A\u00f1o jubilar 2024 - Abad\u00eda de Admont","isPartOf":{"@id":"https:\/\/stiftadmont.at\/#website"},"datePublished":"2025-04-04T06:15:17+00:00","dateModified":"2025-10-14T09:09:30+00:00","description":"La abad\u00eda benedictina de Admont celebra su 950 aniversario en 2024 con oficios religiosos festivos, exposiciones especiales y programas culturales.","breadcrumb":{"@id":"https:\/\/stiftadmont.at\/das-jubilaumsjahr-2024\/#breadcrumb"},"inLanguage":"es","potentialAction":[{"@type":"ReadAction","target":["https:\/\/stiftadmont.at\/das-jubilaumsjahr-2024\/"]}]},{"@type":"BreadcrumbList","@id":"https:\/\/stiftadmont.at\/das-jubilaumsjahr-2024\/#breadcrumb","itemListElement":[{"@type":"ListItem","position":1,"name":"Start","item":"https:\/\/stiftadmont.at\/"},{"@type":"ListItem","position":2,"name":"Das Jubil\u00e4umsjahr 2024"}]},{"@type":"WebSite","@id":"https:\/\/stiftadmont.at\/#website","url":"https:\/\/stiftadmont.at\/","name":"Abad\u00eda de Admont","description":"Monasterio benedictino y atracci\u00f3n tur\u00edstica en el Ges\u00e4use","potentialAction":[{"@type":"SearchAction","target":{"@type":"EntryPoint","urlTemplate":"https:\/\/stiftadmont.at\/?s={search_term_string}"},"query-input":{"@type":"PropertyValueSpecification","valueRequired":true,"valueName":"search_term_string"}}],"inLanguage":"es"}]}},"_links":{"self":[{"href":"https:\/\/stiftadmont.at\/es\/wp-json\/wp\/v2\/pages\/34225","targetHints":{"allow":["GET"]}}],"collection":[{"href":"https:\/\/stiftadmont.at\/es\/wp-json\/wp\/v2\/pages"}],"about":[{"href":"https:\/\/stiftadmont.at\/es\/wp-json\/wp\/v2\/types\/page"}],"author":[{"embeddable":true,"href":"https:\/\/stiftadmont.at\/es\/wp-json\/wp\/v2\/users\/7"}],"replies":[{"embeddable":true,"href":"https:\/\/stiftadmont.at\/es\/wp-json\/wp\/v2\/comments?post=34225"}],"version-history":[{"count":3,"href":"https:\/\/stiftadmont.at\/es\/wp-json\/wp\/v2\/pages\/34225\/revisions"}],"predecessor-version":[{"id":34231,"href":"https:\/\/stiftadmont.at\/es\/wp-json\/wp\/v2\/pages\/34225\/revisions\/34231"}],"wp:attachment":[{"href":"https:\/\/stiftadmont.at\/es\/wp-json\/wp\/v2\/media?parent=34225"}],"wp:term":[{"taxonomy":"category","embeddable":true,"href":"https:\/\/stiftadmont.at\/es\/wp-json\/wp\/v2\/categories?post=34225"}],"curies":[{"name":"wp","href":"https:\/\/api.w.org\/{rel}","templated":true}]}}