{"id":35941,"date":"2025-06-26T12:45:23","date_gmt":"2025-06-26T10:45:23","guid":{"rendered":"https:\/\/stiftadmont.at\/?page_id=35941"},"modified":"2025-06-26T12:47:51","modified_gmt":"2025-06-26T10:47:51","slug":"horario-de-apertura-archivo-de-la-abadia","status":"publish","type":"page","link":"https:\/\/stiftadmont.at\/es\/benuetzung-oeffnungszeiten-stiftsarchiv\/","title":{"rendered":"Uso y horarios"},"content":{"rendered":"<section id='lightpress__section--block_2672ac2cde9dd01a4134e202c0ace1b5' class='align-center lightpress__section--default-section-space lightpress__section lightpress__section--headline'><div class=\"headline__container\">\n            <h2 class=\"headline text--40 text-medium line line--gold line-above line-middle\">Ben\u00fctzung &#038; \u00d6ffnungszeiten<\/h2>\n        <p class=\"text-center text-gold text--20 text-medium text--uppercase\">Nachstehend finden Sie Infos zur Benutzerordnung<\/p>\n        <div class=\"spacer--40\"><\/div>\n<\/div>\n\n<\/section>\n\n<section id='lightpress__section--block_cc2510d5fc4c60a08be9acdfd6ffd19c' class='lightpress__section--default-section-space lightpress__section lightpress__section--content'><div class=\"content__inner\"\n         x-init=\"initContentBlockAnim($el)\">\n        \n    <div class=\"content__grid content__grid--fifty-fifty\">\n                                            <div class=\"content__box content__box\"\n                 style=\"\">\n                                \n                \n                                        <div class=\"content__media stickyTo\" x-init=\"imageSticky($el)\">\n\n                                                                                                <picture\n                                class=\"content__image sticky\">\n                            <source srcset=\"https:\/\/stiftadmont.at\/wp-content\/uploads\/71-Stift-Admont-4.5.24-71_www-1024x683.jpg\"\n                                    type=\"image\/webp\">\n                            <source srcset=\"https:\/\/stiftadmont.at\/wp-content\/uploads\/71-Stift-Admont-4.5.24-71_www-1024x683.jpg\"\n                                    type=\"image\/jpeg\">\n                            <img decoding=\"async\" loading=\"lazy\" src=\"https:\/\/stiftadmont.at\/wp-content\/uploads\/71-Stift-Admont-4.5.24-71_www-1024x683.jpg\" alt=\"71   Stift Admont 4.5.24 71 www\" width=\"600\" height=\"450\" \/>\n                                                                                                            <\/picture>\n\n                    <\/div>\n\n                            <\/div>\n        \n                                                    <div class=\"content__box content__box--2\"\n                     >\n                                        \n                    \n                                                    <div class=\"prose\"><p class=\"text-left\">Die Ben\u00fctzung der Archiv- und Bibliotheksbest\u00e4nde ist nach Vereinbarung mit Stiftsarchivar und -bibliothekar Pater Maximilian Schieferm\u00fcller OSB m\u00f6glich.<\/p>\n<p class=\"text-left\">\u00a0<\/p>\n<p class=\"text-left\">Bitte kontaktieren Sie uns unter:<\/p>\n<p class=\"text-left\">\u00a0<\/p>\n<p class=\"text-left\"><a class=\"phone\" href=\"tel:+4336132312602\"><span class=\"icon-outer\"><i class=\"fa-light fa-phone\"><\/i><\/span>+43 (0) 3613\/2312-602<\/a><\/p>\n<p class=\"text-left\"><a class=\"email\" href=\"mailto:archiv@stiftadmont.at\"><span class=\"icon-outer\"><i class=\"fa-light fa-envelope\"><\/i><\/span>archiv@stiftadmont.at<\/a><\/p>\n<p class=\"text-left\">\u00a0<\/p>\n<p class=\"text-left\">Die Ben\u00fctzung ist unter Einhaltung der Benutzerordnung gestattet.<\/p>\n<p class=\"text-left\">\u00a0<\/p>\n<p class=\"text-left\"><button class=\"popup-buton admont-button admont-button--outline-red\" x-on:click=\"$store.popups.setOpen('benutzerordnung', true)\">Benutzerordnung<\/button><\/p>\n<\/div>\n                        \n                                    <\/div>\n            \n            <\/div>\n<\/div>\n\n<\/section>\n\n<section id='lightpress__section--block_1ff3da02c0a69077ef5727b4659febae' class='lightpress__section--default-section-space lightpress__section lightpress__section--image-slider'>\n<div class=\"image-slider\"\n     x-data=\"{ gallery: null, shown: false }\"\n     x-init=\"gallery = initSliderGallery([{&quot;href&quot;:&quot;https:\\\/\\\/stiftadmont.at\\\/wp-content\\\/uploads\\\/73-Stift-Admont-4.5.24-73_www.jpg&quot;,&quot;type&quot;:&quot;image&quot;},{&quot;href&quot;:&quot;https:\\\/\\\/stiftadmont.at\\\/wp-content\\\/uploads\\\/Archiv-3-1920x1362.png&quot;,&quot;type&quot;:&quot;image&quot;},{&quot;href&quot;:&quot;https:\\\/\\\/stiftadmont.at\\\/wp-content\\\/uploads\\\/Archiv-1-1920x1364.png&quot;,&quot;type&quot;:&quot;image&quot;},{&quot;href&quot;:&quot;https:\\\/\\\/stiftadmont.at\\\/wp-content\\\/uploads\\\/Stift-Admont_c-Thomas-Sattler-23_www-1920x1280.jpg&quot;,&quot;type&quot;:&quot;image&quot;},{&quot;href&quot;:&quot;https:\\\/\\\/stiftadmont.at\\\/wp-content\\\/uploads\\\/wwwPater-Vinzenz-scaled-1920x1440.jpg&quot;,&quot;type&quot;:&quot;image&quot;},{&quot;href&quot;:&quot;https:\\\/\\\/stiftadmont.at\\\/wp-content\\\/uploads\\\/Archiv-2-1920x1259.png&quot;,&quot;type&quot;:&quot;image&quot;}]); initImageSliderBlockAnim($el);\">\n    <div class=\"image-slider__inner\">\n\n        <div class=\"swiper-container\" x-init=\"initImageSliderBlock($el, $refs.btnPrev, $refs.btnNext)\">\n            <div class=\"swiper-wrapper\">\n                                    <div class=\"swiper-slide\">\n                        <div class=\"image-slider__media\">\n                            <img decoding=\"async\" class=\"image-slider__image\"\n                                 src=\"https:\/\/stiftadmont.at\/wp-content\/uploads\/73-Stift-Admont-4.5.24-73_www-768x1151.jpg\"\n                                 alt=\"73   Stift Admont 4.5.24 73 www\">\n                        <\/div>\n                    <\/div>\n                                    <div class=\"swiper-slide\">\n                        <div class=\"image-slider__media\">\n                            <img decoding=\"async\" class=\"image-slider__image\"\n                                 src=\"https:\/\/stiftadmont.at\/wp-content\/uploads\/Archiv-3-768x545.png\"\n                                 alt=\"Archiv 3\">\n                        <\/div>\n                    <\/div>\n                                    <div class=\"swiper-slide\">\n                        <div class=\"image-slider__media\">\n                            <img decoding=\"async\" class=\"image-slider__image\"\n                                 src=\"https:\/\/stiftadmont.at\/wp-content\/uploads\/Archiv-1-768x546.png\"\n                                 alt=\"Archiv 1\">\n                        <\/div>\n                    <\/div>\n                                    <div class=\"swiper-slide\">\n                        <div class=\"image-slider__media\">\n                            <img decoding=\"async\" class=\"image-slider__image\"\n                                 src=\"https:\/\/stiftadmont.at\/wp-content\/uploads\/Stift-Admont_c-Thomas-Sattler-23_www-768x512.jpg\"\n                                 alt=\"Stift Admont c Thomas Sattler 23 www scaled\">\n                        <\/div>\n                    <\/div>\n                                    <div class=\"swiper-slide\">\n                        <div class=\"image-slider__media\">\n                            <img decoding=\"async\" class=\"image-slider__image\"\n                                 src=\"https:\/\/stiftadmont.at\/wp-content\/uploads\/wwwPater-Vinzenz-scaled-768x576.jpg\"\n                                 alt=\"wwwPater Vinzenz\">\n                        <\/div>\n                    <\/div>\n                                    <div class=\"swiper-slide\">\n                        <div class=\"image-slider__media\">\n                            <img decoding=\"async\" class=\"image-slider__image\"\n                                 src=\"https:\/\/stiftadmont.at\/wp-content\/uploads\/Archiv-2-768x503.png\"\n                                 alt=\"Archiv 2\">\n                        <\/div>\n                    <\/div>\n                            <\/div>\n\n            <div class=\"swiper-nav-wrapper\">\n                <button class=\"swiper-button-prev slider-button--prev\" x-ref=\"btnPrev\"\n                        aria-label=\"Vorige Bilder anzeigen\">\n                    <img decoding=\"async\" src=\"\/wp-content\/themes\/stift-admont\/src\/assets\/img\/arrow-left-big-new.svg\" alt=\"Pfeil nach Links\">\n                <\/button>\n\n\n                <a class=\"image-slider__gallery\" @click=\"openGallery(gallery)\"><i class=\"fa-thin fa-plus\"><\/i><\/a>\n                <button class=\"swiper-button-next slider-button--next\"\n                        x-ref=\"btnNext\"\n                        aria-label=\"N\u00e4chste Bilder anzeigen\">\n                    <img decoding=\"async\" src=\"\/wp-content\/themes\/stift-admont\/src\/assets\/img\/arrow-right-big-new.svg\" alt=\"Pfeil nach Rechts\">\n                <\/button>\n            <\/div>\n        <\/div>\n    <\/div>\n\n\n<\/div><\/section>","protected":false},"excerpt":{"rendered":"","protected":false},"author":7,"featured_media":16657,"parent":0,"menu_order":0,"comment_status":"closed","ping_status":"closed","template":"","meta":{"_acf_changed":false,"footnotes":""},"categories":[],"class_list":["post-35941","page","type-page","status-publish","has-post-thumbnail","hentry"],"acf":[],"yoast_head":"<!-- This site is optimized with the Yoast SEO Premium plugin v26.0 (Yoast SEO v26.8) - https:\/\/yoast.com\/product\/yoast-seo-premium-wordpress\/ -->\n<title>Ben\u00fctzung &amp; \u00d6ffnungszeiten - Stift Admont<\/title>\n<meta name=\"robots\" content=\"index, follow, max-snippet:-1, max-image-preview:large, max-video-preview:-1\" \/>\n<link rel=\"canonical\" href=\"https:\/\/stiftadmont.at\/es\/horario-de-apertura-archivo-de-la-abadia\/\" \/>\n<meta property=\"og:locale\" content=\"es_ES\" \/>\n<meta property=\"og:type\" content=\"article\" \/>\n<meta property=\"og:title\" content=\"Ben\u00fctzung &amp; \u00d6ffnungszeiten\" \/>\n<meta property=\"og:url\" content=\"https:\/\/stiftadmont.at\/es\/horario-de-apertura-archivo-de-la-abadia\/\" \/>\n<meta property=\"og:site_name\" content=\"Stift Admont\" \/>\n<meta property=\"article:modified_time\" content=\"2025-06-26T10:47:51+00:00\" \/>\n<meta property=\"og:image\" content=\"https:\/\/stiftadmont.at\/wp-content\/uploads\/Stift-Admont_c-Thomas-Sattler-23_www-scaled.jpg\" \/>\n\t<meta property=\"og:image:width\" content=\"2560\" \/>\n\t<meta property=\"og:image:height\" content=\"1706\" \/>\n\t<meta property=\"og:image:type\" content=\"image\/jpeg\" \/>\n<meta name=\"twitter:card\" content=\"summary_large_image\" \/>\n<meta name=\"twitter:label1\" content=\"Tiempo de lectura\" \/>\n\t<meta name=\"twitter:data1\" content=\"1 minuto\" \/>\n<script type=\"application\/ld+json\" class=\"yoast-schema-graph\">{\"@context\":\"https:\/\/schema.org\",\"@graph\":[{\"@type\":\"WebPage\",\"@id\":\"https:\/\/stiftadmont.at\/benuetzung-oeffnungszeiten-stiftsarchiv\/\",\"url\":\"https:\/\/stiftadmont.at\/benuetzung-oeffnungszeiten-stiftsarchiv\/\",\"name\":\"Ben\u00fctzung &amp; \u00d6ffnungszeiten - Stift Admont\",\"isPartOf\":{\"@id\":\"https:\/\/stiftadmont.at\/#website\"},\"primaryImageOfPage\":{\"@id\":\"https:\/\/stiftadmont.at\/benuetzung-oeffnungszeiten-stiftsarchiv\/#primaryimage\"},\"image\":{\"@id\":\"https:\/\/stiftadmont.at\/benuetzung-oeffnungszeiten-stiftsarchiv\/#primaryimage\"},\"thumbnailUrl\":\"https:\/\/stiftadmont.at\/wp-content\/uploads\/Stift-Admont_c-Thomas-Sattler-23_www-scaled.jpg\",\"datePublished\":\"2025-06-26T10:45:23+00:00\",\"dateModified\":\"2025-06-26T10:47:51+00:00\",\"breadcrumb\":{\"@id\":\"https:\/\/stiftadmont.at\/benuetzung-oeffnungszeiten-stiftsarchiv\/#breadcrumb\"},\"inLanguage\":\"es\",\"potentialAction\":[{\"@type\":\"ReadAction\",\"target\":[\"https:\/\/stiftadmont.at\/benuetzung-oeffnungszeiten-stiftsarchiv\/\"]}]},{\"@type\":\"ImageObject\",\"inLanguage\":\"es\",\"@id\":\"https:\/\/stiftadmont.at\/benuetzung-oeffnungszeiten-stiftsarchiv\/#primaryimage\",\"url\":\"https:\/\/stiftadmont.at\/wp-content\/uploads\/Stift-Admont_c-Thomas-Sattler-23_www-scaled.jpg\",\"contentUrl\":\"https:\/\/stiftadmont.at\/wp-content\/uploads\/Stift-Admont_c-Thomas-Sattler-23_www-scaled.jpg\",\"width\":2560,\"height\":1706,\"caption\":\"Stift Admont c Thomas Sattler 23 www scaled\"},{\"@type\":\"BreadcrumbList\",\"@id\":\"https:\/\/stiftadmont.at\/benuetzung-oeffnungszeiten-stiftsarchiv\/#breadcrumb\",\"itemListElement\":[{\"@type\":\"ListItem\",\"position\":1,\"name\":\"Start\",\"item\":\"https:\/\/stiftadmont.at\/\"},{\"@type\":\"ListItem\",\"position\":2,\"name\":\"Ben\u00fctzung &amp; \u00d6ffnungszeiten\"}]},{\"@type\":\"WebSite\",\"@id\":\"https:\/\/stiftadmont.at\/#website\",\"url\":\"https:\/\/stiftadmont.at\/\",\"name\":\"Stift Admont\",\"description\":\"Benediktinerkloster und Sehensw\u00fcrdigkeit im Ges\u00e4use\",\"potentialAction\":[{\"@type\":\"SearchAction\",\"target\":{\"@type\":\"EntryPoint\",\"urlTemplate\":\"https:\/\/stiftadmont.at\/?s={search_term_string}\"},\"query-input\":{\"@type\":\"PropertyValueSpecification\",\"valueRequired\":true,\"valueName\":\"search_term_string\"}}],\"inLanguage\":\"es\"}]}<\/script>\n<!-- \/ Yoast SEO Premium plugin. -->","yoast_head_json":{"title":"Utilizaci\u00f3n y horarios - Abad\u00eda de Admont","robots":{"index":"index","follow":"follow","max-snippet":"max-snippet:-1","max-image-preview":"max-image-preview:large","max-video-preview":"max-video-preview:-1"},"canonical":"https:\/\/stiftadmont.at\/es\/horario-de-apertura-archivo-de-la-abadia\/","og_locale":"es_ES","og_type":"article","og_title":"Ben\u00fctzung &amp; \u00d6ffnungszeiten","og_url":"https:\/\/stiftadmont.at\/es\/horario-de-apertura-archivo-de-la-abadia\/","og_site_name":"Stift Admont","article_modified_time":"2025-06-26T10:47:51+00:00","og_image":[{"width":2560,"height":1706,"url":"https:\/\/stiftadmont.at\/wp-content\/uploads\/Stift-Admont_c-Thomas-Sattler-23_www-scaled.jpg","type":"image\/jpeg"}],"twitter_card":"summary_large_image","twitter_misc":{"Tiempo de lectura":"1 minuto"},"schema":{"@context":"https:\/\/schema.org","@graph":[{"@type":"WebPage","@id":"https:\/\/stiftadmont.at\/benuetzung-oeffnungszeiten-stiftsarchiv\/","url":"https:\/\/stiftadmont.at\/benuetzung-oeffnungszeiten-stiftsarchiv\/","name":"Utilizaci\u00f3n y horarios - Abad\u00eda de Admont","isPartOf":{"@id":"https:\/\/stiftadmont.at\/#website"},"primaryImageOfPage":{"@id":"https:\/\/stiftadmont.at\/benuetzung-oeffnungszeiten-stiftsarchiv\/#primaryimage"},"image":{"@id":"https:\/\/stiftadmont.at\/benuetzung-oeffnungszeiten-stiftsarchiv\/#primaryimage"},"thumbnailUrl":"https:\/\/stiftadmont.at\/wp-content\/uploads\/Stift-Admont_c-Thomas-Sattler-23_www-scaled.jpg","datePublished":"2025-06-26T10:45:23+00:00","dateModified":"2025-06-26T10:47:51+00:00","breadcrumb":{"@id":"https:\/\/stiftadmont.at\/benuetzung-oeffnungszeiten-stiftsarchiv\/#breadcrumb"},"inLanguage":"es","potentialAction":[{"@type":"ReadAction","target":["https:\/\/stiftadmont.at\/benuetzung-oeffnungszeiten-stiftsarchiv\/"]}]},{"@type":"ImageObject","inLanguage":"es","@id":"https:\/\/stiftadmont.at\/benuetzung-oeffnungszeiten-stiftsarchiv\/#primaryimage","url":"https:\/\/stiftadmont.at\/wp-content\/uploads\/Stift-Admont_c-Thomas-Sattler-23_www-scaled.jpg","contentUrl":"https:\/\/stiftadmont.at\/wp-content\/uploads\/Stift-Admont_c-Thomas-Sattler-23_www-scaled.jpg","width":2560,"height":1706,"caption":"Stift Admont c Thomas Sattler 23 www scaled"},{"@type":"BreadcrumbList","@id":"https:\/\/stiftadmont.at\/benuetzung-oeffnungszeiten-stiftsarchiv\/#breadcrumb","itemListElement":[{"@type":"ListItem","position":1,"name":"Start","item":"https:\/\/stiftadmont.at\/"},{"@type":"ListItem","position":2,"name":"Ben\u00fctzung &amp; \u00d6ffnungszeiten"}]},{"@type":"WebSite","@id":"https:\/\/stiftadmont.at\/#website","url":"https:\/\/stiftadmont.at\/","name":"Abad\u00eda de Admont","description":"Monasterio benedictino y atracci\u00f3n tur\u00edstica en el Ges\u00e4use","potentialAction":[{"@type":"SearchAction","target":{"@type":"EntryPoint","urlTemplate":"https:\/\/stiftadmont.at\/?s={search_term_string}"},"query-input":{"@type":"PropertyValueSpecification","valueRequired":true,"valueName":"search_term_string"}}],"inLanguage":"es"}]}},"_links":{"self":[{"href":"https:\/\/stiftadmont.at\/es\/wp-json\/wp\/v2\/pages\/35941","targetHints":{"allow":["GET"]}}],"collection":[{"href":"https:\/\/stiftadmont.at\/es\/wp-json\/wp\/v2\/pages"}],"about":[{"href":"https:\/\/stiftadmont.at\/es\/wp-json\/wp\/v2\/types\/page"}],"author":[{"embeddable":true,"href":"https:\/\/stiftadmont.at\/es\/wp-json\/wp\/v2\/users\/7"}],"replies":[{"embeddable":true,"href":"https:\/\/stiftadmont.at\/es\/wp-json\/wp\/v2\/comments?post=35941"}],"version-history":[{"count":4,"href":"https:\/\/stiftadmont.at\/es\/wp-json\/wp\/v2\/pages\/35941\/revisions"}],"predecessor-version":[{"id":35946,"href":"https:\/\/stiftadmont.at\/es\/wp-json\/wp\/v2\/pages\/35941\/revisions\/35946"}],"wp:featuredmedia":[{"embeddable":true,"href":"https:\/\/stiftadmont.at\/es\/wp-json\/wp\/v2\/media\/16657"}],"wp:attachment":[{"href":"https:\/\/stiftadmont.at\/es\/wp-json\/wp\/v2\/media?parent=35941"}],"wp:term":[{"taxonomy":"category","embeddable":true,"href":"https:\/\/stiftadmont.at\/es\/wp-json\/wp\/v2\/categories?post=35941"}],"curies":[{"name":"wp","href":"https:\/\/api.w.org\/{rel}","templated":true}]}}