{"id":36466,"date":"2025-07-15T14:20:19","date_gmt":"2025-07-15T12:20:19","guid":{"rendered":"https:\/\/stiftadmont.at\/?page_id=36466"},"modified":"2025-07-18T09:32:02","modified_gmt":"2025-07-18T07:32:02","slug":"gastos-2011-2015","status":"publish","type":"page","link":"https:\/\/stiftadmont.at\/es\/archiv-stiftisches-magazin-pax\/ausgaben-2011-2015\/","title":{"rendered":"Ediciones PAX 2011 - 2015"},"content":{"rendered":"<section id='lightpress__section--block_5e21746c3a867786de2ba5f93c827cee' class='align-center lightpress__section--default-section-space lightpress__section lightpress__section--headline'><div class=\"headline__container\">\n            <h2 class=\"headline text--40 text-medium line line--gold line-above line-middle\">Archivo de la revista de la fundaci\u00f3n \"PAX\" - n\u00fameros 2011 - 2015<\/h2>\n        <p class=\"text-center text-gold text--20 text-medium text--uppercase\">Descubra los eventos y acontecimientos m\u00e1s importantes relacionados con la Abad\u00eda de Admont en nuestro archivo de revistas digitales. <br \/>\r\n<br \/>\r\nSi necesita una versi\u00f3n en alta resoluci\u00f3n de la revista \"PAX\" (aprox. 150-200 MB), puede solicitarla por correo electr\u00f3nico a presse@stiftadmont.at. Esperamos que disfrute de su lectura.<\/p>\n        <div class=\"spacer--40\"><\/div>\n<\/div>\n\n<\/section>\n\n<section id='lightpress__section--block_7ca31ec13258d1b18db3314cc94cd627' class='lightpress__section--more-links--950 lightpress__section--full-width lightpress__section--default-section-space lightpress__section lightpress__section--more-links'><div class=\"more\" x-init=\"initMoreLinksBlockAnim($el)\">\n            <style>\n            #lightpress__section--block_7ca31ec13258d1b18db3314cc94cd627 .more {\n                --entry-width: calc(100% \/ 4 - var(--grid-gap) * 4);\n                grid-template-columns: repeat(auto-fit, minmax(max(var(--entry-width),50rem), 1fr));\n            }\n        <\/style>\n    \n                    <a class=\"more__link\" href=\"https:\/\/stiftadmont.at\/es\/archivo-fundacion-revista-pax\/gastos-2011\/\">\n            <div class=\"more__media\">\n                                    <picture class=\"more__image\">\n                        <source srcset=\"https:\/\/stiftadmont.at\/wp-content\/uploads\/aussenaufnahmen_@Thomas-Sattler-6-e1648757081233-1024x683.webp\" type=\"image\/webp\">\n                        <source srcset=\"https:\/\/stiftadmont.at\/wp-content\/uploads\/aussenaufnahmen_@Thomas-Sattler-6-e1648757081233-1024x683.jpg\" type=\"image\/jpeg\">\n                        <img decoding=\"async\" loading=\"lazy\" src=\"https:\/\/stiftadmont.at\/wp-content\/uploads\/aussenaufnahmen_@Thomas-Sattler-6-e1648757081233-1024x683.jpg\" alt=\"tomas exteriores @Thomas Sattler 6 e1648757081233\" \/>\n                    <\/picture>\n                            <\/div>\n            <div class=\"more__content\">\n                <div class=\"more__title--container\">\n                                            \n                                                                            \n                        <p class=\"text-bold text-white text--serif text--26\">Edici\u00f3n de 2011<\/p>\n                                                            <\/div>\n                                    <div class=\"more__cta\">\n                        <i class=\"fa-thin fa-chevron-right\"><\/i>\n                    <\/div>\n                            <\/div>\n        <\/a>\n                    <a class=\"more__link\" href=\"https:\/\/stiftadmont.at\/es\/archivo-fundacion-revista-pax\/edicion-de-2012\/\">\n            <div class=\"more__media\">\n                                    <picture class=\"more__image\">\n                        <source srcset=\"https:\/\/stiftadmont.at\/wp-content\/uploads\/aussenaufnahmen_@Thomas-Sattler-5-1-e1648800169260-1024x683.webp\" type=\"image\/webp\">\n                        <source srcset=\"https:\/\/stiftadmont.at\/wp-content\/uploads\/aussenaufnahmen_@Thomas-Sattler-5-1-e1648800169260-1024x683.jpg\" type=\"image\/jpeg\">\n                        <img decoding=\"async\" loading=\"lazy\" src=\"https:\/\/stiftadmont.at\/wp-content\/uploads\/aussenaufnahmen_@Thomas-Sattler-5-1-e1648800169260-1024x683.jpg\" alt=\"tomas exteriores @Thomas Sattler 5 1 e1648800169260\" \/>\n                    <\/picture>\n                            <\/div>\n            <div class=\"more__content\">\n                <div class=\"more__title--container\">\n                                            \n                                                                            \n                        <p class=\"text-bold text-white text--serif text--26\">Edici\u00f3n de 2012<\/p>\n                                                            <\/div>\n                                    <div class=\"more__cta\">\n                        <i class=\"fa-thin fa-chevron-right\"><\/i>\n                    <\/div>\n                            <\/div>\n        <\/a>\n                    <a class=\"more__link\" href=\"https:\/\/stiftadmont.at\/es\/archivo-fundacion-revista-pax\/edicion-de-2013\/\">\n            <div class=\"more__media\">\n                                    <picture class=\"more__image\">\n                        <source srcset=\"https:\/\/stiftadmont.at\/wp-content\/uploads\/Jubilaeumss-Ausstellung-2013-b_www-1024x766.webp\" type=\"image\/webp\">\n                        <source srcset=\"https:\/\/stiftadmont.at\/wp-content\/uploads\/Jubilaeumss-Ausstellung-2013-b_www-1024x766.jpg\" type=\"image\/jpeg\">\n                        <img decoding=\"async\" loading=\"lazy\" src=\"https:\/\/stiftadmont.at\/wp-content\/uploads\/Jubilaeumss-Ausstellung-2013-b_www-1024x766.jpg\" alt=\"Exposici\u00f3n aniversario 2013 b www\" \/>\n                    <\/picture>\n                            <\/div>\n            <div class=\"more__content\">\n                <div class=\"more__title--container\">\n                                            \n                                                                            \n                        <p class=\"text-bold text-white text--serif text--26\">Edici\u00f3n de 2013<\/p>\n                                                            <\/div>\n                                    <div class=\"more__cta\">\n                        <i class=\"fa-thin fa-chevron-right\"><\/i>\n                    <\/div>\n                            <\/div>\n        <\/a>\n                    <a class=\"more__link\" href=\"https:\/\/stiftadmont.at\/es\/archivo-fundacion-revista-pax\/edicion-de-2014\/\">\n            <div class=\"more__media\">\n                                    <picture class=\"more__image\">\n                        <source srcset=\"https:\/\/stiftadmont.at\/wp-content\/uploads\/Stift-Admont-Panorama_c-Stift-Admont-1-1024x460.webp\" type=\"image\/webp\">\n                        <source srcset=\"https:\/\/stiftadmont.at\/wp-content\/uploads\/Stift-Admont-Panorama_c-Stift-Admont-1-1024x460.jpg\" type=\"image\/jpeg\">\n                        <img decoding=\"async\" loading=\"lazy\" src=\"https:\/\/stiftadmont.at\/wp-content\/uploads\/Stift-Admont-Panorama_c-Stift-Admont-1-1024x460.jpg\" alt=\"Abad\u00eda benedictina de Admont - Panorama (c) Stefan Leitner\" \/>\n                    <\/picture>\n                            <\/div>\n            <div class=\"more__content\">\n                <div class=\"more__title--container\">\n                                            \n                                                                            \n                        <p class=\"text-bold text-white text--serif text--26\">Edici\u00f3n de 2014<\/p>\n                                                            <\/div>\n                                    <div class=\"more__cta\">\n                        <i class=\"fa-thin fa-chevron-right\"><\/i>\n                    <\/div>\n                            <\/div>\n        <\/a>\n                    <a class=\"more__link\" href=\"https:\/\/stiftadmont.at\/es\/archivo-fundacion-revista-pax\/edicion-de-2015\/\">\n            <div class=\"more__media\">\n                                    <picture class=\"more__image\">\n                        <source srcset=\"https:\/\/stiftadmont.at\/wp-content\/uploads\/Kuenstlerische-Intervention-Goetz-Bury-Galadiner-Made-for-Admont-2015_www-1024x683.webp\" type=\"image\/webp\">\n                        <source srcset=\"https:\/\/stiftadmont.at\/wp-content\/uploads\/Kuenstlerische-Intervention-Goetz-Bury-Galadiner-Made-for-Admont-2015_www-1024x683.jpg\" type=\"image\/jpeg\">\n                        <img decoding=\"async\" loading=\"lazy\" src=\"https:\/\/stiftadmont.at\/wp-content\/uploads\/Kuenstlerische-Intervention-Goetz-Bury-Galadiner-Made-for-Admont-2015_www-1024x683.jpg\" alt=\"Intervenci\u00f3n art\u00edstica Goetz Bury Cena de gala Made for Admont 2015 www\" \/>\n                    <\/picture>\n                            <\/div>\n            <div class=\"more__content\">\n                <div class=\"more__title--container\">\n                                            \n                                                                            \n                        <p class=\"text-bold text-white text--serif text--26\">Edici\u00f3n de 2015<\/p>\n                                                            <\/div>\n                                    <div class=\"more__cta\">\n                        <i class=\"fa-thin fa-chevron-right\"><\/i>\n                    <\/div>\n                            <\/div>\n        <\/a>\n    \n<\/div>\n\n<\/section>","protected":false},"excerpt":{"rendered":"","protected":false},"author":7,"featured_media":0,"parent":36352,"menu_order":0,"comment_status":"closed","ping_status":"closed","template":"","meta":{"_acf_changed":false,"footnotes":""},"categories":[],"class_list":["post-36466","page","type-page","status-publish","hentry"],"acf":[],"yoast_head":"<!-- This site is optimized with the Yoast SEO Premium plugin v26.0 (Yoast SEO v26.8) - https:\/\/yoast.com\/product\/yoast-seo-premium-wordpress\/ -->\n<title>PAX Ausgaben 2011 \u2013 2015 - Stift Admont<\/title>\n<meta name=\"robots\" content=\"index, follow, max-snippet:-1, max-image-preview:large, max-video-preview:-1\" \/>\n<link rel=\"canonical\" href=\"https:\/\/stiftadmont.at\/es\/archivo-fundacion-revista-pax\/gastos-2011-2015\/\" \/>\n<meta property=\"og:locale\" content=\"es_ES\" \/>\n<meta property=\"og:type\" content=\"article\" \/>\n<meta property=\"og:title\" content=\"PAX Ausgaben 2011 \u2013 2015\" \/>\n<meta property=\"og:url\" content=\"https:\/\/stiftadmont.at\/es\/archivo-fundacion-revista-pax\/gastos-2011-2015\/\" \/>\n<meta property=\"og:site_name\" content=\"Stift Admont\" \/>\n<meta property=\"article:modified_time\" content=\"2025-07-18T07:32:02+00:00\" \/>\n<meta property=\"og:image\" content=\"https:\/\/stiftadmont.at\/wp-content\/uploads\/Klosteranlage-innen.jpg\" \/>\n\t<meta property=\"og:image:width\" content=\"1912\" \/>\n\t<meta property=\"og:image:height\" content=\"1188\" \/>\n\t<meta property=\"og:image:type\" content=\"image\/jpeg\" \/>\n<meta name=\"twitter:card\" content=\"summary_large_image\" \/>\n<script type=\"application\/ld+json\" class=\"yoast-schema-graph\">{\"@context\":\"https:\/\/schema.org\",\"@graph\":[{\"@type\":\"WebPage\",\"@id\":\"https:\/\/stiftadmont.at\/archiv-stiftisches-magazin-pax\/ausgaben-2011-2015\/\",\"url\":\"https:\/\/stiftadmont.at\/archiv-stiftisches-magazin-pax\/ausgaben-2011-2015\/\",\"name\":\"PAX Ausgaben 2011 \u2013 2015 - Stift Admont\",\"isPartOf\":{\"@id\":\"https:\/\/stiftadmont.at\/#website\"},\"datePublished\":\"2025-07-15T12:20:19+00:00\",\"dateModified\":\"2025-07-18T07:32:02+00:00\",\"breadcrumb\":{\"@id\":\"https:\/\/stiftadmont.at\/archiv-stiftisches-magazin-pax\/ausgaben-2011-2015\/#breadcrumb\"},\"inLanguage\":\"es\",\"potentialAction\":[{\"@type\":\"ReadAction\",\"target\":[\"https:\/\/stiftadmont.at\/archiv-stiftisches-magazin-pax\/ausgaben-2011-2015\/\"]}]},{\"@type\":\"BreadcrumbList\",\"@id\":\"https:\/\/stiftadmont.at\/archiv-stiftisches-magazin-pax\/ausgaben-2011-2015\/#breadcrumb\",\"itemListElement\":[{\"@type\":\"ListItem\",\"position\":1,\"name\":\"Start\",\"item\":\"https:\/\/stiftadmont.at\/\"},{\"@type\":\"ListItem\",\"position\":2,\"name\":\"Archiv &quot;PAX Stift Admont&quot;\",\"item\":\"https:\/\/stiftadmont.at\/archiv-stiftisches-magazin-pax\/\"},{\"@type\":\"ListItem\",\"position\":3,\"name\":\"PAX Ausgaben 2011 \u2013 2015\"}]},{\"@type\":\"WebSite\",\"@id\":\"https:\/\/stiftadmont.at\/#website\",\"url\":\"https:\/\/stiftadmont.at\/\",\"name\":\"Stift Admont\",\"description\":\"Benediktinerkloster und Sehensw\u00fcrdigkeit im Ges\u00e4use\",\"potentialAction\":[{\"@type\":\"SearchAction\",\"target\":{\"@type\":\"EntryPoint\",\"urlTemplate\":\"https:\/\/stiftadmont.at\/?s={search_term_string}\"},\"query-input\":{\"@type\":\"PropertyValueSpecification\",\"valueRequired\":true,\"valueName\":\"search_term_string\"}}],\"inLanguage\":\"es\"}]}<\/script>\n<!-- \/ Yoast SEO Premium plugin. -->","yoast_head_json":{"title":"Ediciones PAX 2011 - 2015 - Abad\u00eda de Admont","robots":{"index":"index","follow":"follow","max-snippet":"max-snippet:-1","max-image-preview":"max-image-preview:large","max-video-preview":"max-video-preview:-1"},"canonical":"https:\/\/stiftadmont.at\/es\/archivo-fundacion-revista-pax\/gastos-2011-2015\/","og_locale":"es_ES","og_type":"article","og_title":"PAX Ausgaben 2011 \u2013 2015","og_url":"https:\/\/stiftadmont.at\/es\/archivo-fundacion-revista-pax\/gastos-2011-2015\/","og_site_name":"Stift Admont","article_modified_time":"2025-07-18T07:32:02+00:00","og_image":[{"width":1912,"height":1188,"url":"https:\/\/stiftadmont.at\/wp-content\/uploads\/Klosteranlage-innen.jpg","type":"image\/jpeg"}],"twitter_card":"summary_large_image","schema":{"@context":"https:\/\/schema.org","@graph":[{"@type":"WebPage","@id":"https:\/\/stiftadmont.at\/archiv-stiftisches-magazin-pax\/ausgaben-2011-2015\/","url":"https:\/\/stiftadmont.at\/archiv-stiftisches-magazin-pax\/ausgaben-2011-2015\/","name":"Ediciones PAX 2011 - 2015 - Abad\u00eda de Admont","isPartOf":{"@id":"https:\/\/stiftadmont.at\/#website"},"datePublished":"2025-07-15T12:20:19+00:00","dateModified":"2025-07-18T07:32:02+00:00","breadcrumb":{"@id":"https:\/\/stiftadmont.at\/archiv-stiftisches-magazin-pax\/ausgaben-2011-2015\/#breadcrumb"},"inLanguage":"es","potentialAction":[{"@type":"ReadAction","target":["https:\/\/stiftadmont.at\/archiv-stiftisches-magazin-pax\/ausgaben-2011-2015\/"]}]},{"@type":"BreadcrumbList","@id":"https:\/\/stiftadmont.at\/archiv-stiftisches-magazin-pax\/ausgaben-2011-2015\/#breadcrumb","itemListElement":[{"@type":"ListItem","position":1,"name":"Start","item":"https:\/\/stiftadmont.at\/"},{"@type":"ListItem","position":2,"name":"Archiv &quot;PAX Stift Admont&quot;","item":"https:\/\/stiftadmont.at\/archiv-stiftisches-magazin-pax\/"},{"@type":"ListItem","position":3,"name":"PAX Ausgaben 2011 \u2013 2015"}]},{"@type":"WebSite","@id":"https:\/\/stiftadmont.at\/#website","url":"https:\/\/stiftadmont.at\/","name":"Abad\u00eda de Admont","description":"Monasterio benedictino y atracci\u00f3n tur\u00edstica en el Ges\u00e4use","potentialAction":[{"@type":"SearchAction","target":{"@type":"EntryPoint","urlTemplate":"https:\/\/stiftadmont.at\/?s={search_term_string}"},"query-input":{"@type":"PropertyValueSpecification","valueRequired":true,"valueName":"search_term_string"}}],"inLanguage":"es"}]}},"_links":{"self":[{"href":"https:\/\/stiftadmont.at\/es\/wp-json\/wp\/v2\/pages\/36466","targetHints":{"allow":["GET"]}}],"collection":[{"href":"https:\/\/stiftadmont.at\/es\/wp-json\/wp\/v2\/pages"}],"about":[{"href":"https:\/\/stiftadmont.at\/es\/wp-json\/wp\/v2\/types\/page"}],"author":[{"embeddable":true,"href":"https:\/\/stiftadmont.at\/es\/wp-json\/wp\/v2\/users\/7"}],"replies":[{"embeddable":true,"href":"https:\/\/stiftadmont.at\/es\/wp-json\/wp\/v2\/comments?post=36466"}],"version-history":[{"count":7,"href":"https:\/\/stiftadmont.at\/es\/wp-json\/wp\/v2\/pages\/36466\/revisions"}],"predecessor-version":[{"id":36824,"href":"https:\/\/stiftadmont.at\/es\/wp-json\/wp\/v2\/pages\/36466\/revisions\/36824"}],"up":[{"embeddable":true,"href":"https:\/\/stiftadmont.at\/es\/wp-json\/wp\/v2\/pages\/36352"}],"wp:attachment":[{"href":"https:\/\/stiftadmont.at\/es\/wp-json\/wp\/v2\/media?parent=36466"}],"wp:term":[{"taxonomy":"category","embeddable":true,"href":"https:\/\/stiftadmont.at\/es\/wp-json\/wp\/v2\/categories?post=36466"}],"curies":[{"name":"wp","href":"https:\/\/api.w.org\/{rel}","templated":true}]}}