{"id":36582,"date":"2025-07-16T10:54:23","date_gmt":"2025-07-16T08:54:23","guid":{"rendered":"https:\/\/stiftadmont.at\/?page_id=36582"},"modified":"2025-07-16T10:54:28","modified_gmt":"2025-07-16T08:54:28","slug":"numero-2023","status":"publish","type":"page","link":"https:\/\/stiftadmont.at\/es\/archiv-museumszeitungen\/ausgabe-2023\/","title":{"rendered":"Peri\u00f3dico del Museo 2023"},"content":{"rendered":"<section id='lightpress__section--block_07a91a8ba0bc102018afafcb57e828bc' class='align-center lightpress__section--default-section-space lightpress__section lightpress__section--headline'><div class=\"headline__container\">\n            <h2 class=\"headline text--40 text-medium line line--gold line-above line-middle\">Archivo de los peri\u00f3dicos del museo de la Abad\u00eda de Admont - N\u00famero 2023<\/h2>\n        <p class=\"text-center text-gold text--20 text-medium text--uppercase\">Sum\u00e9rjase en la historia de nuestro museo: descubra los momentos m\u00e1s destacados y la evoluci\u00f3n de la hemeroteca digital.<\/p>\n        <div class=\"spacer--40\"><\/div>\n<\/div>\n\n<\/section>\n\n<section id='lightpress__section--block_8007cf33c166f6f7050caea7fc0520fa' class='lightpress__section--default-section-space lightpress__section lightpress__section--content'><div class=\"content__inner\"\n         x-init=\"initContentBlockAnim($el)\">\n        \n    <div class=\"content__grid content__grid\">\n                                            <div class=\"content__box content__box--one-hundred\"\n                 style=\"\">\n                                \n                \n                                            <div class=\"prose\"><div class=\"_df_book df-lite\" id=\"df_36583\"  _slug=\"museumszeitung-2023-2\" data-title=\"museumszeitung-2023\" wpoptions=\"true\" thumbtype=\"\" ><\/div><script class=\"df-shortcode-script\" nowprocket type=\"application\/javascript\">window.option_df_36583 = {\"outline\":[],\"autoEnableOutline\":\"false\",\"autoEnableThumbnail\":\"false\",\"overwritePDFOutline\":\"false\",\"direction\":\"1\",\"pageSize\":\"0\",\"source\":\"https:\\\/\\\/stiftadmont.at\\\/wp-content\\\/uploads\\\/STIFT_Museumszeitung_2023_DS.pdf\",\"wpOptions\":\"true\"}; if(window.DFLIP && window.DFLIP.parseBooks){window.DFLIP.parseBooks();}<\/script>\n<\/div>\n                    \n                            <\/div>\n        \n            <\/div>\n<\/div>\n\n<\/section>\n\n<section id='lightpress__section--block_c246413b4f243f2c252ca69594309d86' class='align-center lightpress__section--default-section-space lightpress__section lightpress__section--headline'><div class=\"headline__container\">\n            <h2 class=\"headline text--40 text-medium line line--gold line-above line-middle\">Programa anual 2023 de la Abad\u00eda de Admont <\/h2>\n        <p class=\"text-center text-gold text--20 text-medium text--uppercase\">A continuaci\u00f3n encontrar\u00e1 el programa anual con toda la informaci\u00f3n sobre el museo y los actos de 2023<\/p>\n        <div class=\"spacer--40\"><\/div>\n<\/div>\n\n<\/section>\n\n<section id='lightpress__section--block_e9752f5929f80595169432f50cd20917' class='lightpress__section--default-section-space lightpress__section lightpress__section--content'><div class=\"content__inner\"\n         x-init=\"initContentBlockAnim($el)\">\n        \n    <div class=\"content__grid content__grid\">\n                                            <div class=\"content__box content__box--one-hundred\"\n                 style=\"\">\n                                \n                \n                                            <div class=\"prose\"><div class=\"_df_book df-lite\" id=\"df_36586\"  _slug=\"jahresprogramm-2023\" data-title=\"jahresprogramm-2023\" wpoptions=\"true\" thumbtype=\"\" ><\/div><script class=\"df-shortcode-script\" nowprocket type=\"application\/javascript\">window.option_df_36586 = {\"outline\":[],\"autoEnableOutline\":\"false\",\"autoEnableThumbnail\":\"false\",\"overwritePDFOutline\":\"false\",\"direction\":\"1\",\"pageSize\":\"0\",\"source\":\"https:\\\/\\\/stiftadmont.at\\\/wp-content\\\/uploads\\\/Jahresprogramm-2023_A5-quer_web.pdf\",\"wpOptions\":\"true\"}; if(window.DFLIP && window.DFLIP.parseBooks){window.DFLIP.parseBooks();}<\/script>\n<\/div>\n                    \n                            <\/div>\n        \n            <\/div>\n<\/div>\n\n<\/section>","protected":false},"excerpt":{"rendered":"","protected":false},"author":7,"featured_media":0,"parent":36563,"menu_order":0,"comment_status":"closed","ping_status":"closed","template":"","meta":{"_acf_changed":false,"footnotes":""},"categories":[],"class_list":["post-36582","page","type-page","status-publish","hentry"],"acf":[],"yoast_head":"<!-- This site is optimized with the Yoast SEO Premium plugin v26.0 (Yoast SEO v26.8) - https:\/\/yoast.com\/product\/yoast-seo-premium-wordpress\/ -->\n<title>Museumszeitung 2023 - Stift Admont<\/title>\n<meta name=\"robots\" content=\"index, follow, max-snippet:-1, max-image-preview:large, max-video-preview:-1\" \/>\n<link rel=\"canonical\" href=\"https:\/\/stiftadmont.at\/es\/archivo-museo-periodicos\/numero-2023\/\" \/>\n<meta property=\"og:locale\" content=\"es_ES\" \/>\n<meta property=\"og:type\" content=\"article\" \/>\n<meta property=\"og:title\" content=\"Museumszeitung 2023\" \/>\n<meta property=\"og:url\" content=\"https:\/\/stiftadmont.at\/es\/archivo-museo-periodicos\/numero-2023\/\" \/>\n<meta property=\"og:site_name\" content=\"Stift Admont\" \/>\n<meta property=\"article:modified_time\" content=\"2025-07-16T08:54:28+00:00\" \/>\n<meta property=\"og:image\" content=\"https:\/\/stiftadmont.at\/wp-content\/uploads\/Klosteranlage-innen.jpg\" \/>\n\t<meta property=\"og:image:width\" content=\"1912\" \/>\n\t<meta property=\"og:image:height\" content=\"1188\" \/>\n\t<meta property=\"og:image:type\" content=\"image\/jpeg\" \/>\n<meta name=\"twitter:card\" content=\"summary_large_image\" \/>\n<script type=\"application\/ld+json\" class=\"yoast-schema-graph\">{\"@context\":\"https:\/\/schema.org\",\"@graph\":[{\"@type\":\"WebPage\",\"@id\":\"https:\/\/stiftadmont.at\/archiv-museumszeitungen\/ausgabe-2023\/\",\"url\":\"https:\/\/stiftadmont.at\/archiv-museumszeitungen\/ausgabe-2023\/\",\"name\":\"Museumszeitung 2023 - Stift Admont\",\"isPartOf\":{\"@id\":\"https:\/\/stiftadmont.at\/#website\"},\"datePublished\":\"2025-07-16T08:54:23+00:00\",\"dateModified\":\"2025-07-16T08:54:28+00:00\",\"breadcrumb\":{\"@id\":\"https:\/\/stiftadmont.at\/archiv-museumszeitungen\/ausgabe-2023\/#breadcrumb\"},\"inLanguage\":\"es\",\"potentialAction\":[{\"@type\":\"ReadAction\",\"target\":[\"https:\/\/stiftadmont.at\/archiv-museumszeitungen\/ausgabe-2023\/\"]}]},{\"@type\":\"BreadcrumbList\",\"@id\":\"https:\/\/stiftadmont.at\/archiv-museumszeitungen\/ausgabe-2023\/#breadcrumb\",\"itemListElement\":[{\"@type\":\"ListItem\",\"position\":1,\"name\":\"Start\",\"item\":\"https:\/\/stiftadmont.at\/\"},{\"@type\":\"ListItem\",\"position\":2,\"name\":\"Archiv der Museumszeitungen des Stiftes Admont\",\"item\":\"https:\/\/stiftadmont.at\/archiv-museumszeitungen\/\"},{\"@type\":\"ListItem\",\"position\":3,\"name\":\"Museumszeitung 2023\"}]},{\"@type\":\"WebSite\",\"@id\":\"https:\/\/stiftadmont.at\/#website\",\"url\":\"https:\/\/stiftadmont.at\/\",\"name\":\"Stift Admont\",\"description\":\"Benediktinerkloster und Sehensw\u00fcrdigkeit im Ges\u00e4use\",\"potentialAction\":[{\"@type\":\"SearchAction\",\"target\":{\"@type\":\"EntryPoint\",\"urlTemplate\":\"https:\/\/stiftadmont.at\/?s={search_term_string}\"},\"query-input\":{\"@type\":\"PropertyValueSpecification\",\"valueRequired\":true,\"valueName\":\"search_term_string\"}}],\"inLanguage\":\"es\"}]}<\/script>\n<!-- \/ Yoast SEO Premium plugin. -->","yoast_head_json":{"title":"Peri\u00f3dico del Museo 2023 - Abad\u00eda de Admont","robots":{"index":"index","follow":"follow","max-snippet":"max-snippet:-1","max-image-preview":"max-image-preview:large","max-video-preview":"max-video-preview:-1"},"canonical":"https:\/\/stiftadmont.at\/es\/archivo-museo-periodicos\/numero-2023\/","og_locale":"es_ES","og_type":"article","og_title":"Museumszeitung 2023","og_url":"https:\/\/stiftadmont.at\/es\/archivo-museo-periodicos\/numero-2023\/","og_site_name":"Stift Admont","article_modified_time":"2025-07-16T08:54:28+00:00","og_image":[{"width":1912,"height":1188,"url":"https:\/\/stiftadmont.at\/wp-content\/uploads\/Klosteranlage-innen.jpg","type":"image\/jpeg"}],"twitter_card":"summary_large_image","schema":{"@context":"https:\/\/schema.org","@graph":[{"@type":"WebPage","@id":"https:\/\/stiftadmont.at\/archiv-museumszeitungen\/ausgabe-2023\/","url":"https:\/\/stiftadmont.at\/archiv-museumszeitungen\/ausgabe-2023\/","name":"Peri\u00f3dico del Museo 2023 - Abad\u00eda de Admont","isPartOf":{"@id":"https:\/\/stiftadmont.at\/#website"},"datePublished":"2025-07-16T08:54:23+00:00","dateModified":"2025-07-16T08:54:28+00:00","breadcrumb":{"@id":"https:\/\/stiftadmont.at\/archiv-museumszeitungen\/ausgabe-2023\/#breadcrumb"},"inLanguage":"es","potentialAction":[{"@type":"ReadAction","target":["https:\/\/stiftadmont.at\/archiv-museumszeitungen\/ausgabe-2023\/"]}]},{"@type":"BreadcrumbList","@id":"https:\/\/stiftadmont.at\/archiv-museumszeitungen\/ausgabe-2023\/#breadcrumb","itemListElement":[{"@type":"ListItem","position":1,"name":"Start","item":"https:\/\/stiftadmont.at\/"},{"@type":"ListItem","position":2,"name":"Archiv der Museumszeitungen des Stiftes Admont","item":"https:\/\/stiftadmont.at\/archiv-museumszeitungen\/"},{"@type":"ListItem","position":3,"name":"Museumszeitung 2023"}]},{"@type":"WebSite","@id":"https:\/\/stiftadmont.at\/#website","url":"https:\/\/stiftadmont.at\/","name":"Abad\u00eda de Admont","description":"Monasterio benedictino y atracci\u00f3n tur\u00edstica en el Ges\u00e4use","potentialAction":[{"@type":"SearchAction","target":{"@type":"EntryPoint","urlTemplate":"https:\/\/stiftadmont.at\/?s={search_term_string}"},"query-input":{"@type":"PropertyValueSpecification","valueRequired":true,"valueName":"search_term_string"}}],"inLanguage":"es"}]}},"_links":{"self":[{"href":"https:\/\/stiftadmont.at\/es\/wp-json\/wp\/v2\/pages\/36582","targetHints":{"allow":["GET"]}}],"collection":[{"href":"https:\/\/stiftadmont.at\/es\/wp-json\/wp\/v2\/pages"}],"about":[{"href":"https:\/\/stiftadmont.at\/es\/wp-json\/wp\/v2\/types\/page"}],"author":[{"embeddable":true,"href":"https:\/\/stiftadmont.at\/es\/wp-json\/wp\/v2\/users\/7"}],"replies":[{"embeddable":true,"href":"https:\/\/stiftadmont.at\/es\/wp-json\/wp\/v2\/comments?post=36582"}],"version-history":[{"count":2,"href":"https:\/\/stiftadmont.at\/es\/wp-json\/wp\/v2\/pages\/36582\/revisions"}],"predecessor-version":[{"id":36590,"href":"https:\/\/stiftadmont.at\/es\/wp-json\/wp\/v2\/pages\/36582\/revisions\/36590"}],"up":[{"embeddable":true,"href":"https:\/\/stiftadmont.at\/es\/wp-json\/wp\/v2\/pages\/36563"}],"wp:attachment":[{"href":"https:\/\/stiftadmont.at\/es\/wp-json\/wp\/v2\/media?parent=36582"}],"wp:term":[{"taxonomy":"category","embeddable":true,"href":"https:\/\/stiftadmont.at\/es\/wp-json\/wp\/v2\/categories?post=36582"}],"curies":[{"name":"wp","href":"https:\/\/api.w.org\/{rel}","templated":true}]}}